{"id":1689,"date":"2015-05-20T17:04:53","date_gmt":"2015-05-20T21:04:53","guid":{"rendered":"http:\/\/naturegalapagos.com\/es\/cruceros-galapagos\/crucero-xavier-galapagos"},"modified":"2024-12-17T11:41:49","modified_gmt":"2024-12-17T16:41:49","slug":"cruceros-galapagos-crucero-san-jose","status":"publish","type":"product","link":"https:\/\/naturegalapagos.com\/es\/cruceros-galapagos\/crucero-galapagos-san-jose\/","title":{"rendered":"Crucero Gal\u00e1pagos San Jos\u00e9"},"content":{"rendered":"<div class=\"wpb-content-wrapper\"><div style=\"display: flex; justify-content: end; margin-bottom: 10px;\"><a href=\"https:\/\/naturegalapagos.com\/es\/ofertas-de-viajes\/\" target=\"_blank\" rel=\"noopener\"><img decoding=\"async\" src=\"https:\/\/naturegalapagos.com\/es\/wp-content\/uploads\/sites\/3\/2019\/11\/las-minute-deals-gif_Final_espa\u00f1ol.gif\" width=\"227.5\" height=\"77.25\" \/><\/a><\/div>\n<h2><span style=\"font-family: arial, helvetica, sans-serif;\"><strong>D<\/strong><strong>escripci\u00f3n del Crucero Gal\u00e1pagos San Jos\u00e9<\/strong><strong>:<\/strong><\/span><\/h2>\n<p style=\"text-align: justify;\"><span style=\"font-family: arial, helvetica, sans-serif;\">Este <strong>crucero Gal\u00e1pagos San Jos\u00e9<\/strong> de clase Turista Superior a motor ofrece una atmosfera c\u00f3moda y placentera para peque\u00f1os grupos de hasta 16 hu\u00e9spedes. As\u00ed mismo cuenta con los mejores est\u00e1ndares de seguridad y servicio, verdaderamente uno de los m\u00e1s agradables para navegar las Islas Encantadas!<\/span><\/p>\n<p><!--more--><\/p>\n<h3><span style=\"font-family: arial, helvetica, sans-serif;\"><span style=\"font-size: 20px;\"><strong>C<\/strong><\/span><strong>aracter\u00edsticas principales<\/strong><\/span><\/h3>\n<ul>\n<li style=\"text-align: justify;\"><span style=\"font-family: arial, helvetica, sans-serif;\">Las cabinas est\u00e1n localizadas en la parte media superior del yate, lejos de la c\u00e1mara del motor del crucero.<\/span><\/li>\n<li style=\"text-align: justify;\"><span style=\"font-family: arial, helvetica, sans-serif;\">Las cabinas del Crucero Gal\u00e1pagos San Jos\u00e9 son muy amplias con dimensiones de aproximadamente 2,50\u00a0x\u00a05,80\u00a0m. (8 x 19 pies), incluyendo el ba\u00f1o privado.<\/span><\/li>\n<li style=\"text-align: justify;\"><span style=\"font-family: arial, helvetica, sans-serif;\">Camas bajas dobles (convertible en cama doble)<\/span><\/li>\n<\/ul>\n<h3 style=\"text-align: justify;\"><span style=\"font-family: arial, helvetica, sans-serif; font-size: 20px;\"><strong>Cabinas en el crucero San Jos\u00e9<\/strong><\/span><\/h3>\n<ul style=\"list-style-type: square;\">\n<li style=\"text-align: justify;\"><span style=\"font-family: arial, helvetica, sans-serif;\">4 cabinas con camas bajas ubicadas en la cubierta principal.<\/span><\/li>\n<li style=\"text-align: justify;\"><span style=\"font-family: arial, helvetica, sans-serif;\">4 cabinas con camas bajas ubicadas en la cubierta principal.<br \/>\n<\/span><\/li>\n<li style=\"text-align: justify;\"><span style=\"font-family: arial, helvetica, sans-serif;\">Algunas de las cabinas pueden ser transformadas en cabinas con camas matrimoniales. Todas las cabinas tienen ba\u00f1o privado con agua caliente y retrete.<\/span><\/li>\n<\/ul>\n<h3 style=\"text-align: justify;\"><span style=\"font-family: arial, helvetica, sans-serif; font-size: 20px;\"><strong>Tripulaci\u00f3n:<\/strong><\/span><\/h3>\n<p style=\"text-align: justify;\"><span style=\"font-family: arial, helvetica, sans-serif;\">8 + 1 experto gu\u00eda naturalista biling\u00fce<\/span><\/p>\n<h3 style=\"text-align: justify;\"><span style=\"font-family: arial, helvetica, sans-serif; font-size: 20px;\"><strong>\u00c1reas Sociales:<\/strong><\/span><\/h3>\n<ul style=\"list-style-type: square;\">\n<li style=\"text-align: justify;\"><span style=\"font-family: arial, helvetica, sans-serif;\">2 Sol\u00e1rium (1 semi cubierto en la cubierta principal y otro parcialmente cubierto en la cubierta superior), comedor, sala de estar con TV, DVD y bar.<\/span><\/li>\n<\/ul>\n<p style=\"text-align: justify;\"><span style=\"font-family: arial, helvetica, sans-serif;\">A bordo del <strong>Crucero Gal\u00e1pagos San Jos\u00e9<\/strong> de seguro disfrutara de las \u00e1reas sociales con una gran vista al oc\u00e9ano. Por otro lado, nuestro sol\u00e1rium es el lugar perfecto para los que desean estar cerca de la biodiversidad marina, encontraremos diferentes especies de ballenas y delfines! o mirar lo mas rom\u00e1nticos atardeceres tomando relajantes ba\u00f1os de sol.<\/span><\/p>\n<p style=\"text-align: justify;\"><span style=\"font-family: arial, helvetica, sans-serif;\">Nuestro Chef preparara la mescla ideal de cocina local e internacional servida en un increible buffet. Tambi\u00e9n tenemos platos vegetarianos y dietas individuales. As\u00ed mismo, la sala de estar ofrece un c\u00e1lido lugar para la relajacion, lectura o disfrutar de ul deicioso cocktail preparadado por nuestro bartder.<\/span><\/p>\n<table border=\"0\" cellspacing=\"0\" cellpadding=\"0\" align=\"center\">\n<thead>\n<tr style=\"background-color: #e6e6e6;\">\n<th colspan=\"2\" align=\"center\"><span style=\"font-family: arial, helvetica, sans-serif;\"><strong><\/strong><strong>Especificaciones T\u00e9cnicas<\/strong> <\/span><\/th>\n<\/tr>\n<\/thead>\n<tbody>\n<tr>\n<td><span style=\"font-family: arial, helvetica, sans-serif;\"><strong>Tipo<\/strong><\/span><\/td>\n<td><span style=\"font-family: arial, helvetica, sans-serif;\">Yate a motor<\/span><\/td>\n<\/tr>\n<tr>\n<td><span style=\"font-family: arial, helvetica, sans-serif;\"><strong>Clase<\/strong><\/span><\/td>\n<td><span style=\"font-family: arial, helvetica, sans-serif;\">Turista Superior<\/span><\/td>\n<\/tr>\n<tr>\n<td><span style=\"font-family: arial, helvetica, sans-serif;\"><strong>A\u00f1o<\/strong><\/span><\/td>\n<td><span style=\"font-family: arial, helvetica, sans-serif;\">Guayaquil, 2004<\/span><\/td>\n<\/tr>\n<tr>\n<td><span style=\"font-family: arial, helvetica, sans-serif;\"><strong>Capacidad<\/strong><\/span><\/td>\n<td><span style=\"font-family: arial, helvetica, sans-serif;\">16 pasajeros<\/span><\/td>\n<\/tr>\n<tr>\n<td><span style=\"font-family: arial, helvetica, sans-serif;\"><strong>Longitud<\/strong><\/span><\/td>\n<td><span style=\"font-family: arial, helvetica, sans-serif;\">113 pies \/ 34m<\/span><\/td>\n<\/tr>\n<tr>\n<td><span style=\"font-family: arial, helvetica, sans-serif;\"><strong>Viga<\/strong><\/span><\/td>\n<td><span style=\"font-family: arial, helvetica, sans-serif;\">25.30 pies \/ 7.60 m<\/span><\/td>\n<\/tr>\n<tr>\n<td><span style=\"font-family: arial, helvetica, sans-serif;\"><strong>Velocidad<\/strong><\/span><\/td>\n<td><span style=\"font-family: arial, helvetica, sans-serif;\">10 nudos<\/span><\/td>\n<\/tr>\n<tr>\n<td><span style=\"font-family: arial, helvetica, sans-serif;\"><strong>Motores<\/strong><\/span><\/td>\n<td><span style=\"font-family: arial, helvetica, sans-serif;\">2 Motores Detroit \u2013 360 HP<\/span><\/td>\n<\/tr>\n<tr>\n<td><span style=\"font-family: arial, helvetica, sans-serif;\"><strong>Generadores<\/strong><\/span><\/td>\n<td><span style=\"font-family: arial, helvetica, sans-serif;\">2 Generadores \u2013 75 Kva cada uno<\/span><\/td>\n<\/tr>\n<tr>\n<td><span style=\"font-family: arial, helvetica, sans-serif;\"><strong>Poder El\u00e9ctrico<br \/>\n<\/strong><\/span><\/td>\n<td><span style=\"font-family: arial, helvetica, sans-serif;\">110 V \/ 220 V<\/span><\/td>\n<\/tr>\n<tr>\n<td><span style=\"font-family: arial, helvetica, sans-serif;\"><strong>Equipo de Seguridad<br \/>\n<\/strong><\/span><\/td>\n<td style=\"text-align: justify;\"><span style=\"font-family: arial, helvetica, sans-serif;\">Tel\u00e9fono Satellite , Radio Marino VHF\/UHF, radar, GPS, 2 balsas zodiac, alarma contra incendios, equipo completo de radio y seguridad.<\/span><\/td>\n<\/tr>\n<tr style=\"text-align: justify;\">\n<td><span style=\"font-family: arial, helvetica, sans-serif;\"><strong>\u00c1reas Sociales<br \/>\n<\/strong><\/span><\/td>\n<td><span style=\"font-family: arial, helvetica, sans-serif;\">2 sol\u00e1riums (cubierto y descubierto), comedor, sala de estar, bar, TV, DVD.<\/span><\/td>\n<\/tr>\n<tr>\n<td style=\"text-align: justify;\"><span style=\"font-family: arial, helvetica, sans-serif;\"><strong>Tripulaci\u00f3n<\/strong><\/span><\/td>\n<td style=\"text-align: justify;\"><span style=\"font-family: arial, helvetica, sans-serif;\">8 experimentados, entrenados y certificados IMO\u00a0 (International Marine Organization):<\/span><br \/>\n<span style=\"font-family: arial, helvetica, sans-serif;\"> Capit\u00e1n, 2 marineros, maquinista, chef, ayudante de cocina, bartender y ama de casa.<\/span><\/td>\n<\/tr>\n<\/tbody>\n<\/table>\n<p>&nbsp;<\/p>\n<p>[vc_row][vc_column el_class=&#8221;accocruise&#8221;][vc_column_text]\n<div class=\"panel panel-default accordion__item\">\n\t<div class=\"panel-heading accordion__item__title-wrap\">\n\t\t<h4 class=\"panel-title\">\n\t\t\t<a data-toggle=\"collapse\" data-parent=\"#ataccordion0\" href=\"#ataccordion0_1\" class=\"accordion__item__link collapsed\">Solicite m\u00e1s informaci\u00f3n<\/a>\n\t\t<\/h4>\n\t<\/div>\n\t<div id=\"ataccordion0_1\" class=\"panel-collapse collapse\">\n\t\t<div class=\"panel-body accordion__item__content\">\n<div class=\"ml-embedded\" data-form=\"XvFTdU\"><\/div>\n<\/div>\n\t<\/div>\n<\/div>[\/vc_column_text][\/vc_column][\/vc_row]<\/p>\n<\/div>","protected":false},"excerpt":{"rendered":"<p>Crucero Gal\u00e1pagos San Jos\u00e9 es un lujoso yate que hospeda 16 pasajeros en cabinas dobles, est\u00e1n completamente equipadas. Para m\u00e1s informaci\u00f3n ver aqu\u00ed &#8220;NG&amp;E&#8221;<\/p>\n","protected":false},"featured_media":2087,"comment_status":"open","ping_status":"closed","template":"","meta":{"_joinchat":[]},"product_brand":[],"product_cat":[3599],"product_tag":[],"class_list":{"0":"post-1689","1":"product","2":"type-product","3":"status-publish","4":"has-post-thumbnail","6":"product_cat-sin-categoria","7":"tour_category-cruceros-turista-superior","9":"first","10":"instock","11":"sale","12":"taxable","13":"shipping-taxable","14":"purchasable","15":"product-type-tour"},"yoast_head":"<!-- This site is optimized with the Yoast SEO Premium plugin v25.6 (Yoast SEO v26.1.1) - https:\/\/yoast.com\/wordpress\/plugins\/seo\/ -->\n<title>Crucero Gal\u00e1pagos San Jos\u00e9 | Yate Turista Superior<\/title>\n<meta name=\"description\" content=\"Crucero Gal\u00e1pagos San Jos\u00e9 es un lujoso yate que hospeda 16 pasajeros en cabinas dobles, est\u00e1n completamente equipadas. Para m\u00e1s informaci\u00f3n ver aqu\u00ed &quot;NG&amp;E&quot;\" \/>\n<meta name=\"robots\" content=\"index, follow, max-snippet:-1, max-image-preview:large, max-video-preview:-1\" \/>\n<link rel=\"canonical\" href=\"https:\/\/naturegalapagos.com\/es\/cruceros-galapagos\/crucero-galapagos-san-jose\/\" \/>\n<meta property=\"og:locale\" content=\"es_ES\" \/>\n<meta property=\"og:type\" content=\"article\" \/>\n<meta property=\"og:title\" content=\"Crucero Gal\u00e1pagos San Jos\u00e9 | Yate Turista Superior\" \/>\n<meta property=\"og:description\" content=\"Crucero Gal\u00e1pagos San Jos\u00e9 es un lujoso yate que hospeda 16 pasajeros en cabinas dobles, est\u00e1n completamente equipadas. Para m\u00e1s informaci\u00f3n ver aqu\u00ed &quot;NG&amp;E&quot;\" \/>\n<meta property=\"og:url\" content=\"https:\/\/naturegalapagos.com\/es\/cruceros-galapagos\/crucero-galapagos-san-jose\/\" \/>\n<meta property=\"og:site_name\" content=\"Espa\u00f1ol - Nature Galapagos &amp; Ecuador\" \/>\n<meta property=\"article:publisher\" content=\"https:\/\/www.facebook.com\/naturegalapagosecuador\/\" \/>\n<meta property=\"article:modified_time\" content=\"2024-12-17T16:41:49+00:00\" \/>\n<meta property=\"og:image\" content=\"https:\/\/naturegalapagos.com\/es\/wp-content\/uploads\/sites\/3\/2016\/06\/crucero-galapagos-san-jose.jpg\" \/>\n\t<meta property=\"og:image:width\" content=\"1024\" \/>\n\t<meta property=\"og:image:height\" content=\"512\" \/>\n\t<meta property=\"og:image:type\" content=\"image\/jpeg\" \/>\n<meta name=\"twitter:card\" content=\"summary_large_image\" \/>\n<meta name=\"twitter:title\" content=\"Crucero Gal\u00e1pagos San Jos\u00e9 | Yate Turista Superior\" \/>\n<meta name=\"twitter:description\" content=\"Crucero Gal\u00e1pagos San Jos\u00e9 es un lujoso yate que hospeda 16 pasajeros en cabinas dobles, est\u00e1n completamente equipadas. Para m\u00e1s informaci\u00f3n ver aqu\u00ed &quot;NG&amp;E&quot;\" \/>\n<meta name=\"twitter:site\" content=\"@naturegalapagos\" \/>\n<meta name=\"twitter:label1\" content=\"Tiempo de lectura\" \/>\n\t<meta name=\"twitter:data1\" content=\"3 minutos\" \/>\n<!-- \/ Yoast SEO Premium plugin. -->","yoast_head_json":{"title":"Crucero Gal\u00e1pagos San Jos\u00e9 | Yate Turista Superior","description":"Crucero Gal\u00e1pagos San Jos\u00e9 es un lujoso yate que hospeda 16 pasajeros en cabinas dobles, est\u00e1n completamente equipadas. Para m\u00e1s informaci\u00f3n ver aqu\u00ed \"NG&E\"","robots":{"index":"index","follow":"follow","max-snippet":"max-snippet:-1","max-image-preview":"max-image-preview:large","max-video-preview":"max-video-preview:-1"},"canonical":"https:\/\/naturegalapagos.com\/es\/cruceros-galapagos\/crucero-galapagos-san-jose\/","og_locale":"es_ES","og_type":"article","og_title":"Crucero Gal\u00e1pagos San Jos\u00e9 | Yate Turista Superior","og_description":"Crucero Gal\u00e1pagos San Jos\u00e9 es un lujoso yate que hospeda 16 pasajeros en cabinas dobles, est\u00e1n completamente equipadas. Para m\u00e1s informaci\u00f3n ver aqu\u00ed \"NG&E\"","og_url":"https:\/\/naturegalapagos.com\/es\/cruceros-galapagos\/crucero-galapagos-san-jose\/","og_site_name":"Espa\u00f1ol - Nature Galapagos &amp; Ecuador","article_publisher":"https:\/\/www.facebook.com\/naturegalapagosecuador\/","article_modified_time":"2024-12-17T16:41:49+00:00","og_image":[{"width":1024,"height":512,"url":"https:\/\/naturegalapagos.com\/es\/wp-content\/uploads\/sites\/3\/2016\/06\/crucero-galapagos-san-jose.jpg","type":"image\/jpeg"}],"twitter_card":"summary_large_image","twitter_title":"Crucero Gal\u00e1pagos San Jos\u00e9 | Yate Turista Superior","twitter_description":"Crucero Gal\u00e1pagos San Jos\u00e9 es un lujoso yate que hospeda 16 pasajeros en cabinas dobles, est\u00e1n completamente equipadas. Para m\u00e1s informaci\u00f3n ver aqu\u00ed \"NG&E\"","twitter_site":"@naturegalapagos","twitter_misc":{"Tiempo de lectura":"3 minutos"},"schema":{"@context":"https:\/\/schema.org","@graph":[{"@type":"WebPage","@id":"https:\/\/naturegalapagos.com\/es\/cruceros-galapagos\/crucero-galapagos-san-jose\/","url":"https:\/\/naturegalapagos.com\/es\/cruceros-galapagos\/crucero-galapagos-san-jose\/","name":"Crucero Gal\u00e1pagos San Jos\u00e9 | Yate Turista Superior","isPartOf":{"@id":"https:\/\/naturegalapagos.com\/es\/#website"},"primaryImageOfPage":{"@id":"https:\/\/naturegalapagos.com\/es\/cruceros-galapagos\/crucero-galapagos-san-jose\/#primaryimage"},"image":{"@id":"https:\/\/naturegalapagos.com\/es\/cruceros-galapagos\/crucero-galapagos-san-jose\/#primaryimage"},"thumbnailUrl":"https:\/\/naturegalapagos.com\/es\/wp-content\/uploads\/sites\/3\/2016\/06\/crucero-galapagos-san-jose.jpg","datePublished":"2015-05-20T21:04:53+00:00","dateModified":"2024-12-17T16:41:49+00:00","description":"Crucero Gal\u00e1pagos San Jos\u00e9 es un lujoso yate que hospeda 16 pasajeros en cabinas dobles, est\u00e1n completamente equipadas. Para m\u00e1s informaci\u00f3n ver aqu\u00ed \"NG&E\"","breadcrumb":{"@id":"https:\/\/naturegalapagos.com\/es\/cruceros-galapagos\/crucero-galapagos-san-jose\/#breadcrumb"},"inLanguage":"es","potentialAction":[{"@type":"ReadAction","target":["https:\/\/naturegalapagos.com\/es\/cruceros-galapagos\/crucero-galapagos-san-jose\/"]}]},{"@type":"ImageObject","inLanguage":"es","@id":"https:\/\/naturegalapagos.com\/es\/cruceros-galapagos\/crucero-galapagos-san-jose\/#primaryimage","url":"https:\/\/naturegalapagos.com\/es\/wp-content\/uploads\/sites\/3\/2016\/06\/crucero-galapagos-san-jose.jpg","contentUrl":"https:\/\/naturegalapagos.com\/es\/wp-content\/uploads\/sites\/3\/2016\/06\/crucero-galapagos-san-jose.jpg","width":1024,"height":512,"caption":"Crucero Gal\u00e1pagos San Jos\u00e9"},{"@type":"BreadcrumbList","@id":"https:\/\/naturegalapagos.com\/es\/cruceros-galapagos\/crucero-galapagos-san-jose\/#breadcrumb","itemListElement":[{"@type":"ListItem","position":1,"name":"Home","item":"https:\/\/naturegalapagos.com\/es\/"},{"@type":"ListItem","position":2,"name":"Tienda","item":"https:\/\/naturegalapagos.com\/es\/tienda\/"},{"@type":"ListItem","position":3,"name":"Crucero Gal\u00e1pagos San Jos\u00e9"}]},{"@type":"WebSite","@id":"https:\/\/naturegalapagos.com\/es\/#website","url":"https:\/\/naturegalapagos.com\/es\/","name":"Espa\u00f1ol - Nature Galapagos & Ecuador","description":"","publisher":{"@id":"https:\/\/naturegalapagos.com\/es\/#organization"},"potentialAction":[{"@type":"SearchAction","target":{"@type":"EntryPoint","urlTemplate":"https:\/\/naturegalapagos.com\/es\/?s={search_term_string}"},"query-input":{"@type":"PropertyValueSpecification","valueRequired":true,"valueName":"search_term_string"}}],"inLanguage":"es"},{"@type":"Organization","@id":"https:\/\/naturegalapagos.com\/es\/#organization","name":"Espa\u00f1ol - Nature Galapagos & Ecuador","url":"https:\/\/naturegalapagos.com\/es\/","logo":{"@type":"ImageObject","inLanguage":"es","@id":"https:\/\/naturegalapagos.com\/es\/#\/schema\/logo\/image\/","url":"https:\/\/naturegalapagos.com\/es\/wp-content\/uploads\/sites\/3\/2016\/10\/Nature-Galapagos-Logo-COM-300x300.jpg","contentUrl":"https:\/\/naturegalapagos.com\/es\/wp-content\/uploads\/sites\/3\/2016\/10\/Nature-Galapagos-Logo-COM-300x300.jpg","width":300,"height":300,"caption":"Espa\u00f1ol - Nature Galapagos & Ecuador"},"image":{"@id":"https:\/\/naturegalapagos.com\/es\/#\/schema\/logo\/image\/"},"sameAs":["https:\/\/www.facebook.com\/naturegalapagosecuador\/","https:\/\/x.com\/naturegalapagos","https:\/\/www.instagram.com\/naturegalapagos\/","https:\/\/www.pinterest.com\/Naturegalapagos\/","https:\/\/www.youtube.com\/user\/NatureGalapagosTours"]}]}},"_links":{"self":[{"href":"https:\/\/naturegalapagos.com\/es\/wp-json\/wp\/v2\/product\/1689","targetHints":{"allow":["GET"]}}],"collection":[{"href":"https:\/\/naturegalapagos.com\/es\/wp-json\/wp\/v2\/product"}],"about":[{"href":"https:\/\/naturegalapagos.com\/es\/wp-json\/wp\/v2\/types\/product"}],"replies":[{"embeddable":true,"href":"https:\/\/naturegalapagos.com\/es\/wp-json\/wp\/v2\/comments?post=1689"}],"wp:featuredmedia":[{"embeddable":true,"href":"https:\/\/naturegalapagos.com\/es\/wp-json\/wp\/v2\/media\/2087"}],"wp:attachment":[{"href":"https:\/\/naturegalapagos.com\/es\/wp-json\/wp\/v2\/media?parent=1689"}],"wp:term":[{"taxonomy":"product_brand","embeddable":true,"href":"https:\/\/naturegalapagos.com\/es\/wp-json\/wp\/v2\/product_brand?post=1689"},{"taxonomy":"product_cat","embeddable":true,"href":"https:\/\/naturegalapagos.com\/es\/wp-json\/wp\/v2\/product_cat?post=1689"},{"taxonomy":"product_tag","embeddable":true,"href":"https:\/\/naturegalapagos.com\/es\/wp-json\/wp\/v2\/product_tag?post=1689"}],"curies":[{"name":"wp","href":"https:\/\/api.w.org\/{rel}","templated":true}]}}