{"id":1695,"date":"2024-12-17T11:45:15","date_gmt":"2024-12-17T16:45:15","guid":{"rendered":"http:\/\/naturegalapagos.com\/es\/cruceros-galapagos\/crucero-galapagos-san-jose"},"modified":"2024-12-17T11:46:36","modified_gmt":"2024-12-17T16:46:36","slug":"cruceros-galapagoscrucero-guantanamera-galapagos","status":"publish","type":"product","link":"https:\/\/naturegalapagos.com\/es\/cruceros-galapagos\/crucero-guantanamera-galapagos\/","title":{"rendered":"Crucero Guantanamera Gal\u00e1pagos"},"content":{"rendered":"<div class=\"wpb-content-wrapper\"><div style=\"display: flex; justify-content: end; margin-bottom: 10px;\"><span style=\"font-family: arial, helvetica, sans-serif;\"><a href=\"https:\/\/naturegalapagos.com\/es\/ofertas-de-viajes\/\" target=\"_blank\" rel=\"noopener\"><img decoding=\"async\" src=\"https:\/\/naturegalapagos.com\/es\/wp-content\/uploads\/sites\/3\/2019\/11\/las-minute-deals-gif_Final_espa\u00f1ol.gif\" width=\"227.5\" height=\"77.25\" \/><\/a><\/span><\/div>\n<h2><span style=\"font-size: 24px; font-family: arial, helvetica, sans-serif;\"><strong>D<\/strong><strong>escripci\u00f3n del Crucero Guantanamera Gal\u00e1pagos<\/strong><strong>:<\/strong><\/span><\/h2>\n<p style=\"text-align: justify;\"><span style=\"font-size: 16px; font-family: arial, helvetica, sans-serif;\">El <strong>Crucero Guantanamera Gal\u00e1pagos<\/strong> es un grande y c\u00f3modo yate a motor ideal para navegar por las Islas Encantadas. Adecuado para peque\u00f1os grupos y parejas, este tiene 8 cabinas dobles con ba\u00f1o privado y aire acondicionado. Tiene un elegante comedor y \u00e1reas de relajaci\u00f3n que lo hacen uno de los mejores yates clase Turista Superior en Gal\u00e1pagos.<\/span><\/p>\n<p><span style=\"font-family: arial, helvetica, sans-serif;\"><!--more--><\/span><\/p>\n<h3><span style=\"font-size: 12pt; font-family: arial, helvetica, sans-serif;\"><strong>CARACTER\u00cdSTICAS PRINCIPALES<\/strong><\/span><\/h3>\n<ul>\n<li style=\"text-align: justify;\"><span style=\"font-size: 16px; font-family: arial, helvetica, sans-serif;\">El Crucero Guantanamera Gal\u00e1pagos es un grande y c\u00f3modo yate a motor<\/span><\/li>\n<li style=\"text-align: justify;\"><span style=\"font-size: 16px; font-family: arial, helvetica, sans-serif;\">Tripulaci\u00f3n Experimentada con exquisita comida<\/span><\/li>\n<li style=\"text-align: justify;\"><span style=\"font-size: 16px; font-family: arial, helvetica, sans-serif;\">Ba\u00f1o privado en cada cabina<\/span><\/li>\n<li style=\"text-align: justify;\"><span style=\"font-size: 16px; font-family: arial, helvetica, sans-serif;\">Gu\u00eda naturalista biling\u00fce<\/span><\/li>\n<li style=\"text-align: justify;\"><span style=\"font-size: 16px; font-family: arial, helvetica, sans-serif;\">8 cabinas dobles con cabinas con ba\u00f1o privado y aire acondicionado<\/span><\/li>\n<\/ul>\n<h3 style=\"text-align: justify;\"><span style=\"font-size: 12pt; font-family: arial, helvetica, sans-serif;\"><strong>Cabinas:<\/strong><\/span><\/h3>\n<div class=\"flex max-w-full flex-col flex-grow\">\n<div class=\"min-h-8 text-message flex w-full flex-col items-end gap-2 whitespace-normal break-words text-start [.text-message+&amp;]:mt-5\" dir=\"auto\" data-message-author-role=\"assistant\" data-message-id=\"edc85472-f646-49c0-9bfd-8416ad902997\" data-message-model-slug=\"gpt-4o\">\n<div class=\"flex w-full flex-col gap-1 empty:hidden first:pt-[3px]\">\n<div class=\"markdown prose w-full break-words dark:prose-invert dark\">\n<p><span style=\"font-family: arial, helvetica, sans-serif;\">El M\/C Archipell I cuenta con 6 cabinas dobles con literas, adem\u00e1s de 2 cabinas dobles con cama doble. Asimismo, todas las cabinas poseen ba\u00f1o privado (retrete, ducha y lavabo), y tambi\u00e9n aire acondicionado. Por otra parte, el catamar\u00e1n incluye un comedor, un bar, una librer\u00eda peque\u00f1a, televisi\u00f3n, DVD, sol\u00e1rium, plataforma de buceo, as\u00ed como equipo de buceo y snorkeling.<\/span><\/p>\n<\/div>\n<\/div>\n<\/div>\n<\/div>\n<table border=\"0\" cellspacing=\"0\" cellpadding=\"0\" align=\"center\">\n<tbody>\n<tr style=\"height: 24.8125px; background-color: #e6e6e6;\">\n<th style=\"height: 24.8125px;\" colspan=\"2\" align=\"center\"><span style=\"font-size: 16px; font-family: arial, helvetica, sans-serif;\"><strong><\/strong><strong>Especificaiones T\u00e9cnicas<\/strong> <\/span><\/th>\n<\/tr>\n<tr style=\"height: 24px;\">\n<td style=\"height: 24px;\"><span style=\"font-size: 16px; font-family: arial, helvetica, sans-serif;\"><strong>Tipo:<\/strong><\/span><\/td>\n<td style=\"height: 24px;\"><span style=\"font-size: 16px; font-family: arial, helvetica, sans-serif;\">Yate a motor<\/span><\/td>\n<\/tr>\n<tr style=\"height: 24px;\">\n<td style=\"height: 24px;\"><span style=\"font-size: 16px; font-family: arial, helvetica, sans-serif;\"><strong>Clase:<\/strong><\/span><\/td>\n<td style=\"height: 24px;\"><span style=\"font-size: 16px; font-family: arial, helvetica, sans-serif;\">Turista Superior<\/span><\/td>\n<\/tr>\n<tr style=\"height: 24px;\">\n<td style=\"height: 24px;\"><span style=\"font-size: 16px; font-family: arial, helvetica, sans-serif;\"><strong>Capacidad:<\/strong><\/span><\/td>\n<td style=\"height: 24px;\"><span style=\"font-size: 16px; font-family: arial, helvetica, sans-serif;\">16 pasajeros<\/span><\/td>\n<\/tr>\n<tr style=\"height: 24px;\">\n<td style=\"height: 24px;\"><span style=\"font-size: 16px; font-family: arial, helvetica, sans-serif;\"><strong>Longitud:<\/strong><\/span><\/td>\n<td style=\"height: 24px;\"><span style=\"font-size: 16px; font-family: arial, helvetica, sans-serif;\">75,5 pies<\/span><\/td>\n<\/tr>\n<tr style=\"height: 24px;\">\n<td style=\"height: 24px;\"><span style=\"font-size: 16px; font-family: arial, helvetica, sans-serif;\"><strong>Viga:<\/strong><\/span><\/td>\n<td style=\"height: 24px;\"><span style=\"font-size: 16px; font-family: arial, helvetica, sans-serif;\">21,5 pies<\/span><\/td>\n<\/tr>\n<tr style=\"height: 24px;\">\n<td style=\"height: 24px;\"><span style=\"font-size: 16px; font-family: arial, helvetica, sans-serif;\"><strong>Velocidad:<\/strong><\/span><\/td>\n<td style=\"height: 24px;\"><span style=\"font-size: 16px; font-family: arial, helvetica, sans-serif;\">10 nudos<\/span><\/td>\n<\/tr>\n<tr style=\"height: 24px;\">\n<td style=\"height: 24px;\"><span style=\"font-size: 16px; font-family: arial, helvetica, sans-serif;\"><strong>Tripulaci\u00f3n:<\/strong><\/span><\/td>\n<td style=\"height: 24px; text-align: justify;\"><span style=\"font-size: 16px; font-family: arial, helvetica, sans-serif;\">Capit\u00e1n, Gu\u00eda naturalista biling\u00fce, Segundo al mando, Mec\u00e1nico Naval, 2 Marineros, Chef y Chef de partida.<strong><br \/>\n<\/strong><\/span><\/td>\n<\/tr>\n<tr style=\"height: 48px;\">\n<td style=\"height: 48px;\"><span style=\"font-size: 16px; font-family: arial, helvetica, sans-serif;\"><strong>Equipo de Seguridad:<\/strong><\/span><\/td>\n<td style=\"height: 48px; text-align: justify;\"><span style=\"font-size: 16px; font-family: arial, helvetica, sans-serif;\">Radio Marino HF &amp; VHF, Radar FURNO, EPIRB, GPS, compas, bote auto inflable para 25 pasajeros, 25 chalecos salvavidas, Aros salvavidas, bengalas, 12 extintores.<\/span><\/td>\n<\/tr>\n<\/tbody>\n<\/table>\n<p>&nbsp;<\/p>\n<p>[vc_row][vc_column el_class=&#8221;accocruise&#8221;][vc_column_text]\n<div class=\"panel panel-default accordion__item\">\n\t<div class=\"panel-heading accordion__item__title-wrap\">\n\t\t<h4 class=\"panel-title\">\n\t\t\t<a data-toggle=\"collapse\" data-parent=\"#ataccordion0\" href=\"#ataccordion0_1\" class=\"accordion__item__link collapsed\">Solicite m\u00e1s informaci\u00f3n<\/a>\n\t\t<\/h4>\n\t<\/div>\n\t<div id=\"ataccordion0_1\" class=\"panel-collapse collapse\">\n\t\t<div class=\"panel-body accordion__item__content\">\n                <div class=\"ml-embedded\" data-form=\"vM5dPy\"><\/div>\n            \n<\/div>\n\t<\/div>\n<\/div>[\/vc_column_text][\/vc_column][\/vc_row]<\/p>\n<\/div>","protected":false},"excerpt":{"rendered":"<p>Descripci\u00f3n del Crucero Guantanamera Gal\u00e1pagos: El Crucero Guantanamera Gal\u00e1pagos es un grande y c\u00f3modo yate a motor ideal para navegar por las Islas Encantadas. Adecuado para peque\u00f1os grupos y parejas, este tiene 8 cabinas dobles con ba\u00f1o privado y aire acondicionado. Tiene un elegante comedor y \u00e1reas de relajaci\u00f3n que lo hacen uno de los<\/p>\n<div class=\"padding-top text-center\"><a href=\"https:\/\/naturegalapagos.com\/es\/cruceros-galapagos\/crucero-guantanamera-galapagos\/\" class=\"atbtn atbtn--medium atbtn--rounded atbtn--transparent\">Leer m\u00e1s<i class=\"atbtn__icon atbtn__icon--right fa fa-long-arrow-right\"><\/i><\/a><\/div>\n","protected":false},"featured_media":2079,"comment_status":"open","ping_status":"closed","template":"","meta":{"_joinchat":[]},"product_brand":[],"product_cat":[3599],"product_tag":[],"class_list":{"0":"post-1695","1":"product","2":"type-product","3":"status-publish","4":"has-post-thumbnail","6":"product_cat-sin-categoria","7":"tour_category-cruceros-turista-superior","9":"first","10":"instock","11":"sale","12":"taxable","13":"shipping-taxable","14":"purchasable","15":"product-type-tour"},"yoast_head":"<!-- This site is optimized with the Yoast SEO Premium plugin v25.6 (Yoast SEO v26.1.1) - https:\/\/yoast.com\/wordpress\/plugins\/seo\/ -->\n<title>Crucero Guantanamera Gal\u00e1pagos | Yate Turista Superior<\/title>\n<meta name=\"description\" content=\"Crucero Guantanamera Gal\u00e1pagos es un c\u00f3modo yate que hospeda 16 pasajeros en cabinas dobles, est\u00e1n completamente equipadas. Para m\u00e1s informaci\u00f3n &quot;NG&amp;E&quot;\" \/>\n<meta name=\"robots\" content=\"index, follow, max-snippet:-1, max-image-preview:large, max-video-preview:-1\" \/>\n<link rel=\"canonical\" href=\"https:\/\/naturegalapagos.com\/es\/cruceros-galapagos\/crucero-guantanamera-galapagos\/\" \/>\n<meta property=\"og:locale\" content=\"es_ES\" \/>\n<meta property=\"og:type\" content=\"article\" \/>\n<meta property=\"og:title\" content=\"Crucero Guantanamera Gal\u00e1pagos | Yate Turista Superior\" \/>\n<meta property=\"og:description\" content=\"Crucero Guantanamera Gal\u00e1pagos es un c\u00f3modo yate que hospeda 16 pasajeros en cabinas dobles, est\u00e1n completamente equipadas. Para m\u00e1s informaci\u00f3n &quot;NG&amp;E&quot;\" \/>\n<meta property=\"og:url\" content=\"https:\/\/naturegalapagos.com\/es\/cruceros-galapagos\/crucero-guantanamera-galapagos\/\" \/>\n<meta property=\"og:site_name\" content=\"Espa\u00f1ol - Nature Galapagos &amp; Ecuador\" \/>\n<meta property=\"article:publisher\" content=\"https:\/\/www.facebook.com\/naturegalapagosecuador\/\" \/>\n<meta property=\"article:modified_time\" content=\"2024-12-17T16:46:36+00:00\" \/>\n<meta property=\"og:image\" content=\"http:\/\/naturegalapagos.com\/es\/wp-content\/uploads\/sites\/3\/2015\/05\/crucero-guantanamera-galapagos.jpg\" \/>\n<meta name=\"twitter:card\" content=\"summary_large_image\" \/>\n<meta name=\"twitter:title\" content=\"Crucero Guantanamera Gal\u00e1pagos | Yate Turista Superior\" \/>\n<meta name=\"twitter:description\" content=\"Crucero Guantanamera Gal\u00e1pagos es un c\u00f3modo yate que hospeda 16 pasajeros en cabinas dobles, est\u00e1n completamente equipadas. Para m\u00e1s informaci\u00f3n &quot;NG&amp;E&quot;\" \/>\n<meta name=\"twitter:site\" content=\"@naturegalapagos\" \/>\n<meta name=\"twitter:label1\" content=\"Tiempo de lectura\" \/>\n\t<meta name=\"twitter:data1\" content=\"2 minutos\" \/>\n<!-- \/ Yoast SEO Premium plugin. -->","yoast_head_json":{"title":"Crucero Guantanamera Gal\u00e1pagos | Yate Turista Superior","description":"Crucero Guantanamera Gal\u00e1pagos es un c\u00f3modo yate que hospeda 16 pasajeros en cabinas dobles, est\u00e1n completamente equipadas. Para m\u00e1s informaci\u00f3n \"NG&E\"","robots":{"index":"index","follow":"follow","max-snippet":"max-snippet:-1","max-image-preview":"max-image-preview:large","max-video-preview":"max-video-preview:-1"},"canonical":"https:\/\/naturegalapagos.com\/es\/cruceros-galapagos\/crucero-guantanamera-galapagos\/","og_locale":"es_ES","og_type":"article","og_title":"Crucero Guantanamera Gal\u00e1pagos | Yate Turista Superior","og_description":"Crucero Guantanamera Gal\u00e1pagos es un c\u00f3modo yate que hospeda 16 pasajeros en cabinas dobles, est\u00e1n completamente equipadas. Para m\u00e1s informaci\u00f3n \"NG&E\"","og_url":"https:\/\/naturegalapagos.com\/es\/cruceros-galapagos\/crucero-guantanamera-galapagos\/","og_site_name":"Espa\u00f1ol - Nature Galapagos &amp; Ecuador","article_publisher":"https:\/\/www.facebook.com\/naturegalapagosecuador\/","article_modified_time":"2024-12-17T16:46:36+00:00","og_image":[{"url":"http:\/\/naturegalapagos.com\/es\/wp-content\/uploads\/sites\/3\/2015\/05\/crucero-guantanamera-galapagos.jpg","type":"","width":"","height":""}],"twitter_card":"summary_large_image","twitter_title":"Crucero Guantanamera Gal\u00e1pagos | Yate Turista Superior","twitter_description":"Crucero Guantanamera Gal\u00e1pagos es un c\u00f3modo yate que hospeda 16 pasajeros en cabinas dobles, est\u00e1n completamente equipadas. Para m\u00e1s informaci\u00f3n \"NG&E\"","twitter_site":"@naturegalapagos","twitter_misc":{"Tiempo de lectura":"2 minutos"},"schema":{"@context":"https:\/\/schema.org","@graph":[{"@type":"WebPage","@id":"https:\/\/naturegalapagos.com\/es\/cruceros-galapagos\/crucero-guantanamera-galapagos\/","url":"https:\/\/naturegalapagos.com\/es\/cruceros-galapagos\/crucero-guantanamera-galapagos\/","name":"Crucero Guantanamera Gal\u00e1pagos | Yate Turista Superior","isPartOf":{"@id":"https:\/\/naturegalapagos.com\/es\/#website"},"primaryImageOfPage":{"@id":"https:\/\/naturegalapagos.com\/es\/cruceros-galapagos\/crucero-guantanamera-galapagos\/#primaryimage"},"image":{"@id":"https:\/\/naturegalapagos.com\/es\/cruceros-galapagos\/crucero-guantanamera-galapagos\/#primaryimage"},"thumbnailUrl":"https:\/\/naturegalapagos.com\/es\/wp-content\/uploads\/sites\/3\/2015\/05\/crucero-guantanamera-galapagos.jpg","datePublished":"2024-12-17T16:45:15+00:00","dateModified":"2024-12-17T16:46:36+00:00","description":"Crucero Guantanamera Gal\u00e1pagos es un c\u00f3modo yate que hospeda 16 pasajeros en cabinas dobles, est\u00e1n completamente equipadas. Para m\u00e1s informaci\u00f3n \"NG&E\"","breadcrumb":{"@id":"https:\/\/naturegalapagos.com\/es\/cruceros-galapagos\/crucero-guantanamera-galapagos\/#breadcrumb"},"inLanguage":"es","potentialAction":[{"@type":"ReadAction","target":["https:\/\/naturegalapagos.com\/es\/cruceros-galapagos\/crucero-guantanamera-galapagos\/"]}]},{"@type":"ImageObject","inLanguage":"es","@id":"https:\/\/naturegalapagos.com\/es\/cruceros-galapagos\/crucero-guantanamera-galapagos\/#primaryimage","url":"https:\/\/naturegalapagos.com\/es\/wp-content\/uploads\/sites\/3\/2015\/05\/crucero-guantanamera-galapagos.jpg","contentUrl":"https:\/\/naturegalapagos.com\/es\/wp-content\/uploads\/sites\/3\/2015\/05\/crucero-guantanamera-galapagos.jpg","width":1024,"height":512,"caption":"Crucero Guantanamera Gal\u00e1pagos"},{"@type":"BreadcrumbList","@id":"https:\/\/naturegalapagos.com\/es\/cruceros-galapagos\/crucero-guantanamera-galapagos\/#breadcrumb","itemListElement":[{"@type":"ListItem","position":1,"name":"Home","item":"https:\/\/naturegalapagos.com\/es\/"},{"@type":"ListItem","position":2,"name":"Tienda","item":"https:\/\/naturegalapagos.com\/es\/tienda\/"},{"@type":"ListItem","position":3,"name":"Crucero Guantanamera Gal\u00e1pagos"}]},{"@type":"WebSite","@id":"https:\/\/naturegalapagos.com\/es\/#website","url":"https:\/\/naturegalapagos.com\/es\/","name":"Espa\u00f1ol - Nature Galapagos & Ecuador","description":"","publisher":{"@id":"https:\/\/naturegalapagos.com\/es\/#organization"},"potentialAction":[{"@type":"SearchAction","target":{"@type":"EntryPoint","urlTemplate":"https:\/\/naturegalapagos.com\/es\/?s={search_term_string}"},"query-input":{"@type":"PropertyValueSpecification","valueRequired":true,"valueName":"search_term_string"}}],"inLanguage":"es"},{"@type":"Organization","@id":"https:\/\/naturegalapagos.com\/es\/#organization","name":"Espa\u00f1ol - Nature Galapagos & Ecuador","url":"https:\/\/naturegalapagos.com\/es\/","logo":{"@type":"ImageObject","inLanguage":"es","@id":"https:\/\/naturegalapagos.com\/es\/#\/schema\/logo\/image\/","url":"https:\/\/naturegalapagos.com\/es\/wp-content\/uploads\/sites\/3\/2016\/10\/Nature-Galapagos-Logo-COM-300x300.jpg","contentUrl":"https:\/\/naturegalapagos.com\/es\/wp-content\/uploads\/sites\/3\/2016\/10\/Nature-Galapagos-Logo-COM-300x300.jpg","width":300,"height":300,"caption":"Espa\u00f1ol - Nature Galapagos & Ecuador"},"image":{"@id":"https:\/\/naturegalapagos.com\/es\/#\/schema\/logo\/image\/"},"sameAs":["https:\/\/www.facebook.com\/naturegalapagosecuador\/","https:\/\/x.com\/naturegalapagos","https:\/\/www.instagram.com\/naturegalapagos\/","https:\/\/www.pinterest.com\/Naturegalapagos\/","https:\/\/www.youtube.com\/user\/NatureGalapagosTours"]}]}},"_links":{"self":[{"href":"https:\/\/naturegalapagos.com\/es\/wp-json\/wp\/v2\/product\/1695","targetHints":{"allow":["GET"]}}],"collection":[{"href":"https:\/\/naturegalapagos.com\/es\/wp-json\/wp\/v2\/product"}],"about":[{"href":"https:\/\/naturegalapagos.com\/es\/wp-json\/wp\/v2\/types\/product"}],"replies":[{"embeddable":true,"href":"https:\/\/naturegalapagos.com\/es\/wp-json\/wp\/v2\/comments?post=1695"}],"wp:featuredmedia":[{"embeddable":true,"href":"https:\/\/naturegalapagos.com\/es\/wp-json\/wp\/v2\/media\/2079"}],"wp:attachment":[{"href":"https:\/\/naturegalapagos.com\/es\/wp-json\/wp\/v2\/media?parent=1695"}],"wp:term":[{"taxonomy":"product_brand","embeddable":true,"href":"https:\/\/naturegalapagos.com\/es\/wp-json\/wp\/v2\/product_brand?post=1695"},{"taxonomy":"product_cat","embeddable":true,"href":"https:\/\/naturegalapagos.com\/es\/wp-json\/wp\/v2\/product_cat?post=1695"},{"taxonomy":"product_tag","embeddable":true,"href":"https:\/\/naturegalapagos.com\/es\/wp-json\/wp\/v2\/product_tag?post=1695"}],"curies":[{"name":"wp","href":"https:\/\/api.w.org\/{rel}","templated":true}]}}