{"id":1701,"date":"2024-05-20T13:55:37","date_gmt":"2024-05-20T17:55:37","guid":{"rendered":"http:\/\/naturegalapagos.com\/es\/cruceros-galapagos\/crucero-guantanamera-galapagos"},"modified":"2024-12-20T10:21:49","modified_gmt":"2024-12-20T15:21:49","slug":"crucero-galapagos-floreana","status":"publish","type":"product","link":"https:\/\/naturegalapagos.com\/es\/cruceros-galapagos\/crucero-galapagos-floreana\/","title":{"rendered":"Crucero Gal\u00e1pagos Floreana"},"content":{"rendered":"<div class=\"wpb-content-wrapper\"><div style=\"display: flex; justify-content: end; margin-bottom: 10px;\"><span style=\"font-family: arial, helvetica, sans-serif;\"><a href=\"https:\/\/naturegalapagos.com\/es\/ofertas-de-viajes\/\" target=\"_blank\" rel=\"noopener\"><img decoding=\"async\" src=\"https:\/\/naturegalapagos.com\/es\/wp-content\/uploads\/sites\/3\/2019\/11\/las-minute-deals-gif_Final_espa\u00f1ol.gif\" alt=\"Oferta de cruceros en Gal\u00e1pagos\" width=\"227.5\" height=\"77.25\" \/><\/a><\/span><\/div>\n<h2><span style=\"font-family: arial, helvetica, sans-serif;\"><strong>Cabinas del Crucero Gal\u00e1pagos Floreana:<\/strong><\/span><\/h2>\n<p><span style=\"font-family: arial, helvetica, sans-serif;\">El <strong>Crucero Gal\u00e1pagos Floreana<\/strong> es un yate con los m\u00e1s altos est\u00e1ndares de seguridad y calidad. No solo el confort sino tambi\u00e9n las caracter\u00edsticas de esta embarcaci\u00f3n permiten a los pasajeros\u00a0 disfrutar de una vista \u00fanica de las Islas Gal\u00e1pagos en uno de sus mejores cruceros.<\/span><\/p>\n<p><span style=\"font-family: arial, helvetica, sans-serif;\"> <!--more--><\/span><\/p>\n<h3><span style=\"font-family: arial, helvetica, sans-serif;\"><strong>CARACTER\u00cdSTICAS PRINCIPALES<\/strong><\/span><\/h3>\n<ul>\n<li><span style=\"font-family: arial, helvetica, sans-serif;\">8 c\u00f3modas cabinas<\/span><\/li>\n<li><span style=\"font-family: arial, helvetica, sans-serif;\">Cabinas dobles con ba\u00f1o privado<\/span><\/li>\n<li><span style=\"font-family: arial, helvetica, sans-serif;\">Agua caliente y aire acondicionado.<\/span><\/li>\n<\/ul>\n<table border=\"0\" cellspacing=\"0\" cellpadding=\"0\" align=\"center\">\n<tbody>\n<tr style=\"background-color: #e6e6e6;\">\n<th colspan=\"2\" align=\"center\">\n<h4><span style=\"font-family: arial, helvetica, sans-serif;\"><strong><\/strong><strong>Especificaciones T\u00e9cnicas<\/strong><\/span><\/h4>\n<\/th>\n<\/tr>\n<tr>\n<td><span style=\"font-family: arial, helvetica, sans-serif;\"><strong>Tipo<\/strong><\/span><\/td>\n<td><span style=\"font-family: arial, helvetica, sans-serif;\">Yate a motor<\/span><\/td>\n<\/tr>\n<tr>\n<td><span style=\"font-family: arial, helvetica, sans-serif;\"><strong>Clase<\/strong><\/span><\/td>\n<td><span style=\"font-family: arial, helvetica, sans-serif;\">Turista Superior<\/span><\/td>\n<\/tr>\n<tr>\n<td><span style=\"font-family: arial, helvetica, sans-serif;\"><strong>Capacidad<\/strong><\/span><\/td>\n<td><span style=\"font-family: arial, helvetica, sans-serif;\">16 pasajeros<\/span><\/td>\n<\/tr>\n<tr>\n<td><span style=\"font-family: arial, helvetica, sans-serif;\"><strong>Remanufacturado<br \/>\n<\/strong><\/span><\/td>\n<td><span style=\"font-family: arial, helvetica, sans-serif;\">1998<\/span><\/td>\n<\/tr>\n<tr>\n<td><span style=\"font-family: arial, helvetica, sans-serif;\"><strong>Longitud<br \/>\n<\/strong><\/span><\/td>\n<td><span style=\"font-family: arial, helvetica, sans-serif;\">78 pies<\/span><\/td>\n<\/tr>\n<tr>\n<td><span style=\"font-family: arial, helvetica, sans-serif;\"><strong>Viga<br \/>\n<\/strong><\/span><\/td>\n<td><span style=\"font-family: arial, helvetica, sans-serif;\">15 pies<\/span><\/td>\n<\/tr>\n<tr>\n<td><span style=\"font-family: arial, helvetica, sans-serif;\"><strong>Motor<\/strong><\/span><\/td>\n<td><span style=\"font-family: arial, helvetica, sans-serif;\">Detroit Diesel-240 HP<\/span><\/td>\n<\/tr>\n<tr>\n<td><span style=\"font-family: arial, helvetica, sans-serif;\"><strong>Velocidad<\/strong><\/span><\/td>\n<td><span style=\"font-family: arial, helvetica, sans-serif;\">10 nudos<\/span><\/td>\n<\/tr>\n<tr>\n<td><span style=\"font-family: arial, helvetica, sans-serif;\"><strong>Generador<\/strong><\/span><\/td>\n<td><span style=\"font-family: arial, helvetica, sans-serif;\">1 perkins 42 kva, 1- Isuzu, 20 kva<\/span><\/td>\n<\/tr>\n<tr>\n<td><span style=\"font-family: arial, helvetica, sans-serif;\"><strong>Electricidad<\/strong><\/span><\/td>\n<td><span style=\"font-family: arial, helvetica, sans-serif;\">12 v \/ 110 vac \/ 220 vac<\/span><\/td>\n<\/tr>\n<tr>\n<td><span style=\"font-family: arial, helvetica, sans-serif;\"><strong>Tripulaci\u00f3n<\/strong><\/span><\/td>\n<td><span style=\"font-family: arial, helvetica, sans-serif;\">6 miembros + 1 Gu\u00eda naturalista Biling\u00fce<\/span><\/td>\n<\/tr>\n<tr>\n<td><span style=\"font-family: arial, helvetica, sans-serif;\"><strong>Equipo Medico<br \/>\n<\/strong><\/span><\/td>\n<td style=\"text-align: justify;\"><span style=\"font-family: arial, helvetica, sans-serif;\">Equipo completo de oxigeno, AMBU (ventilaci\u00f3n manual), equipo medidor de ritmo card\u00edaco y medidor de presi\u00f3n de sangre.<\/span><\/td>\n<\/tr>\n<tr>\n<td><span style=\"font-family: arial, helvetica, sans-serif;\"><strong>Comodidades<\/strong><\/span><\/td>\n<td style=\"text-align: justify;\"><span style=\"font-family: arial, helvetica, sans-serif;\">TV, VHS, DVD , tel\u00e9fono, fax, aire acondicionado, agua fresca, bar, 2 sol\u00e1riums , kayaks y equipo de snorkeling<\/span><\/td>\n<\/tr>\n<\/tbody>\n<\/table>\n<p>&nbsp;<\/p>\n<p>[vc_row][vc_column el_class=&#8221;accocruise&#8221;][vc_column_text]\n<div class=\"panel panel-default accordion__item\">\n\t<div class=\"panel-heading accordion__item__title-wrap\">\n\t\t<h4 class=\"panel-title\">\n\t\t\t<a data-toggle=\"collapse\" data-parent=\"#ataccordion0\" href=\"#ataccordion0_1\" class=\"accordion__item__link collapsed\">Solicite m\u00e1s informaci\u00f3n<\/a>\n\t\t<\/h4>\n\t<\/div>\n\t<div id=\"ataccordion0_1\" class=\"panel-collapse collapse\">\n\t\t<div class=\"panel-body accordion__item__content\">\n<div class=\"ml-embedded\" data-form=\"d4XfrA\"><\/div>\n<\/div>\n\t<\/div>\n<\/div>[\/vc_column_text][\/vc_column][\/vc_row]<\/p>\n<\/div>","protected":false},"excerpt":{"rendered":"<p>Crucero Gal\u00e1pagos Floreana es un yate con acabados de lujo y un interior mas grande y c\u00f3modo para navegar y descubrir las Islas Encantadas Gal\u00e1pagos &#8220;NG&amp;E&#8221;<\/p>\n","protected":false},"featured_media":2065,"comment_status":"open","ping_status":"closed","template":"","meta":{"_joinchat":[]},"product_brand":[],"product_cat":[3599],"product_tag":[],"class_list":{"0":"post-1701","1":"product","2":"type-product","3":"status-publish","4":"has-post-thumbnail","6":"product_cat-sin-categoria","7":"tour_category-cruceros-turista-superior","9":"first","10":"instock","11":"taxable","12":"shipping-taxable","13":"product-type-tour"},"yoast_head":"<!-- This site is optimized with the Yoast SEO Premium plugin v25.6 (Yoast SEO v26.1.1) - https:\/\/yoast.com\/wordpress\/plugins\/seo\/ -->\n<title>Crucero Gal\u00e1pagos Floreana | Yate Turista Superior<\/title>\n<meta name=\"description\" content=\"Crucero Gal\u00e1pagos Floreana es un yate con acabados de lujo y un interior mas grande y c\u00f3modo para navegar y descubrir las Islas Encantadas Gal\u00e1pagos &quot;NG&amp;E&quot;\" \/>\n<meta name=\"robots\" content=\"index, follow, max-snippet:-1, max-image-preview:large, max-video-preview:-1\" \/>\n<link rel=\"canonical\" href=\"https:\/\/naturegalapagos.com\/es\/cruceros-galapagos\/crucero-galapagos-floreana\/\" \/>\n<meta property=\"og:locale\" content=\"es_ES\" \/>\n<meta property=\"og:type\" content=\"article\" \/>\n<meta property=\"og:title\" content=\"Crucero Gal\u00e1pagos Floreana | Yate Turista Superior\" \/>\n<meta property=\"og:description\" content=\"Crucero Gal\u00e1pagos Floreana es un yate con acabados de lujo y un interior mas grande y c\u00f3modo para navegar y descubrir las Islas Encantadas Gal\u00e1pagos &quot;NG&amp;E&quot;\" \/>\n<meta property=\"og:url\" content=\"https:\/\/naturegalapagos.com\/es\/cruceros-galapagos\/crucero-galapagos-floreana\/\" \/>\n<meta property=\"og:site_name\" content=\"Espa\u00f1ol - Nature Galapagos &amp; Ecuador\" \/>\n<meta property=\"article:publisher\" content=\"https:\/\/www.facebook.com\/naturegalapagosecuador\/\" \/>\n<meta property=\"article:modified_time\" content=\"2024-12-20T15:21:49+00:00\" \/>\n<meta property=\"og:image\" content=\"https:\/\/naturegalapagos.com\/es\/wp-content\/uploads\/sites\/3\/2015\/05\/crucero-galapagos-floreana.jpg\" \/>\n\t<meta property=\"og:image:width\" content=\"1024\" \/>\n\t<meta property=\"og:image:height\" content=\"512\" \/>\n\t<meta property=\"og:image:type\" content=\"image\/jpeg\" \/>\n<meta name=\"twitter:card\" content=\"summary_large_image\" \/>\n<meta name=\"twitter:title\" content=\"Crucero Gal\u00e1pagos Floreana | Yate Turista Superior\" \/>\n<meta name=\"twitter:description\" content=\"Crucero Gal\u00e1pagos Floreana es un yate con acabados de lujo y un interior mas grande y c\u00f3modo para navegar y descubrir las Islas Encantadas Gal\u00e1pagos &quot;NG&amp;E&quot;\" \/>\n<meta name=\"twitter:site\" content=\"@naturegalapagos\" \/>\n<meta name=\"twitter:label1\" content=\"Tiempo de lectura\" \/>\n\t<meta name=\"twitter:data1\" content=\"2 minutos\" \/>\n<!-- \/ Yoast SEO Premium plugin. -->","yoast_head_json":{"title":"Crucero Gal\u00e1pagos Floreana | Yate Turista Superior","description":"Crucero Gal\u00e1pagos Floreana es un yate con acabados de lujo y un interior mas grande y c\u00f3modo para navegar y descubrir las Islas Encantadas Gal\u00e1pagos \"NG&E\"","robots":{"index":"index","follow":"follow","max-snippet":"max-snippet:-1","max-image-preview":"max-image-preview:large","max-video-preview":"max-video-preview:-1"},"canonical":"https:\/\/naturegalapagos.com\/es\/cruceros-galapagos\/crucero-galapagos-floreana\/","og_locale":"es_ES","og_type":"article","og_title":"Crucero Gal\u00e1pagos Floreana | Yate Turista Superior","og_description":"Crucero Gal\u00e1pagos Floreana es un yate con acabados de lujo y un interior mas grande y c\u00f3modo para navegar y descubrir las Islas Encantadas Gal\u00e1pagos \"NG&E\"","og_url":"https:\/\/naturegalapagos.com\/es\/cruceros-galapagos\/crucero-galapagos-floreana\/","og_site_name":"Espa\u00f1ol - Nature Galapagos &amp; Ecuador","article_publisher":"https:\/\/www.facebook.com\/naturegalapagosecuador\/","article_modified_time":"2024-12-20T15:21:49+00:00","og_image":[{"width":1024,"height":512,"url":"https:\/\/naturegalapagos.com\/es\/wp-content\/uploads\/sites\/3\/2015\/05\/crucero-galapagos-floreana.jpg","type":"image\/jpeg"}],"twitter_card":"summary_large_image","twitter_title":"Crucero Gal\u00e1pagos Floreana | Yate Turista Superior","twitter_description":"Crucero Gal\u00e1pagos Floreana es un yate con acabados de lujo y un interior mas grande y c\u00f3modo para navegar y descubrir las Islas Encantadas Gal\u00e1pagos \"NG&E\"","twitter_site":"@naturegalapagos","twitter_misc":{"Tiempo de lectura":"2 minutos"},"schema":{"@context":"https:\/\/schema.org","@graph":[{"@type":"WebPage","@id":"https:\/\/naturegalapagos.com\/es\/cruceros-galapagos\/crucero-galapagos-floreana\/","url":"https:\/\/naturegalapagos.com\/es\/cruceros-galapagos\/crucero-galapagos-floreana\/","name":"Crucero Gal\u00e1pagos Floreana | Yate Turista Superior","isPartOf":{"@id":"https:\/\/naturegalapagos.com\/es\/#website"},"primaryImageOfPage":{"@id":"https:\/\/naturegalapagos.com\/es\/cruceros-galapagos\/crucero-galapagos-floreana\/#primaryimage"},"image":{"@id":"https:\/\/naturegalapagos.com\/es\/cruceros-galapagos\/crucero-galapagos-floreana\/#primaryimage"},"thumbnailUrl":"https:\/\/naturegalapagos.com\/es\/wp-content\/uploads\/sites\/3\/2015\/05\/crucero-galapagos-floreana.jpg","datePublished":"2024-05-20T17:55:37+00:00","dateModified":"2024-12-20T15:21:49+00:00","description":"Crucero Gal\u00e1pagos Floreana es un yate con acabados de lujo y un interior mas grande y c\u00f3modo para navegar y descubrir las Islas Encantadas Gal\u00e1pagos \"NG&E\"","breadcrumb":{"@id":"https:\/\/naturegalapagos.com\/es\/cruceros-galapagos\/crucero-galapagos-floreana\/#breadcrumb"},"inLanguage":"es","potentialAction":[{"@type":"ReadAction","target":["https:\/\/naturegalapagos.com\/es\/cruceros-galapagos\/crucero-galapagos-floreana\/"]}]},{"@type":"ImageObject","inLanguage":"es","@id":"https:\/\/naturegalapagos.com\/es\/cruceros-galapagos\/crucero-galapagos-floreana\/#primaryimage","url":"https:\/\/naturegalapagos.com\/es\/wp-content\/uploads\/sites\/3\/2015\/05\/crucero-galapagos-floreana.jpg","contentUrl":"https:\/\/naturegalapagos.com\/es\/wp-content\/uploads\/sites\/3\/2015\/05\/crucero-galapagos-floreana.jpg","width":1024,"height":512,"caption":"Crucero Gal\u00e1pagos Floreana"},{"@type":"BreadcrumbList","@id":"https:\/\/naturegalapagos.com\/es\/cruceros-galapagos\/crucero-galapagos-floreana\/#breadcrumb","itemListElement":[{"@type":"ListItem","position":1,"name":"Home","item":"https:\/\/naturegalapagos.com\/es\/"},{"@type":"ListItem","position":2,"name":"Tienda","item":"https:\/\/naturegalapagos.com\/es\/tienda\/"},{"@type":"ListItem","position":3,"name":"Crucero Gal\u00e1pagos Floreana"}]},{"@type":"WebSite","@id":"https:\/\/naturegalapagos.com\/es\/#website","url":"https:\/\/naturegalapagos.com\/es\/","name":"Espa\u00f1ol - Nature Galapagos & Ecuador","description":"","publisher":{"@id":"https:\/\/naturegalapagos.com\/es\/#organization"},"potentialAction":[{"@type":"SearchAction","target":{"@type":"EntryPoint","urlTemplate":"https:\/\/naturegalapagos.com\/es\/?s={search_term_string}"},"query-input":{"@type":"PropertyValueSpecification","valueRequired":true,"valueName":"search_term_string"}}],"inLanguage":"es"},{"@type":"Organization","@id":"https:\/\/naturegalapagos.com\/es\/#organization","name":"Espa\u00f1ol - Nature Galapagos & Ecuador","url":"https:\/\/naturegalapagos.com\/es\/","logo":{"@type":"ImageObject","inLanguage":"es","@id":"https:\/\/naturegalapagos.com\/es\/#\/schema\/logo\/image\/","url":"https:\/\/naturegalapagos.com\/es\/wp-content\/uploads\/sites\/3\/2016\/10\/Nature-Galapagos-Logo-COM-300x300.jpg","contentUrl":"https:\/\/naturegalapagos.com\/es\/wp-content\/uploads\/sites\/3\/2016\/10\/Nature-Galapagos-Logo-COM-300x300.jpg","width":300,"height":300,"caption":"Espa\u00f1ol - Nature Galapagos & Ecuador"},"image":{"@id":"https:\/\/naturegalapagos.com\/es\/#\/schema\/logo\/image\/"},"sameAs":["https:\/\/www.facebook.com\/naturegalapagosecuador\/","https:\/\/x.com\/naturegalapagos","https:\/\/www.instagram.com\/naturegalapagos\/","https:\/\/www.pinterest.com\/Naturegalapagos\/","https:\/\/www.youtube.com\/user\/NatureGalapagosTours"]}]}},"_links":{"self":[{"href":"https:\/\/naturegalapagos.com\/es\/wp-json\/wp\/v2\/product\/1701","targetHints":{"allow":["GET"]}}],"collection":[{"href":"https:\/\/naturegalapagos.com\/es\/wp-json\/wp\/v2\/product"}],"about":[{"href":"https:\/\/naturegalapagos.com\/es\/wp-json\/wp\/v2\/types\/product"}],"replies":[{"embeddable":true,"href":"https:\/\/naturegalapagos.com\/es\/wp-json\/wp\/v2\/comments?post=1701"}],"wp:featuredmedia":[{"embeddable":true,"href":"https:\/\/naturegalapagos.com\/es\/wp-json\/wp\/v2\/media\/2065"}],"wp:attachment":[{"href":"https:\/\/naturegalapagos.com\/es\/wp-json\/wp\/v2\/media?parent=1701"}],"wp:term":[{"taxonomy":"product_brand","embeddable":true,"href":"https:\/\/naturegalapagos.com\/es\/wp-json\/wp\/v2\/product_brand?post=1701"},{"taxonomy":"product_cat","embeddable":true,"href":"https:\/\/naturegalapagos.com\/es\/wp-json\/wp\/v2\/product_cat?post=1701"},{"taxonomy":"product_tag","embeddable":true,"href":"https:\/\/naturegalapagos.com\/es\/wp-json\/wp\/v2\/product_tag?post=1701"}],"curies":[{"name":"wp","href":"https:\/\/api.w.org\/{rel}","templated":true}]}}