{"id":1708,"date":"2024-08-09T17:17:20","date_gmt":"2024-08-09T21:17:20","guid":{"rendered":"http:\/\/naturegalapagos.com\/es\/cruceros-galapagos\/crucero-galapagos-san-jose"},"modified":"2024-10-01T10:18:50","modified_gmt":"2024-10-01T14:18:50","slug":"crucero-golondrina-galapagos","status":"publish","type":"product","link":"https:\/\/naturegalapagos.com\/es\/cruceros-galapagos\/crucero-galapagos-golondrina\/","title":{"rendered":"Crucero Golondrina Gal\u00e1pagos"},"content":{"rendered":"<div class=\"wpb-content-wrapper\"><p>[vc_row][vc_column][vc_column_text]<\/p>\n<div style=\"display: flex; justify-content: end; margin-bottom: 10px;\"><a href=\"https:\/\/naturegalapagos.com\/es\/ofertas-de-viajes\/\" target=\"_blank\" rel=\"noopener\"><img decoding=\"async\" src=\"https:\/\/naturegalapagos.com\/es\/wp-content\/uploads\/sites\/3\/2019\/11\/las-minute-deals-gif_Final_espa\u00f1ol.gif\" width=\"227.5\" height=\"77.25\" \/><\/a><\/div>\n<h2><span style=\"font-size: 24px; font-family: arial, helvetica, sans-serif;\"><strong>D<\/strong><strong>escripci\u00f3n del Crucero Golondrina Gal\u00e1pagos<\/strong><strong>:<\/strong><\/span><\/h2>\n<p style=\"text-align: justify;\"><span style=\"font-family: arial, helvetica, sans-serif;\">El Crucero Golondrina Gal\u00e1pagos es un c\u00f3modo yate a motor que puede hospedar hasta 16 pasajeros en espaciosas cabinas dobles. <strong>De hecho<\/strong>, todas estas cabinas est\u00e1n completamente equipadas para proporcionar a los hu\u00e9spedes una experiencia relajada en las Islas Encantadas.<\/span><\/p>\n<p><span style=\"font-size: 16px; font-family: arial, helvetica, sans-serif;\"><!--more--><\/span><\/p>\n<h2><span style=\"font-size: 20px; font-family: arial, helvetica, sans-serif;\"><strong>Caracter\u00edsticas principales del crucero Golondrina Gal\u00e1pagos<\/strong><\/span><\/h2>\n<ul>\n<li><span style=\"font-size: 16px; font-family: arial, helvetica, sans-serif;\">El Crucero Golondrina Gal\u00e1pagos es un grande y c\u00f3modo yate a motor<\/span><\/li>\n<li><span style=\"font-size: 16px; font-family: arial, helvetica, sans-serif;\">Tripulaci\u00f3n Experimentada y Gu\u00eda naturalista biling\u00fce<\/span><\/li>\n<li><span style=\"font-size: 16px; font-family: arial, helvetica, sans-serif;\">Ba\u00f1o privado en cada cabina<\/span><\/li>\n<li><span style=\"font-size: 16px; font-family: arial, helvetica, sans-serif;\">Aire acondicionado<\/span><\/li>\n<li><span style=\"font-size: 16px; font-family: arial, helvetica, sans-serif;\">Una experiencia de viaje placentera a un bajo costo<\/span><\/li>\n<\/ul>\n<h3 style=\"text-align: justify;\"><span style=\"font-size: 20px; font-family: arial, helvetica, sans-serif;\"><strong>Cabinas y Comodidades:<\/strong><\/span><\/h3>\n<p><span style=\"font-family: arial, helvetica, sans-serif;\">El yate incluye 8 cabinas dobles (literas). <strong>Cada una<\/strong> de las cabinas est\u00e1 alfombrada y equipada con ba\u00f1o privado, que incluye retrete, ducha con agua caliente, espejo y lavabo.<\/span><\/p>\n<p><span style=\"font-family: arial, helvetica, sans-serif;\"><strong>Aparte de esto<\/strong>, entre las comodidades del yate se encuentran un amplio comedor, una sala de estar con bar, televisi\u00f3n con DVD, equipo de sonido y un sol\u00e1rium. <strong>De igual manera<\/strong>, todo el yate cuenta con aire acondicionado, equipo de snorkeling y trajes de buzo disponibles para renta.<\/span><\/p>\n<h3 style=\"text-align: justify;\"><span style=\"font-size: 20px; font-family: arial, helvetica, sans-serif;\"><strong>Tripulaci\u00f3n y Servicio<\/strong><\/span><\/h3>\n<p style=\"text-align: justify;\"><span style=\"font-family: arial, helvetica, sans-serif;\"><strong>En cuanto a la tripulaci\u00f3n<\/strong>, el servicio a bordo es muy servicial y atento a los peque\u00f1os detalles. <strong>Por lo tanto<\/strong>, se comprometen a brindar una experiencia relajada. <strong>Adem\u00e1s<\/strong>, el conocimiento del gu\u00eda natural biling\u00fce aporta un ambiente maravilloso y mucha informaci\u00f3n sobre las islas. <strong>De hecho<\/strong>, los hu\u00e9spedes ser\u00e1n acompa\u00f1ados por 5 miembros de la tripulaci\u00f3n, entre los cuales se encuentran el capit\u00e1n, ingeniero naval, chef, marino y gu\u00eda tur\u00edstico natural.<\/span><\/p>\n<table border=\"0\" cellspacing=\"0\" cellpadding=\"0\" align=\"center\">\n<tbody>\n<tr>\n<th style=\"background-color: #cfcfcf;\" colspan=\"2\" align=\"center\">\n<h4><span style=\"font-size: 20px; font-family: arial, helvetica, sans-serif;\"><strong><\/strong><strong>Especificaciones T\u00e9cnicas<\/strong><\/span><\/h4>\n<\/th>\n<\/tr>\n<tr>\n<td><span style=\"font-size: 16px; font-family: arial, helvetica, sans-serif;\"><strong>Tipo<\/strong><\/span><\/td>\n<td><span style=\"font-size: 16px; font-family: arial, helvetica, sans-serif;\">Yate a motor<\/span><\/td>\n<\/tr>\n<tr>\n<td><span style=\"font-size: 16px; font-family: arial, helvetica, sans-serif;\"><strong>Clase<\/strong><\/span><\/td>\n<td><span style=\"font-size: 16px; font-family: arial, helvetica, sans-serif;\">Turista<\/span><\/td>\n<\/tr>\n<tr>\n<td><span style=\"font-size: 16px; font-family: arial, helvetica, sans-serif;\"><strong>Capacidad<\/strong><\/span><\/td>\n<td><span style=\"font-size: 16px; font-family: arial, helvetica, sans-serif;\">16 pasajeros<\/span><\/td>\n<\/tr>\n<tr>\n<td><span style=\"font-size: 16px; font-family: arial, helvetica, sans-serif;\"><strong>Longitud<\/strong><\/span><\/td>\n<td><span style=\"font-size: 16px; font-family: arial, helvetica, sans-serif;\">22.22 m<\/span><\/td>\n<\/tr>\n<tr>\n<td><span style=\"font-size: 16px; font-family: arial, helvetica, sans-serif;\"><strong>Viga<\/strong><\/span><\/td>\n<td><span style=\"font-size: 16px; font-family: arial, helvetica, sans-serif;\">5.09 m<\/span><\/td>\n<\/tr>\n<tr>\n<td><span style=\"font-size: 16px; font-family: arial, helvetica, sans-serif;\"><strong>Generadores<\/strong><\/span><\/td>\n<td><span style=\"font-size: 16px; font-family: arial, helvetica, sans-serif;\">2 Generadores Kohler &#8211; 13 kw, 10 kw<\/span><\/td>\n<\/tr>\n<tr>\n<td><span style=\"font-size: 16px; font-family: arial, helvetica, sans-serif;\"><strong>Speed<\/strong><\/span><\/td>\n<td><span style=\"font-size: 16px; font-family: arial, helvetica, sans-serif;\">8 nudos<\/span><\/td>\n<\/tr>\n<tr>\n<td><span style=\"font-size: 16px; font-family: arial, helvetica, sans-serif;\"><strong>Equipo de Navigation<\/strong><\/span><\/td>\n<td style=\"text-align: justify;\"><span style=\"font-size: 16px; font-family: arial, helvetica, sans-serif;\">24 Radares Furuno, GPS, navegador satelitas, ecosonda, Registrador de velocidad y distancia furuno 1000 pies , compas, barometro<\/span><\/td>\n<\/tr>\n<tr style=\"text-align: justify;\">\n<td style=\"text-align: left;\"><span style=\"font-size: 16px; font-family: arial, helvetica, sans-serif;\"><strong>Equipo de Seguridad<\/strong><\/span><\/td>\n<td><span style=\"font-size: 16px; font-family: arial, helvetica, sans-serif;\">EPIRB, salvavidas, bengalas y se\u00f1ales, detector de humos, y sistema completo contra incendios<strong><br \/>\n<\/strong><\/span><\/td>\n<\/tr>\n<tr>\n<td style=\"text-align: justify;\"><span style=\"font-size: 16px; font-family: arial, helvetica, sans-serif;\"><strong>Tripulaci\u00f3n<\/strong><\/span><\/td>\n<td style=\"text-align: justify;\"><span style=\"font-size: 16px; font-family: arial, helvetica, sans-serif;\">Capit\u00e1n, Ingeniero, Chef, Marinero, Gu\u00eda naturalista biling\u00fce<\/span><\/td>\n<\/tr>\n<\/tbody>\n<\/table>\n<p>[\/vc_column_text][vc_single_image image=&#8221;5545&#8243; img_size=&#8221;full&#8221;][\/vc_column][\/vc_row][vc_row][vc_column el_class=&#8221;accocruise&#8221;][vc_column_text]\n<div class=\"panel panel-default accordion__item\">\n\t<div class=\"panel-heading accordion__item__title-wrap\">\n\t\t<h4 class=\"panel-title\">\n\t\t\t<a data-toggle=\"collapse\" data-parent=\"#ataccordion0\" href=\"#ataccordion0_1\" class=\"accordion__item__link collapsed\">Solicite m\u00e1s informaci\u00f3n<\/a>\n\t\t<\/h4>\n\t<\/div>\n\t<div id=\"ataccordion0_1\" class=\"panel-collapse collapse\">\n\t\t<div class=\"panel-body accordion__item__content\">\n                <div class=\"ml-embedded\" data-form=\"IdTYgp\"><\/div>\n            \n<\/div>\n\t<\/div>\n<\/div>[\/vc_column_text][\/vc_column][\/vc_row][vc_row][vc_column][\/vc_column][\/vc_row]<\/p>\n<\/div>","protected":false},"excerpt":{"rendered":"<p>Crucero Golondrina Gal\u00e1pagos es un c\u00f3modo yate que puede hospedar 16 pasajeros en cabinas dobles, est\u00e1n completamente equipadas. Para m\u00e1s informaci\u00f3n &#8220;NG&amp;E&#8221;<\/p>\n","protected":false},"featured_media":2064,"comment_status":"open","ping_status":"closed","template":"","meta":{"_joinchat":[]},"product_brand":[],"product_cat":[3599],"product_tag":[],"class_list":{"0":"post-1708","1":"product","2":"type-product","3":"status-publish","4":"has-post-thumbnail","6":"product_cat-sin-categoria","7":"tour_category-cruceros-turista","8":"tour_category-cruceros-turista-superior","10":"first","11":"instock","12":"taxable","13":"shipping-taxable","14":"product-type-tour"},"yoast_head":"<!-- This site is optimized with the Yoast SEO Premium plugin v25.6 (Yoast SEO v26.1.1) - https:\/\/yoast.com\/wordpress\/plugins\/seo\/ -->\n<title>Crucero Golondrina Gal\u00e1pagos | Yate Turista<\/title>\n<meta name=\"description\" content=\"Crucero Golondrina Gal\u00e1pagos es un c\u00f3modo yate que puede hospedar 16 pasajeros en cabinas dobles, est\u00e1n completamente equipadas. Para m\u00e1s informaci\u00f3n &quot;NG&amp;E&quot;\" \/>\n<meta name=\"robots\" content=\"index, follow, max-snippet:-1, max-image-preview:large, max-video-preview:-1\" \/>\n<link rel=\"canonical\" href=\"https:\/\/naturegalapagos.com\/es\/cruceros-galapagos\/crucero-galapagos-golondrina\/\" \/>\n<meta property=\"og:locale\" content=\"es_ES\" \/>\n<meta property=\"og:type\" content=\"article\" \/>\n<meta property=\"og:title\" content=\"Crucero Golondrina Gal\u00e1pagos | Yate Turista Superior\" \/>\n<meta property=\"og:description\" content=\"Crucero Golondrina Gal\u00e1pagos es un c\u00f3modo yate que puede hospedar 16 pasajeros en cabinas dobles, est\u00e1n completamente equipadas. Para m\u00e1s informaci\u00f3n &quot;NG&amp;E&quot;\" \/>\n<meta property=\"og:url\" content=\"https:\/\/naturegalapagos.com\/es\/cruceros-galapagos\/crucero-galapagos-golondrina\/\" \/>\n<meta property=\"og:site_name\" content=\"Espa\u00f1ol - Nature Galapagos &amp; Ecuador\" \/>\n<meta property=\"article:publisher\" content=\"https:\/\/www.facebook.com\/naturegalapagosecuador\/\" \/>\n<meta property=\"article:modified_time\" content=\"2024-10-01T14:18:50+00:00\" \/>\n<meta property=\"og:image\" content=\"https:\/\/naturegalapagos.com\/es\/wp-content\/uploads\/sites\/3\/2015\/05\/crucero-golondrina-galapagos.jpg\" \/>\n\t<meta property=\"og:image:width\" content=\"1024\" \/>\n\t<meta property=\"og:image:height\" content=\"512\" \/>\n\t<meta property=\"og:image:type\" content=\"image\/jpeg\" \/>\n<meta name=\"twitter:card\" content=\"summary_large_image\" \/>\n<meta name=\"twitter:title\" content=\"Crucero Golondrina Gal\u00e1pagos | Yate Turista Superior\" \/>\n<meta name=\"twitter:description\" content=\"Crucero Golondrina Gal\u00e1pagos es un c\u00f3modo yate que puede hospedar 16 pasajeros en cabinas dobles, est\u00e1n completamente equipadas. Para m\u00e1s informaci\u00f3n &quot;NG&amp;E&quot;\" \/>\n<meta name=\"twitter:site\" content=\"@naturegalapagos\" \/>\n<meta name=\"twitter:label1\" content=\"Tiempo de lectura\" \/>\n\t<meta name=\"twitter:data1\" content=\"2 minutos\" \/>\n<!-- \/ Yoast SEO Premium plugin. -->","yoast_head_json":{"title":"Crucero Golondrina Gal\u00e1pagos | Yate Turista","description":"Crucero Golondrina Gal\u00e1pagos es un c\u00f3modo yate que puede hospedar 16 pasajeros en cabinas dobles, est\u00e1n completamente equipadas. Para m\u00e1s informaci\u00f3n \"NG&E\"","robots":{"index":"index","follow":"follow","max-snippet":"max-snippet:-1","max-image-preview":"max-image-preview:large","max-video-preview":"max-video-preview:-1"},"canonical":"https:\/\/naturegalapagos.com\/es\/cruceros-galapagos\/crucero-galapagos-golondrina\/","og_locale":"es_ES","og_type":"article","og_title":"Crucero Golondrina Gal\u00e1pagos | Yate Turista Superior","og_description":"Crucero Golondrina Gal\u00e1pagos es un c\u00f3modo yate que puede hospedar 16 pasajeros en cabinas dobles, est\u00e1n completamente equipadas. Para m\u00e1s informaci\u00f3n \"NG&E\"","og_url":"https:\/\/naturegalapagos.com\/es\/cruceros-galapagos\/crucero-galapagos-golondrina\/","og_site_name":"Espa\u00f1ol - Nature Galapagos &amp; Ecuador","article_publisher":"https:\/\/www.facebook.com\/naturegalapagosecuador\/","article_modified_time":"2024-10-01T14:18:50+00:00","og_image":[{"width":1024,"height":512,"url":"https:\/\/naturegalapagos.com\/es\/wp-content\/uploads\/sites\/3\/2015\/05\/crucero-golondrina-galapagos.jpg","type":"image\/jpeg"}],"twitter_card":"summary_large_image","twitter_title":"Crucero Golondrina Gal\u00e1pagos | Yate Turista Superior","twitter_description":"Crucero Golondrina Gal\u00e1pagos es un c\u00f3modo yate que puede hospedar 16 pasajeros en cabinas dobles, est\u00e1n completamente equipadas. Para m\u00e1s informaci\u00f3n \"NG&E\"","twitter_site":"@naturegalapagos","twitter_misc":{"Tiempo de lectura":"2 minutos"},"schema":{"@context":"https:\/\/schema.org","@graph":[{"@type":"WebPage","@id":"https:\/\/naturegalapagos.com\/es\/cruceros-galapagos\/crucero-galapagos-golondrina\/","url":"https:\/\/naturegalapagos.com\/es\/cruceros-galapagos\/crucero-galapagos-golondrina\/","name":"Crucero Golondrina Gal\u00e1pagos | Yate Turista","isPartOf":{"@id":"https:\/\/naturegalapagos.com\/es\/#website"},"primaryImageOfPage":{"@id":"https:\/\/naturegalapagos.com\/es\/cruceros-galapagos\/crucero-galapagos-golondrina\/#primaryimage"},"image":{"@id":"https:\/\/naturegalapagos.com\/es\/cruceros-galapagos\/crucero-galapagos-golondrina\/#primaryimage"},"thumbnailUrl":"https:\/\/naturegalapagos.com\/es\/wp-content\/uploads\/sites\/3\/2015\/05\/crucero-golondrina-galapagos.jpg","datePublished":"2024-08-09T21:17:20+00:00","dateModified":"2024-10-01T14:18:50+00:00","description":"Crucero Golondrina Gal\u00e1pagos es un c\u00f3modo yate que puede hospedar 16 pasajeros en cabinas dobles, est\u00e1n completamente equipadas. Para m\u00e1s informaci\u00f3n \"NG&E\"","breadcrumb":{"@id":"https:\/\/naturegalapagos.com\/es\/cruceros-galapagos\/crucero-galapagos-golondrina\/#breadcrumb"},"inLanguage":"es","potentialAction":[{"@type":"ReadAction","target":["https:\/\/naturegalapagos.com\/es\/cruceros-galapagos\/crucero-galapagos-golondrina\/"]}]},{"@type":"ImageObject","inLanguage":"es","@id":"https:\/\/naturegalapagos.com\/es\/cruceros-galapagos\/crucero-galapagos-golondrina\/#primaryimage","url":"https:\/\/naturegalapagos.com\/es\/wp-content\/uploads\/sites\/3\/2015\/05\/crucero-golondrina-galapagos.jpg","contentUrl":"https:\/\/naturegalapagos.com\/es\/wp-content\/uploads\/sites\/3\/2015\/05\/crucero-golondrina-galapagos.jpg","width":1024,"height":512,"caption":"Crucero Golondrina Gal\u00e1pagos"},{"@type":"BreadcrumbList","@id":"https:\/\/naturegalapagos.com\/es\/cruceros-galapagos\/crucero-galapagos-golondrina\/#breadcrumb","itemListElement":[{"@type":"ListItem","position":1,"name":"Home","item":"https:\/\/naturegalapagos.com\/es\/"},{"@type":"ListItem","position":2,"name":"Tienda","item":"https:\/\/naturegalapagos.com\/es\/tienda\/"},{"@type":"ListItem","position":3,"name":"Crucero Golondrina Gal\u00e1pagos"}]},{"@type":"WebSite","@id":"https:\/\/naturegalapagos.com\/es\/#website","url":"https:\/\/naturegalapagos.com\/es\/","name":"Espa\u00f1ol - Nature Galapagos & Ecuador","description":"","publisher":{"@id":"https:\/\/naturegalapagos.com\/es\/#organization"},"potentialAction":[{"@type":"SearchAction","target":{"@type":"EntryPoint","urlTemplate":"https:\/\/naturegalapagos.com\/es\/?s={search_term_string}"},"query-input":{"@type":"PropertyValueSpecification","valueRequired":true,"valueName":"search_term_string"}}],"inLanguage":"es"},{"@type":"Organization","@id":"https:\/\/naturegalapagos.com\/es\/#organization","name":"Espa\u00f1ol - Nature Galapagos & Ecuador","url":"https:\/\/naturegalapagos.com\/es\/","logo":{"@type":"ImageObject","inLanguage":"es","@id":"https:\/\/naturegalapagos.com\/es\/#\/schema\/logo\/image\/","url":"https:\/\/naturegalapagos.com\/es\/wp-content\/uploads\/sites\/3\/2016\/10\/Nature-Galapagos-Logo-COM-300x300.jpg","contentUrl":"https:\/\/naturegalapagos.com\/es\/wp-content\/uploads\/sites\/3\/2016\/10\/Nature-Galapagos-Logo-COM-300x300.jpg","width":300,"height":300,"caption":"Espa\u00f1ol - Nature Galapagos & Ecuador"},"image":{"@id":"https:\/\/naturegalapagos.com\/es\/#\/schema\/logo\/image\/"},"sameAs":["https:\/\/www.facebook.com\/naturegalapagosecuador\/","https:\/\/x.com\/naturegalapagos","https:\/\/www.instagram.com\/naturegalapagos\/","https:\/\/www.pinterest.com\/Naturegalapagos\/","https:\/\/www.youtube.com\/user\/NatureGalapagosTours"]}]}},"_links":{"self":[{"href":"https:\/\/naturegalapagos.com\/es\/wp-json\/wp\/v2\/product\/1708","targetHints":{"allow":["GET"]}}],"collection":[{"href":"https:\/\/naturegalapagos.com\/es\/wp-json\/wp\/v2\/product"}],"about":[{"href":"https:\/\/naturegalapagos.com\/es\/wp-json\/wp\/v2\/types\/product"}],"replies":[{"embeddable":true,"href":"https:\/\/naturegalapagos.com\/es\/wp-json\/wp\/v2\/comments?post=1708"}],"wp:featuredmedia":[{"embeddable":true,"href":"https:\/\/naturegalapagos.com\/es\/wp-json\/wp\/v2\/media\/2064"}],"wp:attachment":[{"href":"https:\/\/naturegalapagos.com\/es\/wp-json\/wp\/v2\/media?parent=1708"}],"wp:term":[{"taxonomy":"product_brand","embeddable":true,"href":"https:\/\/naturegalapagos.com\/es\/wp-json\/wp\/v2\/product_brand?post=1708"},{"taxonomy":"product_cat","embeddable":true,"href":"https:\/\/naturegalapagos.com\/es\/wp-json\/wp\/v2\/product_cat?post=1708"},{"taxonomy":"product_tag","embeddable":true,"href":"https:\/\/naturegalapagos.com\/es\/wp-json\/wp\/v2\/product_tag?post=1708"}],"curies":[{"name":"wp","href":"https:\/\/api.w.org\/{rel}","templated":true}]}}