{"id":1745,"date":"2024-09-17T16:35:47","date_gmt":"2024-09-17T20:35:47","guid":{"rendered":"http:\/\/naturegalapagos.com\/es\/?post_type=product&#038;p=1745"},"modified":"2024-09-17T17:37:26","modified_gmt":"2024-09-17T21:37:26","slug":"quito-turismo-mindo-bosque-nublado","status":"publish","type":"product","link":"https:\/\/naturegalapagos.com\/es\/quito-turismo\/mindo-bosque-nublado\/","title":{"rendered":"Mindo Bosque Nublado"},"content":{"rendered":"<div class=\"wpb-content-wrapper\"><h2><span style=\"font-family: arial, helvetica, sans-serif;\"><strong>Mindo Bosque Nublado | Viaje de 1 d\u00eda<\/strong><\/span><\/h2>\n<ul>\n<li><span style=\"font-family: arial, helvetica, sans-serif;\">Descubra uno de los lugares con mayor bio-diversidad del mundo; El Bosque Nublado Mindo &#8211; Nambillo<\/span><\/li>\n<li><span style=\"font-family: arial, helvetica, sans-serif;\">\u00a0Ser\u00e1\u00a0fascinado por los colores en el mariposario de Mindo y el jard\u00edn de Orqu\u00eddeas<\/span><\/li>\n<li><span style=\"font-family: arial, helvetica, sans-serif;\">Totalmente personalizable, por favor h\u00e1ganos saber lo que desea hacer:<\/span><\/li>\n<li><span style=\"font-family: arial, helvetica, sans-serif;\">Escoja una excursi\u00f3n llena de aventuras con caminatas a la cascada o Canopi.<\/span><\/li>\n<li><span style=\"font-family: arial, helvetica, sans-serif;\">\u00a0Caminata a\u00a0las cascadas, o simplemente nadar por debajo de la cascada del r\u00edo Nambillo<\/span><\/li>\n<li><span style=\"font-family: arial, helvetica, sans-serif;\">Tome un paseo en la famosa Tarabita a trav\u00e9s de Mindo<\/span><\/li>\n<\/ul>\n<p><span style=\"font-family: arial, helvetica, sans-serif;\"><!--more--><\/span><\/p>\n<table class=\"table table-bordered tours-tabs__table\" style=\"height: 233px; width: 858px;\">\n<tbody>\n<tr style=\"height: 24px;\">\n<td style=\"height: 24px; width: 221px;\"><span style=\"font-family: arial, helvetica, sans-serif;\"><strong>SALIDA COMPARTIDA<\/strong><\/span><\/td>\n<td style=\"height: 24px; width: 625px;\"><span style=\"font-family: arial, helvetica, sans-serif;\">Viernes<\/span><\/td>\n<\/tr>\n<tr style=\"height: 24px;\">\n<td style=\"height: 24px; width: 221px;\"><span style=\"font-family: arial, helvetica, sans-serif;\"><strong>SALIDA PRIVADA<\/strong><\/span><\/td>\n<td style=\"height: 24px; width: 625px;\"><span style=\"font-family: arial, helvetica, sans-serif;\">Todos los d\u00edas. (costo extra)<\/span><\/td>\n<\/tr>\n<tr style=\"height: 24px;\">\n<td style=\"height: 24px; width: 221px;\"><span style=\"font-family: arial, helvetica, sans-serif;\"><strong>PUNTO DE SALIDA<\/strong><\/span><\/td>\n<td style=\"height: 24px; width: 625px;\"><span style=\"font-family: arial, helvetica, sans-serif;\">Magic Bean (Foch &amp; Juan Leon Mera)<\/span><\/td>\n<\/tr>\n<tr style=\"height: 24px;\">\n<td style=\"height: 24px; width: 221px;\"><span style=\"font-family: arial, helvetica, sans-serif;\"><strong>PUNTO DE RETORNO<\/strong><\/span><\/td>\n<td style=\"height: 24px; width: 625px;\"><span style=\"font-family: arial, helvetica, sans-serif;\">Magic Bean<\/span><\/td>\n<\/tr>\n<tr style=\"height: 24px;\">\n<td style=\"height: 24px; width: 221px;\"><span style=\"font-family: arial, helvetica, sans-serif;\"><strong>HORA DE SALIDA<\/strong><\/span><\/td>\n<td style=\"height: 24px; width: 625px;\"><span style=\"font-family: arial, helvetica, sans-serif;\">Around 07.00 am.<\/span><\/td>\n<\/tr>\n<tr style=\"height: 24px;\">\n<td style=\"height: 24px; width: 221px;\"><span style=\"font-family: arial, helvetica, sans-serif;\"><strong>DURACION<\/strong><\/span><\/td>\n<td style=\"height: 24px; width: 625px;\"><span style=\"font-family: arial, helvetica, sans-serif;\">8 &#8211; 9 horas aproximadamente.<\/span><\/td>\n<\/tr>\n<tr style=\"height: 24px;\">\n<td style=\"height: 24px; width: 221px;\"><span style=\"font-family: arial, helvetica, sans-serif;\"><strong>QUE LLEVAR<\/strong><\/span><\/td>\n<td style=\"height: 24px; width: 625px;\"><span style=\"font-family: arial, helvetica, sans-serif;\">Ropa comoda, agua,\u00a0zapatos para caminar, gorro, chaqueta, protector solar.<\/span><\/td>\n<\/tr>\n<tr style=\"height: 23px;\">\n<td style=\"height: 23px; width: 221px;\"><span style=\"font-family: arial, helvetica, sans-serif;\"><strong>INCLUYE<\/strong><\/span><\/td>\n<td style=\"height: 23px; width: 625px;\"><span style=\"font-family: arial, helvetica, sans-serif;\"><i class=\"fa fa-check icon-tick icon-tick--on\"><\/i> Guia Biling\u00fce.<\/span><br \/>\n<span style=\"font-family: arial, helvetica, sans-serif;\"> <i class=\"fa fa-check icon-tick icon-tick--on\"><\/i>\u00a0Transporte desde el punto de encuentro.<\/span><br \/>\n<span style=\"font-family: arial, helvetica, sans-serif;\"> <i class=\"fa fa-check icon-tick icon-tick--on\"><\/i> Lunch<\/span><\/td>\n<\/tr>\n<tr style=\"height: 38px;\">\n<td style=\"height: 38px; width: 221px;\"><span style=\"font-family: arial, helvetica, sans-serif;\"><b>NOT INCLUDED<\/b><\/span><\/td>\n<td style=\"height: 38px; width: 625px;\"><span style=\"font-family: arial, helvetica, sans-serif;\"><i class=\"fa fa-times icon-tick icon-tick--off\"><\/i> Entradas.<\/span><br \/>\n<span style=\"font-family: arial, helvetica, sans-serif;\"> <i class=\"fa fa-times icon-tick icon-tick--off\"><\/i> Costos extras de actividades no indicadas.<\/span><br \/>\n<span style=\"font-family: arial, helvetica, sans-serif;\"> <i class=\"fa fa-times icon-tick icon-tick--off\"><\/i> Hotel en Quito (Podemos ayudarle con la reserva\u00a0si desea.)<\/span><br \/>\n<span style=\"font-family: arial, helvetica, sans-serif;\"> <i class=\"fa fa-times icon-tick icon-tick--off\"><\/i> Propinas\u00a0(opcional)<\/span><\/td>\n<\/tr>\n<\/tbody>\n<\/table>\n<h2><span style=\"font-family: arial, helvetica, sans-serif; font-size: 20px;\"><strong>DESCRIPCI\u00d3N DEL TOUR A MINDO BOSQUE NUBLADO<\/strong><\/span><\/h2>\n<p><span style=\"font-family: arial, helvetica, sans-serif;\">El <strong>Mindo Bosque Nublado<\/strong>\u00a0comenzar\u00e1 por\u00a0el camino estilizado de paisajes incre\u00edbles y peque\u00f1os pueblos asentados en el camino hacia el Bosque Nublado Mindo Nambillo. Elija sus actividades favoritas y excursiones preferida antes de reservar su viaje: aventura (largas caminatas, cascadas, canopi,\u00a0paseos a caballo), la fauna \/ flora (observaci\u00f3n de aves, jard\u00edn de orqu\u00eddeas, mariposario). Combinar actividades como desee\u00a0acompa\u00f1ado por su gu\u00eda!<\/span><\/p>\n<p><span style=\"font-family: arial, helvetica, sans-serif;\">Temprano por la ma\u00f1ana nos dirigimos al noreste de la provincia de Pichincha. Viajaremos\u00a0a trav\u00e9s de la carretera v\u00eda a la costa (Mitad del Mundo &#8211; Calacal\u00ed &#8211; Los Bancos). Usted conocer\u00e1 los peque\u00f1os pueblos en la carretera y ser testigo de una transformaci\u00f3n asombrosa de paisaje en el camino. Despu\u00e9s de aproximadamente 1 y 1\/2 horas, llegaremos a la preciosa Parroquia de Mindo . <\/span><\/p>\n<p><span style=\"font-family: arial, helvetica, sans-serif;\">Numerosas actividades estar\u00e1n disponibles en esta ubicaci\u00f3n, se obtiene la oportunidad de elegir lo que mejor se adapte al viajero. Mindo es el hogar de una gran\u00a0biodiversidad. Su bosque nublado primario es considerado un para\u00edso ecol\u00f3gico. Amantes de las aves pueden deleitarse con m\u00e1s de 500 especies de aves; colibr\u00edes y tucanes, entre otros, amantes de la flora pueden disfrutar de una caminata inolvidable por su bosque verde.<\/span><\/p>\n<p><span style=\"font-family: arial, helvetica, sans-serif;\">La gran diversidad de plantas, flores y m\u00faltiples formas de vida \u00fanicas de la zona no deja de sorprender a los visitantes. Tambien se puede encontrar la aventura en este lugar en medio de las bellezas ecol\u00f3gicas: caminatas a la cascada, tarabita, tubing y canopy son comunes en la zona.<\/span><\/p>\n<p><span style=\"font-family: arial, helvetica, sans-serif;\"> Tiene que ser el l\u00edder, ya que su gu\u00eda le llevar\u00e1 a donde su esp\u00edritu aventurero este dispuesto a ir! Una visita al hermoso Jard\u00edn de Orqu\u00eddeas o el Mariposario antes de regresar a Quito en la tarde.<\/span><\/p>\n<p>[vc_row][vc_column el_class=&#8221;accocruise&#8221;][vc_column_text]\n<div class=\"panel panel-default accordion__item\">\n\t<div class=\"panel-heading accordion__item__title-wrap\">\n\t\t<h4 class=\"panel-title\">\n\t\t\t<a data-toggle=\"collapse\" data-parent=\"#ataccordion0\" href=\"#ataccordion0_1\" class=\"accordion__item__link collapsed\">Solicite m\u00e1s informaci\u00f3n<\/a>\n\t\t<\/h4>\n\t<\/div>\n\t<div id=\"ataccordion0_1\" class=\"panel-collapse collapse\">\n\t\t<div class=\"panel-body accordion__item__content\">\n                <div class=\"ml-embedded\" data-form=\"Mb9sZj\"><\/div>\n            \n<\/div>\n\t<\/div>\n<\/div>[\/vc_column_text][\/vc_column][\/vc_row]<\/p>\n<\/div>","protected":false},"excerpt":{"rendered":"<p>Mindo Bosque Nublado tiene un itinerario inspirado en la naturaleza y totalmente personalizable. Una excursi\u00f3n al lugar con mayor biodiversidad en el mundo.<\/p>\n","protected":false},"featured_media":1747,"comment_status":"open","ping_status":"closed","template":"","meta":{"_joinchat":[]},"product_brand":[],"product_cat":[3599],"product_tag":[],"class_list":{"0":"post-1745","1":"product","2":"type-product","3":"status-publish","4":"has-post-thumbnail","6":"product_cat-sin-categoria","7":"tour_category-ofertas-de-viajes","8":"tour_category-quito-turismo","10":"first","11":"instock","12":"taxable","13":"shipping-taxable","14":"product-type-tour"},"yoast_head":"<!-- This site is optimized with the Yoast SEO Premium plugin v25.6 (Yoast SEO v26.1.1) - https:\/\/yoast.com\/wordpress\/plugins\/seo\/ -->\n<title>Mindo Bosque Nublado | Viaje de 1 d\u00eda<\/title>\n<meta name=\"description\" content=\"Mindo Bosque Nublado tiene un itinerario inspirado en la naturaleza y totalmente personalizable. Una excursi\u00f3n al lugar con mayor biodiversidad en el mundo.\" \/>\n<meta name=\"robots\" content=\"index, follow, max-snippet:-1, max-image-preview:large, max-video-preview:-1\" \/>\n<link rel=\"canonical\" href=\"https:\/\/naturegalapagos.com\/es\/quito-turismo\/mindo-bosque-nublado\/\" \/>\n<meta property=\"og:locale\" content=\"es_ES\" \/>\n<meta property=\"og:type\" content=\"article\" \/>\n<meta property=\"og:title\" content=\"Mindo Bosque Nublado | Viaje de 1 d\u00eda\" \/>\n<meta property=\"og:description\" content=\"Mindo Bosque Nublado tiene un itinerario inspirado en la naturaleza y totalmente personalizable. Una excursi\u00f3n al lugar con mayor biodiversidad en el mundo.\" \/>\n<meta property=\"og:url\" content=\"https:\/\/naturegalapagos.com\/es\/quito-turismo\/mindo-bosque-nublado\/\" \/>\n<meta property=\"og:site_name\" content=\"Espa\u00f1ol - Nature Galapagos &amp; Ecuador\" \/>\n<meta property=\"article:publisher\" content=\"https:\/\/www.facebook.com\/naturegalapagosecuador\/\" \/>\n<meta property=\"article:modified_time\" content=\"2024-09-17T21:37:26+00:00\" \/>\n<meta property=\"og:image\" content=\"https:\/\/naturegalapagos.com\/es\/wp-content\/uploads\/sites\/3\/2016\/06\/mindo-bosque-nublado.jpg\" \/>\n\t<meta property=\"og:image:width\" content=\"1024\" \/>\n\t<meta property=\"og:image:height\" content=\"512\" \/>\n\t<meta property=\"og:image:type\" content=\"image\/jpeg\" \/>\n<meta name=\"twitter:card\" content=\"summary_large_image\" \/>\n<meta name=\"twitter:title\" content=\"Mindo Bosque Nublado | Viaje de 1 d\u00eda\" \/>\n<meta name=\"twitter:description\" content=\"Mindo Bosque Nublado tiene un itinerario inspirado en la naturaleza y totalmente personalizable. Una excursi\u00f3n al lugar con mayor biodiversidad en el mundo.\" \/>\n<meta name=\"twitter:site\" content=\"@naturegalapagos\" \/>\n<meta name=\"twitter:label1\" content=\"Tiempo de lectura\" \/>\n\t<meta name=\"twitter:data1\" content=\"3 minutos\" \/>\n<!-- \/ Yoast SEO Premium plugin. -->","yoast_head_json":{"title":"Mindo Bosque Nublado | Viaje de 1 d\u00eda","description":"Mindo Bosque Nublado tiene un itinerario inspirado en la naturaleza y totalmente personalizable. Una excursi\u00f3n al lugar con mayor biodiversidad en el mundo.","robots":{"index":"index","follow":"follow","max-snippet":"max-snippet:-1","max-image-preview":"max-image-preview:large","max-video-preview":"max-video-preview:-1"},"canonical":"https:\/\/naturegalapagos.com\/es\/quito-turismo\/mindo-bosque-nublado\/","og_locale":"es_ES","og_type":"article","og_title":"Mindo Bosque Nublado | Viaje de 1 d\u00eda","og_description":"Mindo Bosque Nublado tiene un itinerario inspirado en la naturaleza y totalmente personalizable. Una excursi\u00f3n al lugar con mayor biodiversidad en el mundo.","og_url":"https:\/\/naturegalapagos.com\/es\/quito-turismo\/mindo-bosque-nublado\/","og_site_name":"Espa\u00f1ol - Nature Galapagos &amp; Ecuador","article_publisher":"https:\/\/www.facebook.com\/naturegalapagosecuador\/","article_modified_time":"2024-09-17T21:37:26+00:00","og_image":[{"width":1024,"height":512,"url":"https:\/\/naturegalapagos.com\/es\/wp-content\/uploads\/sites\/3\/2016\/06\/mindo-bosque-nublado.jpg","type":"image\/jpeg"}],"twitter_card":"summary_large_image","twitter_title":"Mindo Bosque Nublado | Viaje de 1 d\u00eda","twitter_description":"Mindo Bosque Nublado tiene un itinerario inspirado en la naturaleza y totalmente personalizable. Una excursi\u00f3n al lugar con mayor biodiversidad en el mundo.","twitter_site":"@naturegalapagos","twitter_misc":{"Tiempo de lectura":"3 minutos"},"schema":{"@context":"https:\/\/schema.org","@graph":[{"@type":"WebPage","@id":"https:\/\/naturegalapagos.com\/es\/quito-turismo\/mindo-bosque-nublado\/","url":"https:\/\/naturegalapagos.com\/es\/quito-turismo\/mindo-bosque-nublado\/","name":"Mindo Bosque Nublado | Viaje de 1 d\u00eda","isPartOf":{"@id":"https:\/\/naturegalapagos.com\/es\/#website"},"primaryImageOfPage":{"@id":"https:\/\/naturegalapagos.com\/es\/quito-turismo\/mindo-bosque-nublado\/#primaryimage"},"image":{"@id":"https:\/\/naturegalapagos.com\/es\/quito-turismo\/mindo-bosque-nublado\/#primaryimage"},"thumbnailUrl":"https:\/\/naturegalapagos.com\/es\/wp-content\/uploads\/sites\/3\/2016\/06\/mindo-bosque-nublado.jpg","datePublished":"2024-09-17T20:35:47+00:00","dateModified":"2024-09-17T21:37:26+00:00","description":"Mindo Bosque Nublado tiene un itinerario inspirado en la naturaleza y totalmente personalizable. Una excursi\u00f3n al lugar con mayor biodiversidad en el mundo.","breadcrumb":{"@id":"https:\/\/naturegalapagos.com\/es\/quito-turismo\/mindo-bosque-nublado\/#breadcrumb"},"inLanguage":"es","potentialAction":[{"@type":"ReadAction","target":["https:\/\/naturegalapagos.com\/es\/quito-turismo\/mindo-bosque-nublado\/"]}]},{"@type":"ImageObject","inLanguage":"es","@id":"https:\/\/naturegalapagos.com\/es\/quito-turismo\/mindo-bosque-nublado\/#primaryimage","url":"https:\/\/naturegalapagos.com\/es\/wp-content\/uploads\/sites\/3\/2016\/06\/mindo-bosque-nublado.jpg","contentUrl":"https:\/\/naturegalapagos.com\/es\/wp-content\/uploads\/sites\/3\/2016\/06\/mindo-bosque-nublado.jpg","width":1024,"height":512,"caption":"Mindo bosque nublado"},{"@type":"BreadcrumbList","@id":"https:\/\/naturegalapagos.com\/es\/quito-turismo\/mindo-bosque-nublado\/#breadcrumb","itemListElement":[{"@type":"ListItem","position":1,"name":"Home","item":"https:\/\/naturegalapagos.com\/es\/"},{"@type":"ListItem","position":2,"name":"Tienda","item":"https:\/\/naturegalapagos.com\/es\/tienda\/"},{"@type":"ListItem","position":3,"name":"Mindo Bosque Nublado"}]},{"@type":"WebSite","@id":"https:\/\/naturegalapagos.com\/es\/#website","url":"https:\/\/naturegalapagos.com\/es\/","name":"Espa\u00f1ol - Nature Galapagos & Ecuador","description":"","publisher":{"@id":"https:\/\/naturegalapagos.com\/es\/#organization"},"potentialAction":[{"@type":"SearchAction","target":{"@type":"EntryPoint","urlTemplate":"https:\/\/naturegalapagos.com\/es\/?s={search_term_string}"},"query-input":{"@type":"PropertyValueSpecification","valueRequired":true,"valueName":"search_term_string"}}],"inLanguage":"es"},{"@type":"Organization","@id":"https:\/\/naturegalapagos.com\/es\/#organization","name":"Espa\u00f1ol - Nature Galapagos & Ecuador","url":"https:\/\/naturegalapagos.com\/es\/","logo":{"@type":"ImageObject","inLanguage":"es","@id":"https:\/\/naturegalapagos.com\/es\/#\/schema\/logo\/image\/","url":"https:\/\/naturegalapagos.com\/es\/wp-content\/uploads\/sites\/3\/2016\/10\/Nature-Galapagos-Logo-COM-300x300.jpg","contentUrl":"https:\/\/naturegalapagos.com\/es\/wp-content\/uploads\/sites\/3\/2016\/10\/Nature-Galapagos-Logo-COM-300x300.jpg","width":300,"height":300,"caption":"Espa\u00f1ol - Nature Galapagos & Ecuador"},"image":{"@id":"https:\/\/naturegalapagos.com\/es\/#\/schema\/logo\/image\/"},"sameAs":["https:\/\/www.facebook.com\/naturegalapagosecuador\/","https:\/\/x.com\/naturegalapagos","https:\/\/www.instagram.com\/naturegalapagos\/","https:\/\/www.pinterest.com\/Naturegalapagos\/","https:\/\/www.youtube.com\/user\/NatureGalapagosTours"]}]}},"_links":{"self":[{"href":"https:\/\/naturegalapagos.com\/es\/wp-json\/wp\/v2\/product\/1745","targetHints":{"allow":["GET"]}}],"collection":[{"href":"https:\/\/naturegalapagos.com\/es\/wp-json\/wp\/v2\/product"}],"about":[{"href":"https:\/\/naturegalapagos.com\/es\/wp-json\/wp\/v2\/types\/product"}],"replies":[{"embeddable":true,"href":"https:\/\/naturegalapagos.com\/es\/wp-json\/wp\/v2\/comments?post=1745"}],"wp:featuredmedia":[{"embeddable":true,"href":"https:\/\/naturegalapagos.com\/es\/wp-json\/wp\/v2\/media\/1747"}],"wp:attachment":[{"href":"https:\/\/naturegalapagos.com\/es\/wp-json\/wp\/v2\/media?parent=1745"}],"wp:term":[{"taxonomy":"product_brand","embeddable":true,"href":"https:\/\/naturegalapagos.com\/es\/wp-json\/wp\/v2\/product_brand?post=1745"},{"taxonomy":"product_cat","embeddable":true,"href":"https:\/\/naturegalapagos.com\/es\/wp-json\/wp\/v2\/product_cat?post=1745"},{"taxonomy":"product_tag","embeddable":true,"href":"https:\/\/naturegalapagos.com\/es\/wp-json\/wp\/v2\/product_tag?post=1745"}],"curies":[{"name":"wp","href":"https:\/\/api.w.org\/{rel}","templated":true}]}}