{"id":1750,"date":"2024-09-17T16:30:55","date_gmt":"2024-09-17T20:30:55","guid":{"rendered":"http:\/\/naturegalapagos.com\/es\/?post_type=product&#038;p=1750"},"modified":"2024-09-17T17:30:22","modified_gmt":"2024-09-17T21:30:22","slug":"quito-turismo-termas-de-papallacta","status":"publish","type":"product","link":"https:\/\/naturegalapagos.com\/es\/quito-turismo\/termas-de-papallacta\/","title":{"rendered":"Termas de Papallacta"},"content":{"rendered":"<div class=\"wpb-content-wrapper\"><h2><span style=\"font-family: arial, helvetica, sans-serif;\"><strong>Termas de Papallacta | Tour de 1 d\u00eda.<\/strong><\/span><\/h2>\n<ul>\n<li><span style=\"font-family: arial, helvetica, sans-serif;\">\u00a0Sea testigo de un cambio sorprendente en el paisaje andino, desde el valle hasta el P\u00e1ramo y hacia abajo a la selva tropical<\/span><\/li>\n<li><span style=\"font-family: arial, helvetica, sans-serif;\">\u00a0Disfrute de un paseo por los alrededores de las Termas de Papallacta (Cayambe &#8211; Reserva Coca)<\/span><\/li>\n<li><span style=\"font-family: arial, helvetica, sans-serif;\">\u00a0Tenga un muestra especial de la cocina de Papallacta: Trucha al vapor<\/span><\/li>\n<li><span style=\"font-family: arial, helvetica, sans-serif;\">\u00a0Sum\u00e9rjase en las termas minerales curativas de Papallacta (piscinas termales) y a relajarse!<\/span><\/li>\n<li><span style=\"font-family: arial, helvetica, sans-serif;\">Las Termas de Papallacta es una gran opci\u00f3n para un viaje a pocas horas desde Quito!<\/span><\/li>\n<\/ul>\n<p><span style=\"font-family: arial, helvetica, sans-serif;\"><!--more--><\/span><\/p>\n<h3><span style=\"font-family: arial, helvetica, sans-serif; font-size: 20px;\"><strong>Datos Importantes<\/strong><\/span><\/h3>\n<table class=\"table table-bordered tours-tabs__table\" style=\"height: 233px; width: 858px;\">\n<tbody>\n<tr style=\"height: 24px;\">\n<td style=\"height: 24px; width: 221px;\"><span style=\"font-family: arial, helvetica, sans-serif;\"><strong>SALIDA PRIVADA:<\/strong><\/span><\/td>\n<td style=\"height: 24px; width: 625px;\"><span style=\"font-family: arial, helvetica, sans-serif;\">Todos los dias.<\/span><\/td>\n<\/tr>\n<tr style=\"height: 24px;\">\n<td style=\"height: 24px; width: 221px;\"><span style=\"font-family: arial, helvetica, sans-serif;\"><strong>PUNTO DE SALIDA:<\/strong><\/span><\/td>\n<td style=\"height: 24px; width: 625px;\"><span style=\"font-family: arial, helvetica, sans-serif;\">Lugar de encuentro.<\/span><\/td>\n<\/tr>\n<tr style=\"height: 24px;\">\n<td style=\"height: 24px; width: 221px;\"><span style=\"font-family: arial, helvetica, sans-serif;\"><strong>PUNTO DE RETORNO:<\/strong><\/span><\/td>\n<td style=\"height: 24px; width: 625px;\"><span style=\"font-family: arial, helvetica, sans-serif;\">Lugar de encuentro.<\/span><\/td>\n<\/tr>\n<tr style=\"height: 24px;\">\n<td style=\"height: 24px; width: 221px;\"><span style=\"font-family: arial, helvetica, sans-serif;\"><strong>HORA DE SALIDA:<\/strong><\/span><\/td>\n<td style=\"height: 24px; width: 625px;\"><span style=\"font-family: arial, helvetica, sans-serif;\">Around 07.30 am.<\/span><\/td>\n<\/tr>\n<tr style=\"height: 24px;\">\n<td style=\"height: 24px; width: 221px;\"><span style=\"font-family: arial, helvetica, sans-serif;\"><strong>DURACION:<\/strong><\/span><\/td>\n<td style=\"height: 24px; width: 625px;\"><span style=\"font-family: arial, helvetica, sans-serif;\">8 a 9 horas aproximadamente.<\/span><\/td>\n<\/tr>\n<tr style=\"height: 24px;\">\n<td style=\"height: 24px; width: 221px;\"><span style=\"font-family: arial, helvetica, sans-serif;\"><strong>QUE LLEVAR:<\/strong><\/span><\/td>\n<td style=\"height: 24px; width: 625px;\"><span style=\"font-family: arial, helvetica, sans-serif;\">Ropa comoda, agua,\u00a0zapatos para caminar, gorro, chaqueta, protector solar.<\/span><\/td>\n<\/tr>\n<tr style=\"height: 23px;\">\n<td style=\"height: 23px; width: 221px;\"><span style=\"font-family: arial, helvetica, sans-serif;\"><strong>INCLUYE<\/strong><\/span><\/td>\n<td style=\"height: 23px; width: 625px;\"><span style=\"font-family: arial, helvetica, sans-serif;\"><i class=\"fa fa-check icon-tick icon-tick--on\"><\/i> Guia Biling\u00fce.<\/span><br \/>\n<span style=\"font-family: arial, helvetica, sans-serif;\"> <i class=\"fa fa-check icon-tick icon-tick--on\"><\/i>\u00a0Transporte desde el punto de encuentro.<\/span><br \/>\n<span style=\"font-family: arial, helvetica, sans-serif;\"> <i class=\"fa fa-check icon-tick icon-tick--on\"><\/i> Lunch (solo si es solicitado)<\/span><\/td>\n<\/tr>\n<tr style=\"height: 38px;\">\n<td style=\"height: 38px; width: 221px;\"><span style=\"font-family: arial, helvetica, sans-serif;\"><b>NOT INCLUDED<\/b><\/span><\/td>\n<td style=\"height: 38px; width: 625px;\"><span style=\"font-family: arial, helvetica, sans-serif;\"><i class=\"fa fa-times icon-tick icon-tick--off\"><\/i> Comidas (no especificadas)<\/span><br \/>\n<span style=\"font-family: arial, helvetica, sans-serif;\"> <i class=\"fa fa-times icon-tick icon-tick--off\"><\/i> Entradas<\/span><br \/>\n<span style=\"font-family: arial, helvetica, sans-serif;\"> <i class=\"fa fa-times icon-tick icon-tick--off\"><\/i> Costos extras de actividades no indicadas.<\/span><br \/>\n<span style=\"font-family: arial, helvetica, sans-serif;\"> <i class=\"fa fa-times icon-tick icon-tick--off\"><\/i> Hotel en Quito (Podemos ayudarle con la research si desea.)<\/span><br \/>\n<span style=\"font-family: arial, helvetica, sans-serif;\"> <i class=\"fa fa-times icon-tick icon-tick--off\"><\/i> Propinas\u00a0(opcional)<\/span><\/td>\n<\/tr>\n<\/tbody>\n<\/table>\n<h3><span style=\"font-family: arial, helvetica, sans-serif; font-size: 18pt;\"><strong>Termas de Papallacta tourdescripci\u00f3n\u00a0Corta.<\/strong><\/span><\/h3>\n<p><span style=\"font-family: arial, helvetica, sans-serif;\">Una excursi\u00f3n de d\u00eda completo de aventura y relajaci\u00f3n en las\u00a0<strong>Termas de Papallacta Spa &amp; Resort<\/strong>\u00a0despu\u00e9s de una caminata incre\u00edble en el\u00a0<strong>Cayambe &#8211; Reserva Coca.<\/strong>\u00a0Una gran opci\u00f3n para un viaje de un d\u00eda completo.<\/span><\/p>\n<p><span style=\"font-family: arial, helvetica, sans-serif;\">Vamos a comenzar el recorrido al sureste de Quito. Las Termas de Papallacta se encuentran a\u00a0<strong>75 minutos<\/strong>\u00a0de Quito, viajando a trav\u00e9s de la ruta de la selva. A medida que caminamos a lo largo de la cordillera oriental de los Andes pasaremos por el\u00a0<strong>Valle de los Chillos<\/strong>, un pueblo tradicionalmente agr\u00edcola y ahora en d\u00eda una ciudad moderna.<\/span><\/p>\n<p><span style=\"font-family: arial, helvetica, sans-serif;\"> El viaje nos har\u00e1 testigos de un cambio incre\u00edble en el paisaje y zonas clim\u00e1ticas; desde el valle c\u00e1lido nos adentraremos en el fresco\u00a0<strong>P\u00e1ramo<\/strong>\u00a0y la\u00a0<strong>selva tropical<\/strong>\u00a0en menos de dos horas. Si el cielo est\u00e1 despejado, se puede echar un vistazo al extraordinario pico nevado del\u00a0<strong>Volc\u00e1n Antisana<\/strong>. El peque\u00f1o pueblo de Papallacta, ubicado en la sierra central en 3200m.asl, es el hogar de las\u00a0<strong>Termas de Papallacta.<\/strong><\/span><\/p>\n<p><span style=\"font-family: arial, helvetica, sans-serif;\">Las famosas piscinas termales tienen aguas sulfatas alcalinas procedentes directamente de\u00a0<strong>Cayambe<\/strong>\u00a0y las fisuras volc\u00e1nicas del\u00a0<strong>Antisana.<\/strong>\u00a0Es de creencia com\u00fan que estos tienen\u00a0<strong>propiedades curativas<\/strong>\u00a0y alivian enfermedades como\u00a0<strong>artritis, problemas digestivos o mala circulaci\u00f3n.<\/strong>\u00a0<\/span><\/p>\n<p><span style=\"font-family: arial, helvetica, sans-serif;\">Por supuesto, vamos a tener tiempo para disfrutar de una experiencia reparadora de cuerpo y mente en las piscinas termales. Podemos tomar una corta caminata por la zona antes o despu\u00e9s de la inmersi\u00f3n a las piscinas. <\/span><\/p>\n<p><span style=\"font-family: arial, helvetica, sans-serif;\">En los alrededores, tambi\u00e9n conocido como el\u00a0<strong>Parque Nacional Cayambe &#8211; \u00a0Reserva \u00a0Coca<\/strong>, es rica en flora y fauna, y sobre todo caracterizado por el\u00a0<strong>Polylepis<\/strong>\u00a0o\u00a0<strong>\u00e1rbol de papel.<\/strong> Por la tarde nos dirigiremos de regreso a Quito.<\/span><\/p>\n<p>[vc_row][vc_column el_class=&#8221;accocruise&#8221;][vc_column_text]\n<div class=\"panel panel-default accordion__item\">\n\t<div class=\"panel-heading accordion__item__title-wrap\">\n\t\t<h4 class=\"panel-title\">\n\t\t\t<a data-toggle=\"collapse\" data-parent=\"#ataccordion0\" href=\"#ataccordion0_1\" class=\"accordion__item__link collapsed\">Solicite m\u00e1s informaci\u00f3n<\/a>\n\t\t<\/h4>\n\t<\/div>\n\t<div id=\"ataccordion0_1\" class=\"panel-collapse collapse\">\n\t\t<div class=\"panel-body accordion__item__content\">                <div class=\"ml-embedded\" data-form=\"6ejU81\"><\/div>\n            <\/div>\n\t<\/div>\n<\/div>[\/vc_column_text][\/vc_column][\/vc_row]<\/p>\n<\/div>","protected":false},"excerpt":{"rendered":"<p>Termas de Papallacta: Una excursi\u00f3n a Papallacta y sus alrededores. Caminata en la Reserva Cayambe &#8211; Coca , luego relajaci\u00f3n en las aguas termales.<\/p>\n","protected":false},"featured_media":1752,"comment_status":"open","ping_status":"closed","template":"","meta":{"_joinchat":[]},"product_brand":[],"product_cat":[3599],"product_tag":[],"class_list":{"0":"post-1750","1":"product","2":"type-product","3":"status-publish","4":"has-post-thumbnail","6":"product_cat-sin-categoria","7":"tour_category-quito-turismo","9":"first","10":"instock","11":"taxable","12":"shipping-taxable","13":"product-type-tour"},"yoast_head":"<!-- This site is optimized with the Yoast SEO Premium plugin v25.6 (Yoast SEO v26.1.1) - https:\/\/yoast.com\/wordpress\/plugins\/seo\/ -->\n<title>Termas de Papallacta | Tour de 1 d\u00eda<\/title>\n<meta name=\"description\" content=\"Termas de Papallacta: Una excursi\u00f3n a Papallacta y sus alrededores. Caminata en la Reserva Cayambe - Coca , luego relajaci\u00f3n en las aguas termales. &quot;NG&amp;E&quot;\" \/>\n<meta name=\"robots\" content=\"index, follow, max-snippet:-1, max-image-preview:large, max-video-preview:-1\" \/>\n<link rel=\"canonical\" href=\"https:\/\/naturegalapagos.com\/es\/quito-turismo\/termas-de-papallacta\/\" \/>\n<meta property=\"og:locale\" content=\"es_ES\" \/>\n<meta property=\"og:type\" content=\"article\" \/>\n<meta property=\"og:title\" content=\"Termas de Papallacta | Tour de 1 d\u00eda\" \/>\n<meta property=\"og:description\" content=\"Termas de Papallacta: Una excursi\u00f3n a Papallacta y sus alrededores. Caminata en la Reserva Cayambe - Coca , luego relajaci\u00f3n en las aguas termales. &quot;NG&amp;E&quot;\" \/>\n<meta property=\"og:url\" content=\"https:\/\/naturegalapagos.com\/es\/quito-turismo\/termas-de-papallacta\/\" \/>\n<meta property=\"og:site_name\" content=\"Espa\u00f1ol - Nature Galapagos &amp; Ecuador\" \/>\n<meta property=\"article:publisher\" content=\"https:\/\/www.facebook.com\/naturegalapagosecuador\/\" \/>\n<meta property=\"article:modified_time\" content=\"2024-09-17T21:30:22+00:00\" \/>\n<meta property=\"og:image\" content=\"https:\/\/naturegalapagos.com\/es\/wp-content\/uploads\/sites\/3\/2016\/06\/termas-de-papallacta.jpg\" \/>\n\t<meta property=\"og:image:width\" content=\"1024\" \/>\n\t<meta property=\"og:image:height\" content=\"512\" \/>\n\t<meta property=\"og:image:type\" content=\"image\/jpeg\" \/>\n<meta name=\"twitter:card\" content=\"summary_large_image\" \/>\n<meta name=\"twitter:title\" content=\"Termas de Papallacta | Tour de 1 d\u00eda\" \/>\n<meta name=\"twitter:description\" content=\"Termas de Papallacta: Una excursi\u00f3n a Papallacta y sus alrededores. Caminata en la Reserva Cayambe - Coca , luego relajaci\u00f3n en las aguas termales. &quot;NG&amp;E&quot;\" \/>\n<meta name=\"twitter:site\" content=\"@naturegalapagos\" \/>\n<meta name=\"twitter:label1\" content=\"Tiempo de lectura\" \/>\n\t<meta name=\"twitter:data1\" content=\"3 minutos\" \/>\n<!-- \/ Yoast SEO Premium plugin. -->","yoast_head_json":{"title":"Termas de Papallacta | Tour de 1 d\u00eda","description":"Termas de Papallacta: Una excursi\u00f3n a Papallacta y sus alrededores. Caminata en la Reserva Cayambe - Coca , luego relajaci\u00f3n en las aguas termales. \"NG&E\"","robots":{"index":"index","follow":"follow","max-snippet":"max-snippet:-1","max-image-preview":"max-image-preview:large","max-video-preview":"max-video-preview:-1"},"canonical":"https:\/\/naturegalapagos.com\/es\/quito-turismo\/termas-de-papallacta\/","og_locale":"es_ES","og_type":"article","og_title":"Termas de Papallacta | Tour de 1 d\u00eda","og_description":"Termas de Papallacta: Una excursi\u00f3n a Papallacta y sus alrededores. Caminata en la Reserva Cayambe - Coca , luego relajaci\u00f3n en las aguas termales. \"NG&E\"","og_url":"https:\/\/naturegalapagos.com\/es\/quito-turismo\/termas-de-papallacta\/","og_site_name":"Espa\u00f1ol - Nature Galapagos &amp; Ecuador","article_publisher":"https:\/\/www.facebook.com\/naturegalapagosecuador\/","article_modified_time":"2024-09-17T21:30:22+00:00","og_image":[{"width":1024,"height":512,"url":"https:\/\/naturegalapagos.com\/es\/wp-content\/uploads\/sites\/3\/2016\/06\/termas-de-papallacta.jpg","type":"image\/jpeg"}],"twitter_card":"summary_large_image","twitter_title":"Termas de Papallacta | Tour de 1 d\u00eda","twitter_description":"Termas de Papallacta: Una excursi\u00f3n a Papallacta y sus alrededores. Caminata en la Reserva Cayambe - Coca , luego relajaci\u00f3n en las aguas termales. \"NG&E\"","twitter_site":"@naturegalapagos","twitter_misc":{"Tiempo de lectura":"3 minutos"},"schema":{"@context":"https:\/\/schema.org","@graph":[{"@type":"WebPage","@id":"https:\/\/naturegalapagos.com\/es\/quito-turismo\/termas-de-papallacta\/","url":"https:\/\/naturegalapagos.com\/es\/quito-turismo\/termas-de-papallacta\/","name":"Termas de Papallacta | Tour de 1 d\u00eda","isPartOf":{"@id":"https:\/\/naturegalapagos.com\/es\/#website"},"primaryImageOfPage":{"@id":"https:\/\/naturegalapagos.com\/es\/quito-turismo\/termas-de-papallacta\/#primaryimage"},"image":{"@id":"https:\/\/naturegalapagos.com\/es\/quito-turismo\/termas-de-papallacta\/#primaryimage"},"thumbnailUrl":"https:\/\/naturegalapagos.com\/es\/wp-content\/uploads\/sites\/3\/2016\/06\/termas-de-papallacta.jpg","datePublished":"2024-09-17T20:30:55+00:00","dateModified":"2024-09-17T21:30:22+00:00","description":"Termas de Papallacta: Una excursi\u00f3n a Papallacta y sus alrededores. Caminata en la Reserva Cayambe - Coca , luego relajaci\u00f3n en las aguas termales. \"NG&E\"","breadcrumb":{"@id":"https:\/\/naturegalapagos.com\/es\/quito-turismo\/termas-de-papallacta\/#breadcrumb"},"inLanguage":"es","potentialAction":[{"@type":"ReadAction","target":["https:\/\/naturegalapagos.com\/es\/quito-turismo\/termas-de-papallacta\/"]}]},{"@type":"ImageObject","inLanguage":"es","@id":"https:\/\/naturegalapagos.com\/es\/quito-turismo\/termas-de-papallacta\/#primaryimage","url":"https:\/\/naturegalapagos.com\/es\/wp-content\/uploads\/sites\/3\/2016\/06\/termas-de-papallacta.jpg","contentUrl":"https:\/\/naturegalapagos.com\/es\/wp-content\/uploads\/sites\/3\/2016\/06\/termas-de-papallacta.jpg","width":1024,"height":512,"caption":"Termas de Papallacta"},{"@type":"BreadcrumbList","@id":"https:\/\/naturegalapagos.com\/es\/quito-turismo\/termas-de-papallacta\/#breadcrumb","itemListElement":[{"@type":"ListItem","position":1,"name":"Home","item":"https:\/\/naturegalapagos.com\/es\/"},{"@type":"ListItem","position":2,"name":"Tienda","item":"https:\/\/naturegalapagos.com\/es\/tienda\/"},{"@type":"ListItem","position":3,"name":"Termas de Papallacta"}]},{"@type":"WebSite","@id":"https:\/\/naturegalapagos.com\/es\/#website","url":"https:\/\/naturegalapagos.com\/es\/","name":"Espa\u00f1ol - Nature Galapagos & Ecuador","description":"","publisher":{"@id":"https:\/\/naturegalapagos.com\/es\/#organization"},"potentialAction":[{"@type":"SearchAction","target":{"@type":"EntryPoint","urlTemplate":"https:\/\/naturegalapagos.com\/es\/?s={search_term_string}"},"query-input":{"@type":"PropertyValueSpecification","valueRequired":true,"valueName":"search_term_string"}}],"inLanguage":"es"},{"@type":"Organization","@id":"https:\/\/naturegalapagos.com\/es\/#organization","name":"Espa\u00f1ol - Nature Galapagos & Ecuador","url":"https:\/\/naturegalapagos.com\/es\/","logo":{"@type":"ImageObject","inLanguage":"es","@id":"https:\/\/naturegalapagos.com\/es\/#\/schema\/logo\/image\/","url":"https:\/\/naturegalapagos.com\/es\/wp-content\/uploads\/sites\/3\/2016\/10\/Nature-Galapagos-Logo-COM-300x300.jpg","contentUrl":"https:\/\/naturegalapagos.com\/es\/wp-content\/uploads\/sites\/3\/2016\/10\/Nature-Galapagos-Logo-COM-300x300.jpg","width":300,"height":300,"caption":"Espa\u00f1ol - Nature Galapagos & Ecuador"},"image":{"@id":"https:\/\/naturegalapagos.com\/es\/#\/schema\/logo\/image\/"},"sameAs":["https:\/\/www.facebook.com\/naturegalapagosecuador\/","https:\/\/x.com\/naturegalapagos","https:\/\/www.instagram.com\/naturegalapagos\/","https:\/\/www.pinterest.com\/Naturegalapagos\/","https:\/\/www.youtube.com\/user\/NatureGalapagosTours"]}]}},"_links":{"self":[{"href":"https:\/\/naturegalapagos.com\/es\/wp-json\/wp\/v2\/product\/1750","targetHints":{"allow":["GET"]}}],"collection":[{"href":"https:\/\/naturegalapagos.com\/es\/wp-json\/wp\/v2\/product"}],"about":[{"href":"https:\/\/naturegalapagos.com\/es\/wp-json\/wp\/v2\/types\/product"}],"replies":[{"embeddable":true,"href":"https:\/\/naturegalapagos.com\/es\/wp-json\/wp\/v2\/comments?post=1750"}],"wp:featuredmedia":[{"embeddable":true,"href":"https:\/\/naturegalapagos.com\/es\/wp-json\/wp\/v2\/media\/1752"}],"wp:attachment":[{"href":"https:\/\/naturegalapagos.com\/es\/wp-json\/wp\/v2\/media?parent=1750"}],"wp:term":[{"taxonomy":"product_brand","embeddable":true,"href":"https:\/\/naturegalapagos.com\/es\/wp-json\/wp\/v2\/product_brand?post=1750"},{"taxonomy":"product_cat","embeddable":true,"href":"https:\/\/naturegalapagos.com\/es\/wp-json\/wp\/v2\/product_cat?post=1750"},{"taxonomy":"product_tag","embeddable":true,"href":"https:\/\/naturegalapagos.com\/es\/wp-json\/wp\/v2\/product_tag?post=1750"}],"curies":[{"name":"wp","href":"https:\/\/api.w.org\/{rel}","templated":true}]}}