{"id":1755,"date":"2024-09-17T10:13:48","date_gmt":"2024-09-17T14:13:48","guid":{"rendered":"http:\/\/naturegalapagos.com\/es\/quito-turismo\/termas-de-papallacta"},"modified":"2024-09-17T17:31:45","modified_gmt":"2024-09-17T21:31:45","slug":"quito-turismoparque-nacional-cotopaxi-2","status":"publish","type":"product","link":"https:\/\/naturegalapagos.com\/es\/quito-turismo\/parque-nacional-cotopaxi\/","title":{"rendered":"Incre\u00edble Parque Nacional Cotopaxi"},"content":{"rendered":"<div class=\"wpb-content-wrapper\"><h2><span style=\"font-family: arial, helvetica, sans-serif; font-size: 18pt;\"><strong>Parque Nacional Cotopaxi | Tour de 1 d\u00eda.<\/strong><\/span><\/h2>\n<ul>\n<li><span style=\"font-family: arial, helvetica, sans-serif;\">\u00a0Viaje a trav\u00e9s del incre\u00edble paisaje de la Avenida de los Volcanes hasta el majestuoso Volc\u00e1n Cotopaxi<\/span><\/li>\n<li><span style=\"font-family: arial, helvetica, sans-serif;\">\u00a0Caminata hacia el segundo punto m\u00e1s alto en el Ecuador y uno de volcanes activos m\u00e1s altos del mundo<\/span><\/li>\n<li><span style=\"font-family: arial, helvetica, sans-serif;\">\u00a0Disfrute de un impresionante paisaje, el aire fresco de monta\u00f1a en el Parque Nacional Cotopaxi en un corto camino desde Quito<\/span><\/li>\n<li><span style=\"font-family: arial, helvetica, sans-serif;\">\u00a0Ad\u00e9ntrese en la biodiversidad del p\u00e1ramo, la Laguna de Limpiopungo, suba a los glaciares (depende de las condiciones clim\u00e1ticas)<\/span><\/li>\n<li><span style=\"font-family: arial, helvetica, sans-serif;\">\u00a0Disfrute de un paseo a caballo (opcional) o aventura en bicicleta en las escaleras del Volc\u00e1n Cotopaxi.<\/span><\/li>\n<\/ul>\n<p><span style=\"font-family: arial, helvetica, sans-serif;\"><!--more--><\/span><\/p>\n<table class=\"table table-bordered tours-tabs__table\" style=\"height: 233px; width: 858px;\">\n<tbody>\n<tr style=\"height: 24px;\">\n<td style=\"height: 24px; width: 221px;\"><span style=\"font-family: arial, helvetica, sans-serif;\"><strong>SALIDA COMPARTIDA:<\/strong><\/span><\/td>\n<td style=\"height: 24px; width: 625px;\"><span style=\"font-family: arial, helvetica, sans-serif;\">Mi\u00e9rcoles, Viernes, S\u00e1bado &amp; Domingo\u00a0<strong> (salida econ\u00f3mica)<\/strong><\/span><\/td>\n<\/tr>\n<tr style=\"height: 24px;\">\n<td style=\"height: 24px; width: 221px;\"><span style=\"font-family: arial, helvetica, sans-serif;\"><strong>SALIDA PRIVADA:<\/strong><\/span><\/td>\n<td style=\"height: 24px; width: 625px;\"><span style=\"font-family: arial, helvetica, sans-serif;\">Todos los d\u00edas.<strong> (costo extra)<\/strong><\/span><\/td>\n<\/tr>\n<tr style=\"height: 24px;\">\n<td style=\"height: 24px; width: 221px;\"><span style=\"font-family: arial, helvetica, sans-serif;\"><strong>PUNTO DE SALIDA:<\/strong><\/span><\/td>\n<td style=\"height: 24px; width: 625px;\"><span style=\"font-family: arial, helvetica, sans-serif;\">Magic Bean (Foch &amp; Juan Leon Mera)<\/span><\/td>\n<\/tr>\n<tr style=\"height: 24px;\">\n<td style=\"height: 24px; width: 221px;\"><span style=\"font-family: arial, helvetica, sans-serif;\"><strong>PUNTO DE RETORNO:<\/strong><\/span><\/td>\n<td style=\"height: 24px; width: 625px;\"><span style=\"font-family: arial, helvetica, sans-serif;\">Magic Bean<\/span><\/td>\n<\/tr>\n<tr style=\"height: 24px;\">\n<td style=\"height: 24px; width: 221px;\"><span style=\"font-family: arial, helvetica, sans-serif;\"><strong>HORA DE SALIDA:<\/strong><\/span><\/td>\n<td style=\"height: 24px; width: 625px;\"><span style=\"font-family: arial, helvetica, sans-serif;\">Around 07.00 am.<\/span><\/td>\n<\/tr>\n<tr style=\"height: 24px;\">\n<td style=\"height: 24px; width: 221px;\"><span style=\"font-family: arial, helvetica, sans-serif;\"><strong>DURACION:<\/strong><\/span><\/td>\n<td style=\"height: 24px; width: 625px;\"><span style=\"font-family: arial, helvetica, sans-serif;\">8 a 9 horas aproximadamente.<\/span><\/td>\n<\/tr>\n<tr style=\"height: 24px;\">\n<td style=\"height: 24px; width: 221px;\"><span style=\"font-family: arial, helvetica, sans-serif;\"><strong>QUE LLEVAR:<\/strong><\/span><\/td>\n<td style=\"height: 24px; width: 625px;\"><span style=\"font-family: arial, helvetica, sans-serif;\">Ropa comoda, agua,\u00a0zapatos para caminar, gorro, chaqueta, protector solar.<\/span><\/td>\n<\/tr>\n<tr style=\"height: 23px;\">\n<td style=\"height: 23px; width: 221px;\"><span style=\"font-family: arial, helvetica, sans-serif;\"><strong>INCLUYE<\/strong><\/span><\/td>\n<td style=\"height: 23px; width: 625px;\"><span style=\"font-family: arial, helvetica, sans-serif;\"><i class=\"fa fa-check icon-tick icon-tick--on\"><\/i> Guia Biling\u00fce.<\/span><br \/>\n<span style=\"font-family: arial, helvetica, sans-serif;\"> <i class=\"fa fa-check icon-tick icon-tick--on\"><\/i>\u00a0Transporte desde el punto de encuentro.<\/span><br \/>\n<span style=\"font-family: arial, helvetica, sans-serif;\"> <i class=\"fa fa-check icon-tick icon-tick--on\"><\/i> Lunch<\/span><br \/>\n<span style=\"font-family: arial, helvetica, sans-serif;\"> <i class=\"fa fa-check icon-tick icon-tick--on\"><\/i> Bicicleta y casco<\/span><\/td>\n<\/tr>\n<tr style=\"height: 38px;\">\n<td style=\"height: 38px; width: 221px;\"><span style=\"font-family: arial, helvetica, sans-serif;\"><b>NO INCLUYE<\/b><\/span><\/td>\n<td style=\"height: 38px; width: 625px;\"><span style=\"font-family: arial, helvetica, sans-serif;\"><i class=\"fa fa-times icon-tick icon-tick--off\"><\/i> Entradas<\/span><br \/>\n<span style=\"font-family: arial, helvetica, sans-serif;\"> <i class=\"fa fa-times icon-tick icon-tick--off\"><\/i> Costos extras de actividades no indicadas.<\/span><br \/>\n<span style=\"font-family: arial, helvetica, sans-serif;\"> <i class=\"fa fa-times icon-tick icon-tick--off\"><\/i> Hotel en Quito (Podemos ayudarle con la research si desea.)<\/span><br \/>\n<span style=\"font-family: arial, helvetica, sans-serif;\"> <i class=\"fa fa-times icon-tick icon-tick--off\"><\/i> Propinas\u00a0(opcional)<\/span><\/td>\n<\/tr>\n<\/tbody>\n<\/table>\n<h2><span style=\"font-family: arial, helvetica, sans-serif; font-size: 18pt;\"><strong>Tour al Volc\u00e1n Cotopaxi descripci\u00f3n Corta<\/strong><\/span><\/h2>\n<p><span style=\"font-family: arial, helvetica, sans-serif;\">Una aventura de d\u00eda completo desde Quito hacia el Parque Nacional Cotopaxi. Un viaje a lo largo de la Avenida de los Volcanes (Sur de la v\u00eda Panamericana) a lo largo de las bellezas del paisaje andino. P\u00f3ngase en contacto con la cultura y la gastronom\u00eda local. Elija entre una caminata a los glaciares o caminata alrededor de la Laguna de Limpiopungo, o una visita al mercado local. Sum\u00e9rjase en el P\u00e1ramo Andino!<\/span><\/p>\n<h3><span style=\"font-family: arial, helvetica, sans-serif;\">Ruta del tour<\/span><\/h3>\n<p><span style=\"font-family: arial, helvetica, sans-serif;\">Empezaremos nuestra aventura temprano por la ma\u00f1ana a trav\u00e9s de la v\u00eda Panamericana, apropiadamente llamada como &#8220;La Avenida de los Volcanes&#8221;. Nuestro destino no es otro que el volc\u00e1n activo m\u00e1s alto del mundo: El Cotopaxi con 5.897 metros de altura, El Cotopaxi adorna elegantemente la Real Cordillera de la Sierra ecuatoriana.<\/span><\/p>\n<p><span style=\"font-family: arial, helvetica, sans-serif;\">Entraremos en el Parque Nacional Cotopaxi para tener un encuentro cercano con la biodiversidad del P\u00e1ramo acompa\u00f1ados de una corta gu\u00eda ecol\u00f3gica de la zona. Despu\u00e9s de una peque\u00f1a\u00a0caminata, vamos a empezar la aventura! si los viajeros y las\u00a0condiciones f\u00edsicas del tiempo son apropiadas, continuaremos hasta el aparcamiento (4500 m. sobre el nivel del mar) con el fin de ascender al Primer Refugio del volc\u00e1n (4810 msnm). <\/span><\/p>\n<p><span style=\"font-family: arial, helvetica, sans-serif;\">Usted podr\u00e1 descansar y comer un poco de sopa caliente en el refugio para continuar el ascenso a los Glaciares (dependiendo de las condiciones clim\u00e1ticas).<\/span><\/p>\n<p style=\"text-align: left;\"><span style=\"font-family: arial, helvetica, sans-serif;\">De lo contrario, si tiene ganas de mantener el paso, podemos continuar hacia la carretera del bosque de pinos de la encantadora Laguna de \u00a0Limpiopungo, situada en las laderas del magn\u00edfico Volc\u00e1n Cotopaxi. Una visita a un mercado local es otra gran opci\u00f3n para estar en contacto con la comunidad local. Despu\u00e9s de un largo d\u00eda, nos dirigimos de regreso a Quito.<\/span><\/p>\n<p><span style=\"font-family: arial, helvetica, sans-serif;\"><strong>LAS SALIDAS DE LOS D\u00cdAS LUNES, MARTES, JUEVES Y DOMINGO NO INCLUYEN PASEO EN BICICLETA. <\/strong><\/span>[vc_row][vc_column el_class=&#8221;accocruise&#8221;][vc_column_text]\n<div class=\"panel panel-default accordion__item\">\n\t<div class=\"panel-heading accordion__item__title-wrap\">\n\t\t<h4 class=\"panel-title\">\n\t\t\t<a data-toggle=\"collapse\" data-parent=\"#ataccordion0\" href=\"#ataccordion0_1\" class=\"accordion__item__link collapsed\">Solicite m\u00e1s informaci\u00f3n<\/a>\n\t\t<\/h4>\n\t<\/div>\n\t<div id=\"ataccordion0_1\" class=\"panel-collapse collapse\">\n\t\t<div class=\"panel-body accordion__item__content\">\n                <div class=\"ml-embedded\" data-form=\"PXSXfM\"><\/div>\n            \n<\/div>\n\t<\/div>\n<\/div>[\/vc_column_text][\/vc_column][\/vc_row]<\/p>\n<\/div>","protected":false},"excerpt":{"rendered":"<p>El Parque Nacional Cotopaxi Tour te llevara por un d\u00eda completo, en un viaje desde Quito hasta el incre\u00edble Volc\u00e1n Cotopaxi. Para m\u00e1s informaci\u00f3n clic aqu\u00ed!<\/p>\n","protected":false},"featured_media":1761,"comment_status":"open","ping_status":"closed","template":"","meta":{"_joinchat":[]},"product_brand":[],"product_cat":[3599],"product_tag":[],"class_list":{"0":"post-1755","1":"product","2":"type-product","3":"status-publish","4":"has-post-thumbnail","6":"product_cat-sin-categoria","7":"tour_category-ofertas-de-viajes","8":"tour_category-quito-turismo","10":"first","11":"instock","12":"taxable","13":"shipping-taxable","14":"product-type-tour"},"yoast_head":"<!-- This site is optimized with the Yoast SEO Premium plugin v25.6 (Yoast SEO v26.1.1) - https:\/\/yoast.com\/wordpress\/plugins\/seo\/ -->\n<title>Parque Nacional Cotopaxi | Tour de 1 d\u00eda<\/title>\n<meta name=\"description\" content=\"El Parque Nacional Cotopaxi Tour te llevara por un d\u00eda completo, en un viaje desde Quito hasta el incre\u00edble Volc\u00e1n Cotopaxi. Para m\u00e1s informaci\u00f3n clic aqu\u00ed!\" \/>\n<meta name=\"robots\" content=\"index, follow, max-snippet:-1, max-image-preview:large, max-video-preview:-1\" \/>\n<link rel=\"canonical\" href=\"https:\/\/naturegalapagos.com\/es\/quito-turismo\/parque-nacional-cotopaxi\/\" \/>\n<meta property=\"og:locale\" content=\"es_ES\" \/>\n<meta property=\"og:type\" content=\"article\" \/>\n<meta property=\"og:title\" content=\"Parque Nacional Cotopaxi | Tour de 1 d\u00eda\" \/>\n<meta property=\"og:description\" content=\"El Parque Nacional Cotopaxi Tour te llevara por un d\u00eda completo, en un viaje desde Quito hasta el incre\u00edble Volc\u00e1n Cotopaxi. Para m\u00e1s informaci\u00f3n clic aqu\u00ed!\" \/>\n<meta property=\"og:url\" content=\"https:\/\/naturegalapagos.com\/es\/quito-turismo\/parque-nacional-cotopaxi\/\" \/>\n<meta property=\"og:site_name\" content=\"Espa\u00f1ol - Nature Galapagos &amp; Ecuador\" \/>\n<meta property=\"article:publisher\" content=\"https:\/\/www.facebook.com\/naturegalapagosecuador\/\" \/>\n<meta property=\"article:modified_time\" content=\"2024-09-17T21:31:45+00:00\" \/>\n<meta property=\"og:image\" content=\"https:\/\/naturegalapagos.com\/es\/wp-content\/uploads\/sites\/3\/2015\/06\/parque-nacional-cotopaxi.jpg\" \/>\n\t<meta property=\"og:image:width\" content=\"1024\" \/>\n\t<meta property=\"og:image:height\" content=\"512\" \/>\n\t<meta property=\"og:image:type\" content=\"image\/jpeg\" \/>\n<meta name=\"twitter:card\" content=\"summary_large_image\" \/>\n<meta name=\"twitter:title\" content=\"Parque Nacional Cotopaxi | Tour de 1 d\u00eda\" \/>\n<meta name=\"twitter:description\" content=\"El Parque Nacional Cotopaxi Tour te llevara por un d\u00eda completo, en un viaje desde Quito hasta el incre\u00edble Volc\u00e1n Cotopaxi. Para m\u00e1s informaci\u00f3n clic aqu\u00ed!\" \/>\n<meta name=\"twitter:site\" content=\"@naturegalapagos\" \/>\n<meta name=\"twitter:label1\" content=\"Tiempo de lectura\" \/>\n\t<meta name=\"twitter:data1\" content=\"3 minutos\" \/>\n<!-- \/ Yoast SEO Premium plugin. -->","yoast_head_json":{"title":"Parque Nacional Cotopaxi | Tour de 1 d\u00eda","description":"El Parque Nacional Cotopaxi Tour te llevara por un d\u00eda completo, en un viaje desde Quito hasta el incre\u00edble Volc\u00e1n Cotopaxi. Para m\u00e1s informaci\u00f3n clic aqu\u00ed!","robots":{"index":"index","follow":"follow","max-snippet":"max-snippet:-1","max-image-preview":"max-image-preview:large","max-video-preview":"max-video-preview:-1"},"canonical":"https:\/\/naturegalapagos.com\/es\/quito-turismo\/parque-nacional-cotopaxi\/","og_locale":"es_ES","og_type":"article","og_title":"Parque Nacional Cotopaxi | Tour de 1 d\u00eda","og_description":"El Parque Nacional Cotopaxi Tour te llevara por un d\u00eda completo, en un viaje desde Quito hasta el incre\u00edble Volc\u00e1n Cotopaxi. Para m\u00e1s informaci\u00f3n clic aqu\u00ed!","og_url":"https:\/\/naturegalapagos.com\/es\/quito-turismo\/parque-nacional-cotopaxi\/","og_site_name":"Espa\u00f1ol - Nature Galapagos &amp; Ecuador","article_publisher":"https:\/\/www.facebook.com\/naturegalapagosecuador\/","article_modified_time":"2024-09-17T21:31:45+00:00","og_image":[{"width":1024,"height":512,"url":"https:\/\/naturegalapagos.com\/es\/wp-content\/uploads\/sites\/3\/2015\/06\/parque-nacional-cotopaxi.jpg","type":"image\/jpeg"}],"twitter_card":"summary_large_image","twitter_title":"Parque Nacional Cotopaxi | Tour de 1 d\u00eda","twitter_description":"El Parque Nacional Cotopaxi Tour te llevara por un d\u00eda completo, en un viaje desde Quito hasta el incre\u00edble Volc\u00e1n Cotopaxi. Para m\u00e1s informaci\u00f3n clic aqu\u00ed!","twitter_site":"@naturegalapagos","twitter_misc":{"Tiempo de lectura":"3 minutos"},"schema":{"@context":"https:\/\/schema.org","@graph":[{"@type":"WebPage","@id":"https:\/\/naturegalapagos.com\/es\/quito-turismo\/parque-nacional-cotopaxi\/","url":"https:\/\/naturegalapagos.com\/es\/quito-turismo\/parque-nacional-cotopaxi\/","name":"Parque Nacional Cotopaxi | Tour de 1 d\u00eda","isPartOf":{"@id":"https:\/\/naturegalapagos.com\/es\/#website"},"primaryImageOfPage":{"@id":"https:\/\/naturegalapagos.com\/es\/quito-turismo\/parque-nacional-cotopaxi\/#primaryimage"},"image":{"@id":"https:\/\/naturegalapagos.com\/es\/quito-turismo\/parque-nacional-cotopaxi\/#primaryimage"},"thumbnailUrl":"https:\/\/naturegalapagos.com\/es\/wp-content\/uploads\/sites\/3\/2015\/06\/parque-nacional-cotopaxi.jpg","datePublished":"2024-09-17T14:13:48+00:00","dateModified":"2024-09-17T21:31:45+00:00","description":"El Parque Nacional Cotopaxi Tour te llevara por un d\u00eda completo, en un viaje desde Quito hasta el incre\u00edble Volc\u00e1n Cotopaxi. Para m\u00e1s informaci\u00f3n clic aqu\u00ed!","breadcrumb":{"@id":"https:\/\/naturegalapagos.com\/es\/quito-turismo\/parque-nacional-cotopaxi\/#breadcrumb"},"inLanguage":"es","potentialAction":[{"@type":"ReadAction","target":["https:\/\/naturegalapagos.com\/es\/quito-turismo\/parque-nacional-cotopaxi\/"]}]},{"@type":"ImageObject","inLanguage":"es","@id":"https:\/\/naturegalapagos.com\/es\/quito-turismo\/parque-nacional-cotopaxi\/#primaryimage","url":"https:\/\/naturegalapagos.com\/es\/wp-content\/uploads\/sites\/3\/2015\/06\/parque-nacional-cotopaxi.jpg","contentUrl":"https:\/\/naturegalapagos.com\/es\/wp-content\/uploads\/sites\/3\/2015\/06\/parque-nacional-cotopaxi.jpg","width":1024,"height":512,"caption":"Parque Nacional Cotopaxi"},{"@type":"BreadcrumbList","@id":"https:\/\/naturegalapagos.com\/es\/quito-turismo\/parque-nacional-cotopaxi\/#breadcrumb","itemListElement":[{"@type":"ListItem","position":1,"name":"Home","item":"https:\/\/naturegalapagos.com\/es\/"},{"@type":"ListItem","position":2,"name":"Tienda","item":"https:\/\/naturegalapagos.com\/es\/tienda\/"},{"@type":"ListItem","position":3,"name":"Incre\u00edble Parque Nacional Cotopaxi"}]},{"@type":"WebSite","@id":"https:\/\/naturegalapagos.com\/es\/#website","url":"https:\/\/naturegalapagos.com\/es\/","name":"Espa\u00f1ol - Nature Galapagos & Ecuador","description":"","publisher":{"@id":"https:\/\/naturegalapagos.com\/es\/#organization"},"potentialAction":[{"@type":"SearchAction","target":{"@type":"EntryPoint","urlTemplate":"https:\/\/naturegalapagos.com\/es\/?s={search_term_string}"},"query-input":{"@type":"PropertyValueSpecification","valueRequired":true,"valueName":"search_term_string"}}],"inLanguage":"es"},{"@type":"Organization","@id":"https:\/\/naturegalapagos.com\/es\/#organization","name":"Espa\u00f1ol - Nature Galapagos & Ecuador","url":"https:\/\/naturegalapagos.com\/es\/","logo":{"@type":"ImageObject","inLanguage":"es","@id":"https:\/\/naturegalapagos.com\/es\/#\/schema\/logo\/image\/","url":"https:\/\/naturegalapagos.com\/es\/wp-content\/uploads\/sites\/3\/2016\/10\/Nature-Galapagos-Logo-COM-300x300.jpg","contentUrl":"https:\/\/naturegalapagos.com\/es\/wp-content\/uploads\/sites\/3\/2016\/10\/Nature-Galapagos-Logo-COM-300x300.jpg","width":300,"height":300,"caption":"Espa\u00f1ol - Nature Galapagos & Ecuador"},"image":{"@id":"https:\/\/naturegalapagos.com\/es\/#\/schema\/logo\/image\/"},"sameAs":["https:\/\/www.facebook.com\/naturegalapagosecuador\/","https:\/\/x.com\/naturegalapagos","https:\/\/www.instagram.com\/naturegalapagos\/","https:\/\/www.pinterest.com\/Naturegalapagos\/","https:\/\/www.youtube.com\/user\/NatureGalapagosTours"]}]}},"_links":{"self":[{"href":"https:\/\/naturegalapagos.com\/es\/wp-json\/wp\/v2\/product\/1755","targetHints":{"allow":["GET"]}}],"collection":[{"href":"https:\/\/naturegalapagos.com\/es\/wp-json\/wp\/v2\/product"}],"about":[{"href":"https:\/\/naturegalapagos.com\/es\/wp-json\/wp\/v2\/types\/product"}],"replies":[{"embeddable":true,"href":"https:\/\/naturegalapagos.com\/es\/wp-json\/wp\/v2\/comments?post=1755"}],"wp:featuredmedia":[{"embeddable":true,"href":"https:\/\/naturegalapagos.com\/es\/wp-json\/wp\/v2\/media\/1761"}],"wp:attachment":[{"href":"https:\/\/naturegalapagos.com\/es\/wp-json\/wp\/v2\/media?parent=1755"}],"wp:term":[{"taxonomy":"product_brand","embeddable":true,"href":"https:\/\/naturegalapagos.com\/es\/wp-json\/wp\/v2\/product_brand?post=1755"},{"taxonomy":"product_cat","embeddable":true,"href":"https:\/\/naturegalapagos.com\/es\/wp-json\/wp\/v2\/product_cat?post=1755"},{"taxonomy":"product_tag","embeddable":true,"href":"https:\/\/naturegalapagos.com\/es\/wp-json\/wp\/v2\/product_tag?post=1755"}],"curies":[{"name":"wp","href":"https:\/\/api.w.org\/{rel}","templated":true}]}}