{"id":1762,"date":"2015-05-19T14:49:51","date_gmt":"2015-05-19T18:49:51","guid":{"rendered":"http:\/\/naturegalapagos.com\/es\/cruceros-galapagos\/crucero-buceo-astrea-galapagos"},"modified":"2024-10-01T10:23:46","modified_gmt":"2024-10-01T14:23:46","slug":"crucero-angelito-galapagos","status":"publish","type":"product","link":"https:\/\/naturegalapagos.com\/es\/cruceros-galapagos\/crucero-galapagos-angelito\/","title":{"rendered":"Crucero Angelito Gal\u00e1pagos"},"content":{"rendered":"<div class=\"wpb-content-wrapper\"><p>[vc_row][vc_column][vc_column_text]<\/p>\n<div style=\"display: flex; justify-content: end; margin-bottom: 10px;\"><a href=\"https:\/\/naturegalapagos.com\/es\/ofertas-de-viajes\/\" target=\"_blank\" rel=\"noopener\"><img decoding=\"async\" src=\"https:\/\/naturegalapagos.com\/es\/wp-content\/uploads\/sites\/3\/2019\/11\/las-minute-deals-gif_Final_espa\u00f1ol.gif\" width=\"227.5\" height=\"77.25\" \/><\/a><\/div>\n<h2><span style=\"font-family: arial, helvetica, sans-serif;\"><strong>D<\/strong><strong>escripci\u00f3n del Crucero Angelito Gal\u00e1pagos<\/strong><strong>:<\/strong><\/span><\/h2>\n<p style=\"text-align: justify;\"><span style=\"font-family: arial, helvetica, sans-serif;\"><span style=\"font-size: 14px;\">El Crucero Angelito Gal\u00e1pagos es un yate de clase turista superior con amplios espacios, un hermoso y exclusivo dise\u00f1o. Los pasajeros pueden disfrutar de los sol\u00e1rium con sillas reclinables para sol, sal\u00f3n y comedor , que brindaran \u00e1reas acogedoras para leer, tomar un descanso o simplemente relajarse mientras navegan en las Islas Encantadas, El Crucero Angelito Gal\u00e1pagos tiene 8 cabinas dobles, cada una con aire acondicionado, ba\u00f1o privado con agua caliente y literas.\u00a0<\/span><span style=\"font-size: 14px;\">No solo el gu\u00eda naturalista biling\u00fce, sino tambi\u00e9n su due\u00f1o al mando enriquecer\u00e1n su experiencia en el Crucero Angelito Gal\u00e1pagos brindando una mejor atenci\u00f3n y c\u00e1lida amistad. <\/span><span style=\"font-size: 14px;\">Te sentir\u00e1s relajado en el Crucero Angelito Gal\u00e1pagos con la visita de las islas, cada d\u00eda mantiene un itinerario diferente planeado exclusivamente para disfrutar\u00a0de esta gran experiencia en las islas.<\/span><\/span><\/p>\n<p><span style=\"font-family: arial, helvetica, sans-serif;\"><!--more--><\/span><\/p>\n<h3><span style=\"font-family: arial, helvetica, sans-serif; font-size: 20px;\"><strong>Principales caracter\u00edsticas<\/strong><\/span><\/h3>\n<ul>\n<li style=\"text-align: justify;\"><span style=\"font-family: arial, helvetica, sans-serif; font-size: 14px;\">El Crucero Angelito Gal\u00e1pagos es un yate de tipo Turista superior.<\/span><\/li>\n<li style=\"text-align: justify;\"><span style=\"font-family: arial, helvetica, sans-serif; font-size: 14px;\">Restaurado totalmente en el verano de 2013 con acabados de madera en su interior.<\/span><\/li>\n<li style=\"text-align: justify;\"><span style=\"font-family: arial, helvetica, sans-serif; font-size: 14px;\">Acabados de lujo con un interior mas grande y c\u00f3modo.<\/span><\/li>\n<li style=\"text-align: justify;\"><span style=\"font-family: arial, helvetica, sans-serif; font-size: 14px;\">Dirigido por su due\u00f1o \u2013 garantizando la calidad para los pasajeros.<\/span><\/li>\n<li style=\"text-align: justify;\"><span style=\"font-family: arial, helvetica, sans-serif; font-size: 14px;\">4 Sol\u00e1riums \u2013 patios interiores y un elegante comedor con bar.<\/span><\/li>\n<\/ul>\n<table border=\"0\" cellspacing=\"0\" cellpadding=\"0\" align=\"center\">\n<tbody>\n<tr style=\"height: 24.8125px; background-color: #e6e6e6;\">\n<th style=\"height: 24.8125px;\" colspan=\"2\" align=\"center\"><span style=\"font-family: arial, helvetica, sans-serif;\">Especificaciones T\u00e9cnicas<\/span><\/th>\n<\/tr>\n<tr style=\"height: 24px;\">\n<td style=\"height: 24px;\"><span style=\"font-family: arial, helvetica, sans-serif;\"><strong>A\u00f1o<\/strong><\/span><\/td>\n<td style=\"height: 24px;\"><span style=\"font-family: arial, helvetica, sans-serif;\">\u00a0Gal\u00e1pagos, Ecuador (1992)<\/span><\/td>\n<\/tr>\n<tr style=\"height: 24px;\">\n<td style=\"height: 24px;\"><span style=\"font-family: arial, helvetica, sans-serif;\"><strong>Tipo<\/strong><\/span><\/td>\n<td style=\"height: 24px;\"><span style=\"font-family: arial, helvetica, sans-serif;\">\u00a0Yate a motor<\/span><\/td>\n<\/tr>\n<tr style=\"height: 24px;\">\n<td style=\"height: 24px;\"><span style=\"font-family: arial, helvetica, sans-serif;\"><strong>Categor\u00eda<\/strong><\/span><\/td>\n<td style=\"height: 24px;\"><span style=\"font-family: arial, helvetica, sans-serif;\">\u00a0Turista Superior<\/span><\/td>\n<\/tr>\n<tr style=\"height: 24px;\">\n<td style=\"height: 24px;\"><span style=\"font-family: arial, helvetica, sans-serif;\"><strong>Longitud<\/strong><\/span><\/td>\n<td style=\"height: 24px;\"><span style=\"font-family: arial, helvetica, sans-serif;\">\u00a070 pies \/ 22 m<\/span><\/td>\n<\/tr>\n<tr style=\"height: 24px;\">\n<td style=\"height: 24px;\"><span style=\"font-family: arial, helvetica, sans-serif;\"><strong>Viga<\/strong><\/span><\/td>\n<td style=\"height: 24px;\"><span style=\"font-family: arial, helvetica, sans-serif;\">\u00a022 pies \/ 6.6 m<\/span><\/td>\n<\/tr>\n<tr style=\"height: 24px;\">\n<td style=\"height: 24px;\"><span style=\"font-family: arial, helvetica, sans-serif;\"><strong>Velocidad<\/strong><\/span><\/td>\n<td style=\"height: 24px;\"><span style=\"font-family: arial, helvetica, sans-serif;\">\u00a010\u00a0nudos<\/span><\/td>\n<\/tr>\n<tr style=\"height: 24px;\">\n<td style=\"height: 24px;\"><span style=\"font-family: arial, helvetica, sans-serif;\"><strong>Propulsi\u00f3n<\/strong><\/span><\/td>\n<td style=\"height: 24px;\"><span style=\"font-family: arial, helvetica, sans-serif;\">\u00a02 Motores Cummin \u00a0(nuevo Oct. 98) , 300 HP cada uno<\/span><\/td>\n<\/tr>\n<tr style=\"height: 24px;\">\n<td style=\"height: 24px;\"><span style=\"font-family: arial, helvetica, sans-serif;\"><strong>Capacidad<\/strong><\/span><\/td>\n<td style=\"height: 24px;\"><span style=\"font-family: arial, helvetica, sans-serif;\">\u00a016 pasajeros<\/span><\/td>\n<\/tr>\n<tr style=\"height: 24px;\">\n<td style=\"height: 24px;\"><span style=\"font-family: arial, helvetica, sans-serif;\"><strong>Tripulaci\u00f3n<\/strong><\/span><\/td>\n<td style=\"height: 24px;\"><span style=\"font-family: arial, helvetica, sans-serif;\">\u00a0Capit\u00e1n, Gu\u00eda Naturalista biling\u00fce, Segundo al Mando, Mec\u00e1nico, 2 Marineros, Chef y Asistente<\/span><\/td>\n<\/tr>\n<tr style=\"height: 48px;\">\n<td style=\"height: 48px;\"><span style=\"font-family: arial, helvetica, sans-serif;\"><strong>Equipos<\/strong><\/span><\/td>\n<td style=\"height: 48px;\"><span style=\"font-family: arial, helvetica, sans-serif;\">\u00a02 Generadores de\u00a0110 y\u00a0220v (enchufe de 110v), VHF y\u00a0SSB radios marinos, radar, sonda de profundiad, GPS, 2 botes con motores y chalecos salvavidas<\/span><\/td>\n<\/tr>\n<tr style=\"height: 48px;\">\n<td style=\"height: 48px;\"><span style=\"font-family: arial, helvetica, sans-serif;\"><strong>Equipos de Seguridad<\/strong><\/span><\/td>\n<td style=\"height: 48px;\"><span style=\"font-family: arial, helvetica, sans-serif;\">\u00a0Los mejores est\u00e1ndares y cumplimiento de las normas de la Guardia Costera Internacional.<\/span><\/td>\n<\/tr>\n<\/tbody>\n<\/table>\n<p>&nbsp;<\/p>\n<h2><span style=\"font-family: arial, helvetica, sans-serif;\">Zonas del barco<\/span><\/h2>\n<div id=\"gallery_1\" class=\"gallery\">\n<div class=\"row gallery__items\">\n\t\t\t\t\t<div class=\"col-sm-3 gallery__item-wrap\" data-filterid=\"\">\n\t\t\t<a href=\"https:\/\/naturegalapagos.com\/es\/wp-content\/uploads\/sites\/3\/2023\/12\/graphic-upper-deck-ang.png\" class=\"swipebox gallery__item\" title=\"graphic-upper-deck-ang\">\n\t\t\t\t<img decoding=\"async\" width=\"720\" height=\"421\" src=\"https:\/\/naturegalapagos.com\/es\/wp-content\/uploads\/sites\/3\/2023\/12\/graphic-upper-deck-ang-720x421.png\" class=\"attachment-thumb_gallery size-thumb_gallery\" alt=\"\u00c1ngulo gr\u00e1fico de cubierta superior\" \/>\t\t\t\t<span class=\"gallery__item__info\">\n\t\t\t\t\t<span class=\"gallery__item__info__content\">\n\t\t\t\t\t\t<span class=\"gallery__item__title\">graphic-upper-deck-ang<\/span>\n\t\t\t\t\t\t\t\t\t\t<\/span>\n\t\t\t\t\t<span class=\"gallery__item__shadow\"><\/span>\n\t\t\t\t<\/span>\n\t\t\t<\/a>\n\t\t<\/div>\n\t\t\t\t\t<div class=\"col-sm-3 gallery__item-wrap\" data-filterid=\"\">\n\t\t\t<a href=\"https:\/\/naturegalapagos.com\/es\/wp-content\/uploads\/sites\/3\/2023\/12\/graphic-sun-deck.png\" class=\"swipebox gallery__item\" title=\"graphic-sun-deck\">\n\t\t\t\t<img decoding=\"async\" width=\"720\" height=\"480\" src=\"https:\/\/naturegalapagos.com\/es\/wp-content\/uploads\/sites\/3\/2023\/12\/graphic-sun-deck-720x480.png\" class=\"attachment-thumb_gallery size-thumb_gallery\" alt=\"Solarium gr\u00e1fico\" srcset=\"https:\/\/naturegalapagos.com\/es\/wp-content\/uploads\/sites\/3\/2023\/12\/graphic-sun-deck-720x480.png 720w, https:\/\/naturegalapagos.com\/es\/wp-content\/uploads\/sites\/3\/2023\/12\/graphic-sun-deck-531x354.png 531w, https:\/\/naturegalapagos.com\/es\/wp-content\/uploads\/sites\/3\/2023\/12\/graphic-sun-deck-180x120.png 180w\" sizes=\"(max-width: 720px) 100vw, 720px\" \/>\t\t\t\t<span class=\"gallery__item__info\">\n\t\t\t\t\t<span class=\"gallery__item__info__content\">\n\t\t\t\t\t\t<span class=\"gallery__item__title\">graphic-sun-deck<\/span>\n\t\t\t\t\t\t\t\t\t\t<\/span>\n\t\t\t\t\t<span class=\"gallery__item__shadow\"><\/span>\n\t\t\t\t<\/span>\n\t\t\t<\/a>\n\t\t<\/div>\n\t\t\t\t\t<div class=\"col-sm-3 gallery__item-wrap\" data-filterid=\"\">\n\t\t\t<a href=\"https:\/\/naturegalapagos.com\/es\/wp-content\/uploads\/sites\/3\/2023\/12\/graphic-main-deck.png\" class=\"swipebox gallery__item\" title=\"graphic-main-deck\">\n\t\t\t\t<img decoding=\"async\" width=\"720\" height=\"480\" src=\"https:\/\/naturegalapagos.com\/es\/wp-content\/uploads\/sites\/3\/2023\/12\/graphic-main-deck-720x480.png\" class=\"attachment-thumb_gallery size-thumb_gallery\" alt=\"Gr\u00e1fica cubierta principal\" srcset=\"https:\/\/naturegalapagos.com\/es\/wp-content\/uploads\/sites\/3\/2023\/12\/graphic-main-deck-720x480.png 720w, https:\/\/naturegalapagos.com\/es\/wp-content\/uploads\/sites\/3\/2023\/12\/graphic-main-deck-531x354.png 531w, https:\/\/naturegalapagos.com\/es\/wp-content\/uploads\/sites\/3\/2023\/12\/graphic-main-deck-180x120.png 180w\" sizes=\"(max-width: 720px) 100vw, 720px\" \/>\t\t\t\t<span class=\"gallery__item__info\">\n\t\t\t\t\t<span class=\"gallery__item__info__content\">\n\t\t\t\t\t\t<span class=\"gallery__item__title\">graphic-main-deck<\/span>\n\t\t\t\t\t\t\t\t\t\t<\/span>\n\t\t\t\t\t<span class=\"gallery__item__shadow\"><\/span>\n\t\t\t\t<\/span>\n\t\t\t<\/a>\n\t\t<\/div>\n\t\t\t\t\t<div class=\"col-sm-3 gallery__item-wrap\" data-filterid=\"\">\n\t\t\t<a href=\"https:\/\/naturegalapagos.com\/es\/wp-content\/uploads\/sites\/3\/2023\/12\/graphic-lower-deck.png\" class=\"swipebox gallery__item\" title=\"graphic-lower-deck\">\n\t\t\t\t<img decoding=\"async\" width=\"720\" height=\"480\" src=\"https:\/\/naturegalapagos.com\/es\/wp-content\/uploads\/sites\/3\/2023\/12\/graphic-lower-deck-720x480.png\" class=\"attachment-thumb_gallery size-thumb_gallery\" alt=\"Cubierta inferior gr\u00e1fica\" srcset=\"https:\/\/naturegalapagos.com\/es\/wp-content\/uploads\/sites\/3\/2023\/12\/graphic-lower-deck-720x480.png 720w, https:\/\/naturegalapagos.com\/es\/wp-content\/uploads\/sites\/3\/2023\/12\/graphic-lower-deck-531x354.png 531w, https:\/\/naturegalapagos.com\/es\/wp-content\/uploads\/sites\/3\/2023\/12\/graphic-lower-deck-180x120.png 180w\" sizes=\"(max-width: 720px) 100vw, 720px\" \/>\t\t\t\t<span class=\"gallery__item__info\">\n\t\t\t\t\t<span class=\"gallery__item__info__content\">\n\t\t\t\t\t\t<span class=\"gallery__item__title\">graphic-lower-deck<\/span>\n\t\t\t\t\t\t\t\t\t\t<\/span>\n\t\t\t\t\t<span class=\"gallery__item__shadow\"><\/span>\n\t\t\t\t<\/span>\n\t\t\t<\/a>\n\t\t<\/div>\n\t<\/div>\n<\/div>\n<p>[\/vc_column_text][\/vc_column][\/vc_row][vc_row][vc_column el_class=&#8221;accocruise&#8221;][vc_column_text]\n<div class=\"panel panel-default accordion__item\">\n\t<div class=\"panel-heading accordion__item__title-wrap\">\n\t\t<h4 class=\"panel-title\">\n\t\t\t<a data-toggle=\"collapse\" data-parent=\"#ataccordion0\" href=\"#ataccordion0_1\" class=\"accordion__item__link collapsed\">Solicite m\u00e1s informaci\u00f3n<\/a>\n\t\t<\/h4>\n\t<\/div>\n\t<div id=\"ataccordion0_1\" class=\"panel-collapse collapse\">\n\t\t<div class=\"panel-body accordion__item__content\">\n                <div class=\"ml-embedded\" data-form=\"RRGQcT\"><\/div>\n            \n<\/div>\n\t<\/div>\n<\/div>[\/vc_column_text][\/vc_column][\/vc_row]<\/p>\n<\/div>","protected":false},"excerpt":{"rendered":"<p>El Crucero Angelito Gal\u00e1pagos es un yate con acabados de lujo y un interior mas grande y c\u00f3modo para navegar y descubrir las Islas Encantadas Gal\u00e1pagos NG&amp;E<\/p>\n","protected":false},"featured_media":2052,"comment_status":"open","ping_status":"closed","template":"","meta":{"_joinchat":[]},"product_brand":[],"product_cat":[3599],"product_tag":[],"class_list":{"0":"post-1762","1":"product","2":"type-product","3":"status-publish","4":"has-post-thumbnail","6":"product_cat-sin-categoria","7":"tour_category-cruceros-turista-superior","9":"first","10":"instock","11":"taxable","12":"shipping-taxable","13":"product-type-tour"},"yoast_head":"<!-- This site is optimized with the Yoast SEO Premium plugin v25.6 (Yoast SEO v26.1.1) - https:\/\/yoast.com\/wordpress\/plugins\/seo\/ -->\n<title>Crucero Angelito Gal\u00e1pagos | Yate Turista Superior<\/title>\n<meta name=\"description\" content=\"El Crucero Angelito Gal\u00e1pagos es un yate con acabados de lujo y un interior mas grande y c\u00f3modo para navegar y descubrir las Islas Encantadas Gal\u00e1pagos NG&amp;E\" \/>\n<meta name=\"robots\" content=\"index, follow, max-snippet:-1, max-image-preview:large, max-video-preview:-1\" \/>\n<link rel=\"canonical\" href=\"https:\/\/naturegalapagos.com\/es\/cruceros-galapagos\/crucero-galapagos-angelito\/\" \/>\n<meta property=\"og:locale\" content=\"es_ES\" \/>\n<meta property=\"og:type\" content=\"article\" \/>\n<meta property=\"og:title\" content=\"Crucero Angelito Gal\u00e1pagos | Yate Turista Superior\" \/>\n<meta property=\"og:description\" content=\"El Crucero Angelito Gal\u00e1pagos es un yate con acabados de lujo y un interior mas grande y c\u00f3modo para navegar y descubrir las Islas Encantadas Gal\u00e1pagos NG&amp;E\" \/>\n<meta property=\"og:url\" content=\"https:\/\/naturegalapagos.com\/es\/cruceros-galapagos\/crucero-galapagos-angelito\/\" \/>\n<meta property=\"og:site_name\" content=\"Espa\u00f1ol - Nature Galapagos &amp; Ecuador\" \/>\n<meta property=\"article:publisher\" content=\"https:\/\/www.facebook.com\/naturegalapagosecuador\/\" \/>\n<meta property=\"article:modified_time\" content=\"2024-10-01T14:23:46+00:00\" \/>\n<meta property=\"og:image\" content=\"https:\/\/naturegalapagos.com\/es\/wp-content\/uploads\/sites\/3\/2013\/10\/crucero-angelito-galapagos.jpg\" \/>\n\t<meta property=\"og:image:width\" content=\"1024\" \/>\n\t<meta property=\"og:image:height\" content=\"512\" \/>\n\t<meta property=\"og:image:type\" content=\"image\/jpeg\" \/>\n<meta name=\"twitter:card\" content=\"summary_large_image\" \/>\n<meta name=\"twitter:title\" content=\"Crucero Angelito Gal\u00e1pagos | Yate Turista Superior\" \/>\n<meta name=\"twitter:description\" content=\"El Crucero Angelito Gal\u00e1pagos es un yate con acabados de lujo y un interior mas grande y c\u00f3modo para navegar y descubrir las Islas Encantadas Gal\u00e1pagos NG&amp;E\" \/>\n<meta name=\"twitter:site\" content=\"@naturegalapagos\" \/>\n<meta name=\"twitter:label1\" content=\"Tiempo de lectura\" \/>\n\t<meta name=\"twitter:data1\" content=\"2 minutos\" \/>\n<!-- \/ Yoast SEO Premium plugin. -->","yoast_head_json":{"title":"Crucero Angelito Gal\u00e1pagos | Yate Turista Superior","description":"El Crucero Angelito Gal\u00e1pagos es un yate con acabados de lujo y un interior mas grande y c\u00f3modo para navegar y descubrir las Islas Encantadas Gal\u00e1pagos NG&E","robots":{"index":"index","follow":"follow","max-snippet":"max-snippet:-1","max-image-preview":"max-image-preview:large","max-video-preview":"max-video-preview:-1"},"canonical":"https:\/\/naturegalapagos.com\/es\/cruceros-galapagos\/crucero-galapagos-angelito\/","og_locale":"es_ES","og_type":"article","og_title":"Crucero Angelito Gal\u00e1pagos | Yate Turista Superior","og_description":"El Crucero Angelito Gal\u00e1pagos es un yate con acabados de lujo y un interior mas grande y c\u00f3modo para navegar y descubrir las Islas Encantadas Gal\u00e1pagos NG&E","og_url":"https:\/\/naturegalapagos.com\/es\/cruceros-galapagos\/crucero-galapagos-angelito\/","og_site_name":"Espa\u00f1ol - Nature Galapagos &amp; Ecuador","article_publisher":"https:\/\/www.facebook.com\/naturegalapagosecuador\/","article_modified_time":"2024-10-01T14:23:46+00:00","og_image":[{"width":1024,"height":512,"url":"https:\/\/naturegalapagos.com\/es\/wp-content\/uploads\/sites\/3\/2013\/10\/crucero-angelito-galapagos.jpg","type":"image\/jpeg"}],"twitter_card":"summary_large_image","twitter_title":"Crucero Angelito Gal\u00e1pagos | Yate Turista Superior","twitter_description":"El Crucero Angelito Gal\u00e1pagos es un yate con acabados de lujo y un interior mas grande y c\u00f3modo para navegar y descubrir las Islas Encantadas Gal\u00e1pagos NG&E","twitter_site":"@naturegalapagos","twitter_misc":{"Tiempo de lectura":"2 minutos"},"schema":{"@context":"https:\/\/schema.org","@graph":[{"@type":"WebPage","@id":"https:\/\/naturegalapagos.com\/es\/cruceros-galapagos\/crucero-galapagos-angelito\/","url":"https:\/\/naturegalapagos.com\/es\/cruceros-galapagos\/crucero-galapagos-angelito\/","name":"Crucero Angelito Gal\u00e1pagos | Yate Turista Superior","isPartOf":{"@id":"https:\/\/naturegalapagos.com\/es\/#website"},"primaryImageOfPage":{"@id":"https:\/\/naturegalapagos.com\/es\/cruceros-galapagos\/crucero-galapagos-angelito\/#primaryimage"},"image":{"@id":"https:\/\/naturegalapagos.com\/es\/cruceros-galapagos\/crucero-galapagos-angelito\/#primaryimage"},"thumbnailUrl":"https:\/\/naturegalapagos.com\/es\/wp-content\/uploads\/sites\/3\/2013\/10\/crucero-angelito-galapagos.jpg","datePublished":"2015-05-19T18:49:51+00:00","dateModified":"2024-10-01T14:23:46+00:00","description":"El Crucero Angelito Gal\u00e1pagos es un yate con acabados de lujo y un interior mas grande y c\u00f3modo para navegar y descubrir las Islas Encantadas Gal\u00e1pagos NG&E","breadcrumb":{"@id":"https:\/\/naturegalapagos.com\/es\/cruceros-galapagos\/crucero-galapagos-angelito\/#breadcrumb"},"inLanguage":"es","potentialAction":[{"@type":"ReadAction","target":["https:\/\/naturegalapagos.com\/es\/cruceros-galapagos\/crucero-galapagos-angelito\/"]}]},{"@type":"ImageObject","inLanguage":"es","@id":"https:\/\/naturegalapagos.com\/es\/cruceros-galapagos\/crucero-galapagos-angelito\/#primaryimage","url":"https:\/\/naturegalapagos.com\/es\/wp-content\/uploads\/sites\/3\/2013\/10\/crucero-angelito-galapagos.jpg","contentUrl":"https:\/\/naturegalapagos.com\/es\/wp-content\/uploads\/sites\/3\/2013\/10\/crucero-angelito-galapagos.jpg","width":1024,"height":512,"caption":"Crucero Angelito Gal\u00e1pagos"},{"@type":"BreadcrumbList","@id":"https:\/\/naturegalapagos.com\/es\/cruceros-galapagos\/crucero-galapagos-angelito\/#breadcrumb","itemListElement":[{"@type":"ListItem","position":1,"name":"Home","item":"https:\/\/naturegalapagos.com\/es\/"},{"@type":"ListItem","position":2,"name":"Tienda","item":"https:\/\/naturegalapagos.com\/es\/tienda\/"},{"@type":"ListItem","position":3,"name":"Crucero Angelito Gal\u00e1pagos"}]},{"@type":"WebSite","@id":"https:\/\/naturegalapagos.com\/es\/#website","url":"https:\/\/naturegalapagos.com\/es\/","name":"Espa\u00f1ol - Nature Galapagos & Ecuador","description":"","publisher":{"@id":"https:\/\/naturegalapagos.com\/es\/#organization"},"potentialAction":[{"@type":"SearchAction","target":{"@type":"EntryPoint","urlTemplate":"https:\/\/naturegalapagos.com\/es\/?s={search_term_string}"},"query-input":{"@type":"PropertyValueSpecification","valueRequired":true,"valueName":"search_term_string"}}],"inLanguage":"es"},{"@type":"Organization","@id":"https:\/\/naturegalapagos.com\/es\/#organization","name":"Espa\u00f1ol - Nature Galapagos & Ecuador","url":"https:\/\/naturegalapagos.com\/es\/","logo":{"@type":"ImageObject","inLanguage":"es","@id":"https:\/\/naturegalapagos.com\/es\/#\/schema\/logo\/image\/","url":"https:\/\/naturegalapagos.com\/es\/wp-content\/uploads\/sites\/3\/2016\/10\/Nature-Galapagos-Logo-COM-300x300.jpg","contentUrl":"https:\/\/naturegalapagos.com\/es\/wp-content\/uploads\/sites\/3\/2016\/10\/Nature-Galapagos-Logo-COM-300x300.jpg","width":300,"height":300,"caption":"Espa\u00f1ol - Nature Galapagos & Ecuador"},"image":{"@id":"https:\/\/naturegalapagos.com\/es\/#\/schema\/logo\/image\/"},"sameAs":["https:\/\/www.facebook.com\/naturegalapagosecuador\/","https:\/\/x.com\/naturegalapagos","https:\/\/www.instagram.com\/naturegalapagos\/","https:\/\/www.pinterest.com\/Naturegalapagos\/","https:\/\/www.youtube.com\/user\/NatureGalapagosTours"]}]}},"_links":{"self":[{"href":"https:\/\/naturegalapagos.com\/es\/wp-json\/wp\/v2\/product\/1762","targetHints":{"allow":["GET"]}}],"collection":[{"href":"https:\/\/naturegalapagos.com\/es\/wp-json\/wp\/v2\/product"}],"about":[{"href":"https:\/\/naturegalapagos.com\/es\/wp-json\/wp\/v2\/types\/product"}],"replies":[{"embeddable":true,"href":"https:\/\/naturegalapagos.com\/es\/wp-json\/wp\/v2\/comments?post=1762"}],"wp:featuredmedia":[{"embeddable":true,"href":"https:\/\/naturegalapagos.com\/es\/wp-json\/wp\/v2\/media\/2052"}],"wp:attachment":[{"href":"https:\/\/naturegalapagos.com\/es\/wp-json\/wp\/v2\/media?parent=1762"}],"wp:term":[{"taxonomy":"product_brand","embeddable":true,"href":"https:\/\/naturegalapagos.com\/es\/wp-json\/wp\/v2\/product_brand?post=1762"},{"taxonomy":"product_cat","embeddable":true,"href":"https:\/\/naturegalapagos.com\/es\/wp-json\/wp\/v2\/product_cat?post=1762"},{"taxonomy":"product_tag","embeddable":true,"href":"https:\/\/naturegalapagos.com\/es\/wp-json\/wp\/v2\/product_tag?post=1762"}],"curies":[{"name":"wp","href":"https:\/\/api.w.org\/{rel}","templated":true}]}}