{"id":1858,"date":"2024-09-17T16:38:11","date_gmt":"2024-09-17T20:38:11","guid":{"rendered":"http:\/\/naturegalapagos.com\/es\/quito-turismo\/parque-nacional-cotopaxi"},"modified":"2024-12-04T13:37:12","modified_gmt":"2024-12-04T18:37:12","slug":"quito-turismo-tour-de-ciclismo-a-antisana","status":"publish","type":"product","link":"https:\/\/naturegalapagos.com\/es\/quito-turismo\/tour-de-ciclismo-a-antisana\/","title":{"rendered":"Tour de Ciclismo a Antisana"},"content":{"rendered":"<div class=\"wpb-content-wrapper\"><h2><span style=\"font-family: arial, helvetica, sans-serif;\"><strong>Tour de Ciclismo a Antisana<\/strong><\/span><\/h2>\n<p><span style=\"font-family: arial, helvetica, sans-serif;\">Vive una experiencia inolvidable con en <strong>tour de ciclismo a Antisana<\/strong>, en la Reserva Ecol\u00f3gica Antisana, explorando paisajes de p\u00e1ramo, observando aves emblem\u00e1ticas y disfrutando de una aventura \u00fanica en bicicleta. Este recorrido combina naturaleza, actividad f\u00edsica y gastronom\u00eda, brind\u00e1ndote una conexi\u00f3n especial con el coraz\u00f3n de los Andes ecuatorianos. \u00a1Prep\u00e1rate para una jornada llena de emociones!<\/span><\/p>\n<ul>\n<li><span style=\"font-family: arial, helvetica, sans-serif;\">Conduzca a trav\u00e9s de la inolvidable vista del P\u00e1ramo en nuestro Tour de Ciclismo a Antisana.<\/span><\/li>\n<li><span style=\"font-family: arial, helvetica, sans-serif;\">Disfrute de las delicias de la cocina de la Sierra ecuatoriana en el Restaurante Tambo.<\/span><\/li>\n<li><span style=\"font-family: arial, helvetica, sans-serif;\">Observe C\u00f3ndores, colibr\u00edes, curiquingues y otras aves end\u00e9micas de los Andes ecuatorianos.<\/span><\/li>\n<li><span style=\"font-family: arial, helvetica, sans-serif;\">Camine alado de la Laguna La Mica durante dos horas.<\/span><\/li>\n<li><span style=\"font-family: arial, helvetica, sans-serif;\">Disfrute de un Tour de Ciclismo a Antisana a lo largo de 35 minutos<\/span><\/li>\n<\/ul>\n<p><span style=\"font-family: arial, helvetica, sans-serif;\"><!--more--><\/span><\/p>\n<h3><span style=\"font-family: arial, helvetica, sans-serif;\">Datos importantes<\/span><\/h3>\n<table class=\"table table-bordered tours-tabs__table\" style=\"height: 233px; width: 858px;\">\n<tbody>\n<tr style=\"height: 24px;\">\n<td style=\"height: 24px; width: 221px;\"><span style=\"font-family: arial, helvetica, sans-serif;\"><strong>SALIDA COMPARTIDA:<\/strong><\/span><\/td>\n<td style=\"height: 24px; width: 625px;\"><span style=\"font-family: arial, helvetica, sans-serif;\">Consultar.<\/span><\/td>\n<\/tr>\n<tr style=\"height: 24px;\">\n<td style=\"height: 24px; width: 221px;\"><span style=\"font-family: arial, helvetica, sans-serif;\"><strong>SALIDA PRIVADA:<\/strong><\/span><\/td>\n<td style=\"height: 24px; width: 625px;\"><span style=\"font-family: arial, helvetica, sans-serif;\">Todos los dias.<\/span><\/td>\n<\/tr>\n<tr style=\"height: 24px;\">\n<td style=\"height: 24px; width: 221px;\"><span style=\"font-family: arial, helvetica, sans-serif;\"><strong>PUNTO DE SALIDA:<\/strong><\/span><\/td>\n<td style=\"height: 24px; width: 625px;\"><span style=\"font-family: arial, helvetica, sans-serif;\">Lugar de encuentro.<\/span><\/td>\n<\/tr>\n<tr style=\"height: 24px;\">\n<td style=\"height: 24px; width: 221px;\"><span style=\"font-family: arial, helvetica, sans-serif;\"><strong>PUNTO DE RETORNO:<\/strong><\/span><\/td>\n<td style=\"height: 24px; width: 625px;\"><span style=\"font-family: arial, helvetica, sans-serif;\">Lugar de encuentro.<\/span><\/td>\n<\/tr>\n<tr style=\"height: 24px;\">\n<td style=\"height: 24px; width: 221px;\"><span style=\"font-family: arial, helvetica, sans-serif;\"><strong>HORA DE SALIDA:<\/strong><\/span><\/td>\n<td style=\"height: 24px; width: 625px;\"><span style=\"font-family: arial, helvetica, sans-serif;\">Around 07.30 am.<\/span><\/td>\n<\/tr>\n<tr style=\"height: 24px;\">\n<td style=\"height: 24px; width: 221px;\"><span style=\"font-family: arial, helvetica, sans-serif;\"><strong>DURACION:<\/strong><\/span><\/td>\n<td style=\"height: 24px; width: 625px;\"><span style=\"font-family: arial, helvetica, sans-serif;\">8 a 9 horas aproximadamente.<\/span><\/td>\n<\/tr>\n<tr style=\"height: 24px;\">\n<td style=\"height: 24px; width: 221px;\"><span style=\"font-family: arial, helvetica, sans-serif;\"><strong>QUE LLEVAR:<\/strong><\/span><\/td>\n<td style=\"height: 24px; width: 625px;\"><span style=\"font-family: arial, helvetica, sans-serif;\">Ropa comoda, agua,\u00a0zapatos para caminar, gorro, chaqueta, protector solar.<\/span><\/td>\n<\/tr>\n<tr style=\"height: 23px;\">\n<td style=\"height: 23px; width: 221px;\"><span style=\"font-family: arial, helvetica, sans-serif;\"><strong>INCLUYE<\/strong><\/span><\/td>\n<td style=\"height: 23px; width: 625px;\"><span style=\"font-family: arial, helvetica, sans-serif;\"><i class=\"fa fa-check icon-tick icon-tick--on\"><\/i> Guia Biling\u00fce.<\/span><br \/>\n<span style=\"font-family: arial, helvetica, sans-serif;\"> <i class=\"fa fa-check icon-tick icon-tick--on\"><\/i>\u00a0Transporte desde el punto de encuentro.<\/span><br \/>\n<span style=\"font-family: arial, helvetica, sans-serif;\"> <i class=\"fa fa-check icon-tick icon-tick--on\"><\/i> Lunch (solo si es solicitado)<\/span><\/td>\n<\/tr>\n<tr style=\"height: 38px;\">\n<td style=\"height: 38px; width: 221px;\"><span style=\"font-family: arial, helvetica, sans-serif;\"><b>NO INCLUYE<\/b><\/span><\/td>\n<td style=\"height: 38px; width: 625px;\"><span style=\"font-family: arial, helvetica, sans-serif;\"><i class=\"fa fa-times icon-tick icon-tick--off\"><\/i> Comidas (no especificadas)<\/span><br \/>\n<span style=\"font-family: arial, helvetica, sans-serif;\"> <i class=\"fa fa-times icon-tick icon-tick--off\"><\/i> Entradas<\/span><br \/>\n<span style=\"font-family: arial, helvetica, sans-serif;\"> <i class=\"fa fa-times icon-tick icon-tick--off\"><\/i> Costos extras de actividades no indicadas.<\/span><br \/>\n<span style=\"font-family: arial, helvetica, sans-serif;\"> <i class=\"fa fa-times icon-tick icon-tick--off\"><\/i> Hotel en Quito (Podemos ayudarle con la research si desea.)<\/span><br \/>\n<span style=\"font-family: arial, helvetica, sans-serif;\"> <i class=\"fa fa-times icon-tick icon-tick--off\"><\/i> Propinas\u00a0(opcional)<\/span><\/td>\n<\/tr>\n<\/tbody>\n<\/table>\n<h3><span style=\"font-family: arial, helvetica, sans-serif; font-size: 18pt;\"><strong>Tour al Antisana descripci\u00f3n Corta<\/strong><\/span><\/h3>\n<p><span style=\"font-family: arial, helvetica, sans-serif;\">Sum\u00e9rjase en el P\u00e1ramo Andino en la Reserva Ecol\u00f3gica Antisana. Observe aves andinas en la Laguna Secas. Caminata por la Laguna La Mica y disfrute de un emocionante viaje en bicicleta de vuelta a Pintag.<\/span><\/p>\n<p><span style=\"font-family: arial, helvetica, sans-serif;\">El tour comienza temprano en\u00a0la ma\u00f1ana desde Quito, donde nos encontrararemos con nuestro gu\u00eda a las 7 am en el punto de encuentro designado. Desde aqu\u00ed nos dirigimos al Este aproximadamente 50 minutos hasta llegar a la localidad de Pintag. <\/span><\/p>\n<p><span style=\"font-family: arial, helvetica, sans-serif;\">Aqu\u00ed nos detendremos \u00a0en el Restaurante Tambo C\u00f3ndor y paramos a tomar un vista de las aves de la zona. Luego recorremos el camino\u00a0durante aproximadamente una hora a lo largo de las llanuras del volc\u00e1n Atisana hacia la laguna La Mica (altitud de 4.000 metros) y disfrutaremos de la belleza del entorno y el lugar durante nuestra caminata de 1 hora.<\/span><\/p>\n<p><span style=\"font-family: arial, helvetica, sans-serif;\">De La Mica partimos en bicicleta de vuelta a Pintag durante unos 20 kilometros (unos 35 min). El viaje va sin problemas durante los primeros 7 kil\u00f3metros, porque el inicio es principalmente llano antes de llegar al punto m\u00e1s alto del \u00e1rea. Despu\u00e9s de algunas pendientes, vamos bajar las laderas a trav\u00e9s de diferentes paisajes hasta llegar a Tambo C\u00f3ndor, donde el tour en bicicleta termina y nos preparamos para almorzar.<\/span><\/p>\n<p>[vc_row][vc_column el_class=&#8221;accocruise&#8221;][vc_column_text]\n<div class=\"panel panel-default accordion__item\">\n\t<div class=\"panel-heading accordion__item__title-wrap\">\n\t\t<h4 class=\"panel-title\">\n\t\t\t<a data-toggle=\"collapse\" data-parent=\"#ataccordion0\" href=\"#ataccordion0_1\" class=\"accordion__item__link collapsed\">Solicite m\u00e1s informaci\u00f3n<\/a>\n\t\t<\/h4>\n\t<\/div>\n\t<div id=\"ataccordion0_1\" class=\"panel-collapse collapse\">\n\t\t<div class=\"panel-body accordion__item__content\">\n                <div class=\"ml-embedded\" data-form=\"m7BpGm\"><\/div>\n            \n<\/div>\n\t<\/div>\n<\/div>[\/vc_column_text][\/vc_column][\/vc_row]<\/p>\n<\/div>","protected":false},"excerpt":{"rendered":"<p>Tour de ciclismo a Antisana, caminatas alrededor de los Andes y la laguna &#8220;La Mica&#8221; junto al majestuoso Condor Andino y de regreso 12km en bicicleta.<\/p>\n","protected":false},"featured_media":1863,"comment_status":"open","ping_status":"closed","template":"","meta":{"_joinchat":[]},"product_brand":[],"product_cat":[3599],"product_tag":[],"class_list":{"0":"post-1858","1":"product","2":"type-product","3":"status-publish","4":"has-post-thumbnail","6":"product_cat-sin-categoria","7":"tour_category-quito-turismo","9":"first","10":"outofstock","11":"taxable","12":"shipping-taxable","13":"product-type-tour"},"yoast_head":"<!-- This site is optimized with the Yoast SEO Premium plugin v25.6 (Yoast SEO v26.1.1) - https:\/\/yoast.com\/wordpress\/plugins\/seo\/ -->\n<title>Tour de Ciclismo a Antisana, tour de un d\u00eda completo!<\/title>\n<meta name=\"description\" content=\"Tour de ciclismo a Antisana, caminatas alrededor de los Andes y la laguna &quot;La Mica&quot; junto al majestuoso Condor Andino y de regreso 12km en bicicleta. &quot;NG&amp;E&quot;\" \/>\n<meta name=\"robots\" content=\"index, follow, max-snippet:-1, max-image-preview:large, max-video-preview:-1\" \/>\n<link rel=\"canonical\" href=\"https:\/\/naturegalapagos.com\/es\/quito-turismo\/tour-de-ciclismo-a-antisana\/\" \/>\n<meta property=\"og:locale\" content=\"es_ES\" \/>\n<meta property=\"og:type\" content=\"article\" \/>\n<meta property=\"og:title\" content=\"Tour de Ciclismo a Antisana, tour de un d\u00eda completo!\" \/>\n<meta property=\"og:description\" content=\"Tour de ciclismo a Antisana, caminatas alrededor de los Andes y la laguna &quot;La Mica&quot; junto al majestuoso Condor Andino y de regreso 12km en bicicleta. &quot;NG&amp;E&quot;\" \/>\n<meta property=\"og:url\" content=\"https:\/\/naturegalapagos.com\/es\/quito-turismo\/tour-de-ciclismo-a-antisana\/\" \/>\n<meta property=\"og:site_name\" content=\"Espa\u00f1ol - Nature Galapagos &amp; Ecuador\" \/>\n<meta property=\"article:publisher\" content=\"https:\/\/www.facebook.com\/naturegalapagosecuador\/\" \/>\n<meta property=\"article:modified_time\" content=\"2024-12-04T18:37:12+00:00\" \/>\n<meta property=\"og:image\" content=\"https:\/\/naturegalapagos.com\/es\/wp-content\/uploads\/sites\/3\/2016\/06\/tour-de-ciclismo-a-Antisana.jpg\" \/>\n\t<meta property=\"og:image:width\" content=\"1024\" \/>\n\t<meta property=\"og:image:height\" content=\"512\" \/>\n\t<meta property=\"og:image:type\" content=\"image\/jpeg\" \/>\n<meta name=\"twitter:card\" content=\"summary_large_image\" \/>\n<meta name=\"twitter:title\" content=\"Tour de Ciclismo a Antisana, tour de un d\u00eda completo!\" \/>\n<meta name=\"twitter:description\" content=\"Tour de ciclismo a Antisana, caminatas alrededor de los Andes y la laguna &quot;La Mica&quot; junto al majestuoso Condor Andino y de regreso 12km en bicicleta. &quot;NG&amp;E&quot;\" \/>\n<meta name=\"twitter:site\" content=\"@naturegalapagos\" \/>\n<meta name=\"twitter:label1\" content=\"Tiempo de lectura\" \/>\n\t<meta name=\"twitter:data1\" content=\"3 minutos\" \/>\n<!-- \/ Yoast SEO Premium plugin. -->","yoast_head_json":{"title":"Tour de Ciclismo a Antisana, tour de un d\u00eda completo!","description":"Tour de ciclismo a Antisana, caminatas alrededor de los Andes y la laguna \"La Mica\" junto al majestuoso Condor Andino y de regreso 12km en bicicleta. \"NG&E\"","robots":{"index":"index","follow":"follow","max-snippet":"max-snippet:-1","max-image-preview":"max-image-preview:large","max-video-preview":"max-video-preview:-1"},"canonical":"https:\/\/naturegalapagos.com\/es\/quito-turismo\/tour-de-ciclismo-a-antisana\/","og_locale":"es_ES","og_type":"article","og_title":"Tour de Ciclismo a Antisana, tour de un d\u00eda completo!","og_description":"Tour de ciclismo a Antisana, caminatas alrededor de los Andes y la laguna \"La Mica\" junto al majestuoso Condor Andino y de regreso 12km en bicicleta. \"NG&E\"","og_url":"https:\/\/naturegalapagos.com\/es\/quito-turismo\/tour-de-ciclismo-a-antisana\/","og_site_name":"Espa\u00f1ol - Nature Galapagos &amp; Ecuador","article_publisher":"https:\/\/www.facebook.com\/naturegalapagosecuador\/","article_modified_time":"2024-12-04T18:37:12+00:00","og_image":[{"width":1024,"height":512,"url":"https:\/\/naturegalapagos.com\/es\/wp-content\/uploads\/sites\/3\/2016\/06\/tour-de-ciclismo-a-Antisana.jpg","type":"image\/jpeg"}],"twitter_card":"summary_large_image","twitter_title":"Tour de Ciclismo a Antisana, tour de un d\u00eda completo!","twitter_description":"Tour de ciclismo a Antisana, caminatas alrededor de los Andes y la laguna \"La Mica\" junto al majestuoso Condor Andino y de regreso 12km en bicicleta. \"NG&E\"","twitter_site":"@naturegalapagos","twitter_misc":{"Tiempo de lectura":"3 minutos"},"schema":{"@context":"https:\/\/schema.org","@graph":[{"@type":"WebPage","@id":"https:\/\/naturegalapagos.com\/es\/quito-turismo\/tour-de-ciclismo-a-antisana\/","url":"https:\/\/naturegalapagos.com\/es\/quito-turismo\/tour-de-ciclismo-a-antisana\/","name":"Tour de Ciclismo a Antisana, tour de un d\u00eda completo!","isPartOf":{"@id":"https:\/\/naturegalapagos.com\/es\/#website"},"primaryImageOfPage":{"@id":"https:\/\/naturegalapagos.com\/es\/quito-turismo\/tour-de-ciclismo-a-antisana\/#primaryimage"},"image":{"@id":"https:\/\/naturegalapagos.com\/es\/quito-turismo\/tour-de-ciclismo-a-antisana\/#primaryimage"},"thumbnailUrl":"https:\/\/naturegalapagos.com\/es\/wp-content\/uploads\/sites\/3\/2016\/06\/tour-de-ciclismo-a-Antisana.jpg","datePublished":"2024-09-17T20:38:11+00:00","dateModified":"2024-12-04T18:37:12+00:00","description":"Tour de ciclismo a Antisana, caminatas alrededor de los Andes y la laguna \"La Mica\" junto al majestuoso Condor Andino y de regreso 12km en bicicleta. \"NG&E\"","breadcrumb":{"@id":"https:\/\/naturegalapagos.com\/es\/quito-turismo\/tour-de-ciclismo-a-antisana\/#breadcrumb"},"inLanguage":"es","potentialAction":[{"@type":"ReadAction","target":["https:\/\/naturegalapagos.com\/es\/quito-turismo\/tour-de-ciclismo-a-antisana\/"]}]},{"@type":"ImageObject","inLanguage":"es","@id":"https:\/\/naturegalapagos.com\/es\/quito-turismo\/tour-de-ciclismo-a-antisana\/#primaryimage","url":"https:\/\/naturegalapagos.com\/es\/wp-content\/uploads\/sites\/3\/2016\/06\/tour-de-ciclismo-a-Antisana.jpg","contentUrl":"https:\/\/naturegalapagos.com\/es\/wp-content\/uploads\/sites\/3\/2016\/06\/tour-de-ciclismo-a-Antisana.jpg","width":1024,"height":512,"caption":"Tour de ciclismo a Antisana"},{"@type":"BreadcrumbList","@id":"https:\/\/naturegalapagos.com\/es\/quito-turismo\/tour-de-ciclismo-a-antisana\/#breadcrumb","itemListElement":[{"@type":"ListItem","position":1,"name":"Home","item":"https:\/\/naturegalapagos.com\/es\/"},{"@type":"ListItem","position":2,"name":"Tienda","item":"https:\/\/naturegalapagos.com\/es\/tienda\/"},{"@type":"ListItem","position":3,"name":"Tour de Ciclismo a Antisana"}]},{"@type":"WebSite","@id":"https:\/\/naturegalapagos.com\/es\/#website","url":"https:\/\/naturegalapagos.com\/es\/","name":"Espa\u00f1ol - Nature Galapagos & Ecuador","description":"","publisher":{"@id":"https:\/\/naturegalapagos.com\/es\/#organization"},"potentialAction":[{"@type":"SearchAction","target":{"@type":"EntryPoint","urlTemplate":"https:\/\/naturegalapagos.com\/es\/?s={search_term_string}"},"query-input":{"@type":"PropertyValueSpecification","valueRequired":true,"valueName":"search_term_string"}}],"inLanguage":"es"},{"@type":"Organization","@id":"https:\/\/naturegalapagos.com\/es\/#organization","name":"Espa\u00f1ol - Nature Galapagos & Ecuador","url":"https:\/\/naturegalapagos.com\/es\/","logo":{"@type":"ImageObject","inLanguage":"es","@id":"https:\/\/naturegalapagos.com\/es\/#\/schema\/logo\/image\/","url":"https:\/\/naturegalapagos.com\/es\/wp-content\/uploads\/sites\/3\/2016\/10\/Nature-Galapagos-Logo-COM-300x300.jpg","contentUrl":"https:\/\/naturegalapagos.com\/es\/wp-content\/uploads\/sites\/3\/2016\/10\/Nature-Galapagos-Logo-COM-300x300.jpg","width":300,"height":300,"caption":"Espa\u00f1ol - Nature Galapagos & Ecuador"},"image":{"@id":"https:\/\/naturegalapagos.com\/es\/#\/schema\/logo\/image\/"},"sameAs":["https:\/\/www.facebook.com\/naturegalapagosecuador\/","https:\/\/x.com\/naturegalapagos","https:\/\/www.instagram.com\/naturegalapagos\/","https:\/\/www.pinterest.com\/Naturegalapagos\/","https:\/\/www.youtube.com\/user\/NatureGalapagosTours"]}]}},"_links":{"self":[{"href":"https:\/\/naturegalapagos.com\/es\/wp-json\/wp\/v2\/product\/1858","targetHints":{"allow":["GET"]}}],"collection":[{"href":"https:\/\/naturegalapagos.com\/es\/wp-json\/wp\/v2\/product"}],"about":[{"href":"https:\/\/naturegalapagos.com\/es\/wp-json\/wp\/v2\/types\/product"}],"replies":[{"embeddable":true,"href":"https:\/\/naturegalapagos.com\/es\/wp-json\/wp\/v2\/comments?post=1858"}],"wp:featuredmedia":[{"embeddable":true,"href":"https:\/\/naturegalapagos.com\/es\/wp-json\/wp\/v2\/media\/1863"}],"wp:attachment":[{"href":"https:\/\/naturegalapagos.com\/es\/wp-json\/wp\/v2\/media?parent=1858"}],"wp:term":[{"taxonomy":"product_brand","embeddable":true,"href":"https:\/\/naturegalapagos.com\/es\/wp-json\/wp\/v2\/product_brand?post=1858"},{"taxonomy":"product_cat","embeddable":true,"href":"https:\/\/naturegalapagos.com\/es\/wp-json\/wp\/v2\/product_cat?post=1858"},{"taxonomy":"product_tag","embeddable":true,"href":"https:\/\/naturegalapagos.com\/es\/wp-json\/wp\/v2\/product_tag?post=1858"}],"curies":[{"name":"wp","href":"https:\/\/api.w.org\/{rel}","templated":true}]}}