{"id":1870,"date":"2015-11-27T12:04:07","date_gmt":"2015-11-27T17:04:07","guid":{"rendered":"http:\/\/naturegalapagos.com\/es\/amazonia-ecuatoriana\/suchipakari-jungle-lodge\/discovery-tours"},"modified":"2024-12-16T12:33:08","modified_gmt":"2024-12-16T17:33:08","slug":"suchipakari-jungle-lodge","status":"publish","type":"product","link":"https:\/\/naturegalapagos.com\/es\/amazonia-ecuatoriana\/suchipakari-jungle-lodge\/discovery-tours\/","title":{"rendered":"Suchipakari Jungle Lodge"},"content":{"rendered":"<div class=\"wpb-content-wrapper\"><h2><span style=\"font-family: arial, helvetica, sans-serif;\"><strong>Suchipakari Jungle Lodge &#8211; Discovery Tours!<\/strong><\/span><\/h2>\n<p><span style=\"font-family: arial, helvetica, sans-serif;\">Nuestro\u00a0<strong>Suchipakari Jungle Lodge<\/strong> &#8211; Discovery Tours!<em>\u00a0<\/em>contiene 3 itinerarios diferentes, cada uno de estos con una extensi\u00f3n extra del paquete b\u00e1sico. Los tours en Suchipakari Jungle Lodge\u00a0son una de las experiencias mas llamativas por la interacci\u00f3n con la fauna y flora de la zona.<\/span><\/p>\n<p><span style=\"font-family: arial, helvetica, sans-serif;\">As\u00ed mismo, el precio incluye algunos beneficios para los pasajeros, se puede elegir el tipo de habitaci\u00f3n que mejor se adapte a su comodidad. Un gu\u00eda naturalista biling\u00fce le acompa\u00f1ar\u00e1 en las actividades diarias.<\/span><\/p>\n<p><span style=\"font-family: arial, helvetica, sans-serif;\"> <!--more--><\/span><\/p>\n<p><span style=\"font-family: arial, helvetica, sans-serif;\"><strong>Actividades:<\/strong> Caminatas Cortas, tubing, observaci\u00f3n de cascadas, observaci\u00f3n de fauna y flora, navegaci\u00f3n en canoa, visitas a la comunidad, visitas al Centro de Rescate Animal Amaz\u00f3nico, preparaci\u00f3n de chocolate.<\/span><br \/>\n<span style=\"font-family: arial, helvetica, sans-serif;\"> <strong>Edad:<\/strong>\u00a0 1 a\u00f1o &#8211; 60 a\u00f1os<\/span><br \/>\n<span style=\"font-family: arial, helvetica, sans-serif;\"> <strong>Tipo de viaje:<\/strong> Aventura sencilla<\/span><br \/>\n<span style=\"font-family: arial, helvetica, sans-serif;\"> <strong>Tipo de Paquete:<\/strong> \u00a0 \u00a0Todo Incluido <\/span><br \/>\n<span style=\"font-family: arial, helvetica, sans-serif;\"> <strong>D\u00edas de inicio:<\/strong> Inicia todos los d\u00edas<\/span><\/p>\n<h3><span style=\"font-family: arial, helvetica, sans-serif;\">Datos importantes<\/span><\/h3>\n<table class=\"table table-bordered tours-tabs__table\" style=\"height: 233px; width: 858px;\">\n<tbody>\n<tr style=\"height: 24px;\">\n<td style=\"height: 24px; width: 212px;\"><span style=\"font-family: arial, helvetica, sans-serif;\"><strong>LUGAR DE PARTIDA<\/strong><\/span><\/td>\n<td style=\"height: 24px; width: 634px;\"><span style=\"font-family: arial, helvetica, sans-serif;\">Quito<\/span><\/td>\n<\/tr>\n<tr style=\"height: 24.8125px;\">\n<td style=\"height: 24.8125px; width: 212px;\"><span style=\"font-family: arial, helvetica, sans-serif;\"><strong>LUGAR DE REGRESO<\/strong><\/span><\/td>\n<td style=\"height: 24.8125px; width: 634px;\"><span style=\"font-family: arial, helvetica, sans-serif;\">Quito<\/span><\/td>\n<\/tr>\n<tr style=\"height: 24px;\">\n<td style=\"height: 24px; width: 212px;\"><span style=\"font-family: arial, helvetica, sans-serif;\"><strong>HORA DE PARTIDA<\/strong><\/span><\/td>\n<td style=\"height: 24px; width: 634px;\"><span style=\"font-family: arial, helvetica, sans-serif;\">* Consultar para m\u00e1s detalles.<\/span><\/td>\n<\/tr>\n<tr style=\"height: 24px;\">\n<td style=\"height: 24px; width: 212px;\"><span style=\"font-family: arial, helvetica, sans-serif;\"><strong>HORA DE REGRESO<\/strong><\/span><\/td>\n<td style=\"height: 24px; width: 634px;\"><span style=\"font-family: arial, helvetica, sans-serif;\">* Consultar para m\u00e1s detalles.<\/span><\/td>\n<\/tr>\n<tr style=\"height: 24px;\">\n<td style=\"height: 24px; width: 212px;\"><span style=\"font-family: arial, helvetica, sans-serif;\"><strong>QU\u00c9 USAR?<\/strong><\/span><\/td>\n<td style=\"height: 24px; width: 634px;\"><span style=\"font-family: arial, helvetica, sans-serif;\">Ropa c\u00f3moda, zapatos para caminar, sombrero, chaqueta y protector solar.<\/span><\/td>\n<\/tr>\n<tr style=\"height: 23px;\">\n<td style=\"height: 23px; width: 212px;\"><span style=\"font-family: arial, helvetica, sans-serif;\"><strong>INCLUYE<\/strong><\/span><\/td>\n<td style=\"height: 23px; width: 634px;\"><span style=\"font-family: arial, helvetica, sans-serif;\"><i class=\"fa fa-check icon-tick icon-tick--on\"><\/i> Alojamiento en hoteles y habitaciones seleccionadas.<\/span><br \/>\n<span style=\"font-family: arial, helvetica, sans-serif;\"> <i class=\"fa fa-check icon-tick icon-tick--on\"><\/i> Todas las comidas (desayuno-almuerzo y cena) *Men\u00fa del\u00a0d\u00eda.<\/span><br \/>\n<span style=\"font-family: arial, helvetica, sans-serif;\"> <i class=\"fa fa-check icon-tick icon-tick--on\"><\/i> Transporte terrestre y mar\u00edtimo.<\/span><br \/>\n<span style=\"font-family: arial, helvetica, sans-serif;\"> <i class=\"fa fa-check icon-tick icon-tick--on\"><\/i> Gu\u00eda naturalista biling\u00fce, en cada isla visitada o actividad.<\/span><br \/>\n<span style=\"font-family: arial, helvetica, sans-serif;\"> <i class=\"fa fa-check icon-tick icon-tick--on\"><\/i> Visitas Programadas.<i class=\"fa fa-check icon-tick icon-tick--on\"><\/i> Agua Purificada, caf\u00e9 \u00f3 te.<\/span><br \/>\n<span style=\"font-family: arial, helvetica, sans-serif;\"> <i class=\"fa fa-check icon-tick icon-tick--on\"><\/i> Agua Purificada, caf\u00e9 \u00f3 te.<\/span><\/td>\n<\/tr>\n<tr style=\"height: 38px;\">\n<td style=\"height: 38px; width: 212px;\"><span style=\"font-family: arial, helvetica, sans-serif;\"><b>NO INCLUYE<\/b><\/span><\/td>\n<td style=\"height: 38px; width: 634px;\"><span style=\"font-family: arial, helvetica, sans-serif;\"><i class=\"fa fa-times icon-tick icon-tick--off\"><\/i> Taxi desde\u00a0Tena a Suchipakari lodge<\/span><br \/>\n<span style=\"font-family: arial, helvetica, sans-serif;\"> <i class=\"fa fa-times icon-tick icon-tick--off\"><\/i>\u00a0Taxi desde\u00a0Puerto Misahualli a Suchipakari lodge 10 USD<\/span><br \/>\n<span style=\"font-family: arial, helvetica, sans-serif;\"> <i class=\"fa fa-times icon-tick icon-tick--off\"><\/i>\u00a0Gastos no especificados en el programa.<\/span><br \/>\n<span style=\"font-family: arial, helvetica, sans-serif;\"> <i class=\"fa fa-times icon-tick icon-tick--off\"><\/i>\u00a0Bebidas gaseosas y alcoh\u00f3licas.<\/span><br \/>\n<span style=\"font-family: arial, helvetica, sans-serif;\"> <i class=\"fa fa-times icon-tick icon-tick--off\"><\/i> Tips &amp;\u00a0Extras.<\/span><\/td>\n<\/tr>\n<\/tbody>\n<\/table>\n<p><span style=\"font-family: arial, helvetica, sans-serif;\"><strong><em>NOTA:<\/em><\/strong><em> \u201cEl itinerario siempre esta sujeto a cambio sin previo aviso, debido a los cambios estacionales, condiciones clim\u00e1ticas, ajustes de ultima hora en las pol\u00edticas de visitas del Parque Nacional Gal\u00e1pagos y circunstancias operacionales de \u00faltimo minuto\u201d.<\/em><\/span><\/p>\n<p>[vc_row][vc_column el_class=&#8221;accocruise&#8221;][vc_column_text]\n<div class=\"panel panel-default accordion__item\">\n\t<div class=\"panel-heading accordion__item__title-wrap\">\n\t\t<h4 class=\"panel-title\">\n\t\t\t<a data-toggle=\"collapse\" data-parent=\"#ataccordion0\" href=\"#ataccordion0_1\" class=\"accordion__item__link collapsed\">Solicite m\u00e1s informaci\u00f3n<\/a>\n\t\t<\/h4>\n\t<\/div>\n\t<div id=\"ataccordion0_1\" class=\"panel-collapse collapse\">\n\t\t<div class=\"panel-body accordion__item__content\">\n                <div class=\"ml-embedded\" data-form=\"Ra9AMk\"><\/div>\n            \n<\/div>\n\t<\/div>\n<\/div>[\/vc_column_text][\/vc_column][\/vc_row]<\/p>\n<\/div>","protected":false},"excerpt":{"rendered":"<p>Suchipakari Jungle Lodge &#8211; Discovery Tours! ofrece 3 tours de relajaci\u00f3n y aventura sencilla en la amazonia ecuatoriana. M\u00e1s informaci\u00f3n aqu\u00ed!<\/p>\n","protected":false},"featured_media":1926,"comment_status":"open","ping_status":"closed","template":"","meta":{"_joinchat":[]},"product_brand":[],"product_cat":[3599],"product_tag":[],"class_list":{"0":"post-1870","1":"product","2":"type-product","3":"status-publish","4":"has-post-thumbnail","6":"product_cat-sin-categoria","7":"tour_category-amazonia-ecuatoriana","8":"tour_category-lodges-selva-clase-economica","10":"first","11":"instock","12":"taxable","13":"shipping-taxable","14":"product-type-tour"},"yoast_head":"<!-- This site is optimized with the Yoast SEO Premium plugin v25.6 (Yoast SEO v26.1.1) - https:\/\/yoast.com\/wordpress\/plugins\/seo\/ -->\n<title>Suchipakari Jungle Lodge - Discovery Tours!<\/title>\n<meta name=\"description\" content=\"Suchipakari Jungle Lodge - Discovery Tours! ofrece 3 tours de relajaci\u00f3n y aventura sencilla en la amazonia ecuatoriana. M\u00e1s informaci\u00f3n aqu\u00ed! &quot;NG&amp;E&quot;\" \/>\n<meta name=\"robots\" content=\"index, follow, max-snippet:-1, max-image-preview:large, max-video-preview:-1\" \/>\n<link rel=\"canonical\" href=\"https:\/\/naturegalapagos.com\/es\/amazonia-ecuatoriana\/suchipakari-jungle-lodge\/discovery-tours\/\" \/>\n<meta property=\"og:locale\" content=\"es_ES\" \/>\n<meta property=\"og:type\" content=\"article\" \/>\n<meta property=\"og:title\" content=\"Suchipakari Jungle Lodge - Discovery Tours!\" \/>\n<meta property=\"og:description\" content=\"Suchipakari Jungle Lodge - Discovery Tours! ofrece 3 tours de relajaci\u00f3n y aventura sencilla en la amazonia ecuatoriana. M\u00e1s informaci\u00f3n aqu\u00ed! &quot;NG&amp;E&quot;\" \/>\n<meta property=\"og:url\" content=\"https:\/\/naturegalapagos.com\/es\/amazonia-ecuatoriana\/suchipakari-jungle-lodge\/discovery-tours\/\" \/>\n<meta property=\"og:site_name\" content=\"Espa\u00f1ol - Nature Galapagos &amp; Ecuador\" \/>\n<meta property=\"article:publisher\" content=\"https:\/\/www.facebook.com\/naturegalapagosecuador\/\" \/>\n<meta property=\"article:modified_time\" content=\"2024-12-16T17:33:08+00:00\" \/>\n<meta property=\"og:image\" content=\"https:\/\/naturegalapagos.com\/es\/wp-content\/uploads\/sites\/3\/2016\/06\/suchipakari-jungle-lodge-discovery.jpg\" \/>\n\t<meta property=\"og:image:width\" content=\"1024\" \/>\n\t<meta property=\"og:image:height\" content=\"512\" \/>\n\t<meta property=\"og:image:type\" content=\"image\/jpeg\" \/>\n<meta name=\"twitter:card\" content=\"summary_large_image\" \/>\n<meta name=\"twitter:title\" content=\"Suchipakari Jungle Lodge - Discovery Tours!\" \/>\n<meta name=\"twitter:description\" content=\"Suchipakari Jungle Lodge - Discovery Tours! ofrece 3 tours de relajaci\u00f3n y aventura sencilla en la amazonia ecuatoriana. M\u00e1s informaci\u00f3n aqu\u00ed! &quot;NG&amp;E&quot;\" \/>\n<meta name=\"twitter:site\" content=\"@naturegalapagos\" \/>\n<meta name=\"twitter:label1\" content=\"Tiempo de lectura\" \/>\n\t<meta name=\"twitter:data1\" content=\"2 minutos\" \/>\n<!-- \/ Yoast SEO Premium plugin. -->","yoast_head_json":{"title":"Suchipakari Jungle Lodge - Discovery Tours!","description":"Suchipakari Jungle Lodge - Discovery Tours! ofrece 3 tours de relajaci\u00f3n y aventura sencilla en la amazonia ecuatoriana. M\u00e1s informaci\u00f3n aqu\u00ed! \"NG&E\"","robots":{"index":"index","follow":"follow","max-snippet":"max-snippet:-1","max-image-preview":"max-image-preview:large","max-video-preview":"max-video-preview:-1"},"canonical":"https:\/\/naturegalapagos.com\/es\/amazonia-ecuatoriana\/suchipakari-jungle-lodge\/discovery-tours\/","og_locale":"es_ES","og_type":"article","og_title":"Suchipakari Jungle Lodge - Discovery Tours!","og_description":"Suchipakari Jungle Lodge - Discovery Tours! ofrece 3 tours de relajaci\u00f3n y aventura sencilla en la amazonia ecuatoriana. M\u00e1s informaci\u00f3n aqu\u00ed! \"NG&E\"","og_url":"https:\/\/naturegalapagos.com\/es\/amazonia-ecuatoriana\/suchipakari-jungle-lodge\/discovery-tours\/","og_site_name":"Espa\u00f1ol - Nature Galapagos &amp; Ecuador","article_publisher":"https:\/\/www.facebook.com\/naturegalapagosecuador\/","article_modified_time":"2024-12-16T17:33:08+00:00","og_image":[{"width":1024,"height":512,"url":"https:\/\/naturegalapagos.com\/es\/wp-content\/uploads\/sites\/3\/2016\/06\/suchipakari-jungle-lodge-discovery.jpg","type":"image\/jpeg"}],"twitter_card":"summary_large_image","twitter_title":"Suchipakari Jungle Lodge - Discovery Tours!","twitter_description":"Suchipakari Jungle Lodge - Discovery Tours! ofrece 3 tours de relajaci\u00f3n y aventura sencilla en la amazonia ecuatoriana. M\u00e1s informaci\u00f3n aqu\u00ed! \"NG&E\"","twitter_site":"@naturegalapagos","twitter_misc":{"Tiempo de lectura":"2 minutos"},"schema":{"@context":"https:\/\/schema.org","@graph":[{"@type":"WebPage","@id":"https:\/\/naturegalapagos.com\/es\/amazonia-ecuatoriana\/suchipakari-jungle-lodge\/discovery-tours\/","url":"https:\/\/naturegalapagos.com\/es\/amazonia-ecuatoriana\/suchipakari-jungle-lodge\/discovery-tours\/","name":"Suchipakari Jungle Lodge - Discovery Tours!","isPartOf":{"@id":"https:\/\/naturegalapagos.com\/es\/#website"},"primaryImageOfPage":{"@id":"https:\/\/naturegalapagos.com\/es\/amazonia-ecuatoriana\/suchipakari-jungle-lodge\/discovery-tours\/#primaryimage"},"image":{"@id":"https:\/\/naturegalapagos.com\/es\/amazonia-ecuatoriana\/suchipakari-jungle-lodge\/discovery-tours\/#primaryimage"},"thumbnailUrl":"https:\/\/naturegalapagos.com\/es\/wp-content\/uploads\/sites\/3\/2015\/11\/Suchipakari-Jungle-Lodge.jpg","datePublished":"2015-11-27T17:04:07+00:00","dateModified":"2024-12-16T17:33:08+00:00","description":"Suchipakari Jungle Lodge - Discovery Tours! ofrece 3 tours de relajaci\u00f3n y aventura sencilla en la amazonia ecuatoriana. M\u00e1s informaci\u00f3n aqu\u00ed! \"NG&E\"","breadcrumb":{"@id":"https:\/\/naturegalapagos.com\/es\/amazonia-ecuatoriana\/suchipakari-jungle-lodge\/discovery-tours\/#breadcrumb"},"inLanguage":"es","potentialAction":[{"@type":"ReadAction","target":["https:\/\/naturegalapagos.com\/es\/amazonia-ecuatoriana\/suchipakari-jungle-lodge\/discovery-tours\/"]}]},{"@type":"ImageObject","inLanguage":"es","@id":"https:\/\/naturegalapagos.com\/es\/amazonia-ecuatoriana\/suchipakari-jungle-lodge\/discovery-tours\/#primaryimage","url":"https:\/\/naturegalapagos.com\/es\/wp-content\/uploads\/sites\/3\/2015\/11\/Suchipakari-Jungle-Lodge.jpg","contentUrl":"https:\/\/naturegalapagos.com\/es\/wp-content\/uploads\/sites\/3\/2015\/11\/Suchipakari-Jungle-Lodge.jpg","width":1024,"height":512,"caption":"Suchipakari Jungle Lodge"},{"@type":"BreadcrumbList","@id":"https:\/\/naturegalapagos.com\/es\/amazonia-ecuatoriana\/suchipakari-jungle-lodge\/discovery-tours\/#breadcrumb","itemListElement":[{"@type":"ListItem","position":1,"name":"Home","item":"https:\/\/naturegalapagos.com\/es\/"},{"@type":"ListItem","position":2,"name":"Tienda","item":"https:\/\/naturegalapagos.com\/es\/tienda\/"},{"@type":"ListItem","position":3,"name":"Suchipakari Jungle Lodge"}]},{"@type":"WebSite","@id":"https:\/\/naturegalapagos.com\/es\/#website","url":"https:\/\/naturegalapagos.com\/es\/","name":"Espa\u00f1ol - Nature Galapagos & Ecuador","description":"","publisher":{"@id":"https:\/\/naturegalapagos.com\/es\/#organization"},"potentialAction":[{"@type":"SearchAction","target":{"@type":"EntryPoint","urlTemplate":"https:\/\/naturegalapagos.com\/es\/?s={search_term_string}"},"query-input":{"@type":"PropertyValueSpecification","valueRequired":true,"valueName":"search_term_string"}}],"inLanguage":"es"},{"@type":"Organization","@id":"https:\/\/naturegalapagos.com\/es\/#organization","name":"Espa\u00f1ol - Nature Galapagos & Ecuador","url":"https:\/\/naturegalapagos.com\/es\/","logo":{"@type":"ImageObject","inLanguage":"es","@id":"https:\/\/naturegalapagos.com\/es\/#\/schema\/logo\/image\/","url":"https:\/\/naturegalapagos.com\/es\/wp-content\/uploads\/sites\/3\/2016\/10\/Nature-Galapagos-Logo-COM-300x300.jpg","contentUrl":"https:\/\/naturegalapagos.com\/es\/wp-content\/uploads\/sites\/3\/2016\/10\/Nature-Galapagos-Logo-COM-300x300.jpg","width":300,"height":300,"caption":"Espa\u00f1ol - Nature Galapagos & Ecuador"},"image":{"@id":"https:\/\/naturegalapagos.com\/es\/#\/schema\/logo\/image\/"},"sameAs":["https:\/\/www.facebook.com\/naturegalapagosecuador\/","https:\/\/x.com\/naturegalapagos","https:\/\/www.instagram.com\/naturegalapagos\/","https:\/\/www.pinterest.com\/Naturegalapagos\/","https:\/\/www.youtube.com\/user\/NatureGalapagosTours"]}]}},"_links":{"self":[{"href":"https:\/\/naturegalapagos.com\/es\/wp-json\/wp\/v2\/product\/1870","targetHints":{"allow":["GET"]}}],"collection":[{"href":"https:\/\/naturegalapagos.com\/es\/wp-json\/wp\/v2\/product"}],"about":[{"href":"https:\/\/naturegalapagos.com\/es\/wp-json\/wp\/v2\/types\/product"}],"replies":[{"embeddable":true,"href":"https:\/\/naturegalapagos.com\/es\/wp-json\/wp\/v2\/comments?post=1870"}],"wp:featuredmedia":[{"embeddable":true,"href":"https:\/\/naturegalapagos.com\/es\/wp-json\/wp\/v2\/media\/1926"}],"wp:attachment":[{"href":"https:\/\/naturegalapagos.com\/es\/wp-json\/wp\/v2\/media?parent=1870"}],"wp:term":[{"taxonomy":"product_brand","embeddable":true,"href":"https:\/\/naturegalapagos.com\/es\/wp-json\/wp\/v2\/product_brand?post=1870"},{"taxonomy":"product_cat","embeddable":true,"href":"https:\/\/naturegalapagos.com\/es\/wp-json\/wp\/v2\/product_cat?post=1870"},{"taxonomy":"product_tag","embeddable":true,"href":"https:\/\/naturegalapagos.com\/es\/wp-json\/wp\/v2\/product_tag?post=1870"}],"curies":[{"name":"wp","href":"https:\/\/api.w.org\/{rel}","templated":true}]}}