{"id":1959,"date":"2024-08-30T15:05:05","date_gmt":"2024-08-30T19:05:05","guid":{"rendered":"http:\/\/naturegalapagos.com\/es\/tapir-lodge\/cuyabeno-lodge-tours"},"modified":"2025-02-07T02:20:49","modified_gmt":"2025-02-07T07:20:49","slug":"tapir-lodge-cuyabeno-tours","status":"publish","type":"product","link":"https:\/\/naturegalapagos.com\/es\/tapir-lodge\/cuyabeno-lodge-tours\/","title":{"rendered":"Tapir Lodge | Cuyabeno Tours"},"content":{"rendered":"<h2><span style=\"font-family: arial, helvetica, sans-serif; font-size: 18pt;\"><strong>Tapir Lodge Cuyabeno Tours<\/strong><\/span><\/h2>\n<p><span style=\"font-family: arial, helvetica, sans-serif;\"><strong>Tapir Lodge Cuyabeno<\/strong> Ecuador ofrece a nuestros hu\u00e9spedes programas de 4, 5 y 7 d\u00edas, por lo que han sido creados para proporcionar a nuestros visitantes una gran muestra de la <strong>selva ecuatoriana<\/strong>, el\u00a0servicio en nuestro lodge har\u00e1 de esta una salida y confortable experiencia en nuestro lodge.<\/span><\/p>\n<p><span style=\"font-family: arial, helvetica, sans-serif;\">El tiempo que escoja para su programa\u00a0de <strong>4, 5 o 7 d\u00edas<\/strong> no ser\u00e1n una decepci\u00f3n para usted; ya que nos encargaremos de que usted aprenda del medio ambiente, los animales de la zona y teniendo mucho que hacer y disfrutar, as\u00ed como tiempo para descansar y relajarse durante su estancia con nosotros dentro de la Reserva Cuyabeno.<\/span><\/p>\n<p><span style=\"font-family: arial, helvetica, sans-serif;\"> <!--more--><\/span><\/p>\n<ul>\n<li><span style=\"font-family: arial, helvetica, sans-serif;\"><strong>Actividades: <\/strong>Caminatas cortas , navegaci\u00f3n en canoas y observaci\u00f3n de la flora y fauna.<\/span><\/li>\n<li><span style=\"font-family: arial, helvetica, sans-serif;\"><strong>Tipo de viaje:<\/strong> Aventura sencilla.<\/span><\/li>\n<li><span style=\"font-family: arial, helvetica, sans-serif;\"><strong>D\u00edas de inicio:<\/strong> Inicia todos los d\u00edas con m\u00ednimo 2 personas.<br \/>\n<\/span><\/li>\n<li><span style=\"font-family: arial, helvetica, sans-serif;\"><strong>Que incluye el Tour:<\/strong>\u00a0Ver abajo nuestra lista detallada.<br \/>\n<\/span><\/li>\n<li><span style=\"font-family: arial, helvetica, sans-serif;\"><strong>Que ver en el Tour:<\/strong> Sahinos, monos Capuchinos,\u00a0Hoatzin, Tangaras, Anacondas, Tucanes, Mariposas Gigantes, Loras, etc. Obviamente dependemos de la suerte para observarlos a todos. En todo caso disfrutaremos de la aventura y la paz que la naturaleza nos proporciona.\u00a0<\/span><\/li>\n<\/ul>\n<h3><span style=\"font-family: arial, helvetica, sans-serif; font-size: 20px;\"><strong>Resumen de Itinerario<\/strong><\/span><\/h3>\n<table class=\"table table-bordered tours-tabs__table\" style=\"height: 233px; width: 858px;\">\n<tbody>\n<tr style=\"height: 24px;\">\n<td style=\"height: 24px; width: 212px;\"><span style=\"font-family: arial, helvetica, sans-serif;\"><strong>LUGAR DE PARTIDA<\/strong><\/span><\/td>\n<td style=\"height: 24px; width: 640px;\"><span style=\"font-family: arial, helvetica, sans-serif;\">Quito-Lago Agrio<\/span><\/td>\n<\/tr>\n<tr style=\"height: 24px;\">\n<td style=\"height: 24px; width: 212px;\"><span style=\"font-family: arial, helvetica, sans-serif;\"><strong>LUGAR DE REGRESO<\/strong><\/span><\/td>\n<td style=\"height: 24px; width: 640px;\"><span style=\"font-family: arial, helvetica, sans-serif;\">Lago Agrio-Quito<\/span><\/td>\n<\/tr>\n<tr style=\"height: 24px;\">\n<td style=\"height: 24px; width: 212px;\"><span style=\"font-family: arial, helvetica, sans-serif;\"><strong>HORA DE PARTIDA<\/strong><\/span><\/td>\n<td style=\"height: 24px; width: 640px;\"><span style=\"font-family: arial, helvetica, sans-serif;\">Por avi\u00f3n: El vuelo sale a las 09:30 aproximadamente. (Sujeto a cambio)<\/span><\/td>\n<\/tr>\n<tr style=\"height: 24px;\">\n<td style=\"height: 24px; width: 212px;\"><span style=\"font-family: arial, helvetica, sans-serif;\"><strong>HORA DE REGRESO<\/strong><\/span><\/td>\n<td style=\"height: 24px; width: 640px;\"><span style=\"font-family: arial, helvetica, sans-serif;\">Por avi\u00f3n el vuelo sales a las 17:20 aproximadamente.\u00a0(Sujeto a cambio)<\/span><\/td>\n<\/tr>\n<tr style=\"height: 24px;\">\n<td style=\"height: 24px; width: 212px;\"><span style=\"font-family: arial, helvetica, sans-serif;\"><strong>QU\u00c9 USAR?<\/strong><\/span><\/td>\n<td style=\"height: 24px; width: 640px;\"><span style=\"font-family: arial, helvetica, sans-serif;\">Ropa c\u00f3moda, zapatos para caminar, sombrero, chaqueta y protector solar.<\/span><\/td>\n<\/tr>\n<tr style=\"height: 83.875px;\">\n<td style=\"height: 83.875px; width: 212px;\"><span style=\"font-family: arial, helvetica, sans-serif;\"><strong>INCLUYE<\/strong><\/span><\/td>\n<td style=\"height: 83.875px; width: 640px;\"><span style=\"font-family: arial, helvetica, sans-serif;\"><i class=\"fa fa-check icon-tick icon-tick--on\"><\/i> Alojamiento en el Lodge\u00a0en habitaciones seleccionadas.<br \/>\n<i class=\"fa fa-check icon-tick icon-tick--on\"><\/i> Acomodaci\u00f3n con redes de mosquitos y con un ba\u00f1o privado.<\/span><br \/>\n<span style=\"font-family: arial, helvetica, sans-serif;\"> <i class=\"fa fa-check icon-tick icon-tick--on\"><\/i> Todas las comidas (desayuno-almuerzo y cena) *Men\u00fa del\u00a0d\u00eda.<\/span><br \/>\n<span style=\"font-family: arial, helvetica, sans-serif;\"> <i class=\"fa fa-check icon-tick icon-tick--on\"><\/i>\u00a0Transporte privado Lago Agrio &#8211; Cuyabeno River Lodge\u00a0&#8211; Lago Agrio (bus y\u00a0canoa).<br \/>\n<i class=\"fa fa-check icon-tick icon-tick--on\"><\/i>\u00a0Excursiones,\u00a0Gu\u00eda naturalista biling\u00fce.<\/span><br \/>\n<span style=\"font-family: arial, helvetica, sans-serif;\"> <i class=\"fa fa-check icon-tick icon-tick--on\"><\/i>\u00a0Snacks para todas las excursiones<\/span><br \/>\n<span style=\"font-family: arial, helvetica, sans-serif;\"> <i class=\"fa fa-check icon-tick icon-tick--on\"><\/i> Agua Purificada, caf\u00e9 \u00f3 te.<\/span><br \/>\n<span style=\"font-family: arial, helvetica, sans-serif;\"> <i class=\"fa fa-check icon-tick icon-tick--on\"><\/i>\u00a0Botas y ponchos de agua.<\/span><\/td>\n<\/tr>\n<tr style=\"height: 38px;\">\n<td style=\"height: 38px; width: 212px;\"><span style=\"font-family: arial, helvetica, sans-serif;\"><b>NO INCLUYE<\/b><\/span><\/td>\n<td style=\"height: 38px; width: 640px;\"><span style=\"font-family: arial, helvetica, sans-serif;\"><i class=\"fa fa-times icon-tick icon-tick--off\"><\/i> Transporte a\u00e9reo\u00a0\u00a0Quito &#8211; Lago Agrio &#8211; Quito.<\/span><br \/>\n<span style=\"font-family: arial, helvetica, sans-serif;\"> <i class=\"fa fa-times icon-tick icon-tick--off\"><\/i> Boletos de bus Quito &#8211; Lago Agrio &#8211; Quito.<br \/>\n<i class=\"fa fa-times icon-tick icon-tick--off\"><\/i>\u00a0$ 5.00 community \/ $ 5.00 Shaman.<\/span><br \/>\n<span style=\"font-family: arial, helvetica, sans-serif;\"> <i class=\"fa fa-times icon-tick icon-tick--off\"><\/i>Gastos personales, extras.<\/span><br \/>\n<span style=\"font-family: arial, helvetica, sans-serif;\"> <i class=\"fa fa-times icon-tick icon-tick--off\"><\/i>\u00a0Bebidas gaseosas y alcoh\u00f3licas.<\/span><br \/>\n<span style=\"font-family: arial, helvetica, sans-serif;\"> <i class=\"fa fa-times icon-tick icon-tick--off\"><\/i>Ning\u00fan otro servicio no especificado.<br \/>\n<i class=\"fa fa-times icon-tick icon-tick--off\"><\/i> Tips &amp;\u00a0Extras.<\/span><\/td>\n<\/tr>\n<\/tbody>\n<\/table>\n<p><span style=\"font-family: arial, helvetica, sans-serif; font-size: 8pt;\"><strong><em>NOTA:<\/em><\/strong><em> \u201cEl itinerario siempre esta sujeto a cambio sin previo aviso, debido a los cambios estacionales, condiciones clim\u00e1ticas, y circunstancias operacionales de \u00faltimo minuto\u201d.<\/em><\/span><\/p>\n<h3><span style=\"font-family: arial, helvetica, sans-serif; font-size: 18pt;\">Informaci\u00f3n importante sobre los programas en el Tapir Lodge.<\/span><\/h3>\n<p><span style=\"font-family: arial, helvetica, sans-serif;\">Durante las excursiones, un gu\u00eda multiling\u00fce y naturalista autorizado por el gobierno de Ecuador acompa\u00f1ar\u00e1 a los hu\u00e9spedes en todo momento, gui\u00e1ndolos dentro y a trav\u00e9s de la Reserva Cuyabeno.<\/span><\/p>\n<p><span style=\"font-family: arial, helvetica, sans-serif;\">Los hu\u00e9spedes\u00a0ser\u00e1n informados sobre las actividades del d\u00eda siguiente por su gu\u00eda en noche antes o despu\u00e9s de la cena. El\u00a0gu\u00eda puede ajustar el itinerario debido a las condiciones meteorol\u00f3gicas o requerimientos de los hu\u00e9spedes.<\/span><\/p>\n<p><span style=\"font-family: arial, helvetica, sans-serif;\">En el primer d\u00eda de todos nuestros programas, asignaremos chalecos salvavidas, ponchos para la lluvia y botas de caucho a los hu\u00e9spedes. Cada hu\u00e9sped ser\u00e1 responsable de su equipo durante la estancia y deber\u00e1 devolverlo a un representante de Tapir Lodge el \u00faltimo d\u00eda del programa.<\/span><\/p>\n<p><span style=\"font-family: arial, helvetica, sans-serif;\">Favor de traer este equipo con usted cuando sea necesario y\/o\u00a0requerido\u00a0por el gu\u00eda. A pesar de que el r\u00edo Cuyabeno es bastante sereno, recordamos y pedimos a nuestros clientes usar sus chalecos salvavidas en todo momento durante nuestras excursiones en canoa. <\/span><\/p>\n<p><span style=\"font-family: arial, helvetica, sans-serif;\">Las botas de caucho deben ser usados durante todas las excursiones y recomendamos a mantener su poncho de lluvia con usted en todo momento.<\/span><\/p>\n\n<div class=\"panel panel-default accordion__item\">\n\t<div class=\"panel-heading accordion__item__title-wrap\">\n\t\t<h4 class=\"panel-title\">\n\t\t\t<a data-toggle=\"collapse\" data-parent=\"#ataccordion0\" href=\"#ataccordion0_1\" class=\"accordion__item__link collapsed\">Solicite m\u00e1s informaci\u00f3n<\/a>\n\t\t<\/h4>\n\t<\/div>\n\t<div id=\"ataccordion0_1\" class=\"panel-collapse collapse\">\n\t\t<div class=\"panel-body accordion__item__content\">\n<div class=\"ml-embedded\" data-form=\"OqFLLE\"><\/div>\n<\/div>\n\t<\/div>\n<\/div>\n","protected":false},"excerpt":{"rendered":"<p><span style=\"font-family: arial, helvetica, sans-serif;\">Tapir Lodge Cuyabeno Ecuador ofrece a nuestros hu\u00e9spedes programas de 4, 5 y 7 d\u00edas, que han sido creados para proporcionar a nuestros visitantes una gran muestra de la selva ecuatoriana, el\u00a0servicio en nuestro lodge har\u00e1 de esta una salida y confortable experiencia en nuestro lodge.<\/span><\/p>\n","protected":false},"featured_media":1968,"comment_status":"open","ping_status":"closed","template":"","meta":{"_joinchat":[]},"product_brand":[],"product_cat":[3599],"product_tag":[],"class_list":{"0":"post-1959","1":"product","2":"type-product","3":"status-publish","4":"has-post-thumbnail","6":"product_cat-sin-categoria","7":"tour_category-amazonia-ecuatoriana","8":"tour_category-lodges-selva-clase-estandar","10":"first","11":"instock","12":"taxable","13":"shipping-taxable","14":"product-type-tour"},"yoast_head":"<!-- This site is optimized with the Yoast SEO Premium plugin v25.6 (Yoast SEO v26.1.1) - https:\/\/yoast.com\/wordpress\/plugins\/seo\/ -->\n<title>Tapir Lodge Cuyabeno, una experiencia diferente a buen precio.<\/title>\n<meta name=\"description\" content=\"Tapir Lodge Cuyabeno, una experiencia diferente a buen precio, ubicado en el Parque nacional Cuyabeno comodidad, buen servicio su carta de presentaci\u00f3n.\" \/>\n<meta name=\"robots\" content=\"index, follow, max-snippet:-1, max-image-preview:large, max-video-preview:-1\" \/>\n<link rel=\"canonical\" href=\"https:\/\/naturegalapagos.com\/es\/tapir-lodge\/cuyabeno-lodge-tours\/\" \/>\n<meta property=\"og:locale\" content=\"es_ES\" \/>\n<meta property=\"og:type\" content=\"article\" \/>\n<meta property=\"og:title\" content=\"Tapir Lodge Cuyabeno, una experiencia diferente a buen precio.\" \/>\n<meta property=\"og:description\" content=\"Tapir Lodge Cuyabeno, una experiencia diferente a buen precio, ubicado en el Parque nacional Cuyabeno comodidad, buen servicio su carta de presentaci\u00f3n.\" \/>\n<meta property=\"og:url\" content=\"https:\/\/naturegalapagos.com\/es\/tapir-lodge\/cuyabeno-lodge-tours\/\" \/>\n<meta property=\"og:site_name\" content=\"Espa\u00f1ol - Nature Galapagos &amp; Ecuador\" \/>\n<meta property=\"article:publisher\" content=\"https:\/\/www.facebook.com\/naturegalapagosecuador\/\" \/>\n<meta property=\"article:modified_time\" content=\"2025-02-07T07:20:49+00:00\" \/>\n<meta property=\"og:image\" content=\"https:\/\/naturegalapagos.com\/es\/wp-content\/uploads\/sites\/3\/2016\/06\/tapir-lodge-cuyabeno-amazon\u00eda.jpg\" \/>\n\t<meta property=\"og:image:width\" content=\"1024\" \/>\n\t<meta property=\"og:image:height\" content=\"512\" \/>\n\t<meta property=\"og:image:type\" content=\"image\/jpeg\" \/>\n<meta name=\"twitter:card\" content=\"summary_large_image\" \/>\n<meta name=\"twitter:title\" content=\"Tapir Lodge Cuyabeno, una experiencia diferente a buen precio.\" \/>\n<meta name=\"twitter:description\" content=\"Tapir Lodge Cuyabeno, una experiencia diferente a buen precio, ubicado en el Parque nacional Cuyabeno comodidad, buen servicio su carta de presentaci\u00f3n.\" \/>\n<meta name=\"twitter:site\" content=\"@naturegalapagos\" \/>\n<meta name=\"twitter:label1\" content=\"Tiempo de lectura\" \/>\n\t<meta name=\"twitter:data1\" content=\"3 minutos\" \/>\n<!-- \/ Yoast SEO Premium plugin. -->","yoast_head_json":{"title":"Tapir Lodge Cuyabeno, una experiencia diferente a buen precio.","description":"Tapir Lodge Cuyabeno, una experiencia diferente a buen precio, ubicado en el Parque nacional Cuyabeno comodidad, buen servicio su carta de presentaci\u00f3n.","robots":{"index":"index","follow":"follow","max-snippet":"max-snippet:-1","max-image-preview":"max-image-preview:large","max-video-preview":"max-video-preview:-1"},"canonical":"https:\/\/naturegalapagos.com\/es\/tapir-lodge\/cuyabeno-lodge-tours\/","og_locale":"es_ES","og_type":"article","og_title":"Tapir Lodge Cuyabeno, una experiencia diferente a buen precio.","og_description":"Tapir Lodge Cuyabeno, una experiencia diferente a buen precio, ubicado en el Parque nacional Cuyabeno comodidad, buen servicio su carta de presentaci\u00f3n.","og_url":"https:\/\/naturegalapagos.com\/es\/tapir-lodge\/cuyabeno-lodge-tours\/","og_site_name":"Espa\u00f1ol - Nature Galapagos &amp; Ecuador","article_publisher":"https:\/\/www.facebook.com\/naturegalapagosecuador\/","article_modified_time":"2025-02-07T07:20:49+00:00","og_image":[{"width":1024,"height":512,"url":"https:\/\/naturegalapagos.com\/es\/wp-content\/uploads\/sites\/3\/2016\/06\/tapir-lodge-cuyabeno-amazon\u00eda.jpg","type":"image\/jpeg"}],"twitter_card":"summary_large_image","twitter_title":"Tapir Lodge Cuyabeno, una experiencia diferente a buen precio.","twitter_description":"Tapir Lodge Cuyabeno, una experiencia diferente a buen precio, ubicado en el Parque nacional Cuyabeno comodidad, buen servicio su carta de presentaci\u00f3n.","twitter_site":"@naturegalapagos","twitter_misc":{"Tiempo de lectura":"3 minutos"},"schema":{"@context":"https:\/\/schema.org","@graph":[{"@type":"WebPage","@id":"https:\/\/naturegalapagos.com\/es\/tapir-lodge\/cuyabeno-lodge-tours\/","url":"https:\/\/naturegalapagos.com\/es\/tapir-lodge\/cuyabeno-lodge-tours\/","name":"Tapir Lodge Cuyabeno, una experiencia diferente a buen precio.","isPartOf":{"@id":"https:\/\/naturegalapagos.com\/es\/#website"},"primaryImageOfPage":{"@id":"https:\/\/naturegalapagos.com\/es\/tapir-lodge\/cuyabeno-lodge-tours\/#primaryimage"},"image":{"@id":"https:\/\/naturegalapagos.com\/es\/tapir-lodge\/cuyabeno-lodge-tours\/#primaryimage"},"thumbnailUrl":"https:\/\/naturegalapagos.com\/es\/wp-content\/uploads\/sites\/3\/2016\/06\/tapir-lodge-cuyabeno-amazon\u00eda.jpg","datePublished":"2024-08-30T19:05:05+00:00","dateModified":"2025-02-07T07:20:49+00:00","description":"Tapir Lodge Cuyabeno, una experiencia diferente a buen precio, ubicado en el Parque nacional Cuyabeno comodidad, buen servicio su carta de presentaci\u00f3n.","breadcrumb":{"@id":"https:\/\/naturegalapagos.com\/es\/tapir-lodge\/cuyabeno-lodge-tours\/#breadcrumb"},"inLanguage":"es","potentialAction":[{"@type":"ReadAction","target":["https:\/\/naturegalapagos.com\/es\/tapir-lodge\/cuyabeno-lodge-tours\/"]}]},{"@type":"ImageObject","inLanguage":"es","@id":"https:\/\/naturegalapagos.com\/es\/tapir-lodge\/cuyabeno-lodge-tours\/#primaryimage","url":"https:\/\/naturegalapagos.com\/es\/wp-content\/uploads\/sites\/3\/2016\/06\/tapir-lodge-cuyabeno-amazon\u00eda.jpg","contentUrl":"https:\/\/naturegalapagos.com\/es\/wp-content\/uploads\/sites\/3\/2016\/06\/tapir-lodge-cuyabeno-amazon\u00eda.jpg","width":1024,"height":512,"caption":"Tapir Lodge Cuyabeno Amazon\u00eda"},{"@type":"BreadcrumbList","@id":"https:\/\/naturegalapagos.com\/es\/tapir-lodge\/cuyabeno-lodge-tours\/#breadcrumb","itemListElement":[{"@type":"ListItem","position":1,"name":"Home","item":"https:\/\/naturegalapagos.com\/es\/"},{"@type":"ListItem","position":2,"name":"Tienda","item":"https:\/\/naturegalapagos.com\/es\/tienda\/"},{"@type":"ListItem","position":3,"name":"Tapir Lodge | Cuyabeno Tours"}]},{"@type":"WebSite","@id":"https:\/\/naturegalapagos.com\/es\/#website","url":"https:\/\/naturegalapagos.com\/es\/","name":"Espa\u00f1ol - Nature Galapagos & Ecuador","description":"","publisher":{"@id":"https:\/\/naturegalapagos.com\/es\/#organization"},"potentialAction":[{"@type":"SearchAction","target":{"@type":"EntryPoint","urlTemplate":"https:\/\/naturegalapagos.com\/es\/?s={search_term_string}"},"query-input":{"@type":"PropertyValueSpecification","valueRequired":true,"valueName":"search_term_string"}}],"inLanguage":"es"},{"@type":"Organization","@id":"https:\/\/naturegalapagos.com\/es\/#organization","name":"Espa\u00f1ol - Nature Galapagos & Ecuador","url":"https:\/\/naturegalapagos.com\/es\/","logo":{"@type":"ImageObject","inLanguage":"es","@id":"https:\/\/naturegalapagos.com\/es\/#\/schema\/logo\/image\/","url":"https:\/\/naturegalapagos.com\/es\/wp-content\/uploads\/sites\/3\/2016\/10\/Nature-Galapagos-Logo-COM-300x300.jpg","contentUrl":"https:\/\/naturegalapagos.com\/es\/wp-content\/uploads\/sites\/3\/2016\/10\/Nature-Galapagos-Logo-COM-300x300.jpg","width":300,"height":300,"caption":"Espa\u00f1ol - Nature Galapagos & Ecuador"},"image":{"@id":"https:\/\/naturegalapagos.com\/es\/#\/schema\/logo\/image\/"},"sameAs":["https:\/\/www.facebook.com\/naturegalapagosecuador\/","https:\/\/x.com\/naturegalapagos","https:\/\/www.instagram.com\/naturegalapagos\/","https:\/\/www.pinterest.com\/Naturegalapagos\/","https:\/\/www.youtube.com\/user\/NatureGalapagosTours"]}]}},"_links":{"self":[{"href":"https:\/\/naturegalapagos.com\/es\/wp-json\/wp\/v2\/product\/1959","targetHints":{"allow":["GET"]}}],"collection":[{"href":"https:\/\/naturegalapagos.com\/es\/wp-json\/wp\/v2\/product"}],"about":[{"href":"https:\/\/naturegalapagos.com\/es\/wp-json\/wp\/v2\/types\/product"}],"replies":[{"embeddable":true,"href":"https:\/\/naturegalapagos.com\/es\/wp-json\/wp\/v2\/comments?post=1959"}],"wp:featuredmedia":[{"embeddable":true,"href":"https:\/\/naturegalapagos.com\/es\/wp-json\/wp\/v2\/media\/1968"}],"wp:attachment":[{"href":"https:\/\/naturegalapagos.com\/es\/wp-json\/wp\/v2\/media?parent=1959"}],"wp:term":[{"taxonomy":"product_brand","embeddable":true,"href":"https:\/\/naturegalapagos.com\/es\/wp-json\/wp\/v2\/product_brand?post=1959"},{"taxonomy":"product_cat","embeddable":true,"href":"https:\/\/naturegalapagos.com\/es\/wp-json\/wp\/v2\/product_cat?post=1959"},{"taxonomy":"product_tag","embeddable":true,"href":"https:\/\/naturegalapagos.com\/es\/wp-json\/wp\/v2\/product_tag?post=1959"}],"curies":[{"name":"wp","href":"https:\/\/api.w.org\/{rel}","templated":true}]}}