{"id":1996,"date":"2024-08-30T11:42:25","date_gmt":"2024-08-30T15:42:25","guid":{"rendered":"http:\/\/naturegalapagos.com\/es\/amazonia-ecuatoriana\/tours-napo-wildlife-center-lodge"},"modified":"2024-08-30T12:42:30","modified_gmt":"2024-08-30T16:42:30","slug":"amazonia-ecuatorianatours-napo-wildlife-center-lodge","status":"publish","type":"product","link":"https:\/\/naturegalapagos.com\/es\/amazonia-ecuatoriana\/tours-napo-wildlife-center-lodge\/","title":{"rendered":"Napo Wildlife Center Lodge"},"content":{"rendered":"<div class=\"wpb-content-wrapper\"><h2><span style=\"font-family: arial, helvetica, sans-serif; font-size: 18pt;\"><strong>Napo Wildlife Center Eco-Lodge<\/strong><\/span><\/h2>\n<p><span style=\"font-family: arial, helvetica, sans-serif;\">El <strong>Napo Wildlife Center<\/strong> Ecolodge ha sido cuidadosamente construido y dise\u00f1ado por la comunidad ind\u00edgena de A\u00f1angu, ofrecemos la m\u00e1xima privacidad y confort en tours. Por otro lado, sus habitaciones de lujo, atenci\u00f3n de primera, hermosas vistas de la selva y el lago, toda la naturaleza a su alcance. Por lo que es un verdadero para\u00edso para los amantes de la naturaleza, eco-turistas y amantes de la aventura.<\/span><\/p>\n<p><span style=\"font-family: arial, helvetica, sans-serif;\"> <!--more--><\/span><\/p>\n<ul>\n<li><span style=\"font-family: arial, helvetica, sans-serif;\"><strong>Actividades:<\/strong>caminatas cortas , navegaci\u00f3n y observaci\u00f3n de la fauna<\/span><\/li>\n<li><span style=\"font-family: arial, helvetica, sans-serif;\"><strong>Edad:<\/strong>\u00a0 1 a\u00f1o &#8211; 60 a\u00f1os<\/span><\/li>\n<li><span style=\"font-family: arial, helvetica, sans-serif;\"><strong>Tipo de viaje:<\/strong> Aventura sencilla<\/span><\/li>\n<li><span style=\"font-family: arial, helvetica, sans-serif;\"><strong>Tipo de Paquete:<\/strong> \u00a0 \u00a0Todo Incluido <\/span><\/li>\n<li><span style=\"font-family: arial, helvetica, sans-serif;\"><strong>D\u00edas de inicio:<\/strong> Inicia todos los d\u00edas<\/span><\/li>\n<\/ul>\n<h3><span style=\"font-family: arial, helvetica, sans-serif;\">Itinerario<\/span><\/h3>\n<table class=\"table table-bordered tours-tabs__table\" style=\"height: 233px; width: 858px;\">\n<tbody>\n<tr style=\"height: 24px;\">\n<td style=\"height: 24px; width: 212px;\"><span style=\"font-family: arial, helvetica, sans-serif;\"><strong>LUGAR DE PARTIDA<\/strong><\/span><\/td>\n<td style=\"height: 24px; width: 640px;\"><span style=\"font-family: arial, helvetica, sans-serif;\">Quito-Coca<\/span><\/td>\n<\/tr>\n<tr style=\"height: 24px;\">\n<td style=\"height: 24px; width: 212px;\"><span style=\"font-family: arial, helvetica, sans-serif;\"><strong>LUGAR DE REGRESO<\/strong><\/span><\/td>\n<td style=\"height: 24px; width: 640px;\"><span style=\"font-family: arial, helvetica, sans-serif;\">Coca-Quito<\/span><\/td>\n<\/tr>\n<tr style=\"height: 24px;\">\n<td style=\"height: 24px; width: 212px;\"><span style=\"font-family: arial, helvetica, sans-serif;\"><strong>HORA DE PARTIDA<\/strong><\/span><\/td>\n<td style=\"height: 24px; width: 640px;\"><span style=\"font-family: arial, helvetica, sans-serif;\">* Consultar para m\u00e1s detalles.<\/span><\/td>\n<\/tr>\n<tr style=\"height: 24px;\">\n<td style=\"height: 24px; width: 212px;\"><span style=\"font-family: arial, helvetica, sans-serif;\"><strong>HORA DE REGRESO<\/strong><\/span><\/td>\n<td style=\"height: 24px; width: 640px;\"><span style=\"font-family: arial, helvetica, sans-serif;\">* Consultar para m\u00e1s detalles.<\/span><\/td>\n<\/tr>\n<tr style=\"height: 24px;\">\n<td style=\"height: 24px; width: 212px;\"><span style=\"font-family: arial, helvetica, sans-serif;\"><strong>QU\u00c9 USAR?<\/strong><\/span><\/td>\n<td style=\"height: 24px; width: 640px;\"><span style=\"font-family: arial, helvetica, sans-serif;\">Ropa c\u00f3moda, zapatos para caminar, sombrero, chaqueta y protector solar.<\/span><\/td>\n<\/tr>\n<tr style=\"height: 83.875px;\">\n<td style=\"height: 83.875px; width: 212px;\"><span style=\"font-family: arial, helvetica, sans-serif;\"><strong>INCLUYE<\/strong><\/span><\/td>\n<td style=\"height: 83.875px; width: 640px;\"><span style=\"font-family: arial, helvetica, sans-serif;\"><i class=\"fa fa-check icon-tick icon-tick--on\"><\/i> Alojamiento en hoteles y habitaciones seleccionadas.<\/span><br \/>\n<span style=\"font-family: arial, helvetica, sans-serif;\"> <i class=\"fa fa-check icon-tick icon-tick--on\"><\/i> Todas las comidas (desayuno-almuerzo y cena) *Men\u00fa del\u00a0d\u00eda.<\/span><br \/>\n<span style=\"font-family: arial, helvetica, sans-serif;\"> <i class=\"fa fa-check icon-tick icon-tick--on\"><\/i>\u00a0Transporte privado Lago Agrio &#8211; Cuyabeno River Lodge\u00a0&#8211; Lago Agrio (bus y\u00a0canoa).<\/span><br \/>\n<span style=\"font-family: arial, helvetica, sans-serif;\"> <i class=\"fa fa-check icon-tick icon-tick--on\"><\/i> Gu\u00eda naturalista biling\u00fce, en cada isla visitada o actividad.<\/span><br \/>\n<span style=\"font-family: arial, helvetica, sans-serif;\"> <i class=\"fa fa-check icon-tick icon-tick--on\"><\/i> Acomodaci\u00f3n en doble\u00a0\/ \u00f3\u00a0habitaci\u00f3n triple con redes de mosquitos y con un ba\u00f1o privado.<\/span><br \/>\n<span style=\"font-family: arial, helvetica, sans-serif;\"> <i class=\"fa fa-check icon-tick icon-tick--on\"><\/i>\u00a0Snacks para todas las excursiones<\/span><br \/>\n<span style=\"font-family: arial, helvetica, sans-serif;\"> <i class=\"fa fa-check icon-tick icon-tick--on\"><\/i>\u00a0Excursiones,<\/span><br \/>\n<span style=\"font-family: arial, helvetica, sans-serif;\"> <i class=\"fa fa-check icon-tick icon-tick--on\"><\/i> Agua Purificada, caf\u00e9 \u00f3 te.<\/span><br \/>\n<span style=\"font-family: arial, helvetica, sans-serif;\"> <i class=\"fa fa-check icon-tick icon-tick--on\"><\/i>\u00a0Botas y ponchos de agua.<\/span><\/td>\n<\/tr>\n<tr style=\"height: 38px;\">\n<td style=\"height: 38px; width: 212px;\"><span style=\"font-family: arial, helvetica, sans-serif;\"><b>NO INCLUYE<\/b><\/span><\/td>\n<td style=\"height: 38px; width: 640px;\"><span style=\"font-family: arial, helvetica, sans-serif;\"><i class=\"fa fa-times icon-tick icon-tick--off\"><\/i> Transporte Quito &#8211; Lago Agrio &#8211; Quito (bus o avi\u00f3n)<\/span><br \/>\n<span style=\"font-family: arial, helvetica, sans-serif;\"> <i class=\"fa fa-times icon-tick icon-tick--off\"><\/i> \u00d3 ticket de bus desde\/hacia<\/span><br \/>\n<span style=\"font-family: arial, helvetica, sans-serif;\"> <i class=\"fa fa-times icon-tick icon-tick--off\"><\/i>Gastos personales, extras.<\/span><br \/>\n<span style=\"font-family: arial, helvetica, sans-serif;\"> <i class=\"fa fa-times icon-tick icon-tick--off\"><\/i>\u00a0Bebidas gaseosas y alcoh\u00f3licas.<\/span><br \/>\n<span style=\"font-family: arial, helvetica, sans-serif;\"> <i class=\"fa fa-times icon-tick icon-tick--off\"><\/i> Tips &amp;\u00a0Extras.<\/span><br \/>\n<span style=\"font-family: arial, helvetica, sans-serif;\"> <i class=\"fa fa-times icon-tick icon-tick--off\"><\/i>Ning\u00fan otro servicio especificado.<\/span><br \/>\n<span style=\"font-family: arial, helvetica, sans-serif;\"> <i class=\"fa fa-times icon-tick icon-tick--off\"><\/i>\u00a0$ 5.00 community \/ $ 5.00 Shaman.<\/span><\/td>\n<\/tr>\n<\/tbody>\n<\/table>\n<p><span style=\"font-family: arial, helvetica, sans-serif;\"><strong><em>NOTA:<\/em><\/strong><em>\u00a0\u201cEl itinerario siempre esta sujeto a cambio sin previo aviso, debido a los cambios estacionales, condiciones clim\u00e1ticas, ajustes de ultima hora en las pol\u00edticas de visitas del Parque Nacional Gal\u00e1pagos y circunstancias operacionales de \u00faltimo minuto\u201d.<\/em><\/span><\/p>\n<h3><span style=\"font-family: arial, helvetica, sans-serif; font-size: 18pt;\"><strong>M\u00e1s sobre Napo\u00a0Wildlife Center Eco-Lodge<\/strong><\/span><\/h3>\n<p><span style=\"font-family: arial, helvetica, sans-serif;\">Situado en la Amzon\u00eda del Ecuador , el Napo Wildlife Center es considerado uno de los mejores eco-hoteles del mundo. La comunidad A\u00f1angu ha sido reconocida mundialmente por su esfuerzo para preservar la flora y fauna que se encuentran en esta regi\u00f3n declarada por la UNESCO como reserva de la Biosfera.<\/span><\/p>\n<p><span style=\"font-family: arial, helvetica, sans-serif;\">Construido por los nativos de la Comunidad Kichwa A\u00f1angu, las caba\u00f1as en la Napo Wildlife Center lodge son enormes y c\u00f3modas. El lugar es muy exclusivo, ya que s\u00f3lo hay 16 caba\u00f1as privadas, 12 est\u00e1ndar y 4 suites de lujo. As\u00ed mismo, las caba\u00f1as est\u00e1n decoradas con muebles nativos y est\u00e1n completamente equipadas con un ba\u00f1o privado con agua caliente, la ventilaci\u00f3n, la energ\u00eda y un balc\u00f3n tiene una vista incre\u00edble de la selva y la Laguna de A\u00f1angu.<\/span><\/p>\n<p><span style=\"font-family: arial, helvetica, sans-serif;\">El Napo <strong>Wildlife Center lodge<\/strong> es un buen ejemplo de proyectos de ecoturismo. Por lo que la comunidad ha invertido en un sistema ambiental \u00fanico, probablemente el mejor y m\u00e1s avanzado de la Amazonia. As\u00ed mismo, todas las aguas residuales se procesan para mantener los humedales limpios. Tambi\u00e9n la energ\u00eda es generada por paneles solares, bater\u00edas industriales y generadores silenciosos, que es un sistema eficiente con impactos m\u00ednimos de entorno.<\/span><\/p>\n<p>[vc_row][vc_column el_class=&#8221;accocruise&#8221;][vc_column_text]\n<div class=\"panel panel-default accordion__item\">\n\t<div class=\"panel-heading accordion__item__title-wrap\">\n\t\t<h4 class=\"panel-title\">\n\t\t\t<a data-toggle=\"collapse\" data-parent=\"#ataccordion0\" href=\"#ataccordion0_1\" class=\"accordion__item__link collapsed\">Solicite m\u00e1s informaci\u00f3n<\/a>\n\t\t<\/h4>\n\t<\/div>\n\t<div id=\"ataccordion0_1\" class=\"panel-collapse collapse\">\n\t\t<div class=\"panel-body accordion__item__content\"><\/p>\n<p><script type=\"text\/javascript\" src=\"\/\/static.mailerlite.com\/data\/webforms\/272875\/c4m6q2.js?v106\"><\/script><\/p>\n<p><\/div>\n\t<\/div>\n<\/div>[\/vc_column_text][\/vc_column][\/vc_row]<\/p>\n<\/div>","protected":false},"excerpt":{"rendered":"<p>Napo Wildlife Center Eco-Lodge El Napo Wildlife Center Ecolodge ha sido cuidadosamente construido y dise\u00f1ado por la comunidad ind\u00edgena de A\u00f1angu, ofrecemos la m\u00e1xima privacidad y confort en tours. Por otro lado, sus habitaciones de lujo, atenci\u00f3n de primera, hermosas vistas de la selva y el lago, toda la naturaleza a su alcance. Por lo<\/p>\n<div class=\"padding-top text-center\"><a href=\"https:\/\/naturegalapagos.com\/es\/amazonia-ecuatoriana\/tours-napo-wildlife-center-lodge\/\" class=\"atbtn atbtn--medium atbtn--rounded atbtn--transparent\">Leer m\u00e1s<i class=\"atbtn__icon atbtn__icon--right fa fa-long-arrow-right\"><\/i><\/a><\/div>\n","protected":false},"featured_media":2003,"comment_status":"open","ping_status":"closed","template":"","meta":{"_joinchat":[]},"product_brand":[],"product_cat":[3599],"product_tag":[],"class_list":{"0":"post-1996","1":"product","2":"type-product","3":"status-publish","4":"has-post-thumbnail","6":"product_cat-sin-categoria","7":"tour_category-amazonia-ecuatoriana","8":"tour_category-lodge-amazonia-clase-premium","10":"first","11":"instock","12":"taxable","13":"shipping-taxable","14":"product-type-tour"},"yoast_head":"<!-- This site is optimized with the Yoast SEO Premium plugin v25.6 (Yoast SEO v26.1.1) - https:\/\/yoast.com\/wordpress\/plugins\/seo\/ -->\n<title>Napo Wildlife Center es uno de los mejores eco-lodges del mundo.<\/title>\n<meta name=\"description\" content=\"Napo Wildlife Center es uno de los mejores eco-hoteles del mundo, esta ubicado en el Parque nacional Yasu\u00ed es administrado por la propia comunidad A\u00f1angu.\" \/>\n<meta name=\"robots\" content=\"index, follow, max-snippet:-1, max-image-preview:large, max-video-preview:-1\" \/>\n<link rel=\"canonical\" href=\"https:\/\/naturegalapagos.com\/es\/amazonia-ecuatoriana\/tours-napo-wildlife-center-lodge\/\" \/>\n<meta property=\"og:locale\" content=\"es_ES\" \/>\n<meta property=\"og:type\" content=\"article\" \/>\n<meta property=\"og:title\" content=\"Napo Wildlife Center es uno de los mejores eco-lodges del mundo.\" \/>\n<meta property=\"og:description\" content=\"Napo Wildlife Center es uno de los mejores eco-hoteles del mundo, esta ubicado en el Parque nacional Yasu\u00ed es administrado por la propia comunidad A\u00f1angu.\" \/>\n<meta property=\"og:url\" content=\"https:\/\/naturegalapagos.com\/es\/amazonia-ecuatoriana\/tours-napo-wildlife-center-lodge\/\" \/>\n<meta property=\"og:site_name\" content=\"Espa\u00f1ol - Nature Galapagos &amp; Ecuador\" \/>\n<meta property=\"article:publisher\" content=\"https:\/\/www.facebook.com\/naturegalapagosecuador\/\" \/>\n<meta property=\"article:modified_time\" content=\"2024-08-30T16:42:30+00:00\" \/>\n<meta property=\"og:image\" content=\"https:\/\/naturegalapagos.com\/es\/wp-content\/uploads\/sites\/3\/2016\/06\/napo-wildlife-center.jpg\" \/>\n\t<meta property=\"og:image:width\" content=\"1024\" \/>\n\t<meta property=\"og:image:height\" content=\"512\" \/>\n\t<meta property=\"og:image:type\" content=\"image\/jpeg\" \/>\n<meta name=\"twitter:card\" content=\"summary_large_image\" \/>\n<meta name=\"twitter:title\" content=\"Napo Wildlife Center es uno de los mejores eco-lodges del mundo.\" \/>\n<meta name=\"twitter:description\" content=\"Napo Wildlife Center es uno de los mejores eco-hoteles del mundo, esta ubicado en el Parque nacional Yasu\u00ed es administrado por la propia comunidad A\u00f1angu.\" \/>\n<meta name=\"twitter:site\" content=\"@naturegalapagos\" \/>\n<meta name=\"twitter:label1\" content=\"Tiempo de lectura\" \/>\n\t<meta name=\"twitter:data1\" content=\"3 minutos\" \/>\n<!-- \/ Yoast SEO Premium plugin. -->","yoast_head_json":{"title":"Napo Wildlife Center es uno de los mejores eco-lodges del mundo.","description":"Napo Wildlife Center es uno de los mejores eco-hoteles del mundo, esta ubicado en el Parque nacional Yasu\u00ed es administrado por la propia comunidad A\u00f1angu.","robots":{"index":"index","follow":"follow","max-snippet":"max-snippet:-1","max-image-preview":"max-image-preview:large","max-video-preview":"max-video-preview:-1"},"canonical":"https:\/\/naturegalapagos.com\/es\/amazonia-ecuatoriana\/tours-napo-wildlife-center-lodge\/","og_locale":"es_ES","og_type":"article","og_title":"Napo Wildlife Center es uno de los mejores eco-lodges del mundo.","og_description":"Napo Wildlife Center es uno de los mejores eco-hoteles del mundo, esta ubicado en el Parque nacional Yasu\u00ed es administrado por la propia comunidad A\u00f1angu.","og_url":"https:\/\/naturegalapagos.com\/es\/amazonia-ecuatoriana\/tours-napo-wildlife-center-lodge\/","og_site_name":"Espa\u00f1ol - Nature Galapagos &amp; Ecuador","article_publisher":"https:\/\/www.facebook.com\/naturegalapagosecuador\/","article_modified_time":"2024-08-30T16:42:30+00:00","og_image":[{"width":1024,"height":512,"url":"https:\/\/naturegalapagos.com\/es\/wp-content\/uploads\/sites\/3\/2016\/06\/napo-wildlife-center.jpg","type":"image\/jpeg"}],"twitter_card":"summary_large_image","twitter_title":"Napo Wildlife Center es uno de los mejores eco-lodges del mundo.","twitter_description":"Napo Wildlife Center es uno de los mejores eco-hoteles del mundo, esta ubicado en el Parque nacional Yasu\u00ed es administrado por la propia comunidad A\u00f1angu.","twitter_site":"@naturegalapagos","twitter_misc":{"Tiempo de lectura":"3 minutos"},"schema":{"@context":"https:\/\/schema.org","@graph":[{"@type":"WebPage","@id":"https:\/\/naturegalapagos.com\/es\/amazonia-ecuatoriana\/tours-napo-wildlife-center-lodge\/","url":"https:\/\/naturegalapagos.com\/es\/amazonia-ecuatoriana\/tours-napo-wildlife-center-lodge\/","name":"Napo Wildlife Center es uno de los mejores eco-lodges del mundo.","isPartOf":{"@id":"https:\/\/naturegalapagos.com\/es\/#website"},"primaryImageOfPage":{"@id":"https:\/\/naturegalapagos.com\/es\/amazonia-ecuatoriana\/tours-napo-wildlife-center-lodge\/#primaryimage"},"image":{"@id":"https:\/\/naturegalapagos.com\/es\/amazonia-ecuatoriana\/tours-napo-wildlife-center-lodge\/#primaryimage"},"thumbnailUrl":"https:\/\/naturegalapagos.com\/es\/wp-content\/uploads\/sites\/3\/2016\/06\/napo-wildlife-center.jpg","datePublished":"2024-08-30T15:42:25+00:00","dateModified":"2024-08-30T16:42:30+00:00","description":"Napo Wildlife Center es uno de los mejores eco-hoteles del mundo, esta ubicado en el Parque nacional Yasu\u00ed es administrado por la propia comunidad A\u00f1angu.","breadcrumb":{"@id":"https:\/\/naturegalapagos.com\/es\/amazonia-ecuatoriana\/tours-napo-wildlife-center-lodge\/#breadcrumb"},"inLanguage":"es","potentialAction":[{"@type":"ReadAction","target":["https:\/\/naturegalapagos.com\/es\/amazonia-ecuatoriana\/tours-napo-wildlife-center-lodge\/"]}]},{"@type":"ImageObject","inLanguage":"es","@id":"https:\/\/naturegalapagos.com\/es\/amazonia-ecuatoriana\/tours-napo-wildlife-center-lodge\/#primaryimage","url":"https:\/\/naturegalapagos.com\/es\/wp-content\/uploads\/sites\/3\/2016\/06\/napo-wildlife-center.jpg","contentUrl":"https:\/\/naturegalapagos.com\/es\/wp-content\/uploads\/sites\/3\/2016\/06\/napo-wildlife-center.jpg","width":1024,"height":512,"caption":"Napo Wildlife Center"},{"@type":"BreadcrumbList","@id":"https:\/\/naturegalapagos.com\/es\/amazonia-ecuatoriana\/tours-napo-wildlife-center-lodge\/#breadcrumb","itemListElement":[{"@type":"ListItem","position":1,"name":"Home","item":"https:\/\/naturegalapagos.com\/es\/"},{"@type":"ListItem","position":2,"name":"Tienda","item":"https:\/\/naturegalapagos.com\/es\/tienda\/"},{"@type":"ListItem","position":3,"name":"Napo Wildlife Center Lodge"}]},{"@type":"WebSite","@id":"https:\/\/naturegalapagos.com\/es\/#website","url":"https:\/\/naturegalapagos.com\/es\/","name":"Espa\u00f1ol - Nature Galapagos & Ecuador","description":"","publisher":{"@id":"https:\/\/naturegalapagos.com\/es\/#organization"},"potentialAction":[{"@type":"SearchAction","target":{"@type":"EntryPoint","urlTemplate":"https:\/\/naturegalapagos.com\/es\/?s={search_term_string}"},"query-input":{"@type":"PropertyValueSpecification","valueRequired":true,"valueName":"search_term_string"}}],"inLanguage":"es"},{"@type":"Organization","@id":"https:\/\/naturegalapagos.com\/es\/#organization","name":"Espa\u00f1ol - Nature Galapagos & Ecuador","url":"https:\/\/naturegalapagos.com\/es\/","logo":{"@type":"ImageObject","inLanguage":"es","@id":"https:\/\/naturegalapagos.com\/es\/#\/schema\/logo\/image\/","url":"https:\/\/naturegalapagos.com\/es\/wp-content\/uploads\/sites\/3\/2016\/10\/Nature-Galapagos-Logo-COM-300x300.jpg","contentUrl":"https:\/\/naturegalapagos.com\/es\/wp-content\/uploads\/sites\/3\/2016\/10\/Nature-Galapagos-Logo-COM-300x300.jpg","width":300,"height":300,"caption":"Espa\u00f1ol - Nature Galapagos & Ecuador"},"image":{"@id":"https:\/\/naturegalapagos.com\/es\/#\/schema\/logo\/image\/"},"sameAs":["https:\/\/www.facebook.com\/naturegalapagosecuador\/","https:\/\/x.com\/naturegalapagos","https:\/\/www.instagram.com\/naturegalapagos\/","https:\/\/www.pinterest.com\/Naturegalapagos\/","https:\/\/www.youtube.com\/user\/NatureGalapagosTours"]}]}},"_links":{"self":[{"href":"https:\/\/naturegalapagos.com\/es\/wp-json\/wp\/v2\/product\/1996","targetHints":{"allow":["GET"]}}],"collection":[{"href":"https:\/\/naturegalapagos.com\/es\/wp-json\/wp\/v2\/product"}],"about":[{"href":"https:\/\/naturegalapagos.com\/es\/wp-json\/wp\/v2\/types\/product"}],"replies":[{"embeddable":true,"href":"https:\/\/naturegalapagos.com\/es\/wp-json\/wp\/v2\/comments?post=1996"}],"wp:featuredmedia":[{"embeddable":true,"href":"https:\/\/naturegalapagos.com\/es\/wp-json\/wp\/v2\/media\/2003"}],"wp:attachment":[{"href":"https:\/\/naturegalapagos.com\/es\/wp-json\/wp\/v2\/media?parent=1996"}],"wp:term":[{"taxonomy":"product_brand","embeddable":true,"href":"https:\/\/naturegalapagos.com\/es\/wp-json\/wp\/v2\/product_brand?post=1996"},{"taxonomy":"product_cat","embeddable":true,"href":"https:\/\/naturegalapagos.com\/es\/wp-json\/wp\/v2\/product_cat?post=1996"},{"taxonomy":"product_tag","embeddable":true,"href":"https:\/\/naturegalapagos.com\/es\/wp-json\/wp\/v2\/product_tag?post=1996"}],"curies":[{"name":"wp","href":"https:\/\/api.w.org\/{rel}","templated":true}]}}