{"id":2022,"date":"2024-12-20T10:38:44","date_gmt":"2024-12-20T15:38:44","guid":{"rendered":"http:\/\/naturegalapagos.com\/es\/tours-ecuador\/vacaciones-ecuador\/ecuador-galapagos-amazonia-ecuatoriana"},"modified":"2024-12-26T09:55:09","modified_gmt":"2024-12-26T14:55:09","slug":"tour-ecuador-2","status":"publish","type":"product","link":"https:\/\/naturegalapagos.com\/es\/tours-ecuador\/vacaciones-ecuador\/ecuador-galapagos-amazonia-ecuatoriana\/","title":{"rendered":"Gal\u00e1pagos, Amazon\u00eda Ecuatoriana &#038; Quito"},"content":{"rendered":"<div class=\"wpb-content-wrapper\"><h2 style=\"text-align: left;\"><span style=\"font-family: arial, helvetica, sans-serif;\"><strong>Tour Ecuador: Gal\u00e1pagos y Amazon\u00eda Ecuatoriana (Reserva del Cuyabeno) &amp; Quito<\/strong><\/span><\/h2>\n<p><span style=\"font-family: arial, helvetica, sans-serif;\">En Tour Ecuador, <strong>adem\u00e1s de<\/strong> disfrutar de una mezcla perfecta de experiencias en Quito, Gal\u00e1pagos y la Amazon\u00eda, <strong>tambi\u00e9n tendr\u00e1s la oportunidad de<\/strong> explorar paisajes \u00fanicos. <strong>Por un lado<\/strong>, este recorrido combina de manera excepcional la belleza de Gal\u00e1pagos y la riqueza de la Amazon\u00eda ecuatoriana, creando una experiencia \u00fanica que te llevar\u00e1 a los lugares m\u00e1s ex\u00f3ticos y bellos del Ecuador. <strong>Durante<\/strong> los 12 d\u00edas completos de alegr\u00eda y paisajes impresionantes, <strong>no solo<\/strong> explorar\u00e1s los ecosistemas m\u00e1s diversos del pa\u00eds, <strong>sino que adem\u00e1s<\/strong> vivir\u00e1s momentos inolvidables en un solo tour.<\/span><\/p>\n<p><span style=\"font-family: arial, helvetica, sans-serif;\"><strong>Adem\u00e1s<\/strong>, vivir\u00e1s encuentros cercanos con la vida silvestre y las comunidades locales, <strong>todo mientras disfrutas de<\/strong> la comodidad de nuestros tours cuidadosamente organizados. As\u00ed mismo, podr\u00e1 disfrutar de las bellezas de la ciudad de Quito bajo la luz de la luna con Tour Nocturno opcional.<\/span><\/p>\n<ul style=\"list-style-type: circle;\">\n<li style=\"text-align: left;\"><span lang=\"es\" style=\"font-family: arial, helvetica, sans-serif;\">Le presentamos en 5 d\u00edas la naturaleza de Gal\u00e1pagos y su interacci\u00f3n con la poblaci\u00f3n local.<br \/>\n<\/span><\/li>\n<li style=\"text-align: left;\"><span lang=\"es\" style=\"font-family: arial, helvetica, sans-serif;\">Visita Gal\u00e1pagos, ver una gran variedad de especies como ping\u00fcinos en emocionantes excursiones diarias.<br \/>\n<\/span><\/li>\n<li style=\"text-align: left;\"><span lang=\"es\" style=\"font-family: arial, helvetica, sans-serif;\">En 4 d\u00edas disfrutar de un encuentro cultural y \u00e9tnica con las comunidades amaz\u00f3nicas.<br \/>\n<\/span><\/li>\n<li style=\"text-align: left;\"><span lang=\"es\" style=\"font-family: arial, helvetica, sans-serif;\">Entra en las bellas iglesias coloniales y casas en Quito Centro Hist\u00f3rico.<br \/>\n<\/span><\/li>\n<li style=\"text-align: left;\"><span lang=\"es\" style=\"font-family: arial, helvetica, sans-serif;\">Si usted tiene un poco m\u00e1s de tiempo, por favor visite nuestro Ecuador gira de 14 d\u00edas.<br \/>\n<\/span><\/li>\n<\/ul>\n<p><span style=\"font-family: arial, helvetica, sans-serif;\"><!--more--><\/span><\/p>\n<h3><span style=\"font-family: arial, helvetica, sans-serif;\">Principales caracter\u00edsticas en tour ecuador<\/span><\/h3>\n<ul style=\"list-style-type: square;\">\n<li><span style=\"font-family: arial, helvetica, sans-serif;\"><strong>Actividades:<\/strong>\u00a0 \u00a0\u00a0Caminatas cortas, navegaci\u00f3n y observaci\u00f3n de la fauna .<\/span><\/li>\n<li><span style=\"font-family: arial, helvetica, sans-serif;\"><strong>Rango de Edad: <\/strong>2 a\u00f1os en adelante<\/span><\/li>\n<li><span style=\"font-family: arial, helvetica, sans-serif;\"><strong>Estilo del Viaje: \u00a0\u00a0<\/strong>Aventura<\/span><\/li>\n<li><span style=\"font-family: arial, helvetica, sans-serif;\"><strong>Tipo de Paquete: \u00a0 \u00a0<\/strong>Todo Incluido<\/span><\/li>\n<\/ul>\n<table class=\"table table-bordered tours-tabs__table\" style=\"height: 233px; width: 858px;\">\n<tbody>\n<tr style=\"height: 24px;\">\n<td style=\"height: 24px; width: 212px;\"><span style=\"font-family: arial, helvetica, sans-serif;\"><strong>LUGAR DE PARTIDA<\/strong><\/span><\/td>\n<td style=\"height: 24px; width: 634px;\"><span style=\"font-family: arial, helvetica, sans-serif;\">Quito<\/span><\/td>\n<\/tr>\n<tr style=\"height: 24px;\">\n<td style=\"height: 24px; width: 212px;\"><span style=\"font-family: arial, helvetica, sans-serif;\"><strong>LUGAR DE REGRESO<\/strong><\/span><\/td>\n<td style=\"height: 24px; width: 634px;\"><span style=\"font-family: arial, helvetica, sans-serif;\">Quito<\/span><\/td>\n<\/tr>\n<tr style=\"height: 24px;\">\n<td style=\"height: 24px; width: 212px;\"><span style=\"font-family: arial, helvetica, sans-serif;\"><strong>HORA DE PARTIDA<\/strong><\/span><\/td>\n<td style=\"height: 24px; width: 634px;\"><span style=\"font-family: arial, helvetica, sans-serif;\">* Consultar para m\u00e1s detalles.<\/span><\/td>\n<\/tr>\n<tr style=\"height: 24px;\">\n<td style=\"height: 24px; width: 212px;\"><span style=\"font-family: arial, helvetica, sans-serif;\"><strong>HORA DE REGRESO<\/strong><\/span><\/td>\n<td style=\"height: 24px; width: 634px;\"><span style=\"font-family: arial, helvetica, sans-serif;\">* Consultar para m\u00e1s detalles.<\/span><\/td>\n<\/tr>\n<tr style=\"height: 24px;\">\n<td style=\"height: 24px; width: 212px;\"><span style=\"font-family: arial, helvetica, sans-serif;\"><strong>QU\u00c9 USAR?<\/strong><\/span><\/td>\n<td style=\"height: 24px; width: 634px;\"><span style=\"font-family: arial, helvetica, sans-serif;\">Ropa c\u00f3moda, zapatos para caminar, sombrero, chaqueta y protector solar.<\/span><\/td>\n<\/tr>\n<tr style=\"height: 23px;\">\n<td style=\"height: 23px; width: 212px;\"><span style=\"font-family: arial, helvetica, sans-serif;\"><strong>INCLUDED<\/strong><\/span><\/td>\n<td style=\"height: 23px; width: 634px;\"><span style=\"font-family: arial, helvetica, sans-serif;\"><strong>Servicios que se incluyen en Ecuador continental:<\/strong><\/span><br \/>\n<span style=\"font-family: arial, helvetica, sans-serif;\"> <i class=\"fa fa-check icon-tick icon-tick--on\"><\/i> Alojamiento en hoteles y habitaciones seleccionadas.<\/span><br \/>\n<span style=\"font-family: arial, helvetica, sans-serif;\"> <i class=\"fa fa-check icon-tick icon-tick--on\"><\/i>Todas las comidas (desayuno-almuerzo y cena) *Men\u00fa del\u00a0d\u00eda.<\/span><br \/>\n<span style=\"font-family: arial, helvetica, sans-serif;\"> <i class=\"fa fa-check icon-tick icon-tick--on\"><\/i> Transporte terrestre y mar\u00edtimo, tours, servicios guiados.<\/span><br \/>\n<span style=\"font-family: arial, helvetica, sans-serif;\"> <i class=\"fa fa-check icon-tick icon-tick--on\"><\/i> Gu\u00eda naturalista biling\u00fce, en cada isla visitada o actividad.<\/span><br \/>\n<span style=\"font-family: arial, helvetica, sans-serif;\"> <i class=\"fa fa-check icon-tick icon-tick--on\"><\/i> Transporte privado.<\/span><br \/>\n<span style=\"font-family: arial, helvetica, sans-serif;\"> <i class=\"fa fa-check icon-tick icon-tick--on\"><\/i> Recoger y dejar fuera de aeropuerto &#8211; hotel &#8211; aeropuerto .<\/span><br \/>\n<span style=\"font-family: arial, helvetica, sans-serif;\"> <i class=\"fa fa-check icon-tick icon-tick--on\"><\/i>\u00a0Entrada al tren.<strong>Servicios incluidos en las Islas Gal\u00e1pagos:<\/strong><\/span><br \/>\n<span style=\"font-family: arial, helvetica, sans-serif;\"> <i class=\"fa fa-check icon-tick icon-tick--on\"><\/i> Alojamiento en hoteles y habitaciones seleccionadas.<\/span><br \/>\n<span style=\"font-family: arial, helvetica, sans-serif;\"> <i class=\"fa fa-check icon-tick icon-tick--on\"><\/i> Todas las comidas (desayuno-almuerzo y cena) acordados con el programa<\/span><br \/>\n<span style=\"font-family: arial, helvetica, sans-serif;\"> <i class=\"fa fa-check icon-tick icon-tick--on\"><\/i> Todo el transporte terrestre y mar\u00edtimo dentro de las Gal\u00e1pagos durante el programa .<\/span><br \/>\n<span style=\"font-family: arial, helvetica, sans-serif;\"> <i class=\"fa fa-check icon-tick icon-tick--on\"><\/i> Gu\u00eda naturalista biling\u00fce, en cada isla visitada o actividad (Certificado por el Parque Nacional Gal\u00e1pagos.<\/span><br \/>\n<span style=\"font-family: arial, helvetica, sans-serif;\"> <i class=\"fa fa-check icon-tick icon-tick--on\"><\/i>\u00a0Excursiones y visitas durante el programa.<\/span><br \/>\n<span style=\"font-family: arial, helvetica, sans-serif;\"> <i class=\"fa fa-check icon-tick icon-tick--on\"><\/i> Equipo de Snorkeling\u00a0(m\u00e1scaras, aletas y tubo)<\/span><br \/>\n<span style=\"font-family: arial, helvetica, sans-serif;\"> <i class=\"fa fa-check icon-tick icon-tick--on\"><\/i> Traslado\u00a0Puerto Ayora \u2013 Isabela \u2013 Puerto Ayora en lancha p\u00fablica.<\/span><br \/>\n<span style=\"font-family: arial, helvetica, sans-serif;\"> <i class=\"fa fa-check icon-tick icon-tick--on\"><\/i>\u00a0Traslado\u00a0Baltra \u2013 Puerto Ayora \u2013 Baltra (por cami\u00f3n o autob\u00fas , dependiendo del tama\u00f1o del grupo)<\/span><\/td>\n<\/tr>\n<tr style=\"height: 38.875px;\">\n<td style=\"height: 38.875px; width: 212px;\"><span style=\"font-family: arial, helvetica, sans-serif;\"><b>NOT INCLUDED<\/b><\/span><\/td>\n<td style=\"height: 38.875px; width: 634px;\"><span style=\"font-family: arial, helvetica, sans-serif;\"><i class=\"fa fa-times icon-tick icon-tick--off\"><\/i> Pasaje\u00a0a\u00e9reo\u00a0(Quito &#8211; Lago &#8211; Agrio\u00a0&#8211; Quito)<\/span><br \/>\n<span style=\"font-family: arial, helvetica, sans-serif;\"> <i class=\"fa fa-times icon-tick icon-tick--off\"><\/i> Pasaje a\u00e9reo\u00a0(Quito &#8211; Galapagos &#8211; Quito)<\/span><br \/>\n<span style=\"font-family: arial, helvetica, sans-serif;\"> <i class=\"fa fa-times icon-tick icon-tick--off\"><\/i> Entradas Parques Nacionales.<\/span><br \/>\n<span style=\"font-family: arial, helvetica, sans-serif;\"> <i class=\"fa fa-times icon-tick icon-tick--off\"><\/i> Impuestos del muelle Isabela.<\/span><br \/>\n<span style=\"font-family: arial, helvetica, sans-serif;\"> <i class=\"fa fa-times icon-tick icon-tick--off\"><\/i> Tarjeta de Control migratoria.<\/span><br \/>\n<span style=\"font-family: arial, helvetica, sans-serif;\"> <i class=\"fa fa-times icon-tick icon-tick--off\"><\/i>\u00a0Taxi acu\u00e1tico desde el muelle de lancha r\u00e1pida ( Isabela , Islas Santa Cruz &#8211; dependiendo de la marea )<\/span><br \/>\n<span style=\"font-family: arial, helvetica, sans-serif;\"> <i class=\"fa fa-times icon-tick icon-tick--off\"><\/i> Bebidas gaseosas y alcoh\u00f3licas.<\/span><br \/>\n<span style=\"font-family: arial, helvetica, sans-serif;\"> <i class=\"fa fa-times icon-tick icon-tick--off\"><\/i> Cualquier otro servicio no especificado en el programa.<\/span><br \/>\n<span style=\"font-family: arial, helvetica, sans-serif;\"> <i class=\"fa fa-times icon-tick icon-tick--off\"><\/i> Tips &amp;\u00a0Extras.<\/span><\/td>\n<\/tr>\n<\/tbody>\n<\/table>\n<h2><span style=\"font-family: arial, helvetica, sans-serif;\"><strong style=\"font-size: 8pt; line-height: 1.5;\"><em>NOTA:<\/em><\/strong><em style=\"font-size: 8pt; line-height: 1.5;\">\u00a0\u201cEl itinerario siempre esta sujeto a cambio sin previo aviso, debido a los cambios estacionales, condiciones clim\u00e1ticas, ajustes de ultima hora en las pol\u00edticas de visitas del Parque Nacional Gal\u00e1pagos y circunstancias operacionales de \u00faltimo minuto\u201d.<\/em><\/span><\/h2>\n<p>[vc_row][vc_column el_class=&#8221;accocruise&#8221;][vc_column_text]\n<div class=\"panel panel-default accordion__item\">\n\t<div class=\"panel-heading accordion__item__title-wrap\">\n\t\t<h4 class=\"panel-title\">\n\t\t\t<a data-toggle=\"collapse\" data-parent=\"#ataccordion0\" href=\"#ataccordion0_1\" class=\"accordion__item__link collapsed\">Solicite m\u00e1s informaci\u00f3n<\/a>\n\t\t<\/h4>\n\t<\/div>\n\t<div id=\"ataccordion0_1\" class=\"panel-collapse collapse\">\n\t\t<div class=\"panel-body accordion__item__content\">\n                <div class=\"ml-embedded\" data-form=\"dLyiiD\"><\/div>\n            \n<\/div>\n\t<\/div>\n<\/div>[\/vc_column_text][\/vc_column][\/vc_row]<\/p>\n<\/div>","protected":false},"excerpt":{"rendered":"<p>Tour Ecuador: Gal\u00e1pagos y Amazon\u00eda Ecuatoriana (Reserva del Cuyabeno) &amp; Quito En Tour Ecuador, adem\u00e1s de disfrutar de una mezcla perfecta de experiencias en Quito, Gal\u00e1pagos y la Amazon\u00eda, tambi\u00e9n tendr\u00e1s la oportunidad de explorar paisajes \u00fanicos. Por un lado, este recorrido combina de manera excepcional la belleza de Gal\u00e1pagos y la riqueza de la<\/p>\n<div class=\"padding-top text-center\"><a href=\"https:\/\/naturegalapagos.com\/es\/tours-ecuador\/vacaciones-ecuador\/ecuador-galapagos-amazonia-ecuatoriana\/\" class=\"atbtn atbtn--medium atbtn--rounded atbtn--transparent\">Leer m\u00e1s<i class=\"atbtn__icon atbtn__icon--right fa fa-long-arrow-right\"><\/i><\/a><\/div>\n","protected":false},"featured_media":2032,"comment_status":"open","ping_status":"closed","template":"","meta":{"_joinchat":[]},"product_brand":[],"product_cat":[3599],"product_tag":[],"class_list":{"0":"post-2022","1":"product","2":"type-product","3":"status-publish","4":"has-post-thumbnail","6":"product_cat-sin-categoria","7":"tour_category-vacaciones-ecuador","9":"first","10":"instock","11":"taxable","12":"shipping-taxable","13":"product-type-tour"},"yoast_head":"<!-- This site is optimized with the Yoast SEO Premium plugin v25.6 (Yoast SEO v26.1.1) - https:\/\/yoast.com\/wordpress\/plugins\/seo\/ -->\n<title>Tour Ecuador: Gal\u00e1pagos y Amazon\u00eda Ecuatoriana<\/title>\n<meta name=\"description\" content=\"Nature Galapagos &amp; Ecuador ofrece viajes por Amazon\u00eda Ecuatoriana y Las Islas Gal\u00e1pagos. Esta experiencia de tour ecuador es de 12 d\u00edas todo incluido.\" \/>\n<meta name=\"robots\" content=\"index, follow, max-snippet:-1, max-image-preview:large, max-video-preview:-1\" \/>\n<link rel=\"canonical\" href=\"https:\/\/naturegalapagos.com\/es\/tours-ecuador\/vacaciones-ecuador\/ecuador-galapagos-amazonia-ecuatoriana\/\" \/>\n<meta property=\"og:locale\" content=\"es_ES\" \/>\n<meta property=\"og:type\" content=\"article\" \/>\n<meta property=\"og:title\" content=\"Tour Ecuador: Gal\u00e1pagos y Amazon\u00eda Ecuatoriana\" \/>\n<meta property=\"og:description\" content=\"Nature Galapagos &amp; Ecuador ofrece viajes por Amazon\u00eda Ecuatoriana y Las Islas Gal\u00e1pagos. Esta experiencia de 12 d\u00edas es todo incluido. M\u00e1s informaci\u00f3n aqu\u00ed!\" \/>\n<meta property=\"og:url\" content=\"https:\/\/naturegalapagos.com\/es\/tours-ecuador\/vacaciones-ecuador\/ecuador-galapagos-amazonia-ecuatoriana\/\" \/>\n<meta property=\"og:site_name\" content=\"Espa\u00f1ol - Nature Galapagos &amp; Ecuador\" \/>\n<meta property=\"article:publisher\" content=\"https:\/\/www.facebook.com\/naturegalapagosecuador\/\" \/>\n<meta property=\"article:modified_time\" content=\"2024-12-26T14:55:09+00:00\" \/>\n<meta property=\"og:image\" content=\"https:\/\/naturegalapagos.com\/es\/wp-content\/uploads\/sites\/3\/2016\/07\/tour-ecuador.jpg\" \/>\n\t<meta property=\"og:image:width\" content=\"1024\" \/>\n\t<meta property=\"og:image:height\" content=\"512\" \/>\n\t<meta property=\"og:image:type\" content=\"image\/jpeg\" \/>\n<meta name=\"twitter:card\" content=\"summary_large_image\" \/>\n<meta name=\"twitter:title\" content=\"Tour Ecuador: Gal\u00e1pagos y Amazon\u00eda Ecuatoriana\" \/>\n<meta name=\"twitter:description\" content=\"Nature Galapagos &amp; Ecuador ofrece viajes por Amazon\u00eda Ecuatoriana y Las Islas Gal\u00e1pagos. Esta experiencia de 12 d\u00edas es todo incluido. M\u00e1s informaci\u00f3n aqu\u00ed!\" \/>\n<meta name=\"twitter:site\" content=\"@naturegalapagos\" \/>\n<meta name=\"twitter:label1\" content=\"Tiempo de lectura\" \/>\n\t<meta name=\"twitter:data1\" content=\"3 minutos\" \/>\n<!-- \/ Yoast SEO Premium plugin. -->","yoast_head_json":{"title":"Tour Ecuador: Gal\u00e1pagos y Amazon\u00eda Ecuatoriana","description":"Nature Galapagos & Ecuador ofrece viajes por Amazon\u00eda Ecuatoriana y Las Islas Gal\u00e1pagos. Esta experiencia de tour ecuador es de 12 d\u00edas todo incluido.","robots":{"index":"index","follow":"follow","max-snippet":"max-snippet:-1","max-image-preview":"max-image-preview:large","max-video-preview":"max-video-preview:-1"},"canonical":"https:\/\/naturegalapagos.com\/es\/tours-ecuador\/vacaciones-ecuador\/ecuador-galapagos-amazonia-ecuatoriana\/","og_locale":"es_ES","og_type":"article","og_title":"Tour Ecuador: Gal\u00e1pagos y Amazon\u00eda Ecuatoriana","og_description":"Nature Galapagos & Ecuador ofrece viajes por Amazon\u00eda Ecuatoriana y Las Islas Gal\u00e1pagos. Esta experiencia de 12 d\u00edas es todo incluido. M\u00e1s informaci\u00f3n aqu\u00ed!","og_url":"https:\/\/naturegalapagos.com\/es\/tours-ecuador\/vacaciones-ecuador\/ecuador-galapagos-amazonia-ecuatoriana\/","og_site_name":"Espa\u00f1ol - Nature Galapagos &amp; Ecuador","article_publisher":"https:\/\/www.facebook.com\/naturegalapagosecuador\/","article_modified_time":"2024-12-26T14:55:09+00:00","og_image":[{"width":1024,"height":512,"url":"https:\/\/naturegalapagos.com\/es\/wp-content\/uploads\/sites\/3\/2016\/07\/tour-ecuador.jpg","type":"image\/jpeg"}],"twitter_card":"summary_large_image","twitter_title":"Tour Ecuador: Gal\u00e1pagos y Amazon\u00eda Ecuatoriana","twitter_description":"Nature Galapagos & Ecuador ofrece viajes por Amazon\u00eda Ecuatoriana y Las Islas Gal\u00e1pagos. Esta experiencia de 12 d\u00edas es todo incluido. M\u00e1s informaci\u00f3n aqu\u00ed!","twitter_site":"@naturegalapagos","twitter_misc":{"Tiempo de lectura":"3 minutos"},"schema":{"@context":"https:\/\/schema.org","@graph":[{"@type":"WebPage","@id":"https:\/\/naturegalapagos.com\/es\/tours-ecuador\/vacaciones-ecuador\/ecuador-galapagos-amazonia-ecuatoriana\/","url":"https:\/\/naturegalapagos.com\/es\/tours-ecuador\/vacaciones-ecuador\/ecuador-galapagos-amazonia-ecuatoriana\/","name":"Tour Ecuador: Gal\u00e1pagos y Amazon\u00eda Ecuatoriana","isPartOf":{"@id":"https:\/\/naturegalapagos.com\/es\/#website"},"primaryImageOfPage":{"@id":"https:\/\/naturegalapagos.com\/es\/tours-ecuador\/vacaciones-ecuador\/ecuador-galapagos-amazonia-ecuatoriana\/#primaryimage"},"image":{"@id":"https:\/\/naturegalapagos.com\/es\/tours-ecuador\/vacaciones-ecuador\/ecuador-galapagos-amazonia-ecuatoriana\/#primaryimage"},"thumbnailUrl":"https:\/\/naturegalapagos.com\/es\/wp-content\/uploads\/sites\/3\/2016\/07\/tour-ecuador.jpg","datePublished":"2024-12-20T15:38:44+00:00","dateModified":"2024-12-26T14:55:09+00:00","description":"Nature Galapagos & Ecuador ofrece viajes por Amazon\u00eda Ecuatoriana y Las Islas Gal\u00e1pagos. Esta experiencia de tour ecuador es de 12 d\u00edas todo incluido.","breadcrumb":{"@id":"https:\/\/naturegalapagos.com\/es\/tours-ecuador\/vacaciones-ecuador\/ecuador-galapagos-amazonia-ecuatoriana\/#breadcrumb"},"inLanguage":"es","potentialAction":[{"@type":"ReadAction","target":["https:\/\/naturegalapagos.com\/es\/tours-ecuador\/vacaciones-ecuador\/ecuador-galapagos-amazonia-ecuatoriana\/"]}]},{"@type":"ImageObject","inLanguage":"es","@id":"https:\/\/naturegalapagos.com\/es\/tours-ecuador\/vacaciones-ecuador\/ecuador-galapagos-amazonia-ecuatoriana\/#primaryimage","url":"https:\/\/naturegalapagos.com\/es\/wp-content\/uploads\/sites\/3\/2016\/07\/tour-ecuador.jpg","contentUrl":"https:\/\/naturegalapagos.com\/es\/wp-content\/uploads\/sites\/3\/2016\/07\/tour-ecuador.jpg","width":1024,"height":512,"caption":"Tour - Ecuador"},{"@type":"BreadcrumbList","@id":"https:\/\/naturegalapagos.com\/es\/tours-ecuador\/vacaciones-ecuador\/ecuador-galapagos-amazonia-ecuatoriana\/#breadcrumb","itemListElement":[{"@type":"ListItem","position":1,"name":"Home","item":"https:\/\/naturegalapagos.com\/es\/"},{"@type":"ListItem","position":2,"name":"Tienda","item":"https:\/\/naturegalapagos.com\/es\/tienda\/"},{"@type":"ListItem","position":3,"name":"Gal\u00e1pagos, Amazon\u00eda Ecuatoriana &#038; Quito"}]},{"@type":"WebSite","@id":"https:\/\/naturegalapagos.com\/es\/#website","url":"https:\/\/naturegalapagos.com\/es\/","name":"Espa\u00f1ol - Nature Galapagos & Ecuador","description":"","publisher":{"@id":"https:\/\/naturegalapagos.com\/es\/#organization"},"potentialAction":[{"@type":"SearchAction","target":{"@type":"EntryPoint","urlTemplate":"https:\/\/naturegalapagos.com\/es\/?s={search_term_string}"},"query-input":{"@type":"PropertyValueSpecification","valueRequired":true,"valueName":"search_term_string"}}],"inLanguage":"es"},{"@type":"Organization","@id":"https:\/\/naturegalapagos.com\/es\/#organization","name":"Espa\u00f1ol - Nature Galapagos & Ecuador","url":"https:\/\/naturegalapagos.com\/es\/","logo":{"@type":"ImageObject","inLanguage":"es","@id":"https:\/\/naturegalapagos.com\/es\/#\/schema\/logo\/image\/","url":"https:\/\/naturegalapagos.com\/es\/wp-content\/uploads\/sites\/3\/2016\/10\/Nature-Galapagos-Logo-COM-300x300.jpg","contentUrl":"https:\/\/naturegalapagos.com\/es\/wp-content\/uploads\/sites\/3\/2016\/10\/Nature-Galapagos-Logo-COM-300x300.jpg","width":300,"height":300,"caption":"Espa\u00f1ol - Nature Galapagos & Ecuador"},"image":{"@id":"https:\/\/naturegalapagos.com\/es\/#\/schema\/logo\/image\/"},"sameAs":["https:\/\/www.facebook.com\/naturegalapagosecuador\/","https:\/\/x.com\/naturegalapagos","https:\/\/www.instagram.com\/naturegalapagos\/","https:\/\/www.pinterest.com\/Naturegalapagos\/","https:\/\/www.youtube.com\/user\/NatureGalapagosTours"]}]}},"_links":{"self":[{"href":"https:\/\/naturegalapagos.com\/es\/wp-json\/wp\/v2\/product\/2022","targetHints":{"allow":["GET"]}}],"collection":[{"href":"https:\/\/naturegalapagos.com\/es\/wp-json\/wp\/v2\/product"}],"about":[{"href":"https:\/\/naturegalapagos.com\/es\/wp-json\/wp\/v2\/types\/product"}],"replies":[{"embeddable":true,"href":"https:\/\/naturegalapagos.com\/es\/wp-json\/wp\/v2\/comments?post=2022"}],"wp:featuredmedia":[{"embeddable":true,"href":"https:\/\/naturegalapagos.com\/es\/wp-json\/wp\/v2\/media\/2032"}],"wp:attachment":[{"href":"https:\/\/naturegalapagos.com\/es\/wp-json\/wp\/v2\/media?parent=2022"}],"wp:term":[{"taxonomy":"product_brand","embeddable":true,"href":"https:\/\/naturegalapagos.com\/es\/wp-json\/wp\/v2\/product_brand?post=2022"},{"taxonomy":"product_cat","embeddable":true,"href":"https:\/\/naturegalapagos.com\/es\/wp-json\/wp\/v2\/product_cat?post=2022"},{"taxonomy":"product_tag","embeddable":true,"href":"https:\/\/naturegalapagos.com\/es\/wp-json\/wp\/v2\/product_tag?post=2022"}],"curies":[{"name":"wp","href":"https:\/\/api.w.org\/{rel}","templated":true}]}}