{"id":2035,"date":"2024-12-04T10:16:37","date_gmt":"2024-12-04T15:16:37","guid":{"rendered":"http:\/\/naturegalapagos.com\/es\/tours-ecuador\/vacaciones-ecuador\/tour-ecuador-galapagos-amazonia-nariz-del-diablo"},"modified":"2024-12-26T09:52:14","modified_gmt":"2024-12-26T14:52:14","slug":"tour-ecuador","status":"publish","type":"product","link":"https:\/\/naturegalapagos.com\/es\/tours-ecuador\/vacaciones-ecuador\/tour-ecuador-galapagos-amazonia-nariz-del-diablo\/","title":{"rendered":"Gal\u00e1pagos, Amazon\u00eda y Tren Nariz del Diablo."},"content":{"rendered":"<div class=\"wpb-content-wrapper\"><h2 style=\"text-align: left;\"><span style=\"font-family: arial, helvetica, sans-serif;\"><strong>Tour Ecuador: Gal\u00e1pagos, Amazon\u00eda y Tren Nariz del Diablo.<\/strong><\/span><\/h2>\n<p><span style=\"font-family: arial, helvetica, sans-serif;\">En <strong>Tour Ecuador<\/strong>, le invitamos a descubrir la magia de nuestro pa\u00eds, explorando Gal\u00e1pagos, la Amazon\u00eda y la emocionante <strong>ruta del Tren Nariz del Diablo<\/strong>. Recorra la &#8220;<strong>Avenida de los Volcanes<\/strong>&#8220;, explore <strong>dos islas en Gal\u00e1pagos<\/strong> y sum\u00e9rjase en la <strong>cultura de Quito<\/strong>. Este viaje todo incluido es perfecto para todas las edades, con actividades como <strong>caminatas y snorkeling<\/strong>. Viva la aventura en Ecuador con nosotros.<\/span><\/p>\n<ul style=\"list-style-type: circle;\">\n<li><span style=\"font-family: arial, helvetica, sans-serif;\">Viaje a lo largo de la &#8220;Avenida de los Volcanes&#8221; y los bellos pasisajes de los Andes.<\/span><\/li>\n<li><span style=\"font-family: arial, helvetica, sans-serif;\">Viaje en Tren hacia la \u201cNariz Del Diablo\u201d, as\u00ed mismo disfrute esta majestuosa ruta en zig zag.<\/span><\/li>\n<li><span style=\"font-family: arial, helvetica, sans-serif;\">Visite 2 islas en Gal\u00e1pagos, al mismo tiempo observe una gran variedad de especies \u00fanicas en los tours diarios.<\/span><\/li>\n<li><span style=\"font-family: arial, helvetica, sans-serif;\">Disfrute de un encuentro cultural y \u00e9tnico con la comunidad local.<\/span><\/li>\n<li><span style=\"font-family: arial, helvetica, sans-serif;\">Por supuesto, entre en las hermosas iglesias y casas coloniales en el Centro Hist\u00f3rico de Quito.<\/span><\/li>\n<\/ul>\n<p><span style=\"font-family: arial, helvetica, sans-serif;\"><!--more--><\/span><\/p>\n<h3><span style=\"font-family: arial, helvetica, sans-serif;\">Principales caracter\u00edsticas de tour ecuador<\/span><\/h3>\n<ul>\n<li><span style=\"font-family: arial, helvetica, sans-serif;\"><strong>Actividades:<\/strong>\u00a0 \u00a0 Caminat, snorkelling.<\/span><\/li>\n<li><span style=\"font-family: arial, helvetica, sans-serif;\"><strong>Rango de Edad: <\/strong>2 a\u00f1os en adelante.<\/span><\/li>\n<li><span style=\"font-family: arial, helvetica, sans-serif;\"><strong>Estilo del Viaje: \u00a0\u00a0<\/strong>Aventura.<\/span><\/li>\n<li><span style=\"font-family: arial, helvetica, sans-serif;\"><strong>Tipo de Paquete: \u00a0 \u00a0<\/strong>Todo Incluido.<\/span><\/li>\n<\/ul>\n<h3><span style=\"font-family: arial, helvetica, sans-serif;\">Datos importantes<\/span><\/h3>\n<table class=\"table table-bordered tours-tabs__table\" style=\"height: 233px; width: 858px;\">\n<tbody>\n<tr style=\"height: 24px;\">\n<td style=\"height: 24px; width: 212px;\"><span style=\"font-family: arial, helvetica, sans-serif;\"><strong>LUGAR DE PARTIDA<\/strong><\/span><\/td>\n<td style=\"height: 24px; width: 634px;\"><span style=\"font-family: arial, helvetica, sans-serif;\">Quito<\/span><\/td>\n<\/tr>\n<tr style=\"height: 24px;\">\n<td style=\"height: 24px; width: 212px;\"><span style=\"font-family: arial, helvetica, sans-serif;\"><strong>LUGAR DE REGRESO<\/strong><\/span><\/td>\n<td style=\"height: 24px; width: 634px;\"><span style=\"font-family: arial, helvetica, sans-serif;\">Quito<\/span><\/td>\n<\/tr>\n<tr style=\"height: 24px;\">\n<td style=\"height: 24px; width: 212px;\"><span style=\"font-family: arial, helvetica, sans-serif;\"><strong>HORA DE PARTIDA<\/strong><\/span><\/td>\n<td style=\"height: 24px; width: 634px;\"><span style=\"font-family: arial, helvetica, sans-serif;\">* Consultar para m\u00e1s detalles.<\/span><\/td>\n<\/tr>\n<tr style=\"height: 24px;\">\n<td style=\"height: 24px; width: 212px;\"><span style=\"font-family: arial, helvetica, sans-serif;\"><strong>HORA DE REGRESO<\/strong><\/span><\/td>\n<td style=\"height: 24px; width: 634px;\"><span style=\"font-family: arial, helvetica, sans-serif;\">* Consultar para m\u00e1s detalles.<\/span><\/td>\n<\/tr>\n<tr style=\"height: 24px;\">\n<td style=\"height: 24px; width: 212px;\"><span style=\"font-family: arial, helvetica, sans-serif;\"><strong>QU\u00c9 USAR?<\/strong><\/span><\/td>\n<td style=\"height: 24px; width: 634px;\"><span style=\"font-family: arial, helvetica, sans-serif;\">Ropa c\u00f3moda, zapatos para caminar, sombrero, chaqueta y protector solar.<\/span><\/td>\n<\/tr>\n<tr style=\"height: 23px;\">\n<td style=\"height: 23px; width: 212px;\"><span style=\"font-family: arial, helvetica, sans-serif;\"><strong>INCLUYE<\/strong><\/span><\/td>\n<td style=\"height: 23px; width: 634px;\"><span style=\"font-family: arial, helvetica, sans-serif;\"><strong>Servicios que se incluyen en Ecuador continental:<\/strong><\/span><br \/>\n<span style=\"font-family: arial, helvetica, sans-serif;\"> <i class=\"fa fa-check icon-tick icon-tick--on\"><\/i> Alojamiento en hoteles y habitaciones seleccionadas.<\/span><br \/>\n<span style=\"font-family: arial, helvetica, sans-serif;\"> <i class=\"fa fa-check icon-tick icon-tick--on\"><\/i>Todas las comidas (desayuno-almuerzo y cena) *Men\u00fa del\u00a0d\u00eda.<\/span><br \/>\n<span style=\"font-family: arial, helvetica, sans-serif;\"> <i class=\"fa fa-check icon-tick icon-tick--on\"><\/i> Transporte terrestre y mar\u00edtimo, tours, servicios guiados.<\/span><br \/>\n<span style=\"font-family: arial, helvetica, sans-serif;\"> <i class=\"fa fa-check icon-tick icon-tick--on\"><\/i> Gu\u00eda naturalista biling\u00fce, en cada isla visitada o actividad.<\/span><br \/>\n<span style=\"font-family: arial, helvetica, sans-serif;\"> <i class=\"fa fa-check icon-tick icon-tick--on\"><\/i> Transporte privado.<\/span><br \/>\n<span style=\"font-family: arial, helvetica, sans-serif;\"> <i class=\"fa fa-check icon-tick icon-tick--on\"><\/i> Recoger y dejar fuera de aeropuerto &#8211; hotel &#8211; aeropuerto .<\/span><br \/>\n<span style=\"font-family: arial, helvetica, sans-serif;\"> <i class=\"fa fa-check icon-tick icon-tick--on\"><\/i> Entrada al tren <strong>Servicios incluidos en las Islas Gal\u00e1pagos:<\/strong><\/span><br \/>\n<span style=\"font-family: arial, helvetica, sans-serif;\"> <i class=\"fa fa-check icon-tick icon-tick--on\"><\/i> Alojamiento en hoteles y habitaciones seleccionadas.<\/span><br \/>\n<span style=\"font-family: arial, helvetica, sans-serif;\"> <i class=\"fa fa-check icon-tick icon-tick--on\"><\/i> Todas las comidas (desayuno-almuerzo y cena) acordados con el programa<\/span><br \/>\n<span style=\"font-family: arial, helvetica, sans-serif;\"> <i class=\"fa fa-check icon-tick icon-tick--on\"><\/i> Todo el transporte terrestre y mar\u00edtimo dentro de las Gal\u00e1pagos durante el programa .<\/span><br \/>\n<span style=\"font-family: arial, helvetica, sans-serif;\"> <i class=\"fa fa-check icon-tick icon-tick--on\"><\/i> Gu\u00eda naturalista biling\u00fce, en cada isla visitada o actividad (Certificado por el Parque Nacional Gal\u00e1pagos.<\/span><br \/>\n<span style=\"font-family: arial, helvetica, sans-serif;\"> <i class=\"fa fa-check icon-tick icon-tick--on\"><\/i>\u00a0Excursiones y visitas durante el programa.<\/span><br \/>\n<span style=\"font-family: arial, helvetica, sans-serif;\"> <i class=\"fa fa-check icon-tick icon-tick--on\"><\/i> Equipo de Snorkeling\u00a0(m\u00e1scaras, aletas y tubo)<\/span><br \/>\n<span style=\"font-family: arial, helvetica, sans-serif;\"> <i class=\"fa fa-check icon-tick icon-tick--on\"><\/i> Traslado\u00a0Puerto Ayora \u2013 Isabela \u2013 Puerto Ayora en lancha p\u00fablica.<\/span><br \/>\n<span style=\"font-family: arial, helvetica, sans-serif;\"> <i class=\"fa fa-check icon-tick icon-tick--on\"><\/i>\u00a0Traslado\u00a0Baltra \u2013 Puerto Ayora \u2013 Baltra (por cami\u00f3n o autob\u00fas , dependiendo del tama\u00f1o del grupo)<\/span><\/td>\n<\/tr>\n<tr style=\"height: 38.875px;\">\n<td style=\"height: 38.875px; width: 212px;\"><span style=\"font-family: arial, helvetica, sans-serif;\"><b>NO INCLUYE<\/b><\/span><\/td>\n<td style=\"height: 38.875px; width: 634px;\"><span style=\"font-family: arial, helvetica, sans-serif;\"><i class=\"fa fa-times icon-tick icon-tick--off\"><\/i> Pasaje\u00a0a\u00e9reo\u00a0(Quito &#8211; Coca\u00a0&#8211; Quito)<\/span><br \/>\n<span style=\"font-family: arial, helvetica, sans-serif;\"> <i class=\"fa fa-times icon-tick icon-tick--off\"><\/i> Pasaje a\u00e9reo\u00a0(Quito &#8211; Galapagos &#8211; Quito)<\/span><br \/>\n<span style=\"font-family: arial, helvetica, sans-serif;\"> <i class=\"fa fa-times icon-tick icon-tick--off\"><\/i> Entradas Parques Nacionales.<\/span><br \/>\n<span style=\"font-family: arial, helvetica, sans-serif;\"> <i class=\"fa fa-times icon-tick icon-tick--off\"><\/i> Impuestos del muelle Isabela.<\/span><br \/>\n<span style=\"font-family: arial, helvetica, sans-serif;\"> <i class=\"fa fa-times icon-tick icon-tick--off\"><\/i> Tarjeta de Control migratoria.<\/span><br \/>\n<span style=\"font-family: arial, helvetica, sans-serif;\"> <i class=\"fa fa-times icon-tick icon-tick--off\"><\/i>\u00a0Taxi acu\u00e1tico desde el muelle de lancha r\u00e1pida ( Isabela , Islas Santa Cruz &#8211; dependiendo de la marea )<\/span><br \/>\n<span style=\"font-family: arial, helvetica, sans-serif;\"> <i class=\"fa fa-times icon-tick icon-tick--off\"><\/i> Bebidas gaseosas y alcoh\u00f3licas.<\/span><br \/>\n<span style=\"font-family: arial, helvetica, sans-serif;\"> <i class=\"fa fa-times icon-tick icon-tick--off\"><\/i> Cualquier otro servicio no especificado en el programa.<\/span><br \/>\n<span style=\"font-family: arial, helvetica, sans-serif;\"> <i class=\"fa fa-times icon-tick icon-tick--off\"><\/i> Tips &amp;\u00a0Extras.<\/span><\/td>\n<\/tr>\n<\/tbody>\n<\/table>\n<h2><span style=\"font-size: 8pt; font-family: arial, helvetica, sans-serif;\"><strong style=\"font-size: 8pt; line-height: 1.5;\"><em>NOTA:<\/em><\/strong><em style=\"font-size: 8pt; line-height: 1.5;\">\u00a0\u201cEl itinerario siempre esta sujeto a cambio sin previo aviso, debido a los cambios estacionales, condiciones clim\u00e1ticas, ajustes de ultima hora en las pol\u00edticas de visitas del Parque Nacional Gal\u00e1pagos y circunstancias operacionales de \u00faltimo minuto\u201d.<\/em><\/span><\/h2>\n<p>[vc_row][vc_column el_class=&#8221;accocruise&#8221;][vc_column_text]\n<div class=\"panel panel-default accordion__item\">\n\t<div class=\"panel-heading accordion__item__title-wrap\">\n\t\t<h4 class=\"panel-title\">\n\t\t\t<a data-toggle=\"collapse\" data-parent=\"#ataccordion0\" href=\"#ataccordion0_1\" class=\"accordion__item__link collapsed\">Solicite m\u00e1s informaci\u00f3n<\/a>\n\t\t<\/h4>\n\t<\/div>\n\t<div id=\"ataccordion0_1\" class=\"panel-collapse collapse\">\n\t\t<div class=\"panel-body accordion__item__content\">\n                <div class=\"ml-embedded\" data-form=\"7jvCs3\"><\/div>\n            \n<\/div>\n\t<\/div>\n<\/div>[\/vc_column_text][\/vc_column][\/vc_row]<\/p>\n<\/div>","protected":false},"excerpt":{"rendered":"<p>Tour Ecuador: Gal\u00e1pagos, Amazon\u00eda y Tren Nariz del Diablo. En Tour Ecuador, le invitamos a descubrir la magia de nuestro pa\u00eds, explorando Gal\u00e1pagos, la Amazon\u00eda y la emocionante ruta del Tren Nariz del Diablo. Recorra la &#8220;Avenida de los Volcanes&#8220;, explore dos islas en Gal\u00e1pagos y sum\u00e9rjase en la cultura de Quito. Este viaje todo<\/p>\n<div class=\"padding-top text-center\"><a href=\"https:\/\/naturegalapagos.com\/es\/tours-ecuador\/vacaciones-ecuador\/tour-ecuador-galapagos-amazonia-nariz-del-diablo\/\" class=\"atbtn atbtn--medium atbtn--rounded atbtn--transparent\">Leer m\u00e1s<i class=\"atbtn__icon atbtn__icon--right fa fa-long-arrow-right\"><\/i><\/a><\/div>\n","protected":false},"featured_media":2041,"comment_status":"open","ping_status":"closed","template":"","meta":{"_joinchat":[]},"product_brand":[],"product_cat":[3599],"product_tag":[],"class_list":{"0":"post-2035","1":"product","2":"type-product","3":"status-publish","4":"has-post-thumbnail","6":"product_cat-sin-categoria","7":"tour_category-vacaciones-ecuador","9":"first","10":"instock","11":"taxable","12":"shipping-taxable","13":"product-type-tour"},"yoast_head":"<!-- This site is optimized with the Yoast SEO Premium plugin v25.6 (Yoast SEO v26.1.1) - https:\/\/yoast.com\/wordpress\/plugins\/seo\/ -->\n<title>Tour Ecuador: Gal\u00e1pagos, Amazon\u00eda y Tren Nariz del Diablo.<\/title>\n<meta name=\"description\" content=\"Tour ecuador: Tours Personalizados a lo largo de Ecuador. Disfrute de las Islas Gal\u00e1pagos, selva y los paisajes andinos. M\u00e1s informaci\u00f3n aqu\u00ed.\" \/>\n<meta name=\"robots\" content=\"index, follow, max-snippet:-1, max-image-preview:large, max-video-preview:-1\" \/>\n<link rel=\"canonical\" href=\"https:\/\/naturegalapagos.com\/es\/tours-ecuador\/vacaciones-ecuador\/tour-ecuador-galapagos-amazonia-nariz-del-diablo\/\" \/>\n<meta property=\"og:locale\" content=\"es_ES\" \/>\n<meta property=\"og:type\" content=\"article\" \/>\n<meta property=\"og:title\" content=\"Tour Ecuador: Gal\u00e1pagos, Amazon\u00eda y Tren Nariz del Diablo.\" \/>\n<meta property=\"og:description\" content=\"Nature Gal\u00e1pagos &amp; Ecuador: Tours Personalizados a lo largo de Ecuador. Disfrute de las Islas Gal\u00e1pagos, selva y los paisajes andinos. M\u00e1s informaci\u00f3n aqu\u00ed.\" \/>\n<meta property=\"og:url\" content=\"https:\/\/naturegalapagos.com\/es\/tours-ecuador\/vacaciones-ecuador\/tour-ecuador-galapagos-amazonia-nariz-del-diablo\/\" \/>\n<meta property=\"og:site_name\" content=\"Espa\u00f1ol - Nature Galapagos &amp; Ecuador\" \/>\n<meta property=\"article:publisher\" content=\"https:\/\/www.facebook.com\/naturegalapagosecuador\/\" \/>\n<meta property=\"article:modified_time\" content=\"2024-12-26T14:52:14+00:00\" \/>\n<meta property=\"og:image\" content=\"https:\/\/naturegalapagos.com\/es\/wp-content\/uploads\/sites\/3\/2016\/07\/tour-ecuador-cruise.jpg\" \/>\n\t<meta property=\"og:image:width\" content=\"1024\" \/>\n\t<meta property=\"og:image:height\" content=\"512\" \/>\n\t<meta property=\"og:image:type\" content=\"image\/jpeg\" \/>\n<meta name=\"twitter:card\" content=\"summary_large_image\" \/>\n<meta name=\"twitter:title\" content=\"Tour Ecuador: Gal\u00e1pagos, Amazon\u00eda y Tren Nariz del Diablo.\" \/>\n<meta name=\"twitter:description\" content=\"Nature Gal\u00e1pagos &amp; Ecuador: Tours Personalizados a lo largo de Ecuador. Disfrute de las Islas Gal\u00e1pagos, selva y los paisajes andinos. M\u00e1s informaci\u00f3n aqu\u00ed.\" \/>\n<meta name=\"twitter:site\" content=\"@naturegalapagos\" \/>\n<meta name=\"twitter:label1\" content=\"Tiempo de lectura\" \/>\n\t<meta name=\"twitter:data1\" content=\"3 minutos\" \/>\n<!-- \/ Yoast SEO Premium plugin. -->","yoast_head_json":{"title":"Tour Ecuador: Gal\u00e1pagos, Amazon\u00eda y Tren Nariz del Diablo.","description":"Tour ecuador: Tours Personalizados a lo largo de Ecuador. Disfrute de las Islas Gal\u00e1pagos, selva y los paisajes andinos. M\u00e1s informaci\u00f3n aqu\u00ed.","robots":{"index":"index","follow":"follow","max-snippet":"max-snippet:-1","max-image-preview":"max-image-preview:large","max-video-preview":"max-video-preview:-1"},"canonical":"https:\/\/naturegalapagos.com\/es\/tours-ecuador\/vacaciones-ecuador\/tour-ecuador-galapagos-amazonia-nariz-del-diablo\/","og_locale":"es_ES","og_type":"article","og_title":"Tour Ecuador: Gal\u00e1pagos, Amazon\u00eda y Tren Nariz del Diablo.","og_description":"Nature Gal\u00e1pagos & Ecuador: Tours Personalizados a lo largo de Ecuador. Disfrute de las Islas Gal\u00e1pagos, selva y los paisajes andinos. M\u00e1s informaci\u00f3n aqu\u00ed.","og_url":"https:\/\/naturegalapagos.com\/es\/tours-ecuador\/vacaciones-ecuador\/tour-ecuador-galapagos-amazonia-nariz-del-diablo\/","og_site_name":"Espa\u00f1ol - Nature Galapagos &amp; Ecuador","article_publisher":"https:\/\/www.facebook.com\/naturegalapagosecuador\/","article_modified_time":"2024-12-26T14:52:14+00:00","og_image":[{"width":1024,"height":512,"url":"https:\/\/naturegalapagos.com\/es\/wp-content\/uploads\/sites\/3\/2016\/07\/tour-ecuador-cruise.jpg","type":"image\/jpeg"}],"twitter_card":"summary_large_image","twitter_title":"Tour Ecuador: Gal\u00e1pagos, Amazon\u00eda y Tren Nariz del Diablo.","twitter_description":"Nature Gal\u00e1pagos & Ecuador: Tours Personalizados a lo largo de Ecuador. Disfrute de las Islas Gal\u00e1pagos, selva y los paisajes andinos. M\u00e1s informaci\u00f3n aqu\u00ed.","twitter_site":"@naturegalapagos","twitter_misc":{"Tiempo de lectura":"3 minutos"},"schema":{"@context":"https:\/\/schema.org","@graph":[{"@type":"WebPage","@id":"https:\/\/naturegalapagos.com\/es\/tours-ecuador\/vacaciones-ecuador\/tour-ecuador-galapagos-amazonia-nariz-del-diablo\/","url":"https:\/\/naturegalapagos.com\/es\/tours-ecuador\/vacaciones-ecuador\/tour-ecuador-galapagos-amazonia-nariz-del-diablo\/","name":"Tour Ecuador: Gal\u00e1pagos, Amazon\u00eda y Tren Nariz del Diablo.","isPartOf":{"@id":"https:\/\/naturegalapagos.com\/es\/#website"},"primaryImageOfPage":{"@id":"https:\/\/naturegalapagos.com\/es\/tours-ecuador\/vacaciones-ecuador\/tour-ecuador-galapagos-amazonia-nariz-del-diablo\/#primaryimage"},"image":{"@id":"https:\/\/naturegalapagos.com\/es\/tours-ecuador\/vacaciones-ecuador\/tour-ecuador-galapagos-amazonia-nariz-del-diablo\/#primaryimage"},"thumbnailUrl":"https:\/\/naturegalapagos.com\/es\/wp-content\/uploads\/sites\/3\/2016\/07\/tour-ecuador-cruise.jpg","datePublished":"2024-12-04T15:16:37+00:00","dateModified":"2024-12-26T14:52:14+00:00","description":"Tour ecuador: Tours Personalizados a lo largo de Ecuador. Disfrute de las Islas Gal\u00e1pagos, selva y los paisajes andinos. M\u00e1s informaci\u00f3n aqu\u00ed.","breadcrumb":{"@id":"https:\/\/naturegalapagos.com\/es\/tours-ecuador\/vacaciones-ecuador\/tour-ecuador-galapagos-amazonia-nariz-del-diablo\/#breadcrumb"},"inLanguage":"es","potentialAction":[{"@type":"ReadAction","target":["https:\/\/naturegalapagos.com\/es\/tours-ecuador\/vacaciones-ecuador\/tour-ecuador-galapagos-amazonia-nariz-del-diablo\/"]}]},{"@type":"ImageObject","inLanguage":"es","@id":"https:\/\/naturegalapagos.com\/es\/tours-ecuador\/vacaciones-ecuador\/tour-ecuador-galapagos-amazonia-nariz-del-diablo\/#primaryimage","url":"https:\/\/naturegalapagos.com\/es\/wp-content\/uploads\/sites\/3\/2016\/07\/tour-ecuador-cruise.jpg","contentUrl":"https:\/\/naturegalapagos.com\/es\/wp-content\/uploads\/sites\/3\/2016\/07\/tour-ecuador-cruise.jpg","width":1024,"height":512,"caption":"Tour-Ecuador-Cruise"},{"@type":"BreadcrumbList","@id":"https:\/\/naturegalapagos.com\/es\/tours-ecuador\/vacaciones-ecuador\/tour-ecuador-galapagos-amazonia-nariz-del-diablo\/#breadcrumb","itemListElement":[{"@type":"ListItem","position":1,"name":"Home","item":"https:\/\/naturegalapagos.com\/es\/"},{"@type":"ListItem","position":2,"name":"Tienda","item":"https:\/\/naturegalapagos.com\/es\/tienda\/"},{"@type":"ListItem","position":3,"name":"Gal\u00e1pagos, Amazon\u00eda y Tren Nariz del Diablo."}]},{"@type":"WebSite","@id":"https:\/\/naturegalapagos.com\/es\/#website","url":"https:\/\/naturegalapagos.com\/es\/","name":"Espa\u00f1ol - Nature Galapagos & Ecuador","description":"","publisher":{"@id":"https:\/\/naturegalapagos.com\/es\/#organization"},"potentialAction":[{"@type":"SearchAction","target":{"@type":"EntryPoint","urlTemplate":"https:\/\/naturegalapagos.com\/es\/?s={search_term_string}"},"query-input":{"@type":"PropertyValueSpecification","valueRequired":true,"valueName":"search_term_string"}}],"inLanguage":"es"},{"@type":"Organization","@id":"https:\/\/naturegalapagos.com\/es\/#organization","name":"Espa\u00f1ol - Nature Galapagos & Ecuador","url":"https:\/\/naturegalapagos.com\/es\/","logo":{"@type":"ImageObject","inLanguage":"es","@id":"https:\/\/naturegalapagos.com\/es\/#\/schema\/logo\/image\/","url":"https:\/\/naturegalapagos.com\/es\/wp-content\/uploads\/sites\/3\/2016\/10\/Nature-Galapagos-Logo-COM-300x300.jpg","contentUrl":"https:\/\/naturegalapagos.com\/es\/wp-content\/uploads\/sites\/3\/2016\/10\/Nature-Galapagos-Logo-COM-300x300.jpg","width":300,"height":300,"caption":"Espa\u00f1ol - Nature Galapagos & Ecuador"},"image":{"@id":"https:\/\/naturegalapagos.com\/es\/#\/schema\/logo\/image\/"},"sameAs":["https:\/\/www.facebook.com\/naturegalapagosecuador\/","https:\/\/x.com\/naturegalapagos","https:\/\/www.instagram.com\/naturegalapagos\/","https:\/\/www.pinterest.com\/Naturegalapagos\/","https:\/\/www.youtube.com\/user\/NatureGalapagosTours"]}]}},"_links":{"self":[{"href":"https:\/\/naturegalapagos.com\/es\/wp-json\/wp\/v2\/product\/2035","targetHints":{"allow":["GET"]}}],"collection":[{"href":"https:\/\/naturegalapagos.com\/es\/wp-json\/wp\/v2\/product"}],"about":[{"href":"https:\/\/naturegalapagos.com\/es\/wp-json\/wp\/v2\/types\/product"}],"replies":[{"embeddable":true,"href":"https:\/\/naturegalapagos.com\/es\/wp-json\/wp\/v2\/comments?post=2035"}],"wp:featuredmedia":[{"embeddable":true,"href":"https:\/\/naturegalapagos.com\/es\/wp-json\/wp\/v2\/media\/2041"}],"wp:attachment":[{"href":"https:\/\/naturegalapagos.com\/es\/wp-json\/wp\/v2\/media?parent=2035"}],"wp:term":[{"taxonomy":"product_brand","embeddable":true,"href":"https:\/\/naturegalapagos.com\/es\/wp-json\/wp\/v2\/product_brand?post=2035"},{"taxonomy":"product_cat","embeddable":true,"href":"https:\/\/naturegalapagos.com\/es\/wp-json\/wp\/v2\/product_cat?post=2035"},{"taxonomy":"product_tag","embeddable":true,"href":"https:\/\/naturegalapagos.com\/es\/wp-json\/wp\/v2\/product_tag?post=2035"}],"curies":[{"name":"wp","href":"https:\/\/api.w.org\/{rel}","templated":true}]}}