{"id":2110,"date":"2024-06-12T14:36:30","date_gmt":"2024-06-12T18:36:30","guid":{"rendered":"http:\/\/naturegalapagos.com\/es\/tren-ecuador\/tren-del-hielo-i-ecuador"},"modified":"2025-01-31T16:22:58","modified_gmt":"2025-01-31T21:22:58","slug":"tren-ecuador-tren-del-hielo-i","status":"publish","type":"product","link":"https:\/\/naturegalapagos.com\/es\/tren-ecuador\/tren-del-hielo-i-ecuador\/","title":{"rendered":"Tren del Hielo I Ecuador"},"content":{"rendered":"<div class=\"wpb-content-wrapper\"><h2 style=\"text-align: left;\"><span style=\"font-family: arial, helvetica, sans-serif;\"><strong>Tren del Hielo I Ecuador,\u00a0salida desde Riobamba<\/strong><\/span><\/h2>\n<p><span style=\"font-family: arial, helvetica, sans-serif;\">Un recorrido por el volc\u00e1n m\u00e1s alto del Ecuador a bordo del <strong>tren del hielo I<\/strong>, en el cual el usted tiene la oportunidad de conocer el p\u00e1ramo de Urbina, la tradici\u00f3n de los Hieleros del Chimborazo y aprender sobre el proceso de extracci\u00f3n del hielo en el glacial.<\/span><\/p>\n<p>[vc_row][vc_column][vc_message color=&#8221;danger&#8221; message_box_color=&#8221;warning&#8221; icon_fontawesome=&#8221;fas fa-exclamation-triangle&#8221;]Pedimos disculpas las rutas del tren no est\u00e1n funcionando hasta nuevo aviso.[\/vc_message][vc_column_text]<\/p>\n<p><span style=\"font-family: arial, helvetica, sans-serif;\">Adem\u00e1s se ofrecen varias opciones de actividades de agroturismo en entornos naturales y culturales de esta zona. <\/span><span style=\"font-family: arial, helvetica, sans-serif;\">Sin duda el recorrido en el <strong>tren del hielo I<\/strong> es una opci\u00f3n magnifica de conocer los andes ecuatorianos y sobretodo el Volc\u00e1n Chimborazo coloso de nieves perpetuas.<\/span><br \/>\n<span style=\"font-family: arial, helvetica, sans-serif;\"><!--more--><\/span><\/p>\n<h3><span style=\"font-family: arial, helvetica, sans-serif;\">Datos importantes<\/span><\/h3>\n<table class=\"table table-bordered tours-tabs__table\" style=\"height: 233px; width: 858px;\">\n<tbody>\n<tr style=\"height: 24px;\">\n<td style=\"height: 24px; width: 212px;\"><span style=\"font-family: arial, helvetica, sans-serif;\"><strong>DIAS DE OPERACION<\/strong><\/span><\/td>\n<td style=\"height: 24px; width: 634px;\"><span style=\"font-family: arial, helvetica, sans-serif;\">S\u00e1bado y Domingo (Auto-ferro)<\/span><\/td>\n<\/tr>\n<tr style=\"height: 24px;\">\n<td style=\"height: 24px; width: 212px;\"><span style=\"font-family: arial, helvetica, sans-serif;\"><strong>RUTA<\/strong><\/span><\/td>\n<td style=\"height: 24px; width: 634px;\"><span style=\"font-family: arial, helvetica, sans-serif;\">Riobamba &#8211; Urbina &#8211; La Moya &#8211; Riobamba<\/span><\/td>\n<\/tr>\n<tr style=\"height: 24px;\">\n<td style=\"height: 24px; width: 212px;\"><span style=\"font-family: arial, helvetica, sans-serif;\"><strong>LUGAR DE PARTIDA<\/strong><\/span><\/td>\n<td style=\"height: 24px; width: 634px;\"><span style=\"font-family: arial, helvetica, sans-serif;\">Estaci\u00f3n del Tren\u00a0Riobamba<\/span><\/td>\n<\/tr>\n<tr style=\"height: 24px;\">\n<td style=\"height: 24px; width: 212px;\"><span style=\"font-family: arial, helvetica, sans-serif;\"><strong>LUGAR DE REGRESO<\/strong><\/span><\/td>\n<td style=\"height: 24px; width: 634px;\"><span style=\"font-family: arial, helvetica, sans-serif;\">Estaci\u00f3n del Tren Riobamba<\/span><\/td>\n<\/tr>\n<tr style=\"height: 24px;\">\n<td style=\"height: 24px; width: 212px;\"><span style=\"font-family: arial, helvetica, sans-serif;\"><strong>HORA DE PARTIDA<\/strong><\/span><\/td>\n<td style=\"height: 24px; width: 634px;\"><span style=\"font-family: arial, helvetica, sans-serif;\">08:00 \u00a0Pasageros\u00a0llegar 30 mins\u00a0antes del tiempo de salida.<\/span><\/td>\n<\/tr>\n<tr style=\"height: 24.8125px;\">\n<td style=\"height: 24.8125px; width: 212px;\"><span style=\"font-family: arial, helvetica, sans-serif;\"><strong>DURACION\u00a0<\/strong><\/span><\/td>\n<td style=\"height: 24.8125px; width: 634px;\"><span style=\"font-family: arial, helvetica, sans-serif;\">08:00 \u2013\u00a014:30<\/span><\/td>\n<\/tr>\n<tr style=\"height: 24.8125px;\">\n<td style=\"height: 24.8125px; width: 212px;\"><span style=\"font-family: arial, helvetica, sans-serif;\"><strong>QU\u00c9 USAR?<\/strong><\/span><\/td>\n<td style=\"height: 24.8125px; width: 634px;\"><span style=\"font-family: arial, helvetica, sans-serif;\">Ropa c\u00f3moda, zapatos para caminar, sombrero, chaqueta y protector solar.<\/span><\/td>\n<\/tr>\n<tr style=\"height: 23px;\">\n<td style=\"height: 23px; width: 212px;\"><span style=\"font-family: arial, helvetica, sans-serif;\"><strong>INCLUYE<\/strong><\/span><\/td>\n<td style=\"height: 23px; width: 634px;\"><span style=\"font-family: arial, helvetica, sans-serif;\"><i class=\"fa fa-check icon-tick icon-tick--on\"><\/i> Ticket del Tren.<\/span><br \/>\n<span style=\"font-family: arial, helvetica, sans-serif;\"> <i class=\"fa fa-check icon-tick icon-tick--on\"><\/i> Gu\u00edas durante el viaje.<\/span><br \/>\n<span style=\"font-family: arial, helvetica, sans-serif;\"> <i class=\"fa fa-check icon-tick icon-tick--on\"><\/i>\u00a0Visita al centro de Interpretaci\u00f3n del Hielo.<\/span><\/td>\n<\/tr>\n<tr style=\"height: 38px;\">\n<td style=\"height: 38px; width: 212px;\"><span style=\"font-family: arial, helvetica, sans-serif;\"><b>NO INCLUYE<\/b><\/span><\/td>\n<td style=\"height: 38px; width: 634px;\"><span style=\"font-family: arial, helvetica, sans-serif;\"><i class=\"fa fa-times icon-tick icon-tick--off\"><\/i> Las compras adicionales en el Caf\u00e9 del Tren y \/ o restaurante.<\/span><br \/>\n<span style=\"font-family: arial, helvetica, sans-serif;\"> <i class=\"fa fa-times icon-tick icon-tick--off\"><\/i>\u00a0Traslados hacia y desde el hotel<br \/>\n<\/span><span style=\"font-family: arial, helvetica, sans-serif;\"><i class=\"fa fa-times icon-tick icon-tick--off\"><\/i> Snacks en el Cafe del Tren en Urbina.<br \/>\n<\/span><span style=\"font-family: arial, helvetica, sans-serif;\"><i class=\"fa fa-times icon-tick icon-tick--off\"><\/i> Almuerzo en la Moya.<\/span><br \/>\n<span style=\"font-family: arial, helvetica, sans-serif;\"> <i class=\"fa fa-times icon-tick icon-tick--off\"><\/i>\u00a0Gastos personales y cualquier otra entrada.<\/span><br \/>\n<span style=\"font-family: arial, helvetica, sans-serif;\"> <i class=\"fa fa-times icon-tick icon-tick--off\"><\/i> Cualquier otro servicio no especificado en el programa.<\/span><br \/>\n<span style=\"font-family: arial, helvetica, sans-serif;\"> <i class=\"fa fa-times icon-tick icon-tick--off\"><\/i> Tips &amp;\u00a0Extras.<\/span><\/td>\n<\/tr>\n<\/tbody>\n<\/table>\n<h2><span style=\"font-size: 8pt; font-family: arial, helvetica, sans-serif;\"><strong style=\"font-size: 10pt; line-height: 1.5;\"><em>NOTA:<\/em><\/strong><em style=\"font-size: 8pt; line-height: 1.5;\">\u00a0\u201cEl itinerario siempre esta sujeto a cambio sin previo aviso, debido a los cambios estacionales, condiciones clim\u00e1ticas, ajustes de ultima hora y circunstancias operacionales de \u00faltimo minuto\u201d.<\/em><\/span><\/h2>\n<p>[vc_row][vc_column][vc_message color=&#8221;danger&#8221; message_box_color=&#8221;warning&#8221; icon_fontawesome=&#8221;fas fa-exclamation-triangle&#8221;]Pedimos disculpas las rutas del tren no est\u00e1n funcionando hasta nuevo aviso.[\/vc_message][vc_column_text]<\/p>\n<p>[vc_row][vc_column el_class=&#8221;accocruise&#8221;][vc_column_text]\n<div class=\"panel panel-default accordion__item\">\n\t<div class=\"panel-heading accordion__item__title-wrap\">\n\t\t<h4 class=\"panel-title\">\n\t\t\t<a data-toggle=\"collapse\" data-parent=\"#ataccordion0\" href=\"#ataccordion0_1\" class=\"accordion__item__link collapsed\">Solicite m\u00e1s informaci\u00f3n<\/a>\n\t\t<\/h4>\n\t<\/div>\n\t<div id=\"ataccordion0_1\" class=\"panel-collapse collapse\">\n\t\t<div class=\"panel-body accordion__item__content\">\n                <div class=\"ml-embedded\" data-form=\"tPaTJ4\"><\/div>\n            \n<\/div>\n\t<\/div>\n<\/div>[\/vc_column_text][\/vc_column][\/vc_row]<\/p>\n<\/div>","protected":false},"excerpt":{"rendered":"<p>Un recorrido por el volc\u00e1n m\u00e1s alto del Ecuador, en el cual el usted\u00a0tiene la oportunidad de conocer el p\u00e1ramo de Urbina, la tradici\u00f3n de los Hieleros del Chimborazo y aprender sobre el proceso de extracci\u00f3n del hielo en el glacial.<\/p>\n","protected":false},"featured_media":2117,"comment_status":"open","ping_status":"closed","template":"","meta":{"_joinchat":[]},"product_brand":[],"product_cat":[3599],"product_tag":[],"class_list":{"0":"post-2110","1":"product","2":"type-product","3":"status-publish","4":"has-post-thumbnail","6":"product_cat-sin-categoria","7":"tour_category-tren-ecuador","9":"first","10":"instock","11":"taxable","12":"shipping-taxable","13":"product-type-tour"},"yoast_head":"<!-- This site is optimized with the Yoast SEO Premium plugin v25.6 (Yoast SEO v26.1.1) - https:\/\/yoast.com\/wordpress\/plugins\/seo\/ -->\n<title>Tren del Hielo I | Tour de medio d\u00eda | Riobamba - Urbina<\/title>\n<meta name=\"description\" content=\"Tren del Hielo I es un viaje en el tren de Riobamba al hermoso paramo de Urbina, para contemplar el majestuoso Chimborazo con sus nieves eternas.\" \/>\n<meta name=\"robots\" content=\"index, follow, max-snippet:-1, max-image-preview:large, max-video-preview:-1\" \/>\n<link rel=\"canonical\" href=\"https:\/\/naturegalapagos.com\/es\/tren-ecuador\/tren-del-hielo-i-ecuador\/\" \/>\n<meta property=\"og:locale\" content=\"es_ES\" \/>\n<meta property=\"og:type\" content=\"article\" \/>\n<meta property=\"og:title\" content=\"Tren del Hielo I Train | Half Day Tour | Riobamba Urbina Riobamba\" \/>\n<meta property=\"og:description\" content=\"Travel by train from Riobamba to Urbina aboard Tren del Hielo I. Travel alongside Chimborazo Volcano, discover the Andean Paramo ecosystem. Ecuador Train\" \/>\n<meta property=\"og:url\" content=\"https:\/\/naturegalapagos.com\/es\/tren-ecuador\/tren-del-hielo-i-ecuador\/\" \/>\n<meta property=\"og:site_name\" content=\"Espa\u00f1ol - Nature Galapagos &amp; Ecuador\" \/>\n<meta property=\"article:publisher\" content=\"https:\/\/www.facebook.com\/naturegalapagosecuador\/\" \/>\n<meta property=\"article:modified_time\" content=\"2025-01-31T21:22:58+00:00\" \/>\n<meta property=\"og:image\" content=\"https:\/\/naturegalapagos.com\/es\/wp-content\/uploads\/sites\/3\/2016\/07\/tren-del-hielo-i-ecuador.jpg\" \/>\n\t<meta property=\"og:image:width\" content=\"1024\" \/>\n\t<meta property=\"og:image:height\" content=\"512\" \/>\n\t<meta property=\"og:image:type\" content=\"image\/jpeg\" \/>\n<meta name=\"twitter:card\" content=\"summary_large_image\" \/>\n<meta name=\"twitter:title\" content=\"Tren del Hielo I Train | Half Day Tour | Riobamba Urbina Riobamba\" \/>\n<meta name=\"twitter:description\" content=\"Travel by train from Riobamba to Urbina aboard Tren del Hielo I. Travel alongside Chimborazo Volcano, discover the Andean Paramo ecosystem. Ecuador Train\" \/>\n<meta name=\"twitter:site\" content=\"@naturegalapagos\" \/>\n<meta name=\"twitter:label1\" content=\"Tiempo de lectura\" \/>\n\t<meta name=\"twitter:data1\" content=\"2 minutos\" \/>\n<!-- \/ Yoast SEO Premium plugin. -->","yoast_head_json":{"title":"Tren del Hielo I | Tour de medio d\u00eda | Riobamba - Urbina","description":"Tren del Hielo I es un viaje en el tren de Riobamba al hermoso paramo de Urbina, para contemplar el majestuoso Chimborazo con sus nieves eternas.","robots":{"index":"index","follow":"follow","max-snippet":"max-snippet:-1","max-image-preview":"max-image-preview:large","max-video-preview":"max-video-preview:-1"},"canonical":"https:\/\/naturegalapagos.com\/es\/tren-ecuador\/tren-del-hielo-i-ecuador\/","og_locale":"es_ES","og_type":"article","og_title":"Tren del Hielo I Train | Half Day Tour | Riobamba Urbina Riobamba","og_description":"Travel by train from Riobamba to Urbina aboard Tren del Hielo I. Travel alongside Chimborazo Volcano, discover the Andean Paramo ecosystem. Ecuador Train","og_url":"https:\/\/naturegalapagos.com\/es\/tren-ecuador\/tren-del-hielo-i-ecuador\/","og_site_name":"Espa\u00f1ol - Nature Galapagos &amp; Ecuador","article_publisher":"https:\/\/www.facebook.com\/naturegalapagosecuador\/","article_modified_time":"2025-01-31T21:22:58+00:00","og_image":[{"width":1024,"height":512,"url":"https:\/\/naturegalapagos.com\/es\/wp-content\/uploads\/sites\/3\/2016\/07\/tren-del-hielo-i-ecuador.jpg","type":"image\/jpeg"}],"twitter_card":"summary_large_image","twitter_title":"Tren del Hielo I Train | Half Day Tour | Riobamba Urbina Riobamba","twitter_description":"Travel by train from Riobamba to Urbina aboard Tren del Hielo I. Travel alongside Chimborazo Volcano, discover the Andean Paramo ecosystem. Ecuador Train","twitter_site":"@naturegalapagos","twitter_misc":{"Tiempo de lectura":"2 minutos"},"schema":{"@context":"https:\/\/schema.org","@graph":[{"@type":"WebPage","@id":"https:\/\/naturegalapagos.com\/es\/tren-ecuador\/tren-del-hielo-i-ecuador\/","url":"https:\/\/naturegalapagos.com\/es\/tren-ecuador\/tren-del-hielo-i-ecuador\/","name":"Tren del Hielo I | Tour de medio d\u00eda | Riobamba - Urbina","isPartOf":{"@id":"https:\/\/naturegalapagos.com\/es\/#website"},"primaryImageOfPage":{"@id":"https:\/\/naturegalapagos.com\/es\/tren-ecuador\/tren-del-hielo-i-ecuador\/#primaryimage"},"image":{"@id":"https:\/\/naturegalapagos.com\/es\/tren-ecuador\/tren-del-hielo-i-ecuador\/#primaryimage"},"thumbnailUrl":"https:\/\/naturegalapagos.com\/es\/wp-content\/uploads\/sites\/3\/2016\/07\/tren-del-hielo-i-ecuador.jpg","datePublished":"2024-06-12T18:36:30+00:00","dateModified":"2025-01-31T21:22:58+00:00","description":"Tren del Hielo I es un viaje en el tren de Riobamba al hermoso paramo de Urbina, para contemplar el majestuoso Chimborazo con sus nieves eternas.","breadcrumb":{"@id":"https:\/\/naturegalapagos.com\/es\/tren-ecuador\/tren-del-hielo-i-ecuador\/#breadcrumb"},"inLanguage":"es","potentialAction":[{"@type":"ReadAction","target":["https:\/\/naturegalapagos.com\/es\/tren-ecuador\/tren-del-hielo-i-ecuador\/"]}]},{"@type":"ImageObject","inLanguage":"es","@id":"https:\/\/naturegalapagos.com\/es\/tren-ecuador\/tren-del-hielo-i-ecuador\/#primaryimage","url":"https:\/\/naturegalapagos.com\/es\/wp-content\/uploads\/sites\/3\/2016\/07\/tren-del-hielo-i-ecuador.jpg","contentUrl":"https:\/\/naturegalapagos.com\/es\/wp-content\/uploads\/sites\/3\/2016\/07\/tren-del-hielo-i-ecuador.jpg","width":1024,"height":512,"caption":"Tren Del Hielo I Ecuador"},{"@type":"BreadcrumbList","@id":"https:\/\/naturegalapagos.com\/es\/tren-ecuador\/tren-del-hielo-i-ecuador\/#breadcrumb","itemListElement":[{"@type":"ListItem","position":1,"name":"Home","item":"https:\/\/naturegalapagos.com\/es\/"},{"@type":"ListItem","position":2,"name":"Tienda","item":"https:\/\/naturegalapagos.com\/es\/tienda\/"},{"@type":"ListItem","position":3,"name":"Tren del Hielo I Ecuador"}]},{"@type":"WebSite","@id":"https:\/\/naturegalapagos.com\/es\/#website","url":"https:\/\/naturegalapagos.com\/es\/","name":"Espa\u00f1ol - Nature Galapagos & Ecuador","description":"","publisher":{"@id":"https:\/\/naturegalapagos.com\/es\/#organization"},"potentialAction":[{"@type":"SearchAction","target":{"@type":"EntryPoint","urlTemplate":"https:\/\/naturegalapagos.com\/es\/?s={search_term_string}"},"query-input":{"@type":"PropertyValueSpecification","valueRequired":true,"valueName":"search_term_string"}}],"inLanguage":"es"},{"@type":"Organization","@id":"https:\/\/naturegalapagos.com\/es\/#organization","name":"Espa\u00f1ol - Nature Galapagos & Ecuador","url":"https:\/\/naturegalapagos.com\/es\/","logo":{"@type":"ImageObject","inLanguage":"es","@id":"https:\/\/naturegalapagos.com\/es\/#\/schema\/logo\/image\/","url":"https:\/\/naturegalapagos.com\/es\/wp-content\/uploads\/sites\/3\/2016\/10\/Nature-Galapagos-Logo-COM-300x300.jpg","contentUrl":"https:\/\/naturegalapagos.com\/es\/wp-content\/uploads\/sites\/3\/2016\/10\/Nature-Galapagos-Logo-COM-300x300.jpg","width":300,"height":300,"caption":"Espa\u00f1ol - Nature Galapagos & Ecuador"},"image":{"@id":"https:\/\/naturegalapagos.com\/es\/#\/schema\/logo\/image\/"},"sameAs":["https:\/\/www.facebook.com\/naturegalapagosecuador\/","https:\/\/x.com\/naturegalapagos","https:\/\/www.instagram.com\/naturegalapagos\/","https:\/\/www.pinterest.com\/Naturegalapagos\/","https:\/\/www.youtube.com\/user\/NatureGalapagosTours"]}]}},"_links":{"self":[{"href":"https:\/\/naturegalapagos.com\/es\/wp-json\/wp\/v2\/product\/2110","targetHints":{"allow":["GET"]}}],"collection":[{"href":"https:\/\/naturegalapagos.com\/es\/wp-json\/wp\/v2\/product"}],"about":[{"href":"https:\/\/naturegalapagos.com\/es\/wp-json\/wp\/v2\/types\/product"}],"replies":[{"embeddable":true,"href":"https:\/\/naturegalapagos.com\/es\/wp-json\/wp\/v2\/comments?post=2110"}],"wp:featuredmedia":[{"embeddable":true,"href":"https:\/\/naturegalapagos.com\/es\/wp-json\/wp\/v2\/media\/2117"}],"wp:attachment":[{"href":"https:\/\/naturegalapagos.com\/es\/wp-json\/wp\/v2\/media?parent=2110"}],"wp:term":[{"taxonomy":"product_brand","embeddable":true,"href":"https:\/\/naturegalapagos.com\/es\/wp-json\/wp\/v2\/product_brand?post=2110"},{"taxonomy":"product_cat","embeddable":true,"href":"https:\/\/naturegalapagos.com\/es\/wp-json\/wp\/v2\/product_cat?post=2110"},{"taxonomy":"product_tag","embeddable":true,"href":"https:\/\/naturegalapagos.com\/es\/wp-json\/wp\/v2\/product_tag?post=2110"}],"curies":[{"name":"wp","href":"https:\/\/api.w.org\/{rel}","templated":true}]}}