{"id":2119,"date":"2024-05-17T12:14:03","date_gmt":"2024-05-17T16:14:03","guid":{"rendered":"http:\/\/naturegalapagos.com\/es\/tren-ecuador\/tren-de-la-libertad-ecuador"},"modified":"2025-01-31T16:33:04","modified_gmt":"2025-01-31T21:33:04","slug":"tren-ecuadortren-de-la-libertad-ecuador","status":"publish","type":"product","link":"https:\/\/naturegalapagos.com\/es\/tren-ecuador\/tren-de-la-libertad-ecuador\/","title":{"rendered":"Tren de la Libertad Ecuador"},"content":{"rendered":"<div class=\"wpb-content-wrapper\"><div style=\"display: flex; justify-content: end; margin-bottom: 10px;\"><span style=\"font-family: arial, helvetica, sans-serif;\"><a href=\"https:\/\/naturegalapagos.com\/es\/ofertas-de-viajes\/\" target=\"_blank\" rel=\"noopener\"><img decoding=\"async\" src=\"https:\/\/naturegalapagos.com\/es\/wp-content\/uploads\/sites\/3\/2019\/11\/las-minute-deals-gif_Final_espa\u00f1ol.gif\" alt=\"Oferta de cruceros en Gal\u00e1pagos\" width=\"227.5\" height=\"77.25\" \/><\/a><\/span><\/div>\n<h2><span style=\"font-family: arial, helvetica, sans-serif;\"><strong>Tren de la Libertad I Ecuador, tour de 1 d\u00eda<\/strong><\/span><\/h2>\n<p><span style=\"font-family: arial, helvetica, sans-serif;\">El <strong>Tren de la Libertad<\/strong> ofrece un recorrido \u00fanico partiendo desde Ibarra, la \u201cCiudad Blanca\u201d para llegar a la c\u00e1lida Salinas que nos recibe a ritmo de \u201cbomba\u201d. Descubre los\u00a0siete t\u00faneles excavados a pico y pala y puentes que cruzan ca\u00f1ones de v\u00e9rtigo y un hermoso viaje por\u00a0Salinas y sus coloridos murales que conmemoran la historia y cultura del pueblo afroamericano.<\/span><\/p>\n<p>[vc_row][vc_column][vc_message color=&#8221;danger&#8221; message_box_color=&#8221;warning&#8221; icon_fontawesome=&#8221;fas fa-exclamation-triangle&#8221;]Pedimos disculpas las <strong>rutas del tren<\/strong> no est\u00e1n funcionando hasta nuevo aviso.[\/vc_message][vc_column_text]<\/p>\n<p><span style=\"font-family: arial, helvetica, sans-serif;\"> <strong>Visitas a museos y emprendimientos locales<\/strong> y disfruta de la <strong>gastronom\u00eda local<\/strong> en un viaje lleno de experiencias memorables. Por la tarde salida de regreso a Ibarra.<\/span><\/p>\n<p><span style=\"font-family: arial, helvetica, sans-serif;\"><!--more--><\/span><\/p>\n<h3><span style=\"font-family: arial, helvetica, sans-serif;\">Datos importantes<\/span><\/h3>\n<table class=\"table table-bordered tours-tabs__table\" style=\"height: 233px; width: 858px;\">\n<tbody>\n<tr style=\"height: 24.8125px;\">\n<td style=\"height: 24.8125px; width: 212px;\"><span style=\"font-family: arial, helvetica, sans-serif;\"><b>DIAS DE OPERACION<\/b><\/span><\/td>\n<td style=\"height: 24.8125px; width: 634px;\"><span style=\"font-family: arial, helvetica, sans-serif;\">Jueves\u00a0(Operaci\u00f3n de Jueves en Ferrochiva) &#8211; Viernes &#8211; S\u00e1bados &#8211; Domingos &#8211; Feriados.\u00a0<\/span><\/td>\n<\/tr>\n<tr style=\"height: 24px;\">\n<td style=\"height: 24px; width: 212px;\"><span style=\"font-family: arial, helvetica, sans-serif;\"><strong>RUTA<\/strong><\/span><\/td>\n<td style=\"height: 24px; width: 634px;\"><span style=\"font-family: arial, helvetica, sans-serif;\">Ibarra &#8211; Salinas &#8211; Ibarra<\/span><\/td>\n<\/tr>\n<tr style=\"height: 24px;\">\n<td style=\"height: 24px; width: 212px;\"><span style=\"font-family: arial, helvetica, sans-serif;\"><strong>LUGAR DE PARTIDA<\/strong><\/span><\/td>\n<td style=\"height: 24px; width: 634px;\"><span style=\"font-family: arial, helvetica, sans-serif;\">Estaci\u00f3n del Tren Ibarra<\/span><\/td>\n<\/tr>\n<tr style=\"height: 24px;\">\n<td style=\"height: 24px; width: 212px;\"><span style=\"font-family: arial, helvetica, sans-serif;\"><strong>LUGAR DE REGRESO<\/strong><\/span><\/td>\n<td style=\"height: 24px; width: 634px;\"><span style=\"font-family: arial, helvetica, sans-serif;\">Estaci\u00f3n del Tren Ibarra<\/span><\/td>\n<\/tr>\n<tr style=\"height: 24px;\">\n<td style=\"height: 24px; width: 212px;\"><span style=\"font-family: arial, helvetica, sans-serif;\"><strong>HORA DE SALIDA<\/strong><\/span><\/td>\n<td style=\"height: 24px; width: 634px;\"><span style=\"font-family: arial, helvetica, sans-serif;\">11:25 \u2013 16:40 Pasajeros\u00a0llegar 30 mins\u00a0antes del tiempo de salida.<\/span><\/td>\n<\/tr>\n<tr style=\"height: 24px;\">\n<td style=\"height: 24px; width: 212px;\"><span style=\"line-height: 20px; font-family: arial, helvetica, sans-serif;\"><b>DURACI\u00d3N<\/b><\/span><\/td>\n<td style=\"height: 24px; width: 634px;\"><span style=\"font-family: arial, helvetica, sans-serif;\">5 a 6 Horas aproximadamente<\/span><\/td>\n<\/tr>\n<tr style=\"height: 24px;\">\n<td style=\"height: 24px; width: 212px;\"><span style=\"font-family: arial, helvetica, sans-serif;\"><strong>QU\u00c9 USAR?<\/strong><\/span><\/td>\n<td style=\"height: 24px; width: 634px;\"><span style=\"font-family: arial, helvetica, sans-serif;\">Ropa c\u00f3moda, zapatos para caminar, sombrero, chaqueta y protector solar.<\/span><\/td>\n<\/tr>\n<tr style=\"height: 23px;\">\n<td style=\"height: 23px; width: 212px;\"><span style=\"font-family: arial, helvetica, sans-serif;\"><strong>INCLUYE<\/strong><\/span><\/td>\n<td style=\"height: 23px; width: 634px;\"><span style=\"font-family: arial, helvetica, sans-serif;\"><i class=\"fa fa-check icon-tick icon-tick--on\"><\/i> Ticket del Tren<br \/>\n<i class=\"fa fa-check icon-tick icon-tick--on\"><\/i> Ticket del Ferrochiva (Jueves)<\/span><br \/>\n<span style=\"font-family: arial, helvetica, sans-serif;\"> <i class=\"fa fa-check icon-tick icon-tick--on\"><\/i> Gu\u00edas a bordo del Tren.<\/span><br \/>\n<span style=\"font-family: arial, helvetica, sans-serif;\"> <i class=\"fa fa-check icon-tick icon-tick--on\"><\/i>Pases y gu\u00edas visitadas a los sitios mencionados en el itinerario<\/span><\/td>\n<\/tr>\n<tr style=\"height: 38px;\">\n<td style=\"height: 38px; width: 212px;\"><span style=\"font-family: arial, helvetica, sans-serif;\"><b>NO INCLUYE<\/b><\/span><\/td>\n<td style=\"height: 38px; width: 634px;\"><span style=\"font-family: arial, helvetica, sans-serif;\"><i class=\"fa fa-times icon-tick icon-tick--off\"><\/i> Las compras adicionales en el Caf\u00e9 del Tren y \/ o restaurante.<\/span><br \/>\n<span style=\"font-family: arial, helvetica, sans-serif;\"> <i class=\"fa fa-times icon-tick icon-tick--off\"><\/i>\u00a0Traslados hacia y desde el hotel<br \/>\n<i class=\"fa fa-times icon-tick icon-tick--off\"><\/i> Almuerzo.<br \/>\n<i class=\"fa fa-times icon-tick icon-tick--off\"><\/i>\u00a0Transporte en bus de ser necesario.<\/span><br \/>\n<span style=\"font-family: arial, helvetica, sans-serif;\"> <i class=\"fa fa-times icon-tick icon-tick--off\"><\/i>\u00a0Gastos personales y cuaqluier otra entrada.<\/span><br \/>\n<span style=\"font-family: arial, helvetica, sans-serif;\"> <i class=\"fa fa-times icon-tick icon-tick--off\"><\/i> Cualquier otro servicio no especificado en el programa.<\/span><br \/>\n<span style=\"font-family: arial, helvetica, sans-serif;\"> <i class=\"fa fa-times icon-tick icon-tick--off\"><\/i> Tips &amp;\u00a0Extras.<\/span><\/td>\n<\/tr>\n<\/tbody>\n<\/table>\n<p>[vc_row][vc_column][vc_message color=&#8221;danger&#8221; message_box_color=&#8221;warning&#8221; icon_fontawesome=&#8221;fas fa-exclamation-triangle&#8221;]Pedimos disculpas las <strong>rutas del tren<\/strong> no est\u00e1n funcionando hasta nuevo aviso.[\/vc_message][vc_column_text]<\/p>\n<h2><span style=\"font-family: arial, helvetica, sans-serif;\"><strong style=\"font-size: 8pt; line-height: 1.5;\"><em>NOTA:<\/em><\/strong><em style=\"font-size: 8pt; line-height: 1.5;\">\u00a0\u201cEl itinerario siempre esta sujeto a cambio sin previo aviso, debido a los cambios estacionales, condiciones clim\u00e1ticas, ajustes de ultima hora y circunstancias operacionales de \u00faltimo minuto\u201d.<\/em><\/span><\/h2>\n<p>[vc_row][vc_column el_class=&#8221;accocruise&#8221;][vc_column_text]\n<div class=\"panel panel-default accordion__item\">\n\t<div class=\"panel-heading accordion__item__title-wrap\">\n\t\t<h4 class=\"panel-title\">\n\t\t\t<a data-toggle=\"collapse\" data-parent=\"#ataccordion0\" href=\"#ataccordion0_1\" class=\"accordion__item__link collapsed\">Solicite m\u00e1s informaci\u00f3n<\/a>\n\t\t<\/h4>\n\t<\/div>\n\t<div id=\"ataccordion0_1\" class=\"panel-collapse collapse\">\n\t\t<div class=\"panel-body accordion__item__content\"><br \/>\n<script type=\"text\/javascript\" src=\"https:\/\/static.mailerlite.com\/data\/webforms\/984722\/l7n7d1.js?v109\"><\/script><br \/>\n<\/div>\n\t<\/div>\n<\/div>[\/vc_column_text][\/vc_column][\/vc_row]<\/p>\n<\/div>","protected":false},"excerpt":{"rendered":"<p>El Tren de la Libertad ofrece un recorrido \u00fanico partiendo desde Ibarra, la \u201cCiudad Blanca\u201d para llegar a la c\u00e1lida Salinas que nos recibe a ritmo de \u201cbomba\u201d. Descubre los siete t\u00faneles excavados a pico y pala y puentes que cruzan ca\u00f1ones de v\u00e9rtigo y un hermoso viaje por Salinas y sus coloridos murales.<\/p>\n","protected":false},"featured_media":2129,"comment_status":"open","ping_status":"closed","template":"","meta":{"_joinchat":[]},"product_brand":[],"product_cat":[3599],"product_tag":[],"class_list":{"0":"post-2119","1":"product","2":"type-product","3":"status-publish","4":"has-post-thumbnail","6":"product_cat-sin-categoria","7":"tour_category-tren-ecuador","9":"first","10":"instock","11":"taxable","12":"shipping-taxable","13":"product-type-tour"},"yoast_head":"<!-- This site is optimized with the Yoast SEO Premium plugin v25.6 (Yoast SEO v26.1.1) - https:\/\/yoast.com\/wordpress\/plugins\/seo\/ -->\n<title>Tren de la Libertad Ecuador | Tour de 1 d\u00eda desde Ibarra a Salinas<\/title>\n<meta name=\"description\" content=\"Tren de la Libertad Ecuador, Tour de 1 d\u00eda, visitando la cultura e historia de San Roque, San Antonio de Ibarra, Salinas y su museo de Sal.\" \/>\n<meta name=\"robots\" content=\"index, follow, max-snippet:-1, max-image-preview:large, max-video-preview:-1\" \/>\n<link rel=\"canonical\" href=\"https:\/\/naturegalapagos.com\/es\/tren-ecuador\/tren-de-la-libertad-ecuador\/\" \/>\n<meta property=\"og:locale\" content=\"es_ES\" \/>\n<meta property=\"og:type\" content=\"article\" \/>\n<meta property=\"og:title\" content=\"Tren de la Libertad Ecuador | Tour de 1 d\u00eda desde Ibarra a Salinas\" \/>\n<meta property=\"og:description\" content=\"Tren de la Libertad Ecuador - Tour de 1 d\u00eda, visitando la cultura e historia de San Roque, Yachay la ciudad del conocimiento, Salinas y su museo de Sal.\" \/>\n<meta property=\"og:url\" content=\"https:\/\/naturegalapagos.com\/es\/tren-ecuador\/tren-de-la-libertad-ecuador\/\" \/>\n<meta property=\"og:site_name\" content=\"Espa\u00f1ol - Nature Galapagos &amp; Ecuador\" \/>\n<meta property=\"article:publisher\" content=\"https:\/\/www.facebook.com\/naturegalapagosecuador\/\" \/>\n<meta property=\"article:modified_time\" content=\"2025-01-31T21:33:04+00:00\" \/>\n<meta property=\"og:image\" content=\"https:\/\/naturegalapagos.com\/es\/wp-content\/uploads\/sites\/3\/2016\/07\/tren-de-la-libertad-tour.jpg\" \/>\n\t<meta property=\"og:image:width\" content=\"1024\" \/>\n\t<meta property=\"og:image:height\" content=\"512\" \/>\n\t<meta property=\"og:image:type\" content=\"image\/jpeg\" \/>\n<meta name=\"twitter:card\" content=\"summary_large_image\" \/>\n<meta name=\"twitter:title\" content=\"Tren de la Libertad Ecuador | Tour de 1 d\u00eda desde Ibarra a Salinas\" \/>\n<meta name=\"twitter:description\" content=\"Tren de la Libertad Ecuador - Tour de 1 d\u00eda, visitando la cultura e historia de San Roque, Yachay la ciudad del conocimiento, Salinas y su museo de Sal.\" \/>\n<meta name=\"twitter:site\" content=\"@naturegalapagos\" \/>\n<meta name=\"twitter:label1\" content=\"Tiempo de lectura\" \/>\n\t<meta name=\"twitter:data1\" content=\"2 minutos\" \/>\n<!-- \/ Yoast SEO Premium plugin. -->","yoast_head_json":{"title":"Tren de la Libertad Ecuador | Tour de 1 d\u00eda desde Ibarra a Salinas","description":"Tren de la Libertad Ecuador, Tour de 1 d\u00eda, visitando la cultura e historia de San Roque, San Antonio de Ibarra, Salinas y su museo de Sal.","robots":{"index":"index","follow":"follow","max-snippet":"max-snippet:-1","max-image-preview":"max-image-preview:large","max-video-preview":"max-video-preview:-1"},"canonical":"https:\/\/naturegalapagos.com\/es\/tren-ecuador\/tren-de-la-libertad-ecuador\/","og_locale":"es_ES","og_type":"article","og_title":"Tren de la Libertad Ecuador | Tour de 1 d\u00eda desde Ibarra a Salinas","og_description":"Tren de la Libertad Ecuador - Tour de 1 d\u00eda, visitando la cultura e historia de San Roque, Yachay la ciudad del conocimiento, Salinas y su museo de Sal.","og_url":"https:\/\/naturegalapagos.com\/es\/tren-ecuador\/tren-de-la-libertad-ecuador\/","og_site_name":"Espa\u00f1ol - Nature Galapagos &amp; Ecuador","article_publisher":"https:\/\/www.facebook.com\/naturegalapagosecuador\/","article_modified_time":"2025-01-31T21:33:04+00:00","og_image":[{"width":1024,"height":512,"url":"https:\/\/naturegalapagos.com\/es\/wp-content\/uploads\/sites\/3\/2016\/07\/tren-de-la-libertad-tour.jpg","type":"image\/jpeg"}],"twitter_card":"summary_large_image","twitter_title":"Tren de la Libertad Ecuador | Tour de 1 d\u00eda desde Ibarra a Salinas","twitter_description":"Tren de la Libertad Ecuador - Tour de 1 d\u00eda, visitando la cultura e historia de San Roque, Yachay la ciudad del conocimiento, Salinas y su museo de Sal.","twitter_site":"@naturegalapagos","twitter_misc":{"Tiempo de lectura":"2 minutos"},"schema":{"@context":"https:\/\/schema.org","@graph":[{"@type":"WebPage","@id":"https:\/\/naturegalapagos.com\/es\/tren-ecuador\/tren-de-la-libertad-ecuador\/","url":"https:\/\/naturegalapagos.com\/es\/tren-ecuador\/tren-de-la-libertad-ecuador\/","name":"Tren de la Libertad Ecuador | Tour de 1 d\u00eda desde Ibarra a Salinas","isPartOf":{"@id":"https:\/\/naturegalapagos.com\/es\/#website"},"primaryImageOfPage":{"@id":"https:\/\/naturegalapagos.com\/es\/tren-ecuador\/tren-de-la-libertad-ecuador\/#primaryimage"},"image":{"@id":"https:\/\/naturegalapagos.com\/es\/tren-ecuador\/tren-de-la-libertad-ecuador\/#primaryimage"},"thumbnailUrl":"https:\/\/naturegalapagos.com\/es\/wp-content\/uploads\/sites\/3\/2016\/07\/tren-de-la-libertad-tour.jpg","datePublished":"2024-05-17T16:14:03+00:00","dateModified":"2025-01-31T21:33:04+00:00","description":"Tren de la Libertad Ecuador, Tour de 1 d\u00eda, visitando la cultura e historia de San Roque, San Antonio de Ibarra, Salinas y su museo de Sal.","breadcrumb":{"@id":"https:\/\/naturegalapagos.com\/es\/tren-ecuador\/tren-de-la-libertad-ecuador\/#breadcrumb"},"inLanguage":"es","potentialAction":[{"@type":"ReadAction","target":["https:\/\/naturegalapagos.com\/es\/tren-ecuador\/tren-de-la-libertad-ecuador\/"]}]},{"@type":"ImageObject","inLanguage":"es","@id":"https:\/\/naturegalapagos.com\/es\/tren-ecuador\/tren-de-la-libertad-ecuador\/#primaryimage","url":"https:\/\/naturegalapagos.com\/es\/wp-content\/uploads\/sites\/3\/2016\/07\/tren-de-la-libertad-tour.jpg","contentUrl":"https:\/\/naturegalapagos.com\/es\/wp-content\/uploads\/sites\/3\/2016\/07\/tren-de-la-libertad-tour.jpg","width":1024,"height":512,"caption":"Tren De La Libertad Tour"},{"@type":"BreadcrumbList","@id":"https:\/\/naturegalapagos.com\/es\/tren-ecuador\/tren-de-la-libertad-ecuador\/#breadcrumb","itemListElement":[{"@type":"ListItem","position":1,"name":"Home","item":"https:\/\/naturegalapagos.com\/es\/"},{"@type":"ListItem","position":2,"name":"Tienda","item":"https:\/\/naturegalapagos.com\/es\/tienda\/"},{"@type":"ListItem","position":3,"name":"Tren de la Libertad Ecuador"}]},{"@type":"WebSite","@id":"https:\/\/naturegalapagos.com\/es\/#website","url":"https:\/\/naturegalapagos.com\/es\/","name":"Espa\u00f1ol - Nature Galapagos & Ecuador","description":"","publisher":{"@id":"https:\/\/naturegalapagos.com\/es\/#organization"},"potentialAction":[{"@type":"SearchAction","target":{"@type":"EntryPoint","urlTemplate":"https:\/\/naturegalapagos.com\/es\/?s={search_term_string}"},"query-input":{"@type":"PropertyValueSpecification","valueRequired":true,"valueName":"search_term_string"}}],"inLanguage":"es"},{"@type":"Organization","@id":"https:\/\/naturegalapagos.com\/es\/#organization","name":"Espa\u00f1ol - Nature Galapagos & Ecuador","url":"https:\/\/naturegalapagos.com\/es\/","logo":{"@type":"ImageObject","inLanguage":"es","@id":"https:\/\/naturegalapagos.com\/es\/#\/schema\/logo\/image\/","url":"https:\/\/naturegalapagos.com\/es\/wp-content\/uploads\/sites\/3\/2016\/10\/Nature-Galapagos-Logo-COM-300x300.jpg","contentUrl":"https:\/\/naturegalapagos.com\/es\/wp-content\/uploads\/sites\/3\/2016\/10\/Nature-Galapagos-Logo-COM-300x300.jpg","width":300,"height":300,"caption":"Espa\u00f1ol - Nature Galapagos & Ecuador"},"image":{"@id":"https:\/\/naturegalapagos.com\/es\/#\/schema\/logo\/image\/"},"sameAs":["https:\/\/www.facebook.com\/naturegalapagosecuador\/","https:\/\/x.com\/naturegalapagos","https:\/\/www.instagram.com\/naturegalapagos\/","https:\/\/www.pinterest.com\/Naturegalapagos\/","https:\/\/www.youtube.com\/user\/NatureGalapagosTours"]}]}},"_links":{"self":[{"href":"https:\/\/naturegalapagos.com\/es\/wp-json\/wp\/v2\/product\/2119","targetHints":{"allow":["GET"]}}],"collection":[{"href":"https:\/\/naturegalapagos.com\/es\/wp-json\/wp\/v2\/product"}],"about":[{"href":"https:\/\/naturegalapagos.com\/es\/wp-json\/wp\/v2\/types\/product"}],"replies":[{"embeddable":true,"href":"https:\/\/naturegalapagos.com\/es\/wp-json\/wp\/v2\/comments?post=2119"}],"wp:featuredmedia":[{"embeddable":true,"href":"https:\/\/naturegalapagos.com\/es\/wp-json\/wp\/v2\/media\/2129"}],"wp:attachment":[{"href":"https:\/\/naturegalapagos.com\/es\/wp-json\/wp\/v2\/media?parent=2119"}],"wp:term":[{"taxonomy":"product_brand","embeddable":true,"href":"https:\/\/naturegalapagos.com\/es\/wp-json\/wp\/v2\/product_brand?post=2119"},{"taxonomy":"product_cat","embeddable":true,"href":"https:\/\/naturegalapagos.com\/es\/wp-json\/wp\/v2\/product_cat?post=2119"},{"taxonomy":"product_tag","embeddable":true,"href":"https:\/\/naturegalapagos.com\/es\/wp-json\/wp\/v2\/product_tag?post=2119"}],"curies":[{"name":"wp","href":"https:\/\/api.w.org\/{rel}","templated":true}]}}