{"id":2160,"date":"2024-08-26T15:44:10","date_gmt":"2024-08-26T19:44:10","guid":{"rendered":"http:\/\/naturegalapagos.com\/es\/?post_type=product&#038;p=2160"},"modified":"2025-06-06T10:46:08","modified_gmt":"2025-06-06T14:46:08","slug":"tours-en-galapagosisla-bartolome","status":"publish","type":"product","link":"https:\/\/naturegalapagos.com\/es\/producto\/tours-en-galapagos-isla-bartolome\/","title":{"rendered":"Tour diario a Isla Bartolom\u00e9"},"content":{"rendered":"<div class=\"wpb-content-wrapper\"><h2 style=\"text-align: left;\"><span style=\"font-size: 18pt; font-family: arial, helvetica, sans-serif;\"><strong>Tour diario a Isla Bartolom\u00e9 + Bah\u00eda Sullivan desde Puerto Ayora (Isla Santa Cruz)<\/strong><\/span><\/h2>\n<p><span style=\"font-size: 14pt; font-family: arial, helvetica, sans-serif;\"><strong>LO DESTACADO:<\/strong><\/span><\/p>\n<ul>\n<li><span style=\"font-family: arial, helvetica, sans-serif;\">Bartolom\u00e9 es un islote volc\u00e1nico cerca de la costa este de la Isla Santiago.<\/span><\/li>\n<li><span style=\"font-family: arial, helvetica, sans-serif;\">La isla ofrece algunos de los paisajes m\u00e1s bellos del archipi\u00e9lago.<\/span><\/li>\n<li><span style=\"font-family: arial, helvetica, sans-serif;\">Tiene un cono volc\u00e1nico que es f\u00e1cil de escalar y ofrece excelentes vistas de las otras islas.<\/span><\/li>\n<li><span style=\"font-family: arial, helvetica, sans-serif;\">La Roca Pin\u00e1culo es la caracter\u00edstica distintiva de esta isla, y el monumento m\u00e1s representativo de las Gal\u00e1pagos.<\/span><\/li>\n<\/ul>\n<p><span style=\"font-family: arial, helvetica, sans-serif;\"><!--more--><\/span><\/p>\n<h3><span style=\"font-family: arial, helvetica, sans-serif;\">Datos importantes del Tour diario a Isla Bartolom\u00e9<\/span><\/h3>\n<table class=\"table table-bordered tours-tabs__table\" style=\"height: 233px; width: 858px;\">\n<tbody>\n<tr style=\"height: 24px;\">\n<td style=\"height: 24px; width: 234px;\"><span style=\"font-family: arial, helvetica, sans-serif;\"><strong>SALIDAS COMPARTIDAS<\/strong><\/span><\/td>\n<td style=\"height: 24px; width: 634px;\"><span style=\"font-family: arial, helvetica, sans-serif;\">Lunes, Martes, Mi\u00e9rcoles, Jueves, S\u00e1bado y Domingo<\/span><\/td>\n<\/tr>\n<tr style=\"height: 24px;\">\n<td style=\"height: 24px; width: 234px;\"><span style=\"font-family: arial, helvetica, sans-serif;\"><strong>PUNTO DE PARTIDA<\/strong><\/span><\/td>\n<td style=\"height: 24px; width: 634px;\"><span style=\"font-family: arial, helvetica, sans-serif;\">Hotel u Hostal de alojamiento<\/span><\/td>\n<\/tr>\n<tr style=\"height: 24px;\">\n<td style=\"height: 24px; width: 234px;\"><span style=\"font-family: arial, helvetica, sans-serif;\"><strong>PUNTO DE REGRESO<\/strong><\/span><\/td>\n<td style=\"height: 24px; width: 634px;\"><span style=\"font-family: arial, helvetica, sans-serif;\">Hotel u Hostal de alojamiento<\/span><\/td>\n<\/tr>\n<tr style=\"height: 24px;\">\n<td style=\"height: 24px; width: 234px;\"><span style=\"font-family: arial, helvetica, sans-serif;\"><strong>HORA DE SALIDA<\/strong><\/span><\/td>\n<td style=\"height: 24px; width: 634px;\"><span style=\"font-family: arial, helvetica, sans-serif;\">Alrededor de las 05.30 am<\/span><\/td>\n<\/tr>\n<tr style=\"height: 24px;\">\n<td style=\"height: 24px; width: 234px;\"><span style=\"font-family: arial, helvetica, sans-serif;\"><strong>DURACI\u00d3N<\/strong><\/span><\/td>\n<td style=\"height: 24px; width: 634px;\"><span style=\"font-family: arial, helvetica, sans-serif;\">7 &#8211; 8\u00a0horas aproximadamente.<\/span><\/td>\n<\/tr>\n<tr style=\"height: 24px;\">\n<td style=\"height: 24px; width: 234px;\"><span style=\"font-family: arial, helvetica, sans-serif;\"><strong>QUE USAR<\/strong><\/span><\/td>\n<td style=\"height: 24px; width: 634px;\"><span style=\"font-family: arial, helvetica, sans-serif;\">Agua, ropa ligera, chaquetas impermeables, sombrero,<\/span><br \/>\n<span style=\"font-family: arial, helvetica, sans-serif;\">protector solar, zapatos para caminar, zapatos de agua,<\/span><br \/>\n<span style=\"font-family: arial, helvetica, sans-serif;\">protector solar, traje de neopreno, repelente de mosquitos.<\/span><\/td>\n<\/tr>\n<tr style=\"height: 23px;\">\n<td style=\"height: 23px; width: 234px;\"><span style=\"font-family: arial, helvetica, sans-serif;\"><strong>INCLUYE<\/strong><\/span><\/td>\n<td style=\"height: 23px; width: 634px;\"><span style=\"font-family: arial, helvetica, sans-serif;\"><i class=\"fa fa-check icon-tick icon-tick--on\"><\/i> Gu\u00eda profesional biling\u00fce.<\/span>\n<p><span style=\"font-family: arial, helvetica, sans-serif;\"><i class=\"fa fa-check icon-tick icon-tick--on\"><\/i> Transporte: Puerto Ayora &#8211; Canal.<\/span><\/p>\n<p><span style=\"font-family: arial, helvetica, sans-serif;\"><i class=\"fa fa-check icon-tick icon-tick--on\"><\/i> Transporte: Canal &#8211; Puerto Ayora.<\/span><\/p>\n<p><span style=\"font-family: arial, helvetica, sans-serif;\"><i class=\"fa fa-check icon-tick icon-tick--on\"><\/i> Equipo de snorkel.<\/span><\/p>\n<p><span style=\"font-family: arial, helvetica, sans-serif;\"><i class=\"fa fa-check icon-tick icon-tick--on\"><\/i> Box Lunch.<\/span><\/p><\/td>\n<\/tr>\n<tr style=\"height: 38px;\">\n<td style=\"height: 38px; width: 234px;\"><span style=\"font-family: arial, helvetica, sans-serif;\"><strong>NO INCLUYE<\/strong><\/span><\/td>\n<td style=\"height: 38px; width: 634px;\"><span style=\"font-family: arial, helvetica, sans-serif;\"><i class=\"fa fa-times icon-tick icon-tick--off\"><\/i>\u00a0Wetsuit<\/span>\n<p><i class=\"fa fa-times icon-tick icon-tick--off\"><\/i> Entrada al Parque Nacional Galapagos USD <strong>200,00 por persona<\/strong><\/p>\n<p><span style=\"font-family: arial, helvetica, sans-serif;\"><i class=\"fa fa-times icon-tick icon-tick--off\"><\/i> Otros servicios no especificados.<\/span><\/p>\n<p><span style=\"font-family: arial, helvetica, sans-serif;\"><i class=\"fa fa-times icon-tick icon-tick--off\"><\/i> Propinas (opcional)<\/span><\/p><\/td>\n<\/tr>\n<\/tbody>\n<\/table>\n<p><span style=\"font-family: arial, helvetica, sans-serif;\"><strong>NOTA IMPORTANTE:<\/strong> Para cumplir con este tour, <strong>debe estar en la Isla Santa Cruz (Puerto Ayora) un d\u00eda antes de la salida.<\/strong><\/span><\/p>\n<p><span style=\"font-family: arial, helvetica, sans-serif;\"><strong>NOTA:<\/strong> Consultar por las tarifas con alimentaci\u00f3n completa o solo desayunos.<\/span><\/p>\n<h3><span style=\"font-size: 18pt; font-family: arial, helvetica, sans-serif;\"><span style=\"color: #000000;\"><b>Descripci\u00f3n<\/b><\/span><strong><span style=\"color: #000000;\"> del Tour diario a Bartolom\u00e9<\/span><\/strong><\/span><\/h3>\n<p><span style=\"font-family: arial, helvetica, sans-serif;\">Nuestra aventura a la Isla Bartolom\u00e9 comenzar\u00e1 en el lugar y hora de encuentro indicados. Con su pin\u00e1culo ic\u00f3nico, esta isla se encuentra al noroeste de Santa Cruz. Aqu\u00ed tendremos la oportunidad de ver uno de los paisajes m\u00e1s hermosos de las Islas Gal\u00e1pagos mientras aprendemos sobre los or\u00edgenes volc\u00e1nicos de las Islas.<\/span><\/p>\n<p><span style=\"font-family: arial, helvetica, sans-serif;\">Al llegar a Bartolom\u00e9, realizaremos un desembarco seco. Luego, comenzaremos la caminata por un sendero que nos llevar\u00e1 a la cima de la isla. Los 395 escalones finalizar\u00e1n con una espectacular vista panor\u00e1mica de la isla y su pin\u00e1culo, siendo el momento de tomar esa impresionante foto de nuestro viaje.<\/span><br \/>\n<span style=\"font-family: arial, helvetica, sans-serif;\">Durante la caminata observaremos peque\u00f1os t\u00faneles de lava de la \u00faltima erupci\u00f3n. Aqu\u00ed crece vegetaci\u00f3n end\u00e9mica, como cactus de lava y plantas de tiquilla, generalmente rodeadas de pinzones de Darwin.<\/span><br \/>\n<span style=\"font-family: arial, helvetica, sans-serif;\">\u00bfSab\u00edas que la ceniza volc\u00e1nica form\u00f3 Pinnacle Rock?<\/span><br \/>\n<span style=\"font-family: arial, helvetica, sans-serif;\">Despu\u00e9s de impresionarnos con la vista desde este punto, disfrutaremos de un paseo en zodiac por la costa. Luego, con un poco de suerte, veremos el \u00fanico ping\u00fcino tropical y el segundo m\u00e1s peque\u00f1o del mundo, el ping\u00fcino de Gal\u00e1pagos.<\/span><\/p>\n<h3><span style=\"font-size: 18pt; font-family: arial, helvetica, sans-serif;\"><span style=\"color: #000000;\"><b>Descripci\u00f3n<\/b><\/span><strong><span style=\"color: #000000;\"> del Tour a Bah\u00eda Sullivan<\/span><\/strong><\/span><\/h3>\n<p><span style=\"font-family: arial, helvetica, sans-serif;\">Luego de una impresionante experiencia en Bartolom\u00e9, disfrutaremos de un suculento almuerzo a bordo del <strong>Galaxy Daily<\/strong>. Luego, nos dirigiremos hacia <strong>Bah\u00eda Sullivan<\/strong>, donde disfrutaremos de la fauna marina de Gal\u00e1pagos mientras practicamos snorkel.<\/span><\/p>\n<h4><span style=\"font-size: 14pt; font-family: arial, helvetica, sans-serif; color: #000000;\"><strong>ESTAR ATENTOS A:<\/strong><\/span><\/h4>\n<p><span style=\"font-family: arial, helvetica, sans-serif;\">Lobos marinos de Galapagos, Iguanas marinas, Lagartijas de lava, Zayapas, Tiburones,Aves tropicales, Ping\u00fcinos Pinzones de cactus.<\/span><\/p>\n<p>[vc_row][vc_column el_class=&#8221;accocruise&#8221;][vc_column_text]\n<div class=\"panel panel-default accordion__item\">\n\t<div class=\"panel-heading accordion__item__title-wrap\">\n\t\t<h4 class=\"panel-title\">\n\t\t\t<a data-toggle=\"collapse\" data-parent=\"#ataccordion0\" href=\"#ataccordion0_1\" class=\"accordion__item__link collapsed\">Solicite m\u00e1s informaci\u00f3n<\/a>\n\t\t<\/h4>\n\t<\/div>\n\t<div id=\"ataccordion0_1\" class=\"panel-collapse collapse\">\n\t\t<div class=\"panel-body accordion__item__content\">\n                <div class=\"ml-embedded\" data-form=\"YVObSG\"><\/div>\n            \n<\/div>\n\t<\/div>\n<\/div>[\/vc_column_text][\/vc_column][\/vc_row]<\/p>\n<div id=\"footable_parent_7479\"\n         class=\" footable_parent ninja_table_wrapper loading_ninja_table wp_table_data_press_parent semantic_ui \">\n                    <h3 class=\"table_title footable_title\">Tarifas de entrada al Parque Nacional Gal\u00e1pagos<\/h3>\n                                <div\n                class=\"table_description footable_description\">Vigentes desde Agosto de 2024<\/div>\n                    <table data-ninja_table_instance=\"ninja_table_instance_0\" data-footable_id=\"7479\" data-filter-delay=\"1000\" aria-label=\"Tarifas de entrada al Parque Nacional Gal\u00e1pagos\"            id=\"footable_7479\"\n           data-unique_identifier=\"ninja_table_unique_id_208401666_7479\"\n           class=\" foo-table ninja_footable foo_table_7479 ninja_table_unique_id_208401666_7479 ui table  nt_type_legacy_table vertical_centered  footable-paging-right ninja_table_search_disabled ninja_table_pro\">\n                <colgroup>\n                            <col class=\"ninja_column_0 \"\/>\n                            <col class=\"ninja_column_1 \"\/>\n                    <\/colgroup>\n        <thead>\n<tr class=\"footable-header\">\n                                        <th scope=\"col\"  class=\"ninja_column_0 ninja_clmn_nm_categoria \">Categor\u00eda<\/th><th scope=\"col\"  class=\"ninja_column_1 ninja_clmn_nm_tarifa_usd \">Tarifa (USD)<\/th><\/tr>\n<\/thead>\n<tbody>\n\n        <tr data-row_id=\"2514\" class=\"ninja_table_row_0 nt_row_id_2514\">\n            <td>Turistas extranjeros (mayores de 12 a\u00f1os)<\/td><td>$200<\/td>        <\/tr>\n            <tr data-row_id=\"2515\" class=\"ninja_table_row_1 nt_row_id_2515\">\n            <td>Ni\u00f1os extranjeros (menores de 12 a\u00f1os)<\/td><td>$100<\/td>        <\/tr>\n            <tr data-row_id=\"2516\" class=\"ninja_table_row_2 nt_row_id_2516\">\n            <td>Turistas de pa\u00edses de la Comunidad Andina y MERCOSUR (mayores de 12 a\u00f1os)<\/td><td>$100<\/td>        <\/tr>\n            <tr data-row_id=\"2517\" class=\"ninja_table_row_3 nt_row_id_2517\">\n            <td>Ni\u00f1os de pa\u00edses de la Comunidad Andina y MERCOSUR (menores de 12 a\u00f1os)<\/td><td>$50<\/td>        <\/tr>\n            <tr data-row_id=\"2518\" class=\"ninja_table_row_4 nt_row_id_2518\">\n            <td>Ecuatorianos y residentes en Ecuador (mayores de 12 a\u00f1os)<\/td><td>$30<\/td>        <\/tr>\n            <tr data-row_id=\"2519\" class=\"ninja_table_row_5 nt_row_id_2519\">\n            <td>Ni\u00f1os ecuatorianos y residentes en Ecuador (menores de 12 a\u00f1os)<\/td><td>$15<\/td>        <\/tr>\n            <tr data-row_id=\"2520\" class=\"ninja_table_row_6 nt_row_id_2520\">\n            <td>Adultos mayores (65 a\u00f1os o m\u00e1s, nacionales o residentes)<\/td><td>$15<\/td>        <\/tr>\n            <tr data-row_id=\"2521\" class=\"ninja_table_row_7 nt_row_id_2521\">\n            <td>Personas con discapacidad (certificadas por CONADIS)<\/td><td>$15<\/td>        <\/tr>\n            <tr data-row_id=\"2522\" class=\"ninja_table_row_8 nt_row_id_2522\">\n            <td>Estudiantes extranjeros matriculados en instituciones ecuatorianas<\/td><td>$50<\/td>        <\/tr>\n            <tr data-row_id=\"2523\" class=\"ninja_table_row_9 nt_row_id_2523\">\n            <td>Ni\u00f1os menores de 2 a\u00f1os (nacionales o extranjeros)<\/td><td>Exentos<\/td>        <\/tr>\n    <\/tbody><!--ninja_tobody_rendering_done-->\n    <\/table>\n    \n    \n    \n<\/div>\n\n<p>&nbsp;<\/p>\n<div id=\"footable_parent_7481\"\n         class=\" footable_parent ninja_table_wrapper loading_ninja_table wp_table_data_press_parent semantic_ui \">\n                    <h3 class=\"table_title footable_title\">Informaci\u00f3n Adicional<\/h3>\n                        <table data-ninja_table_instance=\"ninja_table_instance_1\" data-footable_id=\"7481\" data-filter-delay=\"1000\" aria-label=\"Informaci\u00f3n Adicional\"            id=\"footable_7481\"\n           data-unique_identifier=\"ninja_table_unique_id_386080020_7481\"\n           class=\" foo-table ninja_footable foo_table_7481 ninja_table_unique_id_386080020_7481 ui table  nt_type_legacy_table vertical_centered  footable-paging-right ninjatable_hide_header_row ninja_table_search_disabled ninja_table_pro\">\n                <colgroup>\n                            <col class=\"ninja_column_0 \"\/>\n                            <col class=\"ninja_column_1 \"\/>\n                    <\/colgroup>\n        <thead>\n<tr class=\"footable-header\">\n                                        <th scope=\"col\"  class=\"ninja_column_0 ninja_clmn_nm_forma_de_pago \">Columna 1<\/th><th scope=\"col\"  class=\"ninja_column_1 ninja_clmn_nm_tarjeta_de_conrtol_de_transito \">Columna 2<\/th><\/tr>\n<\/thead>\n<tbody>\n\n        <tr data-row_id=\"2524\" class=\"ninja_table_row_0 nt_row_id_2524\">\n            <td>Forma de pago:<\/td><td>La tarifa se abona en efectivo (USD) al llegar a los aeropuertos de Baltra o San Crist\u00f3bal.<\/td>        <\/tr>\n            <tr data-row_id=\"2525\" class=\"ninja_table_row_1 nt_row_id_2525\">\n            <td>Tarjeta de Control de Tr\u00e1nsito (TCT):<\/td><td>Adem\u00e1s, es obligatorio adquirir esta tarjeta por un valor de $20, la cual se obtiene en los aeropuertos de Quito o Guayaquil antes de abordar el vuelo hacia Gal\u00e1pagos.<\/td>        <\/tr>\n            <tr data-row_id=\"2526\" class=\"ninja_table_row_2 nt_row_id_2526\">\n            <td>Documentaci\u00f3n necesaria:<\/td><td>Pasaporte o c\u00e9dula de identidad vigente, y en el caso de estudiantes extranjeros, presentar el comprobante de matr\u00edcula en una instituci\u00f3n educativa ecuatoriana.<\/td>        <\/tr>\n    <\/tbody><!--ninja_tobody_rendering_done-->\n    <\/table>\n    \n    \n    \n<\/div>\n\n<\/div>","protected":false},"excerpt":{"rendered":"<p>Tour diario a Isla Bartolom\u00e9 + Bah\u00eda Sullivan desde Puerto Ayora (Isla Santa Cruz) LO DESTACADO: Bartolom\u00e9 es un islote volc\u00e1nico cerca de la costa este de la Isla Santiago. La isla ofrece algunos de los paisajes m\u00e1s bellos del archipi\u00e9lago. Tiene un cono volc\u00e1nico que es f\u00e1cil de escalar y ofrece excelentes vistas de<\/p>\n<div class=\"padding-top text-center\"><a href=\"https:\/\/naturegalapagos.com\/es\/producto\/tours-en-galapagos-isla-bartolome\/\" class=\"atbtn atbtn--medium atbtn--rounded atbtn--transparent\">Leer m\u00e1s<i class=\"atbtn__icon atbtn__icon--right fa fa-long-arrow-right\"><\/i><\/a><\/div>\n","protected":false},"featured_media":2176,"comment_status":"open","ping_status":"closed","template":"","meta":{"_joinchat":[]},"product_brand":[],"product_cat":[3599],"product_tag":[],"class_list":{"0":"post-2160","1":"product","2":"type-product","3":"status-publish","4":"has-post-thumbnail","6":"product_cat-sin-categoria","7":"tour_category-ofertas-de-viajes","8":"tour_category-tours-en-galapagos","10":"first","11":"instock","12":"taxable","13":"shipping-taxable","14":"product-type-tour"},"yoast_head":"<!-- This site is optimized with the Yoast SEO Premium plugin v25.6 (Yoast SEO v26.1.1) - https:\/\/yoast.com\/wordpress\/plugins\/seo\/ -->\n<title>Tour diario a Isla Bartolom\u00e9 + Bah\u00eda Sullivan - Isla Santa Cruz<\/title>\n<meta name=\"description\" content=\"Tour diario a Isla Bartolom\u00e9 + Bah\u00eda Sullivan, el lugar emblem\u00e1tico de las islas Gal\u00e1pagos, no se quede sin su foto en este hermoso lugar de Galapagos.\" \/>\n<meta name=\"robots\" content=\"index, follow, max-snippet:-1, max-image-preview:large, max-video-preview:-1\" \/>\n<link rel=\"canonical\" href=\"https:\/\/naturegalapagos.com\/es\/producto\/tours-en-galapagos-isla-bartolome\/\" \/>\n<meta property=\"og:locale\" content=\"es_ES\" \/>\n<meta property=\"og:type\" content=\"article\" \/>\n<meta property=\"og:title\" content=\"Tour diario a Isla Bartolom\u00e9\" \/>\n<meta property=\"og:description\" content=\"Tour diario a Isla Bartolom\u00e9 + Bah\u00eda Sullivan, el lugar emblem\u00e1tico de las islas Gal\u00e1pagos, no se quede sin su foto en este hermoso lugar de Galapagos.\" \/>\n<meta property=\"og:url\" content=\"https:\/\/naturegalapagos.com\/es\/producto\/tours-en-galapagos-isla-bartolome\/\" \/>\n<meta property=\"og:site_name\" content=\"Espa\u00f1ol - Nature Galapagos &amp; Ecuador\" \/>\n<meta property=\"article:publisher\" content=\"https:\/\/www.facebook.com\/naturegalapagosecuador\/\" \/>\n<meta property=\"article:modified_time\" content=\"2025-06-06T14:46:08+00:00\" \/>\n<meta property=\"og:image\" content=\"https:\/\/naturegalapagos.com\/es\/wp-content\/uploads\/sites\/3\/2014\/12\/Tours-en-Galapagos-Isla-Bartolome-Tour.jpg\" \/>\n\t<meta property=\"og:image:width\" content=\"1920\" \/>\n\t<meta property=\"og:image:height\" content=\"900\" \/>\n\t<meta property=\"og:image:type\" content=\"image\/jpeg\" \/>\n<meta name=\"twitter:card\" content=\"summary_large_image\" \/>\n<meta name=\"twitter:site\" content=\"@naturegalapagos\" \/>\n<meta name=\"twitter:label1\" content=\"Tiempo de lectura\" \/>\n\t<meta name=\"twitter:data1\" content=\"3 minutos\" \/>\n<!-- \/ Yoast SEO Premium plugin. -->","yoast_head_json":{"title":"Tour diario a Isla Bartolom\u00e9 + Bah\u00eda Sullivan - Isla Santa Cruz","description":"Tour diario a Isla Bartolom\u00e9 + Bah\u00eda Sullivan, el lugar emblem\u00e1tico de las islas Gal\u00e1pagos, no se quede sin su foto en este hermoso lugar de Galapagos.","robots":{"index":"index","follow":"follow","max-snippet":"max-snippet:-1","max-image-preview":"max-image-preview:large","max-video-preview":"max-video-preview:-1"},"canonical":"https:\/\/naturegalapagos.com\/es\/producto\/tours-en-galapagos-isla-bartolome\/","og_locale":"es_ES","og_type":"article","og_title":"Tour diario a Isla Bartolom\u00e9","og_description":"Tour diario a Isla Bartolom\u00e9 + Bah\u00eda Sullivan, el lugar emblem\u00e1tico de las islas Gal\u00e1pagos, no se quede sin su foto en este hermoso lugar de Galapagos.","og_url":"https:\/\/naturegalapagos.com\/es\/producto\/tours-en-galapagos-isla-bartolome\/","og_site_name":"Espa\u00f1ol - Nature Galapagos &amp; Ecuador","article_publisher":"https:\/\/www.facebook.com\/naturegalapagosecuador\/","article_modified_time":"2025-06-06T14:46:08+00:00","og_image":[{"width":1920,"height":900,"url":"https:\/\/naturegalapagos.com\/es\/wp-content\/uploads\/sites\/3\/2014\/12\/Tours-en-Galapagos-Isla-Bartolome-Tour.jpg","type":"image\/jpeg"}],"twitter_card":"summary_large_image","twitter_site":"@naturegalapagos","twitter_misc":{"Tiempo de lectura":"3 minutos"},"schema":{"@context":"https:\/\/schema.org","@graph":[{"@type":"WebPage","@id":"https:\/\/naturegalapagos.com\/es\/producto\/tours-en-galapagos-isla-bartolome\/","url":"https:\/\/naturegalapagos.com\/es\/producto\/tours-en-galapagos-isla-bartolome\/","name":"Tour diario a Isla Bartolom\u00e9 + Bah\u00eda Sullivan - Isla Santa Cruz","isPartOf":{"@id":"https:\/\/naturegalapagos.com\/es\/#website"},"primaryImageOfPage":{"@id":"https:\/\/naturegalapagos.com\/es\/producto\/tours-en-galapagos-isla-bartolome\/#primaryimage"},"image":{"@id":"https:\/\/naturegalapagos.com\/es\/producto\/tours-en-galapagos-isla-bartolome\/#primaryimage"},"thumbnailUrl":"https:\/\/naturegalapagos.com\/es\/wp-content\/uploads\/sites\/3\/2014\/12\/Tours-en-Galapagos-Isla-Bartolome-Tour.jpg","datePublished":"2024-08-26T19:44:10+00:00","dateModified":"2025-06-06T14:46:08+00:00","description":"Tour diario a Isla Bartolom\u00e9 + Bah\u00eda Sullivan, el lugar emblem\u00e1tico de las islas Gal\u00e1pagos, no se quede sin su foto en este hermoso lugar de Galapagos.","breadcrumb":{"@id":"https:\/\/naturegalapagos.com\/es\/producto\/tours-en-galapagos-isla-bartolome\/#breadcrumb"},"inLanguage":"es","potentialAction":[{"@type":"ReadAction","target":["https:\/\/naturegalapagos.com\/es\/producto\/tours-en-galapagos-isla-bartolome\/"]}]},{"@type":"ImageObject","inLanguage":"es","@id":"https:\/\/naturegalapagos.com\/es\/producto\/tours-en-galapagos-isla-bartolome\/#primaryimage","url":"https:\/\/naturegalapagos.com\/es\/wp-content\/uploads\/sites\/3\/2014\/12\/Tours-en-Galapagos-Isla-Bartolome-Tour.jpg","contentUrl":"https:\/\/naturegalapagos.com\/es\/wp-content\/uploads\/sites\/3\/2014\/12\/Tours-en-Galapagos-Isla-Bartolome-Tour.jpg","width":1920,"height":900,"caption":"Tour diario a Isla Bartolom\u00e9"},{"@type":"BreadcrumbList","@id":"https:\/\/naturegalapagos.com\/es\/producto\/tours-en-galapagos-isla-bartolome\/#breadcrumb","itemListElement":[{"@type":"ListItem","position":1,"name":"Home","item":"https:\/\/naturegalapagos.com\/es\/"},{"@type":"ListItem","position":2,"name":"Tienda","item":"https:\/\/naturegalapagos.com\/es\/tienda\/"},{"@type":"ListItem","position":3,"name":"Tour diario a Isla Bartolom\u00e9"}]},{"@type":"WebSite","@id":"https:\/\/naturegalapagos.com\/es\/#website","url":"https:\/\/naturegalapagos.com\/es\/","name":"Espa\u00f1ol - Nature Galapagos & Ecuador","description":"","publisher":{"@id":"https:\/\/naturegalapagos.com\/es\/#organization"},"potentialAction":[{"@type":"SearchAction","target":{"@type":"EntryPoint","urlTemplate":"https:\/\/naturegalapagos.com\/es\/?s={search_term_string}"},"query-input":{"@type":"PropertyValueSpecification","valueRequired":true,"valueName":"search_term_string"}}],"inLanguage":"es"},{"@type":"Organization","@id":"https:\/\/naturegalapagos.com\/es\/#organization","name":"Espa\u00f1ol - Nature Galapagos & Ecuador","url":"https:\/\/naturegalapagos.com\/es\/","logo":{"@type":"ImageObject","inLanguage":"es","@id":"https:\/\/naturegalapagos.com\/es\/#\/schema\/logo\/image\/","url":"https:\/\/naturegalapagos.com\/es\/wp-content\/uploads\/sites\/3\/2016\/10\/Nature-Galapagos-Logo-COM-300x300.jpg","contentUrl":"https:\/\/naturegalapagos.com\/es\/wp-content\/uploads\/sites\/3\/2016\/10\/Nature-Galapagos-Logo-COM-300x300.jpg","width":300,"height":300,"caption":"Espa\u00f1ol - Nature Galapagos & Ecuador"},"image":{"@id":"https:\/\/naturegalapagos.com\/es\/#\/schema\/logo\/image\/"},"sameAs":["https:\/\/www.facebook.com\/naturegalapagosecuador\/","https:\/\/x.com\/naturegalapagos","https:\/\/www.instagram.com\/naturegalapagos\/","https:\/\/www.pinterest.com\/Naturegalapagos\/","https:\/\/www.youtube.com\/user\/NatureGalapagosTours"]}]}},"_links":{"self":[{"href":"https:\/\/naturegalapagos.com\/es\/wp-json\/wp\/v2\/product\/2160","targetHints":{"allow":["GET"]}}],"collection":[{"href":"https:\/\/naturegalapagos.com\/es\/wp-json\/wp\/v2\/product"}],"about":[{"href":"https:\/\/naturegalapagos.com\/es\/wp-json\/wp\/v2\/types\/product"}],"replies":[{"embeddable":true,"href":"https:\/\/naturegalapagos.com\/es\/wp-json\/wp\/v2\/comments?post=2160"}],"wp:featuredmedia":[{"embeddable":true,"href":"https:\/\/naturegalapagos.com\/es\/wp-json\/wp\/v2\/media\/2176"}],"wp:attachment":[{"href":"https:\/\/naturegalapagos.com\/es\/wp-json\/wp\/v2\/media?parent=2160"}],"wp:term":[{"taxonomy":"product_brand","embeddable":true,"href":"https:\/\/naturegalapagos.com\/es\/wp-json\/wp\/v2\/product_brand?post=2160"},{"taxonomy":"product_cat","embeddable":true,"href":"https:\/\/naturegalapagos.com\/es\/wp-json\/wp\/v2\/product_cat?post=2160"},{"taxonomy":"product_tag","embeddable":true,"href":"https:\/\/naturegalapagos.com\/es\/wp-json\/wp\/v2\/product_tag?post=2160"}],"curies":[{"name":"wp","href":"https:\/\/api.w.org\/{rel}","templated":true}]}}