{"id":2167,"date":"2024-12-05T16:25:46","date_gmt":"2024-12-05T21:25:46","guid":{"rendered":"http:\/\/naturegalapagos.com\/es\/tren-ecuador\/tren-nariz-del-diablo-ecuador"},"modified":"2025-07-12T22:34:51","modified_gmt":"2025-07-13T02:34:51","slug":"tren-nariz-del-diablo","status":"publish","type":"product","link":"https:\/\/naturegalapagos.com\/es\/tren-ecuador\/tren-nariz-del-diablo-ecuador\/","title":{"rendered":"Tren Nariz del Diablo Ecuador"},"content":{"rendered":"<h2><span style=\"font-size: 24px; font-family: arial, helvetica, sans-serif;\"><strong>Tren Nariz del Diablo<\/strong><\/span><\/h2>\n<p><span style=\"font-family: arial, helvetica, sans-serif; font-size: 16px;\">Con el <strong>tren nariz del diablo<\/strong>, un recorrido donde el usted podr\u00e1 deleitarse con los t\u00edpicos paisajes andinos, la cultura, el folklore y las artesan\u00edas t\u00edpicas del lugar. Por lo que disfrutaremos de una majestuosa obra de ingenier\u00eda, \u00fanica en el mundo, por su forma peculiar de zig-zag.<\/span><\/p>\n<p><span style=\"font-family: arial, helvetica, sans-serif;\">[vc_message color=&#8221;danger&#8221; message_box_color=&#8221;danger&#8221; icon_fontawesome=&#8221;fas fa-exclamation-triangle&#8221;]Pedimos disculpas las <strong>rutas del tren<\/strong> no est\u00e1n funcionando hasta nuevo aviso.[\/vc_message]<\/span><\/p>\n<p><span style=\"font-family: arial, helvetica, sans-serif; font-size: 16px;\">Catalogada como la ruta del tren mas dif\u00edcil de construir del mundo, la ruta de la Nariz del Diablo cobro la vida de varios obreros durante su construcci\u00f3n. Esta ruta es el paso de la Sierra a la Costa por lo que los obreros de la ruta que constru\u00edan desde la costa hacia la sierra eran picados por los mosquitos transmisores de la Malaria lo que desencadenaba en la muerte. Finalmente, e<\/span><span style=\"font-family: arial, helvetica, sans-serif; font-size: 16px;\">stas y otras historias usted las podr\u00e1 escuchar de los gu\u00edas especializados del tren Ecuador durante el recorrido.<\/span><\/p>\n<h2><span style=\"font-family: arial, helvetica, sans-serif;\"><strong>Datos importantes<\/strong><\/span><\/h2>\n<table class=\"table table-bordered tours-tabs__table\" style=\"height: 233px; width: 856px;\">\n<tbody>\n<tr style=\"height: 24px;\">\n<td style=\"height: 24px; width: 212px;\"><span style=\"font-family: arial, helvetica, sans-serif;\"><strong>DIAS DE OPERACION<\/strong><\/span><\/td>\n<td style=\"height: 24px; width: 634px;\"><span style=\"font-family: arial, helvetica, sans-serif;\">Martes &#8211; Mi\u00e9rcoles &#8211; Jueves &#8211; Viernes &#8211; S\u00e1bado &#8211; Domingo &#8211; Feriados<\/span><\/td>\n<\/tr>\n<tr style=\"height: 24px;\">\n<td style=\"height: 24px; width: 212px;\"><span style=\"font-family: arial, helvetica, sans-serif;\"><strong>RUTA<\/strong><\/span><\/td>\n<td style=\"height: 24px; width: 634px;\"><span style=\"font-family: arial, helvetica, sans-serif;\">Alaus\u00ed &#8211; Sibambe &#8211; Alaus\u00ed<\/span><\/td>\n<\/tr>\n<tr style=\"height: 24px;\">\n<td style=\"height: 24px; width: 212px;\"><span style=\"font-family: arial, helvetica, sans-serif;\"><strong>LUGAR DE PARTIDA<\/strong><\/span><\/td>\n<td style=\"height: 24px; width: 634px;\"><span style=\"font-family: arial, helvetica, sans-serif;\">Estaci\u00f3n del Tren Alaus\u00ed<\/span><\/td>\n<\/tr>\n<tr style=\"height: 24.8125px;\">\n<td style=\"height: 24.8125px; width: 212px;\"><span style=\"font-family: arial, helvetica, sans-serif;\"><strong>LUGAR DE REGRESO<\/strong><\/span><\/td>\n<td style=\"height: 24.8125px; width: 634px;\"><span style=\"font-family: arial, helvetica, sans-serif;\">Estaci\u00f3n del Tren Alaus\u00ed<\/span><\/td>\n<\/tr>\n<tr style=\"height: 24px;\">\n<td style=\"height: 24px; width: 212px;\"><span style=\"font-family: arial, helvetica, sans-serif;\"><strong>HORA DE SALIDA<\/strong><\/span><\/td>\n<td style=\"height: 24px; width: 634px;\"><span style=\"font-family: arial, helvetica, sans-serif;\">08:00 \u00a0y 11:00 Pasajeros deben llegar 30 mins\u00a0antes del tiempo de salida.<\/span><\/td>\n<\/tr>\n<tr style=\"height: 24px;\">\n<td style=\"height: 24px; width: 212px;\"><span style=\"font-family: arial, helvetica, sans-serif;\"><strong>DURACION<\/strong><\/span><\/td>\n<td style=\"height: 24px; width: 634px;\"><span style=\"font-family: arial, helvetica, sans-serif;\">2:30 hours<\/span><\/td>\n<\/tr>\n<tr style=\"height: 24px;\">\n<td style=\"height: 24px; width: 212px;\"><span style=\"font-family: arial, helvetica, sans-serif;\"><strong>QU\u00c9 USAR?<\/strong><\/span><\/td>\n<td style=\"height: 24px; width: 634px;\"><span style=\"font-family: arial, helvetica, sans-serif;\">Ropa c\u00f3moda, zapatos para caminar, sombrero, chaqueta y protector solar.<\/span><\/td>\n<\/tr>\n<tr style=\"height: 23px;\">\n<td style=\"height: 23px; width: 212px;\"><span style=\"font-family: arial, helvetica, sans-serif;\"><strong>INCLUYE<\/strong><\/span><\/td>\n<td style=\"height: 23px; width: 634px;\"><span style=\"font-family: arial, helvetica, sans-serif;\"><i class=\"fa fa-check icon-tick icon-tick--on\"><\/i>\u00a0Transporte compartido en el Tren.<\/span><br \/>\n<span style=\"font-family: arial, helvetica, sans-serif;\"><i class=\"fa fa-check icon-tick icon-tick--on\"><\/i>\u00a0Guianza a bordo con gu\u00edas biling\u00fces<\/span><br \/>\n<span style=\"font-family: arial, helvetica, sans-serif;\"><i class=\"fa fa-check icon-tick icon-tick--on\"><\/i>\u00a0Visita a los lugares seg\u00fan itinerario<\/span><\/td>\n<\/tr>\n<tr style=\"height: 38px;\">\n<td style=\"height: 38px; width: 212px;\"><span style=\"font-family: arial, helvetica, sans-serif;\"><b>NO INCLUYE<\/b><\/span><\/td>\n<td style=\"height: 38px; width: 634px;\"><span style=\"font-family: arial, helvetica, sans-serif;\"><i class=\"fa fa-times icon-tick icon-tick--off\"><\/i>\u00a0Consumos adicionales en el Caf\u00e9 del Tren y\/o restaurante<\/span><br \/>\n<span style=\"font-family: arial, helvetica, sans-serif;\"><i class=\"fa fa-times icon-tick icon-tick--off\"><\/i> Gastos personales<\/span><br \/>\n<span style=\"font-family: arial, helvetica, sans-serif;\"><i class=\"fa fa-times icon-tick icon-tick--off\"><\/i>\u00a0Actividades adicionales<\/span><br \/>\n<span style=\"font-family: arial, helvetica, sans-serif;\"><i class=\"fa fa-times icon-tick icon-tick--off\"><\/i>\u00a0Almuerzo<\/span><br \/>\n<span style=\"font-family: arial, helvetica, sans-serif;\"><i class=\"fa fa-times icon-tick icon-tick--off\"><\/i>\u00a0Propinas<\/span><\/td>\n<\/tr>\n<\/tbody>\n<\/table>\n<p><span style=\"font-family: arial, helvetica, sans-serif;\">[vc_message color=&#8221;danger&#8221; message_box_color=&#8221;danger&#8221; icon_fontawesome=&#8221;fas fa-exclamation-triangle&#8221;]Pedimos disculpas las <strong>rutas del tren<\/strong> no est\u00e1n funcionando hasta nuevo aviso.[\/vc_message]<\/span><\/p>\n<h3><span style=\"font-family: arial, helvetica, sans-serif;\">INFORMACI\u00d3N SOBRE LA ALTITUD<\/span><\/h3>\n<p><span style=\"font-family: arial, helvetica, sans-serif;\">Var\u00eda entre los 2.340 y 1.400 metros sobre el nivel del mar. La temperatura oscila entre los 15\u00ba y 25\u00baC.<\/span><\/p>\n<p><span style=\"font-family: arial, helvetica, sans-serif;\">IMPORTANTE: La estaci\u00f3n de Alaus\u00ed no dispone de aparcamiento privado. Hay disponible un aparcamiento p\u00fablico frente a la estaci\u00f3n.<\/span><\/p>\n<div class=\"panel-group accordion\" id=\"ataccordion1\"><br \/>\n\n<div class=\"panel panel-default accordion__item\">\n\t<div class=\"panel-heading accordion__item__title-wrap\">\n\t\t<h4 class=\"panel-title\">\n\t\t\t<a data-toggle=\"collapse\" data-parent=\"#ataccordion1\" href=\"#ataccordion1_1\" class=\"accordion__item__link collapsed\">Solicitar m\u00e1s informaci\u00f3n<\/a>\n\t\t<\/h4>\n\t<\/div>\n\t<div id=\"ataccordion1_1\" class=\"panel-collapse collapse\">\n\t\t<div class=\"panel-body accordion__item__content\"><span style=\"font-family: georgia, palatino, serif;\">                <div class=\"ml-embedded\" data-form=\"iYY0Gp\"><\/div>\n            <\/span><\/div>\n\t<\/div>\n<\/div><br \/>\n<\/div>\n","protected":false},"excerpt":{"rendered":"<p>Un recorrido donde el usted podr\u00e1 deleitarse con los t\u00edpicos paisajes andinos, la cultura, el folklore y las artesan\u00edas t\u00edpicas del lugar.<\/p>\n<p>Disfrutaremos de una majestuosa obra de ingenier\u00eda, \u00fanica en el mundo, por su forma peculiar de zig-zag.<\/p>\n","protected":false},"featured_media":2308,"comment_status":"open","ping_status":"closed","template":"","meta":{"_joinchat":[]},"product_brand":[],"product_cat":[3599],"product_tag":[6077,6076],"class_list":{"0":"post-2167","1":"product","2":"type-product","3":"status-publish","4":"has-post-thumbnail","6":"product_cat-sin-categoria","7":"product_tag-ecuador","8":"product_tag-tren","9":"tour_category-tren-ecuador","11":"first","12":"instock","13":"taxable","14":"shipping-taxable","15":"product-type-tour"},"yoast_head":"<!-- This site is optimized with the Yoast SEO Premium plugin v25.6 (Yoast SEO v26.1.1) - https:\/\/yoast.com\/wordpress\/plugins\/seo\/ -->\n<title>Tren Nariz del Diablo Ecuador | Salida desde Alaus\u00ed a Sibambe.<\/title>\n<meta name=\"description\" content=\"Tren Nariz del Diablo Ecuador, dise\u00f1ado para disfrutar de una majestuosa obra de ingenier\u00eda, \u00fanica en el mundo, por su forma peculiar zig-zag.\" \/>\n<meta name=\"robots\" content=\"index, follow, max-snippet:-1, max-image-preview:large, max-video-preview:-1\" \/>\n<link rel=\"canonical\" href=\"https:\/\/naturegalapagos.com\/es\/tren-ecuador\/tren-nariz-del-diablo-ecuador\/\" \/>\n<meta property=\"og:locale\" content=\"es_ES\" \/>\n<meta property=\"og:type\" content=\"article\" \/>\n<meta property=\"og:title\" content=\"Tren Nariz del Diablo Ecuador - Tour de 1 d\u00eda\" \/>\n<meta property=\"og:description\" content=\"Tren Nariz del Diablo Ecuador - Dise\u00f1ado para disfrutar de una majestuosa obra de ingenier\u00eda, \u00fanica en el mundo, por su forma peculiar de zig-zag. &quot;NG&amp;E&quot;\" \/>\n<meta property=\"og:url\" content=\"https:\/\/naturegalapagos.com\/es\/tren-ecuador\/tren-nariz-del-diablo-ecuador\/\" \/>\n<meta property=\"og:site_name\" content=\"Espa\u00f1ol - Nature Galapagos &amp; Ecuador\" \/>\n<meta property=\"article:publisher\" content=\"https:\/\/www.facebook.com\/naturegalapagosecuador\/\" \/>\n<meta property=\"article:modified_time\" content=\"2025-07-13T02:34:51+00:00\" \/>\n<meta property=\"og:image\" content=\"https:\/\/naturegalapagos.com\/es\/wp-content\/uploads\/sites\/3\/2015\/06\/tren-nariz-del-diablo-ecuador.jpg\" \/>\n\t<meta property=\"og:image:width\" content=\"1024\" \/>\n\t<meta property=\"og:image:height\" content=\"512\" \/>\n\t<meta property=\"og:image:type\" content=\"image\/jpeg\" \/>\n<meta name=\"twitter:card\" content=\"summary_large_image\" \/>\n<meta name=\"twitter:title\" content=\"Tren Nariz del Diablo Ecuador - Tour de 1 d\u00eda\" \/>\n<meta name=\"twitter:description\" content=\"Tren Nariz del Diablo Ecuador - Dise\u00f1ado para disfrutar de una majestuosa obra de ingenier\u00eda, \u00fanica en el mundo, por su forma peculiar de zig-zag. &quot;NG&amp;E&quot;\" \/>\n<meta name=\"twitter:site\" content=\"@naturegalapagos\" \/>\n<meta name=\"twitter:label1\" content=\"Tiempo de lectura\" \/>\n\t<meta name=\"twitter:data1\" content=\"2 minutos\" \/>\n<!-- \/ Yoast SEO Premium plugin. -->","yoast_head_json":{"title":"Tren Nariz del Diablo Ecuador | Salida desde Alaus\u00ed a Sibambe.","description":"Tren Nariz del Diablo Ecuador, dise\u00f1ado para disfrutar de una majestuosa obra de ingenier\u00eda, \u00fanica en el mundo, por su forma peculiar zig-zag.","robots":{"index":"index","follow":"follow","max-snippet":"max-snippet:-1","max-image-preview":"max-image-preview:large","max-video-preview":"max-video-preview:-1"},"canonical":"https:\/\/naturegalapagos.com\/es\/tren-ecuador\/tren-nariz-del-diablo-ecuador\/","og_locale":"es_ES","og_type":"article","og_title":"Tren Nariz del Diablo Ecuador - Tour de 1 d\u00eda","og_description":"Tren Nariz del Diablo Ecuador - Dise\u00f1ado para disfrutar de una majestuosa obra de ingenier\u00eda, \u00fanica en el mundo, por su forma peculiar de zig-zag. \"NG&E\"","og_url":"https:\/\/naturegalapagos.com\/es\/tren-ecuador\/tren-nariz-del-diablo-ecuador\/","og_site_name":"Espa\u00f1ol - Nature Galapagos &amp; Ecuador","article_publisher":"https:\/\/www.facebook.com\/naturegalapagosecuador\/","article_modified_time":"2025-07-13T02:34:51+00:00","og_image":[{"width":1024,"height":512,"url":"https:\/\/naturegalapagos.com\/es\/wp-content\/uploads\/sites\/3\/2015\/06\/tren-nariz-del-diablo-ecuador.jpg","type":"image\/jpeg"}],"twitter_card":"summary_large_image","twitter_title":"Tren Nariz del Diablo Ecuador - Tour de 1 d\u00eda","twitter_description":"Tren Nariz del Diablo Ecuador - Dise\u00f1ado para disfrutar de una majestuosa obra de ingenier\u00eda, \u00fanica en el mundo, por su forma peculiar de zig-zag. \"NG&E\"","twitter_site":"@naturegalapagos","twitter_misc":{"Tiempo de lectura":"2 minutos"},"schema":{"@context":"https:\/\/schema.org","@graph":[{"@type":"WebPage","@id":"https:\/\/naturegalapagos.com\/es\/tren-ecuador\/tren-nariz-del-diablo-ecuador\/","url":"https:\/\/naturegalapagos.com\/es\/tren-ecuador\/tren-nariz-del-diablo-ecuador\/","name":"Tren Nariz del Diablo Ecuador | Salida desde Alaus\u00ed a Sibambe.","isPartOf":{"@id":"https:\/\/naturegalapagos.com\/es\/#website"},"primaryImageOfPage":{"@id":"https:\/\/naturegalapagos.com\/es\/tren-ecuador\/tren-nariz-del-diablo-ecuador\/#primaryimage"},"image":{"@id":"https:\/\/naturegalapagos.com\/es\/tren-ecuador\/tren-nariz-del-diablo-ecuador\/#primaryimage"},"thumbnailUrl":"https:\/\/naturegalapagos.com\/es\/wp-content\/uploads\/sites\/3\/2015\/06\/tren-nariz-del-diablo-ecuador.jpg","datePublished":"2024-12-05T21:25:46+00:00","dateModified":"2025-07-13T02:34:51+00:00","description":"Tren Nariz del Diablo Ecuador, dise\u00f1ado para disfrutar de una majestuosa obra de ingenier\u00eda, \u00fanica en el mundo, por su forma peculiar zig-zag.","breadcrumb":{"@id":"https:\/\/naturegalapagos.com\/es\/tren-ecuador\/tren-nariz-del-diablo-ecuador\/#breadcrumb"},"inLanguage":"es","potentialAction":[{"@type":"ReadAction","target":["https:\/\/naturegalapagos.com\/es\/tren-ecuador\/tren-nariz-del-diablo-ecuador\/"]}]},{"@type":"ImageObject","inLanguage":"es","@id":"https:\/\/naturegalapagos.com\/es\/tren-ecuador\/tren-nariz-del-diablo-ecuador\/#primaryimage","url":"https:\/\/naturegalapagos.com\/es\/wp-content\/uploads\/sites\/3\/2015\/06\/tren-nariz-del-diablo-ecuador.jpg","contentUrl":"https:\/\/naturegalapagos.com\/es\/wp-content\/uploads\/sites\/3\/2015\/06\/tren-nariz-del-diablo-ecuador.jpg","width":1024,"height":512,"caption":"Tren Nariz del Diablo Ecuador"},{"@type":"BreadcrumbList","@id":"https:\/\/naturegalapagos.com\/es\/tren-ecuador\/tren-nariz-del-diablo-ecuador\/#breadcrumb","itemListElement":[{"@type":"ListItem","position":1,"name":"Home","item":"https:\/\/naturegalapagos.com\/es\/"},{"@type":"ListItem","position":2,"name":"Tienda","item":"https:\/\/naturegalapagos.com\/es\/tienda\/"},{"@type":"ListItem","position":3,"name":"Tren Nariz del Diablo Ecuador"}]},{"@type":"WebSite","@id":"https:\/\/naturegalapagos.com\/es\/#website","url":"https:\/\/naturegalapagos.com\/es\/","name":"Espa\u00f1ol - Nature Galapagos & Ecuador","description":"","publisher":{"@id":"https:\/\/naturegalapagos.com\/es\/#organization"},"potentialAction":[{"@type":"SearchAction","target":{"@type":"EntryPoint","urlTemplate":"https:\/\/naturegalapagos.com\/es\/?s={search_term_string}"},"query-input":{"@type":"PropertyValueSpecification","valueRequired":true,"valueName":"search_term_string"}}],"inLanguage":"es"},{"@type":"Organization","@id":"https:\/\/naturegalapagos.com\/es\/#organization","name":"Espa\u00f1ol - Nature Galapagos & Ecuador","url":"https:\/\/naturegalapagos.com\/es\/","logo":{"@type":"ImageObject","inLanguage":"es","@id":"https:\/\/naturegalapagos.com\/es\/#\/schema\/logo\/image\/","url":"https:\/\/naturegalapagos.com\/es\/wp-content\/uploads\/sites\/3\/2016\/10\/Nature-Galapagos-Logo-COM-300x300.jpg","contentUrl":"https:\/\/naturegalapagos.com\/es\/wp-content\/uploads\/sites\/3\/2016\/10\/Nature-Galapagos-Logo-COM-300x300.jpg","width":300,"height":300,"caption":"Espa\u00f1ol - Nature Galapagos & Ecuador"},"image":{"@id":"https:\/\/naturegalapagos.com\/es\/#\/schema\/logo\/image\/"},"sameAs":["https:\/\/www.facebook.com\/naturegalapagosecuador\/","https:\/\/x.com\/naturegalapagos","https:\/\/www.instagram.com\/naturegalapagos\/","https:\/\/www.pinterest.com\/Naturegalapagos\/","https:\/\/www.youtube.com\/user\/NatureGalapagosTours"]}]}},"_links":{"self":[{"href":"https:\/\/naturegalapagos.com\/es\/wp-json\/wp\/v2\/product\/2167","targetHints":{"allow":["GET"]}}],"collection":[{"href":"https:\/\/naturegalapagos.com\/es\/wp-json\/wp\/v2\/product"}],"about":[{"href":"https:\/\/naturegalapagos.com\/es\/wp-json\/wp\/v2\/types\/product"}],"replies":[{"embeddable":true,"href":"https:\/\/naturegalapagos.com\/es\/wp-json\/wp\/v2\/comments?post=2167"}],"wp:featuredmedia":[{"embeddable":true,"href":"https:\/\/naturegalapagos.com\/es\/wp-json\/wp\/v2\/media\/2308"}],"wp:attachment":[{"href":"https:\/\/naturegalapagos.com\/es\/wp-json\/wp\/v2\/media?parent=2167"}],"wp:term":[{"taxonomy":"product_brand","embeddable":true,"href":"https:\/\/naturegalapagos.com\/es\/wp-json\/wp\/v2\/product_brand?post=2167"},{"taxonomy":"product_cat","embeddable":true,"href":"https:\/\/naturegalapagos.com\/es\/wp-json\/wp\/v2\/product_cat?post=2167"},{"taxonomy":"product_tag","embeddable":true,"href":"https:\/\/naturegalapagos.com\/es\/wp-json\/wp\/v2\/product_tag?post=2167"}],"curies":[{"name":"wp","href":"https:\/\/api.w.org\/{rel}","templated":true}]}}