{"id":2262,"date":"2015-05-22T13:38:59","date_gmt":"2015-05-22T17:38:59","guid":{"rendered":"http:\/\/naturegalapagos.com\/es\/tren-crucero-ecuador\/alausi-guayaquil-2-dias"},"modified":"2024-02-19T10:14:15","modified_gmt":"2024-02-19T15:14:15","slug":"tren-crucero-ecuadoralausi-guayaquil-2-dias","status":"publish","type":"product","link":"https:\/\/naturegalapagos.com\/es\/tren-crucero-ecuador\/alausi-guayaquil-2-dias\/","title":{"rendered":"Tren Dur\u00e1n &#8211; Alaus\u00ed | Tour 2 d\u00edas"},"content":{"rendered":"<div class=\"wpb-content-wrapper\"><p>[vc_row][vc_column][vc_column_text]<\/p>\n<p style=\"text-align: center;\"><span style=\"font-size: 24pt; color: #ff0370;\"><strong>ESTA RUTA YA NO EST\u00c1 DISPONIBLE<\/strong><\/span><\/p>\n<p>&nbsp;<\/p>\n<p style=\"text-align: center;\"><span style=\"font-family: 'arial black', sans-serif; color: #233080; font-size: 16px;\"><strong>Para m\u00e1s informaci\u00f3n sobre otras rutas puedes llamar o escribir :\u00a0<a href=\"tel:+593969361777\">+593 96 936 1777<\/a><br \/>\nen horarios de Lunes a Viernes (9AM a 5:30PM)<\/strong><\/span><\/p>\n<p><span style=\"font-family: arial, helvetica, sans-serif;\"><!--more--><\/span>[\/vc_column_text][\/vc_column][\/vc_row][vc_row][vc_column][vc_column_text][\/vc_column_text][\/vc_column][\/vc_row][vc_row][vc_column el_class=&#8221;accocruise&#8221;][vc_column_text]\n<div class=\"panel panel-default accordion__item\">\n\t<div class=\"panel-heading accordion__item__title-wrap\">\n\t\t<h4 class=\"panel-title\">\n\t\t\t<a data-toggle=\"collapse\" data-parent=\"#ataccordion0\" href=\"#ataccordion0_1\" class=\"accordion__item__link collapsed\">Solicite m\u00e1s informaci\u00f3n<\/a>\n\t\t<\/h4>\n\t<\/div>\n\t<div id=\"ataccordion0_1\" class=\"panel-collapse collapse\">\n\t\t<div class=\"panel-body accordion__item__content\">\n                <div class=\"ml-embedded\" data-form=\"mEJfv6\"><\/div>\n            \n<\/div>\n\t<\/div>\n<\/div>[\/vc_column_text][\/vc_column][\/vc_row][vc_row][vc_column][vc_column_text]<\/p>\n<p style=\"text-align: center;\"><span style=\"font-family: 'arial black', sans-serif; color: #233080;\"><strong>Para m\u00e1s informaci\u00f3n sobre otras rutas puedes llamar o escribir :\u00a0<a href=\"tel:+593969361777\">+593 96 936 1777<\/a><\/strong><\/span><\/p>\n<p>[\/vc_column_text][\/vc_column][\/vc_row]<\/p>\n<\/div>","protected":false},"excerpt":{"rendered":"<p><strong>Para m\u00e1s informaci\u00f3n sobre otras rutas puedes llamar o escribir :\u00a0<a href=\"tel:+593969361777\">+593 96 936 1777<\/a><br \/>\nen horarios de Lunes a Viernes (9AM a 5:30PM)<\/strong><\/p>\n","protected":false},"featured_media":3201,"comment_status":"open","ping_status":"closed","template":"","meta":{"_joinchat":[]},"product_brand":[],"product_cat":[3599],"product_tag":[],"class_list":{"0":"post-2262","1":"product","2":"type-product","3":"status-publish","4":"has-post-thumbnail","6":"product_cat-sin-categoria","7":"tour_category-tren-ecuador","9":"first","10":"instock","11":"taxable","12":"shipping-taxable","13":"product-type-tour"},"yoast_head":"<!-- This site is optimized with the Yoast SEO Premium plugin v25.6 (Yoast SEO v26.1.1) - https:\/\/yoast.com\/wordpress\/plugins\/seo\/ -->\n<title>Tren Dur\u00e1n Alaus\u00ed, 2 d\u00edas y 1 noche | Nature Galapagos &amp; Ecuador<\/title>\n<meta name=\"description\" content=\"Tren Dur\u00e1n Alaus\u00ed, 2 d\u00edas y 1 noche, combinando la experiencia de viajar en tren, dormir en un hotel en la serran\u00eda ecuatoriana y paisajes \u00fanicos.\" \/>\n<meta name=\"robots\" content=\"index, follow, max-snippet:-1, max-image-preview:large, max-video-preview:-1\" \/>\n<link rel=\"canonical\" href=\"https:\/\/naturegalapagos.com\/es\/tren-crucero-ecuador\/alausi-guayaquil-2-dias\/\" \/>\n<meta property=\"og:locale\" content=\"es_ES\" \/>\n<meta property=\"og:type\" content=\"article\" \/>\n<meta property=\"og:title\" content=\"Tren Crucero Alaus\u00ed Dur\u00e1n, 2 d\u00edas y 1 noches, tren + hotel\" \/>\n<meta property=\"og:description\" content=\"Tren Crucero Alaus\u00ed Dur\u00e1n, 2 d\u00edas y 1 noches, combinando, la experiencia de viajar en tren con dormir en hacienda de la serran\u00eda ecuatoriana, paisajes.\" \/>\n<meta property=\"og:url\" content=\"https:\/\/naturegalapagos.com\/es\/tren-crucero-ecuador\/alausi-guayaquil-2-dias\/\" \/>\n<meta property=\"og:site_name\" content=\"Espa\u00f1ol - Nature Galapagos &amp; Ecuador\" \/>\n<meta property=\"article:publisher\" content=\"https:\/\/www.facebook.com\/naturegalapagosecuador\/\" \/>\n<meta property=\"article:modified_time\" content=\"2024-02-19T15:14:15+00:00\" \/>\n<meta property=\"og:image\" content=\"https:\/\/naturegalapagos.com\/es\/wp-content\/uploads\/sites\/3\/2015\/05\/tren-crucero-alausi-guayaquil.jpg\" \/>\n\t<meta property=\"og:image:width\" content=\"1024\" \/>\n\t<meta property=\"og:image:height\" content=\"512\" \/>\n\t<meta property=\"og:image:type\" content=\"image\/jpeg\" \/>\n<meta name=\"twitter:card\" content=\"summary_large_image\" \/>\n<meta name=\"twitter:title\" content=\"Tren Crucero Alaus\u00ed Dur\u00e1n, 2 d\u00edas y 1 noches, tren + hotel\" \/>\n<meta name=\"twitter:description\" content=\"Tren Crucero Alaus\u00ed Dur\u00e1n, 2 d\u00edas y 1 noches, combinando, la experiencia de viajar en tren con dormir en hacienda de la serran\u00eda ecuatoriana, paisajes.\" \/>\n<meta name=\"twitter:site\" content=\"@naturegalapagos\" \/>\n<meta name=\"twitter:label1\" content=\"Tiempo de lectura\" \/>\n\t<meta name=\"twitter:data1\" content=\"1 minuto\" \/>\n<!-- \/ Yoast SEO Premium plugin. -->","yoast_head_json":{"title":"Tren Dur\u00e1n Alaus\u00ed, 2 d\u00edas y 1 noche | Nature Galapagos & Ecuador","description":"Tren Dur\u00e1n Alaus\u00ed, 2 d\u00edas y 1 noche, combinando la experiencia de viajar en tren, dormir en un hotel en la serran\u00eda ecuatoriana y paisajes \u00fanicos.","robots":{"index":"index","follow":"follow","max-snippet":"max-snippet:-1","max-image-preview":"max-image-preview:large","max-video-preview":"max-video-preview:-1"},"canonical":"https:\/\/naturegalapagos.com\/es\/tren-crucero-ecuador\/alausi-guayaquil-2-dias\/","og_locale":"es_ES","og_type":"article","og_title":"Tren Crucero Alaus\u00ed Dur\u00e1n, 2 d\u00edas y 1 noches, tren + hotel","og_description":"Tren Crucero Alaus\u00ed Dur\u00e1n, 2 d\u00edas y 1 noches, combinando, la experiencia de viajar en tren con dormir en hacienda de la serran\u00eda ecuatoriana, paisajes.","og_url":"https:\/\/naturegalapagos.com\/es\/tren-crucero-ecuador\/alausi-guayaquil-2-dias\/","og_site_name":"Espa\u00f1ol - Nature Galapagos &amp; Ecuador","article_publisher":"https:\/\/www.facebook.com\/naturegalapagosecuador\/","article_modified_time":"2024-02-19T15:14:15+00:00","og_image":[{"width":1024,"height":512,"url":"https:\/\/naturegalapagos.com\/es\/wp-content\/uploads\/sites\/3\/2015\/05\/tren-crucero-alausi-guayaquil.jpg","type":"image\/jpeg"}],"twitter_card":"summary_large_image","twitter_title":"Tren Crucero Alaus\u00ed Dur\u00e1n, 2 d\u00edas y 1 noches, tren + hotel","twitter_description":"Tren Crucero Alaus\u00ed Dur\u00e1n, 2 d\u00edas y 1 noches, combinando, la experiencia de viajar en tren con dormir en hacienda de la serran\u00eda ecuatoriana, paisajes.","twitter_site":"@naturegalapagos","twitter_misc":{"Tiempo de lectura":"1 minuto"},"schema":{"@context":"https:\/\/schema.org","@graph":[{"@type":"WebPage","@id":"https:\/\/naturegalapagos.com\/es\/tren-crucero-ecuador\/alausi-guayaquil-2-dias\/","url":"https:\/\/naturegalapagos.com\/es\/tren-crucero-ecuador\/alausi-guayaquil-2-dias\/","name":"Tren Dur\u00e1n Alaus\u00ed, 2 d\u00edas y 1 noche | Nature Galapagos & Ecuador","isPartOf":{"@id":"https:\/\/naturegalapagos.com\/es\/#website"},"primaryImageOfPage":{"@id":"https:\/\/naturegalapagos.com\/es\/tren-crucero-ecuador\/alausi-guayaquil-2-dias\/#primaryimage"},"image":{"@id":"https:\/\/naturegalapagos.com\/es\/tren-crucero-ecuador\/alausi-guayaquil-2-dias\/#primaryimage"},"thumbnailUrl":"https:\/\/naturegalapagos.com\/es\/wp-content\/uploads\/sites\/3\/2015\/05\/tren-crucero-Dur\u00e1n-Alaus\u00ed.jpg","datePublished":"2015-05-22T17:38:59+00:00","dateModified":"2024-02-19T15:14:15+00:00","description":"Tren Dur\u00e1n Alaus\u00ed, 2 d\u00edas y 1 noche, combinando la experiencia de viajar en tren, dormir en un hotel en la serran\u00eda ecuatoriana y paisajes \u00fanicos.","breadcrumb":{"@id":"https:\/\/naturegalapagos.com\/es\/tren-crucero-ecuador\/alausi-guayaquil-2-dias\/#breadcrumb"},"inLanguage":"es","potentialAction":[{"@type":"ReadAction","target":["https:\/\/naturegalapagos.com\/es\/tren-crucero-ecuador\/alausi-guayaquil-2-dias\/"]}]},{"@type":"ImageObject","inLanguage":"es","@id":"https:\/\/naturegalapagos.com\/es\/tren-crucero-ecuador\/alausi-guayaquil-2-dias\/#primaryimage","url":"https:\/\/naturegalapagos.com\/es\/wp-content\/uploads\/sites\/3\/2015\/05\/tren-crucero-Dur\u00e1n-Alaus\u00ed.jpg","contentUrl":"https:\/\/naturegalapagos.com\/es\/wp-content\/uploads\/sites\/3\/2015\/05\/tren-crucero-Dur\u00e1n-Alaus\u00ed.jpg","width":1024,"height":512,"caption":"Tren Dur\u00e1n Alaus\u00ed"},{"@type":"BreadcrumbList","@id":"https:\/\/naturegalapagos.com\/es\/tren-crucero-ecuador\/alausi-guayaquil-2-dias\/#breadcrumb","itemListElement":[{"@type":"ListItem","position":1,"name":"Home","item":"https:\/\/naturegalapagos.com\/es\/"},{"@type":"ListItem","position":2,"name":"Tienda","item":"https:\/\/naturegalapagos.com\/es\/tienda\/"},{"@type":"ListItem","position":3,"name":"Tren Dur\u00e1n &#8211; Alaus\u00ed | Tour 2 d\u00edas"}]},{"@type":"WebSite","@id":"https:\/\/naturegalapagos.com\/es\/#website","url":"https:\/\/naturegalapagos.com\/es\/","name":"Espa\u00f1ol - Nature Galapagos & Ecuador","description":"","publisher":{"@id":"https:\/\/naturegalapagos.com\/es\/#organization"},"potentialAction":[{"@type":"SearchAction","target":{"@type":"EntryPoint","urlTemplate":"https:\/\/naturegalapagos.com\/es\/?s={search_term_string}"},"query-input":{"@type":"PropertyValueSpecification","valueRequired":true,"valueName":"search_term_string"}}],"inLanguage":"es"},{"@type":"Organization","@id":"https:\/\/naturegalapagos.com\/es\/#organization","name":"Espa\u00f1ol - Nature Galapagos & Ecuador","url":"https:\/\/naturegalapagos.com\/es\/","logo":{"@type":"ImageObject","inLanguage":"es","@id":"https:\/\/naturegalapagos.com\/es\/#\/schema\/logo\/image\/","url":"https:\/\/naturegalapagos.com\/es\/wp-content\/uploads\/sites\/3\/2016\/10\/Nature-Galapagos-Logo-COM-300x300.jpg","contentUrl":"https:\/\/naturegalapagos.com\/es\/wp-content\/uploads\/sites\/3\/2016\/10\/Nature-Galapagos-Logo-COM-300x300.jpg","width":300,"height":300,"caption":"Espa\u00f1ol - Nature Galapagos & Ecuador"},"image":{"@id":"https:\/\/naturegalapagos.com\/es\/#\/schema\/logo\/image\/"},"sameAs":["https:\/\/www.facebook.com\/naturegalapagosecuador\/","https:\/\/x.com\/naturegalapagos","https:\/\/www.instagram.com\/naturegalapagos\/","https:\/\/www.pinterest.com\/Naturegalapagos\/","https:\/\/www.youtube.com\/user\/NatureGalapagosTours"]}]}},"_links":{"self":[{"href":"https:\/\/naturegalapagos.com\/es\/wp-json\/wp\/v2\/product\/2262","targetHints":{"allow":["GET"]}}],"collection":[{"href":"https:\/\/naturegalapagos.com\/es\/wp-json\/wp\/v2\/product"}],"about":[{"href":"https:\/\/naturegalapagos.com\/es\/wp-json\/wp\/v2\/types\/product"}],"replies":[{"embeddable":true,"href":"https:\/\/naturegalapagos.com\/es\/wp-json\/wp\/v2\/comments?post=2262"}],"wp:featuredmedia":[{"embeddable":true,"href":"https:\/\/naturegalapagos.com\/es\/wp-json\/wp\/v2\/media\/3201"}],"wp:attachment":[{"href":"https:\/\/naturegalapagos.com\/es\/wp-json\/wp\/v2\/media?parent=2262"}],"wp:term":[{"taxonomy":"product_brand","embeddable":true,"href":"https:\/\/naturegalapagos.com\/es\/wp-json\/wp\/v2\/product_brand?post=2262"},{"taxonomy":"product_cat","embeddable":true,"href":"https:\/\/naturegalapagos.com\/es\/wp-json\/wp\/v2\/product_cat?post=2262"},{"taxonomy":"product_tag","embeddable":true,"href":"https:\/\/naturegalapagos.com\/es\/wp-json\/wp\/v2\/product_tag?post=2262"}],"curies":[{"name":"wp","href":"https:\/\/api.w.org\/{rel}","templated":true}]}}