{"id":2303,"date":"2024-11-12T18:01:02","date_gmt":"2024-11-12T23:01:02","guid":{"rendered":"http:\/\/naturegalapagos.com\/es\/cuenca-ecuador\/cuenca-tours\/cuenca-city-tour"},"modified":"2024-12-17T12:27:40","modified_gmt":"2024-12-17T17:27:40","slug":"parque-nacional-el-cajas-senderismo","status":"publish","type":"product","link":"https:\/\/naturegalapagos.com\/es\/cuenca-ecuador\/cuenca-tours\/cuenca-aventura\/","title":{"rendered":"Parque Nacional El Cajas Senderismo"},"content":{"rendered":"<div class=\"wpb-content-wrapper\"><h2><span style=\"font-family: arial, helvetica, sans-serif;\"><strong>Parque Nacional El Cajas Senderismo | Tour D\u00eda Completo<\/strong><\/span><\/h2>\n<p><span style=\"font-family: arial, helvetica, sans-serif;\">Descubra la belleza incomparable del <strong>Parque Nacional El Cajas Senderismo<\/strong>, un destino perfecto para el senderismo y la conexi\u00f3n con la naturaleza. A solo 40 minutos de Cuenca, este para\u00edso andino ofrece paisajes impresionantes, lagunas cristalinas y una biodiversidad \u00fanica. Disfrute de un tour de d\u00eda completo que combina aventura, relajaci\u00f3n y cultura, guiado por expertos biling\u00fces. Prep\u00e1rese para explorar y dejarse cautivar por la magia de este emblem\u00e1tico parque ecuatoriano.<\/span><\/p>\n<ul>\n<li><span style=\"font-family: arial, helvetica, sans-serif;\">A tan solo 40 minutos de la hermosa Ciudad de Cuenca.<\/span><\/li>\n<li><span style=\"font-family: arial, helvetica, sans-serif;\">Tome un relajante paseo\u00a0por la\u00a0cordillera\u00a0occidental de los Antes.<\/span><\/li>\n<li><span style=\"font-family: arial, helvetica, sans-serif;\">Deleite sus sentidos con los colores del magn\u00edfico Parque Nacional &#8220;El Cajas&#8221; y su diversidad.<\/span><\/li>\n<\/ul>\n<p><span style=\"font-family: arial, helvetica, sans-serif;\"> <!--more--><\/span><\/p>\n<h3><span style=\"font-family: arial, helvetica, sans-serif;\">Datos importantes<\/span><\/h3>\n<table class=\"table table-bordered tours-tabs__table\" style=\"height: 233px; width: 858px;\">\n<tbody>\n<tr style=\"height: 24px;\">\n<td style=\"height: 24px; width: 212px;\"><span style=\"font-family: arial, helvetica, sans-serif;\"><strong>Salidas<\/strong><\/span><\/td>\n<td style=\"height: 24px; width: 634px;\"><span style=\"font-family: arial, helvetica, sans-serif;\">Pregunte para m\u00e1s informaci\u00f3n<\/span><\/td>\n<\/tr>\n<tr style=\"height: 24px;\">\n<td style=\"height: 24px; width: 212px;\"><span style=\"font-family: arial, helvetica, sans-serif;\"><b>Salidas privadas<\/b><\/span><\/td>\n<td style=\"height: 24px; width: 634px;\"><span style=\"font-family: arial, helvetica, sans-serif;\">Todos los d\u00edas<\/span><\/td>\n<\/tr>\n<tr style=\"height: 24px;\">\n<td style=\"height: 24px; width: 212px;\"><span style=\"font-family: arial, helvetica, sans-serif;\"><strong>Lugar de Salida<\/strong><\/span><\/td>\n<td style=\"height: 24px; width: 634px;\"><span style=\"font-family: arial, helvetica, sans-serif;\">Su Hotel en Cuenca.<\/span><\/td>\n<\/tr>\n<tr style=\"height: 24.8125px;\">\n<td style=\"height: 24.8125px; width: 212px;\"><span style=\"font-family: arial, helvetica, sans-serif;\"><strong>Lugar de Regreso<\/strong><\/span><\/td>\n<td style=\"height: 24.8125px; width: 634px;\"><span style=\"font-family: arial, helvetica, sans-serif;\">Su\u00a0Hotel en Cuenca.<\/span><\/td>\n<\/tr>\n<tr style=\"height: 24px;\">\n<td style=\"height: 24px; width: 212px;\"><span style=\"font-family: arial, helvetica, sans-serif;\"><strong>Hora de Salida<\/strong><\/span><\/td>\n<td style=\"height: 24px; width: 634px;\"><span style=\"font-family: arial, helvetica, sans-serif;\">09:00<\/span><\/td>\n<\/tr>\n<tr style=\"height: 24px;\">\n<td style=\"height: 24px; width: 212px;\"><span style=\"font-family: arial, helvetica, sans-serif;\"><strong>Duraci\u00f3n<\/strong><\/span><\/td>\n<td style=\"height: 24px; width: 634px;\"><span style=\"font-family: arial, helvetica, sans-serif;\">7 &#8211; 8\u00a0Horas Aproximadamente<\/span><\/td>\n<\/tr>\n<tr style=\"height: 24px;\">\n<td style=\"height: 24px; width: 212px;\"><span style=\"font-family: arial, helvetica, sans-serif;\"><strong>Ropa<\/strong><\/span><\/td>\n<td style=\"height: 24px; width: 634px;\"><span style=\"font-family: arial, helvetica, sans-serif;\">Ropa confortable, zapatos apra caminar, sombrero,protector solar, camara<\/span><\/td>\n<\/tr>\n<tr style=\"height: 23px;\">\n<td style=\"height: 23px; width: 212px;\"><span style=\"font-family: arial, helvetica, sans-serif;\"><strong>Incluye<\/strong><\/span><\/td>\n<td style=\"height: 23px; width: 634px;\"><span style=\"font-family: arial, helvetica, sans-serif;\"><i class=\"fa fa-check icon-tick icon-tick--on\"><\/i> Almuerzo.<\/span><br \/>\n<span style=\"font-family: arial, helvetica, sans-serif;\"> <i class=\"fa fa-check icon-tick icon-tick--on\"><\/i>Gu\u00eda biling\u00fce profesional.<\/span><br \/>\n<span style=\"font-family: arial, helvetica, sans-serif;\"> <i class=\"fa fa-check icon-tick icon-tick--on\"><\/i> Recogidas en transporte privado desde el hotel.<\/span><br \/>\n<span style=\"font-family: arial, helvetica, sans-serif;\"> <i class=\"fa fa-check icon-tick icon-tick--on\"><\/i> Transporte.<\/span><\/td>\n<\/tr>\n<tr style=\"height: 38px;\">\n<td style=\"height: 38px; width: 212px;\"><span style=\"font-family: arial, helvetica, sans-serif;\"><b>No Incluye<\/b><\/span><\/td>\n<td style=\"height: 38px; width: 634px;\"><span style=\"font-family: arial, helvetica, sans-serif;\"><i class=\"fa fa-times icon-tick icon-tick--off\"><\/i> Entradas.<\/span><br \/>\n<span style=\"font-family: arial, helvetica, sans-serif;\"> <i class=\"fa fa-times icon-tick icon-tick--off\"><\/i> Gastos personales.<\/span><br \/>\n<span style=\"font-family: arial, helvetica, sans-serif;\"> <i class=\"fa fa-times icon-tick icon-tick--off\"><\/i>\u00a0Propinas.<\/span><\/td>\n<\/tr>\n<\/tbody>\n<\/table>\n<p>[vc_row][vc_column el_class=&#8221;accocruise&#8221;][vc_column_text]\n<div class=\"panel panel-default accordion__item\">\n\t<div class=\"panel-heading accordion__item__title-wrap\">\n\t\t<h4 class=\"panel-title\">\n\t\t\t<a data-toggle=\"collapse\" data-parent=\"#ataccordion0\" href=\"#ataccordion0_1\" class=\"accordion__item__link collapsed\">Solicite m\u00e1s informaci\u00f3n<\/a>\n\t\t<\/h4>\n\t<\/div>\n\t<div id=\"ataccordion0_1\" class=\"panel-collapse collapse\">\n\t\t<div class=\"panel-body accordion__item__content\"><br \/>\n                <div class=\"ml-embedded\" data-form=\"rER9Yx\"><\/div>\n<\/div>\n\t<\/div>\n<\/div>[\/vc_column_text][\/vc_column][\/vc_row]<\/p>\n<\/div>","protected":false},"excerpt":{"rendered":"<p>Cuenca aventura en la ciudad de Cuenca: Incluyen caminatas de exploraci\u00f3n en el Parque Nacional Cajas, pesca y observaci\u00f3n de aves. Clic Aqu\u00ed!! NG&amp;E<\/p>\n","protected":false},"featured_media":2366,"comment_status":"open","ping_status":"closed","template":"","meta":{"_joinchat":[]},"product_brand":[],"product_cat":[3599],"product_tag":[],"class_list":{"0":"post-2303","1":"product","2":"type-product","3":"status-publish","4":"has-post-thumbnail","6":"product_cat-sin-categoria","7":"tour_category-tours-de-cuenca","9":"first","10":"instock","11":"taxable","12":"shipping-taxable","13":"product-type-tour"},"yoast_head":"<!-- This site is optimized with the Yoast SEO Premium plugin v25.6 (Yoast SEO v26.1.1) - https:\/\/yoast.com\/wordpress\/plugins\/seo\/ -->\n<title>Parque Nacional El Cajas Senderismo<\/title>\n<meta name=\"description\" content=\"Parque Nacional El Cajas Senderismo: Incluyen caminatas de exploraci\u00f3n en el Parque Nacional Cajas, pesca y observaci\u00f3n de aves. Clic Aqu\u00ed!! NG&amp;E\" \/>\n<meta name=\"robots\" content=\"index, follow, max-snippet:-1, max-image-preview:large, max-video-preview:-1\" \/>\n<link rel=\"canonical\" href=\"https:\/\/naturegalapagos.com\/es\/cuenca-ecuador\/cuenca-tours\/cuenca-aventura\/\" \/>\n<meta property=\"og:locale\" content=\"es_ES\" \/>\n<meta property=\"og:type\" content=\"article\" \/>\n<meta property=\"og:title\" content=\"Cuenca Aventura en el Parque Nacional Cajas\" \/>\n<meta property=\"og:description\" content=\"Cuenca aventura en la ciudad de Cuenca: Incluyen caminatas de exploraci\u00f3n en el Parque Nacional Cajas, pesca y observaci\u00f3n de aves. Clic Aqu\u00ed!! NG&amp;E\" \/>\n<meta property=\"og:url\" content=\"https:\/\/naturegalapagos.com\/es\/cuenca-ecuador\/cuenca-tours\/cuenca-aventura\/\" \/>\n<meta property=\"og:site_name\" content=\"Espa\u00f1ol - Nature Galapagos &amp; Ecuador\" \/>\n<meta property=\"article:publisher\" content=\"https:\/\/www.facebook.com\/naturegalapagosecuador\/\" \/>\n<meta property=\"article:modified_time\" content=\"2024-12-17T17:27:40+00:00\" \/>\n<meta property=\"og:image\" content=\"https:\/\/naturegalapagos.com\/es\/wp-content\/uploads\/sites\/3\/2015\/11\/cuenca-aventura.jpg\" \/>\n\t<meta property=\"og:image:width\" content=\"1920\" \/>\n\t<meta property=\"og:image:height\" content=\"900\" \/>\n\t<meta property=\"og:image:type\" content=\"image\/jpeg\" \/>\n<meta name=\"twitter:card\" content=\"summary_large_image\" \/>\n<meta name=\"twitter:title\" content=\"Cuenca Aventura en el Parque Nacional Cajas\" \/>\n<meta name=\"twitter:description\" content=\"Cuenca aventura en la ciudad de Cuenca: Incluyen caminatas de exploraci\u00f3n en el Parque Nacional Cajas, pesca y observaci\u00f3n de aves. Clic Aqu\u00ed!! NG&amp;E\" \/>\n<meta name=\"twitter:site\" content=\"@naturegalapagos\" \/>\n<meta name=\"twitter:label1\" content=\"Tiempo de lectura\" \/>\n\t<meta name=\"twitter:data1\" content=\"2 minutos\" \/>\n<!-- \/ Yoast SEO Premium plugin. -->","yoast_head_json":{"title":"Parque Nacional El Cajas Senderismo","description":"Parque Nacional El Cajas Senderismo: Incluyen caminatas de exploraci\u00f3n en el Parque Nacional Cajas, pesca y observaci\u00f3n de aves. Clic Aqu\u00ed!! NG&E","robots":{"index":"index","follow":"follow","max-snippet":"max-snippet:-1","max-image-preview":"max-image-preview:large","max-video-preview":"max-video-preview:-1"},"canonical":"https:\/\/naturegalapagos.com\/es\/cuenca-ecuador\/cuenca-tours\/cuenca-aventura\/","og_locale":"es_ES","og_type":"article","og_title":"Cuenca Aventura en el Parque Nacional Cajas","og_description":"Cuenca aventura en la ciudad de Cuenca: Incluyen caminatas de exploraci\u00f3n en el Parque Nacional Cajas, pesca y observaci\u00f3n de aves. Clic Aqu\u00ed!! NG&E","og_url":"https:\/\/naturegalapagos.com\/es\/cuenca-ecuador\/cuenca-tours\/cuenca-aventura\/","og_site_name":"Espa\u00f1ol - Nature Galapagos &amp; Ecuador","article_publisher":"https:\/\/www.facebook.com\/naturegalapagosecuador\/","article_modified_time":"2024-12-17T17:27:40+00:00","og_image":[{"width":1920,"height":900,"url":"https:\/\/naturegalapagos.com\/es\/wp-content\/uploads\/sites\/3\/2015\/11\/cuenca-aventura.jpg","type":"image\/jpeg"}],"twitter_card":"summary_large_image","twitter_title":"Cuenca Aventura en el Parque Nacional Cajas","twitter_description":"Cuenca aventura en la ciudad de Cuenca: Incluyen caminatas de exploraci\u00f3n en el Parque Nacional Cajas, pesca y observaci\u00f3n de aves. Clic Aqu\u00ed!! NG&E","twitter_site":"@naturegalapagos","twitter_misc":{"Tiempo de lectura":"2 minutos"},"schema":{"@context":"https:\/\/schema.org","@graph":[{"@type":"WebPage","@id":"https:\/\/naturegalapagos.com\/es\/cuenca-ecuador\/cuenca-tours\/cuenca-aventura\/","url":"https:\/\/naturegalapagos.com\/es\/cuenca-ecuador\/cuenca-tours\/cuenca-aventura\/","name":"Parque Nacional El Cajas Senderismo","isPartOf":{"@id":"https:\/\/naturegalapagos.com\/es\/#website"},"primaryImageOfPage":{"@id":"https:\/\/naturegalapagos.com\/es\/cuenca-ecuador\/cuenca-tours\/cuenca-aventura\/#primaryimage"},"image":{"@id":"https:\/\/naturegalapagos.com\/es\/cuenca-ecuador\/cuenca-tours\/cuenca-aventura\/#primaryimage"},"thumbnailUrl":"https:\/\/naturegalapagos.com\/es\/wp-content\/uploads\/sites\/3\/2015\/11\/cuenca-aventura.jpg","datePublished":"2024-11-12T23:01:02+00:00","dateModified":"2024-12-17T17:27:40+00:00","description":"Parque Nacional El Cajas Senderismo: Incluyen caminatas de exploraci\u00f3n en el Parque Nacional Cajas, pesca y observaci\u00f3n de aves. Clic Aqu\u00ed!! NG&E","breadcrumb":{"@id":"https:\/\/naturegalapagos.com\/es\/cuenca-ecuador\/cuenca-tours\/cuenca-aventura\/#breadcrumb"},"inLanguage":"es","potentialAction":[{"@type":"ReadAction","target":["https:\/\/naturegalapagos.com\/es\/cuenca-ecuador\/cuenca-tours\/cuenca-aventura\/"]}]},{"@type":"ImageObject","inLanguage":"es","@id":"https:\/\/naturegalapagos.com\/es\/cuenca-ecuador\/cuenca-tours\/cuenca-aventura\/#primaryimage","url":"https:\/\/naturegalapagos.com\/es\/wp-content\/uploads\/sites\/3\/2015\/11\/cuenca-aventura.jpg","contentUrl":"https:\/\/naturegalapagos.com\/es\/wp-content\/uploads\/sites\/3\/2015\/11\/cuenca-aventura.jpg","width":1920,"height":900,"caption":"Cuenca Aventura"},{"@type":"BreadcrumbList","@id":"https:\/\/naturegalapagos.com\/es\/cuenca-ecuador\/cuenca-tours\/cuenca-aventura\/#breadcrumb","itemListElement":[{"@type":"ListItem","position":1,"name":"Home","item":"https:\/\/naturegalapagos.com\/es\/"},{"@type":"ListItem","position":2,"name":"Tienda","item":"https:\/\/naturegalapagos.com\/es\/tienda\/"},{"@type":"ListItem","position":3,"name":"Parque Nacional El Cajas Senderismo"}]},{"@type":"WebSite","@id":"https:\/\/naturegalapagos.com\/es\/#website","url":"https:\/\/naturegalapagos.com\/es\/","name":"Espa\u00f1ol - Nature Galapagos & Ecuador","description":"","publisher":{"@id":"https:\/\/naturegalapagos.com\/es\/#organization"},"potentialAction":[{"@type":"SearchAction","target":{"@type":"EntryPoint","urlTemplate":"https:\/\/naturegalapagos.com\/es\/?s={search_term_string}"},"query-input":{"@type":"PropertyValueSpecification","valueRequired":true,"valueName":"search_term_string"}}],"inLanguage":"es"},{"@type":"Organization","@id":"https:\/\/naturegalapagos.com\/es\/#organization","name":"Espa\u00f1ol - Nature Galapagos & Ecuador","url":"https:\/\/naturegalapagos.com\/es\/","logo":{"@type":"ImageObject","inLanguage":"es","@id":"https:\/\/naturegalapagos.com\/es\/#\/schema\/logo\/image\/","url":"https:\/\/naturegalapagos.com\/es\/wp-content\/uploads\/sites\/3\/2016\/10\/Nature-Galapagos-Logo-COM-300x300.jpg","contentUrl":"https:\/\/naturegalapagos.com\/es\/wp-content\/uploads\/sites\/3\/2016\/10\/Nature-Galapagos-Logo-COM-300x300.jpg","width":300,"height":300,"caption":"Espa\u00f1ol - Nature Galapagos & Ecuador"},"image":{"@id":"https:\/\/naturegalapagos.com\/es\/#\/schema\/logo\/image\/"},"sameAs":["https:\/\/www.facebook.com\/naturegalapagosecuador\/","https:\/\/x.com\/naturegalapagos","https:\/\/www.instagram.com\/naturegalapagos\/","https:\/\/www.pinterest.com\/Naturegalapagos\/","https:\/\/www.youtube.com\/user\/NatureGalapagosTours"]}]}},"_links":{"self":[{"href":"https:\/\/naturegalapagos.com\/es\/wp-json\/wp\/v2\/product\/2303","targetHints":{"allow":["GET"]}}],"collection":[{"href":"https:\/\/naturegalapagos.com\/es\/wp-json\/wp\/v2\/product"}],"about":[{"href":"https:\/\/naturegalapagos.com\/es\/wp-json\/wp\/v2\/types\/product"}],"replies":[{"embeddable":true,"href":"https:\/\/naturegalapagos.com\/es\/wp-json\/wp\/v2\/comments?post=2303"}],"wp:featuredmedia":[{"embeddable":true,"href":"https:\/\/naturegalapagos.com\/es\/wp-json\/wp\/v2\/media\/2366"}],"wp:attachment":[{"href":"https:\/\/naturegalapagos.com\/es\/wp-json\/wp\/v2\/media?parent=2303"}],"wp:term":[{"taxonomy":"product_brand","embeddable":true,"href":"https:\/\/naturegalapagos.com\/es\/wp-json\/wp\/v2\/product_brand?post=2303"},{"taxonomy":"product_cat","embeddable":true,"href":"https:\/\/naturegalapagos.com\/es\/wp-json\/wp\/v2\/product_cat?post=2303"},{"taxonomy":"product_tag","embeddable":true,"href":"https:\/\/naturegalapagos.com\/es\/wp-json\/wp\/v2\/product_tag?post=2303"}],"curies":[{"name":"wp","href":"https:\/\/api.w.org\/{rel}","templated":true}]}}