{"id":2322,"date":"2024-12-17T12:45:41","date_gmt":"2024-12-17T17:45:41","guid":{"rendered":"http:\/\/naturegalapagos.com\/es\/amazonia-ecuatoriana\/suchipakari-jungle-lodge\/discovery-tours"},"modified":"2024-12-17T12:45:29","modified_gmt":"2024-12-17T17:45:29","slug":"ecuador-tours-mindo-bellavista-cloud-forest","status":"publish","type":"product","link":"https:\/\/naturegalapagos.com\/es\/ecuador-tours\/mindo\/bellavista-cloud-forest","title":{"rendered":"Bellavista Cloud Forest Reserve"},"content":{"rendered":"<div class=\"wpb-content-wrapper\"><h2><span style=\"font-family: arial, helvetica, sans-serif;\">Bellavista Cloud Forest Reserve<\/span><\/h2>\n<p><span style=\"font-family: arial, helvetica, sans-serif;\">A menos de 1 hora 45 minutos del coraz\u00f3n de Quito\u201d. <strong>Bellavista Cloud Forest<\/strong> se ubica en la parte alta del famoso Valle de Tandayapa, cerca de \u00a0Mindo, \u00a0en un sector que fue designado por \u201cBirdlife Internacional\u201d como la primera Area de Importancia para las Aves en Suram\u00e9rica en 1997. Adem\u00e1s, ha ganado la categor\u00eda del sitio de mayor conteo de aves en 24 horas, del evento \u201cConteo Navide\u00f1o de Aves Audubon para las Americas\u201d.<\/span><\/p>\n<p><span style=\"font-family: arial, helvetica, sans-serif;\">Bellavista Cloud Forest es un sue\u00f1o que llego a ser realidad, para nosotros y para cada <strong>amante de las aves o de la naturaleza<\/strong> en su abundancia, para todos cuya imaginaci\u00f3n \u00a0se vea estimulada por este concepto extra\u00f1o de \u00a8Bosque Nublado\u00a8. Creada por una pareja colombo-inglesa, Gloria y Richard, \u00a0en 1991, lo que inicialmente fue una reserva de 55 hect\u00e1reas ha crecido en manos de Richard y Gloria \u00a0y otras personas con una visi\u00f3n conservacionista, hasta llegar a ser una <strong>reserva privada de 700 hect\u00e1reas<\/strong>, certificada ecol\u00f3gicamente.<\/span><\/p>\n<h3><span style=\"font-size: 20px; font-family: arial, helvetica, sans-serif;\">Flora y fauna<\/span><\/h3>\n<p><span style=\"font-family: arial, helvetica, sans-serif;\">El lugar ideal para toda persona que busca perderse en sus misterios, absorberse en sus inmensos <strong>paisajes, descubrir sus raras y end\u00e9micas aves, orqu\u00eddeas y otras especies<\/strong>, quien quiere encontrar una verdadera paz y naturaleza silvestre, quien ama a los bosques; hay pocos lugares parecidos que sean tan accesibles!!. <\/span><span style=\"font-family: arial, helvetica, sans-serif;\">Bromelias y orqu\u00eddeas, colibr\u00edes y tangaras, tucanes y antpitas, todos llaman nuestra atenci\u00f3n, y pueden mantener el entusiasmo de cualquier naturalista observador por una vida entera! \u00a0<\/span><\/p>\n<p><span style=\"font-family: arial, helvetica, sans-serif;\">A\u00f1adamos a esto, el experimentar la sensaci\u00f3n de aventura cada vez que se toma un sendero, o \u00a0una de aventura profunda \u00a0al subir por un riachuelo para llegar a <strong>3 cascadas escondidas<\/strong>!. Todo esto hace que tengamos los ingredientes para una experiencia de viaje sobre la cual escribi\u00f3 la famosa fot\u00f3grafa de Gal\u00e1pagos, Tui de Roy: \u201cRegresar\u00e9 a Bellavista Cloud Forest una y otra vez, pues se que all\u00ed voy a encontrar \u00a0magia pura.<\/span><\/p>\n<p><span style=\"font-family: arial, helvetica, sans-serif;\"> <!--more--><\/span><\/p>\n<ul style=\"list-style-type: circle;\">\n<li><span style=\"font-family: arial, helvetica, sans-serif;\"><strong>Actividades:<\/strong> Breve caminatas , observaci\u00f3n de aves , la fauna y la visualizaci\u00f3n de la naturaleza<\/span><\/li>\n<li><span style=\"font-family: arial, helvetica, sans-serif;\"><strong>Edad:<\/strong>\u00a0 1 a\u00f1o &#8211; 60 a\u00f1os<\/span><\/li>\n<li><span style=\"font-family: arial, helvetica, sans-serif;\"><strong>Tipo de viaje:<\/strong> Aventura sencilla<\/span><\/li>\n<li><span style=\"font-family: arial, helvetica, sans-serif;\"><strong>Tipo de Paquete:<\/strong> \u00a0 \u00a0Todo Incluido <\/span><\/li>\n<li><span style=\"font-family: arial, helvetica, sans-serif;\"><strong>D\u00edas de inicio:<\/strong> Inicia todos los d\u00edas<\/span><\/li>\n<\/ul>\n<h3><span style=\"font-size: 20px; font-family: arial, helvetica, sans-serif;\">Datos importantes<\/span><\/h3>\n<table class=\"table table-bordered tours-tabs__table\" style=\"height: 181px; width: 856px;\">\n<tbody>\n<tr style=\"height: 24px;\">\n<td style=\"height: 24px; width: 210px;\"><span style=\"font-family: arial, helvetica, sans-serif;\"><strong>LUGAR DE PARTIDA<\/strong><\/span><\/td>\n<td style=\"height: 24px; width: 630px;\"><span style=\"font-family: arial, helvetica, sans-serif;\">Quito.<\/span><\/td>\n<\/tr>\n<tr style=\"height: 24.8125px;\">\n<td style=\"height: 24px; width: 210px;\"><span style=\"font-family: arial, helvetica, sans-serif;\"><strong>LUGAR DE REGRESO<\/strong><\/span><\/td>\n<td style=\"height: 24px; width: 630px;\"><span style=\"font-family: arial, helvetica, sans-serif;\">Quito.<\/span><\/td>\n<\/tr>\n<tr style=\"height: 24px;\">\n<td style=\"height: 24px; width: 210px;\"><span style=\"font-family: arial, helvetica, sans-serif;\"><strong>HORA DE PARTIDA<\/strong><\/span><\/td>\n<td style=\"height: 24px; width: 630px;\"><span style=\"font-family: arial, helvetica, sans-serif;\">Desde tu hotel en Quito a las 6:15 &#8211; 6:60 AM.<\/span><\/td>\n<\/tr>\n<tr style=\"height: 24px;\">\n<td style=\"height: 24px; width: 210px;\"><span style=\"font-family: arial, helvetica, sans-serif;\"><strong>HORA DE REGRESO<\/strong><\/span><\/td>\n<td style=\"height: 24px; width: 630px;\"><span style=\"font-family: arial, helvetica, sans-serif;\">Desde la reserva a las 14:30 &#8211; 15:00 PM.<\/span><\/td>\n<\/tr>\n<tr style=\"height: 24px;\">\n<td style=\"height: 24px; width: 210px;\"><span style=\"font-family: arial, helvetica, sans-serif;\"><strong>QU\u00c9 USAR?<\/strong><\/span><\/td>\n<td style=\"height: 24px; width: 630px;\"><span style=\"font-family: arial, helvetica, sans-serif;\">Ropa c\u00f3moda, zapatos para caminar, sombrero, chaqueta y protector solar.<\/span><\/td>\n<\/tr>\n<tr style=\"height: 23px;\">\n<td style=\"height: 23px; width: 210px;\"><span style=\"font-family: arial, helvetica, sans-serif;\"><strong>INCLUYE<\/strong><\/span><\/td>\n<td style=\"height: 23px; width: 630px;\"><span style=\"font-family: arial, helvetica, sans-serif;\"><i class=\"fa fa-check icon-tick icon-tick--on\"><\/i> Transporte ida y vuelta desde Quito.<br \/>\n<i class=\"fa fa-check icon-tick icon-tick--on\"><\/i> Desayuno y Almuerzo.<\/span><br \/>\n<span style=\"font-family: arial, helvetica, sans-serif;\"> <i class=\"fa fa-check icon-tick icon-tick--on\"><\/i> Gu\u00eda naturalista biling\u00fce, en cada isla visitada o actividad.<br \/>\n<i class=\"fa fa-check icon-tick icon-tick--on\"><\/i> Impuestos.<br \/>\n<\/span><\/td>\n<\/tr>\n<tr style=\"height: 38px;\">\n<td style=\"height: 38px; width: 210px;\"><span style=\"font-family: arial, helvetica, sans-serif;\"><b>NO INCLUYE<\/b><\/span><\/td>\n<td style=\"height: 38px; width: 630px;\"><span style=\"font-family: arial, helvetica, sans-serif;\"><i class=\"fa fa-times icon-tick icon-tick--off\"><\/i>\u00a0Gastos no especificados en el programa.<\/span><br \/>\n<span style=\"font-family: arial, helvetica, sans-serif;\"> <i class=\"fa fa-times icon-tick icon-tick--off\"><\/i>\u00a0Bebidas gaseosas y alcoh\u00f3licas.<\/span><br \/>\n<span style=\"font-family: arial, helvetica, sans-serif;\"> <i class=\"fa fa-times icon-tick icon-tick--off\"><\/i> Tips &amp;\u00a0Extras.<\/span><\/td>\n<\/tr>\n<\/tbody>\n<\/table>\n<p>[vc_row][vc_column el_class=&#8221;accocruise&#8221;][vc_column_text]\n<div class=\"panel panel-default accordion__item\">\n\t<div class=\"panel-heading accordion__item__title-wrap\">\n\t\t<h4 class=\"panel-title\">\n\t\t\t<a data-toggle=\"collapse\" data-parent=\"#ataccordion0\" href=\"#ataccordion0_1\" class=\"accordion__item__link collapsed\">Solicite m\u00e1s informaci\u00f3n<\/a>\n\t\t<\/h4>\n\t<\/div>\n\t<div id=\"ataccordion0_1\" class=\"panel-collapse collapse\">\n\t\t<div class=\"panel-body accordion__item__content\">\n                <div class=\"ml-embedded\" data-form=\"W5gQO5\"><\/div>\n            \n<\/div>\n\t<\/div>\n<\/div>[\/vc_column_text][\/vc_column][\/vc_row]<\/p>\n<h3><span style=\"font-size: 20px; font-family: arial, helvetica, sans-serif;\"><strong>Por qu\u00e9 Bellavista Cloud Forest?<\/strong><\/span><\/h3>\n<p><span style=\"font-family: arial, helvetica, sans-serif;\">El bosque nublado, cuyo nombre correcto es bosque lluvioso subtropical o pre-montano se ubica en las pendientes de la cordillera andina entre los 900 y 2.500 m.s.n.m. As\u00ed mismo, estos bosques son altamente biodiversos, con abundante vida silvestre y plantas, los cuales han sido poco estudiados<\/span><\/p>\n<p><span style=\"font-family: arial, helvetica, sans-serif;\">La meta de la Reserva es educar al p\u00fablico acerca de la importancia de la biodiversidad en los bosques tropicales de la nube y la creciente importancia de proteger estos ecosistemas \u00fanicos. Bellavista y el valle de Tandayapa cuenta con m\u00e1s de 330 especies de aves registradas &#8230; y la lista sigue creciendo! La Tangara-pinz\u00f3n, cubiertas de felpa gigante Tororoi, uropsalis segmentata, Finch, Bella Jay, y White-faced Nunbird se encuentran todos aqu\u00ed.<\/span><\/p>\n<p><span style=\"font-family: arial, helvetica, sans-serif;\">Los observadores de aves y amantes de la naturaleza de la emoci\u00f3n a la vista de los fruteros de colores brillantes y la Placa con pico de la monta\u00f1a-Tuc\u00e1n, y todo el mundo le encanta sentarse simplemente en nuestra c\u00fapula de cuatro pisos y admirar la multitud de colibr\u00edes que rondan nuestros alimentadores.<\/span><\/p>\n<p><span style=\"font-family: arial, helvetica, sans-serif;\">mam\u00edferos residentes de Bellavista incluyen el oso de anteojos en peligro de extinci\u00f3n, (recientemente capturado por uno de nuestros &#8220;Trampas de la c\u00e1mara&#8221;), as\u00ed como el puma, el coat\u00ed andino y cabeza de mate, y por supuesto el bassaricyon neblina reci\u00e9n descubierto! para nombrar unos pocos.<\/span><\/p>\n<\/div>","protected":false},"excerpt":{"rendered":"<p>Bellavista Cloud Forest Reserve A menos de 1 hora 45 minutos del coraz\u00f3n de Quito\u201d. Bellavista Cloud Forest se ubica en la parte alta del famoso Valle de Tandayapa, cerca de \u00a0Mindo, \u00a0en un sector que fue designado por \u201cBirdlife Internacional\u201d como la primera Area de Importancia para las Aves en Suram\u00e9rica en 1997. Adem\u00e1s,<\/p>\n<div class=\"padding-top text-center\"><a href=\"https:\/\/naturegalapagos.com\/es\/ecuador-tours\/mindo\/bellavista-cloud-forest\" class=\"atbtn atbtn--medium atbtn--rounded atbtn--transparent\">Leer m\u00e1s<i class=\"atbtn__icon atbtn__icon--right fa fa-long-arrow-right\"><\/i><\/a><\/div>\n","protected":false},"featured_media":2370,"comment_status":"open","ping_status":"closed","template":"","meta":{"_joinchat":[]},"product_brand":[],"product_cat":[3599],"product_tag":[],"class_list":{"0":"post-2322","1":"product","2":"type-product","3":"status-publish","4":"has-post-thumbnail","6":"product_cat-sin-categoria","7":"tour_category-tours-a-mindo","9":"first","10":"instock","11":"taxable","12":"shipping-taxable","13":"product-type-tour"},"yoast_head":"<!-- This site is optimized with the Yoast SEO Premium plugin v25.6 (Yoast SEO v26.1.1) - https:\/\/yoast.com\/wordpress\/plugins\/seo\/ -->\n<title>Bellavista Cloud Forest | Tour de 1 d\u00eda<\/title>\n<meta name=\"description\" content=\"Bellavista Cloud Forest ofrece tours completos de 1 d\u00eda que incluyen transporte y alimentaci\u00f3n. Disfruta la belleza natural del bosque nuboso! Clic aqu\u00ed\" \/>\n<meta name=\"robots\" content=\"index, follow, max-snippet:-1, max-image-preview:large, max-video-preview:-1\" \/>\n<link rel=\"canonical\" href=\"https:\/\/naturegalapagos.com\/es\/ecuador-tours\/mindo\/bellavista-cloud-forest\/\" \/>\n<meta property=\"og:locale\" content=\"es_ES\" \/>\n<meta property=\"og:type\" content=\"article\" \/>\n<meta property=\"og:title\" content=\"Bellavista Cloud Forest | Tour de 1 d\u00eda\" \/>\n<meta property=\"og:description\" content=\"Bellavista Cloud Forest ofrece tours completos de 1 d\u00eda que incluyen transporte y alimentaci\u00f3n. Disfruta la belleza natural del bosque nuboso! Clic aqu\u00ed\" \/>\n<meta property=\"og:url\" content=\"https:\/\/naturegalapagos.com\/es\/ecuador-tours\/mindo\/bellavista-cloud-forest\/\" \/>\n<meta property=\"og:site_name\" content=\"Espa\u00f1ol - Nature Galapagos &amp; Ecuador\" \/>\n<meta property=\"article:publisher\" content=\"https:\/\/www.facebook.com\/naturegalapagosecuador\/\" \/>\n<meta property=\"og:image\" content=\"https:\/\/naturegalapagos.com\/es\/wp-content\/uploads\/sites\/3\/2015\/10\/bellavista-cloud-forest.jpg\" \/>\n\t<meta property=\"og:image:width\" content=\"1024\" \/>\n\t<meta property=\"og:image:height\" content=\"512\" \/>\n\t<meta property=\"og:image:type\" content=\"image\/jpeg\" \/>\n<meta name=\"twitter:card\" content=\"summary_large_image\" \/>\n<meta name=\"twitter:title\" content=\"Bellavista Cloud Forest | Tour de 1 d\u00eda\" \/>\n<meta name=\"twitter:description\" content=\"Bellavista Cloud Forest ofrece tours completos de 1 d\u00eda que incluyen transporte y alimentaci\u00f3n. Disfruta la belleza natural del bosque nuboso! Clic aqu\u00ed\" \/>\n<meta name=\"twitter:site\" content=\"@naturegalapagos\" \/>\n<meta name=\"twitter:label1\" content=\"Tiempo de lectura\" \/>\n\t<meta name=\"twitter:data1\" content=\"4 minutos\" \/>\n<!-- \/ Yoast SEO Premium plugin. -->","yoast_head_json":{"title":"Bellavista Cloud Forest | Tour de 1 d\u00eda","description":"Bellavista Cloud Forest ofrece tours completos de 1 d\u00eda que incluyen transporte y alimentaci\u00f3n. Disfruta la belleza natural del bosque nuboso! Clic aqu\u00ed","robots":{"index":"index","follow":"follow","max-snippet":"max-snippet:-1","max-image-preview":"max-image-preview:large","max-video-preview":"max-video-preview:-1"},"canonical":"https:\/\/naturegalapagos.com\/es\/ecuador-tours\/mindo\/bellavista-cloud-forest\/","og_locale":"es_ES","og_type":"article","og_title":"Bellavista Cloud Forest | Tour de 1 d\u00eda","og_description":"Bellavista Cloud Forest ofrece tours completos de 1 d\u00eda que incluyen transporte y alimentaci\u00f3n. Disfruta la belleza natural del bosque nuboso! Clic aqu\u00ed","og_url":"https:\/\/naturegalapagos.com\/es\/ecuador-tours\/mindo\/bellavista-cloud-forest\/","og_site_name":"Espa\u00f1ol - Nature Galapagos &amp; Ecuador","article_publisher":"https:\/\/www.facebook.com\/naturegalapagosecuador\/","og_image":[{"width":1024,"height":512,"url":"https:\/\/naturegalapagos.com\/es\/wp-content\/uploads\/sites\/3\/2015\/10\/bellavista-cloud-forest.jpg","type":"image\/jpeg"}],"twitter_card":"summary_large_image","twitter_title":"Bellavista Cloud Forest | Tour de 1 d\u00eda","twitter_description":"Bellavista Cloud Forest ofrece tours completos de 1 d\u00eda que incluyen transporte y alimentaci\u00f3n. Disfruta la belleza natural del bosque nuboso! Clic aqu\u00ed","twitter_site":"@naturegalapagos","twitter_misc":{"Tiempo de lectura":"4 minutos"},"schema":{"@context":"https:\/\/schema.org","@graph":[{"@type":"WebPage","@id":"https:\/\/naturegalapagos.com\/es\/ecuador-tours\/mindo\/bellavista-cloud-forest\/","url":"https:\/\/naturegalapagos.com\/es\/ecuador-tours\/mindo\/bellavista-cloud-forest\/","name":"Bellavista Cloud Forest | Tour de 1 d\u00eda","isPartOf":{"@id":"https:\/\/naturegalapagos.com\/es\/#website"},"primaryImageOfPage":{"@id":"https:\/\/naturegalapagos.com\/es\/ecuador-tours\/mindo\/bellavista-cloud-forest\/#primaryimage"},"image":{"@id":"https:\/\/naturegalapagos.com\/es\/ecuador-tours\/mindo\/bellavista-cloud-forest\/#primaryimage"},"thumbnailUrl":"https:\/\/naturegalapagos.com\/es\/wp-content\/uploads\/sites\/3\/2015\/10\/bellavista-cloud-forest.jpg","datePublished":"2024-12-17T17:45:41+00:00","description":"Bellavista Cloud Forest ofrece tours completos de 1 d\u00eda que incluyen transporte y alimentaci\u00f3n. Disfruta la belleza natural del bosque nuboso! Clic aqu\u00ed","breadcrumb":{"@id":"https:\/\/naturegalapagos.com\/es\/ecuador-tours\/mindo\/bellavista-cloud-forest\/#breadcrumb"},"inLanguage":"es","potentialAction":[{"@type":"ReadAction","target":["https:\/\/naturegalapagos.com\/es\/ecuador-tours\/mindo\/bellavista-cloud-forest\/"]}]},{"@type":"ImageObject","inLanguage":"es","@id":"https:\/\/naturegalapagos.com\/es\/ecuador-tours\/mindo\/bellavista-cloud-forest\/#primaryimage","url":"https:\/\/naturegalapagos.com\/es\/wp-content\/uploads\/sites\/3\/2015\/10\/bellavista-cloud-forest.jpg","contentUrl":"https:\/\/naturegalapagos.com\/es\/wp-content\/uploads\/sites\/3\/2015\/10\/bellavista-cloud-forest.jpg","width":1024,"height":512,"caption":"Bellavista Cloud Forest"},{"@type":"BreadcrumbList","@id":"https:\/\/naturegalapagos.com\/es\/ecuador-tours\/mindo\/bellavista-cloud-forest\/#breadcrumb","itemListElement":[{"@type":"ListItem","position":1,"name":"Home","item":"https:\/\/naturegalapagos.com\/es\/"},{"@type":"ListItem","position":2,"name":"Tienda","item":"https:\/\/naturegalapagos.com\/es\/tienda\/"},{"@type":"ListItem","position":3,"name":"Bellavista Cloud Forest Reserve"}]},{"@type":"WebSite","@id":"https:\/\/naturegalapagos.com\/es\/#website","url":"https:\/\/naturegalapagos.com\/es\/","name":"Espa\u00f1ol - Nature Galapagos & Ecuador","description":"","publisher":{"@id":"https:\/\/naturegalapagos.com\/es\/#organization"},"potentialAction":[{"@type":"SearchAction","target":{"@type":"EntryPoint","urlTemplate":"https:\/\/naturegalapagos.com\/es\/?s={search_term_string}"},"query-input":{"@type":"PropertyValueSpecification","valueRequired":true,"valueName":"search_term_string"}}],"inLanguage":"es"},{"@type":"Organization","@id":"https:\/\/naturegalapagos.com\/es\/#organization","name":"Espa\u00f1ol - Nature Galapagos & Ecuador","url":"https:\/\/naturegalapagos.com\/es\/","logo":{"@type":"ImageObject","inLanguage":"es","@id":"https:\/\/naturegalapagos.com\/es\/#\/schema\/logo\/image\/","url":"https:\/\/naturegalapagos.com\/es\/wp-content\/uploads\/sites\/3\/2016\/10\/Nature-Galapagos-Logo-COM-300x300.jpg","contentUrl":"https:\/\/naturegalapagos.com\/es\/wp-content\/uploads\/sites\/3\/2016\/10\/Nature-Galapagos-Logo-COM-300x300.jpg","width":300,"height":300,"caption":"Espa\u00f1ol - Nature Galapagos & Ecuador"},"image":{"@id":"https:\/\/naturegalapagos.com\/es\/#\/schema\/logo\/image\/"},"sameAs":["https:\/\/www.facebook.com\/naturegalapagosecuador\/","https:\/\/x.com\/naturegalapagos","https:\/\/www.instagram.com\/naturegalapagos\/","https:\/\/www.pinterest.com\/Naturegalapagos\/","https:\/\/www.youtube.com\/user\/NatureGalapagosTours"]}]}},"_links":{"self":[{"href":"https:\/\/naturegalapagos.com\/es\/wp-json\/wp\/v2\/product\/2322","targetHints":{"allow":["GET"]}}],"collection":[{"href":"https:\/\/naturegalapagos.com\/es\/wp-json\/wp\/v2\/product"}],"about":[{"href":"https:\/\/naturegalapagos.com\/es\/wp-json\/wp\/v2\/types\/product"}],"replies":[{"embeddable":true,"href":"https:\/\/naturegalapagos.com\/es\/wp-json\/wp\/v2\/comments?post=2322"}],"wp:featuredmedia":[{"embeddable":true,"href":"https:\/\/naturegalapagos.com\/es\/wp-json\/wp\/v2\/media\/2370"}],"wp:attachment":[{"href":"https:\/\/naturegalapagos.com\/es\/wp-json\/wp\/v2\/media?parent=2322"}],"wp:term":[{"taxonomy":"product_brand","embeddable":true,"href":"https:\/\/naturegalapagos.com\/es\/wp-json\/wp\/v2\/product_brand?post=2322"},{"taxonomy":"product_cat","embeddable":true,"href":"https:\/\/naturegalapagos.com\/es\/wp-json\/wp\/v2\/product_cat?post=2322"},{"taxonomy":"product_tag","embeddable":true,"href":"https:\/\/naturegalapagos.com\/es\/wp-json\/wp\/v2\/product_tag?post=2322"}],"curies":[{"name":"wp","href":"https:\/\/api.w.org\/{rel}","templated":true}]}}