{"id":2339,"date":"2024-08-26T15:33:27","date_gmt":"2024-08-26T19:33:27","guid":{"rendered":"http:\/\/naturegalapagos.com\/es\/ecuador-tours\/mindo\/arasha"},"modified":"2024-10-29T17:48:32","modified_gmt":"2024-10-29T21:48:32","slug":"ecuador-toursmindoel-carmelo-mindo","status":"publish","type":"product","link":"https:\/\/naturegalapagos.com\/es\/ecuador-tours\/mindo\/el-carmelo-mindo\/","title":{"rendered":"El Carmelo Mindo  &#8211;  Mindo Ecuador"},"content":{"rendered":"<div class=\"wpb-content-wrapper\"><h2><span style=\"font-size: 24px; font-family: arial, helvetica, sans-serif;\">El Carmelo Mindo &#8211; Mindo Ecuador<\/span><\/h2>\n<p><span style=\"font-size: 14px; font-family: arial, helvetica, sans-serif;\"><strong>El Carmelo Mindo Ecuador<\/strong>\u00a0se encuentra a 1 hora y 30 minutos de Quito. Un negocio familiar, establecido en <strong>1994<\/strong>, cuyo principal objetivo era la construcci\u00f3n de una casa de campo donde los hu\u00e9spedes pueden disfrutar de la naturaleza en respeto y protecci\u00f3n del medio ambiente. Por lo que estamos gustosos de presentar la belleza y la serenidad de este refugio anidado en el bosque nublado de <strong>Mindo Nambillo<\/strong>. As\u00ed mismo, es uno de los lugares m\u00e1s emblem\u00e1ticos de <strong>Am\u00e9rica del Sur<\/strong> para la observaci\u00f3n de aves.<\/span><\/p>\n<p><span style=\"font-size: 14px;\"><!--more--><\/span><\/p>\n<p><span style=\"font-size: 14px; font-family: arial, helvetica, sans-serif;\"><strong>El Carmelo Mindo Ecuador<\/strong> tiene 30 hect\u00e1reas de extensi\u00f3n aproximadamente en la que sus invitados tendr\u00e1n la oportunidad visitar diferentes y diversas atracciones como el r\u00edo Mindo, la laguna de pesca, 2,4 kilometros de bosque que lleva a su granja de mariposas y la monta\u00f1a El Carmelo, por lo que es un excelente lugar para ver toda la <strong>zona de Mindo<\/strong>. De la misma manera, podr\u00e1 observar aves, nadar, caminar, pescar, explorar los senderos del bosque nuboso, o simplemente relajarse. Generalmente la mayor\u00eda de los hu\u00e9spedes se alojan all\u00ed por 2 o 3 noches. El albergue es un lugar \u00fanico as\u00ed como para <strong>familias con ni\u00f1os, viajeros j\u00f3venes<\/strong> y todos los que quieran aprender m\u00e1s sobre el bosque nuboso de Mindo, sus plantas, los animales y los paisajes incre\u00edbles que s\u00f3lo Mindo puede ofrecer.<\/span><\/p>\n<ul style=\"list-style-type: circle;\">\n<li><span style=\"font-size: 14px; font-family: arial, helvetica, sans-serif;\"><strong>Actividades:<\/strong> Breve caminatas , observaci\u00f3n de aves, la fauna, as\u00ed como visualizaci\u00f3n de la naturaleza<\/span><\/li>\n<li><span style=\"font-size: 14px; font-family: arial, helvetica, sans-serif;\"><strong>Edad:<\/strong>\u00a0 1 a\u00f1o &#8211; 60 a\u00f1os<\/span><\/li>\n<li><span style=\"font-size: 14px; font-family: arial, helvetica, sans-serif;\"><strong>Tipo de viaje:<\/strong> Aventura sencilla<\/span><\/li>\n<li><span style=\"font-size: 14px; font-family: arial, helvetica, sans-serif;\"><strong>Tipo de Paquete:<\/strong> \u00a0 \u00a0Todo Incluido <\/span><\/li>\n<li><span style=\"font-size: 14px; font-family: arial, helvetica, sans-serif;\"><strong>D\u00edas de inicio:<\/strong> Inicia todos los d\u00edas<\/span><\/li>\n<\/ul>\n<h3><span style=\"font-family: arial, helvetica, sans-serif; font-size: 20px;\">Datos importantes<\/span><\/h3>\n<table class=\"table table-bordered tours-tabs__table\" style=\"height: 233px; width: 856px;\">\n<tbody>\n<tr style=\"height: 24px;\">\n<td style=\"height: 24px; width: 212px;\"><span style=\"font-size: 16px; font-family: arial, helvetica, sans-serif;\"><strong>LUGAR DE PARTIDA<\/strong><\/span><\/td>\n<td style=\"height: 24px; width: 634px;\"><span style=\"font-size: 16px; font-family: arial, helvetica, sans-serif;\">Quito<\/span><\/td>\n<\/tr>\n<tr style=\"height: 24px;\">\n<td style=\"height: 24px; width: 212px;\"><span style=\"font-size: 16px; font-family: arial, helvetica, sans-serif;\"><strong>LUGAR DE REGRESO<\/strong><\/span><\/td>\n<td style=\"height: 24px; width: 634px;\"><span style=\"font-size: 16px; font-family: arial, helvetica, sans-serif;\">Quito<\/span><\/td>\n<\/tr>\n<tr style=\"height: 24px;\">\n<td style=\"height: 24px; width: 212px;\"><span style=\"font-size: 16px; font-family: arial, helvetica, sans-serif;\"><strong>HORA DE PARTIDA<\/strong><\/span><\/td>\n<td style=\"height: 24px; width: 634px;\"><span style=\"font-size: 16px; font-family: arial, helvetica, sans-serif;\">* Consultar para m\u00e1s detalles.<\/span><\/td>\n<\/tr>\n<tr style=\"height: 24.875px;\">\n<td style=\"height: 24.875px; width: 212px;\"><span style=\"font-size: 16px; font-family: arial, helvetica, sans-serif;\"><strong>HORA DE REGRESO<\/strong><\/span><\/td>\n<td style=\"height: 24.875px; width: 634px;\"><span style=\"font-size: 16px; font-family: arial, helvetica, sans-serif;\">* Consultar para m\u00e1s detalles.<\/span><\/td>\n<\/tr>\n<tr style=\"height: 24px;\">\n<td style=\"height: 24px; width: 212px;\"><span style=\"font-size: 16px; font-family: arial, helvetica, sans-serif;\"><strong>QU\u00c9 USAR?<\/strong><\/span><\/td>\n<td style=\"height: 24px; width: 634px;\"><span style=\"font-size: 16px; font-family: arial, helvetica, sans-serif;\">Ropa c\u00f3moda, zapatos para caminar, sombrero, chaqueta y protector solar.<\/span><\/td>\n<\/tr>\n<tr style=\"height: 23px;\">\n<td style=\"height: 23px; width: 212px;\"><span style=\"font-size: 16px; font-family: arial, helvetica, sans-serif;\"><strong>INCLUYE<\/strong><\/span><\/td>\n<td style=\"height: 23px; width: 634px;\"><span style=\"font-size: 16px; font-family: arial, helvetica, sans-serif;\"><i class=\"fa fa-check icon-tick icon-tick--on\"><\/i> Alojamiento en hoteles y habitaciones seleccionadas.<\/span><br \/>\n<span style=\"font-size: 16px; font-family: arial, helvetica, sans-serif;\"> <i class=\"fa fa-check icon-tick icon-tick--on\"><\/i> Gu\u00eda naturalista biling\u00fce, en cada isla visitada o actividad.<\/span><\/td>\n<\/tr>\n<tr style=\"height: 38px;\">\n<td style=\"height: 38px; width: 212px;\"><span style=\"font-size: 16px; font-family: arial, helvetica, sans-serif;\"><b>NO INCLUYE<\/b><\/span><\/td>\n<td style=\"height: 38px; width: 634px;\"><span style=\"font-size: 16px; font-family: arial, helvetica, sans-serif;\"><i class=\"fa fa-times icon-tick icon-tick--off\"><\/i> Transporte.<\/span><br \/>\n<span style=\"font-size: 16px; font-family: arial, helvetica, sans-serif;\"> <i class=\"fa fa-times icon-tick icon-tick--off\"><\/i>\u00a0Gastos no especificados en el programa.<\/span><br \/>\n<span style=\"font-size: 16px; font-family: arial, helvetica, sans-serif;\"> <i class=\"fa fa-times icon-tick icon-tick--off\"><\/i>\u00a0Bebidas gaseosas y alcoh\u00f3licas.<\/span><br \/>\n<span style=\"font-size: 16px; font-family: arial, helvetica, sans-serif;\"> <i class=\"fa fa-times icon-tick icon-tick--off\"><\/i> Tips &amp;\u00a0Extras.<\/span><\/td>\n<\/tr>\n<\/tbody>\n<\/table>\n<p>[vc_row][vc_column el_class=&#8221;accocruise&#8221;][vc_column_text]\n<div class=\"panel panel-default accordion__item\">\n\t<div class=\"panel-heading accordion__item__title-wrap\">\n\t\t<h4 class=\"panel-title\">\n\t\t\t<a data-toggle=\"collapse\" data-parent=\"#ataccordion0\" href=\"#ataccordion0_1\" class=\"accordion__item__link collapsed\">Solicite m\u00e1s informaci\u00f3n<\/a>\n\t\t<\/h4>\n\t<\/div>\n\t<div id=\"ataccordion0_1\" class=\"panel-collapse collapse\">\n\t\t<div class=\"panel-body accordion__item__content\">\n                <div class=\"ml-embedded\" data-form=\"5T8PWd\"><\/div>\n            \n<\/div>\n\t<\/div>\n<\/div>[\/vc_column_text][\/vc_column][\/vc_row]<\/p>\n<\/div>","protected":false},"excerpt":{"rendered":"<p>Estamos gustosos de presentar la belleza y la serenidad de este refugio anidado en el bosque nublado de Mindo Nambillo. Uno de los lugares m\u00e1s emblem\u00e1ticos de Am\u00e9rica del Sur para la observaci\u00f3n de aves. El Carmelo Mindo se encuentra a 1 hora y 30 minutos de Quito. Un negocio familiar, establecido en 1994, cuyo principal objetivo era la construcci\u00f3n de una casa de campo donde los hu\u00e9spedes pueden disfrutar de la naturaleza en respeto y protecci\u00f3n del medio ambiente.<\/p>\n","protected":false},"featured_media":2381,"comment_status":"open","ping_status":"closed","template":"","meta":{"_joinchat":[]},"product_brand":[],"product_cat":[3599],"product_tag":[],"class_list":{"0":"post-2339","1":"product","2":"type-product","3":"status-publish","4":"has-post-thumbnail","6":"product_cat-sin-categoria","7":"tour_category-tours-a-mindo","9":"first","10":"instock","11":"taxable","12":"shipping-taxable","13":"product-type-tour"},"yoast_head":"<!-- This site is optimized with the Yoast SEO Premium plugin v25.6 (Yoast SEO v26.1.1) - https:\/\/yoast.com\/wordpress\/plugins\/seo\/ -->\n<title>El Carmelo Mindo, un para\u00edso ecol\u00f3gico cerca de la capital<\/title>\n<meta name=\"description\" content=\"El Carmelo Mindo esta ubicado a tan solo una hora y treinta minutos de quito, lleno de vida, fauna y flora que dan lugar a un hermoso viaje. Clic aqu\u00ed!\" \/>\n<meta name=\"robots\" content=\"index, follow, max-snippet:-1, max-image-preview:large, max-video-preview:-1\" \/>\n<link rel=\"canonical\" href=\"https:\/\/naturegalapagos.com\/es\/ecuador-tours\/mindo\/el-carmelo-mindo\/\" \/>\n<meta property=\"og:locale\" content=\"es_ES\" \/>\n<meta property=\"og:type\" content=\"article\" \/>\n<meta property=\"og:title\" content=\"El Carmelo Mindo, un para\u00edso ecol\u00f3gico cerca de la capital.\" \/>\n<meta property=\"og:description\" content=\"El Carmelo Mindo esta ubicado a tan solo una hora y treinta minutos de quito, lleno de vida, fauna y flora que dan lugar a un hermoso viaje. Clic aqu\u00ed!\" \/>\n<meta property=\"og:url\" content=\"https:\/\/naturegalapagos.com\/es\/ecuador-tours\/mindo\/el-carmelo-mindo\/\" \/>\n<meta property=\"og:site_name\" content=\"Espa\u00f1ol - Nature Galapagos &amp; Ecuador\" \/>\n<meta property=\"article:publisher\" content=\"https:\/\/www.facebook.com\/naturegalapagosecuador\/\" \/>\n<meta property=\"article:modified_time\" content=\"2024-10-29T21:48:32+00:00\" \/>\n<meta property=\"og:image\" content=\"https:\/\/naturegalapagos.com\/es\/wp-content\/uploads\/sites\/3\/2015\/08\/el-carmelo-mindo.jpg\" \/>\n\t<meta property=\"og:image:width\" content=\"1024\" \/>\n\t<meta property=\"og:image:height\" content=\"512\" \/>\n\t<meta property=\"og:image:type\" content=\"image\/jpeg\" \/>\n<meta name=\"twitter:card\" content=\"summary_large_image\" \/>\n<meta name=\"twitter:title\" content=\"El Carmelo Mindo, un para\u00edso ecol\u00f3gico cerca de la capital.\" \/>\n<meta name=\"twitter:description\" content=\"El Carmelo Mindo esta ubicado a tan solo una hora y treinta minutos de quito, lleno de vida, fauna y flora que dan lugar a un hermoso viaje. Clic aqu\u00ed!\" \/>\n<meta name=\"twitter:site\" content=\"@naturegalapagos\" \/>\n<meta name=\"twitter:label1\" content=\"Tiempo de lectura\" \/>\n\t<meta name=\"twitter:data1\" content=\"2 minutos\" \/>\n<!-- \/ Yoast SEO Premium plugin. -->","yoast_head_json":{"title":"El Carmelo Mindo, un para\u00edso ecol\u00f3gico cerca de la capital","description":"El Carmelo Mindo esta ubicado a tan solo una hora y treinta minutos de quito, lleno de vida, fauna y flora que dan lugar a un hermoso viaje. Clic aqu\u00ed!","robots":{"index":"index","follow":"follow","max-snippet":"max-snippet:-1","max-image-preview":"max-image-preview:large","max-video-preview":"max-video-preview:-1"},"canonical":"https:\/\/naturegalapagos.com\/es\/ecuador-tours\/mindo\/el-carmelo-mindo\/","og_locale":"es_ES","og_type":"article","og_title":"El Carmelo Mindo, un para\u00edso ecol\u00f3gico cerca de la capital.","og_description":"El Carmelo Mindo esta ubicado a tan solo una hora y treinta minutos de quito, lleno de vida, fauna y flora que dan lugar a un hermoso viaje. Clic aqu\u00ed!","og_url":"https:\/\/naturegalapagos.com\/es\/ecuador-tours\/mindo\/el-carmelo-mindo\/","og_site_name":"Espa\u00f1ol - Nature Galapagos &amp; Ecuador","article_publisher":"https:\/\/www.facebook.com\/naturegalapagosecuador\/","article_modified_time":"2024-10-29T21:48:32+00:00","og_image":[{"width":1024,"height":512,"url":"https:\/\/naturegalapagos.com\/es\/wp-content\/uploads\/sites\/3\/2015\/08\/el-carmelo-mindo.jpg","type":"image\/jpeg"}],"twitter_card":"summary_large_image","twitter_title":"El Carmelo Mindo, un para\u00edso ecol\u00f3gico cerca de la capital.","twitter_description":"El Carmelo Mindo esta ubicado a tan solo una hora y treinta minutos de quito, lleno de vida, fauna y flora que dan lugar a un hermoso viaje. Clic aqu\u00ed!","twitter_site":"@naturegalapagos","twitter_misc":{"Tiempo de lectura":"2 minutos"},"schema":{"@context":"https:\/\/schema.org","@graph":[{"@type":"WebPage","@id":"https:\/\/naturegalapagos.com\/es\/ecuador-tours\/mindo\/el-carmelo-mindo\/","url":"https:\/\/naturegalapagos.com\/es\/ecuador-tours\/mindo\/el-carmelo-mindo\/","name":"El Carmelo Mindo, un para\u00edso ecol\u00f3gico cerca de la capital","isPartOf":{"@id":"https:\/\/naturegalapagos.com\/es\/#website"},"primaryImageOfPage":{"@id":"https:\/\/naturegalapagos.com\/es\/ecuador-tours\/mindo\/el-carmelo-mindo\/#primaryimage"},"image":{"@id":"https:\/\/naturegalapagos.com\/es\/ecuador-tours\/mindo\/el-carmelo-mindo\/#primaryimage"},"thumbnailUrl":"https:\/\/naturegalapagos.com\/es\/wp-content\/uploads\/sites\/3\/2015\/08\/el-carmelo-mindo.jpg","datePublished":"2024-08-26T19:33:27+00:00","dateModified":"2024-10-29T21:48:32+00:00","description":"El Carmelo Mindo esta ubicado a tan solo una hora y treinta minutos de quito, lleno de vida, fauna y flora que dan lugar a un hermoso viaje. Clic aqu\u00ed!","breadcrumb":{"@id":"https:\/\/naturegalapagos.com\/es\/ecuador-tours\/mindo\/el-carmelo-mindo\/#breadcrumb"},"inLanguage":"es","potentialAction":[{"@type":"ReadAction","target":["https:\/\/naturegalapagos.com\/es\/ecuador-tours\/mindo\/el-carmelo-mindo\/"]}]},{"@type":"ImageObject","inLanguage":"es","@id":"https:\/\/naturegalapagos.com\/es\/ecuador-tours\/mindo\/el-carmelo-mindo\/#primaryimage","url":"https:\/\/naturegalapagos.com\/es\/wp-content\/uploads\/sites\/3\/2015\/08\/el-carmelo-mindo.jpg","contentUrl":"https:\/\/naturegalapagos.com\/es\/wp-content\/uploads\/sites\/3\/2015\/08\/el-carmelo-mindo.jpg","width":1024,"height":512,"caption":"El carmelo mindo"},{"@type":"BreadcrumbList","@id":"https:\/\/naturegalapagos.com\/es\/ecuador-tours\/mindo\/el-carmelo-mindo\/#breadcrumb","itemListElement":[{"@type":"ListItem","position":1,"name":"Home","item":"https:\/\/naturegalapagos.com\/es\/"},{"@type":"ListItem","position":2,"name":"Tienda","item":"https:\/\/naturegalapagos.com\/es\/tienda\/"},{"@type":"ListItem","position":3,"name":"El Carmelo Mindo &#8211; Mindo Ecuador"}]},{"@type":"WebSite","@id":"https:\/\/naturegalapagos.com\/es\/#website","url":"https:\/\/naturegalapagos.com\/es\/","name":"Espa\u00f1ol - Nature Galapagos & Ecuador","description":"","publisher":{"@id":"https:\/\/naturegalapagos.com\/es\/#organization"},"potentialAction":[{"@type":"SearchAction","target":{"@type":"EntryPoint","urlTemplate":"https:\/\/naturegalapagos.com\/es\/?s={search_term_string}"},"query-input":{"@type":"PropertyValueSpecification","valueRequired":true,"valueName":"search_term_string"}}],"inLanguage":"es"},{"@type":"Organization","@id":"https:\/\/naturegalapagos.com\/es\/#organization","name":"Espa\u00f1ol - Nature Galapagos & Ecuador","url":"https:\/\/naturegalapagos.com\/es\/","logo":{"@type":"ImageObject","inLanguage":"es","@id":"https:\/\/naturegalapagos.com\/es\/#\/schema\/logo\/image\/","url":"https:\/\/naturegalapagos.com\/es\/wp-content\/uploads\/sites\/3\/2016\/10\/Nature-Galapagos-Logo-COM-300x300.jpg","contentUrl":"https:\/\/naturegalapagos.com\/es\/wp-content\/uploads\/sites\/3\/2016\/10\/Nature-Galapagos-Logo-COM-300x300.jpg","width":300,"height":300,"caption":"Espa\u00f1ol - Nature Galapagos & Ecuador"},"image":{"@id":"https:\/\/naturegalapagos.com\/es\/#\/schema\/logo\/image\/"},"sameAs":["https:\/\/www.facebook.com\/naturegalapagosecuador\/","https:\/\/x.com\/naturegalapagos","https:\/\/www.instagram.com\/naturegalapagos\/","https:\/\/www.pinterest.com\/Naturegalapagos\/","https:\/\/www.youtube.com\/user\/NatureGalapagosTours"]}]}},"_links":{"self":[{"href":"https:\/\/naturegalapagos.com\/es\/wp-json\/wp\/v2\/product\/2339","targetHints":{"allow":["GET"]}}],"collection":[{"href":"https:\/\/naturegalapagos.com\/es\/wp-json\/wp\/v2\/product"}],"about":[{"href":"https:\/\/naturegalapagos.com\/es\/wp-json\/wp\/v2\/types\/product"}],"replies":[{"embeddable":true,"href":"https:\/\/naturegalapagos.com\/es\/wp-json\/wp\/v2\/comments?post=2339"}],"wp:featuredmedia":[{"embeddable":true,"href":"https:\/\/naturegalapagos.com\/es\/wp-json\/wp\/v2\/media\/2381"}],"wp:attachment":[{"href":"https:\/\/naturegalapagos.com\/es\/wp-json\/wp\/v2\/media?parent=2339"}],"wp:term":[{"taxonomy":"product_brand","embeddable":true,"href":"https:\/\/naturegalapagos.com\/es\/wp-json\/wp\/v2\/product_brand?post=2339"},{"taxonomy":"product_cat","embeddable":true,"href":"https:\/\/naturegalapagos.com\/es\/wp-json\/wp\/v2\/product_cat?post=2339"},{"taxonomy":"product_tag","embeddable":true,"href":"https:\/\/naturegalapagos.com\/es\/wp-json\/wp\/v2\/product_tag?post=2339"}],"curies":[{"name":"wp","href":"https:\/\/api.w.org\/{rel}","templated":true}]}}