{"id":2345,"date":"2025-01-02T09:54:18","date_gmt":"2025-01-02T14:54:18","guid":{"rendered":"http:\/\/naturegalapagos.com\/es\/ecuador-tours\/mindo\/el-carmelo-mindo"},"modified":"2025-01-02T09:54:47","modified_gmt":"2025-01-02T14:54:47","slug":"ecuador-tours-mindo-mashpi-lodge","status":"publish","type":"product","link":"https:\/\/naturegalapagos.com\/es\/ecuador-tours\/mindo\/mashpi-lodge\/","title":{"rendered":"Mashpi Lodge | Mindo Ecuador"},"content":{"rendered":"<div class=\"wpb-content-wrapper\"><h2><span style=\"font-family: arial, helvetica, sans-serif; font-size: 24px;\"><strong>Mashpi Lodge &#8211; Mindo Ecuador<\/strong><\/span><\/h2>\n<p><span style=\"font-size: 16px; font-family: arial, helvetica, sans-serif;\">Al entrar en la selva, se dar\u00e1 cuenta de la vida que hay a cada paso: hongos con bioluminiscencia, troncos de \u00e1rboles adornados con orqu\u00eddeas, l\u00edquenes y musgos, helechos gigantes, nubes de humedad y neblina. Y luego se escucha el sonido de un torrente de agua, una cascada en medio de este mundo brillante y verde, donde se puede caminar a trav\u00e9s de r\u00edos o a lo largo de sus riberas, \u00a1reviva sus sentidos y celebre la vida!<\/span><\/p>\n<h3><span style=\"font-family: arial, helvetica, sans-serif;\">Ubicaci\u00f3n &#8211; Mashpi Lodge<\/span><\/h3>\n<p><span style=\"font-size: 16px; font-family: arial, helvetica, sans-serif;\">Mashpi Lodge est\u00e1 ubicado a tres horas de la ciudad, en auto (110 km), en las selvas v\u00edrgenes de la ladera occidental andina. El repentino traslado de una altura de 2.800 msnm a una altura de 1.000 msnm nos permitir\u00e1 descubrir una diversidad natural sobrecogedora, atravesando el valle \u00e1rido de Pomasqui, los exuberantes bosques del flanco occidental de la cordillera, hasta llegar a Mashpi, un santuario natural y eje representativo de la regi\u00f3n biogeogr\u00e1fica del Choc\u00f3, conocida a nivel mundial por su alto grado de endemismo, precipitaci\u00f3n y diversidad ecol\u00f3gica. <\/span><\/p>\n<p><span style=\"font-size: 16px; font-family: arial, helvetica, sans-serif;\">En nuestro camino a Mashpi, visitaremos las ruinas arqueol\u00f3gicas de Tulipe, lugar de asentamiento de la antigua civilizaci\u00f3n de los Yumbos, situado en una zona reconocida por su energ\u00eda c\u00f3smica y m\u00e1gico entorno de bosque subtropical. Probaremos deliciosos aperitivos lugare\u00f1os y el prestigioso caf\u00e9 de altura ecuatoriano, preparado por miembros de la comunidad, antes de continuar nuestro camino hacia la reserva de Mashpi.<\/span><\/p>\n<h3><span style=\"font-size: 20px; font-family: arial, helvetica, sans-serif;\">Especificaciones<\/span><\/h3>\n<p><span style=\"font-size: 16px; font-family: arial, helvetica, sans-serif;\">El sofisticado y sorprendentemente Mashpi lodge est\u00e1 dise\u00f1ado como el trampol\u00edn ideal para explorar el mundo biodiverso de la reserva, Mashpi Lodge ofrece <strong>vistas de las monta\u00f1as boscosas<\/strong> en un lado y el bosque justo cerca del otro a trav\u00e9s de sus ventanas de vidrio de piso a techo.<\/span><\/p>\n<p><span style=\"font-size: 16px; font-family: arial, helvetica, sans-serif;\">El Lodge, construido con las \u00faltimas t\u00e9cnicas de construcci\u00f3n sostenible y el empleo de la energ\u00eda hidroel\u00e9ctrica en un futuro pr\u00f3ximo. Est\u00e1 dise\u00f1ado para combinar a la perfecci\u00f3n con su entorno. As\u00ed mismo, cuenta con una decoraci\u00f3n minimalista contempor\u00e1nea, mezclando tonos c\u00e1lidos de la tierra, notas de color brillante, l\u00edneas limpias, \u00e1ngulos sorprendentes y paisajes: un capullo de lujo en medio del bosque nuboso con el mundo natural a sus pies, ideal para la contemplaci\u00f3n y la relajaci\u00f3n.<\/span><\/p>\n<p><span style=\"font-size: 16px; font-family: arial, helvetica, sans-serif;\">Mashpi Lodge es \u00edntimo, por lo que cuenta con capacidad para un m\u00e1ximo de 44 hu\u00e9spedes en 22 habitaciones discretas y lujosas, 3 de ellas suites &#8220;Yaku&#8221; y 19 habitaciones &#8220;Wayra&#8221;.<\/span><\/p>\n<p><span style=\"font-size: 16px; font-family: arial, helvetica, sans-serif;\"> <!--more--><\/span><\/p>\n<ul style=\"list-style-type: circle;\">\n<li><span style=\"font-size: 16px; font-family: arial, helvetica, sans-serif;\"><strong>Actividades:<\/strong> Breve caminatas, observaci\u00f3n de aves , la fauna y la visualizaci\u00f3n de la naturaleza<\/span><\/li>\n<li><span style=\"font-size: 16px; font-family: arial, helvetica, sans-serif;\"><strong>Edad:<\/strong>\u00a0 1 a\u00f1o &#8211; 60 a\u00f1os<\/span><\/li>\n<li><span style=\"font-size: 16px; font-family: arial, helvetica, sans-serif;\"><strong>Tipo de viaje:<\/strong> Aventura sencilla<\/span><\/li>\n<li><span style=\"font-size: 16px; font-family: arial, helvetica, sans-serif;\"><strong>Tipo de Paquete:<\/strong> \u00a0 Todo Incluido <\/span><\/li>\n<li><span style=\"font-size: 16px; font-family: arial, helvetica, sans-serif;\"><strong>D\u00edas de inicio:<\/strong> Inicia todos los d\u00edas<\/span><\/li>\n<\/ul>\n<h3><span style=\"font-family: arial, helvetica, sans-serif; font-size: 20px;\">Datos importantes<\/span><\/h3>\n<table class=\"table table-bordered tours-tabs__table\" style=\"height: 233px; width: 854px;\">\n<tbody>\n<tr style=\"height: 24px;\">\n<td style=\"height: 24px; width: 212px;\"><span style=\"font-size: 16px; font-family: arial, helvetica, sans-serif;\"><strong>LUGAR DE PARTIDA<\/strong><\/span><\/td>\n<td style=\"height: 24px; width: 634px;\"><span style=\"font-size: 16px; font-family: arial, helvetica, sans-serif;\">Quito<\/span><\/td>\n<\/tr>\n<tr style=\"height: 24px;\">\n<td style=\"height: 24px; width: 212px;\"><span style=\"font-size: 16px; font-family: arial, helvetica, sans-serif;\"><strong>LUGAR DE REGRESO<\/strong><\/span><\/td>\n<td style=\"height: 24px; width: 634px;\"><span style=\"font-size: 16px; font-family: arial, helvetica, sans-serif;\">Quito<\/span><\/td>\n<\/tr>\n<tr style=\"height: 24px;\">\n<td style=\"height: 24px; width: 212px;\"><span style=\"font-size: 16px; font-family: arial, helvetica, sans-serif;\"><strong>HORA DE PARTIDA<\/strong><\/span><\/td>\n<td style=\"height: 24px; width: 634px;\"><span style=\"font-size: 16px; font-family: arial, helvetica, sans-serif;\">* Consultar para m\u00e1s detalles.<\/span><\/td>\n<\/tr>\n<tr style=\"height: 24.875px;\">\n<td style=\"height: 24.875px; width: 212px;\"><span style=\"font-size: 16px; font-family: arial, helvetica, sans-serif;\"><strong>HORA DE REGRESO<\/strong><\/span><\/td>\n<td style=\"height: 24.875px; width: 634px;\"><span style=\"font-size: 16px; font-family: arial, helvetica, sans-serif;\">* Consultar para m\u00e1s detalles.<\/span><\/td>\n<\/tr>\n<tr style=\"height: 24px;\">\n<td style=\"height: 24px; width: 212px;\"><span style=\"font-size: 16px; font-family: arial, helvetica, sans-serif;\"><strong>QU\u00c9 USAR?<\/strong><\/span><\/td>\n<td style=\"height: 24px; width: 634px;\"><span style=\"font-size: 16px; font-family: arial, helvetica, sans-serif;\">Ropa c\u00f3moda, zapatos para caminar, sombrero, chaqueta y protector solar.<\/span><\/td>\n<\/tr>\n<tr style=\"height: 23px;\">\n<td style=\"height: 23px; width: 212px;\"><span style=\"font-size: 16px; font-family: arial, helvetica, sans-serif;\"><strong>INCLUYE<\/strong><\/span><\/td>\n<td style=\"height: 23px; width: 634px;\"><span style=\"font-size: 16px; font-family: arial, helvetica, sans-serif;\"><i class=\"fa fa-check icon-tick icon-tick--on\"><\/i> Alojamiento en hoteles y habitaciones seleccionadas.<\/span><br \/>\n<span style=\"font-size: 16px; font-family: arial, helvetica, sans-serif;\"> <i class=\"fa fa-check icon-tick icon-tick--on\"><\/i> Gu\u00eda naturalista biling\u00fce, en cada isla visitada o actividad.<\/span><br \/>\n<span style=\"font-size: 16px; font-family: arial, helvetica, sans-serif;\"><i class=\"fa fa-check icon-tick icon-tick--on\"><\/i> Todas las comidas<\/span><br \/>\n<span style=\"font-size: 16px; font-family: arial, helvetica, sans-serif;\"><i class=\"fa fa-check icon-tick icon-tick--on\"><\/i>\u00a0Ponchos de agua y botas de cacucho<\/span><br \/>\n<span style=\"font-size: 16px; font-family: arial, helvetica, sans-serif;\"><i class=\"fa fa-check icon-tick icon-tick--on\"><\/i> Transferencia de ( base compartida ), incluye entrada y visita al cr\u00e1ter del Pululahua y el sitio arqueol\u00f3gico de Tulipe.<\/span><br \/>\n<span style=\"font-size: 16px; font-family: arial, helvetica, sans-serif;\"><i class=\"fa fa-check icon-tick icon-tick--on\"><\/i> Traslado de salida ( Mashpi &#8211; Quito , de manera compartida).<\/span><\/td>\n<\/tr>\n<tr style=\"height: 38px;\">\n<td style=\"height: 38px; width: 212px;\"><span style=\"font-size: 16px; font-family: arial, helvetica, sans-serif;\"><b>NO INCLUYE<\/b><\/span><\/td>\n<td style=\"height: 38px; width: 634px;\"><span style=\"font-size: 16px; font-family: arial, helvetica, sans-serif;\"><i class=\"fa fa-times icon-tick icon-tick--off\"><\/i> Transporte.<\/span><br \/>\n<span style=\"font-size: 16px; font-family: arial, helvetica, sans-serif;\"> <i class=\"fa fa-times icon-tick icon-tick--off\"><\/i>\u00a0Gastos no especificados en el programa.<\/span><br \/>\n<span style=\"font-size: 16px; font-family: arial, helvetica, sans-serif;\"> <i class=\"fa fa-times icon-tick icon-tick--off\"><\/i>\u00a0Bebidas gaseosas y alcoh\u00f3licas.<\/span><br \/>\n<span style=\"font-size: 16px; font-family: arial, helvetica, sans-serif;\"> <i class=\"fa fa-times icon-tick icon-tick--off\"><\/i> Tips &amp;\u00a0Extras.<\/span><\/td>\n<\/tr>\n<\/tbody>\n<\/table>\n<p>[vc_row][vc_column el_class=&#8221;accocruise&#8221;][vc_column_text]\n<div class=\"panel panel-default accordion__item\">\n\t<div class=\"panel-heading accordion__item__title-wrap\">\n\t\t<h4 class=\"panel-title\">\n\t\t\t<a data-toggle=\"collapse\" data-parent=\"#ataccordion0\" href=\"#ataccordion0_1\" class=\"accordion__item__link collapsed\">Solicite m\u00e1s informaci\u00f3n<\/a>\n\t\t<\/h4>\n\t<\/div>\n\t<div id=\"ataccordion0_1\" class=\"panel-collapse collapse\">\n\t\t<div class=\"panel-body accordion__item__content\">\n                <div class=\"ml-embedded\" data-form=\"PUrJ7g\"><\/div>\n            \n<\/div>\n\t<\/div>\n<\/div>[\/vc_column_text][\/vc_column][\/vc_row]<\/p>\n<\/div>","protected":false},"excerpt":{"rendered":"<p>Mashpi Lodge &#8211; Mindo Ecuador Al entrar en la selva, se dar\u00e1 cuenta de la vida que hay a cada paso: hongos con bioluminiscencia, troncos de \u00e1rboles adornados con orqu\u00eddeas, l\u00edquenes y musgos, helechos gigantes, nubes de humedad y neblina. Y luego se escucha el sonido de un torrente de agua, una cascada en medio<\/p>\n<div class=\"padding-top text-center\"><a href=\"https:\/\/naturegalapagos.com\/es\/ecuador-tours\/mindo\/mashpi-lodge\/\" class=\"atbtn atbtn--medium atbtn--rounded atbtn--transparent\">Leer m\u00e1s<i class=\"atbtn__icon atbtn__icon--right fa fa-long-arrow-right\"><\/i><\/a><\/div>\n","protected":false},"featured_media":2385,"comment_status":"open","ping_status":"closed","template":"","meta":{"_joinchat":[]},"product_brand":[],"product_cat":[3599],"product_tag":[],"class_list":{"0":"post-2345","1":"product","2":"type-product","3":"status-publish","4":"has-post-thumbnail","6":"product_cat-sin-categoria","7":"tour_category-tours-a-mindo","9":"first","10":"instock","11":"taxable","12":"shipping-taxable","13":"product-type-tour"},"yoast_head":"<!-- This site is optimized with the Yoast SEO Premium plugin v25.6 (Yoast SEO v26.1.1) - https:\/\/yoast.com\/wordpress\/plugins\/seo\/ -->\n<title>Mashpi Lodge, un lugar lleno de vida y cerca de la capital.<\/title>\n<meta name=\"description\" content=\"Al Entrar en Mashpi Lodge - Mindo, Ecuador se dar\u00e1 cuenta de la vida que hay a cada paso, uno de los lugares con mas vida en todo el mundo. Clic aqu\u00ed!\" \/>\n<meta name=\"robots\" content=\"index, follow, max-snippet:-1, max-image-preview:large, max-video-preview:-1\" \/>\n<link rel=\"canonical\" href=\"https:\/\/naturegalapagos.com\/es\/ecuador-tours\/mindo\/mashpi-lodge\/\" \/>\n<meta property=\"og:locale\" content=\"es_ES\" \/>\n<meta property=\"og:type\" content=\"article\" \/>\n<meta property=\"og:title\" content=\"Mashpi Lodge, un lugar lleno de vida y cerca de la capital.\" \/>\n<meta property=\"og:description\" content=\"Al Entrar en Mashpi Lodge - Mindo, Ecuador se dar\u00e1 cuenta de la vida que hay a cada paso, uno de los lugares con mas vida en todo el mundo. Clic aqu\u00ed!\" \/>\n<meta property=\"og:url\" content=\"https:\/\/naturegalapagos.com\/es\/ecuador-tours\/mindo\/mashpi-lodge\/\" \/>\n<meta property=\"og:site_name\" content=\"Espa\u00f1ol - Nature Galapagos &amp; Ecuador\" \/>\n<meta property=\"article:publisher\" content=\"https:\/\/www.facebook.com\/naturegalapagosecuador\/\" \/>\n<meta property=\"article:modified_time\" content=\"2025-01-02T14:54:47+00:00\" \/>\n<meta property=\"og:image\" content=\"https:\/\/naturegalapagos.com\/es\/wp-content\/uploads\/sites\/3\/2015\/08\/mashpi-lodge-mindo.jpg\" \/>\n\t<meta property=\"og:image:width\" content=\"1024\" \/>\n\t<meta property=\"og:image:height\" content=\"512\" \/>\n\t<meta property=\"og:image:type\" content=\"image\/jpeg\" \/>\n<meta name=\"twitter:card\" content=\"summary_large_image\" \/>\n<meta name=\"twitter:title\" content=\"Mashpi Lodge, un lugar lleno de vida y cerca de la capital.\" \/>\n<meta name=\"twitter:description\" content=\"Al Entrar en Mashpi Lodge - Mindo, Ecuador se dar\u00e1 cuenta de la vida que hay a cada paso, uno de los lugares con mas vida en todo el mundo. Clic aqu\u00ed!\" \/>\n<meta name=\"twitter:site\" content=\"@naturegalapagos\" \/>\n<meta name=\"twitter:label1\" content=\"Tiempo de lectura\" \/>\n\t<meta name=\"twitter:data1\" content=\"3 minutos\" \/>\n<!-- \/ Yoast SEO Premium plugin. -->","yoast_head_json":{"title":"Mashpi Lodge, un lugar lleno de vida y cerca de la capital.","description":"Al Entrar en Mashpi Lodge - Mindo, Ecuador se dar\u00e1 cuenta de la vida que hay a cada paso, uno de los lugares con mas vida en todo el mundo. Clic aqu\u00ed!","robots":{"index":"index","follow":"follow","max-snippet":"max-snippet:-1","max-image-preview":"max-image-preview:large","max-video-preview":"max-video-preview:-1"},"canonical":"https:\/\/naturegalapagos.com\/es\/ecuador-tours\/mindo\/mashpi-lodge\/","og_locale":"es_ES","og_type":"article","og_title":"Mashpi Lodge, un lugar lleno de vida y cerca de la capital.","og_description":"Al Entrar en Mashpi Lodge - Mindo, Ecuador se dar\u00e1 cuenta de la vida que hay a cada paso, uno de los lugares con mas vida en todo el mundo. Clic aqu\u00ed!","og_url":"https:\/\/naturegalapagos.com\/es\/ecuador-tours\/mindo\/mashpi-lodge\/","og_site_name":"Espa\u00f1ol - Nature Galapagos &amp; Ecuador","article_publisher":"https:\/\/www.facebook.com\/naturegalapagosecuador\/","article_modified_time":"2025-01-02T14:54:47+00:00","og_image":[{"width":1024,"height":512,"url":"https:\/\/naturegalapagos.com\/es\/wp-content\/uploads\/sites\/3\/2015\/08\/mashpi-lodge-mindo.jpg","type":"image\/jpeg"}],"twitter_card":"summary_large_image","twitter_title":"Mashpi Lodge, un lugar lleno de vida y cerca de la capital.","twitter_description":"Al Entrar en Mashpi Lodge - Mindo, Ecuador se dar\u00e1 cuenta de la vida que hay a cada paso, uno de los lugares con mas vida en todo el mundo. Clic aqu\u00ed!","twitter_site":"@naturegalapagos","twitter_misc":{"Tiempo de lectura":"3 minutos"},"schema":{"@context":"https:\/\/schema.org","@graph":[{"@type":"WebPage","@id":"https:\/\/naturegalapagos.com\/es\/ecuador-tours\/mindo\/mashpi-lodge\/","url":"https:\/\/naturegalapagos.com\/es\/ecuador-tours\/mindo\/mashpi-lodge\/","name":"Mashpi Lodge, un lugar lleno de vida y cerca de la capital.","isPartOf":{"@id":"https:\/\/naturegalapagos.com\/es\/#website"},"primaryImageOfPage":{"@id":"https:\/\/naturegalapagos.com\/es\/ecuador-tours\/mindo\/mashpi-lodge\/#primaryimage"},"image":{"@id":"https:\/\/naturegalapagos.com\/es\/ecuador-tours\/mindo\/mashpi-lodge\/#primaryimage"},"thumbnailUrl":"https:\/\/naturegalapagos.com\/es\/wp-content\/uploads\/sites\/3\/2015\/08\/mashpi-lodge-mindo.jpg","datePublished":"2025-01-02T14:54:18+00:00","dateModified":"2025-01-02T14:54:47+00:00","description":"Al Entrar en Mashpi Lodge - Mindo, Ecuador se dar\u00e1 cuenta de la vida que hay a cada paso, uno de los lugares con mas vida en todo el mundo. Clic aqu\u00ed!","breadcrumb":{"@id":"https:\/\/naturegalapagos.com\/es\/ecuador-tours\/mindo\/mashpi-lodge\/#breadcrumb"},"inLanguage":"es","potentialAction":[{"@type":"ReadAction","target":["https:\/\/naturegalapagos.com\/es\/ecuador-tours\/mindo\/mashpi-lodge\/"]}]},{"@type":"ImageObject","inLanguage":"es","@id":"https:\/\/naturegalapagos.com\/es\/ecuador-tours\/mindo\/mashpi-lodge\/#primaryimage","url":"https:\/\/naturegalapagos.com\/es\/wp-content\/uploads\/sites\/3\/2015\/08\/mashpi-lodge-mindo.jpg","contentUrl":"https:\/\/naturegalapagos.com\/es\/wp-content\/uploads\/sites\/3\/2015\/08\/mashpi-lodge-mindo.jpg","width":1024,"height":512,"caption":"Mashpi Lodge Mindo"},{"@type":"BreadcrumbList","@id":"https:\/\/naturegalapagos.com\/es\/ecuador-tours\/mindo\/mashpi-lodge\/#breadcrumb","itemListElement":[{"@type":"ListItem","position":1,"name":"Home","item":"https:\/\/naturegalapagos.com\/es\/"},{"@type":"ListItem","position":2,"name":"Tienda","item":"https:\/\/naturegalapagos.com\/es\/tienda\/"},{"@type":"ListItem","position":3,"name":"Mashpi Lodge | Mindo Ecuador"}]},{"@type":"WebSite","@id":"https:\/\/naturegalapagos.com\/es\/#website","url":"https:\/\/naturegalapagos.com\/es\/","name":"Espa\u00f1ol - Nature Galapagos & Ecuador","description":"","publisher":{"@id":"https:\/\/naturegalapagos.com\/es\/#organization"},"potentialAction":[{"@type":"SearchAction","target":{"@type":"EntryPoint","urlTemplate":"https:\/\/naturegalapagos.com\/es\/?s={search_term_string}"},"query-input":{"@type":"PropertyValueSpecification","valueRequired":true,"valueName":"search_term_string"}}],"inLanguage":"es"},{"@type":"Organization","@id":"https:\/\/naturegalapagos.com\/es\/#organization","name":"Espa\u00f1ol - Nature Galapagos & Ecuador","url":"https:\/\/naturegalapagos.com\/es\/","logo":{"@type":"ImageObject","inLanguage":"es","@id":"https:\/\/naturegalapagos.com\/es\/#\/schema\/logo\/image\/","url":"https:\/\/naturegalapagos.com\/es\/wp-content\/uploads\/sites\/3\/2016\/10\/Nature-Galapagos-Logo-COM-300x300.jpg","contentUrl":"https:\/\/naturegalapagos.com\/es\/wp-content\/uploads\/sites\/3\/2016\/10\/Nature-Galapagos-Logo-COM-300x300.jpg","width":300,"height":300,"caption":"Espa\u00f1ol - Nature Galapagos & Ecuador"},"image":{"@id":"https:\/\/naturegalapagos.com\/es\/#\/schema\/logo\/image\/"},"sameAs":["https:\/\/www.facebook.com\/naturegalapagosecuador\/","https:\/\/x.com\/naturegalapagos","https:\/\/www.instagram.com\/naturegalapagos\/","https:\/\/www.pinterest.com\/Naturegalapagos\/","https:\/\/www.youtube.com\/user\/NatureGalapagosTours"]}]}},"_links":{"self":[{"href":"https:\/\/naturegalapagos.com\/es\/wp-json\/wp\/v2\/product\/2345","targetHints":{"allow":["GET"]}}],"collection":[{"href":"https:\/\/naturegalapagos.com\/es\/wp-json\/wp\/v2\/product"}],"about":[{"href":"https:\/\/naturegalapagos.com\/es\/wp-json\/wp\/v2\/types\/product"}],"replies":[{"embeddable":true,"href":"https:\/\/naturegalapagos.com\/es\/wp-json\/wp\/v2\/comments?post=2345"}],"wp:featuredmedia":[{"embeddable":true,"href":"https:\/\/naturegalapagos.com\/es\/wp-json\/wp\/v2\/media\/2385"}],"wp:attachment":[{"href":"https:\/\/naturegalapagos.com\/es\/wp-json\/wp\/v2\/media?parent=2345"}],"wp:term":[{"taxonomy":"product_brand","embeddable":true,"href":"https:\/\/naturegalapagos.com\/es\/wp-json\/wp\/v2\/product_brand?post=2345"},{"taxonomy":"product_cat","embeddable":true,"href":"https:\/\/naturegalapagos.com\/es\/wp-json\/wp\/v2\/product_cat?post=2345"},{"taxonomy":"product_tag","embeddable":true,"href":"https:\/\/naturegalapagos.com\/es\/wp-json\/wp\/v2\/product_tag?post=2345"}],"curies":[{"name":"wp","href":"https:\/\/api.w.org\/{rel}","templated":true}]}}