{"id":2531,"date":"2024-12-27T09:19:55","date_gmt":"2024-12-27T14:19:55","guid":{"rendered":"http:\/\/naturegalapagos.com\/es\/amazonia-ecuatoriana\/suchipakari-jungle-lodge\/discovery-tours"},"modified":"2024-12-27T09:40:12","modified_gmt":"2024-12-27T14:40:12","slug":"floreana-lava-lodge-galapagos","status":"publish","type":"product","link":"https:\/\/naturegalapagos.com\/es\/hoteles-en-galapagos\/floreana-galapagos\/floreana-lava-lodge-galapagos\/","title":{"rendered":"Floreana Lava Lodge Galapagos"},"content":{"rendered":"<div class=\"wpb-content-wrapper\"><h2><span style=\"font-size: 18pt; font-family: arial, helvetica, sans-serif;\"><strong>Floreana Lava Lodge Galapagos<\/strong><\/span><\/h2>\n<p><span style=\"font-family: arial, helvetica, sans-serif;\">El F<strong>loreana Lava Lodge Galapagos<\/strong> tiene 10 caba\u00f1as independientes, cada una equipada con 2 camas individuales (literas con capacidad para 3 personas est\u00e1n tambi\u00e9n disponibles). Cada caba\u00f1a frente al mar tiene su propio cuarto de ba\u00f1o, porche y zona de sombra para ofrecer privacidad y disfrute del pabell\u00f3n est\u00e9 al aire libre tambi\u00e9n tiene un \u00e1rea com\u00fan donde los hu\u00e9spedes pueden relajarse juntos y disfrutar de una copa de bienvenida mientras disfrutan de las sorprendentes<strong> puestas de sol en Gal\u00e1pagos<\/strong>.<\/span><\/p>\n<p><span style=\"font-family: arial, helvetica, sans-serif;\">El <strong>Floreana Lava Lodge Galapagos<\/strong> se encuentra frente a la playa en la apartada isla Floreana, la isla habitada m\u00e1s peque\u00f1a de Gal\u00e1pagos. Este establecimiento ecol\u00f3gico ofrece un alojamiento sencillo con vistas al oc\u00e9ano y conexi\u00f3n Wi-Fi gratuita. Las habitaciones del lodge est\u00e1n situadas en caba\u00f1as de madera de estilo r\u00fastico con terraza privada. Disponen de ba\u00f1o, caja fuerte, escritorio y ropa de cama.<\/span><\/p>\n<p><span style=\"font-family: arial, helvetica, sans-serif;\">El Floreana Lava Lodge Galapagos cuenta con recepci\u00f3n las 24 horas y un mostrador de informaci\u00f3n tur\u00edstica. A 10 minutos a pie, en la peque\u00f1a localidad de <strong>Puerto Velasco Ibarra<\/strong>, hay varios restaurantes y tiendas locales. La bahia del Correo queda a unos 8 km. Este lodge es ideal para explorar la hermosa costa virgen de Floreana. Se puede llegar a la isla en barco desde la isla de Santa Cruz, donde hay un aeropuerto que ofrece conexiones con el Ecuador continental.<\/span><\/p>\n<p>[vc_row][vc_column el_class=&#8221;accocruise&#8221;][vc_column_text]\n<div class=\"panel panel-default accordion__item\">\n\t<div class=\"panel-heading accordion__item__title-wrap\">\n\t\t<h4 class=\"panel-title\">\n\t\t\t<a data-toggle=\"collapse\" data-parent=\"#ataccordion0\" href=\"#ataccordion0_1\" class=\"accordion__item__link collapsed\">Solicite m\u00e1s informaci\u00f3n<\/a>\n\t\t<\/h4>\n\t<\/div>\n\t<div id=\"ataccordion0_1\" class=\"panel-collapse collapse\">\n\t\t<div class=\"panel-body accordion__item__content\">\n                <div class=\"ml-embedded\" data-form=\"Jd6lRr\"><\/div>\n            \n<\/div>\n\t<\/div>\n<\/div>[\/vc_column_text][\/vc_column][\/vc_row]<\/p>\n<\/div>","protected":false},"excerpt":{"rendered":"<p>Floreana Lava Lodge Galapagos El Floreana Lava Lodge Galapagos tiene 10 caba\u00f1as independientes, cada una equipada con 2 camas individuales (literas con capacidad para 3 personas est\u00e1n tambi\u00e9n disponibles). Cada caba\u00f1a frente al mar tiene su propio cuarto de ba\u00f1o, porche y zona de sombra para ofrecer privacidad y disfrute del pabell\u00f3n est\u00e9 al aire<\/p>\n<div class=\"padding-top text-center\"><a href=\"https:\/\/naturegalapagos.com\/es\/hoteles-en-galapagos\/floreana-galapagos\/floreana-lava-lodge-galapagos\/\" class=\"atbtn atbtn--medium atbtn--rounded atbtn--transparent\">Leer m\u00e1s<i class=\"atbtn__icon atbtn__icon--right fa fa-long-arrow-right\"><\/i><\/a><\/div>\n","protected":false},"featured_media":2540,"comment_status":"open","ping_status":"closed","template":"","meta":{"_joinchat":[]},"product_brand":[],"product_cat":[3599],"product_tag":[],"class_list":{"0":"post-2531","1":"product","2":"type-product","3":"status-publish","4":"has-post-thumbnail","6":"product_cat-sin-categoria","7":"tour_category-hoteles-en-floreana","9":"first","10":"instock","11":"taxable","12":"shipping-taxable","13":"product-type-tour"},"yoast_head":"<!-- This site is optimized with the Yoast SEO Premium plugin v25.6 (Yoast SEO v26.1.1) - https:\/\/yoast.com\/wordpress\/plugins\/seo\/ -->\n<title>Floreana Lava Lodge Galapagos, un lugar para relajarse!<\/title>\n<meta name=\"description\" content=\"El Floreana Lava Lodge Galapagos esta frente a la playa en la apartada isla Floreana, la isla m\u00e1s peque\u00f1a de Gal\u00e1pagos. M\u00e1s informaci\u00f3n clic aqu\u00ed! &quot;NG&amp;E&quot;\" \/>\n<meta name=\"robots\" content=\"index, follow, max-snippet:-1, max-image-preview:large, max-video-preview:-1\" \/>\n<link rel=\"canonical\" href=\"https:\/\/naturegalapagos.com\/es\/hoteles-en-galapagos\/floreana-galapagos\/floreana-lava-lodge-galapagos\/\" \/>\n<meta property=\"og:locale\" content=\"es_ES\" \/>\n<meta property=\"og:type\" content=\"article\" \/>\n<meta property=\"og:title\" content=\"Floreana Lava Lodge Galapagos, un lugar para relajarse!\" \/>\n<meta property=\"og:description\" content=\"El Floreana Lava Lodge Galapagos esta frente a la playa en la apartada isla Floreana, la isla m\u00e1s peque\u00f1a de Gal\u00e1pagos. M\u00e1s informaci\u00f3n clic aqu\u00ed! &quot;NG&amp;E&quot;\" \/>\n<meta property=\"og:url\" content=\"https:\/\/naturegalapagos.com\/es\/hoteles-en-galapagos\/floreana-galapagos\/floreana-lava-lodge-galapagos\/\" \/>\n<meta property=\"og:site_name\" content=\"Espa\u00f1ol - Nature Galapagos &amp; Ecuador\" \/>\n<meta property=\"article:publisher\" content=\"https:\/\/www.facebook.com\/naturegalapagosecuador\/\" \/>\n<meta property=\"article:modified_time\" content=\"2024-12-27T14:40:12+00:00\" \/>\n<meta property=\"og:image\" content=\"https:\/\/naturegalapagos.com\/es\/wp-content\/uploads\/sites\/3\/2016\/07\/floreana-lava-lodge-galapagos-caba\u00f1as.jpg\" \/>\n\t<meta property=\"og:image:width\" content=\"1024\" \/>\n\t<meta property=\"og:image:height\" content=\"512\" \/>\n\t<meta property=\"og:image:type\" content=\"image\/jpeg\" \/>\n<meta name=\"twitter:card\" content=\"summary_large_image\" \/>\n<meta name=\"twitter:title\" content=\"Floreana Lava Lodge Galapagos, un lugar para relajarse!\" \/>\n<meta name=\"twitter:description\" content=\"El Floreana Lava Lodge Galapagos esta frente a la playa en la apartada isla Floreana, la isla m\u00e1s peque\u00f1a de Gal\u00e1pagos. M\u00e1s informaci\u00f3n clic aqu\u00ed! &quot;NG&amp;E&quot;\" \/>\n<meta name=\"twitter:site\" content=\"@naturegalapagos\" \/>\n<meta name=\"twitter:label1\" content=\"Tiempo de lectura\" \/>\n\t<meta name=\"twitter:data1\" content=\"2 minutos\" \/>\n<!-- \/ Yoast SEO Premium plugin. -->","yoast_head_json":{"title":"Floreana Lava Lodge Galapagos, un lugar para relajarse!","description":"El Floreana Lava Lodge Galapagos esta frente a la playa en la apartada isla Floreana, la isla m\u00e1s peque\u00f1a de Gal\u00e1pagos. M\u00e1s informaci\u00f3n clic aqu\u00ed! \"NG&E\"","robots":{"index":"index","follow":"follow","max-snippet":"max-snippet:-1","max-image-preview":"max-image-preview:large","max-video-preview":"max-video-preview:-1"},"canonical":"https:\/\/naturegalapagos.com\/es\/hoteles-en-galapagos\/floreana-galapagos\/floreana-lava-lodge-galapagos\/","og_locale":"es_ES","og_type":"article","og_title":"Floreana Lava Lodge Galapagos, un lugar para relajarse!","og_description":"El Floreana Lava Lodge Galapagos esta frente a la playa en la apartada isla Floreana, la isla m\u00e1s peque\u00f1a de Gal\u00e1pagos. M\u00e1s informaci\u00f3n clic aqu\u00ed! \"NG&E\"","og_url":"https:\/\/naturegalapagos.com\/es\/hoteles-en-galapagos\/floreana-galapagos\/floreana-lava-lodge-galapagos\/","og_site_name":"Espa\u00f1ol - Nature Galapagos &amp; Ecuador","article_publisher":"https:\/\/www.facebook.com\/naturegalapagosecuador\/","article_modified_time":"2024-12-27T14:40:12+00:00","og_image":[{"width":1024,"height":512,"url":"https:\/\/naturegalapagos.com\/es\/wp-content\/uploads\/sites\/3\/2016\/07\/floreana-lava-lodge-galapagos-caba\u00f1as.jpg","type":"image\/jpeg"}],"twitter_card":"summary_large_image","twitter_title":"Floreana Lava Lodge Galapagos, un lugar para relajarse!","twitter_description":"El Floreana Lava Lodge Galapagos esta frente a la playa en la apartada isla Floreana, la isla m\u00e1s peque\u00f1a de Gal\u00e1pagos. M\u00e1s informaci\u00f3n clic aqu\u00ed! \"NG&E\"","twitter_site":"@naturegalapagos","twitter_misc":{"Tiempo de lectura":"2 minutos"},"schema":{"@context":"https:\/\/schema.org","@graph":[{"@type":"WebPage","@id":"https:\/\/naturegalapagos.com\/es\/hoteles-en-galapagos\/floreana-galapagos\/floreana-lava-lodge-galapagos\/","url":"https:\/\/naturegalapagos.com\/es\/hoteles-en-galapagos\/floreana-galapagos\/floreana-lava-lodge-galapagos\/","name":"Floreana Lava Lodge Galapagos, un lugar para relajarse!","isPartOf":{"@id":"https:\/\/naturegalapagos.com\/es\/#website"},"primaryImageOfPage":{"@id":"https:\/\/naturegalapagos.com\/es\/hoteles-en-galapagos\/floreana-galapagos\/floreana-lava-lodge-galapagos\/#primaryimage"},"image":{"@id":"https:\/\/naturegalapagos.com\/es\/hoteles-en-galapagos\/floreana-galapagos\/floreana-lava-lodge-galapagos\/#primaryimage"},"thumbnailUrl":"https:\/\/naturegalapagos.com\/es\/wp-content\/uploads\/sites\/3\/2016\/07\/floreana-lava-lodge-galapagos-caba\u00f1as.jpg","datePublished":"2024-12-27T14:19:55+00:00","dateModified":"2024-12-27T14:40:12+00:00","description":"El Floreana Lava Lodge Galapagos esta frente a la playa en la apartada isla Floreana, la isla m\u00e1s peque\u00f1a de Gal\u00e1pagos. M\u00e1s informaci\u00f3n clic aqu\u00ed! \"NG&E\"","breadcrumb":{"@id":"https:\/\/naturegalapagos.com\/es\/hoteles-en-galapagos\/floreana-galapagos\/floreana-lava-lodge-galapagos\/#breadcrumb"},"inLanguage":"es","potentialAction":[{"@type":"ReadAction","target":["https:\/\/naturegalapagos.com\/es\/hoteles-en-galapagos\/floreana-galapagos\/floreana-lava-lodge-galapagos\/"]}]},{"@type":"ImageObject","inLanguage":"es","@id":"https:\/\/naturegalapagos.com\/es\/hoteles-en-galapagos\/floreana-galapagos\/floreana-lava-lodge-galapagos\/#primaryimage","url":"https:\/\/naturegalapagos.com\/es\/wp-content\/uploads\/sites\/3\/2016\/07\/floreana-lava-lodge-galapagos-caba\u00f1as.jpg","contentUrl":"https:\/\/naturegalapagos.com\/es\/wp-content\/uploads\/sites\/3\/2016\/07\/floreana-lava-lodge-galapagos-caba\u00f1as.jpg","width":1024,"height":512,"caption":"Floreana Lava Lodge Galapagos Caba\u00f1as"},{"@type":"BreadcrumbList","@id":"https:\/\/naturegalapagos.com\/es\/hoteles-en-galapagos\/floreana-galapagos\/floreana-lava-lodge-galapagos\/#breadcrumb","itemListElement":[{"@type":"ListItem","position":1,"name":"Home","item":"https:\/\/naturegalapagos.com\/es\/"},{"@type":"ListItem","position":2,"name":"Tienda","item":"https:\/\/naturegalapagos.com\/es\/tienda\/"},{"@type":"ListItem","position":3,"name":"Floreana Lava Lodge Galapagos"}]},{"@type":"WebSite","@id":"https:\/\/naturegalapagos.com\/es\/#website","url":"https:\/\/naturegalapagos.com\/es\/","name":"Espa\u00f1ol - Nature Galapagos & Ecuador","description":"","publisher":{"@id":"https:\/\/naturegalapagos.com\/es\/#organization"},"potentialAction":[{"@type":"SearchAction","target":{"@type":"EntryPoint","urlTemplate":"https:\/\/naturegalapagos.com\/es\/?s={search_term_string}"},"query-input":{"@type":"PropertyValueSpecification","valueRequired":true,"valueName":"search_term_string"}}],"inLanguage":"es"},{"@type":"Organization","@id":"https:\/\/naturegalapagos.com\/es\/#organization","name":"Espa\u00f1ol - Nature Galapagos & Ecuador","url":"https:\/\/naturegalapagos.com\/es\/","logo":{"@type":"ImageObject","inLanguage":"es","@id":"https:\/\/naturegalapagos.com\/es\/#\/schema\/logo\/image\/","url":"https:\/\/naturegalapagos.com\/es\/wp-content\/uploads\/sites\/3\/2016\/10\/Nature-Galapagos-Logo-COM-300x300.jpg","contentUrl":"https:\/\/naturegalapagos.com\/es\/wp-content\/uploads\/sites\/3\/2016\/10\/Nature-Galapagos-Logo-COM-300x300.jpg","width":300,"height":300,"caption":"Espa\u00f1ol - Nature Galapagos & Ecuador"},"image":{"@id":"https:\/\/naturegalapagos.com\/es\/#\/schema\/logo\/image\/"},"sameAs":["https:\/\/www.facebook.com\/naturegalapagosecuador\/","https:\/\/x.com\/naturegalapagos","https:\/\/www.instagram.com\/naturegalapagos\/","https:\/\/www.pinterest.com\/Naturegalapagos\/","https:\/\/www.youtube.com\/user\/NatureGalapagosTours"]}]}},"_links":{"self":[{"href":"https:\/\/naturegalapagos.com\/es\/wp-json\/wp\/v2\/product\/2531","targetHints":{"allow":["GET"]}}],"collection":[{"href":"https:\/\/naturegalapagos.com\/es\/wp-json\/wp\/v2\/product"}],"about":[{"href":"https:\/\/naturegalapagos.com\/es\/wp-json\/wp\/v2\/types\/product"}],"replies":[{"embeddable":true,"href":"https:\/\/naturegalapagos.com\/es\/wp-json\/wp\/v2\/comments?post=2531"}],"wp:featuredmedia":[{"embeddable":true,"href":"https:\/\/naturegalapagos.com\/es\/wp-json\/wp\/v2\/media\/2540"}],"wp:attachment":[{"href":"https:\/\/naturegalapagos.com\/es\/wp-json\/wp\/v2\/media?parent=2531"}],"wp:term":[{"taxonomy":"product_brand","embeddable":true,"href":"https:\/\/naturegalapagos.com\/es\/wp-json\/wp\/v2\/product_brand?post=2531"},{"taxonomy":"product_cat","embeddable":true,"href":"https:\/\/naturegalapagos.com\/es\/wp-json\/wp\/v2\/product_cat?post=2531"},{"taxonomy":"product_tag","embeddable":true,"href":"https:\/\/naturegalapagos.com\/es\/wp-json\/wp\/v2\/product_tag?post=2531"}],"curies":[{"name":"wp","href":"https:\/\/api.w.org\/{rel}","templated":true}]}}