{"id":2548,"date":"2025-01-02T12:09:02","date_gmt":"2025-01-02T17:09:02","guid":{"rendered":"http:\/\/naturegalapagos.com\/es\/hoteles-en-galapagos\/isabela-galapagos\/casa-de-marita"},"modified":"2025-01-02T12:23:07","modified_gmt":"2025-01-02T17:23:07","slug":"la-casa-de-marita","status":"publish","type":"product","link":"https:\/\/naturegalapagos.com\/es\/hoteles-en-galapagos\/isabela-galapagos\/casa-de-marita\/","title":{"rendered":"La Casa de Marita"},"content":{"rendered":"<div class=\"wpb-content-wrapper\"><h2><span style=\"font-family: arial, helvetica, sans-serif; font-size: 18pt;\"><strong>La Casa de Marita<\/strong><\/span><\/h2>\n<p><span style=\"font-family: arial, helvetica, sans-serif;\">Bienvenido a Casa de Marita, un hotel \u00fanico frente al mar en la isla Isabela, en el coraz\u00f3n de las Gal\u00e1pagos. Aqu\u00ed, cada habitaci\u00f3n ofrece no solo un dise\u00f1o distintivo, sino tambi\u00e9n el encanto de la belleza natural de Isabela. Adem\u00e1s, nuestras habitaciones ofrecen impresionantes vistas al mar o al exuberante jard\u00edn, lo que hace que su estad\u00eda sea una verdadera escapada al para\u00edso.<\/span><\/p>\n<h3><span style=\"font-family: arial, helvetica, sans-serif;\">Opciones de habitaci\u00f3n<\/span><\/h3>\n<ul>\n<li><span style=\"font-family: arial, helvetica, sans-serif;\"><strong>King OceanFront<\/strong><\/span><br \/>\n<span style=\"font-family: arial, helvetica, sans-serif;\">Nuestras amplias habitaciones principales, completas con balcones con vista al mar, brindan una experiencia inigualable. Adem\u00e1s, estas habitaciones le permiten relajarse con el sonido de las olas.<\/span><\/li>\n<li><span style=\"font-family: arial, helvetica, sans-serif;\"><strong>Queen Garden View<\/strong><\/span><br \/>\n<span style=\"font-family: arial, helvetica, sans-serif;\">Rodeadas de vegetaci\u00f3n vibrante y con el relajante tel\u00f3n de fondo de las olas del oc\u00e9ano, estas habitaciones brindan una experiencia acogedora e inmersiva en la isla.<\/span><\/li>\n<li><span style=\"font-family: arial, helvetica, sans-serif;\"><strong>Twin Garden View<\/strong><\/span><br \/>\n<span style=\"font-family: arial, helvetica, sans-serif;\">Al igual que las habitaciones Queen Garden View, estas habitaciones twin est\u00e1n ubicadas en un entorno exuberante, lo que permite a los hu\u00e9spedes sentirse conectados con la naturaleza.<\/span><\/li>\n<li><span style=\"font-family: arial, helvetica, sans-serif;\"><strong>Standard Queen | Twin<\/strong><\/span><br \/>\n<span style=\"font-family: arial, helvetica, sans-serif;\">Distantes a la calle y adyacentes a nuestro jard\u00edn decorativo, estas habitaciones son ideales para quienes buscan comodidad y conveniencia a un precio atractivo.<\/span><\/li>\n<\/ul>\n<h3><span style=\"font-family: arial, helvetica, sans-serif;\">Descubra los atractivos de la isla Isabela<\/span><\/h3>\n<p><span style=\"font-family: arial, helvetica, sans-serif;\"><strong>Las Tintoreras<\/strong><\/span><br \/>\n<span style=\"font-family: arial, helvetica, sans-serif;\">Estas peque\u00f1as islas volc\u00e1nicas, rodeadas de aguas turquesas, son el hogar de tiburones de arrecife de punta blanca, conocidos como &#8220;tintoreras&#8221;. Aqu\u00ed encontrar\u00e1 impresionantes rocas volc\u00e1nicas y exuberantes manglares, un lugar ideal para una experiencia \u00fanica en Gal\u00e1pagos.<\/span><\/p>\n<p><span style=\"font-family: arial, helvetica, sans-serif;\"><strong>Los T\u00faneles<\/strong><\/span><br \/>\n<span style=\"font-family: arial, helvetica, sans-serif;\">En contraste, Los T\u00faneles ofrece un laberinto de formaciones de lava y aguas cristalinas. Los arcos y t\u00faneles naturales, formados por fuerzas volc\u00e1nicas, crean un mundo submarino sereno lleno de vida marina vibrante.<\/span><\/p>\n<p><span style=\"font-family: arial, helvetica, sans-serif;\"><strong>Volc\u00e1n Sierra Negra<\/strong><\/span><br \/>\n<span style=\"font-family: arial, helvetica, sans-serif;\">Con la segunda caldera m\u00e1s grande del mundo, Sierra Negra es el volc\u00e1n activo m\u00e1s antiguo de Isabela y se erige como un majestuoso recordatorio de los or\u00edgenes volc\u00e1nicos de la isla.<\/span><\/p>\n<p><span style=\"font-family: arial, helvetica, sans-serif;\"><strong>La granja de Marita<\/strong><\/span><br \/>\n<span style=\"font-family: arial, helvetica, sans-serif;\">La granja sostenible de Marita es parte de nuestros esfuerzos continuos para garantizar pr\u00e1cticas ecol\u00f3gicas en Isabela. Los hu\u00e9spedes no solo pueden explorar esta granja, sino que tambi\u00e9n pueden aprender sobre nuestras iniciativas de sostenibilidad.<\/span><\/p>\n<p><span style=\"font-family: arial, helvetica, sans-serif;\">En Casa de Marita, no solo ofrecemos un lugar para hospedarse, sino una experiencia que lo sumerge en la extraordinaria belleza de las Gal\u00e1pagos. Por eso, ya sea que est\u00e9 aqu\u00ed para vivir aventuras o relajarse, Casa de Marita y la isla Isabela le prometen recuerdos que durar\u00e1n toda la vida.<\/span><\/p>\n<p>[vc_row][vc_column el_class=&#8221;accocruise&#8221;][vc_column_text]\n<div class=\"panel panel-default accordion__item\">\n\t<div class=\"panel-heading accordion__item__title-wrap\">\n\t\t<h4 class=\"panel-title\">\n\t\t\t<a data-toggle=\"collapse\" data-parent=\"#ataccordion0\" href=\"#ataccordion0_1\" class=\"accordion__item__link collapsed\">Solicite m\u00e1s informaci\u00f3n<\/a>\n\t\t<\/h4>\n\t<\/div>\n\t<div id=\"ataccordion0_1\" class=\"panel-collapse collapse\">\n\t\t<div class=\"panel-body accordion__item__content\">\n<div class=\"ml-embedded\" data-form=\"XuHL77\"><\/div>\n<\/div>\n\t<\/div>\n<\/div>[\/vc_column_text][\/vc_column][\/vc_row]<\/p>\n<\/div>","protected":false},"excerpt":{"rendered":"<p>El Floreana Lava Lodge tiene 10 caba\u00f1as independientes, cada una equipada con 2 camas individuales (literas con capacidad para 3 personas est\u00e1n tambi\u00e9n disponibles).\u00a0Cada caba\u00f1a frente al mar tiene su propio cuarto de ba\u00f1o, porche y zona de sombra para ofrecer privacidad y disfrute del pabell\u00f3n est\u00e9 al aire libre tambi\u00e9n tiene un \u00e1rea com\u00fan donde los hu\u00e9spedes pueden relajarse juntos y disfrutar de una copa de bienvenida mientras disfrutan de las sorprendentes puestas de sol en Gal\u00e1pagos.<\/p>\n","protected":false},"featured_media":7385,"comment_status":"open","ping_status":"closed","template":"","meta":{"_joinchat":[]},"product_brand":[],"product_cat":[3599],"product_tag":[],"class_list":{"0":"post-2548","1":"product","2":"type-product","3":"status-publish","4":"has-post-thumbnail","6":"product_cat-sin-categoria","7":"tour_category-hoteles-en-isabela","9":"first","10":"instock","11":"taxable","12":"shipping-taxable","13":"product-type-tour"},"yoast_head":"<!-- This site is optimized with the Yoast SEO Premium plugin v25.6 (Yoast SEO v26.1.1) - https:\/\/yoast.com\/wordpress\/plugins\/seo\/ -->\n<title>La Casa de Marita | Isabela - Gal\u00e1pagos<\/title>\n<meta name=\"description\" content=\"La Casa de Marita est\u00e1 rodeada de palmeras y de las playas de arena blanca de Puerto Villamil. Internet WIFI gratis. Para m\u00e1s informaci\u00f3n clic aqu\u00ed! &quot;NG&amp;E&quot;\" \/>\n<meta name=\"robots\" content=\"index, follow, max-snippet:-1, max-image-preview:large, max-video-preview:-1\" \/>\n<link rel=\"canonical\" href=\"https:\/\/naturegalapagos.com\/es\/hoteles-en-galapagos\/isabela-galapagos\/casa-de-marita\/\" \/>\n<meta property=\"og:locale\" content=\"es_ES\" \/>\n<meta property=\"og:type\" content=\"article\" \/>\n<meta property=\"og:title\" content=\"La Casa de Marita | Isabela - Gal\u00e1pagos\" \/>\n<meta property=\"og:description\" content=\"La Casa de Marita est\u00e1 rodeada de palmeras y de las playas de arena blanca de Puerto Villamil. Internet WIFI gratis. Para m\u00e1s informaci\u00f3n clic aqu\u00ed! &quot;NG&amp;E&quot;\" \/>\n<meta property=\"og:url\" content=\"https:\/\/naturegalapagos.com\/es\/hoteles-en-galapagos\/isabela-galapagos\/casa-de-marita\/\" \/>\n<meta property=\"og:site_name\" content=\"Espa\u00f1ol - Nature Galapagos &amp; Ecuador\" \/>\n<meta property=\"article:publisher\" content=\"https:\/\/www.facebook.com\/naturegalapagosecuador\/\" \/>\n<meta property=\"article:modified_time\" content=\"2025-01-02T17:23:07+00:00\" \/>\n<meta property=\"og:image\" content=\"https:\/\/naturegalapagos.com\/es\/wp-content\/uploads\/sites\/3\/2016\/07\/la-casa-de-marita-vista.jpg\" \/>\n\t<meta property=\"og:image:width\" content=\"1024\" \/>\n\t<meta property=\"og:image:height\" content=\"512\" \/>\n\t<meta property=\"og:image:type\" content=\"image\/jpeg\" \/>\n<meta name=\"twitter:card\" content=\"summary_large_image\" \/>\n<meta name=\"twitter:title\" content=\"La Casa de Marita | Isabela - Gal\u00e1pagos\" \/>\n<meta name=\"twitter:description\" content=\"La Casa de Marita est\u00e1 rodeada de palmeras y de las playas de arena blanca de Puerto Villamil. Internet WIFI gratis. Para m\u00e1s informaci\u00f3n clic aqu\u00ed! &quot;NG&amp;E&quot;\" \/>\n<meta name=\"twitter:site\" content=\"@naturegalapagos\" \/>\n<meta name=\"twitter:label1\" content=\"Tiempo de lectura\" \/>\n\t<meta name=\"twitter:data1\" content=\"3 minutos\" \/>\n<!-- \/ Yoast SEO Premium plugin. -->","yoast_head_json":{"title":"La Casa de Marita | Isabela - Gal\u00e1pagos","description":"La Casa de Marita est\u00e1 rodeada de palmeras y de las playas de arena blanca de Puerto Villamil. Internet WIFI gratis. Para m\u00e1s informaci\u00f3n clic aqu\u00ed! \"NG&E\"","robots":{"index":"index","follow":"follow","max-snippet":"max-snippet:-1","max-image-preview":"max-image-preview:large","max-video-preview":"max-video-preview:-1"},"canonical":"https:\/\/naturegalapagos.com\/es\/hoteles-en-galapagos\/isabela-galapagos\/casa-de-marita\/","og_locale":"es_ES","og_type":"article","og_title":"La Casa de Marita | Isabela - Gal\u00e1pagos","og_description":"La Casa de Marita est\u00e1 rodeada de palmeras y de las playas de arena blanca de Puerto Villamil. Internet WIFI gratis. Para m\u00e1s informaci\u00f3n clic aqu\u00ed! \"NG&E\"","og_url":"https:\/\/naturegalapagos.com\/es\/hoteles-en-galapagos\/isabela-galapagos\/casa-de-marita\/","og_site_name":"Espa\u00f1ol - Nature Galapagos &amp; Ecuador","article_publisher":"https:\/\/www.facebook.com\/naturegalapagosecuador\/","article_modified_time":"2025-01-02T17:23:07+00:00","og_image":[{"width":1024,"height":512,"url":"https:\/\/naturegalapagos.com\/es\/wp-content\/uploads\/sites\/3\/2016\/07\/la-casa-de-marita-vista.jpg","type":"image\/jpeg"}],"twitter_card":"summary_large_image","twitter_title":"La Casa de Marita | Isabela - Gal\u00e1pagos","twitter_description":"La Casa de Marita est\u00e1 rodeada de palmeras y de las playas de arena blanca de Puerto Villamil. Internet WIFI gratis. Para m\u00e1s informaci\u00f3n clic aqu\u00ed! \"NG&E\"","twitter_site":"@naturegalapagos","twitter_misc":{"Tiempo de lectura":"3 minutos"},"schema":{"@context":"https:\/\/schema.org","@graph":[{"@type":"WebPage","@id":"https:\/\/naturegalapagos.com\/es\/hoteles-en-galapagos\/isabela-galapagos\/casa-de-marita\/","url":"https:\/\/naturegalapagos.com\/es\/hoteles-en-galapagos\/isabela-galapagos\/casa-de-marita\/","name":"La Casa de Marita | Isabela - Gal\u00e1pagos","isPartOf":{"@id":"https:\/\/naturegalapagos.com\/es\/#website"},"primaryImageOfPage":{"@id":"https:\/\/naturegalapagos.com\/es\/hoteles-en-galapagos\/isabela-galapagos\/casa-de-marita\/#primaryimage"},"image":{"@id":"https:\/\/naturegalapagos.com\/es\/hoteles-en-galapagos\/isabela-galapagos\/casa-de-marita\/#primaryimage"},"thumbnailUrl":"https:\/\/naturegalapagos.com\/es\/wp-content\/uploads\/sites\/3\/2025\/01\/hotel-la-casa-de-marita.jpg","datePublished":"2025-01-02T17:09:02+00:00","dateModified":"2025-01-02T17:23:07+00:00","description":"La Casa de Marita est\u00e1 rodeada de palmeras y de las playas de arena blanca de Puerto Villamil. Internet WIFI gratis. Para m\u00e1s informaci\u00f3n clic aqu\u00ed! \"NG&E\"","breadcrumb":{"@id":"https:\/\/naturegalapagos.com\/es\/hoteles-en-galapagos\/isabela-galapagos\/casa-de-marita\/#breadcrumb"},"inLanguage":"es","potentialAction":[{"@type":"ReadAction","target":["https:\/\/naturegalapagos.com\/es\/hoteles-en-galapagos\/isabela-galapagos\/casa-de-marita\/"]}]},{"@type":"ImageObject","inLanguage":"es","@id":"https:\/\/naturegalapagos.com\/es\/hoteles-en-galapagos\/isabela-galapagos\/casa-de-marita\/#primaryimage","url":"https:\/\/naturegalapagos.com\/es\/wp-content\/uploads\/sites\/3\/2025\/01\/hotel-la-casa-de-marita.jpg","contentUrl":"https:\/\/naturegalapagos.com\/es\/wp-content\/uploads\/sites\/3\/2025\/01\/hotel-la-casa-de-marita.jpg","width":1000,"height":668,"caption":"hotel la casa de marita"},{"@type":"BreadcrumbList","@id":"https:\/\/naturegalapagos.com\/es\/hoteles-en-galapagos\/isabela-galapagos\/casa-de-marita\/#breadcrumb","itemListElement":[{"@type":"ListItem","position":1,"name":"Home","item":"https:\/\/naturegalapagos.com\/es\/"},{"@type":"ListItem","position":2,"name":"Tienda","item":"https:\/\/naturegalapagos.com\/es\/tienda\/"},{"@type":"ListItem","position":3,"name":"La Casa de Marita"}]},{"@type":"WebSite","@id":"https:\/\/naturegalapagos.com\/es\/#website","url":"https:\/\/naturegalapagos.com\/es\/","name":"Espa\u00f1ol - Nature Galapagos & Ecuador","description":"","publisher":{"@id":"https:\/\/naturegalapagos.com\/es\/#organization"},"potentialAction":[{"@type":"SearchAction","target":{"@type":"EntryPoint","urlTemplate":"https:\/\/naturegalapagos.com\/es\/?s={search_term_string}"},"query-input":{"@type":"PropertyValueSpecification","valueRequired":true,"valueName":"search_term_string"}}],"inLanguage":"es"},{"@type":"Organization","@id":"https:\/\/naturegalapagos.com\/es\/#organization","name":"Espa\u00f1ol - Nature Galapagos & Ecuador","url":"https:\/\/naturegalapagos.com\/es\/","logo":{"@type":"ImageObject","inLanguage":"es","@id":"https:\/\/naturegalapagos.com\/es\/#\/schema\/logo\/image\/","url":"https:\/\/naturegalapagos.com\/es\/wp-content\/uploads\/sites\/3\/2016\/10\/Nature-Galapagos-Logo-COM-300x300.jpg","contentUrl":"https:\/\/naturegalapagos.com\/es\/wp-content\/uploads\/sites\/3\/2016\/10\/Nature-Galapagos-Logo-COM-300x300.jpg","width":300,"height":300,"caption":"Espa\u00f1ol - Nature Galapagos & Ecuador"},"image":{"@id":"https:\/\/naturegalapagos.com\/es\/#\/schema\/logo\/image\/"},"sameAs":["https:\/\/www.facebook.com\/naturegalapagosecuador\/","https:\/\/x.com\/naturegalapagos","https:\/\/www.instagram.com\/naturegalapagos\/","https:\/\/www.pinterest.com\/Naturegalapagos\/","https:\/\/www.youtube.com\/user\/NatureGalapagosTours"]}]}},"_links":{"self":[{"href":"https:\/\/naturegalapagos.com\/es\/wp-json\/wp\/v2\/product\/2548","targetHints":{"allow":["GET"]}}],"collection":[{"href":"https:\/\/naturegalapagos.com\/es\/wp-json\/wp\/v2\/product"}],"about":[{"href":"https:\/\/naturegalapagos.com\/es\/wp-json\/wp\/v2\/types\/product"}],"replies":[{"embeddable":true,"href":"https:\/\/naturegalapagos.com\/es\/wp-json\/wp\/v2\/comments?post=2548"}],"wp:featuredmedia":[{"embeddable":true,"href":"https:\/\/naturegalapagos.com\/es\/wp-json\/wp\/v2\/media\/7385"}],"wp:attachment":[{"href":"https:\/\/naturegalapagos.com\/es\/wp-json\/wp\/v2\/media?parent=2548"}],"wp:term":[{"taxonomy":"product_brand","embeddable":true,"href":"https:\/\/naturegalapagos.com\/es\/wp-json\/wp\/v2\/product_brand?post=2548"},{"taxonomy":"product_cat","embeddable":true,"href":"https:\/\/naturegalapagos.com\/es\/wp-json\/wp\/v2\/product_cat?post=2548"},{"taxonomy":"product_tag","embeddable":true,"href":"https:\/\/naturegalapagos.com\/es\/wp-json\/wp\/v2\/product_tag?post=2548"}],"curies":[{"name":"wp","href":"https:\/\/api.w.org\/{rel}","templated":true}]}}