{"id":2578,"date":"2025-01-02T12:01:45","date_gmt":"2025-01-02T17:01:45","guid":{"rendered":"http:\/\/naturegalapagos.com\/es\/hoteles-en-galapagos\/isabela-galapagos\/hotel-la-laguna"},"modified":"2025-01-02T12:01:46","modified_gmt":"2025-01-02T17:01:46","slug":"hotel-la-laguna","status":"publish","type":"product","link":"https:\/\/naturegalapagos.com\/es\/hoteles-en-galapagos\/isabela-galapagos\/hotel-la-laguna","title":{"rendered":"Hotel La Laguna"},"content":{"rendered":"<div class=\"wpb-content-wrapper\"><h2><span style=\"font-size: 18pt; font-family: arial, helvetica, sans-serif;\"><strong>Hotel La Laguna<\/strong><\/span><\/h2>\n<p><span style=\"font-family: arial, helvetica, sans-serif;\">Bienvenido al Hotel La Laguna Gal\u00e1pagos, ubicado en la impresionante Isla Isabela, uno de los destinos m\u00e1s hermosos del archipi\u00e9lago de Gal\u00e1pagos. Ubicado a solo dos cuadras de la pr\u00edstina playa de arena blanca, nuestro hotel tiene vista a la serena Laguna Flamingos, ofreciendo a los hu\u00e9spedes un entorno \u00fanico y tranquilo. Disfrute de una impresionante belleza natural y de una estad\u00eda memorable con nuestras excelentes instalaciones y nuestro amable personal, lo que nos convierte en la opci\u00f3n perfecta para su aventura en Gal\u00e1pagos.<\/span><\/p>\n<h3><span style=\"font-family: arial, helvetica, sans-serif;\">Razones para hospedarse en el Hotel La Laguna Gal\u00e1pagos<\/span><\/h3>\n<ul>\n<li><span style=\"font-family: arial, helvetica, sans-serif;\">Ubicaci\u00f3n privilegiada: a solo dos cuadras a pie de la playa de arena blanca.<\/span><\/li>\n<li><span style=\"font-family: arial, helvetica, sans-serif;\">Jacuzzi con vista: rel\u00e1jese en la terraza de nuestro jacuzzi, con una vista de 360 \u200b\u200bgrados del incre\u00edble paisaje de Isabela.<\/span><\/li>\n<li><span style=\"font-family: arial, helvetica, sans-serif;\">Energ\u00eda ecol\u00f3gica: nuestro hotel funciona de manera sostenible con energ\u00eda solar.<\/span><\/li>\n<li><span style=\"font-family: arial, helvetica, sans-serif;\">Cocina ecuatoriana: disfrute de aut\u00e9nticas especialidades ecuatorianas y de Gal\u00e1pagos en nuestro restaurante.<\/span><\/li>\n<li><span style=\"font-family: arial, helvetica, sans-serif;\">Comodidad y espacio: habitaciones con aire acondicionado, espaciosas, luminosas y meticulosamente mantenidas.<\/span><\/li>\n<li><span style=\"font-family: arial, helvetica, sans-serif;\">Personal dedicado: servicio amable y atento para que su estad\u00eda sea realmente placentera.<\/span><\/li>\n<\/ul>\n<h3><span style=\"font-family: arial, helvetica, sans-serif;\">Servicios del hotel<\/span><\/h3>\n<p><span style=\"font-family: arial, helvetica, sans-serif;\">Nuestras instalaciones est\u00e1n dise\u00f1adas cuidadosamente para satisfacer todas sus necesidades:<\/span><\/p>\n<ul>\n<li><span style=\"font-family: arial, helvetica, sans-serif;\">Internet de alta velocidad: mant\u00e9ngase conectado incluso en el para\u00edso.<\/span><\/li>\n<li><span style=\"font-family: arial, helvetica, sans-serif;\">Bebidas refrescantes: una variedad de refrescos y bebidas en nuestro bar.<\/span><\/li>\n<li><span style=\"font-family: arial, helvetica, sans-serif;\">Servicio de conserjer\u00eda: asistencia con recorridos, actividades y cualquier solicitud.<\/span><\/li>\n<li><span style=\"font-family: arial, helvetica, sans-serif;\">Piscina: sum\u00e9rjase y refr\u00e9squese despu\u00e9s de un d\u00eda de exploraci\u00f3n.<\/span><\/li>\n<li><span style=\"font-family: arial, helvetica, sans-serif;\">Apto para fot\u00f3grafos: lugares pintorescos perfectos para capturar hermosos recuerdos.<\/span><\/li>\n<li><span style=\"font-family: arial, helvetica, sans-serif;\">Servicio de lavander\u00eda: conveniente para estad\u00edas prolongadas.<\/span><\/li>\n<li><span style=\"font-family: arial, helvetica, sans-serif;\">Restaurante en el hotel: saboree los sabores ecuatorianos y la cocina local.<\/span><\/li>\n<\/ul>\n<h3><span style=\"font-family: arial, helvetica, sans-serif;\">Vistas inigualables desde la terraza<\/span><\/h3>\n<p><span style=\"font-family: arial, helvetica, sans-serif;\">Nuestra terraza ofrece una vista inigualable de 360 \u200b\u200bgrados de los impresionantes paisajes de Isabela: el oc\u00e9ano, el volc\u00e1n Sierra Negra, las exuberantes tierras altas y la apacible laguna Flamingos. Este entorno panor\u00e1mico es ideal para relajarse en nuestro jacuzzi con una bebida refrescante o disfrutar de una barbacoa en nuestra \u00e1rea dedicada. La terraza tambi\u00e9n cuenta con una acogedora zona de descanso y lectura, perfecta para relajarse con vistas a la laguna.<\/span><\/p>\n<h4><span style=\"font-family: arial, helvetica, sans-serif;\">Caracter\u00edsticas adicionales<\/span><\/h4>\n<ul>\n<li><span style=\"font-family: arial, helvetica, sans-serif;\">Recepci\u00f3n las 24 horas: Nuestro personal est\u00e1 aqu\u00ed las 24 horas para ayudarlo.<\/span><\/li>\n<li><span style=\"font-family: arial, helvetica, sans-serif;\">Servicio de limpieza diario: Limpieza y cuidado impecables en cada habitaci\u00f3n.<\/span><\/li>\n<\/ul>\n<table style=\"width: 567px;\">\n<tbody>\n<tr style=\"height: 24px; background-color: #009e5d;\">\n<td style=\"text-align: center; height: 24px; width: 555px;\" colspan=\"2\"><span style=\"font-family: arial, helvetica, sans-serif; color: #ffffff;\"><strong>Casa de Marita Galapagos<\/strong><\/span><\/td>\n<\/tr>\n<tr style=\"height: 58px;\">\n<td style=\"height: 58px; width: 145px;\"><span style=\"font-family: arial, helvetica, sans-serif;\"><strong>Suites<\/strong><\/span><\/td>\n<td style=\"height: 58px; width: 410px;\"><span style=\"font-family: arial, helvetica, sans-serif;\">Vista al jard\u00edn, vista al oc\u00e9ano.<\/span><\/td>\n<\/tr>\n<tr style=\"height: 24px;\">\n<td style=\"height: 24px; width: 145px;\"><span style=\"font-family: arial, helvetica, sans-serif;\"><strong>Habitaciones Dobles:<\/strong><\/span><\/td>\n<td style=\"height: 24px; width: 410px;\"><span style=\"font-family: arial, helvetica, sans-serif;\">Habitaciones con vista frontal.<\/span><\/td>\n<\/tr>\n<tr style=\"height: 48px;\">\n<td style=\"height: 48px; width: 145px;\"><span style=\"font-family: arial, helvetica, sans-serif;\"><strong>Habitaciones triples:<\/strong><\/span><\/td>\n<td style=\"height: 48px; width: 410px;\"><span style=\"font-family: arial, helvetica, sans-serif;\">Habitaciones con vista al jard\u00edn.<\/span><\/td>\n<\/tr>\n<tr style=\"height: 72px;\">\n<td style=\"height: 72px; width: 145px;\"><span style=\"font-family: arial, helvetica, sans-serif;\"><strong>Servicios<\/strong><\/span><\/td>\n<td style=\"height: 72px; width: 410px;\"><span style=\"font-family: arial, helvetica, sans-serif;\">Librer\u00eda.<\/span><br \/>\n<span style=\"font-family: arial, helvetica, sans-serif;\"> Restaurante.<\/span><br \/>\n<span style=\"font-family: arial, helvetica, sans-serif;\"> Bar.<\/span><br \/>\n<span style=\"font-family: arial, helvetica, sans-serif;\"> Teerace.<\/span><br \/>\n<span style=\"font-family: arial, helvetica, sans-serif;\"> BBQ area.<\/span><br \/>\n<span style=\"font-family: arial, helvetica, sans-serif;\"> Jacuzzi.<\/span><br \/>\n<span style=\"font-family: arial, helvetica, sans-serif;\"> Rest &amp; reading area.<\/span><br \/>\n<span style=\"font-family: arial, helvetica, sans-serif;\"> Mostrador de recepci\u00f3n assistace 24 horas . Limpieza diaria en nuestras habitaciones y el hotel .<\/span><\/td>\n<\/tr>\n<\/tbody>\n<\/table>\n<p>[vc_row][vc_column el_class=&#8221;accocruise&#8221;][vc_column_text]\n<div class=\"panel panel-default accordion__item\">\n\t<div class=\"panel-heading accordion__item__title-wrap\">\n\t\t<h4 class=\"panel-title\">\n\t\t\t<a data-toggle=\"collapse\" data-parent=\"#ataccordion0\" href=\"#ataccordion0_1\" class=\"accordion__item__link collapsed\">Solicite m\u00e1s informaci\u00f3n<\/a>\n\t\t<\/h4>\n\t<\/div>\n\t<div id=\"ataccordion0_1\" class=\"panel-collapse collapse\">\n\t\t<div class=\"panel-body accordion__item__content\">\n                <div class=\"ml-embedded\" data-form=\"8isnQO\"><\/div>\n            \n<\/div>\n\t<\/div>\n<\/div>[\/vc_column_text][\/vc_column][\/vc_row]<\/p>\n<\/div>","protected":false},"excerpt":{"rendered":"<p>Hotel La Laguna Bienvenido al Hotel La Laguna Gal\u00e1pagos, ubicado en la impresionante Isla Isabela, uno de los destinos m\u00e1s hermosos del archipi\u00e9lago de Gal\u00e1pagos. Ubicado a solo dos cuadras de la pr\u00edstina playa de arena blanca, nuestro hotel tiene vista a la serena Laguna Flamingos, ofreciendo a los hu\u00e9spedes un entorno \u00fanico y tranquilo.<\/p>\n<div class=\"padding-top text-center\"><a href=\"https:\/\/naturegalapagos.com\/es\/hoteles-en-galapagos\/isabela-galapagos\/hotel-la-laguna\" class=\"atbtn atbtn--medium atbtn--rounded atbtn--transparent\">Leer m\u00e1s<i class=\"atbtn__icon atbtn__icon--right fa fa-long-arrow-right\"><\/i><\/a><\/div>\n","protected":false},"featured_media":2596,"comment_status":"open","ping_status":"closed","template":"","meta":{"_joinchat":[]},"product_brand":[],"product_cat":[3599],"product_tag":[],"class_list":{"0":"post-2578","1":"product","2":"type-product","3":"status-publish","4":"has-post-thumbnail","6":"product_cat-sin-categoria","7":"tour_category-hoteles-en-isabela","9":"first","10":"instock","11":"taxable","12":"shipping-taxable","13":"product-type-tour"},"yoast_head":"<!-- This site is optimized with the Yoast SEO Premium plugin v25.6 (Yoast SEO v26.1.1) - https:\/\/yoast.com\/wordpress\/plugins\/seo\/ -->\n<title>Hotel La Laguna | Isabela - Gal\u00e1pagos<\/title>\n<meta name=\"description\" content=\"El Hotel La Laguna Gal\u00e1pagos ofrece jard\u00edn, ba\u00f1era de hidromasaje y habitaciones con desayuno incluido e Internet WIFI. M\u00e1s informaci\u00f3n clic aqu\u00ed! &quot;NG&amp;E&quot;\" \/>\n<meta name=\"robots\" content=\"index, follow, max-snippet:-1, max-image-preview:large, max-video-preview:-1\" \/>\n<link rel=\"canonical\" href=\"https:\/\/naturegalapagos.com\/es\/hoteles-en-galapagos\/isabela-galapagos\/hotel-la-laguna\/\" \/>\n<meta property=\"og:locale\" content=\"es_ES\" \/>\n<meta property=\"og:type\" content=\"article\" \/>\n<meta property=\"og:title\" content=\"Hotel La Laguna | Isabela - Gal\u00e1pagos\" \/>\n<meta property=\"og:description\" content=\"El Hotel La Laguna Gal\u00e1pagos ofrece jard\u00edn, ba\u00f1era de hidromasaje y habitaciones con desayuno incluido e Internet WIFI. M\u00e1s informaci\u00f3n clic aqu\u00ed! &quot;NG&amp;E&quot;\" \/>\n<meta property=\"og:url\" content=\"https:\/\/naturegalapagos.com\/es\/hoteles-en-galapagos\/isabela-galapagos\/hotel-la-laguna\/\" \/>\n<meta property=\"og:site_name\" content=\"Espa\u00f1ol - Nature Galapagos &amp; Ecuador\" \/>\n<meta property=\"article:publisher\" content=\"https:\/\/www.facebook.com\/naturegalapagosecuador\/\" \/>\n<meta property=\"article:modified_time\" content=\"2025-01-02T17:01:46+00:00\" \/>\n<meta property=\"og:image\" content=\"https:\/\/naturegalapagos.com\/es\/wp-content\/uploads\/sites\/3\/2016\/07\/hotel-la-laguna-frontal.jpg\" \/>\n\t<meta property=\"og:image:width\" content=\"1024\" \/>\n\t<meta property=\"og:image:height\" content=\"512\" \/>\n\t<meta property=\"og:image:type\" content=\"image\/jpeg\" \/>\n<meta name=\"twitter:card\" content=\"summary_large_image\" \/>\n<meta name=\"twitter:title\" content=\"Hotel La Laguna | Isabela - Gal\u00e1pagos\" \/>\n<meta name=\"twitter:description\" content=\"El Hotel La Laguna Gal\u00e1pagos ofrece jard\u00edn, ba\u00f1era de hidromasaje y habitaciones con desayuno incluido e Internet WIFI. M\u00e1s informaci\u00f3n clic aqu\u00ed! &quot;NG&amp;E&quot;\" \/>\n<meta name=\"twitter:site\" content=\"@naturegalapagos\" \/>\n<meta name=\"twitter:label1\" content=\"Tiempo de lectura\" \/>\n\t<meta name=\"twitter:data1\" content=\"3 minutos\" \/>\n<!-- \/ Yoast SEO Premium plugin. -->","yoast_head_json":{"title":"Hotel La Laguna | Isabela - Gal\u00e1pagos","description":"El Hotel La Laguna Gal\u00e1pagos ofrece jard\u00edn, ba\u00f1era de hidromasaje y habitaciones con desayuno incluido e Internet WIFI. M\u00e1s informaci\u00f3n clic aqu\u00ed! \"NG&E\"","robots":{"index":"index","follow":"follow","max-snippet":"max-snippet:-1","max-image-preview":"max-image-preview:large","max-video-preview":"max-video-preview:-1"},"canonical":"https:\/\/naturegalapagos.com\/es\/hoteles-en-galapagos\/isabela-galapagos\/hotel-la-laguna\/","og_locale":"es_ES","og_type":"article","og_title":"Hotel La Laguna | Isabela - Gal\u00e1pagos","og_description":"El Hotel La Laguna Gal\u00e1pagos ofrece jard\u00edn, ba\u00f1era de hidromasaje y habitaciones con desayuno incluido e Internet WIFI. M\u00e1s informaci\u00f3n clic aqu\u00ed! \"NG&E\"","og_url":"https:\/\/naturegalapagos.com\/es\/hoteles-en-galapagos\/isabela-galapagos\/hotel-la-laguna\/","og_site_name":"Espa\u00f1ol - Nature Galapagos &amp; Ecuador","article_publisher":"https:\/\/www.facebook.com\/naturegalapagosecuador\/","article_modified_time":"2025-01-02T17:01:46+00:00","og_image":[{"width":1024,"height":512,"url":"https:\/\/naturegalapagos.com\/es\/wp-content\/uploads\/sites\/3\/2016\/07\/hotel-la-laguna-frontal.jpg","type":"image\/jpeg"}],"twitter_card":"summary_large_image","twitter_title":"Hotel La Laguna | Isabela - Gal\u00e1pagos","twitter_description":"El Hotel La Laguna Gal\u00e1pagos ofrece jard\u00edn, ba\u00f1era de hidromasaje y habitaciones con desayuno incluido e Internet WIFI. M\u00e1s informaci\u00f3n clic aqu\u00ed! \"NG&E\"","twitter_site":"@naturegalapagos","twitter_misc":{"Tiempo de lectura":"3 minutos"},"schema":{"@context":"https:\/\/schema.org","@graph":[{"@type":"WebPage","@id":"https:\/\/naturegalapagos.com\/es\/hoteles-en-galapagos\/isabela-galapagos\/hotel-la-laguna\/","url":"https:\/\/naturegalapagos.com\/es\/hoteles-en-galapagos\/isabela-galapagos\/hotel-la-laguna\/","name":"Hotel La Laguna | Isabela - Gal\u00e1pagos","isPartOf":{"@id":"https:\/\/naturegalapagos.com\/es\/#website"},"primaryImageOfPage":{"@id":"https:\/\/naturegalapagos.com\/es\/hoteles-en-galapagos\/isabela-galapagos\/hotel-la-laguna\/#primaryimage"},"image":{"@id":"https:\/\/naturegalapagos.com\/es\/hoteles-en-galapagos\/isabela-galapagos\/hotel-la-laguna\/#primaryimage"},"thumbnailUrl":"https:\/\/naturegalapagos.com\/es\/wp-content\/uploads\/sites\/3\/2016\/07\/hotel-la-laguna-frontal.jpg","datePublished":"2025-01-02T17:01:45+00:00","dateModified":"2025-01-02T17:01:46+00:00","description":"El Hotel La Laguna Gal\u00e1pagos ofrece jard\u00edn, ba\u00f1era de hidromasaje y habitaciones con desayuno incluido e Internet WIFI. M\u00e1s informaci\u00f3n clic aqu\u00ed! \"NG&E\"","breadcrumb":{"@id":"https:\/\/naturegalapagos.com\/es\/hoteles-en-galapagos\/isabela-galapagos\/hotel-la-laguna\/#breadcrumb"},"inLanguage":"es","potentialAction":[{"@type":"ReadAction","target":["https:\/\/naturegalapagos.com\/es\/hoteles-en-galapagos\/isabela-galapagos\/hotel-la-laguna\/"]}]},{"@type":"ImageObject","inLanguage":"es","@id":"https:\/\/naturegalapagos.com\/es\/hoteles-en-galapagos\/isabela-galapagos\/hotel-la-laguna\/#primaryimage","url":"https:\/\/naturegalapagos.com\/es\/wp-content\/uploads\/sites\/3\/2016\/07\/hotel-la-laguna-frontal.jpg","contentUrl":"https:\/\/naturegalapagos.com\/es\/wp-content\/uploads\/sites\/3\/2016\/07\/hotel-la-laguna-frontal.jpg","width":1024,"height":512,"caption":"Hotel La Laguna Frontal"},{"@type":"BreadcrumbList","@id":"https:\/\/naturegalapagos.com\/es\/hoteles-en-galapagos\/isabela-galapagos\/hotel-la-laguna\/#breadcrumb","itemListElement":[{"@type":"ListItem","position":1,"name":"Home","item":"https:\/\/naturegalapagos.com\/es\/"},{"@type":"ListItem","position":2,"name":"Tienda","item":"https:\/\/naturegalapagos.com\/es\/tienda\/"},{"@type":"ListItem","position":3,"name":"Hotel La Laguna"}]},{"@type":"WebSite","@id":"https:\/\/naturegalapagos.com\/es\/#website","url":"https:\/\/naturegalapagos.com\/es\/","name":"Espa\u00f1ol - Nature Galapagos & Ecuador","description":"","publisher":{"@id":"https:\/\/naturegalapagos.com\/es\/#organization"},"potentialAction":[{"@type":"SearchAction","target":{"@type":"EntryPoint","urlTemplate":"https:\/\/naturegalapagos.com\/es\/?s={search_term_string}"},"query-input":{"@type":"PropertyValueSpecification","valueRequired":true,"valueName":"search_term_string"}}],"inLanguage":"es"},{"@type":"Organization","@id":"https:\/\/naturegalapagos.com\/es\/#organization","name":"Espa\u00f1ol - Nature Galapagos & Ecuador","url":"https:\/\/naturegalapagos.com\/es\/","logo":{"@type":"ImageObject","inLanguage":"es","@id":"https:\/\/naturegalapagos.com\/es\/#\/schema\/logo\/image\/","url":"https:\/\/naturegalapagos.com\/es\/wp-content\/uploads\/sites\/3\/2016\/10\/Nature-Galapagos-Logo-COM-300x300.jpg","contentUrl":"https:\/\/naturegalapagos.com\/es\/wp-content\/uploads\/sites\/3\/2016\/10\/Nature-Galapagos-Logo-COM-300x300.jpg","width":300,"height":300,"caption":"Espa\u00f1ol - Nature Galapagos & Ecuador"},"image":{"@id":"https:\/\/naturegalapagos.com\/es\/#\/schema\/logo\/image\/"},"sameAs":["https:\/\/www.facebook.com\/naturegalapagosecuador\/","https:\/\/x.com\/naturegalapagos","https:\/\/www.instagram.com\/naturegalapagos\/","https:\/\/www.pinterest.com\/Naturegalapagos\/","https:\/\/www.youtube.com\/user\/NatureGalapagosTours"]}]}},"_links":{"self":[{"href":"https:\/\/naturegalapagos.com\/es\/wp-json\/wp\/v2\/product\/2578","targetHints":{"allow":["GET"]}}],"collection":[{"href":"https:\/\/naturegalapagos.com\/es\/wp-json\/wp\/v2\/product"}],"about":[{"href":"https:\/\/naturegalapagos.com\/es\/wp-json\/wp\/v2\/types\/product"}],"replies":[{"embeddable":true,"href":"https:\/\/naturegalapagos.com\/es\/wp-json\/wp\/v2\/comments?post=2578"}],"wp:featuredmedia":[{"embeddable":true,"href":"https:\/\/naturegalapagos.com\/es\/wp-json\/wp\/v2\/media\/2596"}],"wp:attachment":[{"href":"https:\/\/naturegalapagos.com\/es\/wp-json\/wp\/v2\/media?parent=2578"}],"wp:term":[{"taxonomy":"product_brand","embeddable":true,"href":"https:\/\/naturegalapagos.com\/es\/wp-json\/wp\/v2\/product_brand?post=2578"},{"taxonomy":"product_cat","embeddable":true,"href":"https:\/\/naturegalapagos.com\/es\/wp-json\/wp\/v2\/product_cat?post=2578"},{"taxonomy":"product_tag","embeddable":true,"href":"https:\/\/naturegalapagos.com\/es\/wp-json\/wp\/v2\/product_tag?post=2578"}],"curies":[{"name":"wp","href":"https:\/\/api.w.org\/{rel}","templated":true}]}}