{"id":2597,"date":"2024-12-03T15:59:56","date_gmt":"2024-12-03T20:59:56","guid":{"rendered":"http:\/\/naturegalapagos.com\/es\/hoteles-en-galapagos\/isabela-galapagos\/hotel-la-laguna"},"modified":"2024-12-03T16:14:40","modified_gmt":"2024-12-03T21:14:40","slug":"hotel-san-vicente","status":"publish","type":"product","link":"https:\/\/naturegalapagos.com\/es\/hoteles-en-galapagos\/isabela-galapagos\/hotel-san-vicente\/","title":{"rendered":"Hotel San Vicente"},"content":{"rendered":"<div class=\"wpb-content-wrapper\"><h2><span style=\"font-size: 18pt; font-family: arial, helvetica, sans-serif;\"><strong>Informaci\u00f3n sobre el Hotel San Vicente<\/strong><\/span><\/h2>\n<p><span style=\"font-family: arial, helvetica, sans-serif;\">Bienvenido al hotel San Vicente Gal\u00e1pagos, ubicado en Puerto Villamil, en la impresionante isla Isabela, la isla m\u00e1s grande del archipi\u00e9lago de las Gal\u00e1pagos. As\u00ed mismo, esta hermosa isla alberga seis domos volc\u00e1nicos, incluido el famoso volc\u00e1n activo Sierra Negra. La isla Isabela es un santuario para una variedad de vida silvestre ex\u00f3tica, como flamencos, ping\u00fcinos de Gal\u00e1pagos, tortugas gigantes, tiburones end\u00e9micos de Gal\u00e1pagos, piqueros de patas azules, leones marinos, iguanas marinas y una gran variedad de vida marina. Por lo que nuestro hotel ofrece una base ideal para explorar esta extraordinaria biodiversidad y disfrutar del tranquilo entorno de Puerto Villamil, con la pr\u00edstina playa de arena blanca a solo dos cuadras de distancia.<\/span><\/p>\n<h3><span style=\"font-family: arial, helvetica, sans-serif;\">Caracter\u00edsticas e instalaciones<\/span><\/h3>\n<ul>\n<li><span style=\"font-family: arial, helvetica, sans-serif;\"><strong>Ubicaci\u00f3n:<\/strong> Situado en el centro de la isla Isabela, <strong>adem\u00e1s<\/strong>, est\u00e1 a poca distancia de las principales atracciones naturales.<\/span><\/li>\n<li><span style=\"font-family: arial, helvetica, sans-serif;\"><strong>Jacuzzi:<\/strong> Disponible a pedido, <strong>lo que le permite disfrutar<\/strong> de un ba\u00f1o relajante despu\u00e9s de un d\u00eda de exploraci\u00f3n.<\/span><\/li>\n<li><span style=\"font-family: arial, helvetica, sans-serif;\"><strong>Excursiones de un d\u00eda:<\/strong> <strong>Asimismo,<\/strong> el hotel ofrece acceso conveniente para organizar excursiones de un d\u00eda directamente desde sus instalaciones.<\/span><\/li>\n<li><span style=\"font-family: arial, helvetica, sans-serif;\"><strong>Restaurante:<\/strong> <strong>Adem\u00e1s,<\/strong> disfrute de la cocina ecuatoriana elaborada con ingredientes locales frescos, <strong>lo que garantiza<\/strong> una experiencia aut\u00e9ntica y deliciosa.<\/span><\/li>\n<li><span style=\"font-family: arial, helvetica, sans-serif;\"><strong>C\u00f3modas habitaciones:<\/strong> Todas las habitaciones incluyen ba\u00f1o privado y aire acondicionado, <strong>asegurando as\u00ed<\/strong> su comodidad durante la estad\u00eda.<\/span><\/li>\n<li><span style=\"font-family: arial, helvetica, sans-serif;\"><strong>Personal amable:<\/strong> <strong>Por otro lado,<\/strong> nuestro equipo est\u00e1 dedicado a hacer que su visita sea inolvidable, <strong>gracias a<\/strong> su atenci\u00f3n personalizada.<\/span><\/li>\n<li><span style=\"font-family: arial, helvetica, sans-serif;\"><strong>Espacios al aire libre:<\/strong> Con amplias \u00e1reas verdes, <strong>es posible<\/strong> relajarse y descansar en un entorno natural \u00fanico.<\/span><\/li>\n<\/ul>\n<h4><span style=\"font-family: arial, helvetica, sans-serif;\">Opciones de habitaci\u00f3n<\/span><\/h4>\n<ul>\n<li><span style=\"font-family: arial, helvetica, sans-serif;\">Habitaci\u00f3n 1 \u2013 6:<\/span><\/li>\n<li><span style=\"font-family: arial, helvetica, sans-serif;\">Cama: cama King<\/span><\/li>\n<li><span style=\"font-family: arial, helvetica, sans-serif;\">Capacidad: 2 personas<\/span><\/li>\n<li><span style=\"font-family: arial, helvetica, sans-serif;\">Vista: vista a la calle<\/span><\/li>\n<\/ul>\n<h4><span style=\"font-family: arial, helvetica, sans-serif;\">\u00bfPor qu\u00e9 elegirnos?<\/span><\/h4>\n<p><span style=\"font-family: arial, helvetica, sans-serif;\">Nuestras instalaciones est\u00e1n dise\u00f1adas para satisfacer todas sus necesidades:<\/span><\/p>\n<ul>\n<li><span style=\"font-family: arial, helvetica, sans-serif;\">Wi-Fi: Mant\u00e9ngase conectado durante toda su estad\u00eda.<\/span><\/li>\n<li><span style=\"font-family: arial, helvetica, sans-serif;\">Refrescos: Bebidas de cortes\u00eda para los hu\u00e9spedes.<\/span><\/li>\n<li><span style=\"font-family: arial, helvetica, sans-serif;\">Recepci\u00f3n: Personal amable y atento disponible en recepci\u00f3n.<\/span><\/li>\n<li><span style=\"font-family: arial, helvetica, sans-serif;\">Piscina: Refr\u00e9squese en nuestra atractiva piscina.<\/span><\/li>\n<li><span style=\"font-family: arial, helvetica, sans-serif;\">Servicios de fotograf\u00eda: Capture sus recuerdos con fotograf\u00edas profesionales.<\/span><\/li>\n<li><span style=\"font-family: arial, helvetica, sans-serif;\">Servicios de lavander\u00eda: Disponibles para su comodidad.<\/span><\/li>\n<li><span style=\"font-family: arial, helvetica, sans-serif;\">Restaurante: Restaurante en el lugar con sabores locales.<\/span><\/li>\n<li><span style=\"font-family: arial, helvetica, sans-serif;\">Vistas panor\u00e1micas: Rod\u00e9ese del impresionante paisaje de Gal\u00e1pagos.<\/span><\/li>\n<\/ul>\n<h3><span style=\"font-family: arial, helvetica, sans-serif;\">Historia y Legado<\/span><\/h3>\n<p><span style=\"font-family: arial, helvetica, sans-serif;\">El Hotel San Vicente Gal\u00e1pagos fue fundado hace m\u00e1s de 20 a\u00f1os por Antonio Gil Jaramillo, descendiente de una de las primeras familias que se establecieron en la Isla Isabela desde Guayaquil. Su visi\u00f3n de brindar alojamiento, comidas y tours para los visitantes ha crecido hasta convertirse en el hotel m\u00e1s destacado de la isla. Desde entonces, nuestros servicios se han ampliado para incluir recorridos por varias islas en Isabela, San Crist\u00f3bal, Floreana y Santa Cruz, lo que permite a los hu\u00e9spedes experimentar lo mejor de las Gal\u00e1pagos.<\/span><\/p>\n<h4><span style=\"font-family: arial, helvetica, sans-serif;\">Aventura y Tours<\/span><\/h4>\n<p><span style=\"font-family: arial, helvetica, sans-serif;\">El hotel est\u00e1 equipado con una variedad de veh\u00edculos y equipos, que incluyen:<\/span><\/p>\n<ul>\n<li><span style=\"font-family: arial, helvetica, sans-serif;\">Barco: Nuestro yate \u201cl\/P Oceano l-p\u201d, con capacidad para hasta 14 pasajeros.<\/span><\/li>\n<li><span style=\"font-family: arial, helvetica, sans-serif;\">Camioneta: Transporte c\u00f3modo para hasta 16 pasajeros.<\/span><\/li>\n<li><span style=\"font-family: arial, helvetica, sans-serif;\">Chiva: Un autob\u00fas tradicional para 10 pasajeros.<\/span><\/li>\n<li><span style=\"font-family: arial, helvetica, sans-serif;\">Caballos: 32 caballos disponibles para excursiones al Volc\u00e1n Sierra Negra.<\/span><\/li>\n<\/ul>\n<h4><span style=\"font-family: arial, helvetica, sans-serif;\">Capacidad de las habitaciones<\/span><\/h4>\n<p><span style=\"font-family: arial, helvetica, sans-serif;\">Con una capacidad total para 48 hu\u00e9spedes, ofrecemos 17 c\u00f3modas habitaciones con diferentes configuraciones:<\/span><\/p>\n<ul>\n<li><span style=\"font-family: arial, helvetica, sans-serif;\">Habitaciones dobles<\/span><\/li>\n<li><span style=\"font-family: arial, helvetica, sans-serif;\">Habitaciones triples<\/span><\/li>\n<li><span style=\"font-family: arial, helvetica, sans-serif;\">Habitaciones cu\u00e1druples<\/span><\/li>\n<\/ul>\n<p><span style=\"font-family: arial, helvetica, sans-serif;\">Ven y vive la experiencia del encantador Hotel San Vicente Gal\u00e1pagos, donde la aventura se encuentra con el confort en el coraz\u00f3n de las Islas Gal\u00e1pagos.<\/span><\/p>\n<table style=\"width: 567px;\">\n<tbody>\n<tr style=\"height: 24px; background-color: #009e5d;\">\n<td style=\"text-align: center; height: 24px; width: 555px;\" colspan=\"2\"><span style=\"font-family: arial, helvetica, sans-serif; color: #ffffff;\"><strong>Especificaciones<\/strong><\/span><\/td>\n<\/tr>\n<tr style=\"height: 58px;\">\n<td style=\"height: 58px; width: 145px;\"><span style=\"line-height: 20px; font-family: arial, helvetica, sans-serif;\"><b>Tipo de habitaciones:<\/b><\/span><\/td>\n<td style=\"height: 58px; width: 410px;\"><span style=\"font-family: arial, helvetica, sans-serif;\">Habitaciones Superior, Habitaciones Standard.<\/span><\/td>\n<\/tr>\n<tr style=\"height: 24px;\">\n<td style=\"height: 24px; width: 145px;\"><span style=\"font-family: arial, helvetica, sans-serif;\"><strong>Habitaciones Superiores:<\/strong><\/span><\/td>\n<td style=\"height: 24px; width: 410px;\"><span style=\"font-family: arial, helvetica, sans-serif;\">Suites Espaciosas con Balcon.<\/span><\/td>\n<\/tr>\n<tr style=\"height: 48px;\">\n<td style=\"height: 48px; width: 145px;\"><span style=\"font-family: arial, helvetica, sans-serif;\"><strong>Habitaciones Standard:<\/strong><\/span><\/td>\n<td style=\"height: 48px; width: 410px;\"><span style=\"font-family: arial, helvetica, sans-serif;\">Equipadas con camas dobles y dobles .<\/span><\/td>\n<\/tr>\n<tr style=\"height: 72px;\">\n<td style=\"height: 72px; width: 145px;\"><span style=\"font-family: arial, helvetica, sans-serif;\"><strong>Servicios<\/strong><\/span><\/td>\n<td style=\"height: 72px; width: 410px;\"><span style=\"font-family: arial, helvetica, sans-serif;\">Ba\u00f1o privado, agua caliente, aire acondicionado, cable Tv. y WiFi<\/span><\/td>\n<\/tr>\n<\/tbody>\n<\/table>\n<p>[vc_row][vc_column el_class=&#8221;accocruise&#8221;][vc_column_text]\n<div class=\"panel panel-default accordion__item\">\n\t<div class=\"panel-heading accordion__item__title-wrap\">\n\t\t<h4 class=\"panel-title\">\n\t\t\t<a data-toggle=\"collapse\" data-parent=\"#ataccordion0\" href=\"#ataccordion0_1\" class=\"accordion__item__link collapsed\">Solicite m\u00e1s informaci\u00f3n<\/a>\n\t\t<\/h4>\n\t<\/div>\n\t<div id=\"ataccordion0_1\" class=\"panel-collapse collapse\">\n\t\t<div class=\"panel-body accordion__item__content\">\n                <div class=\"ml-embedded\" data-form=\"LJIFHg\"><\/div>\n            \n<\/div>\n\t<\/div>\n<\/div>[\/vc_column_text][\/vc_column][\/vc_row]<\/p>\n<\/div>","protected":false},"excerpt":{"rendered":"<p>Informaci\u00f3n sobre el Hotel San Vicente Bienvenido al hotel San Vicente Gal\u00e1pagos, ubicado en Puerto Villamil, en la impresionante isla Isabela, la isla m\u00e1s grande del archipi\u00e9lago de las Gal\u00e1pagos. As\u00ed mismo, esta hermosa isla alberga seis domos volc\u00e1nicos, incluido el famoso volc\u00e1n activo Sierra Negra. La isla Isabela es un santuario para una variedad<\/p>\n<div class=\"padding-top text-center\"><a href=\"https:\/\/naturegalapagos.com\/es\/hoteles-en-galapagos\/isabela-galapagos\/hotel-san-vicente\/\" class=\"atbtn atbtn--medium atbtn--rounded atbtn--transparent\">Leer m\u00e1s<i class=\"atbtn__icon atbtn__icon--right fa fa-long-arrow-right\"><\/i><\/a><\/div>\n","protected":false},"featured_media":2611,"comment_status":"open","ping_status":"closed","template":"","meta":{"_joinchat":[]},"product_brand":[],"product_cat":[3599],"product_tag":[],"class_list":{"0":"post-2597","1":"product","2":"type-product","3":"status-publish","4":"has-post-thumbnail","6":"product_cat-sin-categoria","7":"tour_category-hoteles-en-isabela","9":"first","10":"instock","11":"taxable","12":"shipping-taxable","13":"product-type-tour"},"yoast_head":"<!-- This site is optimized with the Yoast SEO Premium plugin v25.6 (Yoast SEO v26.1.1) - https:\/\/yoast.com\/wordpress\/plugins\/seo\/ -->\n<title>Hotel San Vicente | Isabela - Gal\u00e1pagos<\/title>\n<meta name=\"description\" content=\"El Hotel San Vicente Galapagos est\u00e1 en la isla Isabela, la m\u00e1s grande de las islas Gal\u00e1pagos, a 500 metros de la playa. M\u00e1s informaci\u00f3n clic aqu\u00ed! &quot;NG&amp;E&quot;\" \/>\n<meta name=\"robots\" content=\"index, follow, max-snippet:-1, max-image-preview:large, max-video-preview:-1\" \/>\n<link rel=\"canonical\" href=\"https:\/\/naturegalapagos.com\/es\/hoteles-en-galapagos\/isabela-galapagos\/hotel-san-vicente\/\" \/>\n<meta property=\"og:locale\" content=\"es_ES\" \/>\n<meta property=\"og:type\" content=\"article\" \/>\n<meta property=\"og:title\" content=\"Hotel San Vicente | Isabela - Gal\u00e1pagos\" \/>\n<meta property=\"og:description\" content=\"El Hotel San Vicente Galapagos est\u00e1 en la isla Isabela, la m\u00e1s grande de las islas Gal\u00e1pagos, a 500 metros de la playa. M\u00e1s informaci\u00f3n clic aqu\u00ed! &quot;NG&amp;E&quot;\" \/>\n<meta property=\"og:url\" content=\"https:\/\/naturegalapagos.com\/es\/hoteles-en-galapagos\/isabela-galapagos\/hotel-san-vicente\/\" \/>\n<meta property=\"og:site_name\" content=\"Espa\u00f1ol - Nature Galapagos &amp; Ecuador\" \/>\n<meta property=\"article:publisher\" content=\"https:\/\/www.facebook.com\/naturegalapagosecuador\/\" \/>\n<meta property=\"article:modified_time\" content=\"2024-12-03T21:14:40+00:00\" \/>\n<meta property=\"og:image\" content=\"https:\/\/naturegalapagos.com\/es\/wp-content\/uploads\/sites\/3\/2015\/07\/hotel-san-vicente-en-gal\u00e1pagos.jpg\" \/>\n\t<meta property=\"og:image:width\" content=\"1024\" \/>\n\t<meta property=\"og:image:height\" content=\"512\" \/>\n\t<meta property=\"og:image:type\" content=\"image\/jpeg\" \/>\n<meta name=\"twitter:card\" content=\"summary_large_image\" \/>\n<meta name=\"twitter:title\" content=\"Hotel San Vicente | Isabela - Gal\u00e1pagos\" \/>\n<meta name=\"twitter:description\" content=\"El Hotel San Vicente Galapagos est\u00e1 en la isla Isabela, la m\u00e1s grande de las islas Gal\u00e1pagos, a 500 metros de la playa. M\u00e1s informaci\u00f3n clic aqu\u00ed! &quot;NG&amp;E&quot;\" \/>\n<meta name=\"twitter:site\" content=\"@naturegalapagos\" \/>\n<meta name=\"twitter:label1\" content=\"Tiempo de lectura\" \/>\n\t<meta name=\"twitter:data1\" content=\"3 minutos\" \/>\n<!-- \/ Yoast SEO Premium plugin. -->","yoast_head_json":{"title":"Hotel San Vicente | Isabela - Gal\u00e1pagos","description":"El Hotel San Vicente Galapagos est\u00e1 en la isla Isabela, la m\u00e1s grande de las islas Gal\u00e1pagos, a 500 metros de la playa. M\u00e1s informaci\u00f3n clic aqu\u00ed! \"NG&E\"","robots":{"index":"index","follow":"follow","max-snippet":"max-snippet:-1","max-image-preview":"max-image-preview:large","max-video-preview":"max-video-preview:-1"},"canonical":"https:\/\/naturegalapagos.com\/es\/hoteles-en-galapagos\/isabela-galapagos\/hotel-san-vicente\/","og_locale":"es_ES","og_type":"article","og_title":"Hotel San Vicente | Isabela - Gal\u00e1pagos","og_description":"El Hotel San Vicente Galapagos est\u00e1 en la isla Isabela, la m\u00e1s grande de las islas Gal\u00e1pagos, a 500 metros de la playa. M\u00e1s informaci\u00f3n clic aqu\u00ed! \"NG&E\"","og_url":"https:\/\/naturegalapagos.com\/es\/hoteles-en-galapagos\/isabela-galapagos\/hotel-san-vicente\/","og_site_name":"Espa\u00f1ol - Nature Galapagos &amp; Ecuador","article_publisher":"https:\/\/www.facebook.com\/naturegalapagosecuador\/","article_modified_time":"2024-12-03T21:14:40+00:00","og_image":[{"width":1024,"height":512,"url":"https:\/\/naturegalapagos.com\/es\/wp-content\/uploads\/sites\/3\/2015\/07\/hotel-san-vicente-en-gal\u00e1pagos.jpg","type":"image\/jpeg"}],"twitter_card":"summary_large_image","twitter_title":"Hotel San Vicente | Isabela - Gal\u00e1pagos","twitter_description":"El Hotel San Vicente Galapagos est\u00e1 en la isla Isabela, la m\u00e1s grande de las islas Gal\u00e1pagos, a 500 metros de la playa. M\u00e1s informaci\u00f3n clic aqu\u00ed! \"NG&E\"","twitter_site":"@naturegalapagos","twitter_misc":{"Tiempo de lectura":"3 minutos"},"schema":{"@context":"https:\/\/schema.org","@graph":[{"@type":"WebPage","@id":"https:\/\/naturegalapagos.com\/es\/hoteles-en-galapagos\/isabela-galapagos\/hotel-san-vicente\/","url":"https:\/\/naturegalapagos.com\/es\/hoteles-en-galapagos\/isabela-galapagos\/hotel-san-vicente\/","name":"Hotel San Vicente | Isabela - Gal\u00e1pagos","isPartOf":{"@id":"https:\/\/naturegalapagos.com\/es\/#website"},"primaryImageOfPage":{"@id":"https:\/\/naturegalapagos.com\/es\/hoteles-en-galapagos\/isabela-galapagos\/hotel-san-vicente\/#primaryimage"},"image":{"@id":"https:\/\/naturegalapagos.com\/es\/hoteles-en-galapagos\/isabela-galapagos\/hotel-san-vicente\/#primaryimage"},"thumbnailUrl":"https:\/\/naturegalapagos.com\/es\/wp-content\/uploads\/sites\/3\/2015\/07\/hotel-san-vicente-en-gal\u00e1pagos.jpg","datePublished":"2024-12-03T20:59:56+00:00","dateModified":"2024-12-03T21:14:40+00:00","description":"El Hotel San Vicente Galapagos est\u00e1 en la isla Isabela, la m\u00e1s grande de las islas Gal\u00e1pagos, a 500 metros de la playa. M\u00e1s informaci\u00f3n clic aqu\u00ed! \"NG&E\"","breadcrumb":{"@id":"https:\/\/naturegalapagos.com\/es\/hoteles-en-galapagos\/isabela-galapagos\/hotel-san-vicente\/#breadcrumb"},"inLanguage":"es","potentialAction":[{"@type":"ReadAction","target":["https:\/\/naturegalapagos.com\/es\/hoteles-en-galapagos\/isabela-galapagos\/hotel-san-vicente\/"]}]},{"@type":"ImageObject","inLanguage":"es","@id":"https:\/\/naturegalapagos.com\/es\/hoteles-en-galapagos\/isabela-galapagos\/hotel-san-vicente\/#primaryimage","url":"https:\/\/naturegalapagos.com\/es\/wp-content\/uploads\/sites\/3\/2015\/07\/hotel-san-vicente-en-gal\u00e1pagos.jpg","contentUrl":"https:\/\/naturegalapagos.com\/es\/wp-content\/uploads\/sites\/3\/2015\/07\/hotel-san-vicente-en-gal\u00e1pagos.jpg","width":1024,"height":512,"caption":"Hotel San Vicente En Gal\u00e1pagos"},{"@type":"BreadcrumbList","@id":"https:\/\/naturegalapagos.com\/es\/hoteles-en-galapagos\/isabela-galapagos\/hotel-san-vicente\/#breadcrumb","itemListElement":[{"@type":"ListItem","position":1,"name":"Home","item":"https:\/\/naturegalapagos.com\/es\/"},{"@type":"ListItem","position":2,"name":"Tienda","item":"https:\/\/naturegalapagos.com\/es\/tienda\/"},{"@type":"ListItem","position":3,"name":"Hotel San Vicente"}]},{"@type":"WebSite","@id":"https:\/\/naturegalapagos.com\/es\/#website","url":"https:\/\/naturegalapagos.com\/es\/","name":"Espa\u00f1ol - Nature Galapagos & Ecuador","description":"","publisher":{"@id":"https:\/\/naturegalapagos.com\/es\/#organization"},"potentialAction":[{"@type":"SearchAction","target":{"@type":"EntryPoint","urlTemplate":"https:\/\/naturegalapagos.com\/es\/?s={search_term_string}"},"query-input":{"@type":"PropertyValueSpecification","valueRequired":true,"valueName":"search_term_string"}}],"inLanguage":"es"},{"@type":"Organization","@id":"https:\/\/naturegalapagos.com\/es\/#organization","name":"Espa\u00f1ol - Nature Galapagos & Ecuador","url":"https:\/\/naturegalapagos.com\/es\/","logo":{"@type":"ImageObject","inLanguage":"es","@id":"https:\/\/naturegalapagos.com\/es\/#\/schema\/logo\/image\/","url":"https:\/\/naturegalapagos.com\/es\/wp-content\/uploads\/sites\/3\/2016\/10\/Nature-Galapagos-Logo-COM-300x300.jpg","contentUrl":"https:\/\/naturegalapagos.com\/es\/wp-content\/uploads\/sites\/3\/2016\/10\/Nature-Galapagos-Logo-COM-300x300.jpg","width":300,"height":300,"caption":"Espa\u00f1ol - Nature Galapagos & Ecuador"},"image":{"@id":"https:\/\/naturegalapagos.com\/es\/#\/schema\/logo\/image\/"},"sameAs":["https:\/\/www.facebook.com\/naturegalapagosecuador\/","https:\/\/x.com\/naturegalapagos","https:\/\/www.instagram.com\/naturegalapagos\/","https:\/\/www.pinterest.com\/Naturegalapagos\/","https:\/\/www.youtube.com\/user\/NatureGalapagosTours"]}]}},"_links":{"self":[{"href":"https:\/\/naturegalapagos.com\/es\/wp-json\/wp\/v2\/product\/2597","targetHints":{"allow":["GET"]}}],"collection":[{"href":"https:\/\/naturegalapagos.com\/es\/wp-json\/wp\/v2\/product"}],"about":[{"href":"https:\/\/naturegalapagos.com\/es\/wp-json\/wp\/v2\/types\/product"}],"replies":[{"embeddable":true,"href":"https:\/\/naturegalapagos.com\/es\/wp-json\/wp\/v2\/comments?post=2597"}],"wp:featuredmedia":[{"embeddable":true,"href":"https:\/\/naturegalapagos.com\/es\/wp-json\/wp\/v2\/media\/2611"}],"wp:attachment":[{"href":"https:\/\/naturegalapagos.com\/es\/wp-json\/wp\/v2\/media?parent=2597"}],"wp:term":[{"taxonomy":"product_brand","embeddable":true,"href":"https:\/\/naturegalapagos.com\/es\/wp-json\/wp\/v2\/product_brand?post=2597"},{"taxonomy":"product_cat","embeddable":true,"href":"https:\/\/naturegalapagos.com\/es\/wp-json\/wp\/v2\/product_cat?post=2597"},{"taxonomy":"product_tag","embeddable":true,"href":"https:\/\/naturegalapagos.com\/es\/wp-json\/wp\/v2\/product_tag?post=2597"}],"curies":[{"name":"wp","href":"https:\/\/api.w.org\/{rel}","templated":true}]}}