{"id":2612,"date":"2025-01-02T12:45:40","date_gmt":"2025-01-02T17:45:40","guid":{"rendered":"http:\/\/naturegalapagos.com\/es\/hoteles-en-galapagos\/isabela-galapagos\/iguana-crossing"},"modified":"2025-08-01T23:58:36","modified_gmt":"2025-08-02T03:58:36","slug":"iguana-crossing-boutique-hotel","status":"publish","type":"product","link":"https:\/\/naturegalapagos.com\/es\/hoteles-en-galapagos\/isabela-galapagos\/iguana-crossing\/","title":{"rendered":"Iguana Crossing Boutique Hotel"},"content":{"rendered":"<div class=\"wpb-content-wrapper\"><h2><span style=\"font-family: arial, helvetica, sans-serif;\">Iguana Crossing Hotel Boutique<\/span><\/h2>\n<p><span style=\"font-family: arial, helvetica, sans-serif;\">El hotel boutique Iguana Crossing combina lujo y naturaleza en un entorno id\u00edlico. Ubicado a lo largo de las pr\u00edstinas costas de la isla Isabela en las Gal\u00e1pagos. Cuidadosamente elaborado con materiales nativos de las islas y situado cerca del ic\u00f3nico cruce de iguanas marinas, el hotel ofrece una experiencia \u00fanica y ecol\u00f3gica. Los hu\u00e9spedes est\u00e1n invitados a sumergirse en la rica vida silvestre de la isla, con Iguana Crossing que ofrece aventuras inolvidables y vistas impresionantes de los paisajes de Gal\u00e1pagos.<\/span><\/p>\n<h3><span style=\"font-family: arial, helvetica, sans-serif;\">Caracter\u00edsticas del hotel boutique Iguana Crossing<\/span><\/h3>\n<ul>\n<li><span style=\"font-family: arial, helvetica, sans-serif;\"><strong>Ubicaci\u00f3n frente a la playa:<\/strong> disfrute del acceso directo a las pintorescas playas de la isla Isabela, perfectas para relajarse o explorar.<\/span><\/li>\n<li><span style=\"font-family: arial, helvetica, sans-serif;\"><strong>Dise\u00f1o inspirado en la naturaleza:<\/strong> el hotel est\u00e1 decorado con materiales ind\u00edgenas para reflejar la belleza del ecosistema \u00fanico de Gal\u00e1pagos.<\/span><\/li>\n<li><span style=\"font-family: arial, helvetica, sans-serif;\"><strong>Restaurantes y bar:<\/strong> saboree la cocina inspirada en la isla en nuestro restaurante y rel\u00e1jese con una vista al mar en nuestro bar.<\/span><\/li>\n<li><span style=\"font-family: arial, helvetica, sans-serif;\"><strong>Terraza junto a la piscina:<\/strong> rel\u00e1jese junto a la piscina con un libro, tome el sol o admire la vida silvestre nativa que lo rodea.<\/span><\/li>\n<\/ul>\n<h3><span style=\"font-family: arial, helvetica, sans-serif;\">Alojamiento<\/span><\/h3>\n<ul>\n<li><span style=\"font-family: arial, helvetica, sans-serif;\"><strong>Suite principal<\/strong>. Experimente la m\u00e1xima comodidad en nuestra lujosa Master Suite, completa con una terraza privada con vista al oc\u00e9ano y un impresionante paisaje natural.<\/span><\/li>\n<li><span style=\"font-family: arial, helvetica, sans-serif;\"><strong>Junior Suite<\/strong>. Ideales para parejas, nuestras Junior Suites brindan un entorno rom\u00e1ntico con vistas panor\u00e1micas al oc\u00e9ano.<\/span><\/li>\n<li><span style=\"font-family: arial, helvetica, sans-serif;\"><strong>Habitaci\u00f3n con vista al mar<\/strong>. Perfectas para parejas o familias peque\u00f1as, estas habitaciones cuentan con dos camas dobles y vistas al mar resplandeciente.<\/span><\/li>\n<li><span style=\"font-family: arial, helvetica, sans-serif;\"><strong>Habitaci\u00f3n con vista al volc\u00e1n<\/strong>. Estas habitaciones ofrecen una perspectiva \u00fanica, que muestra el exuberante bosque de Escalesia y el impresionante volc\u00e1n Sierra Negra.<\/span><\/li>\n<\/ul>\n<h3><span style=\"font-family: arial, helvetica, sans-serif;\">Eventos y paquetes<\/span><\/h3>\n<ul>\n<li><span style=\"font-family: arial, helvetica, sans-serif;\"><strong>Bodas y eventos.<\/strong> Celebre la boda de destino de sus sue\u00f1os o un evento memorable con nuestras impresionantes vistas como tel\u00f3n de fondo perfecto.<\/span><\/li>\n<li><span style=\"font-family: arial, helvetica, sans-serif;\"><strong>Tours y paquetes.<\/strong> Explore lo mejor de Gal\u00e1pagos con nuestros tours y paquetes personalizados, seleccionados para mejorar su experiencia en la isla Isabela.<\/span><\/li>\n<\/ul>\n<p><span style=\"font-family: arial, helvetica, sans-serif;\">Nuestro personal dedicado se asegura de que cada momento de su estad\u00eda sea sencillo y agradable. Perm\u00edtanos encargarnos de los detalles para que pueda relajarse por completo y disfrutar de todo lo que Iguana Crossing tiene para ofrecer.<\/span><\/p>\n<p>[vc_row][vc_column el_class=&#8221;accocruise&#8221;][vc_column_text]\n<div class=\"panel panel-default accordion__item\">\n\t<div class=\"panel-heading accordion__item__title-wrap\">\n\t\t<h4 class=\"panel-title\">\n\t\t\t<a data-toggle=\"collapse\" data-parent=\"#ataccordion0\" href=\"#ataccordion0_1\" class=\"accordion__item__link collapsed\">Solicite m\u00e1s informaci\u00f3n<\/a>\n\t\t<\/h4>\n\t<\/div>\n\t<div id=\"ataccordion0_1\" class=\"panel-collapse collapse\">\n\t\t<div class=\"panel-body accordion__item__content\">\n                <div class=\"ml-embedded\" data-form=\"1KdTcq\"><\/div>\n            \n<\/div>\n\t<\/div>\n<\/div><\/div>","protected":false},"excerpt":{"rendered":"<p>Iguana Crossing Hotel Boutique El hotel boutique Iguana Crossing combina lujo y naturaleza en un entorno id\u00edlico. Ubicado a lo largo de las pr\u00edstinas costas de la isla Isabela en las Gal\u00e1pagos. Cuidadosamente elaborado con materiales nativos de las islas y situado cerca del ic\u00f3nico cruce de iguanas marinas, el hotel ofrece una experiencia \u00fanica<\/p>\n<div class=\"padding-top text-center\"><a href=\"https:\/\/naturegalapagos.com\/es\/hoteles-en-galapagos\/isabela-galapagos\/iguana-crossing\/\" class=\"atbtn atbtn--medium atbtn--rounded atbtn--transparent\">Leer m\u00e1s<i class=\"atbtn__icon atbtn__icon--right fa fa-long-arrow-right\"><\/i><\/a><\/div>\n","protected":false},"featured_media":2622,"comment_status":"open","ping_status":"closed","template":"","meta":{"_joinchat":[]},"product_brand":[],"product_cat":[3599],"product_tag":[],"class_list":{"0":"post-2612","1":"product","2":"type-product","3":"status-publish","4":"has-post-thumbnail","6":"product_cat-sin-categoria","7":"tour_category-hoteles-en-isabela","9":"first","10":"instock","11":"taxable","12":"shipping-taxable","13":"product-type-tour"},"yoast_head":"<!-- This site is optimized with the Yoast SEO Premium plugin v25.6 (Yoast SEO v26.1.1) - https:\/\/yoast.com\/wordpress\/plugins\/seo\/ -->\n<title>Iguana Crossing Boutique Hotel | Isabela - Gal\u00e1pagos<\/title>\n<meta name=\"description\" content=\"Iguana Crossing Boutique Hotel se encuentra en Puerto Villamil, a 5 minutos del centro de la ciudad. Cuenta con piscina. Para m\u00e1s informaci\u00f3n clic aqu\u00ed!\" \/>\n<meta name=\"robots\" content=\"index, follow, max-snippet:-1, max-image-preview:large, max-video-preview:-1\" \/>\n<link rel=\"canonical\" href=\"https:\/\/naturegalapagos.com\/es\/hoteles-en-galapagos\/isabela-galapagos\/iguana-crossing\/\" \/>\n<meta property=\"og:locale\" content=\"es_ES\" \/>\n<meta property=\"og:type\" content=\"article\" \/>\n<meta property=\"og:title\" content=\"Iguana Crossing Boutique Hotel | Isabela - Gal\u00e1pagos\" \/>\n<meta property=\"og:description\" content=\"Iguana Crossing Boutique Hotel se encuentra en Puerto Villamil, a 5 minutos del centro de la ciudad. Cuenta con piscina. Para m\u00e1s informaci\u00f3n clic aqu\u00ed!\" \/>\n<meta property=\"og:url\" content=\"https:\/\/naturegalapagos.com\/es\/hoteles-en-galapagos\/isabela-galapagos\/iguana-crossing\/\" \/>\n<meta property=\"og:site_name\" content=\"Espa\u00f1ol - Nature Galapagos &amp; Ecuador\" \/>\n<meta property=\"article:publisher\" content=\"https:\/\/www.facebook.com\/naturegalapagosecuador\/\" \/>\n<meta property=\"article:modified_time\" content=\"2025-08-02T03:58:36+00:00\" \/>\n<meta property=\"og:image\" content=\"https:\/\/naturegalapagos.com\/es\/wp-content\/uploads\/sites\/3\/2016\/07\/Iguana-Crossing-Boutique-Hotel.jpg\" \/>\n\t<meta property=\"og:image:width\" content=\"1024\" \/>\n\t<meta property=\"og:image:height\" content=\"512\" \/>\n\t<meta property=\"og:image:type\" content=\"image\/jpeg\" \/>\n<meta name=\"twitter:card\" content=\"summary_large_image\" \/>\n<meta name=\"twitter:title\" content=\"Iguana Crossing Boutique Hotel | Isabela - Gal\u00e1pagos\" \/>\n<meta name=\"twitter:description\" content=\"Iguana Crossing Boutique Hotel se encuentra en Puerto Villamil, a 5 minutos del centro de la ciudad. Cuenta con piscina. Para m\u00e1s informaci\u00f3n clic aqu\u00ed!\" \/>\n<meta name=\"twitter:site\" content=\"@naturegalapagos\" \/>\n<meta name=\"twitter:label1\" content=\"Tiempo de lectura\" \/>\n\t<meta name=\"twitter:data1\" content=\"2 minutos\" \/>\n<!-- \/ Yoast SEO Premium plugin. -->","yoast_head_json":{"title":"Iguana Crossing Boutique Hotel | Isabela - Gal\u00e1pagos","description":"Iguana Crossing Boutique Hotel se encuentra en Puerto Villamil, a 5 minutos del centro de la ciudad. Cuenta con piscina. Para m\u00e1s informaci\u00f3n clic aqu\u00ed!","robots":{"index":"index","follow":"follow","max-snippet":"max-snippet:-1","max-image-preview":"max-image-preview:large","max-video-preview":"max-video-preview:-1"},"canonical":"https:\/\/naturegalapagos.com\/es\/hoteles-en-galapagos\/isabela-galapagos\/iguana-crossing\/","og_locale":"es_ES","og_type":"article","og_title":"Iguana Crossing Boutique Hotel | Isabela - Gal\u00e1pagos","og_description":"Iguana Crossing Boutique Hotel se encuentra en Puerto Villamil, a 5 minutos del centro de la ciudad. Cuenta con piscina. Para m\u00e1s informaci\u00f3n clic aqu\u00ed!","og_url":"https:\/\/naturegalapagos.com\/es\/hoteles-en-galapagos\/isabela-galapagos\/iguana-crossing\/","og_site_name":"Espa\u00f1ol - Nature Galapagos &amp; Ecuador","article_publisher":"https:\/\/www.facebook.com\/naturegalapagosecuador\/","article_modified_time":"2025-08-02T03:58:36+00:00","og_image":[{"width":1024,"height":512,"url":"https:\/\/naturegalapagos.com\/es\/wp-content\/uploads\/sites\/3\/2016\/07\/Iguana-Crossing-Boutique-Hotel.jpg","type":"image\/jpeg"}],"twitter_card":"summary_large_image","twitter_title":"Iguana Crossing Boutique Hotel | Isabela - Gal\u00e1pagos","twitter_description":"Iguana Crossing Boutique Hotel se encuentra en Puerto Villamil, a 5 minutos del centro de la ciudad. Cuenta con piscina. Para m\u00e1s informaci\u00f3n clic aqu\u00ed!","twitter_site":"@naturegalapagos","twitter_misc":{"Tiempo de lectura":"2 minutos"},"schema":{"@context":"https:\/\/schema.org","@graph":[{"@type":"WebPage","@id":"https:\/\/naturegalapagos.com\/es\/hoteles-en-galapagos\/isabela-galapagos\/iguana-crossing\/","url":"https:\/\/naturegalapagos.com\/es\/hoteles-en-galapagos\/isabela-galapagos\/iguana-crossing\/","name":"Iguana Crossing Boutique Hotel | Isabela - Gal\u00e1pagos","isPartOf":{"@id":"https:\/\/naturegalapagos.com\/es\/#website"},"primaryImageOfPage":{"@id":"https:\/\/naturegalapagos.com\/es\/hoteles-en-galapagos\/isabela-galapagos\/iguana-crossing\/#primaryimage"},"image":{"@id":"https:\/\/naturegalapagos.com\/es\/hoteles-en-galapagos\/isabela-galapagos\/iguana-crossing\/#primaryimage"},"thumbnailUrl":"https:\/\/naturegalapagos.com\/es\/wp-content\/uploads\/sites\/3\/2016\/07\/iguana-crossing-boutique-hotel.jpg","datePublished":"2025-01-02T17:45:40+00:00","dateModified":"2025-08-02T03:58:36+00:00","description":"Iguana Crossing Boutique Hotel se encuentra en Puerto Villamil, a 5 minutos del centro de la ciudad. Cuenta con piscina. Para m\u00e1s informaci\u00f3n clic aqu\u00ed!","breadcrumb":{"@id":"https:\/\/naturegalapagos.com\/es\/hoteles-en-galapagos\/isabela-galapagos\/iguana-crossing\/#breadcrumb"},"inLanguage":"es","potentialAction":[{"@type":"ReadAction","target":["https:\/\/naturegalapagos.com\/es\/hoteles-en-galapagos\/isabela-galapagos\/iguana-crossing\/"]}]},{"@type":"ImageObject","inLanguage":"es","@id":"https:\/\/naturegalapagos.com\/es\/hoteles-en-galapagos\/isabela-galapagos\/iguana-crossing\/#primaryimage","url":"https:\/\/naturegalapagos.com\/es\/wp-content\/uploads\/sites\/3\/2016\/07\/iguana-crossing-boutique-hotel.jpg","contentUrl":"https:\/\/naturegalapagos.com\/es\/wp-content\/uploads\/sites\/3\/2016\/07\/iguana-crossing-boutique-hotel.jpg","width":1024,"height":512,"caption":"Iguana Crossing Boutique Hotel 2"},{"@type":"BreadcrumbList","@id":"https:\/\/naturegalapagos.com\/es\/hoteles-en-galapagos\/isabela-galapagos\/iguana-crossing\/#breadcrumb","itemListElement":[{"@type":"ListItem","position":1,"name":"Home","item":"https:\/\/naturegalapagos.com\/es\/"},{"@type":"ListItem","position":2,"name":"Tienda","item":"https:\/\/naturegalapagos.com\/es\/tienda\/"},{"@type":"ListItem","position":3,"name":"Iguana Crossing Boutique Hotel"}]},{"@type":"WebSite","@id":"https:\/\/naturegalapagos.com\/es\/#website","url":"https:\/\/naturegalapagos.com\/es\/","name":"Espa\u00f1ol - Nature Galapagos & Ecuador","description":"","publisher":{"@id":"https:\/\/naturegalapagos.com\/es\/#organization"},"potentialAction":[{"@type":"SearchAction","target":{"@type":"EntryPoint","urlTemplate":"https:\/\/naturegalapagos.com\/es\/?s={search_term_string}"},"query-input":{"@type":"PropertyValueSpecification","valueRequired":true,"valueName":"search_term_string"}}],"inLanguage":"es"},{"@type":"Organization","@id":"https:\/\/naturegalapagos.com\/es\/#organization","name":"Espa\u00f1ol - Nature Galapagos & Ecuador","url":"https:\/\/naturegalapagos.com\/es\/","logo":{"@type":"ImageObject","inLanguage":"es","@id":"https:\/\/naturegalapagos.com\/es\/#\/schema\/logo\/image\/","url":"https:\/\/naturegalapagos.com\/es\/wp-content\/uploads\/sites\/3\/2016\/10\/Nature-Galapagos-Logo-COM-300x300.jpg","contentUrl":"https:\/\/naturegalapagos.com\/es\/wp-content\/uploads\/sites\/3\/2016\/10\/Nature-Galapagos-Logo-COM-300x300.jpg","width":300,"height":300,"caption":"Espa\u00f1ol - Nature Galapagos & Ecuador"},"image":{"@id":"https:\/\/naturegalapagos.com\/es\/#\/schema\/logo\/image\/"},"sameAs":["https:\/\/www.facebook.com\/naturegalapagosecuador\/","https:\/\/x.com\/naturegalapagos","https:\/\/www.instagram.com\/naturegalapagos\/","https:\/\/www.pinterest.com\/Naturegalapagos\/","https:\/\/www.youtube.com\/user\/NatureGalapagosTours"]}]}},"_links":{"self":[{"href":"https:\/\/naturegalapagos.com\/es\/wp-json\/wp\/v2\/product\/2612","targetHints":{"allow":["GET"]}}],"collection":[{"href":"https:\/\/naturegalapagos.com\/es\/wp-json\/wp\/v2\/product"}],"about":[{"href":"https:\/\/naturegalapagos.com\/es\/wp-json\/wp\/v2\/types\/product"}],"replies":[{"embeddable":true,"href":"https:\/\/naturegalapagos.com\/es\/wp-json\/wp\/v2\/comments?post=2612"}],"wp:featuredmedia":[{"embeddable":true,"href":"https:\/\/naturegalapagos.com\/es\/wp-json\/wp\/v2\/media\/2622"}],"wp:attachment":[{"href":"https:\/\/naturegalapagos.com\/es\/wp-json\/wp\/v2\/media?parent=2612"}],"wp:term":[{"taxonomy":"product_brand","embeddable":true,"href":"https:\/\/naturegalapagos.com\/es\/wp-json\/wp\/v2\/product_brand?post=2612"},{"taxonomy":"product_cat","embeddable":true,"href":"https:\/\/naturegalapagos.com\/es\/wp-json\/wp\/v2\/product_cat?post=2612"},{"taxonomy":"product_tag","embeddable":true,"href":"https:\/\/naturegalapagos.com\/es\/wp-json\/wp\/v2\/product_tag?post=2612"}],"curies":[{"name":"wp","href":"https:\/\/api.w.org\/{rel}","templated":true}]}}