{"id":2659,"date":"2025-01-02T11:39:11","date_gmt":"2025-01-02T16:39:11","guid":{"rendered":"http:\/\/naturegalapagos.com\/es\/hoteles-en-galapagos\/isabela-galapagos\/wooden-house-lodge"},"modified":"2025-01-02T11:39:15","modified_gmt":"2025-01-02T16:39:15","slug":"hotel-wooden-house-lodge","status":"publish","type":"product","link":"https:\/\/naturegalapagos.com\/es\/hoteles-en-galapagos\/isabela-galapagos\/wooden-house-lodge\/","title":{"rendered":"Hotel Wooden House Lodge"},"content":{"rendered":"<div class=\"wpb-content-wrapper\"><p><span style=\"font-family: arial, helvetica, sans-serif;\"><strong style=\"font-size: 18pt;\">Hotel Wooden House Lodge<\/strong><\/span><\/p>\n<p><span style=\"font-family: arial, helvetica, sans-serif;\">El <strong>Hotel Wooden House Lodge<\/strong> esta ubicado en la impresionante isla Isabela en Gal\u00e1pagos, The Wooden House Lodge ofrece una experiencia \u00fanica donde la comodidad y la naturaleza se unen a la perfecci\u00f3n. Aqu\u00ed, disfrutar\u00e1 de la tranquilidad de esta joven isla volc\u00e1nica, con formaciones activas como Sierra Negra y un vibrante ecosistema marino. D\u00e9jese cautivar por la biodiversidad de Isabela y los impresionantes paisajes en un albergue que lo conecta directamente con la belleza natural de Gal\u00e1pagos.<\/span><\/p>\n<p><span style=\"font-family: arial, helvetica, sans-serif;\">En el lodge encontrar\u00e1s un ambiente hogare\u00f1o ya que ha sido concebido pensando en el viajero que viene lejos de casa, necesita relajarse y busca una experiencia \u00fanica y exclusiva.<\/span><\/p>\n<table style=\"width: 443px;\">\n<tbody>\n<tr>\n<td style=\"text-align: center; width: 429px;\" colspan=\"2\"><span style=\"font-family: arial, helvetica, sans-serif;\"><strong>The Wooden House Lodge<\/strong><\/span><\/td>\n<\/tr>\n<tr>\n<td style=\"width: 185px;\"><span style=\"font-family: arial, helvetica, sans-serif;\"><strong>Tipo de habitaciones:\u00a0<\/strong><\/span><\/td>\n<td style=\"width: 244px;\"><span style=\"font-family: arial, helvetica, sans-serif;\">Habitaciones Front Deluxe Superior, Habitaciones Standard.<\/span><\/td>\n<\/tr>\n<tr>\n<td style=\"width: 185px;\"><span style=\"font-family: arial, helvetica, sans-serif;\"><strong>Habitaciones Front Deluxe Superior:<\/strong><\/span><\/td>\n<td style=\"width: 244px;\"><span style=\"font-family: arial, helvetica, sans-serif;\">Amplias suites con balc\u00f3n.<\/span><\/td>\n<\/tr>\n<tr>\n<td style=\"width: 185px;\"><span style=\"font-family: arial, helvetica, sans-serif;\"><strong>Habitaciones Standard:<\/strong><\/span><\/td>\n<td style=\"width: 244px;\"><span style=\"font-family: arial, helvetica, sans-serif;\">Habitaciones standard con todos los servicios incluidos.<\/span><\/td>\n<\/tr>\n<tr>\n<td style=\"width: 185px;\"><span style=\"font-family: arial, helvetica, sans-serif;\"><strong>Servicios:<\/strong><\/span><\/td>\n<td style=\"width: 244px;\"><span style=\"font-family: arial, helvetica, sans-serif;\">Bar.<\/span><br \/>\n<span style=\"font-family: arial, helvetica, sans-serif;\"> Restaurante.<\/span><br \/>\n<span style=\"font-family: arial, helvetica, sans-serif;\"> \u00c1rea de descanso y lectura.<\/span><br \/>\n<span style=\"font-family: arial, helvetica, sans-serif;\"> Mostrador de recepci\u00f3n assistace 24 horas.<\/span><br \/>\n<span style=\"font-family: arial, helvetica, sans-serif;\"> Limpieza diaria en nuestras habitaciones y el hotel.<\/span><br \/>\n<span style=\"font-family: arial, helvetica, sans-serif;\"> Wifi.<\/span><\/td>\n<\/tr>\n<\/tbody>\n<\/table>\n<p>&nbsp;<\/p>\n<h3><span style=\"font-family: arial, helvetica, sans-serif;\">Caracter\u00edsticas del Hotel Wooden House Lodge<\/span><\/h3>\n<ul>\n<li><span style=\"font-family: arial, helvetica, sans-serif;\">Bebida de bienvenida: A su llegada, lo recibiremos con una bebida refrescante para darle la bienvenida al para\u00edso.<\/span><\/li>\n<li><span style=\"font-family: arial, helvetica, sans-serif;\">Piscina: Rel\u00e1jese en nuestra piscina rodeada de naturaleza, perfecta para refrescarse despu\u00e9s de un d\u00eda de exploraci\u00f3n.<\/span><\/li>\n<li><span style=\"font-family: arial, helvetica, sans-serif;\">Conectividad Wifi Starlink: Mant\u00e9ngase conectado con internet de alta velocidad para compartir sus experiencias con el mundo.<\/span><\/li>\n<li><span style=\"font-family: arial, helvetica, sans-serif;\">Agua Caliente: Habitaciones equipadas con agua caliente para garantizar su comodidad a cualquier hora del d\u00eda.<\/span><\/li>\n<li><span style=\"font-family: arial, helvetica, sans-serif;\">Toallas de Playa\/Piscina: Le proporcionamos toallas tanto para la piscina como para sus d\u00edas de playa para que pueda concentrarse \u00fanicamente en disfrutar.<\/span><\/li>\n<li><span style=\"font-family: arial, helvetica, sans-serif;\">Desayuno en la Casa: Cada ma\u00f1ana, disfrute de un desayuno completo y saludable, ideal para comenzar su d\u00eda lleno de energ\u00eda.<\/span><\/li>\n<li><span style=\"font-family: arial, helvetica, sans-serif;\">Agua Potable: Le proporcionamos agua potable de alta calidad para su comodidad y seguridad.<\/span><\/li>\n<\/ul>\n<h3><span style=\"font-family: arial, helvetica, sans-serif;\">Servicios No Incluidos<\/span><\/h3>\n<p><span style=\"font-family: arial, helvetica, sans-serif;\">Para su comodidad, le presentamos los siguientes servicios no incluidos en la tarifa:<\/span><\/p>\n<ul>\n<li><span style=\"font-family: arial, helvetica, sans-serif;\">Boletos de avi\u00f3n: El transporte a\u00e9reo a Gal\u00e1pagos debe ser organizado por su cuenta.<\/span><\/li>\n<li><span style=\"font-family: arial, helvetica, sans-serif;\">Propinas: Las propinas para nuestro equipo no est\u00e1n incluidas en el paquete.<\/span><\/li>\n<li><span style=\"font-family: arial, helvetica, sans-serif;\">Bebidas alcoh\u00f3licas y no alcoh\u00f3licas: Contamos con un bar donde podr\u00e1 adquirir una variedad de bebidas.<\/span><\/li>\n<li><span style=\"font-family: arial, helvetica, sans-serif;\">Servicio de lavander\u00eda: Disponible a pedido para mayor comodidad.<\/span><\/li>\n<\/ul>\n<p>[vc_row][vc_column el_class=&#8221;accocruise&#8221;][vc_column_text]\n<div class=\"panel panel-default accordion__item\">\n\t<div class=\"panel-heading accordion__item__title-wrap\">\n\t\t<h4 class=\"panel-title\">\n\t\t\t<a data-toggle=\"collapse\" data-parent=\"#ataccordion0\" href=\"#ataccordion0_1\" class=\"accordion__item__link collapsed\">Solicite m\u00e1s informaci\u00f3n<\/a>\n\t\t<\/h4>\n\t<\/div>\n\t<div id=\"ataccordion0_1\" class=\"panel-collapse collapse\">\n\t\t<div class=\"panel-body accordion__item__content\">\n                <div class=\"ml-embedded\" data-form=\"ApvIO1\"><\/div>\n            \n<\/div>\n\t<\/div>\n<\/div>[\/vc_column_text][\/vc_column][\/vc_row]<\/p>\n<\/div>","protected":false},"excerpt":{"rendered":"<p>El hotel\u00a0es acogedor y encantador es gestionado por una familia que ha estado implicada en el turismo desde hace m\u00e1s de 30 a\u00f1os.<\/p>\n<p>El Hotel Wooden House se encuentra favorablemente ubicado en la hermosa isla Isabela de Gal\u00e1pagos, muy conocido por su extraordinaria belleza y por sus incre\u00edbles sitios de visita.<\/p>\n","protected":false},"featured_media":7361,"comment_status":"open","ping_status":"closed","template":"","meta":{"_joinchat":[]},"product_brand":[],"product_cat":[3599],"product_tag":[6075,6074],"class_list":{"0":"post-2659","1":"product","2":"type-product","3":"status-publish","4":"has-post-thumbnail","6":"product_cat-sin-categoria","7":"product_tag-galapgos-island","8":"product_tag-travel","9":"tour_category-hoteles-en-isabela","11":"first","12":"instock","13":"taxable","14":"shipping-taxable","15":"product-type-tour"},"yoast_head":"<!-- This site is optimized with the Yoast SEO Premium plugin v25.6 (Yoast SEO v26.1.1) - https:\/\/yoast.com\/wordpress\/plugins\/seo\/ -->\n<title>Hotel Wooden House Lodge hotel | Isla Isabela Gal\u00e1pagos<\/title>\n<meta name=\"description\" content=\"Hotel Wooden House lodge esta ubicado en la Isla Isabela en Galapagos, habitaciones confortables, se encuentra ubicado en la avenida que conduce al muelle.\" \/>\n<meta name=\"robots\" content=\"index, follow, max-snippet:-1, max-image-preview:large, max-video-preview:-1\" \/>\n<link rel=\"canonical\" href=\"https:\/\/naturegalapagos.com\/es\/hoteles-en-galapagos\/isabela-galapagos\/wooden-house-lodge\/\" \/>\n<meta property=\"og:locale\" content=\"es_ES\" \/>\n<meta property=\"og:type\" content=\"article\" \/>\n<meta property=\"og:title\" content=\"The Wooden House Lodge | Isabela - Gal\u00e1pagos\" \/>\n<meta property=\"og:description\" content=\"El Hotel Casa Isabela est\u00e1 situado en la isla paradis\u00edaca de Isabela, en Gal\u00e1pagos, enfrente a la playa e Internet WIFI. M\u00e1s informaci\u00f3n clic aqu\u00ed! &quot;NG&amp;E&quot;\" \/>\n<meta property=\"og:url\" content=\"https:\/\/naturegalapagos.com\/es\/hoteles-en-galapagos\/isabela-galapagos\/wooden-house-lodge\/\" \/>\n<meta property=\"og:site_name\" content=\"Espa\u00f1ol - Nature Galapagos &amp; Ecuador\" \/>\n<meta property=\"article:publisher\" content=\"https:\/\/www.facebook.com\/naturegalapagosecuador\/\" \/>\n<meta property=\"article:modified_time\" content=\"2025-01-02T16:39:15+00:00\" \/>\n<meta property=\"og:image\" content=\"https:\/\/naturegalapagos.com\/es\/wp-content\/uploads\/sites\/3\/2016\/07\/the-wooden-house-lodge-frontal.jpg\" \/>\n\t<meta property=\"og:image:width\" content=\"1024\" \/>\n\t<meta property=\"og:image:height\" content=\"512\" \/>\n\t<meta property=\"og:image:type\" content=\"image\/jpeg\" \/>\n<meta name=\"twitter:card\" content=\"summary_large_image\" \/>\n<meta name=\"twitter:title\" content=\"The Wooden House Lodge | Isabela - Gal\u00e1pagos\" \/>\n<meta name=\"twitter:description\" content=\"El Hotel Casa Isabela est\u00e1 situado en la isla paradis\u00edaca de Isabela, en Gal\u00e1pagos, enfrente a la playa e Internet WIFI. M\u00e1s informaci\u00f3n clic aqu\u00ed! &quot;NG&amp;E&quot;\" \/>\n<meta name=\"twitter:site\" content=\"@naturegalapagos\" \/>\n<meta name=\"twitter:label1\" content=\"Tiempo de lectura\" \/>\n\t<meta name=\"twitter:data1\" content=\"2 minutos\" \/>\n<!-- \/ Yoast SEO Premium plugin. -->","yoast_head_json":{"title":"Hotel Wooden House Lodge hotel | Isla Isabela Gal\u00e1pagos","description":"Hotel Wooden House lodge esta ubicado en la Isla Isabela en Galapagos, habitaciones confortables, se encuentra ubicado en la avenida que conduce al muelle.","robots":{"index":"index","follow":"follow","max-snippet":"max-snippet:-1","max-image-preview":"max-image-preview:large","max-video-preview":"max-video-preview:-1"},"canonical":"https:\/\/naturegalapagos.com\/es\/hoteles-en-galapagos\/isabela-galapagos\/wooden-house-lodge\/","og_locale":"es_ES","og_type":"article","og_title":"The Wooden House Lodge | Isabela - Gal\u00e1pagos","og_description":"El Hotel Casa Isabela est\u00e1 situado en la isla paradis\u00edaca de Isabela, en Gal\u00e1pagos, enfrente a la playa e Internet WIFI. M\u00e1s informaci\u00f3n clic aqu\u00ed! \"NG&E\"","og_url":"https:\/\/naturegalapagos.com\/es\/hoteles-en-galapagos\/isabela-galapagos\/wooden-house-lodge\/","og_site_name":"Espa\u00f1ol - Nature Galapagos &amp; Ecuador","article_publisher":"https:\/\/www.facebook.com\/naturegalapagosecuador\/","article_modified_time":"2025-01-02T16:39:15+00:00","og_image":[{"width":1024,"height":512,"url":"https:\/\/naturegalapagos.com\/es\/wp-content\/uploads\/sites\/3\/2016\/07\/the-wooden-house-lodge-frontal.jpg","type":"image\/jpeg"}],"twitter_card":"summary_large_image","twitter_title":"The Wooden House Lodge | Isabela - Gal\u00e1pagos","twitter_description":"El Hotel Casa Isabela est\u00e1 situado en la isla paradis\u00edaca de Isabela, en Gal\u00e1pagos, enfrente a la playa e Internet WIFI. M\u00e1s informaci\u00f3n clic aqu\u00ed! \"NG&E\"","twitter_site":"@naturegalapagos","twitter_misc":{"Tiempo de lectura":"2 minutos"},"schema":{"@context":"https:\/\/schema.org","@graph":[{"@type":"WebPage","@id":"https:\/\/naturegalapagos.com\/es\/hoteles-en-galapagos\/isabela-galapagos\/wooden-house-lodge\/","url":"https:\/\/naturegalapagos.com\/es\/hoteles-en-galapagos\/isabela-galapagos\/wooden-house-lodge\/","name":"Hotel Wooden House Lodge hotel | Isla Isabela Gal\u00e1pagos","isPartOf":{"@id":"https:\/\/naturegalapagos.com\/es\/#website"},"primaryImageOfPage":{"@id":"https:\/\/naturegalapagos.com\/es\/hoteles-en-galapagos\/isabela-galapagos\/wooden-house-lodge\/#primaryimage"},"image":{"@id":"https:\/\/naturegalapagos.com\/es\/hoteles-en-galapagos\/isabela-galapagos\/wooden-house-lodge\/#primaryimage"},"thumbnailUrl":"https:\/\/naturegalapagos.com\/es\/wp-content\/uploads\/sites\/3\/2025\/01\/Zona-libre-con-piscina-en-el-hotel-The-Wooden-House-Lodge.jpg","datePublished":"2025-01-02T16:39:11+00:00","dateModified":"2025-01-02T16:39:15+00:00","description":"Hotel Wooden House lodge esta ubicado en la Isla Isabela en Galapagos, habitaciones confortables, se encuentra ubicado en la avenida que conduce al muelle.","breadcrumb":{"@id":"https:\/\/naturegalapagos.com\/es\/hoteles-en-galapagos\/isabela-galapagos\/wooden-house-lodge\/#breadcrumb"},"inLanguage":"es","potentialAction":[{"@type":"ReadAction","target":["https:\/\/naturegalapagos.com\/es\/hoteles-en-galapagos\/isabela-galapagos\/wooden-house-lodge\/"]}]},{"@type":"ImageObject","inLanguage":"es","@id":"https:\/\/naturegalapagos.com\/es\/hoteles-en-galapagos\/isabela-galapagos\/wooden-house-lodge\/#primaryimage","url":"https:\/\/naturegalapagos.com\/es\/wp-content\/uploads\/sites\/3\/2025\/01\/Zona-libre-con-piscina-en-el-hotel-The-Wooden-House-Lodge.jpg","contentUrl":"https:\/\/naturegalapagos.com\/es\/wp-content\/uploads\/sites\/3\/2025\/01\/Zona-libre-con-piscina-en-el-hotel-The-Wooden-House-Lodge.jpg","width":801,"height":801,"caption":"Zona libre con piscina en el hotel The Wooden House Lodge"},{"@type":"BreadcrumbList","@id":"https:\/\/naturegalapagos.com\/es\/hoteles-en-galapagos\/isabela-galapagos\/wooden-house-lodge\/#breadcrumb","itemListElement":[{"@type":"ListItem","position":1,"name":"Home","item":"https:\/\/naturegalapagos.com\/es\/"},{"@type":"ListItem","position":2,"name":"Tienda","item":"https:\/\/naturegalapagos.com\/es\/tienda\/"},{"@type":"ListItem","position":3,"name":"Hotel Wooden House Lodge"}]},{"@type":"WebSite","@id":"https:\/\/naturegalapagos.com\/es\/#website","url":"https:\/\/naturegalapagos.com\/es\/","name":"Espa\u00f1ol - Nature Galapagos & Ecuador","description":"","publisher":{"@id":"https:\/\/naturegalapagos.com\/es\/#organization"},"potentialAction":[{"@type":"SearchAction","target":{"@type":"EntryPoint","urlTemplate":"https:\/\/naturegalapagos.com\/es\/?s={search_term_string}"},"query-input":{"@type":"PropertyValueSpecification","valueRequired":true,"valueName":"search_term_string"}}],"inLanguage":"es"},{"@type":"Organization","@id":"https:\/\/naturegalapagos.com\/es\/#organization","name":"Espa\u00f1ol - Nature Galapagos & Ecuador","url":"https:\/\/naturegalapagos.com\/es\/","logo":{"@type":"ImageObject","inLanguage":"es","@id":"https:\/\/naturegalapagos.com\/es\/#\/schema\/logo\/image\/","url":"https:\/\/naturegalapagos.com\/es\/wp-content\/uploads\/sites\/3\/2016\/10\/Nature-Galapagos-Logo-COM-300x300.jpg","contentUrl":"https:\/\/naturegalapagos.com\/es\/wp-content\/uploads\/sites\/3\/2016\/10\/Nature-Galapagos-Logo-COM-300x300.jpg","width":300,"height":300,"caption":"Espa\u00f1ol - Nature Galapagos & Ecuador"},"image":{"@id":"https:\/\/naturegalapagos.com\/es\/#\/schema\/logo\/image\/"},"sameAs":["https:\/\/www.facebook.com\/naturegalapagosecuador\/","https:\/\/x.com\/naturegalapagos","https:\/\/www.instagram.com\/naturegalapagos\/","https:\/\/www.pinterest.com\/Naturegalapagos\/","https:\/\/www.youtube.com\/user\/NatureGalapagosTours"]}]}},"_links":{"self":[{"href":"https:\/\/naturegalapagos.com\/es\/wp-json\/wp\/v2\/product\/2659","targetHints":{"allow":["GET"]}}],"collection":[{"href":"https:\/\/naturegalapagos.com\/es\/wp-json\/wp\/v2\/product"}],"about":[{"href":"https:\/\/naturegalapagos.com\/es\/wp-json\/wp\/v2\/types\/product"}],"replies":[{"embeddable":true,"href":"https:\/\/naturegalapagos.com\/es\/wp-json\/wp\/v2\/comments?post=2659"}],"wp:featuredmedia":[{"embeddable":true,"href":"https:\/\/naturegalapagos.com\/es\/wp-json\/wp\/v2\/media\/7361"}],"wp:attachment":[{"href":"https:\/\/naturegalapagos.com\/es\/wp-json\/wp\/v2\/media?parent=2659"}],"wp:term":[{"taxonomy":"product_brand","embeddable":true,"href":"https:\/\/naturegalapagos.com\/es\/wp-json\/wp\/v2\/product_brand?post=2659"},{"taxonomy":"product_cat","embeddable":true,"href":"https:\/\/naturegalapagos.com\/es\/wp-json\/wp\/v2\/product_cat?post=2659"},{"taxonomy":"product_tag","embeddable":true,"href":"https:\/\/naturegalapagos.com\/es\/wp-json\/wp\/v2\/product_tag?post=2659"}],"curies":[{"name":"wp","href":"https:\/\/api.w.org\/{rel}","templated":true}]}}