{"id":2669,"date":"2024-12-03T16:22:26","date_gmt":"2024-12-03T21:22:26","guid":{"rendered":"http:\/\/naturegalapagos.com\/es\/hoteles-en-galapagos\/san-cristobal-galapagos\/cabanas-pimampiro"},"modified":"2024-12-03T16:48:43","modified_gmt":"2024-12-03T21:48:43","slug":"cabanas-pimampiro","status":"publish","type":"product","link":"https:\/\/naturegalapagos.com\/es\/hoteles-en-galapagos\/san-cristobal-galapagos\/cabanas-pimampiro\/","title":{"rendered":"Caba\u00f1as Pimampiro"},"content":{"rendered":"<div class=\"wpb-content-wrapper\"><h2><span style=\"font-family: arial, helvetica, sans-serif;\">Caba\u00f1as Pimampiro Gal\u00e1pagos<\/span><\/h2>\n<p><span style=\"font-family: arial, helvetica, sans-serif;\">Caba\u00f1as Pimampiro Gal\u00e1pagos, \u00a1Rel\u00e1jese y descanse con nosotros en esta escapada \u00fanica y serena! Ubicado en San Crist\u00f3bal, tambi\u00e9n conocida como &#8220;Isla Bonita&#8221;, nuestro hotel est\u00e1 a solo 1 km del animado paseo mar\u00edtimo de San Crist\u00f3bal y a solo 1,5 km de la playa m\u00e1s cercana. Ya sea que est\u00e9 aqu\u00ed para explorar las maravillas de las Gal\u00e1pagos o simplemente buscando un retiro tranquilo, tenemos alojamientos dise\u00f1ados para cada tipo de viajero.<\/span><\/p>\n<h3><span style=\"font-family: arial, helvetica, sans-serif;\">Caracter\u00edsticas y comodidades<\/span><\/h3>\n<h4><span style=\"font-family: arial, helvetica, sans-serif;\">Nuestro hotel ofrece una variedad de c\u00f3modas habitaciones que se adaptan a sus necesidades:<\/span><\/h4>\n<ul>\n<li><span style=\"font-family: arial, helvetica, sans-serif;\"><strong>Suite Junior:<\/strong> Esta opci\u00f3n es <strong>ideal<\/strong> para viajeros solos o parejas, <strong>ya que incluye<\/strong> ba\u00f1o privado, espacio de trabajo y balc\u00f3n, <strong>ofreciendo as\u00ed<\/strong> comodidad y privacidad.<\/span><\/li>\n<li><span style=\"font-family: arial, helvetica, sans-serif;\"><strong>Suite Deluxe:<\/strong> <strong>Por otro lado,<\/strong> es perfecta para dos o tres hu\u00e9spedes, <strong>ya que cuenta con<\/strong> ba\u00f1o privado, sala de estar y una mini cocina, <strong>lo que la convierte en<\/strong> una excelente opci\u00f3n para estad\u00edas m\u00e1s largas.<\/span><\/li>\n<li><span style=\"font-family: arial, helvetica, sans-serif;\"><strong>Piso familiar:<\/strong> <strong>Finalmente,<\/strong> las amplias habitaciones son ideales para grupos de tres a cuatro personas, <strong>pues incluyen<\/strong> ba\u00f1o privado, sala de estar y, dependiendo de la unidad, un balc\u00f3n o cocina, <strong>brindando as\u00ed<\/strong> espacio y comodidad para toda la familia.<\/span><\/li>\n<\/ul>\n<h3><span style=\"font-family: arial, helvetica, sans-serif;\">Caracter\u00edsticas de la propiedad Caba\u00f1as Pimampiro<\/span><\/h3>\n<h4><span style=\"font-family: arial, helvetica, sans-serif;\">En Caba\u00f1as Pimampiro Hotel, nos enfocamos en la comodidad y conveniencia:<\/span><\/h4>\n<ul>\n<li><span style=\"font-family: arial, helvetica, sans-serif;\">Wi-Fi gratuito<\/span><\/li>\n<li><span style=\"font-family: arial, helvetica, sans-serif;\">Piscina: Rel\u00e1jese junto a la piscina o tome un refrescante chapuz\u00f3n al aire libre.<\/span><\/li>\n<li><span style=\"font-family: arial, helvetica, sans-serif;\">Desayuno de cortes\u00eda: Comience su d\u00eda con un delicioso desayuno.<\/span><\/li>\n<li><span style=\"font-family: arial, helvetica, sans-serif;\">Traslado al aeropuerto: F\u00e1cil transporte desde y hacia el aeropuerto.<\/span><\/li>\n<li><span style=\"font-family: arial, helvetica, sans-serif;\">Hotel para no fumadores<\/span><\/li>\n<li><span style=\"font-family: arial, helvetica, sans-serif;\">Servicios de la habitaci\u00f3n<\/span><\/li>\n<\/ul>\n<h4><span style=\"font-family: arial, helvetica, sans-serif;\">Cada habitaci\u00f3n est\u00e1 dise\u00f1ada para su comodidad:<\/span><\/h4>\n<ul>\n<li><span style=\"font-family: arial, helvetica, sans-serif;\">Aire acondicionado<\/span><\/li>\n<li><span style=\"font-family: arial, helvetica, sans-serif;\">Balc\u00f3n privado<\/span><\/li>\n<li><span style=\"font-family: arial, helvetica, sans-serif;\">Caja de seguridad<\/span><\/li>\n<li><span style=\"font-family: arial, helvetica, sans-serif;\">Mini refrigerador<\/span><\/li>\n<\/ul>\n<h3><span style=\"font-family: arial, helvetica, sans-serif;\">\u00c1reas comunes y servicios en Caba\u00f1as Pimampiro<\/span><\/h3>\n<ul>\n<li><span style=\"font-family: arial, helvetica, sans-serif;\">\u00c1rea de oficina en casa: Trabaje de forma remota con comodidad.<\/span><\/li>\n<li><span style=\"font-family: arial, helvetica, sans-serif;\">Sala de estar: Espacio compartido acogedor para relajarse.<\/span><\/li>\n<li><span style=\"font-family: arial, helvetica, sans-serif;\">Espacios verdes: Disfrute de nuestras \u00e1reas al aire libre para un toque de naturaleza.<\/span><\/li>\n<li><span style=\"font-family: arial, helvetica, sans-serif;\">Cafeter\u00eda en el lugar: El desayuno y el caf\u00e9 siempre est\u00e1n cerca.<\/span><\/li>\n<li><span style=\"font-family: arial, helvetica, sans-serif;\">Servicio de lavander\u00eda (disponible con un costo adicional)<\/span><\/li>\n<\/ul>\n<h4><span style=\"font-family: arial, helvetica, sans-serif;\">Tipos de habitaciones<\/span><\/h4>\n<p><span style=\"font-family: arial, helvetica, sans-serif;\"><strong>Habitaciones para no fumadores:<\/strong> Para garantizar un ambiente saludable y limpio, todas las habitaciones son libres de humo, <strong>lo cual contribuye adem\u00e1s<\/strong> a una experiencia m\u00e1s c\u00f3moda para todos los hu\u00e9spedes.<\/span><\/p>\n<p>[vc_row][vc_column el_class=&#8221;accocruise&#8221;][vc_column_text]\n<div class=\"panel panel-default accordion__item\">\n\t<div class=\"panel-heading accordion__item__title-wrap\">\n\t\t<h4 class=\"panel-title\">\n\t\t\t<a data-toggle=\"collapse\" data-parent=\"#ataccordion0\" href=\"#ataccordion0_1\" class=\"accordion__item__link collapsed\">Solicite m\u00e1s informaci\u00f3n<\/a>\n\t\t<\/h4>\n\t<\/div>\n\t<div id=\"ataccordion0_1\" class=\"panel-collapse collapse\">\n\t\t<div class=\"panel-body accordion__item__content\">\n                <div class=\"ml-embedded\" data-form=\"rMqU25\"><\/div>\n            \n<\/div>\n\t<\/div>\n<\/div>[\/vc_column_text][\/vc_column][\/vc_row]<\/p>\n<\/div>","protected":false},"excerpt":{"rendered":"<p>Caba\u00f1as Pimampiro se encuentran en Puerto Baquerizo Moreno, en San Crist\u00f3bal. Los servicios de alojamiento han sido ofrecidos a trav\u00e9s de varios a\u00f1os a los turistas nacionales e internacionales que han visitado la isla.<\/p>\n","protected":false},"featured_media":2676,"comment_status":"open","ping_status":"closed","template":"","meta":{"_joinchat":[]},"product_brand":[],"product_cat":[3599],"product_tag":[],"class_list":{"0":"post-2669","1":"product","2":"type-product","3":"status-publish","4":"has-post-thumbnail","6":"product_cat-sin-categoria","7":"tour_category-hoteles-en-san-cristobal","9":"first","10":"instock","11":"taxable","12":"shipping-taxable","13":"product-type-tour"},"yoast_head":"<!-- This site is optimized with the Yoast SEO Premium plugin v25.6 (Yoast SEO v26.1.1) - https:\/\/yoast.com\/wordpress\/plugins\/seo\/ -->\n<title>Caba\u00f1as Pimampiro - Suite | San Cristobal - Gal\u00e1pagos<\/title>\n<meta name=\"description\" content=\"Caba\u00f1as Pimampiro se encuentran en Puerto Baquerizo Moreno, en San Crist\u00f3bal y dispone de conexio\u0301n WiFi gratuita. Para m\u00e1s informaci\u00f3n clic aqu\u00ed! &quot;NG&amp;E&quot;\" \/>\n<meta name=\"robots\" content=\"index, follow, max-snippet:-1, max-image-preview:large, max-video-preview:-1\" \/>\n<link rel=\"canonical\" href=\"https:\/\/naturegalapagos.com\/es\/hoteles-en-galapagos\/san-cristobal-galapagos\/cabanas-pimampiro\/\" \/>\n<meta property=\"og:locale\" content=\"es_ES\" \/>\n<meta property=\"og:type\" content=\"article\" \/>\n<meta property=\"og:title\" content=\"Caba\u00f1as Pimampiro - Suite | San Cristobal - Gal\u00e1pagos\" \/>\n<meta property=\"og:description\" content=\"Caba\u00f1as Pimampiro se encuentran en Puerto Baquerizo Moreno, en San Crist\u00f3bal y dispone de conexio\u0301n WiFi gratuita. Para m\u00e1s informaci\u00f3n clic aqu\u00ed! &quot;NG&amp;E&quot;\" \/>\n<meta property=\"og:url\" content=\"https:\/\/naturegalapagos.com\/es\/hoteles-en-galapagos\/san-cristobal-galapagos\/cabanas-pimampiro\/\" \/>\n<meta property=\"og:site_name\" content=\"Espa\u00f1ol - Nature Galapagos &amp; Ecuador\" \/>\n<meta property=\"article:publisher\" content=\"https:\/\/www.facebook.com\/naturegalapagosecuador\/\" \/>\n<meta property=\"article:modified_time\" content=\"2024-12-03T21:48:43+00:00\" \/>\n<meta property=\"og:image\" content=\"https:\/\/naturegalapagos.com\/es\/wp-content\/uploads\/sites\/3\/2016\/07\/caba\u00f1as-pimampiro-viaje.jpg\" \/>\n\t<meta property=\"og:image:width\" content=\"1024\" \/>\n\t<meta property=\"og:image:height\" content=\"512\" \/>\n\t<meta property=\"og:image:type\" content=\"image\/jpeg\" \/>\n<meta name=\"twitter:card\" content=\"summary_large_image\" \/>\n<meta name=\"twitter:title\" content=\"Caba\u00f1as Pimampiro\" \/>\n<meta name=\"twitter:site\" content=\"@naturegalapagos\" \/>\n<meta name=\"twitter:label1\" content=\"Tiempo de lectura\" \/>\n\t<meta name=\"twitter:data1\" content=\"2 minutos\" \/>\n<!-- \/ Yoast SEO Premium plugin. -->","yoast_head_json":{"title":"Caba\u00f1as Pimampiro - Suite | San Cristobal - Gal\u00e1pagos","description":"Caba\u00f1as Pimampiro se encuentran en Puerto Baquerizo Moreno, en San Crist\u00f3bal y dispone de conexio\u0301n WiFi gratuita. Para m\u00e1s informaci\u00f3n clic aqu\u00ed! \"NG&E\"","robots":{"index":"index","follow":"follow","max-snippet":"max-snippet:-1","max-image-preview":"max-image-preview:large","max-video-preview":"max-video-preview:-1"},"canonical":"https:\/\/naturegalapagos.com\/es\/hoteles-en-galapagos\/san-cristobal-galapagos\/cabanas-pimampiro\/","og_locale":"es_ES","og_type":"article","og_title":"Caba\u00f1as Pimampiro - Suite | San Cristobal - Gal\u00e1pagos","og_description":"Caba\u00f1as Pimampiro se encuentran en Puerto Baquerizo Moreno, en San Crist\u00f3bal y dispone de conexio\u0301n WiFi gratuita. Para m\u00e1s informaci\u00f3n clic aqu\u00ed! \"NG&E\"","og_url":"https:\/\/naturegalapagos.com\/es\/hoteles-en-galapagos\/san-cristobal-galapagos\/cabanas-pimampiro\/","og_site_name":"Espa\u00f1ol - Nature Galapagos &amp; Ecuador","article_publisher":"https:\/\/www.facebook.com\/naturegalapagosecuador\/","article_modified_time":"2024-12-03T21:48:43+00:00","og_image":[{"width":1024,"height":512,"url":"https:\/\/naturegalapagos.com\/es\/wp-content\/uploads\/sites\/3\/2016\/07\/caba\u00f1as-pimampiro-viaje.jpg","type":"image\/jpeg"}],"twitter_card":"summary_large_image","twitter_title":"Caba\u00f1as Pimampiro","twitter_site":"@naturegalapagos","twitter_misc":{"Tiempo de lectura":"2 minutos"},"schema":{"@context":"https:\/\/schema.org","@graph":[{"@type":"WebPage","@id":"https:\/\/naturegalapagos.com\/es\/hoteles-en-galapagos\/san-cristobal-galapagos\/cabanas-pimampiro\/","url":"https:\/\/naturegalapagos.com\/es\/hoteles-en-galapagos\/san-cristobal-galapagos\/cabanas-pimampiro\/","name":"Caba\u00f1as Pimampiro - Suite | San Cristobal - Gal\u00e1pagos","isPartOf":{"@id":"https:\/\/naturegalapagos.com\/es\/#website"},"primaryImageOfPage":{"@id":"https:\/\/naturegalapagos.com\/es\/hoteles-en-galapagos\/san-cristobal-galapagos\/cabanas-pimampiro\/#primaryimage"},"image":{"@id":"https:\/\/naturegalapagos.com\/es\/hoteles-en-galapagos\/san-cristobal-galapagos\/cabanas-pimampiro\/#primaryimage"},"thumbnailUrl":"https:\/\/naturegalapagos.com\/es\/wp-content\/uploads\/sites\/3\/2016\/07\/caba\u00f1as-pimampiro-viaje.jpg","datePublished":"2024-12-03T21:22:26+00:00","dateModified":"2024-12-03T21:48:43+00:00","description":"Caba\u00f1as Pimampiro se encuentran en Puerto Baquerizo Moreno, en San Crist\u00f3bal y dispone de conexio\u0301n WiFi gratuita. Para m\u00e1s informaci\u00f3n clic aqu\u00ed! \"NG&E\"","breadcrumb":{"@id":"https:\/\/naturegalapagos.com\/es\/hoteles-en-galapagos\/san-cristobal-galapagos\/cabanas-pimampiro\/#breadcrumb"},"inLanguage":"es","potentialAction":[{"@type":"ReadAction","target":["https:\/\/naturegalapagos.com\/es\/hoteles-en-galapagos\/san-cristobal-galapagos\/cabanas-pimampiro\/"]}]},{"@type":"ImageObject","inLanguage":"es","@id":"https:\/\/naturegalapagos.com\/es\/hoteles-en-galapagos\/san-cristobal-galapagos\/cabanas-pimampiro\/#primaryimage","url":"https:\/\/naturegalapagos.com\/es\/wp-content\/uploads\/sites\/3\/2016\/07\/caba\u00f1as-pimampiro-viaje.jpg","contentUrl":"https:\/\/naturegalapagos.com\/es\/wp-content\/uploads\/sites\/3\/2016\/07\/caba\u00f1as-pimampiro-viaje.jpg","width":1024,"height":512,"caption":"Caba\u00f1as Pimampiro Viaje"},{"@type":"BreadcrumbList","@id":"https:\/\/naturegalapagos.com\/es\/hoteles-en-galapagos\/san-cristobal-galapagos\/cabanas-pimampiro\/#breadcrumb","itemListElement":[{"@type":"ListItem","position":1,"name":"Home","item":"https:\/\/naturegalapagos.com\/es\/"},{"@type":"ListItem","position":2,"name":"Tienda","item":"https:\/\/naturegalapagos.com\/es\/tienda\/"},{"@type":"ListItem","position":3,"name":"Caba\u00f1as Pimampiro"}]},{"@type":"WebSite","@id":"https:\/\/naturegalapagos.com\/es\/#website","url":"https:\/\/naturegalapagos.com\/es\/","name":"Espa\u00f1ol - Nature Galapagos & Ecuador","description":"","publisher":{"@id":"https:\/\/naturegalapagos.com\/es\/#organization"},"potentialAction":[{"@type":"SearchAction","target":{"@type":"EntryPoint","urlTemplate":"https:\/\/naturegalapagos.com\/es\/?s={search_term_string}"},"query-input":{"@type":"PropertyValueSpecification","valueRequired":true,"valueName":"search_term_string"}}],"inLanguage":"es"},{"@type":"Organization","@id":"https:\/\/naturegalapagos.com\/es\/#organization","name":"Espa\u00f1ol - Nature Galapagos & Ecuador","url":"https:\/\/naturegalapagos.com\/es\/","logo":{"@type":"ImageObject","inLanguage":"es","@id":"https:\/\/naturegalapagos.com\/es\/#\/schema\/logo\/image\/","url":"https:\/\/naturegalapagos.com\/es\/wp-content\/uploads\/sites\/3\/2016\/10\/Nature-Galapagos-Logo-COM-300x300.jpg","contentUrl":"https:\/\/naturegalapagos.com\/es\/wp-content\/uploads\/sites\/3\/2016\/10\/Nature-Galapagos-Logo-COM-300x300.jpg","width":300,"height":300,"caption":"Espa\u00f1ol - Nature Galapagos & Ecuador"},"image":{"@id":"https:\/\/naturegalapagos.com\/es\/#\/schema\/logo\/image\/"},"sameAs":["https:\/\/www.facebook.com\/naturegalapagosecuador\/","https:\/\/x.com\/naturegalapagos","https:\/\/www.instagram.com\/naturegalapagos\/","https:\/\/www.pinterest.com\/Naturegalapagos\/","https:\/\/www.youtube.com\/user\/NatureGalapagosTours"]}]}},"_links":{"self":[{"href":"https:\/\/naturegalapagos.com\/es\/wp-json\/wp\/v2\/product\/2669","targetHints":{"allow":["GET"]}}],"collection":[{"href":"https:\/\/naturegalapagos.com\/es\/wp-json\/wp\/v2\/product"}],"about":[{"href":"https:\/\/naturegalapagos.com\/es\/wp-json\/wp\/v2\/types\/product"}],"replies":[{"embeddable":true,"href":"https:\/\/naturegalapagos.com\/es\/wp-json\/wp\/v2\/comments?post=2669"}],"wp:featuredmedia":[{"embeddable":true,"href":"https:\/\/naturegalapagos.com\/es\/wp-json\/wp\/v2\/media\/2676"}],"wp:attachment":[{"href":"https:\/\/naturegalapagos.com\/es\/wp-json\/wp\/v2\/media?parent=2669"}],"wp:term":[{"taxonomy":"product_brand","embeddable":true,"href":"https:\/\/naturegalapagos.com\/es\/wp-json\/wp\/v2\/product_brand?post=2669"},{"taxonomy":"product_cat","embeddable":true,"href":"https:\/\/naturegalapagos.com\/es\/wp-json\/wp\/v2\/product_cat?post=2669"},{"taxonomy":"product_tag","embeddable":true,"href":"https:\/\/naturegalapagos.com\/es\/wp-json\/wp\/v2\/product_tag?post=2669"}],"curies":[{"name":"wp","href":"https:\/\/api.w.org\/{rel}","templated":true}]}}