{"id":2681,"date":"2024-08-23T10:42:47","date_gmt":"2024-08-23T14:42:47","guid":{"rendered":"http:\/\/naturegalapagos.com\/es\/hoteles-en-galapagos\/isabela-galapagos\/hotel-san-vicente"},"modified":"2024-08-23T11:45:59","modified_gmt":"2024-08-23T15:45:59","slug":"casa-opuntia","status":"publish","type":"product","link":"https:\/\/naturegalapagos.com\/es\/hoteles-en-galapagos\/san-cristobal-galapagos\/casa-opuntia\/","title":{"rendered":"Casa Opuntia"},"content":{"rendered":"<div class=\"wpb-content-wrapper\"><h2><span style=\"font-size: 18pt; font-family: arial, helvetica, sans-serif;\"><strong>Casa Opuntia<\/strong><\/span><\/h2>\n<p><span style=\"font-family: arial, helvetica, sans-serif;\">Cuenta con piscina al aire libre y un restaurante, <strong>Casa Opuntia<\/strong> se encuentra en Puerto Baquerizo Moreno, a s\u00f3lo 100 metros de la playa de Playa de Oro. Cuenta con excelentes vistas al mar y conexi\u00f3n WiFi gratuita. Cada habitaci\u00f3n posee\u00a0aire acondicionado e incluye una caja de seguridad y ba\u00f1o privado. Algunas ofrecen vistas al oc\u00e9ano Pac\u00edfico. El restaurante del hotel\u00a0est\u00e1 disponible con reserva previa, y el hotel tambi\u00e9n tiene una estaci\u00f3n de bebidas con caf\u00e9, t\u00e9 y agua para los hu\u00e9spedes durante el d\u00eda. El malec\u00f3n de la\u00a0ciudad cuenta con restaurantes y tiendas, est\u00e1 a s\u00f3lo 10 metros de la propiedad, mientras que aeropuerto de San Cristobal se encuentra a\u00a010 minutos en coche.<\/span><\/p>\n<h3><span style=\"font-family: arial, helvetica, sans-serif;\"><strong>Datos importantes<\/strong><\/span><\/h3>\n<p><span style=\"font-family: arial, helvetica, sans-serif;\">Esc\u00e9nico paseo mar\u00edtimo de la ciudad, que cuenta con restaurantes y tiendas, est\u00e1 a s\u00f3lo 10 metros de la propiedad, mientras que San Crist\u00f3bal aeropuerto se encuentra a 10 minutos en coche.<\/span><\/p>\n<table style=\"border-collapse: collapse; width: 100%;\">\n<thead>\n<tr style=\"background-color: #009e5d; color: white;\">\n<td style=\"width: 50%;\" colspan=\"2\">\n<h4 style=\"text-align: center;\"><span style=\"font-family: arial, helvetica, sans-serif; color: #ffffff;\"><b>Caracter\u00edsticas del hotel<\/b><\/span><\/h4>\n<\/td>\n<\/tr>\n<\/thead>\n<tbody>\n<tr>\n<td style=\"width: 50%;\"><span style=\"line-height: 20px; font-family: arial, helvetica, sans-serif;\"><b>Tipo de habitaciones:<\/b><\/span><\/td>\n<td style=\"width: 50%;\"><span style=\"font-family: arial, helvetica, sans-serif;\">Habitaciones con vista al mar, Habitaciones vista interna.<\/span><\/td>\n<\/tr>\n<tr>\n<td style=\"width: 50%;\"><span style=\"font-family: arial, helvetica, sans-serif;\"><strong>Habitaciones Vista al Mar:<\/strong><\/span><\/td>\n<td style=\"width: 50%;\"><span style=\"font-family: arial, helvetica, sans-serif;\">Amobladas con cama matrimonial y vista al mar.<\/span><\/td>\n<\/tr>\n<tr>\n<td style=\"width: 50%;\"><span style=\"font-family: arial, helvetica, sans-serif;\"><strong>Habitaciones Standard:<\/strong><\/span><\/td>\n<td style=\"width: 50%;\"><span style=\"font-family: arial, helvetica, sans-serif;\">Amobladas con cama matrimonial y vista interna.<\/span><\/td>\n<\/tr>\n<tr>\n<td style=\"width: 50%;\"><span style=\"font-family: arial, helvetica, sans-serif;\"><strong>Servicios<\/strong><\/span><\/td>\n<td style=\"width: 50%;\"><span style=\"font-family: arial, helvetica, sans-serif;\">Ba\u00f1o privado, agua caliente, aire acondicionado, cable Tv. y WiFi<\/span><\/td>\n<\/tr>\n<\/tbody>\n<\/table>\n<p>&nbsp;<\/p>\n<p>[vc_row][vc_column el_class=&#8221;accocruise&#8221;][vc_column_text]\n<div class=\"panel panel-default accordion__item\">\n\t<div class=\"panel-heading accordion__item__title-wrap\">\n\t\t<h4 class=\"panel-title\">\n\t\t\t<a data-toggle=\"collapse\" data-parent=\"#ataccordion0\" href=\"#ataccordion0_1\" class=\"accordion__item__link collapsed\">Solicite m\u00e1s informaci\u00f3n<\/a>\n\t\t<\/h4>\n\t<\/div>\n\t<div id=\"ataccordion0_1\" class=\"panel-collapse collapse\">\n\t\t<div class=\"panel-body accordion__item__content\">\n                <div class=\"ml-embedded\" data-form=\"ihZTQe\"><\/div>\n            \n<\/div>\n\t<\/div>\n<\/div>[\/vc_column_text][\/vc_column][\/vc_row]<\/p>\n<\/div>","protected":false},"excerpt":{"rendered":"<p>Casa Opuntia Cuenta con piscina al aire libre y un restaurante, Casa Opuntia se encuentra en Puerto Baquerizo Moreno, a s\u00f3lo 100 metros de la playa de Playa de Oro. Cuenta con excelentes vistas al mar y conexi\u00f3n WiFi gratuita. Cada habitaci\u00f3n posee\u00a0aire acondicionado e incluye una caja de seguridad y ba\u00f1o privado. Algunas ofrecen<\/p>\n<div class=\"padding-top text-center\"><a href=\"https:\/\/naturegalapagos.com\/es\/hoteles-en-galapagos\/san-cristobal-galapagos\/casa-opuntia\/\" class=\"atbtn atbtn--medium atbtn--rounded atbtn--transparent\">Leer m\u00e1s<i class=\"atbtn__icon atbtn__icon--right fa fa-long-arrow-right\"><\/i><\/a><\/div>\n","protected":false},"featured_media":2693,"comment_status":"closed","ping_status":"closed","template":"","meta":{"_joinchat":[]},"product_brand":[],"product_cat":[3599],"product_tag":[],"class_list":{"0":"post-2681","1":"product","2":"type-product","3":"status-publish","4":"has-post-thumbnail","6":"product_cat-sin-categoria","7":"tour_category-hoteles-en-san-cristobal","9":"first","10":"instock","11":"taxable","12":"shipping-taxable","13":"product-type-tour"},"yoast_head":"<!-- This site is optimized with the Yoast SEO Premium plugin v25.6 (Yoast SEO v26.1.1) - https:\/\/yoast.com\/wordpress\/plugins\/seo\/ -->\n<title>Casa Opuntia | San Cristobal - Gal\u00e1pagos<\/title>\n<meta name=\"description\" content=\"Cuenta con piscina al aire libre y un restaurante, El Hotel Casa Opuntia tambi\u00e9n dispone de conexi\u00f3n WiFi gratuita. Para m\u00e1s informaci\u00f3n clic aqu\u00ed! &quot;NG&amp;E&quot;\" \/>\n<meta name=\"robots\" content=\"index, follow, max-snippet:-1, max-image-preview:large, max-video-preview:-1\" \/>\n<link rel=\"canonical\" href=\"https:\/\/naturegalapagos.com\/es\/hoteles-en-galapagos\/san-cristobal-galapagos\/casa-opuntia\/\" \/>\n<meta property=\"og:locale\" content=\"es_ES\" \/>\n<meta property=\"og:type\" content=\"article\" \/>\n<meta property=\"og:title\" content=\"Casa Opuntia | San Cristobal - Gal\u00e1pagos\" \/>\n<meta property=\"og:description\" content=\"Cuenta con piscina al aire libre y un restaurante, El Hotel Casa Opuntia tambi\u00e9n dispone de conexi\u00f3n WiFi gratuita. Para m\u00e1s informaci\u00f3n clic aqu\u00ed! &quot;NG&amp;E&quot;\" \/>\n<meta property=\"og:url\" content=\"https:\/\/naturegalapagos.com\/es\/hoteles-en-galapagos\/san-cristobal-galapagos\/casa-opuntia\/\" \/>\n<meta property=\"og:site_name\" content=\"Espa\u00f1ol - Nature Galapagos &amp; Ecuador\" \/>\n<meta property=\"article:publisher\" content=\"https:\/\/www.facebook.com\/naturegalapagosecuador\/\" \/>\n<meta property=\"article:modified_time\" content=\"2024-08-23T15:45:59+00:00\" \/>\n<meta property=\"og:image\" content=\"https:\/\/naturegalapagos.com\/es\/wp-content\/uploads\/sites\/3\/2016\/07\/casa-opuntia-vista.jpg\" \/>\n\t<meta property=\"og:image:width\" content=\"1024\" \/>\n\t<meta property=\"og:image:height\" content=\"512\" \/>\n\t<meta property=\"og:image:type\" content=\"image\/jpeg\" \/>\n<meta name=\"twitter:card\" content=\"summary_large_image\" \/>\n<meta name=\"twitter:title\" content=\"Casa Opuntia | San Cristobal - Gal\u00e1pagos\" \/>\n<meta name=\"twitter:description\" content=\"Cuenta con piscina al aire libre y un restaurante, El Hotel Casa Opuntia tambi\u00e9n dispone de conexi\u00f3n WiFi gratuita. Para m\u00e1s informaci\u00f3n clic aqu\u00ed! &quot;NG&amp;E&quot;\" \/>\n<meta name=\"twitter:site\" content=\"@naturegalapagos\" \/>\n<meta name=\"twitter:label1\" content=\"Tiempo de lectura\" \/>\n\t<meta name=\"twitter:data1\" content=\"2 minutos\" \/>\n<!-- \/ Yoast SEO Premium plugin. -->","yoast_head_json":{"title":"Casa Opuntia | San Cristobal - Gal\u00e1pagos","description":"Cuenta con piscina al aire libre y un restaurante, El Hotel Casa Opuntia tambi\u00e9n dispone de conexi\u00f3n WiFi gratuita. Para m\u00e1s informaci\u00f3n clic aqu\u00ed! \"NG&E\"","robots":{"index":"index","follow":"follow","max-snippet":"max-snippet:-1","max-image-preview":"max-image-preview:large","max-video-preview":"max-video-preview:-1"},"canonical":"https:\/\/naturegalapagos.com\/es\/hoteles-en-galapagos\/san-cristobal-galapagos\/casa-opuntia\/","og_locale":"es_ES","og_type":"article","og_title":"Casa Opuntia | San Cristobal - Gal\u00e1pagos","og_description":"Cuenta con piscina al aire libre y un restaurante, El Hotel Casa Opuntia tambi\u00e9n dispone de conexi\u00f3n WiFi gratuita. Para m\u00e1s informaci\u00f3n clic aqu\u00ed! \"NG&E\"","og_url":"https:\/\/naturegalapagos.com\/es\/hoteles-en-galapagos\/san-cristobal-galapagos\/casa-opuntia\/","og_site_name":"Espa\u00f1ol - Nature Galapagos &amp; Ecuador","article_publisher":"https:\/\/www.facebook.com\/naturegalapagosecuador\/","article_modified_time":"2024-08-23T15:45:59+00:00","og_image":[{"width":1024,"height":512,"url":"https:\/\/naturegalapagos.com\/es\/wp-content\/uploads\/sites\/3\/2016\/07\/casa-opuntia-vista.jpg","type":"image\/jpeg"}],"twitter_card":"summary_large_image","twitter_title":"Casa Opuntia | San Cristobal - Gal\u00e1pagos","twitter_description":"Cuenta con piscina al aire libre y un restaurante, El Hotel Casa Opuntia tambi\u00e9n dispone de conexi\u00f3n WiFi gratuita. Para m\u00e1s informaci\u00f3n clic aqu\u00ed! \"NG&E\"","twitter_site":"@naturegalapagos","twitter_misc":{"Tiempo de lectura":"2 minutos"},"schema":{"@context":"https:\/\/schema.org","@graph":[{"@type":"WebPage","@id":"https:\/\/naturegalapagos.com\/es\/hoteles-en-galapagos\/san-cristobal-galapagos\/casa-opuntia\/","url":"https:\/\/naturegalapagos.com\/es\/hoteles-en-galapagos\/san-cristobal-galapagos\/casa-opuntia\/","name":"Casa Opuntia | San Cristobal - Gal\u00e1pagos","isPartOf":{"@id":"https:\/\/naturegalapagos.com\/es\/#website"},"primaryImageOfPage":{"@id":"https:\/\/naturegalapagos.com\/es\/hoteles-en-galapagos\/san-cristobal-galapagos\/casa-opuntia\/#primaryimage"},"image":{"@id":"https:\/\/naturegalapagos.com\/es\/hoteles-en-galapagos\/san-cristobal-galapagos\/casa-opuntia\/#primaryimage"},"thumbnailUrl":"https:\/\/naturegalapagos.com\/es\/wp-content\/uploads\/sites\/3\/2016\/07\/casa-opuntia-vista.jpg","datePublished":"2024-08-23T14:42:47+00:00","dateModified":"2024-08-23T15:45:59+00:00","description":"Cuenta con piscina al aire libre y un restaurante, El Hotel Casa Opuntia tambi\u00e9n dispone de conexi\u00f3n WiFi gratuita. Para m\u00e1s informaci\u00f3n clic aqu\u00ed! \"NG&E\"","breadcrumb":{"@id":"https:\/\/naturegalapagos.com\/es\/hoteles-en-galapagos\/san-cristobal-galapagos\/casa-opuntia\/#breadcrumb"},"inLanguage":"es","potentialAction":[{"@type":"ReadAction","target":["https:\/\/naturegalapagos.com\/es\/hoteles-en-galapagos\/san-cristobal-galapagos\/casa-opuntia\/"]}]},{"@type":"ImageObject","inLanguage":"es","@id":"https:\/\/naturegalapagos.com\/es\/hoteles-en-galapagos\/san-cristobal-galapagos\/casa-opuntia\/#primaryimage","url":"https:\/\/naturegalapagos.com\/es\/wp-content\/uploads\/sites\/3\/2016\/07\/casa-opuntia-vista.jpg","contentUrl":"https:\/\/naturegalapagos.com\/es\/wp-content\/uploads\/sites\/3\/2016\/07\/casa-opuntia-vista.jpg","width":1024,"height":512,"caption":"Casa Opuntia Vista"},{"@type":"BreadcrumbList","@id":"https:\/\/naturegalapagos.com\/es\/hoteles-en-galapagos\/san-cristobal-galapagos\/casa-opuntia\/#breadcrumb","itemListElement":[{"@type":"ListItem","position":1,"name":"Home","item":"https:\/\/naturegalapagos.com\/es\/"},{"@type":"ListItem","position":2,"name":"Tienda","item":"https:\/\/naturegalapagos.com\/es\/tienda\/"},{"@type":"ListItem","position":3,"name":"Casa Opuntia"}]},{"@type":"WebSite","@id":"https:\/\/naturegalapagos.com\/es\/#website","url":"https:\/\/naturegalapagos.com\/es\/","name":"Espa\u00f1ol - Nature Galapagos & Ecuador","description":"","publisher":{"@id":"https:\/\/naturegalapagos.com\/es\/#organization"},"potentialAction":[{"@type":"SearchAction","target":{"@type":"EntryPoint","urlTemplate":"https:\/\/naturegalapagos.com\/es\/?s={search_term_string}"},"query-input":{"@type":"PropertyValueSpecification","valueRequired":true,"valueName":"search_term_string"}}],"inLanguage":"es"},{"@type":"Organization","@id":"https:\/\/naturegalapagos.com\/es\/#organization","name":"Espa\u00f1ol - Nature Galapagos & Ecuador","url":"https:\/\/naturegalapagos.com\/es\/","logo":{"@type":"ImageObject","inLanguage":"es","@id":"https:\/\/naturegalapagos.com\/es\/#\/schema\/logo\/image\/","url":"https:\/\/naturegalapagos.com\/es\/wp-content\/uploads\/sites\/3\/2016\/10\/Nature-Galapagos-Logo-COM-300x300.jpg","contentUrl":"https:\/\/naturegalapagos.com\/es\/wp-content\/uploads\/sites\/3\/2016\/10\/Nature-Galapagos-Logo-COM-300x300.jpg","width":300,"height":300,"caption":"Espa\u00f1ol - Nature Galapagos & Ecuador"},"image":{"@id":"https:\/\/naturegalapagos.com\/es\/#\/schema\/logo\/image\/"},"sameAs":["https:\/\/www.facebook.com\/naturegalapagosecuador\/","https:\/\/x.com\/naturegalapagos","https:\/\/www.instagram.com\/naturegalapagos\/","https:\/\/www.pinterest.com\/Naturegalapagos\/","https:\/\/www.youtube.com\/user\/NatureGalapagosTours"]}]}},"_links":{"self":[{"href":"https:\/\/naturegalapagos.com\/es\/wp-json\/wp\/v2\/product\/2681","targetHints":{"allow":["GET"]}}],"collection":[{"href":"https:\/\/naturegalapagos.com\/es\/wp-json\/wp\/v2\/product"}],"about":[{"href":"https:\/\/naturegalapagos.com\/es\/wp-json\/wp\/v2\/types\/product"}],"replies":[{"embeddable":true,"href":"https:\/\/naturegalapagos.com\/es\/wp-json\/wp\/v2\/comments?post=2681"}],"wp:featuredmedia":[{"embeddable":true,"href":"https:\/\/naturegalapagos.com\/es\/wp-json\/wp\/v2\/media\/2693"}],"wp:attachment":[{"href":"https:\/\/naturegalapagos.com\/es\/wp-json\/wp\/v2\/media?parent=2681"}],"wp:term":[{"taxonomy":"product_brand","embeddable":true,"href":"https:\/\/naturegalapagos.com\/es\/wp-json\/wp\/v2\/product_brand?post=2681"},{"taxonomy":"product_cat","embeddable":true,"href":"https:\/\/naturegalapagos.com\/es\/wp-json\/wp\/v2\/product_cat?post=2681"},{"taxonomy":"product_tag","embeddable":true,"href":"https:\/\/naturegalapagos.com\/es\/wp-json\/wp\/v2\/product_tag?post=2681"}],"curies":[{"name":"wp","href":"https:\/\/api.w.org\/{rel}","templated":true}]}}