{"id":2696,"date":"2024-12-04T14:15:17","date_gmt":"2024-12-04T19:15:17","guid":{"rendered":"http:\/\/naturegalapagos.com\/es\/hoteles-en-galapagos\/san-cristobal-galapagos\/hotel-blue-marlin"},"modified":"2024-12-04T14:31:44","modified_gmt":"2024-12-04T19:31:44","slug":"hotel-blue-marlin","status":"publish","type":"product","link":"https:\/\/naturegalapagos.com\/es\/hoteles-en-galapagos\/san-cristobal-galapagos\/hotel-blue-marlin\/","title":{"rendered":"Hotel Blue Marlin"},"content":{"rendered":"<div class=\"wpb-content-wrapper\"><h2><span style=\"font-size: 18pt; font-family: arial, helvetica, sans-serif;\"><strong>Hotel Blue Marlin<\/strong><\/span><\/h2>\n<p><span style=\"font-family: arial, helvetica, sans-serif;\"><strong>Ubicado en el coraz\u00f3n de Puerto Baquerizo Moreno<\/strong>, el Hotel Blue Marlin no solo ofrece una estancia confortable con comodidades modernas, <strong>sino que tambi\u00e9n<\/strong> brinda f\u00e1cil acceso a algunas de las atracciones m\u00e1s populares de la Isla San Crist\u00f3bal, <strong>lo que lo convierte<\/strong> en una opci\u00f3n ideal para explorar la zona.<\/span><\/p>\n<p><span style=\"font-family: arial, helvetica, sans-serif;\">As\u00ed mismo, a solo 400 metros de Shipwreck Bay y a 700 metros de Playa Mann, este hotel de 4 estrellas es ideal para los amantes de la naturaleza y los viajeros que quieran explorar las Gal\u00e1pagos. Los hu\u00e9spedes pueden disfrutar de vistas al jard\u00edn desde sus habitaciones, as\u00ed como de una relajante piscina al aire libre y jacuzzi.<\/span><\/p>\n<table class=\"table table-bordered tours-tabs__table\" style=\"height: 233px; width: 860px;\">\n<tbody>\n<tr style=\"height: 24px;\">\n<td style=\"height: 24px; width: 212px;\"><span style=\"font-family: arial, helvetica, sans-serif;\"><strong>Entrada<\/strong><\/span><\/td>\n<td style=\"height: 24px; width: 634px;\">\n<ul>\n<li class=\"uitk-text uitk-text-spacing-two uitk-type-300 uitk-text-standard-theme\"><span style=\"font-family: arial, helvetica, sans-serif;\">El horario de check-in comienza a las 12 del mediod\u00eda<\/span><\/li>\n<li class=\"uitk-text uitk-text-spacing-two uitk-type-300 uitk-text-standard-theme\"><span style=\"font-family: arial, helvetica, sans-serif;\">Check-in expr\u00e9s disponible<\/span><\/li>\n<li class=\"uitk-text uitk-text-spacing-two uitk-type-300 uitk-text-standard-theme\"><span style=\"font-family: arial, helvetica, sans-serif;\">Edad m\u00ednima para realizar el check-in: 18 a\u00f1os<\/span><\/li>\n<\/ul>\n<\/td>\n<\/tr>\n<tr style=\"height: 24px;\">\n<td style=\"height: 24px; width: 212px;\"><span style=\"font-family: arial, helvetica, sans-serif;\"><strong>Salida<\/strong><\/span><\/td>\n<td style=\"height: 24px; width: 634px;\">\n<ul>\n<li class=\"uitk-text uitk-text-spacing-two uitk-type-300 uitk-text-standard-theme\"><span style=\"font-family: arial, helvetica, sans-serif;\">Salida antes de las 9:30 h<\/span><\/li>\n<li class=\"uitk-text uitk-text-spacing-two uitk-type-300 uitk-text-standard-theme\"><span style=\"font-family: arial, helvetica, sans-serif;\">Salida expr\u00e9s disponible<\/span><\/li>\n<\/ul>\n<\/td>\n<\/tr>\n<tr style=\"height: 24px;\">\n<td style=\"height: 24px; width: 212px;\">\n<p class=\"uitk-heading uitk-heading-5\" tabindex=\"-1\"><span style=\"font-family: arial, helvetica, sans-serif;\"><strong>Intrucciones especiales<\/strong><\/span><\/p>\n<\/td>\n<td style=\"height: 24px; width: 634px;\">\n<ul>\n<li class=\"uitk-text uitk-text-spacing-two uitk-type-300 uitk-text-standard-theme\"><span style=\"font-family: arial, helvetica, sans-serif;\">Este establecimiento ofrece servicio de traslado desde el aeropuerto (pueden aplicarse cargos).<\/span><\/li>\n<li class=\"uitk-text uitk-text-spacing-two uitk-type-300 uitk-text-standard-theme\"><span style=\"font-family: arial, helvetica, sans-serif;\">Los hu\u00e9spedes deben ponerse en contacto con el establecimiento con sus datos de llegada antes de viajar, utilizando los datos de contacto que figuran en la confirmaci\u00f3n de la reserva.<\/span><\/li>\n<li class=\"uitk-text uitk-text-spacing-two uitk-type-300 uitk-text-standard-theme\"><span style=\"font-family: arial, helvetica, sans-serif;\">El personal de recepci\u00f3n recibir\u00e1 a los hu\u00e9spedes a su llegada.<\/span><\/li>\n<\/ul>\n<\/td>\n<\/tr>\n<tr style=\"height: 24px;\">\n<td style=\"height: 24px; width: 212px;\">\n<p class=\"uitk-heading uitk-heading-5\" tabindex=\"-1\"><span style=\"font-family: arial, helvetica, sans-serif;\"><strong>M\u00e9todos de acceso<\/strong><\/span><\/p>\n<\/td>\n<td style=\"height: 24px; width: 634px;\">\n<div class=\"uitk-layout-grid-item uitk-layout-grid-item-has-column-start-by-medium uitk-layout-grid-item-has-column-start-by-large\">\n<div class=\"uitk-layout-grid uitk-layout-grid-has-auto-columns uitk-layout-grid-has-columns-by-medium uitk-layout-grid-has-columns-by-large uitk-layout-grid-has-space uitk-layout-grid-display-grid uitk-spacing uitk-spacing-padding-blockstart-three\">\n<div class=\"uitk-layout-grid-item uitk-layout-grid-item-has-column-start\" tabindex=\"-1\" data-stid=\"content-item\">\n<div class=\"uitk-layout-grid uitk-layout-grid-has-auto-columns uitk-layout-grid-has-space uitk-layout-grid-display-grid\">\n<div class=\"uitk-layout-grid-item\">\n<div class=\"uitk-text uitk-text-spacing-two uitk-type-300 uitk-text-standard-theme\"><span style=\"font-family: arial, helvetica, sans-serif;\">Recepci\u00f3n con personal<\/span><\/div>\n<\/div>\n<\/div>\n<\/div>\n<\/div>\n<\/div>\n<\/td>\n<\/tr>\n<tr style=\"height: 24.8125px;\">\n<td style=\"height: 24.8125px; width: 212px;\">\n<p class=\"uitk-heading uitk-heading-5\" tabindex=\"-1\"><span style=\"font-family: arial, helvetica, sans-serif;\"><strong>Mascotas<\/strong><\/span><\/p>\n<\/td>\n<td style=\"height: 24.8125px; width: 634px;\"><span style=\"font-family: arial, helvetica, sans-serif;\">No se admiten mascotas<\/span><\/td>\n<\/tr>\n<tr style=\"height: 23px;\">\n<td style=\"height: 23px; width: 212px;\">\n<p class=\"uitk-heading uitk-heading-5\" tabindex=\"-1\"><span style=\"font-family: arial, helvetica, sans-serif;\"><strong>Ni\u00f1os y camas extras<\/strong><\/span><\/p>\n<\/td>\n<td style=\"height: 23px; width: 634px;\">\n<ul>\n<li class=\"uitk-text uitk-text-spacing-two uitk-type-300 uitk-text-standard-theme\"><span style=\"font-family: arial, helvetica, sans-serif;\">Los ni\u00f1os son bienvenidos<\/span><\/li>\n<li class=\"uitk-text uitk-text-spacing-two uitk-type-300 uitk-text-standard-theme\"><span style=\"font-family: arial, helvetica, sans-serif;\">1 ni\u00f1o, hasta la edad de 6 a\u00f1os, puede alojarse gratis si usa las camas existentes <\/span><\/li>\n<li class=\"uitk-text uitk-text-spacing-two uitk-type-300 uitk-text-standard-theme\"><span style=\"font-family: arial, helvetica, sans-serif;\">cuando ocupa la habitaci\u00f3n de sus padres o tutores<\/span><\/li>\n<li class=\"uitk-text uitk-text-spacing-two uitk-type-300 uitk-text-standard-theme\"><span style=\"font-family: arial, helvetica, sans-serif;\">No hay camas plegables\/adicionales disponibles<\/span><\/li>\n<li class=\"uitk-text uitk-text-spacing-two uitk-type-300 uitk-text-standard-theme\"><span style=\"font-family: arial, helvetica, sans-serif;\">No hay cunas disponibles<\/span><\/li>\n<\/ul>\n<\/td>\n<\/tr>\n<\/tbody>\n<\/table>\n<h2><span style=\"font-family: arial, helvetica, sans-serif;\">Caracter\u00edsticas<\/span><\/h2>\n<h4><span style=\"font-family: arial, helvetica, sans-serif;\">Lo m\u00e1s destacado de la ubicaci\u00f3n<\/span><\/h4>\n<ul>\n<li style=\"list-style-type: none;\">\n<ul>\n<li><span style=\"font-family: arial, helvetica, sans-serif;\">Busto de Charles Darwin: 690 m<\/span><\/li>\n<li><span style=\"font-family: arial, helvetica, sans-serif;\">Catedral de la Inmaculada Concepci\u00f3n: 440 m<\/span><\/li>\n<li><span style=\"font-family: arial, helvetica, sans-serif;\">Bah\u00eda del Naufragio: 400 m<\/span><\/li>\n<li><span style=\"font-family: arial, helvetica, sans-serif;\">Mirador del Cerro Tijeretas: 2,2 km<\/span><\/li>\n<li><span style=\"font-family: arial, helvetica, sans-serif;\">Busto de Rafael Mor\u00e1n Valverde: 690 m<\/span><\/li>\n<\/ul>\n<\/li>\n<\/ul>\n<h4><span style=\"font-family: arial, helvetica, sans-serif;\">Servicios<\/span><\/h4>\n<div class=\"group\/conversation-turn relative flex w-full min-w-0 flex-col agent-turn\">\n<div class=\"flex-col gap-1 md:gap-3\">\n<div class=\"flex max-w-full flex-col flex-grow\">\n<div class=\"min-h-8 text-message flex w-full flex-col items-end gap-2 whitespace-normal break-words [.text-message+&amp;]:mt-5\" dir=\"auto\" data-message-author-role=\"assistant\" data-message-id=\"db71753e-467f-40d0-b713-74c78bf64ab2\" data-message-model-slug=\"gpt-4o\">\n<div class=\"flex w-full flex-col gap-1 empty:hidden first:pt-[3px]\">\n<div class=\"markdown prose w-full break-words dark:prose-invert dark\">\n<p><span style=\"font-family: arial, helvetica, sans-serif;\"><strong>Entre los servicios m\u00e1s destacados del hotel<\/strong>, se incluye Wi-Fi gratuito en las habitaciones, <strong>asegurando<\/strong> que los hu\u00e9spedes puedan mantenerse conectados en todo momento. <strong>Adem\u00e1s<\/strong>, el establecimiento cuenta con aparcamiento disponible, <strong>ofreciendo<\/strong> comodidad para quienes viajan en veh\u00edculo propio.<\/span><\/p>\n<p><span style=\"font-family: arial, helvetica, sans-serif;\"><strong>Para mayor conveniencia<\/strong>, se ofrece traslado al aeropuerto por un costo adicional, <strong>junto con<\/strong> servicios de conserjer\u00eda que incluyen seguridad las 24 horas, consigna de equipaje y asistencia tur\u00edstica, <strong>facilitando as\u00ed<\/strong> una experiencia sin preocupaciones.<\/span><\/p>\n<p><span style=\"font-family: arial, helvetica, sans-serif;\"><strong>Por otro lado<\/strong>, el snack bar est\u00e1 disponible para quienes buscan comidas ligeras y refrescos, <strong>mientras que<\/strong> la piscina al aire libre ofrece una zona de poca profundidad para ni\u00f1os y sombrillas para el confort de todos los hu\u00e9spedes.<\/span><\/p>\n<p><span style=\"font-family: arial, helvetica, sans-serif;\"><strong>En cuanto al bienestar<\/strong>, el hotel dispone de jacuzzi, servicio de masajes y un ba\u00f1o p\u00fablico, <strong>permitiendo<\/strong> momentos de relajaci\u00f3n y cuidado personal. <strong>Finalmente<\/strong>, las habitaciones accesibles est\u00e1n equipadas con instalaciones dise\u00f1adas para personas con discapacidad, <strong>garantizando<\/strong> la inclusi\u00f3n y comodidad de todos los visitantes.<\/span><\/p>\n<\/div>\n<\/div>\n<\/div>\n<\/div>\n<\/div>\n<\/div>\n<h4><span style=\"font-family: arial, helvetica, sans-serif;\">Caracter\u00edsticas de la habitaci\u00f3n<\/span><\/h4>\n<ul>\n<li style=\"list-style-type: none;\">\n<ul>\n<li><span style=\"font-family: arial, helvetica, sans-serif;\">Aire acondicionado, minibar, cafetera\/tetera y patio<\/span><\/li>\n<li><span style=\"font-family: arial, helvetica, sans-serif;\">TV de pantalla plana con canales v\u00eda sat\u00e9lite y Wi-Fi gratuito<\/span><\/li>\n<li><span style=\"font-family: arial, helvetica, sans-serif;\">Ba\u00f1os privados con art\u00edculos de higiene personal gratuitos, secador de pelo y ducha de efecto lluvia<\/span><\/li>\n<li><span style=\"font-family: arial, helvetica, sans-serif;\">Algunas habitaciones incluyen un balc\u00f3n con vistas al jard\u00edn Vistas<\/span><\/li>\n<\/ul>\n<\/li>\n<\/ul>\n<h4><span style=\"font-family: arial, helvetica, sans-serif;\">Restaurantes<\/span><\/h4>\n<ul>\n<li><span style=\"font-family: arial, helvetica, sans-serif;\">Desayuno continental diario<\/span><\/li>\n<li><span style=\"font-family: arial, helvetica, sans-serif;\">Entre los restaurantes cercanos se encuentran \u201cLa Playa\u201d y \u201cMiconia\u201d, a pocos pasos de distancia<\/span><\/li>\n<\/ul>\n<h4><span style=\"font-family: arial, helvetica, sans-serif;\">Servicios adicionales<\/span><\/h4>\n<p><span style=\"font-family: arial, helvetica, sans-serif;\"><strong>Entre sus servicios destacados<\/strong>, el Hotel Blue Marlin ofrece check-in y check-out expr\u00e9s, <strong>adem\u00e1s de<\/strong> m\u00e1quinas expendedoras y caja de seguridad para mayor comodidad de sus hu\u00e9spedes. <strong>Para quienes disfrutan de las actividades al aire libre<\/strong>, el hotel facilita experiencias como pesca y alquiler de bicicletas, <strong>permiti\u00e9ndoles explorar<\/strong> la isla de una manera activa y \u00fanica.<\/span><\/p>\n<p><span style=\"font-family: arial, helvetica, sans-serif;\"><strong>En resumen<\/strong>, el Hotel Blue Marlin es un excelente punto de partida para descubrir los tesoros naturales y culturales de la Isla San Crist\u00f3bal, <strong>ya que combina<\/strong> comodidad, conveniencia y un toque de lujo, <strong>garantizando<\/strong> una estad\u00eda inolvidable en Gal\u00e1pagos.<\/span><\/p>\n<p>[vc_row][vc_column el_class=&#8221;accocruise&#8221;][vc_column_text]\n<div class=\"panel panel-default accordion__item\">\n\t<div class=\"panel-heading accordion__item__title-wrap\">\n\t\t<h4 class=\"panel-title\">\n\t\t\t<a data-toggle=\"collapse\" data-parent=\"#ataccordion0\" href=\"#ataccordion0_1\" class=\"accordion__item__link collapsed\">Solicite m\u00e1s informaci\u00f3n<\/a>\n\t\t<\/h4>\n\t<\/div>\n\t<div id=\"ataccordion0_1\" class=\"panel-collapse collapse\">\n\t\t<div class=\"panel-body accordion__item__content\">\n                <div class=\"ml-embedded\" data-form=\"mONbaw\"><\/div>\n            \n<\/div>\n\t<\/div>\n<\/div>[\/vc_column_text][\/vc_column][\/vc_row]<\/p>\n<\/div>","protected":false},"excerpt":{"rendered":"<p>Hotel Blue Marlin Ubicado en el coraz\u00f3n de Puerto Baquerizo Moreno, el Hotel Blue Marlin no solo ofrece una estancia confortable con comodidades modernas, sino que tambi\u00e9n brinda f\u00e1cil acceso a algunas de las atracciones m\u00e1s populares de la Isla San Crist\u00f3bal, lo que lo convierte en una opci\u00f3n ideal para explorar la zona. As\u00ed<\/p>\n<div class=\"padding-top text-center\"><a href=\"https:\/\/naturegalapagos.com\/es\/hoteles-en-galapagos\/san-cristobal-galapagos\/hotel-blue-marlin\/\" class=\"atbtn atbtn--medium atbtn--rounded atbtn--transparent\">Leer m\u00e1s<i class=\"atbtn__icon atbtn__icon--right fa fa-long-arrow-right\"><\/i><\/a><\/div>\n","protected":false},"featured_media":7057,"comment_status":"open","ping_status":"closed","template":"","meta":{"_joinchat":[]},"product_brand":[],"product_cat":[3599],"product_tag":[],"class_list":{"0":"post-2696","1":"product","2":"type-product","3":"status-publish","4":"has-post-thumbnail","6":"product_cat-sin-categoria","7":"tour_category-hoteles-en-san-cristobal","9":"first","10":"instock","11":"taxable","12":"shipping-taxable","13":"product-type-tour"},"yoast_head":"<!-- This site is optimized with the Yoast SEO Premium plugin v25.6 (Yoast SEO v26.1.1) - https:\/\/yoast.com\/wordpress\/plugins\/seo\/ -->\n<title>Hotel Blue Marlin | San Cristobal - Gal\u00e1pagos<\/title>\n<meta name=\"description\" content=\"El Hotel Blue Marlin se encuentra a 300 metros del paseo mar\u00edtimo de San Crist\u00f3bal y dispone de conexio\u0301n WiFi gratuita. M\u00e1s informaci\u00f3n clic aqu\u00ed! &quot;NG&amp;E&quot;\" \/>\n<meta name=\"robots\" content=\"index, follow, max-snippet:-1, max-image-preview:large, max-video-preview:-1\" \/>\n<link rel=\"canonical\" href=\"https:\/\/naturegalapagos.com\/es\/hoteles-en-galapagos\/san-cristobal-galapagos\/hotel-blue-marlin\/\" \/>\n<meta property=\"og:locale\" content=\"es_ES\" \/>\n<meta property=\"og:type\" content=\"article\" \/>\n<meta property=\"og:title\" content=\"Hotel Blue Marlin | San Cristobal - Gal\u00e1pagos\" \/>\n<meta property=\"og:description\" content=\"El Hotel Blue Marlin se encuentra a 300 metros del paseo mar\u00edtimo de San Crist\u00f3bal y dispone de conexio\u0301n WiFi gratuita. M\u00e1s informaci\u00f3n clic aqu\u00ed! &quot;NG&amp;E&quot;\" \/>\n<meta property=\"og:url\" content=\"https:\/\/naturegalapagos.com\/es\/hoteles-en-galapagos\/san-cristobal-galapagos\/hotel-blue-marlin\/\" \/>\n<meta property=\"og:site_name\" content=\"Espa\u00f1ol - Nature Galapagos &amp; Ecuador\" \/>\n<meta property=\"article:publisher\" content=\"https:\/\/www.facebook.com\/naturegalapagosecuador\/\" \/>\n<meta property=\"article:modified_time\" content=\"2024-12-04T19:31:44+00:00\" \/>\n<meta property=\"og:image\" content=\"https:\/\/naturegalapagos.com\/es\/wp-content\/uploads\/sites\/3\/2016\/07\/hotel-blue-marlin-islas-gal\u00e1pagos.jpg\" \/>\n\t<meta property=\"og:image:width\" content=\"1024\" \/>\n\t<meta property=\"og:image:height\" content=\"512\" \/>\n\t<meta property=\"og:image:type\" content=\"image\/jpeg\" \/>\n<meta name=\"twitter:card\" content=\"summary_large_image\" \/>\n<meta name=\"twitter:title\" content=\"Hotel Blue Marlin | San Cristobal - Gal\u00e1pagos\" \/>\n<meta name=\"twitter:description\" content=\"El Hotel Blue Marlin se encuentra a 300 metros del paseo mar\u00edtimo de San Crist\u00f3bal y dispone de conexio\u0301n WiFi gratuita. M\u00e1s informaci\u00f3n clic aqu\u00ed! &quot;NG&amp;E&quot;\" \/>\n<meta name=\"twitter:site\" content=\"@naturegalapagos\" \/>\n<meta name=\"twitter:label1\" content=\"Tiempo de lectura\" \/>\n\t<meta name=\"twitter:data1\" content=\"4 minutos\" \/>\n<!-- \/ Yoast SEO Premium plugin. -->","yoast_head_json":{"title":"Hotel Blue Marlin | San Cristobal - Gal\u00e1pagos","description":"El Hotel Blue Marlin se encuentra a 300 metros del paseo mar\u00edtimo de San Crist\u00f3bal y dispone de conexio\u0301n WiFi gratuita. M\u00e1s informaci\u00f3n clic aqu\u00ed! \"NG&E\"","robots":{"index":"index","follow":"follow","max-snippet":"max-snippet:-1","max-image-preview":"max-image-preview:large","max-video-preview":"max-video-preview:-1"},"canonical":"https:\/\/naturegalapagos.com\/es\/hoteles-en-galapagos\/san-cristobal-galapagos\/hotel-blue-marlin\/","og_locale":"es_ES","og_type":"article","og_title":"Hotel Blue Marlin | San Cristobal - Gal\u00e1pagos","og_description":"El Hotel Blue Marlin se encuentra a 300 metros del paseo mar\u00edtimo de San Crist\u00f3bal y dispone de conexio\u0301n WiFi gratuita. M\u00e1s informaci\u00f3n clic aqu\u00ed! \"NG&E\"","og_url":"https:\/\/naturegalapagos.com\/es\/hoteles-en-galapagos\/san-cristobal-galapagos\/hotel-blue-marlin\/","og_site_name":"Espa\u00f1ol - Nature Galapagos &amp; Ecuador","article_publisher":"https:\/\/www.facebook.com\/naturegalapagosecuador\/","article_modified_time":"2024-12-04T19:31:44+00:00","og_image":[{"width":1024,"height":512,"url":"https:\/\/naturegalapagos.com\/es\/wp-content\/uploads\/sites\/3\/2016\/07\/hotel-blue-marlin-islas-gal\u00e1pagos.jpg","type":"image\/jpeg"}],"twitter_card":"summary_large_image","twitter_title":"Hotel Blue Marlin | San Cristobal - Gal\u00e1pagos","twitter_description":"El Hotel Blue Marlin se encuentra a 300 metros del paseo mar\u00edtimo de San Crist\u00f3bal y dispone de conexio\u0301n WiFi gratuita. M\u00e1s informaci\u00f3n clic aqu\u00ed! \"NG&E\"","twitter_site":"@naturegalapagos","twitter_misc":{"Tiempo de lectura":"4 minutos"},"schema":{"@context":"https:\/\/schema.org","@graph":[{"@type":"WebPage","@id":"https:\/\/naturegalapagos.com\/es\/hoteles-en-galapagos\/san-cristobal-galapagos\/hotel-blue-marlin\/","url":"https:\/\/naturegalapagos.com\/es\/hoteles-en-galapagos\/san-cristobal-galapagos\/hotel-blue-marlin\/","name":"Hotel Blue Marlin | San Cristobal - Gal\u00e1pagos","isPartOf":{"@id":"https:\/\/naturegalapagos.com\/es\/#website"},"primaryImageOfPage":{"@id":"https:\/\/naturegalapagos.com\/es\/hoteles-en-galapagos\/san-cristobal-galapagos\/hotel-blue-marlin\/#primaryimage"},"image":{"@id":"https:\/\/naturegalapagos.com\/es\/hoteles-en-galapagos\/san-cristobal-galapagos\/hotel-blue-marlin\/#primaryimage"},"thumbnailUrl":"https:\/\/naturegalapagos.com\/es\/wp-content\/uploads\/sites\/3\/2024\/12\/pancarta-en-el-hotel-Blue-Marlin.webp","datePublished":"2024-12-04T19:15:17+00:00","dateModified":"2024-12-04T19:31:44+00:00","description":"El Hotel Blue Marlin se encuentra a 300 metros del paseo mar\u00edtimo de San Crist\u00f3bal y dispone de conexio\u0301n WiFi gratuita. M\u00e1s informaci\u00f3n clic aqu\u00ed! \"NG&E\"","breadcrumb":{"@id":"https:\/\/naturegalapagos.com\/es\/hoteles-en-galapagos\/san-cristobal-galapagos\/hotel-blue-marlin\/#breadcrumb"},"inLanguage":"es","potentialAction":[{"@type":"ReadAction","target":["https:\/\/naturegalapagos.com\/es\/hoteles-en-galapagos\/san-cristobal-galapagos\/hotel-blue-marlin\/"]}]},{"@type":"ImageObject","inLanguage":"es","@id":"https:\/\/naturegalapagos.com\/es\/hoteles-en-galapagos\/san-cristobal-galapagos\/hotel-blue-marlin\/#primaryimage","url":"https:\/\/naturegalapagos.com\/es\/wp-content\/uploads\/sites\/3\/2024\/12\/pancarta-en-el-hotel-Blue-Marlin.webp","contentUrl":"https:\/\/naturegalapagos.com\/es\/wp-content\/uploads\/sites\/3\/2024\/12\/pancarta-en-el-hotel-Blue-Marlin.webp","width":1280,"height":853,"caption":"pancarta en el hotel Blue Marlin"},{"@type":"BreadcrumbList","@id":"https:\/\/naturegalapagos.com\/es\/hoteles-en-galapagos\/san-cristobal-galapagos\/hotel-blue-marlin\/#breadcrumb","itemListElement":[{"@type":"ListItem","position":1,"name":"Home","item":"https:\/\/naturegalapagos.com\/es\/"},{"@type":"ListItem","position":2,"name":"Tienda","item":"https:\/\/naturegalapagos.com\/es\/tienda\/"},{"@type":"ListItem","position":3,"name":"Hotel Blue Marlin"}]},{"@type":"WebSite","@id":"https:\/\/naturegalapagos.com\/es\/#website","url":"https:\/\/naturegalapagos.com\/es\/","name":"Espa\u00f1ol - Nature Galapagos & Ecuador","description":"","publisher":{"@id":"https:\/\/naturegalapagos.com\/es\/#organization"},"potentialAction":[{"@type":"SearchAction","target":{"@type":"EntryPoint","urlTemplate":"https:\/\/naturegalapagos.com\/es\/?s={search_term_string}"},"query-input":{"@type":"PropertyValueSpecification","valueRequired":true,"valueName":"search_term_string"}}],"inLanguage":"es"},{"@type":"Organization","@id":"https:\/\/naturegalapagos.com\/es\/#organization","name":"Espa\u00f1ol - Nature Galapagos & Ecuador","url":"https:\/\/naturegalapagos.com\/es\/","logo":{"@type":"ImageObject","inLanguage":"es","@id":"https:\/\/naturegalapagos.com\/es\/#\/schema\/logo\/image\/","url":"https:\/\/naturegalapagos.com\/es\/wp-content\/uploads\/sites\/3\/2016\/10\/Nature-Galapagos-Logo-COM-300x300.jpg","contentUrl":"https:\/\/naturegalapagos.com\/es\/wp-content\/uploads\/sites\/3\/2016\/10\/Nature-Galapagos-Logo-COM-300x300.jpg","width":300,"height":300,"caption":"Espa\u00f1ol - Nature Galapagos & Ecuador"},"image":{"@id":"https:\/\/naturegalapagos.com\/es\/#\/schema\/logo\/image\/"},"sameAs":["https:\/\/www.facebook.com\/naturegalapagosecuador\/","https:\/\/x.com\/naturegalapagos","https:\/\/www.instagram.com\/naturegalapagos\/","https:\/\/www.pinterest.com\/Naturegalapagos\/","https:\/\/www.youtube.com\/user\/NatureGalapagosTours"]}]}},"_links":{"self":[{"href":"https:\/\/naturegalapagos.com\/es\/wp-json\/wp\/v2\/product\/2696","targetHints":{"allow":["GET"]}}],"collection":[{"href":"https:\/\/naturegalapagos.com\/es\/wp-json\/wp\/v2\/product"}],"about":[{"href":"https:\/\/naturegalapagos.com\/es\/wp-json\/wp\/v2\/types\/product"}],"replies":[{"embeddable":true,"href":"https:\/\/naturegalapagos.com\/es\/wp-json\/wp\/v2\/comments?post=2696"}],"wp:featuredmedia":[{"embeddable":true,"href":"https:\/\/naturegalapagos.com\/es\/wp-json\/wp\/v2\/media\/7057"}],"wp:attachment":[{"href":"https:\/\/naturegalapagos.com\/es\/wp-json\/wp\/v2\/media?parent=2696"}],"wp:term":[{"taxonomy":"product_brand","embeddable":true,"href":"https:\/\/naturegalapagos.com\/es\/wp-json\/wp\/v2\/product_brand?post=2696"},{"taxonomy":"product_cat","embeddable":true,"href":"https:\/\/naturegalapagos.com\/es\/wp-json\/wp\/v2\/product_cat?post=2696"},{"taxonomy":"product_tag","embeddable":true,"href":"https:\/\/naturegalapagos.com\/es\/wp-json\/wp\/v2\/product_tag?post=2696"}],"curies":[{"name":"wp","href":"https:\/\/api.w.org\/{rel}","templated":true}]}}