{"id":2753,"date":"2024-12-27T11:39:24","date_gmt":"2024-12-27T16:39:24","guid":{"rendered":"http:\/\/naturegalapagos.com\/es\/hoteles-en-galapagos\/santa-cruz-galapagos\/hotel-angermeyer"},"modified":"2024-12-27T11:40:17","modified_gmt":"2024-12-27T16:40:17","slug":"hotel-angermeyer-waterfront-inn","status":"publish","type":"product","link":"https:\/\/naturegalapagos.com\/es\/hoteles-en-galapagos\/santa-cruz-galapagos\/hotel-angermeyer\/","title":{"rendered":"Hotel Angermeyer Waterfront Inn"},"content":{"rendered":"<div class=\"wpb-content-wrapper\"><h2><span style=\"font-family: arial, helvetica, sans-serif; font-size: 18pt;\"><strong>Hotel Angermeyer Waterfront Inn<\/strong><\/span><\/h2>\n<p><span style=\"font-family: arial, helvetica, sans-serif;\">El <strong>Hotel Angermeyer Waterfront Inn<\/strong> ocupa un edificio pintoresco construido con piedra de lava y madera flotante. Ofrece habitaciones con conexi\u00f3n Wi-Fi gratuita y TV por cable en Puerto Ayora. Alberga un restaurante y sirve el desayuno. La playa de los Alemanes est\u00e1 a 500 metros. Las habitaciones tienen grandes ventanas con vistas al mar y son muy luminosas. Presentan suelo de baldosa y techos con vigas. Est\u00e1n equipadas con ventilador. Algunas cuentan con ba\u00f1era de hidromasaje.\u00a0<\/span><\/p>\n<p><span style=\"font-family: arial, helvetica, sans-serif;\">Todos los d\u00edas se sirve un desayuno con zumos naturales. El restaurante ofrece platos regionales e internacionales que se pueden disfrutar en el patio o en la terraza junto al agua. El bar sirve bebidas y c\u00f3cteles y tiene una chimenea. Podr\u00e1 practicar snorkel o relajarse en la terraza con vistas al oc\u00e9ano. Est\u00e1 ubicado en el muelle de Punta Estrada, junto a la legendaria cueva de Gus Angermeyer. El aeropuerto de Baltra se encuentra a 45 minutos en coche y Bah\u00eda Tortuga est\u00e1 a 5 km.<\/span><\/p>\n<h3><span style=\"font-family: arial, helvetica, sans-serif;\">Especificaciones t\u00e9cnicas<\/span><\/h3>\n<p><span style=\"font-family: arial, helvetica, sans-serif;\"><span class=\"notranslate\">El Hotel Angermeyer Waterfront Inn<\/span> d<span class=\"notranslate\">ispone de habitaciones dobles y suites de primera clase &#8211; todas con ba\u00f1o privado, servicio de limpieza diario, TV color por cable, ventilador de techo, aire acondicionado y minibar \/ nevera.\u00a0<\/span><\/span><\/p>\n<table style=\"width: 567px;\">\n<thead>\n<tr style=\"height: 24px; background-color: #009e5d;\">\n<td style=\"text-align: center; height: 24px; width: 555px;\" colspan=\"2\">\n<h3><span style=\"color: #ffffff; font-family: arial, helvetica, sans-serif;\">Caracter\u00edsticas importantes<\/span><\/h3>\n<\/td>\n<\/tr>\n<\/thead>\n<tbody>\n<tr style=\"height: 58px;\">\n<td style=\"height: 58px; width: 145px;\"><span style=\"font-family: arial, helvetica, sans-serif; font-size: 16px;\"><strong>Tipo de habitaciones:\u00a0<\/strong><\/span><\/td>\n<td style=\"height: 58px; width: 410px;\"><span style=\"font-size: 16px; line-height: 20px; font-family: arial, helvetica, sans-serif;\">Suites, Habitaciones Superiores &amp; Habitaciones Standard<\/span><\/td>\n<\/tr>\n<tr style=\"height: 24px;\">\n<td style=\"height: 24px; width: 145px;\"><span style=\"font-family: arial, helvetica, sans-serif; font-size: 16px;\"><strong>Suites:<\/strong><\/span><\/td>\n<td style=\"height: 24px; width: 410px;\"><span style=\"font-family: arial, helvetica, sans-serif;\">2 pax &#8211; gran sala de planta superior con cama king size con la opci\u00f3n de una cama adicional, ba\u00f1era jacuzzi para 2 personas. Incluye desayuno buffet .<\/span><\/td>\n<\/tr>\n<tr style=\"height: 48px;\">\n<td style=\"height: 48px; width: 145px;\"><span style=\"font-family: arial, helvetica, sans-serif; font-size: 16px;\"><strong>Habitaciones Superiores:<\/strong><\/span><\/td>\n<td style=\"height: 48px; width: 410px;\"><span style=\"font-family: arial, helvetica, sans-serif;\">2-4 pax &#8211; cama de matrimonio y una cama individual , con espacio para una cama individual adicional. Incluye desayuno buffet.<\/span><\/td>\n<\/tr>\n<tr style=\"height: 48px;\">\n<td style=\"height: 48px; width: 145px;\"><span style=\"font-family: arial, helvetica, sans-serif; font-size: 16px;\"><strong>Habitaciones Starndard<\/strong><\/span><\/td>\n<td style=\"height: 48px; width: 410px;\"><span style=\"font-family: arial, helvetica, sans-serif;\">2 pax \u2013 queen size bed.\u00a0Includes full breakfast buffet.<\/span><\/td>\n<\/tr>\n<tr style=\"height: 72px;\">\n<td style=\"height: 72px; width: 145px;\"><span style=\"font-size: 16px; line-height: 20px; font-family: arial, helvetica, sans-serif;\"><b>Servicios<\/b><\/span><\/td>\n<td style=\"height: 72px; width: 410px;\"><span style=\"font-family: arial, helvetica, sans-serif;\">En todas las habitaciones est\u00e1 prohibido fumar. Todas las habitaciones tienen ventiladores de techo y aire acondicionado. Todas las habitaciones tienen ba\u00f1o privado con ba\u00f1era. y \/ o ducha. Tres habitaciones tienen una ba\u00f1era de hidromasaje. Todas las habitaciones tienen un mini -bar \/ refrigerador. 24 horas servicio de recepci\u00f3n. Todas las habitaciones tienen televisi\u00f3n por cable. Cajas de seguridad disponibles en las habitaciones y en la recepci\u00f3n. acceso a Internet inal\u00e1mbrico gratuito. Acogedor bar y cafeter\u00eda con chimenea original. restaurante de calidad que sirve comidas y cenas en el patio o la cubierta orilla del agua. Servicio de lavander\u00eda. servicio de traslado al aeropuerto (de pago ).<\/span><\/td>\n<\/tr>\n<\/tbody>\n<\/table>\n<p>&nbsp;<\/p>\n<p>[vc_row][vc_column el_class=&#8221;accocruise&#8221;][vc_column_text]\n<div class=\"panel panel-default accordion__item\">\n\t<div class=\"panel-heading accordion__item__title-wrap\">\n\t\t<h4 class=\"panel-title\">\n\t\t\t<a data-toggle=\"collapse\" data-parent=\"#ataccordion0\" href=\"#ataccordion0_1\" class=\"accordion__item__link collapsed\">Solicite m\u00e1s informaci\u00f3n<\/a>\n\t\t<\/h4>\n\t<\/div>\n\t<div id=\"ataccordion0_1\" class=\"panel-collapse collapse\">\n\t\t<div class=\"panel-body accordion__item__content\">\n<div class=\"ml-embedded\" data-form=\"IFhpcC\"><\/div>\n            <br \/>\n<\/div>\n\t<\/div>\n<\/div>[\/vc_column_text][\/vc_column][\/vc_row]<\/p>\n<\/div>","protected":false},"excerpt":{"rendered":"<p>Hotel Angermeyer Waterfront Inn El Hotel Angermeyer Waterfront Inn ocupa un edificio pintoresco construido con piedra de lava y madera flotante. Ofrece habitaciones con conexi\u00f3n Wi-Fi gratuita y TV por cable en Puerto Ayora. Alberga un restaurante y sirve el desayuno. La playa de los Alemanes est\u00e1 a 500 metros. Las habitaciones tienen grandes ventanas<\/p>\n<div class=\"padding-top text-center\"><a href=\"https:\/\/naturegalapagos.com\/es\/hoteles-en-galapagos\/santa-cruz-galapagos\/hotel-angermeyer\/\" class=\"atbtn atbtn--medium atbtn--rounded atbtn--transparent\">Leer m\u00e1s<i class=\"atbtn__icon atbtn__icon--right fa fa-long-arrow-right\"><\/i><\/a><\/div>\n","protected":false},"featured_media":2758,"comment_status":"open","ping_status":"closed","template":"","meta":{"_joinchat":[]},"product_brand":[],"product_cat":[3599],"product_tag":[],"class_list":{"0":"post-2753","1":"product","2":"type-product","3":"status-publish","4":"has-post-thumbnail","6":"product_cat-sin-categoria","7":"tour_category-hoteles-en-santa-cruz","9":"first","10":"instock","11":"taxable","12":"shipping-taxable","13":"product-type-tour"},"yoast_head":"<!-- This site is optimized with the Yoast SEO Premium plugin v25.6 (Yoast SEO v26.1.1) - https:\/\/yoast.com\/wordpress\/plugins\/seo\/ -->\n<title>Hotel Angermeyer Waterfront Inn | Santa Cruz - Gal\u00e1pagos<\/title>\n<meta name=\"description\" content=\"El Hotel Angermeyer Waterfront Inn ocupa un edificio pintoresco construido con piedra de lava y madera flotante. Para m\u00e1s informaci\u00f3n clic aqu\u00ed! &quot;NG&amp;E&quot;\" \/>\n<meta name=\"robots\" content=\"index, follow, max-snippet:-1, max-image-preview:large, max-video-preview:-1\" \/>\n<link rel=\"canonical\" href=\"https:\/\/naturegalapagos.com\/es\/hoteles-en-galapagos\/santa-cruz-galapagos\/hotel-angermeyer\/\" \/>\n<meta property=\"og:locale\" content=\"es_ES\" \/>\n<meta property=\"og:type\" content=\"article\" \/>\n<meta property=\"og:title\" content=\"Hotel Angermeyer Waterfront Inn | Santa Cruz - Gal\u00e1pagos\" \/>\n<meta property=\"og:description\" content=\"El Hotel Angermeyer Waterfront Inn ocupa un edificio pintoresco construido con piedra de lava y madera flotante. Para m\u00e1s informaci\u00f3n clic aqu\u00ed! &quot;NG&amp;E&quot;\" \/>\n<meta property=\"og:url\" content=\"https:\/\/naturegalapagos.com\/es\/hoteles-en-galapagos\/santa-cruz-galapagos\/hotel-angermeyer\/\" \/>\n<meta property=\"og:site_name\" content=\"Espa\u00f1ol - Nature Galapagos &amp; Ecuador\" \/>\n<meta property=\"article:publisher\" content=\"https:\/\/www.facebook.com\/naturegalapagosecuador\/\" \/>\n<meta property=\"article:modified_time\" content=\"2024-12-27T16:40:17+00:00\" \/>\n<meta property=\"og:image\" content=\"https:\/\/naturegalapagos.com\/es\/wp-content\/uploads\/sites\/3\/2016\/08\/hotel-angermeyer-waterfront-inn-vista-frontal.jpg\" \/>\n\t<meta property=\"og:image:width\" content=\"960\" \/>\n\t<meta property=\"og:image:height\" content=\"600\" \/>\n\t<meta property=\"og:image:type\" content=\"image\/jpeg\" \/>\n<meta name=\"twitter:card\" content=\"summary_large_image\" \/>\n<meta name=\"twitter:title\" content=\"Hotel Angermeyer Waterfront Inn | Santa Cruz - Gal\u00e1pagos\" \/>\n<meta name=\"twitter:description\" content=\"El Hotel Angermeyer Waterfront Inn ocupa un edificio pintoresco construido con piedra de lava y madera flotante. Para m\u00e1s informaci\u00f3n clic aqu\u00ed! &quot;NG&amp;E&quot;\" \/>\n<meta name=\"twitter:site\" content=\"@naturegalapagos\" \/>\n<meta name=\"twitter:label1\" content=\"Tiempo de lectura\" \/>\n\t<meta name=\"twitter:data1\" content=\"2 minutos\" \/>\n<!-- \/ Yoast SEO Premium plugin. -->","yoast_head_json":{"title":"Hotel Angermeyer Waterfront Inn | Santa Cruz - Gal\u00e1pagos","description":"El Hotel Angermeyer Waterfront Inn ocupa un edificio pintoresco construido con piedra de lava y madera flotante. Para m\u00e1s informaci\u00f3n clic aqu\u00ed! \"NG&E\"","robots":{"index":"index","follow":"follow","max-snippet":"max-snippet:-1","max-image-preview":"max-image-preview:large","max-video-preview":"max-video-preview:-1"},"canonical":"https:\/\/naturegalapagos.com\/es\/hoteles-en-galapagos\/santa-cruz-galapagos\/hotel-angermeyer\/","og_locale":"es_ES","og_type":"article","og_title":"Hotel Angermeyer Waterfront Inn | Santa Cruz - Gal\u00e1pagos","og_description":"El Hotel Angermeyer Waterfront Inn ocupa un edificio pintoresco construido con piedra de lava y madera flotante. Para m\u00e1s informaci\u00f3n clic aqu\u00ed! \"NG&E\"","og_url":"https:\/\/naturegalapagos.com\/es\/hoteles-en-galapagos\/santa-cruz-galapagos\/hotel-angermeyer\/","og_site_name":"Espa\u00f1ol - Nature Galapagos &amp; Ecuador","article_publisher":"https:\/\/www.facebook.com\/naturegalapagosecuador\/","article_modified_time":"2024-12-27T16:40:17+00:00","og_image":[{"width":960,"height":600,"url":"https:\/\/naturegalapagos.com\/es\/wp-content\/uploads\/sites\/3\/2016\/08\/hotel-angermeyer-waterfront-inn-vista-frontal.jpg","type":"image\/jpeg"}],"twitter_card":"summary_large_image","twitter_title":"Hotel Angermeyer Waterfront Inn | Santa Cruz - Gal\u00e1pagos","twitter_description":"El Hotel Angermeyer Waterfront Inn ocupa un edificio pintoresco construido con piedra de lava y madera flotante. Para m\u00e1s informaci\u00f3n clic aqu\u00ed! \"NG&E\"","twitter_site":"@naturegalapagos","twitter_misc":{"Tiempo de lectura":"2 minutos"},"schema":{"@context":"https:\/\/schema.org","@graph":[{"@type":"WebPage","@id":"https:\/\/naturegalapagos.com\/es\/hoteles-en-galapagos\/santa-cruz-galapagos\/hotel-angermeyer\/","url":"https:\/\/naturegalapagos.com\/es\/hoteles-en-galapagos\/santa-cruz-galapagos\/hotel-angermeyer\/","name":"Hotel Angermeyer Waterfront Inn | Santa Cruz - Gal\u00e1pagos","isPartOf":{"@id":"https:\/\/naturegalapagos.com\/es\/#website"},"primaryImageOfPage":{"@id":"https:\/\/naturegalapagos.com\/es\/hoteles-en-galapagos\/santa-cruz-galapagos\/hotel-angermeyer\/#primaryimage"},"image":{"@id":"https:\/\/naturegalapagos.com\/es\/hoteles-en-galapagos\/santa-cruz-galapagos\/hotel-angermeyer\/#primaryimage"},"thumbnailUrl":"https:\/\/naturegalapagos.com\/es\/wp-content\/uploads\/sites\/3\/2016\/08\/hotel-angermeyer-waterfront-inn-suite.jpg","datePublished":"2024-12-27T16:39:24+00:00","dateModified":"2024-12-27T16:40:17+00:00","description":"El Hotel Angermeyer Waterfront Inn ocupa un edificio pintoresco construido con piedra de lava y madera flotante. Para m\u00e1s informaci\u00f3n clic aqu\u00ed! \"NG&E\"","breadcrumb":{"@id":"https:\/\/naturegalapagos.com\/es\/hoteles-en-galapagos\/santa-cruz-galapagos\/hotel-angermeyer\/#breadcrumb"},"inLanguage":"es","potentialAction":[{"@type":"ReadAction","target":["https:\/\/naturegalapagos.com\/es\/hoteles-en-galapagos\/santa-cruz-galapagos\/hotel-angermeyer\/"]}]},{"@type":"ImageObject","inLanguage":"es","@id":"https:\/\/naturegalapagos.com\/es\/hoteles-en-galapagos\/santa-cruz-galapagos\/hotel-angermeyer\/#primaryimage","url":"https:\/\/naturegalapagos.com\/es\/wp-content\/uploads\/sites\/3\/2016\/08\/hotel-angermeyer-waterfront-inn-suite.jpg","contentUrl":"https:\/\/naturegalapagos.com\/es\/wp-content\/uploads\/sites\/3\/2016\/08\/hotel-angermeyer-waterfront-inn-suite.jpg","width":960,"height":600,"caption":"Hotel Angermeyer Waterfront Inn Suite"},{"@type":"BreadcrumbList","@id":"https:\/\/naturegalapagos.com\/es\/hoteles-en-galapagos\/santa-cruz-galapagos\/hotel-angermeyer\/#breadcrumb","itemListElement":[{"@type":"ListItem","position":1,"name":"Home","item":"https:\/\/naturegalapagos.com\/es\/"},{"@type":"ListItem","position":2,"name":"Tienda","item":"https:\/\/naturegalapagos.com\/es\/tienda\/"},{"@type":"ListItem","position":3,"name":"Hotel Angermeyer Waterfront Inn"}]},{"@type":"WebSite","@id":"https:\/\/naturegalapagos.com\/es\/#website","url":"https:\/\/naturegalapagos.com\/es\/","name":"Espa\u00f1ol - Nature Galapagos & Ecuador","description":"","publisher":{"@id":"https:\/\/naturegalapagos.com\/es\/#organization"},"potentialAction":[{"@type":"SearchAction","target":{"@type":"EntryPoint","urlTemplate":"https:\/\/naturegalapagos.com\/es\/?s={search_term_string}"},"query-input":{"@type":"PropertyValueSpecification","valueRequired":true,"valueName":"search_term_string"}}],"inLanguage":"es"},{"@type":"Organization","@id":"https:\/\/naturegalapagos.com\/es\/#organization","name":"Espa\u00f1ol - Nature Galapagos & Ecuador","url":"https:\/\/naturegalapagos.com\/es\/","logo":{"@type":"ImageObject","inLanguage":"es","@id":"https:\/\/naturegalapagos.com\/es\/#\/schema\/logo\/image\/","url":"https:\/\/naturegalapagos.com\/es\/wp-content\/uploads\/sites\/3\/2016\/10\/Nature-Galapagos-Logo-COM-300x300.jpg","contentUrl":"https:\/\/naturegalapagos.com\/es\/wp-content\/uploads\/sites\/3\/2016\/10\/Nature-Galapagos-Logo-COM-300x300.jpg","width":300,"height":300,"caption":"Espa\u00f1ol - Nature Galapagos & Ecuador"},"image":{"@id":"https:\/\/naturegalapagos.com\/es\/#\/schema\/logo\/image\/"},"sameAs":["https:\/\/www.facebook.com\/naturegalapagosecuador\/","https:\/\/x.com\/naturegalapagos","https:\/\/www.instagram.com\/naturegalapagos\/","https:\/\/www.pinterest.com\/Naturegalapagos\/","https:\/\/www.youtube.com\/user\/NatureGalapagosTours"]}]}},"_links":{"self":[{"href":"https:\/\/naturegalapagos.com\/es\/wp-json\/wp\/v2\/product\/2753","targetHints":{"allow":["GET"]}}],"collection":[{"href":"https:\/\/naturegalapagos.com\/es\/wp-json\/wp\/v2\/product"}],"about":[{"href":"https:\/\/naturegalapagos.com\/es\/wp-json\/wp\/v2\/types\/product"}],"replies":[{"embeddable":true,"href":"https:\/\/naturegalapagos.com\/es\/wp-json\/wp\/v2\/comments?post=2753"}],"wp:featuredmedia":[{"embeddable":true,"href":"https:\/\/naturegalapagos.com\/es\/wp-json\/wp\/v2\/media\/2758"}],"wp:attachment":[{"href":"https:\/\/naturegalapagos.com\/es\/wp-json\/wp\/v2\/media?parent=2753"}],"wp:term":[{"taxonomy":"product_brand","embeddable":true,"href":"https:\/\/naturegalapagos.com\/es\/wp-json\/wp\/v2\/product_brand?post=2753"},{"taxonomy":"product_cat","embeddable":true,"href":"https:\/\/naturegalapagos.com\/es\/wp-json\/wp\/v2\/product_cat?post=2753"},{"taxonomy":"product_tag","embeddable":true,"href":"https:\/\/naturegalapagos.com\/es\/wp-json\/wp\/v2\/product_tag?post=2753"}],"curies":[{"name":"wp","href":"https:\/\/api.w.org\/{rel}","templated":true}]}}