{"id":2768,"date":"2024-12-27T10:58:37","date_gmt":"2024-12-27T15:58:37","guid":{"rendered":"http:\/\/naturegalapagos.com\/es\/hoteles-en-galapagos\/santa-cruz-galapagos\/hotel-fernandina"},"modified":"2024-12-27T10:59:35","modified_gmt":"2024-12-27T15:59:35","slug":"hotel-fernandina","status":"publish","type":"product","link":"https:\/\/naturegalapagos.com\/es\/hoteles-en-galapagos\/santa-cruz-galapagos\/hotel-fernandina\/","title":{"rendered":"Hotel Fernandina Gal\u00e1pagos"},"content":{"rendered":"<div class=\"wpb-content-wrapper\"><h2><span style=\"font-size: 24px;\"><strong>Hotel Fernandina<\/strong><\/span><\/h2>\n<p><span style=\"font-family: arial, helvetica, sans-serif;\">Con m\u00e1s de 25 a\u00f1os de servicio dedicado, el <strong>Hotel Fernandina<\/strong> ha creado un refugio donde el vibrante esp\u00edritu de Gal\u00e1pagos se combina con una hospitalidad inigualable. Nuestra misi\u00f3n es ofrecer a los visitantes una combinaci\u00f3n perfecta de calidez local y relajaci\u00f3n, creando recuerdos que reflejen la esencia \u00fanica de las islas. Desde su llegada hasta su despedida final, nuestro equipo se asegura de que cada momento est\u00e9 lleno de comodidad y cuidado.<\/span><\/p>\n<h3><span style=\"font-family: arial, helvetica, sans-serif;\">Caracter\u00edsticas del hotel<\/span><\/h3>\n<ul>\n<li><strong><span style=\"font-family: arial, helvetica, sans-serif;\">Traslado al aeropuerto<\/span><\/strong><br \/>\n<span style=\"font-family: arial, helvetica, sans-serif;\">Coordinamos su traslado desde el aeropuerto de la Isla Baltra en el norte hasta nuestro hotel en la zona sur de Santa Cruz, asegurando una experiencia de llegada sin problemas.<\/span><\/li>\n<li><strong><span style=\"font-family: arial, helvetica, sans-serif;\">Spa Lavalux<\/span><\/strong><br \/>\n<span style=\"font-family: arial, helvetica, sans-serif;\">\ud83c\udf3f Rel\u00e1jese en nuestro exclusivo spa, dise\u00f1ado para sumergirlo en una tranquilidad total. Rejuvenezca con tratamientos que llevan el nombre de tesoros end\u00e9micos, capturando la esencia de la naturaleza de Gal\u00e1pagos.<\/span><\/li>\n<li><strong><span style=\"font-family: arial, helvetica, sans-serif;\">Servicio a la habitaci\u00f3n<\/span><\/strong><br \/>\n<span style=\"font-family: arial, helvetica, sans-serif;\">Satisfaga cualquier antojo con nuestro servicio a la habitaci\u00f3n. Una r\u00e1pida llamada o escaneo de c\u00f3digo QR abre un mundo de delicias culinarias dise\u00f1adas para mejorar su estad\u00eda.<\/span><\/li>\n<li><strong><span style=\"font-family: arial, helvetica, sans-serif;\">Piscina y jacuzzi<\/span><\/strong><br \/>\n<span style=\"font-family: arial, helvetica, sans-serif;\">Sum\u00e9rjase en la serenidad con nuestra piscina y jacuzzi. Estas joyas ocultas ofrecen un santuario privado para la relajaci\u00f3n, donde realmente puede relajarse.<\/span><\/li>\n<li><strong><span style=\"font-family: arial, helvetica, sans-serif;\">WiFi con tecnolog\u00eda de Starlink<\/span><\/strong><br \/>\n<span style=\"font-family: arial, helvetica, sans-serif;\">Disfrute de Internet confiable y de alta velocidad en toda la propiedad, con tecnolog\u00eda de Starlink, para que pueda mantenerse conectado mientras disfruta de la privacidad de las islas.<\/span><\/li>\n<li><strong><span style=\"font-family: arial, helvetica, sans-serif;\">Restaurante<\/span><\/strong><br \/>\n<span style=\"font-family: arial, helvetica, sans-serif;\">Comience el d\u00eda con un desayuno buffet al estilo de Gal\u00e1pagos. Saboree caf\u00e9 local reci\u00e9n hecho, selecciones de desayuno caliente y una variedad de frutas frescas para energizarse para las aventuras del d\u00eda.<\/span><\/li>\n<li><strong><span style=\"font-family: arial, helvetica, sans-serif;\">Lodge &amp; Bar<\/span><\/strong><br \/>\n<span style=\"font-family: arial, helvetica, sans-serif;\">Descubra los sabores de las islas en Fernandina Lounge &amp; Bar. Disfrute de c\u00f3cteles elaborados por expertos y de un men\u00fa que combina lo informal y lo gourmet, creando un verdadero sabor de Gal\u00e1pagos.<\/span><\/li>\n<\/ul>\n<h3><span style=\"font-family: arial, helvetica, sans-serif;\">Compromiso del hotel<\/span><\/h3>\n<p><span style=\"font-family: arial, helvetica, sans-serif;\">Con m\u00e1s de 30 a\u00f1os de experiencia, 22 habitaciones de dise\u00f1o exclusivo y cientos de hu\u00e9spedes satisfechos, el Hotel Fernandina se dedica a crear experiencias inolvidables en un lugar que se siente como en casa. \u00danase a nosotros y deje que la magia de las Gal\u00e1pagos y nuestra genuina hospitalidad lo cautiven.<\/span><\/p>\n<table style=\"width: 567px;\">\n<tbody>\n<tr style=\"height: 24px; background-color: #009e5d;\">\n<td style=\"text-align: center; height: 24px; width: 555px;\" colspan=\"2\">\n<h4><span style=\"font-family: arial, helvetica, sans-serif; color: #ffffff;\"><strong>Hotel Fernandina<\/strong><\/span><\/h4>\n<\/td>\n<\/tr>\n<tr style=\"height: 58px;\">\n<td style=\"height: 58px; width: 145px;\"><span style=\"line-height: 20px; font-family: arial, helvetica, sans-serif;\"><b>Tipo de habitaciones:<\/b><\/span><\/td>\n<td style=\"height: 58px; width: 410px;\"><span style=\"line-height: 20px; font-family: arial, helvetica, sans-serif;\">Habitaciones matrimoniales, habitaciones dobles, habitaciones triples, habitaciones cuadruples.<\/span><\/td>\n<\/tr>\n<tr style=\"height: 24px;\">\n<td style=\"height: 24px; width: 145px;\"><span style=\"font-family: arial, helvetica, sans-serif;\"><strong>Habitaci\u00f3n Matrimonial:<\/strong><\/span><\/td>\n<td style=\"height: 24px; width: 410px;\"><span style=\"font-family: arial, helvetica, sans-serif;\">Amoblada\u00a0con cama matrionial<\/span><\/td>\n<\/tr>\n<tr style=\"height: 48px;\">\n<td style=\"height: 48px; width: 145px;\"><span style=\"font-family: arial, helvetica, sans-serif;\"><strong>Habitaciones Doble:<\/strong><\/span><\/td>\n<td style=\"height: 48px; width: 410px;\"><span style=\"font-family: arial, helvetica, sans-serif;\">Amoblada\u00a0con doble cama.<\/span><\/td>\n<\/tr>\n<tr style=\"height: 48px;\">\n<td style=\"height: 48px; width: 145px;\"><span style=\"line-height: 20px; font-family: arial, helvetica, sans-serif;\"><b>Habitaciones Triples<\/b><\/span><\/td>\n<td style=\"height: 48px; width: 410px;\"><span style=\"font-family: arial, helvetica, sans-serif;\">Amoblada con dobles camas.<\/span><\/td>\n<\/tr>\n<tr style=\"height: 48px;\">\n<td style=\"height: 48px; width: 145px;\"><span style=\"line-height: 20px; font-family: arial, helvetica, sans-serif;\"><b>Habitaciones Cuadruples<\/b><\/span><\/td>\n<td style=\"height: 48px; width: 410px;\"><span style=\"line-height: 20px; font-family: arial, helvetica, sans-serif;\">Amobladas con dos camas matrimoniales y una cama\u00a0<\/span><\/td>\n<\/tr>\n<tr style=\"height: 72px;\">\n<td style=\"height: 72px; width: 145px;\"><span style=\"font-family: arial, helvetica, sans-serif;\"><strong>Servicios<\/strong><\/span><\/td>\n<td style=\"height: 72px; width: 410px;\"><span style=\"font-family: arial, helvetica, sans-serif;\">Ba\u00f1o privado, agua caliente, aire acondicionado, cable Tv. y WiFi<\/span><\/td>\n<\/tr>\n<\/tbody>\n<\/table>\n<p>&nbsp;<\/p>\n<p>[vc_row][vc_column el_class=&#8221;accocruise&#8221;][vc_column_text]\n<div class=\"panel panel-default accordion__item\">\n\t<div class=\"panel-heading accordion__item__title-wrap\">\n\t\t<h4 class=\"panel-title\">\n\t\t\t<a data-toggle=\"collapse\" data-parent=\"#ataccordion0\" href=\"#ataccordion0_1\" class=\"accordion__item__link collapsed\">Solicite m\u00e1s informaci\u00f3n<\/a>\n\t\t<\/h4>\n\t<\/div>\n\t<div id=\"ataccordion0_1\" class=\"panel-collapse collapse\">\n\t\t<div class=\"panel-body accordion__item__content\">\n                <div class=\"ml-embedded\" data-form=\"M7jGjl\"><\/div>\n            \n<\/div>\n\t<\/div>\n<\/div>[\/vc_column_text][\/vc_column][\/vc_row]<\/p>\n<\/div>","protected":false},"excerpt":{"rendered":"<p>Hotel Fernandina Con m\u00e1s de 25 a\u00f1os de servicio dedicado, el Hotel Fernandina ha creado un refugio donde el vibrante esp\u00edritu de Gal\u00e1pagos se combina con una hospitalidad inigualable. Nuestra misi\u00f3n es ofrecer a los visitantes una combinaci\u00f3n perfecta de calidez local y relajaci\u00f3n, creando recuerdos que reflejen la esencia \u00fanica de las islas. Desde<\/p>\n<div class=\"padding-top text-center\"><a href=\"https:\/\/naturegalapagos.com\/es\/hoteles-en-galapagos\/santa-cruz-galapagos\/hotel-fernandina\/\" class=\"atbtn atbtn--medium atbtn--rounded atbtn--transparent\">Leer m\u00e1s<i class=\"atbtn__icon atbtn__icon--right fa fa-long-arrow-right\"><\/i><\/a><\/div>\n","protected":false},"featured_media":7245,"comment_status":"open","ping_status":"closed","template":"","meta":{"_joinchat":[]},"product_brand":[],"product_cat":[3599],"product_tag":[],"class_list":{"0":"post-2768","1":"product","2":"type-product","3":"status-publish","4":"has-post-thumbnail","6":"product_cat-sin-categoria","7":"tour_category-hoteles-en-santa-cruz","9":"first","10":"instock","11":"taxable","12":"shipping-taxable","13":"product-type-tour"},"yoast_head":"<!-- This site is optimized with the Yoast SEO Premium plugin v25.6 (Yoast SEO v26.1.1) - https:\/\/yoast.com\/wordpress\/plugins\/seo\/ -->\n<title>Hotel Fernandina Gal\u00e1pagos | Puerto Ayora Isla Santa Cruz<\/title>\n<meta name=\"description\" content=\"El Hotel Fernandina est\u00e1 situado en Santa Cruz y ofrece un desayuno buffet a diario, una piscina al aire libre y conexi\u00f3n Wi-Fi. M\u00e1s informaci\u00f3n clic aqu\u00ed!\" \/>\n<meta name=\"robots\" content=\"index, follow, max-snippet:-1, max-image-preview:large, max-video-preview:-1\" \/>\n<link rel=\"canonical\" href=\"https:\/\/naturegalapagos.com\/es\/hoteles-en-galapagos\/santa-cruz-galapagos\/hotel-fernandina\/\" \/>\n<meta property=\"og:locale\" content=\"es_ES\" \/>\n<meta property=\"og:type\" content=\"article\" \/>\n<meta property=\"og:title\" content=\"Hotel Fernandina | Santa Cruz - Gal\u00e1pagos\" \/>\n<meta property=\"og:description\" content=\"El Hotel Fernandina est\u00e1 situado en Santa Cruz y ofrece un desayuno buffet a diario, una piscina al aire libre y conexi\u00f3n Wi-Fi. M\u00e1s informaci\u00f3n clic aqu\u00ed!\" \/>\n<meta property=\"og:url\" content=\"https:\/\/naturegalapagos.com\/es\/hoteles-en-galapagos\/santa-cruz-galapagos\/hotel-fernandina\/\" \/>\n<meta property=\"og:site_name\" content=\"Espa\u00f1ol - Nature Galapagos &amp; Ecuador\" \/>\n<meta property=\"article:publisher\" content=\"https:\/\/www.facebook.com\/naturegalapagosecuador\/\" \/>\n<meta property=\"article:modified_time\" content=\"2024-12-27T15:59:35+00:00\" \/>\n<meta property=\"og:image\" content=\"https:\/\/naturegalapagos.com\/es\/wp-content\/uploads\/sites\/3\/2016\/08\/hotel-fernandina-en-galapagos.jpg\" \/>\n\t<meta property=\"og:image:width\" content=\"1024\" \/>\n\t<meta property=\"og:image:height\" content=\"512\" \/>\n\t<meta property=\"og:image:type\" content=\"image\/jpeg\" \/>\n<meta name=\"twitter:card\" content=\"summary_large_image\" \/>\n<meta name=\"twitter:title\" content=\"Hotel Fernandina | Santa Cruz - Gal\u00e1pagos\" \/>\n<meta name=\"twitter:description\" content=\"El Hotel Fernandina est\u00e1 situado en Santa Cruz y ofrece un desayuno buffet a diario, una piscina al aire libre y conexi\u00f3n Wi-Fi. M\u00e1s informaci\u00f3n clic aqu\u00ed!\" \/>\n<meta name=\"twitter:site\" content=\"@naturegalapagos\" \/>\n<meta name=\"twitter:label1\" content=\"Tiempo de lectura\" \/>\n\t<meta name=\"twitter:data1\" content=\"3 minutos\" \/>\n<!-- \/ Yoast SEO Premium plugin. -->","yoast_head_json":{"title":"Hotel Fernandina Gal\u00e1pagos | Puerto Ayora Isla Santa Cruz","description":"El Hotel Fernandina est\u00e1 situado en Santa Cruz y ofrece un desayuno buffet a diario, una piscina al aire libre y conexi\u00f3n Wi-Fi. M\u00e1s informaci\u00f3n clic aqu\u00ed!","robots":{"index":"index","follow":"follow","max-snippet":"max-snippet:-1","max-image-preview":"max-image-preview:large","max-video-preview":"max-video-preview:-1"},"canonical":"https:\/\/naturegalapagos.com\/es\/hoteles-en-galapagos\/santa-cruz-galapagos\/hotel-fernandina\/","og_locale":"es_ES","og_type":"article","og_title":"Hotel Fernandina | Santa Cruz - Gal\u00e1pagos","og_description":"El Hotel Fernandina est\u00e1 situado en Santa Cruz y ofrece un desayuno buffet a diario, una piscina al aire libre y conexi\u00f3n Wi-Fi. M\u00e1s informaci\u00f3n clic aqu\u00ed!","og_url":"https:\/\/naturegalapagos.com\/es\/hoteles-en-galapagos\/santa-cruz-galapagos\/hotel-fernandina\/","og_site_name":"Espa\u00f1ol - Nature Galapagos &amp; Ecuador","article_publisher":"https:\/\/www.facebook.com\/naturegalapagosecuador\/","article_modified_time":"2024-12-27T15:59:35+00:00","og_image":[{"width":1024,"height":512,"url":"https:\/\/naturegalapagos.com\/es\/wp-content\/uploads\/sites\/3\/2016\/08\/hotel-fernandina-en-galapagos.jpg","type":"image\/jpeg"}],"twitter_card":"summary_large_image","twitter_title":"Hotel Fernandina | Santa Cruz - Gal\u00e1pagos","twitter_description":"El Hotel Fernandina est\u00e1 situado en Santa Cruz y ofrece un desayuno buffet a diario, una piscina al aire libre y conexi\u00f3n Wi-Fi. M\u00e1s informaci\u00f3n clic aqu\u00ed!","twitter_site":"@naturegalapagos","twitter_misc":{"Tiempo de lectura":"3 minutos"},"schema":{"@context":"https:\/\/schema.org","@graph":[{"@type":"WebPage","@id":"https:\/\/naturegalapagos.com\/es\/hoteles-en-galapagos\/santa-cruz-galapagos\/hotel-fernandina\/","url":"https:\/\/naturegalapagos.com\/es\/hoteles-en-galapagos\/santa-cruz-galapagos\/hotel-fernandina\/","name":"Hotel Fernandina Gal\u00e1pagos | Puerto Ayora Isla Santa Cruz","isPartOf":{"@id":"https:\/\/naturegalapagos.com\/es\/#website"},"primaryImageOfPage":{"@id":"https:\/\/naturegalapagos.com\/es\/hoteles-en-galapagos\/santa-cruz-galapagos\/hotel-fernandina\/#primaryimage"},"image":{"@id":"https:\/\/naturegalapagos.com\/es\/hoteles-en-galapagos\/santa-cruz-galapagos\/hotel-fernandina\/#primaryimage"},"thumbnailUrl":"https:\/\/naturegalapagos.com\/es\/wp-content\/uploads\/sites\/3\/2024\/12\/Piscina-iluminada-en-el-Hotel-Fernandina.jpg","datePublished":"2024-12-27T15:58:37+00:00","dateModified":"2024-12-27T15:59:35+00:00","description":"El Hotel Fernandina est\u00e1 situado en Santa Cruz y ofrece un desayuno buffet a diario, una piscina al aire libre y conexi\u00f3n Wi-Fi. M\u00e1s informaci\u00f3n clic aqu\u00ed!","breadcrumb":{"@id":"https:\/\/naturegalapagos.com\/es\/hoteles-en-galapagos\/santa-cruz-galapagos\/hotel-fernandina\/#breadcrumb"},"inLanguage":"es","potentialAction":[{"@type":"ReadAction","target":["https:\/\/naturegalapagos.com\/es\/hoteles-en-galapagos\/santa-cruz-galapagos\/hotel-fernandina\/"]}]},{"@type":"ImageObject","inLanguage":"es","@id":"https:\/\/naturegalapagos.com\/es\/hoteles-en-galapagos\/santa-cruz-galapagos\/hotel-fernandina\/#primaryimage","url":"https:\/\/naturegalapagos.com\/es\/wp-content\/uploads\/sites\/3\/2024\/12\/Piscina-iluminada-en-el-Hotel-Fernandina.jpg","contentUrl":"https:\/\/naturegalapagos.com\/es\/wp-content\/uploads\/sites\/3\/2024\/12\/Piscina-iluminada-en-el-Hotel-Fernandina.jpg","width":1920,"height":1079,"caption":"Piscina iluminada en el Hotel Fernandina"},{"@type":"BreadcrumbList","@id":"https:\/\/naturegalapagos.com\/es\/hoteles-en-galapagos\/santa-cruz-galapagos\/hotel-fernandina\/#breadcrumb","itemListElement":[{"@type":"ListItem","position":1,"name":"Home","item":"https:\/\/naturegalapagos.com\/es\/"},{"@type":"ListItem","position":2,"name":"Tienda","item":"https:\/\/naturegalapagos.com\/es\/tienda\/"},{"@type":"ListItem","position":3,"name":"Hotel Fernandina Gal\u00e1pagos"}]},{"@type":"WebSite","@id":"https:\/\/naturegalapagos.com\/es\/#website","url":"https:\/\/naturegalapagos.com\/es\/","name":"Espa\u00f1ol - Nature Galapagos & Ecuador","description":"","publisher":{"@id":"https:\/\/naturegalapagos.com\/es\/#organization"},"potentialAction":[{"@type":"SearchAction","target":{"@type":"EntryPoint","urlTemplate":"https:\/\/naturegalapagos.com\/es\/?s={search_term_string}"},"query-input":{"@type":"PropertyValueSpecification","valueRequired":true,"valueName":"search_term_string"}}],"inLanguage":"es"},{"@type":"Organization","@id":"https:\/\/naturegalapagos.com\/es\/#organization","name":"Espa\u00f1ol - Nature Galapagos & Ecuador","url":"https:\/\/naturegalapagos.com\/es\/","logo":{"@type":"ImageObject","inLanguage":"es","@id":"https:\/\/naturegalapagos.com\/es\/#\/schema\/logo\/image\/","url":"https:\/\/naturegalapagos.com\/es\/wp-content\/uploads\/sites\/3\/2016\/10\/Nature-Galapagos-Logo-COM-300x300.jpg","contentUrl":"https:\/\/naturegalapagos.com\/es\/wp-content\/uploads\/sites\/3\/2016\/10\/Nature-Galapagos-Logo-COM-300x300.jpg","width":300,"height":300,"caption":"Espa\u00f1ol - Nature Galapagos & Ecuador"},"image":{"@id":"https:\/\/naturegalapagos.com\/es\/#\/schema\/logo\/image\/"},"sameAs":["https:\/\/www.facebook.com\/naturegalapagosecuador\/","https:\/\/x.com\/naturegalapagos","https:\/\/www.instagram.com\/naturegalapagos\/","https:\/\/www.pinterest.com\/Naturegalapagos\/","https:\/\/www.youtube.com\/user\/NatureGalapagosTours"]}]}},"_links":{"self":[{"href":"https:\/\/naturegalapagos.com\/es\/wp-json\/wp\/v2\/product\/2768","targetHints":{"allow":["GET"]}}],"collection":[{"href":"https:\/\/naturegalapagos.com\/es\/wp-json\/wp\/v2\/product"}],"about":[{"href":"https:\/\/naturegalapagos.com\/es\/wp-json\/wp\/v2\/types\/product"}],"replies":[{"embeddable":true,"href":"https:\/\/naturegalapagos.com\/es\/wp-json\/wp\/v2\/comments?post=2768"}],"wp:featuredmedia":[{"embeddable":true,"href":"https:\/\/naturegalapagos.com\/es\/wp-json\/wp\/v2\/media\/7245"}],"wp:attachment":[{"href":"https:\/\/naturegalapagos.com\/es\/wp-json\/wp\/v2\/media?parent=2768"}],"wp:term":[{"taxonomy":"product_brand","embeddable":true,"href":"https:\/\/naturegalapagos.com\/es\/wp-json\/wp\/v2\/product_brand?post=2768"},{"taxonomy":"product_cat","embeddable":true,"href":"https:\/\/naturegalapagos.com\/es\/wp-json\/wp\/v2\/product_cat?post=2768"},{"taxonomy":"product_tag","embeddable":true,"href":"https:\/\/naturegalapagos.com\/es\/wp-json\/wp\/v2\/product_tag?post=2768"}],"curies":[{"name":"wp","href":"https:\/\/api.w.org\/{rel}","templated":true}]}}