{"id":2797,"date":"2024-12-27T10:38:39","date_gmt":"2024-12-27T15:38:39","guid":{"rendered":"http:\/\/naturegalapagos.com\/es\/hoteles-en-galapagos\/santa-cruz-galapagos\/hotel-galapagos-inn"},"modified":"2024-12-27T10:40:03","modified_gmt":"2024-12-27T15:40:03","slug":"hotel-galapagos-inn","status":"publish","type":"product","link":"https:\/\/naturegalapagos.com\/es\/hoteles-en-galapagos\/santa-cruz-galapagos\/hotel-galapagos-inn\/","title":{"rendered":"Hotel Gal\u00e1pagos Inn"},"content":{"rendered":"<div class=\"wpb-content-wrapper\"><h2><span style=\"font-size: 24px; font-family: arial, helvetica, sans-serif;\"><strong>Hotel Galapagos Inn<\/strong><\/span><\/h2>\n<p><span style=\"font-family: arial, helvetica, sans-serif;\">Experimente el para\u00edso en el hotel Sea Side Inn Galapagos, un hotel moderno y encantador ubicado a solo unos pasos de Playa Man. Perfectamente ubicado en Puerto Baquerizo Moreno, nuestro hotel ofrece 10 suites espaciosas y bellamente dise\u00f1adas con impresionantes vistas al mar o a la piscina. A pocos pasos, puede explorar la pintoresca Playa Mann, el Centro de Interpretaci\u00f3n y emprender senderos hacia el Cerro Tijeretas y la Bah\u00eda Darwin.<\/span><\/p>\n<h3><span style=\"font-family: arial, helvetica, sans-serif; font-size: 20px;\">Caracter\u00edsticas y comodidades<\/span><\/h3>\n<table style=\"border-collapse: collapse; width: 100%;\">\n<tbody>\n<tr>\n<td style=\"width: 50%;\"><span style=\"font-family: arial, helvetica, sans-serif;\"><strong>Suites bellamente dise\u00f1adas.<\/strong> Todas las suites del Sea Side Inn est\u00e1n llenas de luz natural a trav\u00e9s de grandes puertas de vidrio, cuentan con ba\u00f1o privado con duchas de agua caliente, Wi-Fi (Starlink), aire acondicionado, caja fuerte y pr\u00e1cticos casilleros para guardar cosas. Las suites con vista al mar ofrecen impresionantes paisajes marinos desde su habitaci\u00f3n.<\/span><\/td>\n<td style=\"width: 50%;\"><span style=\"font-family: arial, helvetica, sans-serif;\"><strong>Impresionantes vistas desde la azotea.<\/strong> Nuestro piso superior ofrece una vista panor\u00e1mica al mar, perfecta para relajarse y disfrutar de los hermosos atardeceres de Gal\u00e1pagos.<\/span><\/td>\n<\/tr>\n<tr>\n<td style=\"width: 50%;\"><span style=\"font-family: arial, helvetica, sans-serif;\"><strong>Piscina al aire libre y zona de relax.<\/strong> En la planta baja, los hu\u00e9spedes podr\u00e1n disfrutar de nuestra piscina al aire libre, jacuzzi, amplia hamaca y c\u00f3modas tumbonas, creando un espacio perfecto para el relax.<\/span><\/td>\n<td style=\"width: 50%;\"><span style=\"font-family: arial, helvetica, sans-serif;\"><strong>Ubicaci\u00f3n privilegiada.<\/strong> El Sea Side Inn se encuentra a solo 6 minutos a pie de la Catedral de la Inmaculada Concepci\u00f3n y a 5 minutos en coche del aeropuerto de San Crist\u00f3bal. El hotel est\u00e1 cerca de atracciones locales como Playa de Oro, el Centro de Interpretaci\u00f3n y Muelle Tijeretas, lo que lo convierte en un lugar ideal para explorar.<\/span><\/td>\n<\/tr>\n<\/tbody>\n<\/table>\n<h3><span style=\"font-family: arial, helvetica, sans-serif;\">Datos Importantes<\/span><\/h3>\n<table class=\"table table-bordered tours-tabs__table\">\n<tbody>\n<tr style=\"height: 24px;\">\n<td style=\"height: 24px; width: 212px;\"><span style=\"font-family: arial, helvetica, sans-serif;\"><b>Entrada<\/b><\/span><\/td>\n<td style=\"height: 24px; width: 634px;\"><span style=\"font-family: arial, helvetica, sans-serif;\">Desde 12:00 Hasta 22:00<\/span><\/td>\n<\/tr>\n<tr style=\"height: 24px;\">\n<td style=\"height: 24px; width: 212px;\"><span style=\"font-family: arial, helvetica, sans-serif;\"><strong>Salida<\/strong><\/span><\/td>\n<td style=\"height: 24px; width: 634px;\"><span style=\"font-family: arial, helvetica, sans-serif;\">Desde 07:00 Hasta 11:00<\/span><\/td>\n<\/tr>\n<tr style=\"height: 24px;\">\n<td style=\"height: 24px; width: 212px;\"><strong><span style=\"font-family: arial, helvetica, sans-serif;\">Ni\u00f1os y camas supletorias<\/span><\/strong><\/td>\n<td style=\"height: 24px; width: 634px;\"><span style=\"font-family: arial, helvetica, sans-serif;\">Las habitaciones no est\u00e1n equipadas con cunas.<\/span><\/td>\n<\/tr>\n<tr style=\"height: 24px;\">\n<td style=\"height: 24px; width: 212px;\">\n<p class=\"important-info-extra__title\"><strong><span style=\"font-family: arial, helvetica, sans-serif;\">A tener en cuenta<\/span><\/strong><\/p>\n<\/td>\n<td style=\"height: 24px; width: 634px;\"><span style=\"font-family: arial, helvetica, sans-serif;\">Informa al Sea Side Hotel con antelaci\u00f3n de tu hora prevista de llegada. Para ello, puedes utilizar el apartado de peticiones especiales al hacer la reserva o ponerte en contacto directamente con el alojamiento. Los datos de contacto aparecen en la confirmaci\u00f3n de la reserva.<\/span>\n<p><span style=\"font-family: arial, helvetica, sans-serif;\">Es necesario realizar el pago antes de la llegada mediante transferencia bancaria. El alojamiento se pondr\u00e1 en contacto contigo despu\u00e9s de reservar para darte las instrucciones.<\/span><\/p>\n<p><span style=\"font-family: arial, helvetica, sans-serif;\">En respuesta al coronavirus (COVID-19), el alojamiento aplica medidas sanitarias y de seguridad adicionales en estos momentos.<\/span><\/p>\n<p><span style=\"font-family: arial, helvetica, sans-serif;\">Gestionado por un particular<\/span><\/p><\/td>\n<\/tr>\n<\/tbody>\n<\/table>\n<h3><span style=\"font-family: arial, helvetica, sans-serif;\">Servicios adicionales para hu\u00e9spedes<\/span><\/h3>\n<ul>\n<li><span style=\"font-family: arial, helvetica, sans-serif;\">Desayuno americano gratuito<\/span><\/li>\n<li><span style=\"font-family: arial, helvetica, sans-serif;\">Piscina al aire libre y jacuzzi<\/span><\/li>\n<li><span style=\"font-family: arial, helvetica, sans-serif;\">Mostrador de informaci\u00f3n tur\u00edstica para excursiones y experiencias locales<\/span><\/li>\n<li><span style=\"font-family: arial, helvetica, sans-serif;\">Recomendaciones de restaurantes cercanos<\/span><\/li>\n<li><span style=\"font-family: arial, helvetica, sans-serif;\">Disfrute de opciones gastron\u00f3micas locales como Mockingbird Caf\u00e9, a 5 minutos a pie.<\/span><\/li>\n<li><span style=\"font-family: arial, helvetica, sans-serif;\">Servicio de traslado al aeropuerto<\/span><\/li>\n<li><span style=\"font-family: arial, helvetica, sans-serif;\">Juegos de mesa y juguetes de piscina disponibles para familias<\/span><\/li>\n<\/ul>\n<h3><span style=\"font-family: arial, helvetica, sans-serif;\">Servicios principales en el hotel Gal\u00e1pagos INN<\/span><\/h3>\n<ul>\n<li><span style=\"font-family: arial, helvetica, sans-serif;\">Wi-Fi<\/span><\/li>\n<li><span style=\"font-family: arial, helvetica, sans-serif;\">Recepci\u00f3n 24 horas<\/span><\/li>\n<li><span style=\"font-family: arial, helvetica, sans-serif;\">Piscina al aire libre y jacuzzi<\/span><\/li>\n<li><span style=\"font-family: arial, helvetica, sans-serif;\">Acceso privado a la playa<\/span><\/li>\n<li><span style=\"font-family: arial, helvetica, sans-serif;\">Terraza y zonas ajardinadas<\/span><\/li>\n<li><span style=\"font-family: arial, helvetica, sans-serif;\">Servicios de masajes<\/span><\/li>\n<\/ul>\n<p>[vc_row][vc_column el_class=&#8221;accocruise&#8221;][vc_column_text]\n<div class=\"panel panel-default accordion__item\">\n\t<div class=\"panel-heading accordion__item__title-wrap\">\n\t\t<h4 class=\"panel-title\">\n\t\t\t<a data-toggle=\"collapse\" data-parent=\"#ataccordion0\" href=\"#ataccordion0_1\" class=\"accordion__item__link collapsed\">Solicite m\u00e1s informaci\u00f3n<\/a>\n\t\t<\/h4>\n\t<\/div>\n\t<div id=\"ataccordion0_1\" class=\"panel-collapse collapse\">\n\t\t<div class=\"panel-body accordion__item__content\">\n                <div class=\"ml-embedded\" data-form=\"GQqjk5\"><\/div>\n            \n<\/div>\n\t<\/div>\n<\/div>[\/vc_column_text][\/vc_column][\/vc_row]<\/p>\n<\/div>","protected":false},"excerpt":{"rendered":"<p>El HOTEL GALAPAGOS INN BY LA CASA DE JUDY se encuentra a tan solo 10 minutos caminando desde la ESTACI\u00d3N CHARLES DARWIN , as\u00ed como al ingreso de la playa m\u00e1s hermosa de Gal\u00e1pagos, TORTUGA BAY, tambi\u00e9n a 7 minutos caminando del hotel donde usted podra encontrar bares, restaurantes de comidas t\u00edpicas, discotecas, boutiques y todo tipo de servicios para el turista.<\/p>\n","protected":false},"featured_media":2802,"comment_status":"open","ping_status":"closed","template":"","meta":{"_joinchat":[]},"product_brand":[],"product_cat":[3599],"product_tag":[],"class_list":{"0":"post-2797","1":"product","2":"type-product","3":"status-publish","4":"has-post-thumbnail","6":"product_cat-sin-categoria","7":"tour_category-hoteles-en-santa-cruz","9":"first","10":"instock","11":"taxable","12":"shipping-taxable","13":"product-type-tour"},"yoast_head":"<!-- This site is optimized with the Yoast SEO Premium plugin v25.6 (Yoast SEO v26.1.1) - https:\/\/yoast.com\/wordpress\/plugins\/seo\/ -->\n<title>Hotel Gal\u00e1pagos Inn | Santa Cruz - Gal\u00e1pagos<\/title>\n<meta name=\"description\" content=\"Hotel Galapagos Inn ofrece alojamiento en Puerto Ayora. Todas las habitaciones del hotel disponen de aire acondicionado, TV. Para m\u00e1s informaci\u00f3n clic aqu\u00ed!\" \/>\n<meta name=\"robots\" content=\"index, follow, max-snippet:-1, max-image-preview:large, max-video-preview:-1\" \/>\n<link rel=\"canonical\" href=\"https:\/\/naturegalapagos.com\/es\/hoteles-en-galapagos\/santa-cruz-galapagos\/hotel-galapagos-inn\/\" \/>\n<meta property=\"og:locale\" content=\"es_ES\" \/>\n<meta property=\"og:type\" content=\"article\" \/>\n<meta property=\"og:title\" content=\"Hotel Gal\u00e1pagos Inn | Santa Cruz - Gal\u00e1pagos\" \/>\n<meta property=\"og:description\" content=\"Hotel Galapagos Inn ofrece alojamiento en Puerto Ayora. Todas las habitaciones del hotel disponen de aire acondicionado, TV. Para m\u00e1s informaci\u00f3n clic aqu\u00ed!\" \/>\n<meta property=\"og:url\" content=\"https:\/\/naturegalapagos.com\/es\/hoteles-en-galapagos\/santa-cruz-galapagos\/hotel-galapagos-inn\/\" \/>\n<meta property=\"og:site_name\" content=\"Espa\u00f1ol - Nature Galapagos &amp; Ecuador\" \/>\n<meta property=\"article:publisher\" content=\"https:\/\/www.facebook.com\/naturegalapagosecuador\/\" \/>\n<meta property=\"article:modified_time\" content=\"2024-12-27T15:40:03+00:00\" \/>\n<meta property=\"og:image\" content=\"https:\/\/naturegalapagos.com\/es\/wp-content\/uploads\/sites\/3\/2016\/08\/hotel-galapagos-inn-gps.jpg\" \/>\n\t<meta property=\"og:image:width\" content=\"1024\" \/>\n\t<meta property=\"og:image:height\" content=\"512\" \/>\n\t<meta property=\"og:image:type\" content=\"image\/jpeg\" \/>\n<meta name=\"twitter:card\" content=\"summary_large_image\" \/>\n<meta name=\"twitter:title\" content=\"Hotel Gal\u00e1pagos Inn | Santa Cruz - Gal\u00e1pagos\" \/>\n<meta name=\"twitter:description\" content=\"Hotel Galapagos Inn ofrece alojamiento en Puerto Ayora. Todas las habitaciones del hotel disponen de aire acondicionado, TV. Para m\u00e1s informaci\u00f3n clic aqu\u00ed!\" \/>\n<meta name=\"twitter:site\" content=\"@naturegalapagos\" \/>\n<meta name=\"twitter:label1\" content=\"Tiempo de lectura\" \/>\n\t<meta name=\"twitter:data1\" content=\"3 minutos\" \/>\n<!-- \/ Yoast SEO Premium plugin. -->","yoast_head_json":{"title":"Hotel Gal\u00e1pagos Inn | Santa Cruz - Gal\u00e1pagos","description":"Hotel Galapagos Inn ofrece alojamiento en Puerto Ayora. Todas las habitaciones del hotel disponen de aire acondicionado, TV. Para m\u00e1s informaci\u00f3n clic aqu\u00ed!","robots":{"index":"index","follow":"follow","max-snippet":"max-snippet:-1","max-image-preview":"max-image-preview:large","max-video-preview":"max-video-preview:-1"},"canonical":"https:\/\/naturegalapagos.com\/es\/hoteles-en-galapagos\/santa-cruz-galapagos\/hotel-galapagos-inn\/","og_locale":"es_ES","og_type":"article","og_title":"Hotel Gal\u00e1pagos Inn | Santa Cruz - Gal\u00e1pagos","og_description":"Hotel Galapagos Inn ofrece alojamiento en Puerto Ayora. Todas las habitaciones del hotel disponen de aire acondicionado, TV. Para m\u00e1s informaci\u00f3n clic aqu\u00ed!","og_url":"https:\/\/naturegalapagos.com\/es\/hoteles-en-galapagos\/santa-cruz-galapagos\/hotel-galapagos-inn\/","og_site_name":"Espa\u00f1ol - Nature Galapagos &amp; Ecuador","article_publisher":"https:\/\/www.facebook.com\/naturegalapagosecuador\/","article_modified_time":"2024-12-27T15:40:03+00:00","og_image":[{"width":1024,"height":512,"url":"https:\/\/naturegalapagos.com\/es\/wp-content\/uploads\/sites\/3\/2016\/08\/hotel-galapagos-inn-gps.jpg","type":"image\/jpeg"}],"twitter_card":"summary_large_image","twitter_title":"Hotel Gal\u00e1pagos Inn | Santa Cruz - Gal\u00e1pagos","twitter_description":"Hotel Galapagos Inn ofrece alojamiento en Puerto Ayora. Todas las habitaciones del hotel disponen de aire acondicionado, TV. Para m\u00e1s informaci\u00f3n clic aqu\u00ed!","twitter_site":"@naturegalapagos","twitter_misc":{"Tiempo de lectura":"3 minutos"},"schema":{"@context":"https:\/\/schema.org","@graph":[{"@type":"WebPage","@id":"https:\/\/naturegalapagos.com\/es\/hoteles-en-galapagos\/santa-cruz-galapagos\/hotel-galapagos-inn\/","url":"https:\/\/naturegalapagos.com\/es\/hoteles-en-galapagos\/santa-cruz-galapagos\/hotel-galapagos-inn\/","name":"Hotel Gal\u00e1pagos Inn | Santa Cruz - Gal\u00e1pagos","isPartOf":{"@id":"https:\/\/naturegalapagos.com\/es\/#website"},"primaryImageOfPage":{"@id":"https:\/\/naturegalapagos.com\/es\/hoteles-en-galapagos\/santa-cruz-galapagos\/hotel-galapagos-inn\/#primaryimage"},"image":{"@id":"https:\/\/naturegalapagos.com\/es\/hoteles-en-galapagos\/santa-cruz-galapagos\/hotel-galapagos-inn\/#primaryimage"},"thumbnailUrl":"https:\/\/naturegalapagos.com\/es\/wp-content\/uploads\/sites\/3\/2016\/08\/hotel-galapagos-inn-gps.jpg","datePublished":"2024-12-27T15:38:39+00:00","dateModified":"2024-12-27T15:40:03+00:00","description":"Hotel Galapagos Inn ofrece alojamiento en Puerto Ayora. Todas las habitaciones del hotel disponen de aire acondicionado, TV. Para m\u00e1s informaci\u00f3n clic aqu\u00ed!","breadcrumb":{"@id":"https:\/\/naturegalapagos.com\/es\/hoteles-en-galapagos\/santa-cruz-galapagos\/hotel-galapagos-inn\/#breadcrumb"},"inLanguage":"es","potentialAction":[{"@type":"ReadAction","target":["https:\/\/naturegalapagos.com\/es\/hoteles-en-galapagos\/santa-cruz-galapagos\/hotel-galapagos-inn\/"]}]},{"@type":"ImageObject","inLanguage":"es","@id":"https:\/\/naturegalapagos.com\/es\/hoteles-en-galapagos\/santa-cruz-galapagos\/hotel-galapagos-inn\/#primaryimage","url":"https:\/\/naturegalapagos.com\/es\/wp-content\/uploads\/sites\/3\/2016\/08\/hotel-galapagos-inn-gps.jpg","contentUrl":"https:\/\/naturegalapagos.com\/es\/wp-content\/uploads\/sites\/3\/2016\/08\/hotel-galapagos-inn-gps.jpg","width":1024,"height":512,"caption":"Hotel Galapagos Inn Gps"},{"@type":"BreadcrumbList","@id":"https:\/\/naturegalapagos.com\/es\/hoteles-en-galapagos\/santa-cruz-galapagos\/hotel-galapagos-inn\/#breadcrumb","itemListElement":[{"@type":"ListItem","position":1,"name":"Home","item":"https:\/\/naturegalapagos.com\/es\/"},{"@type":"ListItem","position":2,"name":"Tienda","item":"https:\/\/naturegalapagos.com\/es\/tienda\/"},{"@type":"ListItem","position":3,"name":"Hotel Gal\u00e1pagos Inn"}]},{"@type":"WebSite","@id":"https:\/\/naturegalapagos.com\/es\/#website","url":"https:\/\/naturegalapagos.com\/es\/","name":"Espa\u00f1ol - Nature Galapagos & Ecuador","description":"","publisher":{"@id":"https:\/\/naturegalapagos.com\/es\/#organization"},"potentialAction":[{"@type":"SearchAction","target":{"@type":"EntryPoint","urlTemplate":"https:\/\/naturegalapagos.com\/es\/?s={search_term_string}"},"query-input":{"@type":"PropertyValueSpecification","valueRequired":true,"valueName":"search_term_string"}}],"inLanguage":"es"},{"@type":"Organization","@id":"https:\/\/naturegalapagos.com\/es\/#organization","name":"Espa\u00f1ol - Nature Galapagos & Ecuador","url":"https:\/\/naturegalapagos.com\/es\/","logo":{"@type":"ImageObject","inLanguage":"es","@id":"https:\/\/naturegalapagos.com\/es\/#\/schema\/logo\/image\/","url":"https:\/\/naturegalapagos.com\/es\/wp-content\/uploads\/sites\/3\/2016\/10\/Nature-Galapagos-Logo-COM-300x300.jpg","contentUrl":"https:\/\/naturegalapagos.com\/es\/wp-content\/uploads\/sites\/3\/2016\/10\/Nature-Galapagos-Logo-COM-300x300.jpg","width":300,"height":300,"caption":"Espa\u00f1ol - Nature Galapagos & Ecuador"},"image":{"@id":"https:\/\/naturegalapagos.com\/es\/#\/schema\/logo\/image\/"},"sameAs":["https:\/\/www.facebook.com\/naturegalapagosecuador\/","https:\/\/x.com\/naturegalapagos","https:\/\/www.instagram.com\/naturegalapagos\/","https:\/\/www.pinterest.com\/Naturegalapagos\/","https:\/\/www.youtube.com\/user\/NatureGalapagosTours"]}]}},"_links":{"self":[{"href":"https:\/\/naturegalapagos.com\/es\/wp-json\/wp\/v2\/product\/2797","targetHints":{"allow":["GET"]}}],"collection":[{"href":"https:\/\/naturegalapagos.com\/es\/wp-json\/wp\/v2\/product"}],"about":[{"href":"https:\/\/naturegalapagos.com\/es\/wp-json\/wp\/v2\/types\/product"}],"replies":[{"embeddable":true,"href":"https:\/\/naturegalapagos.com\/es\/wp-json\/wp\/v2\/comments?post=2797"}],"wp:featuredmedia":[{"embeddable":true,"href":"https:\/\/naturegalapagos.com\/es\/wp-json\/wp\/v2\/media\/2802"}],"wp:attachment":[{"href":"https:\/\/naturegalapagos.com\/es\/wp-json\/wp\/v2\/media?parent=2797"}],"wp:term":[{"taxonomy":"product_brand","embeddable":true,"href":"https:\/\/naturegalapagos.com\/es\/wp-json\/wp\/v2\/product_brand?post=2797"},{"taxonomy":"product_cat","embeddable":true,"href":"https:\/\/naturegalapagos.com\/es\/wp-json\/wp\/v2\/product_cat?post=2797"},{"taxonomy":"product_tag","embeddable":true,"href":"https:\/\/naturegalapagos.com\/es\/wp-json\/wp\/v2\/product_tag?post=2797"}],"curies":[{"name":"wp","href":"https:\/\/api.w.org\/{rel}","templated":true}]}}