{"id":2826,"date":"2024-12-27T12:05:13","date_gmt":"2024-12-27T17:05:13","guid":{"rendered":"http:\/\/naturegalapagos.com\/es\/hoteles-en-galapagos\/santa-cruz-galapagos\/red-mangrove\/"},"modified":"2024-12-27T12:07:08","modified_gmt":"2024-12-27T17:07:08","slug":"red-mangrove-aventura-lodge","status":"publish","type":"product","link":"https:\/\/naturegalapagos.com\/es\/hoteles-en-galapagos\/santa-cruz-galapagos\/red-mangrove\/","title":{"rendered":"Red Magrove: Aventura Lodge"},"content":{"rendered":"<div class=\"wpb-content-wrapper\"><h2><span style=\"font-size: 18pt; font-family: arial, helvetica, sans-serif;\"><strong>Red Mangrove: Aventura Lodge<\/strong><\/span><\/h2>\n<p><span style=\"font-family: arial, helvetica, sans-serif;\">Descubra Red Mangrove Aventura Lodge, un lujoso hotel sostenible de 5 estrellas frente al mar ubicado en Puerto Ayora. Este refugio ecol\u00f3gico combina comodidades modernas con un profundo compromiso con la naturaleza, ofreciendo una experiencia \u00fanica e inolvidable para cada viajero.<\/span><\/p>\n<p><span style=\"font-family: arial, helvetica, sans-serif;\">Ubicado a poca distancia de Playa La Estaci\u00f3n y del Mercado de Pescado de Santa Cruz, el albergue es la base perfecta para explorar las Islas Gal\u00e1pagos mientras disfruta de un servicio y una comodidad de primer nivel.<\/span><\/p>\n<h3><span style=\"font-family: arial, helvetica, sans-serif;\">Caracter\u00edsticas y comodidades<\/span><\/h3>\n<h4><span style=\"font-family: arial, helvetica, sans-serif;\">Alojamiento:<\/span><\/h4>\n<ul>\n<li><span style=\"font-family: arial, helvetica, sans-serif;\">Habitaciones amplias con balcones o patios privados.<\/span><\/li>\n<li><span style=\"font-family: arial, helvetica, sans-serif;\">Decoraci\u00f3n elegante y ropa de cama de primera calidad para una relajaci\u00f3n total.<\/span><\/li>\n<li><span style=\"font-family: arial, helvetica, sans-serif;\">Ba\u00f1os modernos equipados con art\u00edculos de tocador gratuitos, secador de cabello y albornoces de felpa.<\/span><\/li>\n<\/ul>\n<p>&nbsp;<\/p>\n<h4><span style=\"font-family: arial, helvetica, sans-serif;\">Opciones para comer:<\/span><\/h4>\n<ul>\n<li><span style=\"font-family: arial, helvetica, sans-serif;\">Restaurante Cuarto de Lobos: sirve cocina fusi\u00f3n con vistas al jard\u00edn.<\/span><\/li>\n<li><span style=\"font-family: arial, helvetica, sans-serif;\">Bar sal\u00f3n que ofrece una variedad de bebidas en un ambiente relajado.<\/span><\/li>\n<li><span style=\"font-family: arial, helvetica, sans-serif;\">Disponibilidad de men\u00fas diet\u00e9ticos especiales y almuerzos para llevar.<\/span><\/li>\n<\/ul>\n<h4><span style=\"font-family: arial, helvetica, sans-serif;\">Actividades y recreaci\u00f3n:<\/span><\/h4>\n<ul>\n<li><span style=\"font-family: arial, helvetica, sans-serif;\">Snorkel, buceo y caminatas guiadas para explorar los ecosistemas \u00fanicos de las Gal\u00e1pagos.<\/span><\/li>\n<li><span style=\"font-family: arial, helvetica, sans-serif;\">Clases de yoga en el lugar para relajarse y rejuvenecer.<\/span><\/li>\n<li><span style=\"font-family: arial, helvetica, sans-serif;\">Servicios de masajes, incluidos masajes de cuerpo completo y espalda, para una relajaci\u00f3n total.<\/span><\/li>\n<\/ul>\n<h4><span style=\"font-family: arial, helvetica, sans-serif;\">Para familias:<\/span><\/h4>\n<ul>\n<li><span style=\"font-family: arial, helvetica, sans-serif;\">Men\u00fas especiales para ni\u00f1os y cunas disponibles.<\/span><\/li>\n<\/ul>\n<h4><span style=\"font-family: arial, helvetica, sans-serif;\">Para viajeros de negocios:<\/span><\/h4>\n<ul>\n<li><span style=\"font-family: arial, helvetica, sans-serif;\">Servicios de negocios como fax y fotocopias.<\/span><\/li>\n<\/ul>\n<h4><span style=\"font-family: arial, helvetica, sans-serif;\">Conveniencia y accesibilidad:<\/span><\/h4>\n<ul>\n<li><span style=\"font-family: arial, helvetica, sans-serif;\">Servicio de traslado al aeropuerto (costo adicional).<\/span><\/li>\n<li><span style=\"font-family: arial, helvetica, sans-serif;\">Habitaciones e instalaciones accesibles para sillas de ruedas.<\/span><\/li>\n<li><span style=\"font-family: arial, helvetica, sans-serif;\">Conserjer\u00eda y seguridad las 24 horas.<\/span><\/li>\n<\/ul>\n<h4><span style=\"font-family: arial, helvetica, sans-serif;\">Atracciones cercanas<\/span><\/h4>\n<ul>\n<li><span style=\"font-family: arial, helvetica, sans-serif;\">Playa de los Alemanes: 1,1 km<\/span><\/li>\n<li><span style=\"font-family: arial, helvetica, sans-serif;\">Playa La Estaci\u00f3n: 510 m<\/span><\/li>\n<li><span style=\"font-family: arial, helvetica, sans-serif;\">Las Grietas: 1,1 km<\/span><\/li>\n<li><span style=\"font-family: arial, helvetica, sans-serif;\">Mercado de pescado de Santa Cruz: 410 m<\/span><\/li>\n<li><span style=\"font-family: arial, helvetica, sans-serif;\">Tortuga Bay: 3 km<\/span><\/li>\n<\/ul>\n<h4><span style=\"font-family: arial, helvetica, sans-serif;\">Informaci\u00f3n importante sobre Red Mangrove Aventura Lodge<\/span><\/h4>\n<ul>\n<li><span style=\"font-family: arial, helvetica, sans-serif;\">Horas de entrada: 13:00 a 22:30<\/span><\/li>\n<li><span style=\"font-family: arial, helvetica, sans-serif;\">Horas de salida: 06:00 a 10:00<\/span><\/li>\n<li><span style=\"font-family: arial, helvetica, sans-serif;\">Medidas de seguridad adicionales en vigor debido al COVID-19.<\/span><\/li>\n<li><span style=\"font-family: arial, helvetica, sans-serif;\">Los hu\u00e9spedes deben llevar mascarilla en las zonas comunes interiores.<\/span><\/li>\n<\/ul>\n<p><span style=\"font-family: arial, helvetica, sans-serif;\">Explore la belleza natural de las Islas Gal\u00e1pagos con comodidad y lujo en Red Mangrove Adventure Lodge. \u00a1Reserve su estancia hoy!<\/span><\/p>\n<p>&nbsp;<\/p>\n<p>[vc_row][vc_column el_class=&#8221;accocruise&#8221;][vc_column_text]\n<div class=\"panel panel-default accordion__item\">\n\t<div class=\"panel-heading accordion__item__title-wrap\">\n\t\t<h4 class=\"panel-title\">\n\t\t\t<a data-toggle=\"collapse\" data-parent=\"#ataccordion0\" href=\"#ataccordion0_1\" class=\"accordion__item__link collapsed\">Solicite m\u00e1s informaci\u00f3n<\/a>\n\t\t<\/h4>\n\t<\/div>\n\t<div id=\"ataccordion0_1\" class=\"panel-collapse collapse\">\n\t\t<div class=\"panel-body accordion__item__content\">\n                <div class=\"ml-embedded\" data-form=\"DvMijf\"><\/div>\n            \n<\/div>\n\t<\/div>\n<\/div>[\/vc_column_text][\/vc_column][\/vc_row]<\/p>\n<\/div>","protected":false},"excerpt":{"rendered":"<p>Red Mangrove: Aventura Lodge Descubra Red Mangrove Aventura Lodge, un lujoso hotel sostenible de 5 estrellas frente al mar ubicado en Puerto Ayora. Este refugio ecol\u00f3gico combina comodidades modernas con un profundo compromiso con la naturaleza, ofreciendo una experiencia \u00fanica e inolvidable para cada viajero. Ubicado a poca distancia de Playa La Estaci\u00f3n y del<\/p>\n<div class=\"padding-top text-center\"><a href=\"https:\/\/naturegalapagos.com\/es\/hoteles-en-galapagos\/santa-cruz-galapagos\/red-mangrove\/\" class=\"atbtn atbtn--medium atbtn--rounded atbtn--transparent\">Leer m\u00e1s<i class=\"atbtn__icon atbtn__icon--right fa fa-long-arrow-right\"><\/i><\/a><\/div>\n","protected":false},"featured_media":7282,"comment_status":"open","ping_status":"closed","template":"","meta":{"_joinchat":[]},"product_brand":[],"product_cat":[3599],"product_tag":[],"class_list":{"0":"post-2826","1":"product","2":"type-product","3":"status-publish","4":"has-post-thumbnail","6":"product_cat-sin-categoria","7":"tour_category-hoteles-en-santa-cruz","9":"first","10":"instock","11":"taxable","12":"shipping-taxable","13":"product-type-tour"},"yoast_head":"<!-- This site is optimized with the Yoast SEO Premium plugin v25.6 (Yoast SEO v26.1.1) - https:\/\/yoast.com\/wordpress\/plugins\/seo\/ -->\n<title>Red Mangrove Aventura Lodge | Santa Cruz - Gal\u00e1pagos<\/title>\n<meta name=\"description\" content=\"El Red Mangrove: Aventura Lodge se encuentra en Puerto Ayora, la ciudad m\u00e1s grande de las islas Gal\u00e1pagos. Para m\u00e1s informaci\u00f3n clic aqu\u00ed! &quot;NG&amp;E&quot;\" \/>\n<meta name=\"robots\" content=\"index, follow, max-snippet:-1, max-image-preview:large, max-video-preview:-1\" \/>\n<link rel=\"canonical\" href=\"https:\/\/naturegalapagos.com\/es\/hoteles-en-galapagos\/santa-cruz-galapagos\/red-mangrove\/\" \/>\n<meta property=\"og:locale\" content=\"es_ES\" \/>\n<meta property=\"og:type\" content=\"article\" \/>\n<meta property=\"og:title\" content=\"Red Magrove: Aventura Lodge | Santa Cruz - Gal\u00e1pagos\" \/>\n<meta property=\"og:description\" content=\"El Red Mangrove: Aventura Lodge se encuentra en Puerto Ayora, la ciudad m\u00e1s grande de las islas Gal\u00e1pagos. Para m\u00e1s informaci\u00f3n clic aqu\u00ed! &quot;NG&amp;E&quot;\" \/>\n<meta property=\"og:url\" content=\"https:\/\/naturegalapagos.com\/es\/hoteles-en-galapagos\/santa-cruz-galapagos\/red-mangrove\/\" \/>\n<meta property=\"og:site_name\" content=\"Espa\u00f1ol - Nature Galapagos &amp; Ecuador\" \/>\n<meta property=\"article:publisher\" content=\"https:\/\/www.facebook.com\/naturegalapagosecuador\/\" \/>\n<meta property=\"article:modified_time\" content=\"2024-12-27T17:07:08+00:00\" \/>\n<meta property=\"og:image\" content=\"https:\/\/naturegalapagos.com\/es\/wp-content\/uploads\/sites\/3\/2016\/08\/red-mangrove-aventura-lodge.jpg\" \/>\n\t<meta property=\"og:image:width\" content=\"1024\" \/>\n\t<meta property=\"og:image:height\" content=\"512\" \/>\n\t<meta property=\"og:image:type\" content=\"image\/jpeg\" \/>\n<meta name=\"twitter:card\" content=\"summary_large_image\" \/>\n<meta name=\"twitter:title\" content=\"Red Magrove: Aventura Lodge | Santa Cruz - Gal\u00e1pagos\" \/>\n<meta name=\"twitter:description\" content=\"El Red Mangrove: Aventura Lodge se encuentra en Puerto Ayora, la ciudad m\u00e1s grande de las islas Gal\u00e1pagos. Para m\u00e1s informaci\u00f3n clic aqu\u00ed! &quot;NG&amp;E&quot;\" \/>\n<meta name=\"twitter:site\" content=\"@naturegalapagos\" \/>\n<meta name=\"twitter:label1\" content=\"Tiempo de lectura\" \/>\n\t<meta name=\"twitter:data1\" content=\"2 minutos\" \/>\n<!-- \/ Yoast SEO Premium plugin. -->","yoast_head_json":{"title":"Red Mangrove Aventura Lodge | Santa Cruz - Gal\u00e1pagos","description":"El Red Mangrove: Aventura Lodge se encuentra en Puerto Ayora, la ciudad m\u00e1s grande de las islas Gal\u00e1pagos. Para m\u00e1s informaci\u00f3n clic aqu\u00ed! \"NG&E\"","robots":{"index":"index","follow":"follow","max-snippet":"max-snippet:-1","max-image-preview":"max-image-preview:large","max-video-preview":"max-video-preview:-1"},"canonical":"https:\/\/naturegalapagos.com\/es\/hoteles-en-galapagos\/santa-cruz-galapagos\/red-mangrove\/","og_locale":"es_ES","og_type":"article","og_title":"Red Magrove: Aventura Lodge | Santa Cruz - Gal\u00e1pagos","og_description":"El Red Mangrove: Aventura Lodge se encuentra en Puerto Ayora, la ciudad m\u00e1s grande de las islas Gal\u00e1pagos. Para m\u00e1s informaci\u00f3n clic aqu\u00ed! \"NG&E\"","og_url":"https:\/\/naturegalapagos.com\/es\/hoteles-en-galapagos\/santa-cruz-galapagos\/red-mangrove\/","og_site_name":"Espa\u00f1ol - Nature Galapagos &amp; Ecuador","article_publisher":"https:\/\/www.facebook.com\/naturegalapagosecuador\/","article_modified_time":"2024-12-27T17:07:08+00:00","og_image":[{"width":1024,"height":512,"url":"https:\/\/naturegalapagos.com\/es\/wp-content\/uploads\/sites\/3\/2016\/08\/red-mangrove-aventura-lodge.jpg","type":"image\/jpeg"}],"twitter_card":"summary_large_image","twitter_title":"Red Magrove: Aventura Lodge | Santa Cruz - Gal\u00e1pagos","twitter_description":"El Red Mangrove: Aventura Lodge se encuentra en Puerto Ayora, la ciudad m\u00e1s grande de las islas Gal\u00e1pagos. Para m\u00e1s informaci\u00f3n clic aqu\u00ed! \"NG&E\"","twitter_site":"@naturegalapagos","twitter_misc":{"Tiempo de lectura":"2 minutos"},"schema":{"@context":"https:\/\/schema.org","@graph":[{"@type":"WebPage","@id":"https:\/\/naturegalapagos.com\/es\/hoteles-en-galapagos\/santa-cruz-galapagos\/red-mangrove\/","url":"https:\/\/naturegalapagos.com\/es\/hoteles-en-galapagos\/santa-cruz-galapagos\/red-mangrove\/","name":"Red Mangrove Aventura Lodge | Santa Cruz - Gal\u00e1pagos","isPartOf":{"@id":"https:\/\/naturegalapagos.com\/es\/#website"},"primaryImageOfPage":{"@id":"https:\/\/naturegalapagos.com\/es\/hoteles-en-galapagos\/santa-cruz-galapagos\/red-mangrove\/#primaryimage"},"image":{"@id":"https:\/\/naturegalapagos.com\/es\/hoteles-en-galapagos\/santa-cruz-galapagos\/red-mangrove\/#primaryimage"},"thumbnailUrl":"https:\/\/naturegalapagos.com\/es\/wp-content\/uploads\/sites\/3\/2024\/12\/Area-de-bano-con-vista-al-mar-en-el-Red-Mangrove-Adventure-Lodge.webp","datePublished":"2024-12-27T17:05:13+00:00","dateModified":"2024-12-27T17:07:08+00:00","description":"El Red Mangrove: Aventura Lodge se encuentra en Puerto Ayora, la ciudad m\u00e1s grande de las islas Gal\u00e1pagos. Para m\u00e1s informaci\u00f3n clic aqu\u00ed! \"NG&E\"","breadcrumb":{"@id":"https:\/\/naturegalapagos.com\/es\/hoteles-en-galapagos\/santa-cruz-galapagos\/red-mangrove\/#breadcrumb"},"inLanguage":"es","potentialAction":[{"@type":"ReadAction","target":["https:\/\/naturegalapagos.com\/es\/hoteles-en-galapagos\/santa-cruz-galapagos\/red-mangrove\/"]}]},{"@type":"ImageObject","inLanguage":"es","@id":"https:\/\/naturegalapagos.com\/es\/hoteles-en-galapagos\/santa-cruz-galapagos\/red-mangrove\/#primaryimage","url":"https:\/\/naturegalapagos.com\/es\/wp-content\/uploads\/sites\/3\/2024\/12\/Area-de-bano-con-vista-al-mar-en-el-Red-Mangrove-Adventure-Lodge.webp","contentUrl":"https:\/\/naturegalapagos.com\/es\/wp-content\/uploads\/sites\/3\/2024\/12\/Area-de-bano-con-vista-al-mar-en-el-Red-Mangrove-Adventure-Lodge.webp","width":700,"height":500,"caption":"\u00c1rea de ba\u00f1o con vista al mar en el Red Mangrove Adventure Lodge"},{"@type":"BreadcrumbList","@id":"https:\/\/naturegalapagos.com\/es\/hoteles-en-galapagos\/santa-cruz-galapagos\/red-mangrove\/#breadcrumb","itemListElement":[{"@type":"ListItem","position":1,"name":"Home","item":"https:\/\/naturegalapagos.com\/es\/"},{"@type":"ListItem","position":2,"name":"Tienda","item":"https:\/\/naturegalapagos.com\/es\/tienda\/"},{"@type":"ListItem","position":3,"name":"Red Magrove: Aventura Lodge"}]},{"@type":"WebSite","@id":"https:\/\/naturegalapagos.com\/es\/#website","url":"https:\/\/naturegalapagos.com\/es\/","name":"Espa\u00f1ol - Nature Galapagos & Ecuador","description":"","publisher":{"@id":"https:\/\/naturegalapagos.com\/es\/#organization"},"potentialAction":[{"@type":"SearchAction","target":{"@type":"EntryPoint","urlTemplate":"https:\/\/naturegalapagos.com\/es\/?s={search_term_string}"},"query-input":{"@type":"PropertyValueSpecification","valueRequired":true,"valueName":"search_term_string"}}],"inLanguage":"es"},{"@type":"Organization","@id":"https:\/\/naturegalapagos.com\/es\/#organization","name":"Espa\u00f1ol - Nature Galapagos & Ecuador","url":"https:\/\/naturegalapagos.com\/es\/","logo":{"@type":"ImageObject","inLanguage":"es","@id":"https:\/\/naturegalapagos.com\/es\/#\/schema\/logo\/image\/","url":"https:\/\/naturegalapagos.com\/es\/wp-content\/uploads\/sites\/3\/2016\/10\/Nature-Galapagos-Logo-COM-300x300.jpg","contentUrl":"https:\/\/naturegalapagos.com\/es\/wp-content\/uploads\/sites\/3\/2016\/10\/Nature-Galapagos-Logo-COM-300x300.jpg","width":300,"height":300,"caption":"Espa\u00f1ol - Nature Galapagos & Ecuador"},"image":{"@id":"https:\/\/naturegalapagos.com\/es\/#\/schema\/logo\/image\/"},"sameAs":["https:\/\/www.facebook.com\/naturegalapagosecuador\/","https:\/\/x.com\/naturegalapagos","https:\/\/www.instagram.com\/naturegalapagos\/","https:\/\/www.pinterest.com\/Naturegalapagos\/","https:\/\/www.youtube.com\/user\/NatureGalapagosTours"]}]}},"_links":{"self":[{"href":"https:\/\/naturegalapagos.com\/es\/wp-json\/wp\/v2\/product\/2826","targetHints":{"allow":["GET"]}}],"collection":[{"href":"https:\/\/naturegalapagos.com\/es\/wp-json\/wp\/v2\/product"}],"about":[{"href":"https:\/\/naturegalapagos.com\/es\/wp-json\/wp\/v2\/types\/product"}],"replies":[{"embeddable":true,"href":"https:\/\/naturegalapagos.com\/es\/wp-json\/wp\/v2\/comments?post=2826"}],"wp:featuredmedia":[{"embeddable":true,"href":"https:\/\/naturegalapagos.com\/es\/wp-json\/wp\/v2\/media\/7282"}],"wp:attachment":[{"href":"https:\/\/naturegalapagos.com\/es\/wp-json\/wp\/v2\/media?parent=2826"}],"wp:term":[{"taxonomy":"product_brand","embeddable":true,"href":"https:\/\/naturegalapagos.com\/es\/wp-json\/wp\/v2\/product_brand?post=2826"},{"taxonomy":"product_cat","embeddable":true,"href":"https:\/\/naturegalapagos.com\/es\/wp-json\/wp\/v2\/product_cat?post=2826"},{"taxonomy":"product_tag","embeddable":true,"href":"https:\/\/naturegalapagos.com\/es\/wp-json\/wp\/v2\/product_tag?post=2826"}],"curies":[{"name":"wp","href":"https:\/\/api.w.org\/{rel}","templated":true}]}}