{"id":2851,"date":"2025-01-03T11:15:50","date_gmt":"2025-01-03T16:15:50","guid":{"rendered":"http:\/\/naturegalapagos.com\/es\/hoteles-en-galapagos\/santa-cruz-galapagos\/hotel-galapagos-suites\/"},"modified":"2026-03-03T16:18:08","modified_gmt":"2026-03-03T21:18:08","slug":"hotel-galapagos-suites","status":"publish","type":"product","link":"https:\/\/naturegalapagos.com\/es\/hoteles-en-galapagos\/santa-cruz-galapagos\/hotel-galapagos-suites\/","title":{"rendered":"Hotel Gal\u00e1pagos Suites"},"content":{"rendered":"<div class=\"wpb-content-wrapper\"><h2><span style=\"font-family: arial, helvetica, sans-serif;\">Hotel Gal\u00e1pagos Suites<\/span><\/h2>\n<p><span style=\"font-family: arial, helvetica, sans-serif;\">Ubicado en las encantadoras Islas Gal\u00e1pagos, <strong>Hotel Gal\u00e1pagos Suites<\/strong> ofrece un oasis de comodidad y tranquilidad. Administrado directamente por sus propietarios, nuestro hotel es reconocido por su excepcional hospitalidad y su dedicaci\u00f3n a hacer que la estad\u00eda de cada hu\u00e9sped sea inolvidable. Con espacios cuidadosamente dise\u00f1ados y una limpieza impecable, nos esforzamos por superar las expectativas y crear recuerdos que duren toda la vida.<\/span><\/p>\n<h3><span style=\"font-family: arial, helvetica, sans-serif;\">Caracter\u00edsticas y comodidades<\/span><\/h3>\n<p><span style=\"font-family: arial, helvetica, sans-serif;\">Como una comodidad adicional, nuestro servicio de recogida gratuito garantiza una experiencia de llegada sin problemas. Cuando reserva directamente en nuestro sitio web por dos noches o m\u00e1s, puede disfrutar de un servicio de recogida gratuito desde el Canal de Itabaca hasta el hotel, lo que hace que su viaje al para\u00edso sea sencillo.<\/span><\/p>\n<p><span style=\"font-family: arial, helvetica, sans-serif;\">Adem\u00e1s de priorizar su comodidad, estamos profundamente comprometidos con la sostenibilidad. A trav\u00e9s de nuestras pr\u00e1cticas ecol\u00f3gicas, incorporamos reciclaje, productos biodegradables e iniciativas de ahorro de energ\u00eda para contribuir activamente a la protecci\u00f3n del entorno pr\u00edstino de las Gal\u00e1pagos.<\/span><\/p>\n<h4><span style=\"font-family: arial, helvetica, sans-serif;\">Habitaciones c\u00f3modas y bien equipadas:<\/span><\/h4>\n<ul>\n<li><span style=\"font-family: arial, helvetica, sans-serif;\">Aire acondicionado<\/span><\/li>\n<li><span style=\"font-family: arial, helvetica, sans-serif;\">WiFi Starlink para una conectividad perfecta<\/span><\/li>\n<li><span style=\"font-family: arial, helvetica, sans-serif;\">Calefacci\u00f3n de agua con energ\u00eda solar<\/span><\/li>\n<li><span style=\"font-family: arial, helvetica, sans-serif;\">Habitaciones amplias con hamacas para relajarse<\/span><\/li>\n<\/ul>\n<h4><span style=\"font-family: arial, helvetica, sans-serif;\">Comodidades adicionales:<\/span><\/h4>\n<ul>\n<li><span style=\"font-family: arial, helvetica, sans-serif;\">Desayuno de cortes\u00eda<\/span><\/li>\n<li><span style=\"font-family: arial, helvetica, sans-serif;\">Toallas de playa y una bolsa de playa para sus aventuras en la isla<\/span><\/li>\n<li><span style=\"font-family: arial, helvetica, sans-serif;\">Servicio de lavander\u00eda<\/span><\/li>\n<li><span style=\"font-family: arial, helvetica, sans-serif;\">Caja de seguridad para objetos de valor<\/span><\/li>\n<li><span style=\"font-family: arial, helvetica, sans-serif;\">Televisi\u00f3n por cable para entretenimiento<\/span><\/li>\n<li><span style=\"font-family: arial, helvetica, sans-serif;\">Mapa del lugar con recomendaciones de actividades<\/span><\/li>\n<\/ul>\n<table>\n<tbody>\n<tr style=\"height: 24px; background-color: #009e5d;\">\n<td style=\"text-align: center; height: 24px;\" colspan=\"2\"><span style=\"font-family: arial, helvetica, sans-serif; color: #ffffff;\"><strong>Gal\u00e1pagos Suites<\/strong><\/span><\/td>\n<\/tr>\n<tr style=\"height: 58px;\">\n<td style=\"height: 58px;\"><span style=\"font-family: arial, helvetica, sans-serif;\"><strong>Tipos de cuarto:\u00a0<\/strong><\/span><\/td>\n<td style=\"height: 58px;\"><span style=\"font-family: arial, helvetica, sans-serif;\">Habitaci\u00f3n Individual, Habitaci\u00f3n Doble o Twin, Habitaci\u00f3n Triple, Habitaci\u00f3n Triple o Doble<\/span><\/td>\n<\/tr>\n<tr style=\"height: 24px;\">\n<td style=\"height: 24px;\"><span style=\"font-family: arial, helvetica, sans-serif;\"><strong>Individual:<\/strong><\/span><\/td>\n<td style=\"height: 24px;\"><span style=\"font-family: arial, helvetica, sans-serif;\">Amueblado con cama queen<\/span><\/td>\n<\/tr>\n<tr style=\"height: 48px;\">\n<td style=\"height: 48px;\"><span style=\"font-family: arial, helvetica, sans-serif;\"><strong>Habitaci\u00f3n Doble o Twin:\u00a0<\/strong><\/span><\/td>\n<td style=\"height: 48px;\"><span style=\"font-family: arial, helvetica, sans-serif;\">Equipadas con camas tama\u00f1o king, queen o twin.<\/span><\/td>\n<\/tr>\n<tr style=\"height: 24px;\">\n<td style=\"height: 24px;\"><span style=\"font-family: arial, helvetica, sans-serif;\"><strong>Habitaci\u00f3n Triple:<\/strong><\/span><\/td>\n<td style=\"height: 24px;\"><span style=\"font-family: arial, helvetica, sans-serif;\">Equipadas con camas tama\u00f1o king m\u00e1s un sof\u00e1 cama o dos camas individuales m\u00e1s un sof\u00e1 cama.<\/span><\/td>\n<\/tr>\n<tr style=\"height: 72px;\">\n<td style=\"height: 72px;\"><span style=\"font-family: arial, helvetica, sans-serif;\"><strong>Habitaci\u00f3n Triple o Doble:<\/strong><\/span><\/td>\n<td style=\"height: 72px;\"><span style=\"font-family: arial, helvetica, sans-serif;\">Equipadas con camas tama\u00f1o king m\u00e1s un sof\u00e1 cama o dos camas individuales m\u00e1s un sof\u00e1 cama.<\/span><\/td>\n<\/tr>\n<tr style=\"height: 72px;\">\n<td style=\"height: 72px;\"><span style=\"font-family: arial, helvetica, sans-serif;\"><strong>Comodidades:<\/strong><\/span><\/td>\n<td style=\"height: 72px;\"><span style=\"font-family: arial, helvetica, sans-serif;\">Champ\u00fa, gel de ba\u00f1o y de manos biodegradables. Secador de pelo bajo petici\u00f3n.<\/span><\/td>\n<\/tr>\n<\/tbody>\n<\/table>\n<p>[vc_row][vc_column el_class=&#8221;accocruise&#8221;][vc_column_text]\n<div class=\"panel panel-default accordion__item\">\n\t<div class=\"panel-heading accordion__item__title-wrap\">\n\t\t<h4 class=\"panel-title\">\n\t\t\t<a data-toggle=\"collapse\" data-parent=\"#ataccordion0\" href=\"#ataccordion0_1\" class=\"accordion__item__link collapsed\">Solicite m\u00e1s informaci\u00f3n<\/a>\n\t\t<\/h4>\n\t<\/div>\n\t<div id=\"ataccordion0_1\" class=\"panel-collapse collapse\">\n\t\t<div class=\"panel-body accordion__item__content\">\n                <div class=\"ml-embedded\" data-form=\"auKhXr\"><\/div>\n            \n<\/div>\n\t<\/div>\n<\/div>[\/vc_column_text][\/vc_column][\/vc_row]<\/p>\n<\/div>","protected":false},"excerpt":{"rendered":"<p>Hotel Gal\u00e1pagos Suites Ubicado en las encantadoras Islas Gal\u00e1pagos, Hotel Gal\u00e1pagos Suites ofrece un oasis de comodidad y tranquilidad. Administrado directamente por sus propietarios, nuestro hotel es reconocido por su excepcional hospitalidad y su dedicaci\u00f3n a hacer que la estad\u00eda de cada hu\u00e9sped sea inolvidable. Con espacios cuidadosamente dise\u00f1ados y una limpieza impecable, nos esforzamos<\/p>\n<div class=\"padding-top text-center\"><a href=\"https:\/\/naturegalapagos.com\/es\/hoteles-en-galapagos\/santa-cruz-galapagos\/hotel-galapagos-suites\/\" class=\"atbtn atbtn--medium atbtn--rounded atbtn--transparent\">Leer m\u00e1s<i class=\"atbtn__icon atbtn__icon--right fa fa-long-arrow-right\"><\/i><\/a><\/div>\n","protected":false},"featured_media":7435,"comment_status":"open","ping_status":"closed","template":"","meta":{"_joinchat":[]},"product_brand":[],"product_cat":[3599],"product_tag":[],"class_list":{"0":"post-2851","1":"product","2":"type-product","3":"status-publish","4":"has-post-thumbnail","6":"product_cat-sin-categoria","7":"tour_category-hoteles-en-santa-cruz","9":"first","10":"instock","11":"taxable","12":"shipping-taxable","13":"product-type-tour"},"yoast_head":"<!-- This site is optimized with the Yoast SEO Premium plugin v25.6 (Yoast SEO v26.1.1) - https:\/\/yoast.com\/wordpress\/plugins\/seo\/ -->\n<title>Hotel Gal\u00e1pagos Suites | Santa Cruz - Gal\u00e1pagos<\/title>\n<meta name=\"description\" content=\"Hotel Galapagos Suites Bed &amp; Breakfast se encuentra en Puerto Ayora. Est\u00e1 a 5 minutos a pie del paseo mar\u00edtimo. Para m\u00e1s informaci\u00f3n clic aqu\u00ed! &quot;NG&amp;E&quot;\" \/>\n<meta name=\"robots\" content=\"index, follow, max-snippet:-1, max-image-preview:large, max-video-preview:-1\" \/>\n<link rel=\"canonical\" href=\"https:\/\/naturegalapagos.com\/es\/hoteles-en-galapagos\/santa-cruz-galapagos\/hotel-galapagos-suites\/\" \/>\n<meta property=\"og:locale\" content=\"es_ES\" \/>\n<meta property=\"og:type\" content=\"article\" \/>\n<meta property=\"og:title\" content=\"Hotel Gal\u00e1pagos Suites | Santa Cruz - Gal\u00e1pagos\" \/>\n<meta property=\"og:description\" content=\"Galapagos Suites Bed &amp; Breakfast se encuentra en Puerto Ayora. Est\u00e1 a 5 minutos a pie del paseo mar\u00edtimo. Para m\u00e1s informaci\u00f3n clic aqu\u00ed! &quot;NG&amp;E&quot;\" \/>\n<meta property=\"og:url\" content=\"https:\/\/naturegalapagos.com\/es\/hoteles-en-galapagos\/santa-cruz-galapagos\/hotel-galapagos-suites\/\" \/>\n<meta property=\"og:site_name\" content=\"Espa\u00f1ol - Nature Galapagos &amp; Ecuador\" \/>\n<meta property=\"article:publisher\" content=\"https:\/\/www.facebook.com\/naturegalapagosecuador\/\" \/>\n<meta property=\"article:modified_time\" content=\"2026-03-03T21:18:08+00:00\" \/>\n<meta property=\"og:image\" content=\"https:\/\/naturegalapagos.com\/es\/wp-content\/uploads\/sites\/3\/2016\/08\/hotel-galapagos-suites.jpg\" \/>\n\t<meta property=\"og:image:width\" content=\"1024\" \/>\n\t<meta property=\"og:image:height\" content=\"512\" \/>\n\t<meta property=\"og:image:type\" content=\"image\/jpeg\" \/>\n<meta name=\"twitter:card\" content=\"summary_large_image\" \/>\n<meta name=\"twitter:title\" content=\"Hotel Gal\u00e1pagos Suites | Santa Cruz - Gal\u00e1pagos\" \/>\n<meta name=\"twitter:description\" content=\"Galapagos Suites Bed &amp; Breakfast se encuentra en Puerto Ayora. Est\u00e1 a 5 minutos a pie del paseo mar\u00edtimo. Para m\u00e1s informaci\u00f3n clic aqu\u00ed! &quot;NG&amp;E&quot;\" \/>\n<meta name=\"twitter:site\" content=\"@naturegalapagos\" \/>\n<meta name=\"twitter:label1\" content=\"Tiempo de lectura\" \/>\n\t<meta name=\"twitter:data1\" content=\"2 minutos\" \/>\n<!-- \/ Yoast SEO Premium plugin. -->","yoast_head_json":{"title":"Hotel Gal\u00e1pagos Suites | Santa Cruz - Gal\u00e1pagos","description":"Hotel Galapagos Suites Bed & Breakfast se encuentra en Puerto Ayora. Est\u00e1 a 5 minutos a pie del paseo mar\u00edtimo. Para m\u00e1s informaci\u00f3n clic aqu\u00ed! \"NG&E\"","robots":{"index":"index","follow":"follow","max-snippet":"max-snippet:-1","max-image-preview":"max-image-preview:large","max-video-preview":"max-video-preview:-1"},"canonical":"https:\/\/naturegalapagos.com\/es\/hoteles-en-galapagos\/santa-cruz-galapagos\/hotel-galapagos-suites\/","og_locale":"es_ES","og_type":"article","og_title":"Hotel Gal\u00e1pagos Suites | Santa Cruz - Gal\u00e1pagos","og_description":"Galapagos Suites Bed & Breakfast se encuentra en Puerto Ayora. Est\u00e1 a 5 minutos a pie del paseo mar\u00edtimo. Para m\u00e1s informaci\u00f3n clic aqu\u00ed! \"NG&E\"","og_url":"https:\/\/naturegalapagos.com\/es\/hoteles-en-galapagos\/santa-cruz-galapagos\/hotel-galapagos-suites\/","og_site_name":"Espa\u00f1ol - Nature Galapagos &amp; Ecuador","article_publisher":"https:\/\/www.facebook.com\/naturegalapagosecuador\/","article_modified_time":"2026-03-03T21:18:08+00:00","og_image":[{"width":1024,"height":512,"url":"https:\/\/naturegalapagos.com\/es\/wp-content\/uploads\/sites\/3\/2016\/08\/hotel-galapagos-suites.jpg","type":"image\/jpeg"}],"twitter_card":"summary_large_image","twitter_title":"Hotel Gal\u00e1pagos Suites | Santa Cruz - Gal\u00e1pagos","twitter_description":"Galapagos Suites Bed & Breakfast se encuentra en Puerto Ayora. Est\u00e1 a 5 minutos a pie del paseo mar\u00edtimo. Para m\u00e1s informaci\u00f3n clic aqu\u00ed! \"NG&E\"","twitter_site":"@naturegalapagos","twitter_misc":{"Tiempo de lectura":"2 minutos"},"schema":{"@context":"https:\/\/schema.org","@graph":[{"@type":"WebPage","@id":"https:\/\/naturegalapagos.com\/es\/hoteles-en-galapagos\/santa-cruz-galapagos\/hotel-galapagos-suites\/","url":"https:\/\/naturegalapagos.com\/es\/hoteles-en-galapagos\/santa-cruz-galapagos\/hotel-galapagos-suites\/","name":"Hotel Gal\u00e1pagos Suites | Santa Cruz - Gal\u00e1pagos","isPartOf":{"@id":"https:\/\/naturegalapagos.com\/es\/#website"},"primaryImageOfPage":{"@id":"https:\/\/naturegalapagos.com\/es\/hoteles-en-galapagos\/santa-cruz-galapagos\/hotel-galapagos-suites\/#primaryimage"},"image":{"@id":"https:\/\/naturegalapagos.com\/es\/hoteles-en-galapagos\/santa-cruz-galapagos\/hotel-galapagos-suites\/#primaryimage"},"thumbnailUrl":"https:\/\/naturegalapagos.com\/es\/wp-content\/uploads\/sites\/3\/2025\/01\/Balcon-con-vista-a-la-ciudad-en-Galapagos-Suites.jpg","datePublished":"2025-01-03T16:15:50+00:00","dateModified":"2026-03-03T21:18:08+00:00","description":"Hotel Galapagos Suites Bed & Breakfast se encuentra en Puerto Ayora. Est\u00e1 a 5 minutos a pie del paseo mar\u00edtimo. Para m\u00e1s informaci\u00f3n clic aqu\u00ed! \"NG&E\"","breadcrumb":{"@id":"https:\/\/naturegalapagos.com\/es\/hoteles-en-galapagos\/santa-cruz-galapagos\/hotel-galapagos-suites\/#breadcrumb"},"inLanguage":"es","potentialAction":[{"@type":"ReadAction","target":["https:\/\/naturegalapagos.com\/es\/hoteles-en-galapagos\/santa-cruz-galapagos\/hotel-galapagos-suites\/"]}]},{"@type":"ImageObject","inLanguage":"es","@id":"https:\/\/naturegalapagos.com\/es\/hoteles-en-galapagos\/santa-cruz-galapagos\/hotel-galapagos-suites\/#primaryimage","url":"https:\/\/naturegalapagos.com\/es\/wp-content\/uploads\/sites\/3\/2025\/01\/Balcon-con-vista-a-la-ciudad-en-Galapagos-Suites.jpg","contentUrl":"https:\/\/naturegalapagos.com\/es\/wp-content\/uploads\/sites\/3\/2025\/01\/Balcon-con-vista-a-la-ciudad-en-Galapagos-Suites.jpg","width":768,"height":443,"caption":"Balc\u00f3n con vista a la ciudad en Galapagos Suites"},{"@type":"BreadcrumbList","@id":"https:\/\/naturegalapagos.com\/es\/hoteles-en-galapagos\/santa-cruz-galapagos\/hotel-galapagos-suites\/#breadcrumb","itemListElement":[{"@type":"ListItem","position":1,"name":"Home","item":"https:\/\/naturegalapagos.com\/es\/"},{"@type":"ListItem","position":2,"name":"Tienda","item":"https:\/\/naturegalapagos.com\/es\/tienda\/"},{"@type":"ListItem","position":3,"name":"Hotel Gal\u00e1pagos Suites"}]},{"@type":"WebSite","@id":"https:\/\/naturegalapagos.com\/es\/#website","url":"https:\/\/naturegalapagos.com\/es\/","name":"Espa\u00f1ol - Nature Galapagos & Ecuador","description":"","publisher":{"@id":"https:\/\/naturegalapagos.com\/es\/#organization"},"potentialAction":[{"@type":"SearchAction","target":{"@type":"EntryPoint","urlTemplate":"https:\/\/naturegalapagos.com\/es\/?s={search_term_string}"},"query-input":{"@type":"PropertyValueSpecification","valueRequired":true,"valueName":"search_term_string"}}],"inLanguage":"es"},{"@type":"Organization","@id":"https:\/\/naturegalapagos.com\/es\/#organization","name":"Espa\u00f1ol - Nature Galapagos & Ecuador","url":"https:\/\/naturegalapagos.com\/es\/","logo":{"@type":"ImageObject","inLanguage":"es","@id":"https:\/\/naturegalapagos.com\/es\/#\/schema\/logo\/image\/","url":"https:\/\/naturegalapagos.com\/es\/wp-content\/uploads\/sites\/3\/2016\/10\/Nature-Galapagos-Logo-COM-300x300.jpg","contentUrl":"https:\/\/naturegalapagos.com\/es\/wp-content\/uploads\/sites\/3\/2016\/10\/Nature-Galapagos-Logo-COM-300x300.jpg","width":300,"height":300,"caption":"Espa\u00f1ol - Nature Galapagos & Ecuador"},"image":{"@id":"https:\/\/naturegalapagos.com\/es\/#\/schema\/logo\/image\/"},"sameAs":["https:\/\/www.facebook.com\/naturegalapagosecuador\/","https:\/\/x.com\/naturegalapagos","https:\/\/www.instagram.com\/naturegalapagos\/","https:\/\/www.pinterest.com\/Naturegalapagos\/","https:\/\/www.youtube.com\/user\/NatureGalapagosTours"]}]}},"_links":{"self":[{"href":"https:\/\/naturegalapagos.com\/es\/wp-json\/wp\/v2\/product\/2851","targetHints":{"allow":["GET"]}}],"collection":[{"href":"https:\/\/naturegalapagos.com\/es\/wp-json\/wp\/v2\/product"}],"about":[{"href":"https:\/\/naturegalapagos.com\/es\/wp-json\/wp\/v2\/types\/product"}],"replies":[{"embeddable":true,"href":"https:\/\/naturegalapagos.com\/es\/wp-json\/wp\/v2\/comments?post=2851"}],"wp:featuredmedia":[{"embeddable":true,"href":"https:\/\/naturegalapagos.com\/es\/wp-json\/wp\/v2\/media\/7435"}],"wp:attachment":[{"href":"https:\/\/naturegalapagos.com\/es\/wp-json\/wp\/v2\/media?parent=2851"}],"wp:term":[{"taxonomy":"product_brand","embeddable":true,"href":"https:\/\/naturegalapagos.com\/es\/wp-json\/wp\/v2\/product_brand?post=2851"},{"taxonomy":"product_cat","embeddable":true,"href":"https:\/\/naturegalapagos.com\/es\/wp-json\/wp\/v2\/product_cat?post=2851"},{"taxonomy":"product_tag","embeddable":true,"href":"https:\/\/naturegalapagos.com\/es\/wp-json\/wp\/v2\/product_tag?post=2851"}],"curies":[{"name":"wp","href":"https:\/\/api.w.org\/{rel}","templated":true}]}}