{"id":2863,"date":"2024-12-27T10:00:32","date_gmt":"2024-12-27T15:00:32","guid":{"rendered":"http:\/\/naturegalapagos.com\/es\/hoteles-en-galapagos\/santa-cruz-galapagos\/hotel-solymar\/"},"modified":"2024-12-27T10:02:00","modified_gmt":"2024-12-27T15:02:00","slug":"hotel-isla-sol-galapagos","status":"publish","type":"product","link":"https:\/\/naturegalapagos.com\/es\/hoteles-en-galapagos\/santa-cruz-galapagos\/hotel-isla-sol\/","title":{"rendered":"Hotel Isla Sol"},"content":{"rendered":"<div class=\"wpb-content-wrapper\"><h2><span style=\"font-size: 24px; font-family: arial, helvetica, sans-serif;\">Hotel Isla Sol Galapagos<\/span><\/h2>\n<p><span style=\"font-family: arial, helvetica, sans-serif; font-size: 14px;\">El <strong>hotel Isla Sol Galapagos<\/strong> se encuentra en la isla de Santa Cruz y dispone de spa, centro de bienestar y un restaurante. Cuenta con una ba\u00f1era de hidromasaje, disponible por un costo adicional. Las habitaciones ofrecen vistas a la ciudad y al mar a trav\u00e9s de grandes ventanales que dejan pasar mucha luz natural. Tambi\u00e9n cuenta con colchones de primera calidad y cortinas opacas. As\u00ed mismo, el ba\u00f1o privado cuenta con una ducha de efecto lluvia y art\u00edculos de aseo gratuitos.<\/span><\/p>\n<h3><span style=\"font-family: arial, helvetica, sans-serif;\">Caracter\u00edsticas importantes<\/span><\/h3>\n<ul style=\"list-style-type: circle;\">\n<li><span style=\"font-family: arial, helvetica, sans-serif; font-size: 14px;\">Dispone de TV con canales locales.<\/span><\/li>\n<li><span style=\"font-family: arial, helvetica, sans-serif; font-size: 14px;\">Aire acondicionado regulable.<\/span><\/li>\n<li><span style=\"font-family: arial, helvetica, sans-serif; font-size: 14px;\">Escritorio y servicio de llamada de despertador.<\/span><\/li>\n<li><span style=\"font-family: arial, helvetica, sans-serif; font-size: 14px;\">Todas las habitaciones son para no fumadores.<\/span><\/li>\n<li><span style=\"font-family: arial, helvetica, sans-serif; font-size: 14px;\">Hay conexi\u00f3n Wi-Fi gratuita en las zonas comunes.<\/span><\/li>\n<li><span style=\"font-family: arial, helvetica, sans-serif; font-size: 14px;\">Tambi\u00e9n cuenta con un bar.<\/span><\/li>\n<li><span style=\"font-family: arial, helvetica, sans-serif; font-size: 14px;\">El restaurante del hotel se encuentra al lado del mar y ofrece un men\u00fa de sushi o una selecci\u00f3n de platos que combinan los sabores locales con marisco fresco. <\/span><\/li>\n<li><span style=\"font-family: arial, helvetica, sans-serif; font-size: 14px;\">Situado en el coraz\u00f3n de Puerto Ayora, sobre la avenida de Charles Darwin, a pocos pasos de la estaci\u00f3n cient\u00edfica Charles Darwin.<\/span><\/li>\n<\/ul>\n<p><span style=\"font-family: arial, helvetica, sans-serif; font-size: 14px;\">Las habitaciones del hotel <strong>Isla Sol Galapagos<\/strong> est\u00e1n finamente decoradas con un estilo moderno y acogedor, lo que har\u00e1 de Hotel Solymar su centro de operaciones mientra explora las islas encantadas. Su Restaurante, Bar, Piscina y Jacuzzi frente al mar se encuentran a solo pasos de las habitaciones, por lo que convierte a la Torre Principal en la opci\u00f3n preferida los hu\u00e9spedes.<\/span><\/p>\n<p>[vc_row][vc_column el_class=&#8221;accocruise&#8221;][vc_column_text]\n<div class=\"panel panel-default accordion__item\">\n\t<div class=\"panel-heading accordion__item__title-wrap\">\n\t\t<h4 class=\"panel-title\">\n\t\t\t<a data-toggle=\"collapse\" data-parent=\"#ataccordion0\" href=\"#ataccordion0_1\" class=\"accordion__item__link collapsed\">Solicite m\u00e1s informaci\u00f3n<\/a>\n\t\t<\/h4>\n\t<\/div>\n\t<div id=\"ataccordion0_1\" class=\"panel-collapse collapse\">\n\t\t<div class=\"panel-body accordion__item__content\"><br \/>\n                <div class=\"ml-embedded\" data-form=\"JgYHYN\"><\/div>\n            <br \/>\n<\/div>\n\t<\/div>\n<\/div>[\/vc_column_text][\/vc_column][\/vc_row]<\/p>\n<\/div>","protected":false},"excerpt":{"rendered":"<p>Hotel Isla Sol Galapagos El hotel Isla Sol Galapagos se encuentra en la isla de Santa Cruz y dispone de spa, centro de bienestar y un restaurante. Cuenta con una ba\u00f1era de hidromasaje, disponible por un costo adicional. Las habitaciones ofrecen vistas a la ciudad y al mar a trav\u00e9s de grandes ventanales que dejan<\/p>\n<div class=\"padding-top text-center\"><a href=\"https:\/\/naturegalapagos.com\/es\/hoteles-en-galapagos\/santa-cruz-galapagos\/hotel-isla-sol\/\" class=\"atbtn atbtn--medium atbtn--rounded atbtn--transparent\">Leer m\u00e1s<i class=\"atbtn__icon atbtn__icon--right fa fa-long-arrow-right\"><\/i><\/a><\/div>\n","protected":false},"featured_media":2869,"comment_status":"open","ping_status":"closed","template":"","meta":{"_joinchat":[]},"product_brand":[],"product_cat":[3599],"product_tag":[],"class_list":{"0":"post-2863","1":"product","2":"type-product","3":"status-publish","4":"has-post-thumbnail","6":"product_cat-sin-categoria","7":"tour_category-hoteles-en-santa-cruz","9":"first","10":"instock","11":"taxable","12":"shipping-taxable","13":"product-type-tour"},"yoast_head":"<!-- This site is optimized with the Yoast SEO Premium plugin v25.6 (Yoast SEO v26.1.1) - https:\/\/yoast.com\/wordpress\/plugins\/seo\/ -->\n<title>Hotel Isla Sol Galapagos | Santa Cruz<\/title>\n<meta name=\"description\" content=\"hotel isla sol galapagos se encuentra en la isla de Santa Cruz y dispone de spa, centro de bienestar y un restaurante. Para m\u00e1s informaci\u00f3n clic aqu\u00ed!\" \/>\n<meta name=\"robots\" content=\"index, follow, max-snippet:-1, max-image-preview:large, max-video-preview:-1\" \/>\n<link rel=\"canonical\" href=\"https:\/\/naturegalapagos.com\/es\/hoteles-en-galapagos\/santa-cruz-galapagos\/hotel-isla-sol\/\" \/>\n<meta property=\"og:locale\" content=\"es_ES\" \/>\n<meta property=\"og:type\" content=\"article\" \/>\n<meta property=\"og:title\" content=\"Hotel Isla Sol | Santa Cruz - Gal\u00e1pagos\" \/>\n<meta property=\"og:description\" content=\"El Hotel Isla Sol se encuentra en la isla de Santa Cruz y dispone de spa, centro de bienestar y un restaurante. Para m\u00e1s informaci\u00f3n clic aqu\u00ed! &quot;NG&amp;E&quot;\" \/>\n<meta property=\"og:url\" content=\"https:\/\/naturegalapagos.com\/es\/hoteles-en-galapagos\/santa-cruz-galapagos\/hotel-isla-sol\/\" \/>\n<meta property=\"og:site_name\" content=\"Espa\u00f1ol - Nature Galapagos &amp; Ecuador\" \/>\n<meta property=\"article:publisher\" content=\"https:\/\/www.facebook.com\/naturegalapagosecuador\/\" \/>\n<meta property=\"article:modified_time\" content=\"2024-12-27T15:02:00+00:00\" \/>\n<meta property=\"og:image\" content=\"https:\/\/naturegalapagos.com\/es\/wp-content\/uploads\/sites\/3\/2016\/08\/hotel-isla-sol-galapagos.jpg\" \/>\n\t<meta property=\"og:image:width\" content=\"1024\" \/>\n\t<meta property=\"og:image:height\" content=\"512\" \/>\n\t<meta property=\"og:image:type\" content=\"image\/jpeg\" \/>\n<meta name=\"twitter:card\" content=\"summary_large_image\" \/>\n<meta name=\"twitter:title\" content=\"Hotel Isla Sol | Santa Cruz - Gal\u00e1pagos\" \/>\n<meta name=\"twitter:description\" content=\"El Hotel Isla Sol se encuentra en la isla de Santa Cruz y dispone de spa, centro de bienestar y un restaurante. Para m\u00e1s informaci\u00f3n clic aqu\u00ed! &quot;NG&amp;E&quot;\" \/>\n<meta name=\"twitter:site\" content=\"@naturegalapagos\" \/>\n<meta name=\"twitter:label1\" content=\"Tiempo de lectura\" \/>\n\t<meta name=\"twitter:data1\" content=\"2 minutos\" \/>\n<!-- \/ Yoast SEO Premium plugin. -->","yoast_head_json":{"title":"Hotel Isla Sol Galapagos | Santa Cruz","description":"hotel isla sol galapagos se encuentra en la isla de Santa Cruz y dispone de spa, centro de bienestar y un restaurante. Para m\u00e1s informaci\u00f3n clic aqu\u00ed!","robots":{"index":"index","follow":"follow","max-snippet":"max-snippet:-1","max-image-preview":"max-image-preview:large","max-video-preview":"max-video-preview:-1"},"canonical":"https:\/\/naturegalapagos.com\/es\/hoteles-en-galapagos\/santa-cruz-galapagos\/hotel-isla-sol\/","og_locale":"es_ES","og_type":"article","og_title":"Hotel Isla Sol | Santa Cruz - Gal\u00e1pagos","og_description":"El Hotel Isla Sol se encuentra en la isla de Santa Cruz y dispone de spa, centro de bienestar y un restaurante. Para m\u00e1s informaci\u00f3n clic aqu\u00ed! \"NG&E\"","og_url":"https:\/\/naturegalapagos.com\/es\/hoteles-en-galapagos\/santa-cruz-galapagos\/hotel-isla-sol\/","og_site_name":"Espa\u00f1ol - Nature Galapagos &amp; Ecuador","article_publisher":"https:\/\/www.facebook.com\/naturegalapagosecuador\/","article_modified_time":"2024-12-27T15:02:00+00:00","og_image":[{"width":1024,"height":512,"url":"https:\/\/naturegalapagos.com\/es\/wp-content\/uploads\/sites\/3\/2016\/08\/hotel-isla-sol-galapagos.jpg","type":"image\/jpeg"}],"twitter_card":"summary_large_image","twitter_title":"Hotel Isla Sol | Santa Cruz - Gal\u00e1pagos","twitter_description":"El Hotel Isla Sol se encuentra en la isla de Santa Cruz y dispone de spa, centro de bienestar y un restaurante. Para m\u00e1s informaci\u00f3n clic aqu\u00ed! \"NG&E\"","twitter_site":"@naturegalapagos","twitter_misc":{"Tiempo de lectura":"2 minutos"},"schema":{"@context":"https:\/\/schema.org","@graph":[{"@type":"WebPage","@id":"https:\/\/naturegalapagos.com\/es\/hoteles-en-galapagos\/santa-cruz-galapagos\/hotel-isla-sol\/","url":"https:\/\/naturegalapagos.com\/es\/hoteles-en-galapagos\/santa-cruz-galapagos\/hotel-isla-sol\/","name":"Hotel Isla Sol Galapagos | Santa Cruz","isPartOf":{"@id":"https:\/\/naturegalapagos.com\/es\/#website"},"primaryImageOfPage":{"@id":"https:\/\/naturegalapagos.com\/es\/hoteles-en-galapagos\/santa-cruz-galapagos\/hotel-isla-sol\/#primaryimage"},"image":{"@id":"https:\/\/naturegalapagos.com\/es\/hoteles-en-galapagos\/santa-cruz-galapagos\/hotel-isla-sol\/#primaryimage"},"thumbnailUrl":"https:\/\/naturegalapagos.com\/es\/wp-content\/uploads\/sites\/3\/2016\/08\/hotel-isla-sol-galapagos.jpg","datePublished":"2024-12-27T15:00:32+00:00","dateModified":"2024-12-27T15:02:00+00:00","description":"hotel isla sol galapagos se encuentra en la isla de Santa Cruz y dispone de spa, centro de bienestar y un restaurante. Para m\u00e1s informaci\u00f3n clic aqu\u00ed!","breadcrumb":{"@id":"https:\/\/naturegalapagos.com\/es\/hoteles-en-galapagos\/santa-cruz-galapagos\/hotel-isla-sol\/#breadcrumb"},"inLanguage":"es","potentialAction":[{"@type":"ReadAction","target":["https:\/\/naturegalapagos.com\/es\/hoteles-en-galapagos\/santa-cruz-galapagos\/hotel-isla-sol\/"]}]},{"@type":"ImageObject","inLanguage":"es","@id":"https:\/\/naturegalapagos.com\/es\/hoteles-en-galapagos\/santa-cruz-galapagos\/hotel-isla-sol\/#primaryimage","url":"https:\/\/naturegalapagos.com\/es\/wp-content\/uploads\/sites\/3\/2016\/08\/hotel-isla-sol-galapagos.jpg","contentUrl":"https:\/\/naturegalapagos.com\/es\/wp-content\/uploads\/sites\/3\/2016\/08\/hotel-isla-sol-galapagos.jpg","width":1024,"height":512,"caption":"Hotel Isla Sol Galapagos"},{"@type":"BreadcrumbList","@id":"https:\/\/naturegalapagos.com\/es\/hoteles-en-galapagos\/santa-cruz-galapagos\/hotel-isla-sol\/#breadcrumb","itemListElement":[{"@type":"ListItem","position":1,"name":"Home","item":"https:\/\/naturegalapagos.com\/es\/"},{"@type":"ListItem","position":2,"name":"Tienda","item":"https:\/\/naturegalapagos.com\/es\/tienda\/"},{"@type":"ListItem","position":3,"name":"Hotel Isla Sol"}]},{"@type":"WebSite","@id":"https:\/\/naturegalapagos.com\/es\/#website","url":"https:\/\/naturegalapagos.com\/es\/","name":"Espa\u00f1ol - Nature Galapagos & Ecuador","description":"","publisher":{"@id":"https:\/\/naturegalapagos.com\/es\/#organization"},"potentialAction":[{"@type":"SearchAction","target":{"@type":"EntryPoint","urlTemplate":"https:\/\/naturegalapagos.com\/es\/?s={search_term_string}"},"query-input":{"@type":"PropertyValueSpecification","valueRequired":true,"valueName":"search_term_string"}}],"inLanguage":"es"},{"@type":"Organization","@id":"https:\/\/naturegalapagos.com\/es\/#organization","name":"Espa\u00f1ol - Nature Galapagos & Ecuador","url":"https:\/\/naturegalapagos.com\/es\/","logo":{"@type":"ImageObject","inLanguage":"es","@id":"https:\/\/naturegalapagos.com\/es\/#\/schema\/logo\/image\/","url":"https:\/\/naturegalapagos.com\/es\/wp-content\/uploads\/sites\/3\/2016\/10\/Nature-Galapagos-Logo-COM-300x300.jpg","contentUrl":"https:\/\/naturegalapagos.com\/es\/wp-content\/uploads\/sites\/3\/2016\/10\/Nature-Galapagos-Logo-COM-300x300.jpg","width":300,"height":300,"caption":"Espa\u00f1ol - Nature Galapagos & Ecuador"},"image":{"@id":"https:\/\/naturegalapagos.com\/es\/#\/schema\/logo\/image\/"},"sameAs":["https:\/\/www.facebook.com\/naturegalapagosecuador\/","https:\/\/x.com\/naturegalapagos","https:\/\/www.instagram.com\/naturegalapagos\/","https:\/\/www.pinterest.com\/Naturegalapagos\/","https:\/\/www.youtube.com\/user\/NatureGalapagosTours"]}]}},"_links":{"self":[{"href":"https:\/\/naturegalapagos.com\/es\/wp-json\/wp\/v2\/product\/2863","targetHints":{"allow":["GET"]}}],"collection":[{"href":"https:\/\/naturegalapagos.com\/es\/wp-json\/wp\/v2\/product"}],"about":[{"href":"https:\/\/naturegalapagos.com\/es\/wp-json\/wp\/v2\/types\/product"}],"replies":[{"embeddable":true,"href":"https:\/\/naturegalapagos.com\/es\/wp-json\/wp\/v2\/comments?post=2863"}],"wp:featuredmedia":[{"embeddable":true,"href":"https:\/\/naturegalapagos.com\/es\/wp-json\/wp\/v2\/media\/2869"}],"wp:attachment":[{"href":"https:\/\/naturegalapagos.com\/es\/wp-json\/wp\/v2\/media?parent=2863"}],"wp:term":[{"taxonomy":"product_brand","embeddable":true,"href":"https:\/\/naturegalapagos.com\/es\/wp-json\/wp\/v2\/product_brand?post=2863"},{"taxonomy":"product_cat","embeddable":true,"href":"https:\/\/naturegalapagos.com\/es\/wp-json\/wp\/v2\/product_cat?post=2863"},{"taxonomy":"product_tag","embeddable":true,"href":"https:\/\/naturegalapagos.com\/es\/wp-json\/wp\/v2\/product_tag?post=2863"}],"curies":[{"name":"wp","href":"https:\/\/api.w.org\/{rel}","templated":true}]}}