{"id":2877,"date":"2024-09-20T17:21:22","date_gmt":"2024-09-20T21:21:22","guid":{"rendered":"http:\/\/naturegalapagos.com\/es\/hoteles-en-galapagos\/santa-cruz-galapagos\/hotel-galapagos-islands\/"},"modified":"2025-03-13T12:35:16","modified_gmt":"2025-03-13T16:35:16","slug":"hoteles-en-galapagossanta-cruz-galapagoshotel-las-palmeras-galapagos","status":"publish","type":"product","link":"https:\/\/naturegalapagos.com\/es\/hoteles-en-galapagos\/santa-cruz-galapagos\/hotel-las-palmeras-galapagos\/","title":{"rendered":"Hotel Las Palmeras Galapagos"},"content":{"rendered":"<div class=\"wpb-content-wrapper\"><h2><span style=\"font-size: 24px; font-family: arial, helvetica, sans-serif;\">Hotel Las Palmeras Galapagos<\/span><\/h2>\n<p><span style=\"font-family: arial, helvetica, sans-serif;\">El <strong>Hotel las Palmeras Galapagos<\/strong> est\u00e1 ubicado en Puerto Ayora en la Isla Santa Cruz, a solo 5 minutos a pie del paseo mar\u00edtimo, posee una piscina exterior, un restaurante, conexi\u00f3n Wi-Fi gratuita y recepci\u00f3n las 24 horas.<\/span><\/p>\n<p><span style=\"font-family: arial, helvetica, sans-serif;\">Las habitaciones son luminosas y disponen de aire acondicionado, escritorio, TV y ba\u00f1o privado con ba\u00f1era o ducha, muchas de ellas tienen vistas a los jardines.<\/span><\/p>\n<p><span style=\"font-family: arial, helvetica, sans-serif;\">El Hotel Las Palmeras Galapagos pone a disposici\u00f3n\u00a0de sus hu\u00e9spedes todas las comodidades que se necesita para disfrutar a plenitud de las Islas Encantadas.<\/span><\/p>\n<p><span style=\"font-family: arial, helvetica, sans-serif;\">Son 42 habitaciones muy confortables y c\u00f3modas, equipadas con todo lo que el viajero necesita.<\/span><\/p>\n<p><span style=\"font-family: arial, helvetica, sans-serif;\">Tenemos habitaciones:<\/span><\/p>\n<ul>\n<li><span style=\"font-family: arial, helvetica, sans-serif;\">Simples<\/span><\/li>\n<li><span style=\"font-family: arial, helvetica, sans-serif;\">Dobles<\/span><\/li>\n<li><span style=\"font-family: arial, helvetica, sans-serif;\">Triples<\/span><\/li>\n<li><span style=\"font-family: arial, helvetica, sans-serif;\">Cu\u00e1druples y<\/span><\/li>\n<li><span style=\"font-family: arial, helvetica, sans-serif;\">Suites.<\/span><\/li>\n<\/ul>\n<h3><span style=\"font-family: arial, helvetica, sans-serif; font-size: 20px;\">C\u00f3mo llegar<\/span><\/h3>\n<p><span style=\"font-family: arial, helvetica, sans-serif;\">El Palm Garden Galapagos Hotel, en Puerto Ayora, est\u00e1 a 8 minutos a pie de la Playa de los Alemanes y cuenta con piscina. Este hotel de 4 estrellas est\u00e1 cerca de lugares como el mercado de pescado de Santa Cruz y La Panga.<\/span><\/p>\n<p><span style=\"font-family: arial, helvetica, sans-serif;\">El aeropuerto de las Islas Gal\u00e1pagos se encuentra a 45 km, mientras que el Centro de Visitantes del Parque Nacional Gal\u00e1pagos y la Iglesia Cat\u00f3lica San Francisco de As\u00eds est\u00e1n a pocos minutos a pie. La Bah\u00eda Tortuga est\u00e1 a 10 minutos en coche.<\/span><\/p>\n<h4><span style=\"font-family: arial, helvetica, sans-serif; font-size: 20px;\">Informaci\u00f3n importante:<\/span><\/h4>\n<ul>\n<li><span style=\"font-family: arial, helvetica, sans-serif;\">Entrada: 13:00 a 22:00<\/span><\/li>\n<li><span style=\"font-family: arial, helvetica, sans-serif;\">Salida: 06:00 a 12:00<\/span><\/li>\n<\/ul>\n<table style=\"border-collapse: collapse; width: 100%;\">\n<tbody>\n<tr>\n<td style=\"width: 50%;\" colspan=\"2\">\n<h3 style=\"text-align: center;\"><span style=\"font-family: arial, helvetica, sans-serif; font-size: 20px;\">Instalaciones del hotel<\/span><\/h3>\n<\/td>\n<\/tr>\n<tr>\n<td style=\"width: 50%;\">\n<h4 style=\"text-align: center;\"><span style=\"font-family: arial, helvetica, sans-serif;\">General<\/span><\/h4>\n<div class=\"column\">\n<ul>\n<li><span style=\"font-family: arial, helvetica, sans-serif;\">Wi-Fi gratis<\/span><\/li>\n<\/ul>\n<\/div>\n<div class=\"column last\">\n<ul>\n<li><span style=\"font-family: arial, helvetica, sans-serif;\">Habitaciones\/ instalaciones para personas de movilidad reducida<\/span><\/li>\n<\/ul>\n<\/div>\n<\/td>\n<td style=\"width: 50%;\">\n<h4 style=\"text-align: center;\"><span style=\"font-family: arial, helvetica, sans-serif;\">R\u00e9gimen alimenticio<\/span><\/h4>\n<div class=\"column\">\n<ul>\n<li><span style=\"font-family: arial, helvetica, sans-serif;\">Desayuno<\/span><\/li>\n<\/ul>\n<\/div>\n<\/td>\n<\/tr>\n<tr>\n<td style=\"width: 50%;\">\n<h4 style=\"text-align: center;\"><span style=\"font-family: arial, helvetica, sans-serif;\">Deporte y Ocio<\/span><\/h4>\n<div class=\"column\">\n<ul>\n<li><span style=\"font-family: arial, helvetica, sans-serif;\">Piscina<\/span><\/li>\n<\/ul>\n<\/div>\n<\/td>\n<td style=\"width: 50%;\">\n<h4 style=\"text-align: center;\"><span style=\"font-family: arial, helvetica, sans-serif;\">Servicios de la habitaci\u00f3n<\/span><\/h4>\n<div class=\"column\">\n<div class=\"column\">\n<ul>\n<li><span style=\"font-family: arial, helvetica, sans-serif;\">Patio<\/span><\/li>\n<li><span style=\"font-family: arial, helvetica, sans-serif;\">Art\u00edculos de ba\u00f1o gratis<\/span><\/li>\n<\/ul>\n<\/div>\n<\/div>\n<\/td>\n<\/tr>\n<\/tbody>\n<\/table>\n<p>&nbsp;<\/p>\n<p>[vc_row][vc_column el_class=&#8221;accocruise&#8221;][vc_column_text]\n<div class=\"panel panel-default accordion__item\">\n\t<div class=\"panel-heading accordion__item__title-wrap\">\n\t\t<h4 class=\"panel-title\">\n\t\t\t<a data-toggle=\"collapse\" data-parent=\"#ataccordion0\" href=\"#ataccordion0_1\" class=\"accordion__item__link collapsed\">Necesito m\u00e1s informaci\u00f3n<\/a>\n\t\t<\/h4>\n\t<\/div>\n\t<div id=\"ataccordion0_1\" class=\"panel-collapse collapse\">\n\t\t<div class=\"panel-body accordion__item__content\">\n                <div class=\"ml-embedded\" data-form=\"gnW4fl\"><\/div>\n            \n<\/div>\n\t<\/div>\n<\/div>[\/vc_column_text][\/vc_column][\/vc_row]<\/p>\n<\/div>","protected":false},"excerpt":{"rendered":"<p>El Hotel las Palmeras Galapagos est\u00e1 ubicado en Puerto Ayora en la Isla Santa Cruz, a solo 5 minutos a pie del paseo mar\u00edtimo, posee una piscina exterior, un restaurante, conexi\u00f3n Wi-Fi gratuita y recepci\u00f3n las 24 horas.<\/p>\n","protected":false},"featured_media":6956,"comment_status":"open","ping_status":"closed","template":"","meta":{"_joinchat":[]},"product_brand":[],"product_cat":[3599],"product_tag":[],"class_list":{"0":"post-2877","1":"product","2":"type-product","3":"status-publish","4":"has-post-thumbnail","6":"product_cat-sin-categoria","7":"tour_category-hoteles-en-santa-cruz","9":"first","10":"instock","11":"taxable","12":"shipping-taxable","13":"product-type-tour"},"yoast_head":"<!-- This site is optimized with the Yoast SEO Premium plugin v25.6 (Yoast SEO v26.1.1) - https:\/\/yoast.com\/wordpress\/plugins\/seo\/ -->\n<title>Hotel Las Palmeras Galapagos | Isla Santa Cruz - Gal\u00e1pagos<\/title>\n<meta name=\"description\" content=\"El Hotel las Palmeras Galapagos est\u00e1 a 5 minutos a pie del paseo mar\u00edtimo, y ofrece piscina exterior, un restaurante, conexi\u00f3n Wi-Fi. M\u00e1s informaci\u00f3n aqu\u00ed!\" \/>\n<meta name=\"robots\" content=\"index, follow, max-snippet:-1, max-image-preview:large, max-video-preview:-1\" \/>\n<link rel=\"canonical\" href=\"https:\/\/naturegalapagos.com\/es\/hoteles-en-galapagos\/santa-cruz-galapagos\/hotel-las-palmeras-galapagos\/\" \/>\n<meta property=\"og:locale\" content=\"es_ES\" \/>\n<meta property=\"og:type\" content=\"article\" \/>\n<meta property=\"og:title\" content=\"Hotel Las Palmeras Galapagos | Santa Cruz - Gal\u00e1pagos\" \/>\n<meta property=\"og:description\" content=\"El Hotel las Palmeras Galapagos est\u00e1 a 5 minutos a pie del paseo mar\u00edtimo, y ofrece piscina exterior, un restaurante, conexi\u00f3n Wi-Fi. M\u00e1s informaci\u00f3n aqu\u00ed!\" \/>\n<meta property=\"og:url\" content=\"https:\/\/naturegalapagos.com\/es\/hoteles-en-galapagos\/santa-cruz-galapagos\/hotel-las-palmeras-galapagos\/\" \/>\n<meta property=\"og:site_name\" content=\"Espa\u00f1ol - Nature Galapagos &amp; Ecuador\" \/>\n<meta property=\"article:publisher\" content=\"https:\/\/www.facebook.com\/naturegalapagosecuador\/\" \/>\n<meta property=\"article:modified_time\" content=\"2025-03-13T16:35:16+00:00\" \/>\n<meta property=\"og:image\" content=\"https:\/\/naturegalapagos.com\/es\/wp-content\/uploads\/sites\/3\/2015\/07\/hotel-las-palmeras-galapagos.jpg\" \/>\n\t<meta property=\"og:image:width\" content=\"1024\" \/>\n\t<meta property=\"og:image:height\" content=\"512\" \/>\n\t<meta property=\"og:image:type\" content=\"image\/jpeg\" \/>\n<meta name=\"twitter:card\" content=\"summary_large_image\" \/>\n<meta name=\"twitter:title\" content=\"Hotel Las Palmeras Galapagos | Santa Cruz - Gal\u00e1pagos\" \/>\n<meta name=\"twitter:description\" content=\"El Hotel las Palmeras Galapagos est\u00e1 a 5 minutos a pie del paseo mar\u00edtimo, y ofrece piscina exterior, un restaurante, conexi\u00f3n Wi-Fi. M\u00e1s informaci\u00f3n aqu\u00ed!\" \/>\n<meta name=\"twitter:site\" content=\"@naturegalapagos\" \/>\n<meta name=\"twitter:label1\" content=\"Tiempo de lectura\" \/>\n\t<meta name=\"twitter:data1\" content=\"2 minutos\" \/>\n<!-- \/ Yoast SEO Premium plugin. -->","yoast_head_json":{"title":"Hotel Las Palmeras Galapagos | Isla Santa Cruz - Gal\u00e1pagos","description":"El Hotel las Palmeras Galapagos est\u00e1 a 5 minutos a pie del paseo mar\u00edtimo, y ofrece piscina exterior, un restaurante, conexi\u00f3n Wi-Fi. M\u00e1s informaci\u00f3n aqu\u00ed!","robots":{"index":"index","follow":"follow","max-snippet":"max-snippet:-1","max-image-preview":"max-image-preview:large","max-video-preview":"max-video-preview:-1"},"canonical":"https:\/\/naturegalapagos.com\/es\/hoteles-en-galapagos\/santa-cruz-galapagos\/hotel-las-palmeras-galapagos\/","og_locale":"es_ES","og_type":"article","og_title":"Hotel Las Palmeras Galapagos | Santa Cruz - Gal\u00e1pagos","og_description":"El Hotel las Palmeras Galapagos est\u00e1 a 5 minutos a pie del paseo mar\u00edtimo, y ofrece piscina exterior, un restaurante, conexi\u00f3n Wi-Fi. M\u00e1s informaci\u00f3n aqu\u00ed!","og_url":"https:\/\/naturegalapagos.com\/es\/hoteles-en-galapagos\/santa-cruz-galapagos\/hotel-las-palmeras-galapagos\/","og_site_name":"Espa\u00f1ol - Nature Galapagos &amp; Ecuador","article_publisher":"https:\/\/www.facebook.com\/naturegalapagosecuador\/","article_modified_time":"2025-03-13T16:35:16+00:00","og_image":[{"width":1024,"height":512,"url":"https:\/\/naturegalapagos.com\/es\/wp-content\/uploads\/sites\/3\/2015\/07\/hotel-las-palmeras-galapagos.jpg","type":"image\/jpeg"}],"twitter_card":"summary_large_image","twitter_title":"Hotel Las Palmeras Galapagos | Santa Cruz - Gal\u00e1pagos","twitter_description":"El Hotel las Palmeras Galapagos est\u00e1 a 5 minutos a pie del paseo mar\u00edtimo, y ofrece piscina exterior, un restaurante, conexi\u00f3n Wi-Fi. M\u00e1s informaci\u00f3n aqu\u00ed!","twitter_site":"@naturegalapagos","twitter_misc":{"Tiempo de lectura":"2 minutos"},"schema":{"@context":"https:\/\/schema.org","@graph":[{"@type":"WebPage","@id":"https:\/\/naturegalapagos.com\/es\/hoteles-en-galapagos\/santa-cruz-galapagos\/hotel-las-palmeras-galapagos\/","url":"https:\/\/naturegalapagos.com\/es\/hoteles-en-galapagos\/santa-cruz-galapagos\/hotel-las-palmeras-galapagos\/","name":"Hotel Las Palmeras Galapagos | Isla Santa Cruz - Gal\u00e1pagos","isPartOf":{"@id":"https:\/\/naturegalapagos.com\/es\/#website"},"primaryImageOfPage":{"@id":"https:\/\/naturegalapagos.com\/es\/hoteles-en-galapagos\/santa-cruz-galapagos\/hotel-las-palmeras-galapagos\/#primaryimage"},"image":{"@id":"https:\/\/naturegalapagos.com\/es\/hoteles-en-galapagos\/santa-cruz-galapagos\/hotel-las-palmeras-galapagos\/#primaryimage"},"thumbnailUrl":"https:\/\/naturegalapagos.com\/es\/wp-content\/uploads\/sites\/3\/2024\/09\/hotel-las-palmeras-vista-hotel.webp","datePublished":"2024-09-20T21:21:22+00:00","dateModified":"2025-03-13T16:35:16+00:00","description":"El Hotel las Palmeras Galapagos est\u00e1 a 5 minutos a pie del paseo mar\u00edtimo, y ofrece piscina exterior, un restaurante, conexi\u00f3n Wi-Fi. M\u00e1s informaci\u00f3n aqu\u00ed!","breadcrumb":{"@id":"https:\/\/naturegalapagos.com\/es\/hoteles-en-galapagos\/santa-cruz-galapagos\/hotel-las-palmeras-galapagos\/#breadcrumb"},"inLanguage":"es","potentialAction":[{"@type":"ReadAction","target":["https:\/\/naturegalapagos.com\/es\/hoteles-en-galapagos\/santa-cruz-galapagos\/hotel-las-palmeras-galapagos\/"]}]},{"@type":"ImageObject","inLanguage":"es","@id":"https:\/\/naturegalapagos.com\/es\/hoteles-en-galapagos\/santa-cruz-galapagos\/hotel-las-palmeras-galapagos\/#primaryimage","url":"https:\/\/naturegalapagos.com\/es\/wp-content\/uploads\/sites\/3\/2024\/09\/hotel-las-palmeras-vista-hotel.webp","contentUrl":"https:\/\/naturegalapagos.com\/es\/wp-content\/uploads\/sites\/3\/2024\/09\/hotel-las-palmeras-vista-hotel.webp","width":500,"height":375,"caption":"hotel las palmeras vista hotel"},{"@type":"BreadcrumbList","@id":"https:\/\/naturegalapagos.com\/es\/hoteles-en-galapagos\/santa-cruz-galapagos\/hotel-las-palmeras-galapagos\/#breadcrumb","itemListElement":[{"@type":"ListItem","position":1,"name":"Home","item":"https:\/\/naturegalapagos.com\/es\/"},{"@type":"ListItem","position":2,"name":"Tienda","item":"https:\/\/naturegalapagos.com\/es\/tienda\/"},{"@type":"ListItem","position":3,"name":"Hotel Las Palmeras Galapagos"}]},{"@type":"WebSite","@id":"https:\/\/naturegalapagos.com\/es\/#website","url":"https:\/\/naturegalapagos.com\/es\/","name":"Espa\u00f1ol - Nature Galapagos & Ecuador","description":"","publisher":{"@id":"https:\/\/naturegalapagos.com\/es\/#organization"},"potentialAction":[{"@type":"SearchAction","target":{"@type":"EntryPoint","urlTemplate":"https:\/\/naturegalapagos.com\/es\/?s={search_term_string}"},"query-input":{"@type":"PropertyValueSpecification","valueRequired":true,"valueName":"search_term_string"}}],"inLanguage":"es"},{"@type":"Organization","@id":"https:\/\/naturegalapagos.com\/es\/#organization","name":"Espa\u00f1ol - Nature Galapagos & Ecuador","url":"https:\/\/naturegalapagos.com\/es\/","logo":{"@type":"ImageObject","inLanguage":"es","@id":"https:\/\/naturegalapagos.com\/es\/#\/schema\/logo\/image\/","url":"https:\/\/naturegalapagos.com\/es\/wp-content\/uploads\/sites\/3\/2016\/10\/Nature-Galapagos-Logo-COM-300x300.jpg","contentUrl":"https:\/\/naturegalapagos.com\/es\/wp-content\/uploads\/sites\/3\/2016\/10\/Nature-Galapagos-Logo-COM-300x300.jpg","width":300,"height":300,"caption":"Espa\u00f1ol - Nature Galapagos & Ecuador"},"image":{"@id":"https:\/\/naturegalapagos.com\/es\/#\/schema\/logo\/image\/"},"sameAs":["https:\/\/www.facebook.com\/naturegalapagosecuador\/","https:\/\/x.com\/naturegalapagos","https:\/\/www.instagram.com\/naturegalapagos\/","https:\/\/www.pinterest.com\/Naturegalapagos\/","https:\/\/www.youtube.com\/user\/NatureGalapagosTours"]}]}},"_links":{"self":[{"href":"https:\/\/naturegalapagos.com\/es\/wp-json\/wp\/v2\/product\/2877","targetHints":{"allow":["GET"]}}],"collection":[{"href":"https:\/\/naturegalapagos.com\/es\/wp-json\/wp\/v2\/product"}],"about":[{"href":"https:\/\/naturegalapagos.com\/es\/wp-json\/wp\/v2\/types\/product"}],"replies":[{"embeddable":true,"href":"https:\/\/naturegalapagos.com\/es\/wp-json\/wp\/v2\/comments?post=2877"}],"wp:featuredmedia":[{"embeddable":true,"href":"https:\/\/naturegalapagos.com\/es\/wp-json\/wp\/v2\/media\/6956"}],"wp:attachment":[{"href":"https:\/\/naturegalapagos.com\/es\/wp-json\/wp\/v2\/media?parent=2877"}],"wp:term":[{"taxonomy":"product_brand","embeddable":true,"href":"https:\/\/naturegalapagos.com\/es\/wp-json\/wp\/v2\/product_brand?post=2877"},{"taxonomy":"product_cat","embeddable":true,"href":"https:\/\/naturegalapagos.com\/es\/wp-json\/wp\/v2\/product_cat?post=2877"},{"taxonomy":"product_tag","embeddable":true,"href":"https:\/\/naturegalapagos.com\/es\/wp-json\/wp\/v2\/product_tag?post=2877"}],"curies":[{"name":"wp","href":"https:\/\/api.w.org\/{rel}","templated":true}]}}