{"id":2884,"date":"2024-12-16T15:57:03","date_gmt":"2024-12-16T20:57:03","guid":{"rendered":"http:\/\/naturegalapagos.com\/es\/tours-en-galapagos\/isabela-tuneles-cabo-rosa\/"},"modified":"2025-06-06T10:45:45","modified_gmt":"2025-06-06T14:45:45","slug":"tours-en-galapagos-tour-diario-isla-seymour-norte","status":"publish","type":"product","link":"https:\/\/naturegalapagos.com\/es\/tours-en-galapagos\/tours-diarios-isla-seymour-norte\/","title":{"rendered":"Tours Diario a Isla Seymour Norte"},"content":{"rendered":"<div class=\"wpb-content-wrapper\"><h2 style=\"text-align: left;\"><span style=\"font-family: arial, helvetica, sans-serif;\"><strong>Tour diario Isla Seymour Norte desde Puerto Ayora (Isla Santa Cruz)<\/strong><\/span><\/h2>\n<p><span style=\"font-family: arial, helvetica, sans-serif;\">Descubra la fascinante Isla Seymour Norte en un tour diario desde Puerto Ayora. Ideal para amantes de la naturaleza, ofrece observaci\u00f3n de aves como fragatas y piqueros de patas azules, adem\u00e1s de paisajes \u00fanicos en un recorrido guiado de 6 a 7 horas.<\/span><\/p>\n<h3><span style=\"font-family: arial, helvetica, sans-serif;\"><strong>LO DESTACADO:<\/strong><\/span><\/h3>\n<ul>\n<li><span style=\"font-family: arial, helvetica, sans-serif;\">Es un lugar de los mejores para la observaci\u00f3n de Aves.<\/span><\/li>\n<li><span style=\"font-family: arial, helvetica, sans-serif;\">Posibilidad de ver los Albatros.<\/span><\/li>\n<li><span style=\"font-family: arial, helvetica, sans-serif;\">Se puede ver nidos de piqueros de patas azules reci\u00e9n nacidos. (Depender\u00e1 de las temporadas)<\/span><\/li>\n<\/ul>\n<p><span style=\"font-family: arial, helvetica, sans-serif;\"><!--more--><\/span><\/p>\n<table class=\"table table-bordered tours-tabs__table\" style=\"height: 233px; width: 858px;\">\n<tbody>\n<tr style=\"height: 24px;\">\n<td style=\"height: 24px; width: 212px;\"><span style=\"font-family: arial, helvetica, sans-serif;\"><strong>SALIDAS COMPARTIDAS<\/strong><\/span><\/td>\n<td style=\"height: 24px; width: 634px;\"><span style=\"font-family: arial, helvetica, sans-serif;\">\u00a0Martes, Mi\u00e9rcoles, Viernes y S\u00e1bado.<\/span><\/td>\n<\/tr>\n<tr style=\"height: 24.875px;\">\n<td style=\"height: 24.875px; width: 212px;\"><span style=\"font-family: arial, helvetica, sans-serif;\"><strong>PUNTO DE PARTIDA<\/strong><\/span><\/td>\n<td style=\"height: 24.875px; width: 634px;\"><span style=\"font-family: arial, helvetica, sans-serif;\">Hotel u Hostal de alojamiento<\/span><\/td>\n<\/tr>\n<tr style=\"height: 24px;\">\n<td style=\"height: 24px; width: 212px;\"><span style=\"font-family: arial, helvetica, sans-serif;\"><strong>PUNTO DE REGRESO<\/strong><\/span><\/td>\n<td style=\"height: 24px; width: 634px;\"><span style=\"font-family: arial, helvetica, sans-serif;\">Hotel u Hostal de alojamiento<\/span><\/td>\n<\/tr>\n<tr style=\"height: 24px;\">\n<td style=\"height: 24px; width: 212px;\"><span style=\"font-family: arial, helvetica, sans-serif;\"><strong>HORA DE SALIDA<\/strong><\/span><\/td>\n<td style=\"height: 24px; width: 634px;\"><span style=\"font-family: arial, helvetica, sans-serif;\">Alrededor de las 08.00 am<\/span><\/td>\n<\/tr>\n<tr style=\"height: 24px;\">\n<td style=\"height: 24px; width: 212px;\"><span style=\"font-family: arial, helvetica, sans-serif;\"><strong>DURACI\u00d3N<\/strong><\/span><\/td>\n<td style=\"height: 24px; width: 634px;\"><span style=\"font-family: arial, helvetica, sans-serif;\">6 &#8211; 7\u00a0horas aproximadamente.<\/span><\/td>\n<\/tr>\n<tr style=\"height: 24px;\">\n<td style=\"height: 24px; width: 212px;\"><span style=\"font-family: arial, helvetica, sans-serif;\"><strong>QUE USAR<\/strong><\/span><\/td>\n<td style=\"height: 24px; width: 634px;\"><span style=\"font-family: arial, helvetica, sans-serif;\">Agua, ropa ligera, chaquetas impermeables, sombrero, protector solar, zapatos para caminar, zapatos de agua, protector solar, traje de neopreno, repelente de mosquitos.<\/span><\/td>\n<\/tr>\n<tr style=\"height: 23px;\">\n<td style=\"height: 23px; width: 212px;\"><span style=\"font-family: arial, helvetica, sans-serif;\"><strong>INCLUYE<\/strong><\/span><\/td>\n<td style=\"height: 23px; width: 634px;\"><span style=\"font-family: arial, helvetica, sans-serif;\"><i class=\"fa fa-check icon-tick icon-tick--on\"><\/i> Gu\u00eda profesional biling\u00fce.<\/span>\n<p><span style=\"font-family: arial, helvetica, sans-serif;\"><i class=\"fa fa-check icon-tick icon-tick--on\"><\/i> Transporte &#8211; recoger \/ dejar en el hotel.<\/span><\/p>\n<p><span style=\"font-family: arial, helvetica, sans-serif;\"><i class=\"fa fa-check icon-tick icon-tick--on\"><\/i> Equipo de snorkel.<\/span><\/p>\n<p><span style=\"font-family: arial, helvetica, sans-serif;\"><i class=\"fa fa-check icon-tick icon-tick--on\"><\/i> Box Lunch.<\/span><\/p><\/td>\n<\/tr>\n<tr style=\"height: 38px;\">\n<td style=\"height: 38px; width: 212px;\"><span style=\"font-family: arial, helvetica, sans-serif;\"><strong>NO INCLUYE<\/strong><\/span><\/td>\n<td style=\"height: 38px; width: 634px;\"><span style=\"font-family: arial, helvetica, sans-serif;\"><i class=\"fa fa-times icon-tick icon-tick--off\"><\/i>\u00a0Wetsuit<\/span>\n<p><i class=\"fa fa-times icon-tick icon-tick--off\"><\/i> Entrada al Parque Nacional Galapagos USD <strong>200,00 por persona<\/strong><\/p>\n<p><span style=\"font-family: arial, helvetica, sans-serif;\"><i class=\"fa fa-times icon-tick icon-tick--off\"><\/i> Propinas (opcional)<\/span><\/p><\/td>\n<\/tr>\n<\/tbody>\n<\/table>\n<p><strong>NOTA IMPORTANTE:<\/strong> Para cumplir con este tour, <strong>debe estar en la Isla Santa Cruz (Puerto Ayora) un d\u00eda antes de la salida.<\/strong><\/p>\n<p><strong>NOTA:<\/strong> Consultar por las tarifas con alimentaci\u00f3n completa o solo desayunos.<\/p>\n<h3><span style=\"font-family: arial, helvetica, sans-serif; font-size: 18pt;\"><span style=\"color: #000000;\"><b>Descripci\u00f3n<\/b><\/span><strong><span style=\"color: #000000;\">\u00a0del Tour: Isla Seymour Norte.<\/span><\/strong><\/span><\/h3>\n<p><span style=\"font-family: arial, helvetica, sans-serif;\">En la ma\u00f1ana entre las 08:00 am \u2013 08:30 am lo pasaremos a recoger por el hotel que haya elegido para su estad\u00eda en Galapagos.<\/span><br \/>\n<span style=\"font-family: arial, helvetica, sans-serif;\"> Luego nos trasladamos en bus o camionetas por 45 minutos aproximadamente con direcci\u00f3n al Canal de Itabaca, lugar el cual abordaremos la embarcaci\u00f3n en la cual navegaremos del Canal de Itabaca a la Isla Seymour Norte que se encuentra localizada a 2 km desde este sitio.<\/span><\/p>\n<p><span style=\"font-family: arial, helvetica, sans-serif;\">Esta isla, conjuntamente con Plaza Sur y Norte, Baltra, Santa Fe y parte de Espa\u00f1ola, se crearon por el erupciones volc\u00e1nicas internas que a lo largo del tiempo (millones de a\u00f1os) se fueron superponiendo hasta tener la apariencia actual.<\/span><\/p>\n<h4><span style=\"font-family: arial, helvetica, sans-serif;\">Avistamiento de animales<\/span><\/h4>\n<p><span style=\"font-family: arial, helvetica, sans-serif;\">El recorrido empieza con un desembarque seco en piedra bas\u00e1ltica negra muy resbalosa para lo cual se debe utilizar unas zapatillas apropiadas. Se realizar\u00e1 una peque\u00f1a caminata a modo de escalada en \u201cpillow lavas\u201d y posterior el camino es regular y f\u00e1cil, se observar\u00e1n fragatas a lo largo del sendero. Otras especies a encontrar son: gaviotas de lava, lobos marinos, gaviotin pardo, pelicanos, aves tropicales. Este sendero, en forma de anillo grande se lo puede recorrer por el lado de la orilla o ir primero isla adentro para observar colonias de piqueros, dependiendo las indicaciones de gu\u00eda.<\/span><\/p>\n<p><span style=\"font-family: arial, helvetica, sans-serif;\">Si usted toma el camino de la orilla, podr\u00e1 observar senderos de iguanas por lo que se pide tener cuidado al momento de la caminata. Las jaur\u00edas de lobos marinos usualmente descansan en una plaza de piedra a la izquierda del sendero. De igual forma, este punto ofrece una vista espectacular de las islas Daphne, la mayor y la menor.<\/span><\/p>\n<p><span style=\"font-family: arial, helvetica, sans-serif;\">Por la derecha del sendero, encontramos colonias de anidaci\u00f3n de fragatas y es la m\u00e1s numerosa en todas las islas. Las fragatas hacen sus nidos en la vegetaci\u00f3n arbustiva aleda\u00f1a siendo inusual el hecho que los p\u00e1jaros en Gal\u00e1pagos realicen sus nidos en estas peque\u00f1as ramas. Siempre se pide que no se salgan del sendero ya que es un \u00e1rea de anidaci\u00f3n. Los nidos improvisados son construidos con peque\u00f1as piedras, ramitas y son marcadas por un anillo de guano blanco alrededor de \u00e1rea donde est\u00e1 el huevo del ave.<\/span><\/p>\n<p><span style=\"font-family: arial, helvetica, sans-serif;\">Una planta end\u00e9mica de esta isla es el \u00e1rbol de palo santo. En \u00e9pocas de verano parecen \u00e1rboles muertos, pero luego de las lluvias desde Febrero, se ponen verdes de un d\u00eda al otro. Otras especies son el Opuntia cactus, Croton, Castela, y Sesuvium. Hay ocasiones que se puede observar a iguanas verdes bajo los arbustos tomando sombra. Estos animales fueron introducidos en Seymour para probar si pueden sobrevivir a otro paisaje ya que se las encuentra por lo general en Baltra.<\/span><\/p>\n<h3><span style=\"font-family: arial, helvetica, sans-serif; font-size: 18pt;\"><strong>ESTAR ATENTOS A:<\/strong><\/span><\/h3>\n<p><span style=\"font-family: arial, helvetica, sans-serif;\">Lobo marinos, lagartijas de lava, fragatas, piqueros de patas azules, piqueros de nazca, piqueros de patas rojas, pelicanos, gaviotas cola bifurcada, iguanas marinas, gaviotas de lava, Tiburones de Gal\u00e1pagos (Tintoreras), peses multicolores, Manglares, sitios de anidaci\u00f3n de aves.<\/span><\/p>\n<p>[vc_row][vc_column el_class=&#8221;accocruise&#8221;][vc_column_text]\n<div class=\"panel panel-default accordion__item\">\n\t<div class=\"panel-heading accordion__item__title-wrap\">\n\t\t<h4 class=\"panel-title\">\n\t\t\t<a data-toggle=\"collapse\" data-parent=\"#ataccordion0\" href=\"#ataccordion0_1\" class=\"accordion__item__link collapsed\">Solicite m\u00e1s informaci\u00f3n<\/a>\n\t\t<\/h4>\n\t<\/div>\n\t<div id=\"ataccordion0_1\" class=\"panel-collapse collapse\">\n\t\t<div class=\"panel-body accordion__item__content\">\n                <div class=\"ml-embedded\" data-form=\"0sAREb\"><\/div>\n            \n<\/div>\n\t<\/div>\n<\/div>[\/vc_column_text][\/vc_column][\/vc_row]<\/p>\n<div id=\"footable_parent_7479\"\n         class=\" footable_parent ninja_table_wrapper loading_ninja_table wp_table_data_press_parent semantic_ui \">\n                    <h3 class=\"table_title footable_title\">Tarifas de entrada al Parque Nacional Gal\u00e1pagos<\/h3>\n                                <div\n                class=\"table_description footable_description\">Vigentes desde Agosto de 2024<\/div>\n                    <table data-ninja_table_instance=\"ninja_table_instance_0\" data-footable_id=\"7479\" data-filter-delay=\"1000\" aria-label=\"Tarifas de entrada al Parque Nacional Gal\u00e1pagos\"            id=\"footable_7479\"\n           data-unique_identifier=\"ninja_table_unique_id_918563228_7479\"\n           class=\" foo-table ninja_footable foo_table_7479 ninja_table_unique_id_918563228_7479 ui table  nt_type_legacy_table vertical_centered  footable-paging-right ninja_table_search_disabled ninja_table_pro\">\n                <colgroup>\n                            <col class=\"ninja_column_0 \"\/>\n                            <col class=\"ninja_column_1 \"\/>\n                    <\/colgroup>\n        <thead>\n<tr class=\"footable-header\">\n                                        <th scope=\"col\"  class=\"ninja_column_0 ninja_clmn_nm_categoria \">Categor\u00eda<\/th><th scope=\"col\"  class=\"ninja_column_1 ninja_clmn_nm_tarifa_usd \">Tarifa (USD)<\/th><\/tr>\n<\/thead>\n<tbody>\n\n        <tr data-row_id=\"2514\" class=\"ninja_table_row_0 nt_row_id_2514\">\n            <td>Turistas extranjeros (mayores de 12 a\u00f1os)<\/td><td>$200<\/td>        <\/tr>\n            <tr data-row_id=\"2515\" class=\"ninja_table_row_1 nt_row_id_2515\">\n            <td>Ni\u00f1os extranjeros (menores de 12 a\u00f1os)<\/td><td>$100<\/td>        <\/tr>\n            <tr data-row_id=\"2516\" class=\"ninja_table_row_2 nt_row_id_2516\">\n            <td>Turistas de pa\u00edses de la Comunidad Andina y MERCOSUR (mayores de 12 a\u00f1os)<\/td><td>$100<\/td>        <\/tr>\n            <tr data-row_id=\"2517\" class=\"ninja_table_row_3 nt_row_id_2517\">\n            <td>Ni\u00f1os de pa\u00edses de la Comunidad Andina y MERCOSUR (menores de 12 a\u00f1os)<\/td><td>$50<\/td>        <\/tr>\n            <tr data-row_id=\"2518\" class=\"ninja_table_row_4 nt_row_id_2518\">\n            <td>Ecuatorianos y residentes en Ecuador (mayores de 12 a\u00f1os)<\/td><td>$30<\/td>        <\/tr>\n            <tr data-row_id=\"2519\" class=\"ninja_table_row_5 nt_row_id_2519\">\n            <td>Ni\u00f1os ecuatorianos y residentes en Ecuador (menores de 12 a\u00f1os)<\/td><td>$15<\/td>        <\/tr>\n            <tr data-row_id=\"2520\" class=\"ninja_table_row_6 nt_row_id_2520\">\n            <td>Adultos mayores (65 a\u00f1os o m\u00e1s, nacionales o residentes)<\/td><td>$15<\/td>        <\/tr>\n            <tr data-row_id=\"2521\" class=\"ninja_table_row_7 nt_row_id_2521\">\n            <td>Personas con discapacidad (certificadas por CONADIS)<\/td><td>$15<\/td>        <\/tr>\n            <tr data-row_id=\"2522\" class=\"ninja_table_row_8 nt_row_id_2522\">\n            <td>Estudiantes extranjeros matriculados en instituciones ecuatorianas<\/td><td>$50<\/td>        <\/tr>\n            <tr data-row_id=\"2523\" class=\"ninja_table_row_9 nt_row_id_2523\">\n            <td>Ni\u00f1os menores de 2 a\u00f1os (nacionales o extranjeros)<\/td><td>Exentos<\/td>        <\/tr>\n    <\/tbody><!--ninja_tobody_rendering_done-->\n    <\/table>\n    \n    \n    \n<\/div>\n\n<p>&nbsp;<\/p>\n<div id=\"footable_parent_7481\"\n         class=\" footable_parent ninja_table_wrapper loading_ninja_table wp_table_data_press_parent semantic_ui \">\n                    <h3 class=\"table_title footable_title\">Informaci\u00f3n Adicional<\/h3>\n                        <table data-ninja_table_instance=\"ninja_table_instance_1\" data-footable_id=\"7481\" data-filter-delay=\"1000\" aria-label=\"Informaci\u00f3n Adicional\"            id=\"footable_7481\"\n           data-unique_identifier=\"ninja_table_unique_id_531651319_7481\"\n           class=\" foo-table ninja_footable foo_table_7481 ninja_table_unique_id_531651319_7481 ui table  nt_type_legacy_table vertical_centered  footable-paging-right ninjatable_hide_header_row ninja_table_search_disabled ninja_table_pro\">\n                <colgroup>\n                            <col class=\"ninja_column_0 \"\/>\n                            <col class=\"ninja_column_1 \"\/>\n                    <\/colgroup>\n        <thead>\n<tr class=\"footable-header\">\n                                        <th scope=\"col\"  class=\"ninja_column_0 ninja_clmn_nm_forma_de_pago \">Columna 1<\/th><th scope=\"col\"  class=\"ninja_column_1 ninja_clmn_nm_tarjeta_de_conrtol_de_transito \">Columna 2<\/th><\/tr>\n<\/thead>\n<tbody>\n\n        <tr data-row_id=\"2524\" class=\"ninja_table_row_0 nt_row_id_2524\">\n            <td>Forma de pago:<\/td><td>La tarifa se abona en efectivo (USD) al llegar a los aeropuertos de Baltra o San Crist\u00f3bal.<\/td>        <\/tr>\n            <tr data-row_id=\"2525\" class=\"ninja_table_row_1 nt_row_id_2525\">\n            <td>Tarjeta de Control de Tr\u00e1nsito (TCT):<\/td><td>Adem\u00e1s, es obligatorio adquirir esta tarjeta por un valor de $20, la cual se obtiene en los aeropuertos de Quito o Guayaquil antes de abordar el vuelo hacia Gal\u00e1pagos.<\/td>        <\/tr>\n            <tr data-row_id=\"2526\" class=\"ninja_table_row_2 nt_row_id_2526\">\n            <td>Documentaci\u00f3n necesaria:<\/td><td>Pasaporte o c\u00e9dula de identidad vigente, y en el caso de estudiantes extranjeros, presentar el comprobante de matr\u00edcula en una instituci\u00f3n educativa ecuatoriana.<\/td>        <\/tr>\n    <\/tbody><!--ninja_tobody_rendering_done-->\n    <\/table>\n    \n    \n    \n<\/div>\n\n<\/div>","protected":false},"excerpt":{"rendered":"<p>Tour diario isla Seymour Norte desde Puerto Ayora un lugar muy especial por la cantidad de aves marinas que habitan, Piqueros de Patas Azules, Fragatas.<\/p>\n","protected":false},"featured_media":2890,"comment_status":"open","ping_status":"closed","template":"","meta":{"_joinchat":[]},"product_brand":[],"product_cat":[3599],"product_tag":[],"class_list":{"0":"post-2884","1":"product","2":"type-product","3":"status-publish","4":"has-post-thumbnail","6":"product_cat-sin-categoria","7":"tour_category-ofertas-de-viajes","8":"tour_category-tours-en-galapagos","10":"first","11":"instock","12":"taxable","13":"shipping-taxable","14":"product-type-tour"},"yoast_head":"<!-- This site is optimized with the Yoast SEO Premium plugin v25.6 (Yoast SEO v26.1.1) - https:\/\/yoast.com\/wordpress\/plugins\/seo\/ -->\n<title>Tour diario Isla Seymour Norte desde Puerto Ayora (Santa Cruz)<\/title>\n<meta name=\"description\" content=\"Tour diario isla Seymour Norte desde Puerto Ayora un lugar muy especial por la cantidad de aves marinas que habitan, Piqueros de Patas Azules, Fragatas.\" \/>\n<meta name=\"robots\" content=\"index, follow, max-snippet:-1, max-image-preview:large, max-video-preview:-1\" \/>\n<link rel=\"canonical\" href=\"https:\/\/naturegalapagos.com\/es\/tours-en-galapagos\/tours-diarios-isla-seymour-norte\/\" \/>\n<meta property=\"og:locale\" content=\"es_ES\" \/>\n<meta property=\"og:type\" content=\"article\" \/>\n<meta property=\"og:title\" content=\"Tours Diario a Isla Seymour Norte\" \/>\n<meta property=\"og:description\" content=\"Tour diario isla Seymour Norte desde Puerto Ayora un lugar muy especial por la cantidad de aves marinas que habitan, Piqueros de Patas Azules, Fragatas.\" \/>\n<meta property=\"og:url\" content=\"https:\/\/naturegalapagos.com\/es\/tours-en-galapagos\/tours-diarios-isla-seymour-norte\/\" \/>\n<meta property=\"og:site_name\" content=\"Espa\u00f1ol - Nature Galapagos &amp; Ecuador\" \/>\n<meta property=\"article:publisher\" content=\"https:\/\/www.facebook.com\/naturegalapagosecuador\/\" \/>\n<meta property=\"article:modified_time\" content=\"2025-06-06T14:45:45+00:00\" \/>\n<meta property=\"og:image\" content=\"https:\/\/naturegalapagos.com\/es\/wp-content\/uploads\/sites\/3\/2016\/08\/tours-diarios-en-galapagos.jpg\" \/>\n\t<meta property=\"og:image:width\" content=\"1024\" \/>\n\t<meta property=\"og:image:height\" content=\"512\" \/>\n\t<meta property=\"og:image:type\" content=\"image\/jpeg\" \/>\n<meta name=\"twitter:card\" content=\"summary_large_image\" \/>\n<meta name=\"twitter:site\" content=\"@naturegalapagos\" \/>\n<meta name=\"twitter:label1\" content=\"Tiempo de lectura\" \/>\n\t<meta name=\"twitter:data1\" content=\"4 minutos\" \/>\n<!-- \/ Yoast SEO Premium plugin. -->","yoast_head_json":{"title":"Tour diario Isla Seymour Norte desde Puerto Ayora (Santa Cruz)","description":"Tour diario isla Seymour Norte desde Puerto Ayora un lugar muy especial por la cantidad de aves marinas que habitan, Piqueros de Patas Azules, Fragatas.","robots":{"index":"index","follow":"follow","max-snippet":"max-snippet:-1","max-image-preview":"max-image-preview:large","max-video-preview":"max-video-preview:-1"},"canonical":"https:\/\/naturegalapagos.com\/es\/tours-en-galapagos\/tours-diarios-isla-seymour-norte\/","og_locale":"es_ES","og_type":"article","og_title":"Tours Diario a Isla Seymour Norte","og_description":"Tour diario isla Seymour Norte desde Puerto Ayora un lugar muy especial por la cantidad de aves marinas que habitan, Piqueros de Patas Azules, Fragatas.","og_url":"https:\/\/naturegalapagos.com\/es\/tours-en-galapagos\/tours-diarios-isla-seymour-norte\/","og_site_name":"Espa\u00f1ol - Nature Galapagos &amp; Ecuador","article_publisher":"https:\/\/www.facebook.com\/naturegalapagosecuador\/","article_modified_time":"2025-06-06T14:45:45+00:00","og_image":[{"width":1024,"height":512,"url":"https:\/\/naturegalapagos.com\/es\/wp-content\/uploads\/sites\/3\/2016\/08\/tours-diarios-en-galapagos.jpg","type":"image\/jpeg"}],"twitter_card":"summary_large_image","twitter_site":"@naturegalapagos","twitter_misc":{"Tiempo de lectura":"4 minutos"},"schema":{"@context":"https:\/\/schema.org","@graph":[{"@type":"WebPage","@id":"https:\/\/naturegalapagos.com\/es\/tours-en-galapagos\/tours-diarios-isla-seymour-norte\/","url":"https:\/\/naturegalapagos.com\/es\/tours-en-galapagos\/tours-diarios-isla-seymour-norte\/","name":"Tour diario Isla Seymour Norte desde Puerto Ayora (Santa Cruz)","isPartOf":{"@id":"https:\/\/naturegalapagos.com\/es\/#website"},"primaryImageOfPage":{"@id":"https:\/\/naturegalapagos.com\/es\/tours-en-galapagos\/tours-diarios-isla-seymour-norte\/#primaryimage"},"image":{"@id":"https:\/\/naturegalapagos.com\/es\/tours-en-galapagos\/tours-diarios-isla-seymour-norte\/#primaryimage"},"thumbnailUrl":"https:\/\/naturegalapagos.com\/es\/wp-content\/uploads\/sites\/3\/2016\/08\/tours-diarios-en-galapagos.jpg","datePublished":"2024-12-16T20:57:03+00:00","dateModified":"2025-06-06T14:45:45+00:00","description":"Tour diario isla Seymour Norte desde Puerto Ayora un lugar muy especial por la cantidad de aves marinas que habitan, Piqueros de Patas Azules, Fragatas.","breadcrumb":{"@id":"https:\/\/naturegalapagos.com\/es\/tours-en-galapagos\/tours-diarios-isla-seymour-norte\/#breadcrumb"},"inLanguage":"es","potentialAction":[{"@type":"ReadAction","target":["https:\/\/naturegalapagos.com\/es\/tours-en-galapagos\/tours-diarios-isla-seymour-norte\/"]}]},{"@type":"ImageObject","inLanguage":"es","@id":"https:\/\/naturegalapagos.com\/es\/tours-en-galapagos\/tours-diarios-isla-seymour-norte\/#primaryimage","url":"https:\/\/naturegalapagos.com\/es\/wp-content\/uploads\/sites\/3\/2016\/08\/tours-diarios-en-galapagos.jpg","contentUrl":"https:\/\/naturegalapagos.com\/es\/wp-content\/uploads\/sites\/3\/2016\/08\/tours-diarios-en-galapagos.jpg","width":1024,"height":512,"caption":"Tours Diarios en Galapagos"},{"@type":"BreadcrumbList","@id":"https:\/\/naturegalapagos.com\/es\/tours-en-galapagos\/tours-diarios-isla-seymour-norte\/#breadcrumb","itemListElement":[{"@type":"ListItem","position":1,"name":"Home","item":"https:\/\/naturegalapagos.com\/es\/"},{"@type":"ListItem","position":2,"name":"Tienda","item":"https:\/\/naturegalapagos.com\/es\/tienda\/"},{"@type":"ListItem","position":3,"name":"Tours Diario a Isla Seymour Norte"}]},{"@type":"WebSite","@id":"https:\/\/naturegalapagos.com\/es\/#website","url":"https:\/\/naturegalapagos.com\/es\/","name":"Espa\u00f1ol - Nature Galapagos & Ecuador","description":"","publisher":{"@id":"https:\/\/naturegalapagos.com\/es\/#organization"},"potentialAction":[{"@type":"SearchAction","target":{"@type":"EntryPoint","urlTemplate":"https:\/\/naturegalapagos.com\/es\/?s={search_term_string}"},"query-input":{"@type":"PropertyValueSpecification","valueRequired":true,"valueName":"search_term_string"}}],"inLanguage":"es"},{"@type":"Organization","@id":"https:\/\/naturegalapagos.com\/es\/#organization","name":"Espa\u00f1ol - Nature Galapagos & Ecuador","url":"https:\/\/naturegalapagos.com\/es\/","logo":{"@type":"ImageObject","inLanguage":"es","@id":"https:\/\/naturegalapagos.com\/es\/#\/schema\/logo\/image\/","url":"https:\/\/naturegalapagos.com\/es\/wp-content\/uploads\/sites\/3\/2016\/10\/Nature-Galapagos-Logo-COM-300x300.jpg","contentUrl":"https:\/\/naturegalapagos.com\/es\/wp-content\/uploads\/sites\/3\/2016\/10\/Nature-Galapagos-Logo-COM-300x300.jpg","width":300,"height":300,"caption":"Espa\u00f1ol - Nature Galapagos & Ecuador"},"image":{"@id":"https:\/\/naturegalapagos.com\/es\/#\/schema\/logo\/image\/"},"sameAs":["https:\/\/www.facebook.com\/naturegalapagosecuador\/","https:\/\/x.com\/naturegalapagos","https:\/\/www.instagram.com\/naturegalapagos\/","https:\/\/www.pinterest.com\/Naturegalapagos\/","https:\/\/www.youtube.com\/user\/NatureGalapagosTours"]}]}},"_links":{"self":[{"href":"https:\/\/naturegalapagos.com\/es\/wp-json\/wp\/v2\/product\/2884","targetHints":{"allow":["GET"]}}],"collection":[{"href":"https:\/\/naturegalapagos.com\/es\/wp-json\/wp\/v2\/product"}],"about":[{"href":"https:\/\/naturegalapagos.com\/es\/wp-json\/wp\/v2\/types\/product"}],"replies":[{"embeddable":true,"href":"https:\/\/naturegalapagos.com\/es\/wp-json\/wp\/v2\/comments?post=2884"}],"wp:featuredmedia":[{"embeddable":true,"href":"https:\/\/naturegalapagos.com\/es\/wp-json\/wp\/v2\/media\/2890"}],"wp:attachment":[{"href":"https:\/\/naturegalapagos.com\/es\/wp-json\/wp\/v2\/media?parent=2884"}],"wp:term":[{"taxonomy":"product_brand","embeddable":true,"href":"https:\/\/naturegalapagos.com\/es\/wp-json\/wp\/v2\/product_brand?post=2884"},{"taxonomy":"product_cat","embeddable":true,"href":"https:\/\/naturegalapagos.com\/es\/wp-json\/wp\/v2\/product_cat?post=2884"},{"taxonomy":"product_tag","embeddable":true,"href":"https:\/\/naturegalapagos.com\/es\/wp-json\/wp\/v2\/product_tag?post=2884"}],"curies":[{"name":"wp","href":"https:\/\/api.w.org\/{rel}","templated":true}]}}