{"id":3247,"date":"2024-12-05T13:59:00","date_gmt":"2024-12-05T18:59:00","guid":{"rendered":"https:\/\/naturegalapagos.com\/es\/hoteles-en-galapagos\/santa-cruz-galapagos\/hotel-isla-sol\/"},"modified":"2024-12-05T14:03:55","modified_gmt":"2024-12-05T19:03:55","slug":"hoteles-en-galapagossanta-cruz-galapagoshotel-villa-laguna-galapagos","status":"publish","type":"product","link":"https:\/\/naturegalapagos.com\/es\/hoteles-en-galapagos\/santa-cruz-galapagos\/hotel-villa-laguna-galapagos\/","title":{"rendered":"Hotel Villa Laguna Galapagos"},"content":{"rendered":"<h2><span style=\"font-family: arial, helvetica, sans-serif;\">Hotel Villa Laguna<\/span><\/h2>\n<p><span style=\"font-family: arial, helvetica, sans-serif;\"><strong>Bienvenido<\/strong> al <strong>Hotel Villa Laguna<\/strong>, un refugio encantador y confortable en Puerto Ayora, Isla Santa Cruz, <strong>estrat\u00e9gicamente<\/strong> enclavado en el coraz\u00f3n de las Islas Gal\u00e1pagos. <strong>Ubicado<\/strong> en diagonal frente a la <strong>ic\u00f3nica<\/strong> Laguna Las Ninfas y <strong>a tan solo unos pasos<\/strong> de la pintoresca Playa Tortuga Bay. As\u00ed mismo, nuestro hotel <strong>proporciona<\/strong> el entorno ideal para una estad\u00eda <strong>aut\u00e9ntica y memorable<\/strong> en las Gal\u00e1pagos.<\/span><\/p>\n<p><span style=\"font-family: arial, helvetica, sans-serif;\"><strong>Adem\u00e1s<\/strong>, nuestro hotel est\u00e1 dise\u00f1ado pensando en los viajeros nacionales e internacionales, <strong>brindando<\/strong> la combinaci\u00f3n perfecta de relajaci\u00f3n y comodidad. <strong>Ya sea que desees<\/strong> explorar la belleza natural de la isla o disfrutar de sus diversas atracciones, en el <strong>Hotel Villa Laguna<\/strong> encontrar\u00e1s el lugar ideal para tu aventura.<\/span><\/p>\n<h3><span style=\"font-family: arial, helvetica, sans-serif;\">Caracter\u00edsticas:<\/span><\/h3>\n<ul>\n<li><span style=\"font-family: arial, helvetica, sans-serif;\"><strong>Piscina:<\/strong> Rel\u00e1jese y refr\u00e9squese en nuestra atractiva piscina al aire libre, <strong>perfecta<\/strong> para disfrutar de un momento de tranquilidad despu\u00e9s de un d\u00eda de exploraci\u00f3n.<\/span><\/li>\n<li><span style=\"font-family: arial, helvetica, sans-serif;\"><strong>Desayuno gratuito:<\/strong> Comience el d\u00eda con un delicioso desayuno, <strong>incluido<\/strong> en su estad\u00eda, <strong>ideal<\/strong> para recargar energ\u00edas antes de sus aventuras.<\/span><\/li>\n<li><span style=\"font-family: arial, helvetica, sans-serif;\"><strong>WiFi:<\/strong> Disfrute de la conectividad WiFi (velocidad de Gal\u00e1pagos) para mantenerse en contacto con sus seres queridos, <strong>ya sea<\/strong> compartiendo fotos o planificando su pr\u00f3ximo recorrido.<\/span><\/li>\n<li><span style=\"font-family: arial, helvetica, sans-serif;\"><strong>Informaci\u00f3n y asistencia:<\/strong> Nuestro amable personal est\u00e1 aqu\u00ed para ayudarlo con todo lo que necesite, <strong>garantizando<\/strong> que su visita sea inolvidable y llena de momentos especiales<\/span><\/li>\n<\/ul>\n<h3><span style=\"font-family: arial, helvetica, sans-serif;\">Tipos de habitaciones:<\/span><\/h3>\n<ol>\n<li><span style=\"font-family: arial, helvetica, sans-serif;\">Matrimonial Deluxe. Acogedora habitaci\u00f3n para dos con ba\u00f1o privado, agua caliente, TV por cable, WiFi y caja fuerte.<\/span><\/li>\n<li><span style=\"font-family: arial, helvetica, sans-serif;\">Habitaci\u00f3n Twin Deluxe: ideal para grupos de 2 a 4 personas, con ba\u00f1o privado, agua caliente, TV por cable, WiFi y caja de seguridad.<\/span><\/li>\n<li><span style=\"font-family: arial, helvetica, sans-serif;\">Habitaci\u00f3n Superior Familiar: amplia habitaci\u00f3n para 3 a 5 personas con todas las comodidades para una estad\u00eda c\u00f3moda.<\/span><\/li>\n<li><span style=\"font-family: arial, helvetica, sans-serif;\">Habitaci\u00f3n Doble Est\u00e1ndar: perfecta para viajeros solos o parejas, con todos los elementos esenciales incluidos.<\/span><\/li>\n<li><span style=\"font-family: arial, helvetica, sans-serif;\">Habitaci\u00f3n Twin Est\u00e1ndar: c\u00f3moda para dos personas, con ba\u00f1o privado y comodidades est\u00e1ndar.<\/span><\/li>\n<li><span style=\"font-family: arial, helvetica, sans-serif;\">Habitaci\u00f3n Triple Est\u00e1ndar: dise\u00f1ada para tres personas, con todas las comodidades necesarias.<\/span><\/li>\n<li><span style=\"font-family: arial, helvetica, sans-serif;\">Habitaci\u00f3n Twin Deluxe con balc\u00f3n: tiene capacidad para 2 a 4 personas y cuenta con balc\u00f3n privado.<\/span><\/li>\n<li><span style=\"font-family: arial, helvetica, sans-serif;\">Habitaci\u00f3n Matrimonial con balc\u00f3n: habitaci\u00f3n para 1 o 2 personas con balc\u00f3n privado para disfrutar de vistas relajantes.<\/span><\/li>\n<li><span style=\"font-family: arial, helvetica, sans-serif;\">Habitaci\u00f3n Matrimonial con terraza: disfrute de una terraza privada para una mayor relajaci\u00f3n.<\/span><\/li>\n<\/ol>\n<h4><span style=\"font-family: arial, helvetica, sans-serif;\">Amenidades:<\/span><\/h4>\n<ul>\n<li><span style=\"font-family: arial, helvetica, sans-serif;\">Piscina<\/span><\/li>\n<li><span style=\"font-family: arial, helvetica, sans-serif;\">WiFi<\/span><\/li>\n<li><span style=\"font-family: arial, helvetica, sans-serif;\">Agua Caliente<\/span><\/li>\n<li><span style=\"font-family: arial, helvetica, sans-serif;\">Cafeter\u00eda<\/span><\/li>\n<li><span style=\"font-family: arial, helvetica, sans-serif;\">Recepci\u00f3n<\/span><\/li>\n<li><span style=\"font-family: arial, helvetica, sans-serif;\">TV Cable<\/span><\/li>\n<\/ul>\n<p><span style=\"font-family: arial, helvetica, sans-serif;\">El Hotel Villa Laguna dispone de 16 confortables habitaciones, que incluyen ba\u00f1o privado, agua fr\u00eda \/ caliente, aire acondicionado, TV, minibar y caja fuerte. Posee su propio restaurante llamado el Manglar, donde se puede tomar el desayuno, el almuerzo y la cena justo en frente de la piscina.<\/span><\/p>\n<div class=\"panel-group accordion\" id=\"ataccordion1\"><br \/>\n\n<div class=\"panel panel-default accordion__item\">\n\t<div class=\"panel-heading accordion__item__title-wrap\">\n\t\t<h4 class=\"panel-title\">\n\t\t\t<a data-toggle=\"collapse\" data-parent=\"#ataccordion1\" href=\"#ataccordion1_1\" class=\"accordion__item__link collapsed\">Solicitar Informaci\u00f3n<\/a>\n\t\t<\/h4>\n\t<\/div>\n\t<div id=\"ataccordion1_1\" class=\"panel-collapse collapse\">\n\t\t<div class=\"panel-body accordion__item__content\">                <div class=\"ml-embedded\" data-form=\"j85i5z\"><\/div>\n            <\/div>\n\t<\/div>\n<\/div><br \/>\n<\/div>\n","protected":false},"excerpt":{"rendered":"<p>El Hotel Villa Laguna dispone de 16 confortables habitaciones, que incluyen ba\u00f1o privado, agua fr\u00eda \/ caliente, aire acondicionado, TV, minibar y caja fuerte. Posee su propio restaurante llamado el Manglar, donde se puede tomar el desayuno, el almuerzo y la cena justo en frente de la piscina.<\/p>\n","protected":false},"featured_media":7079,"comment_status":"open","ping_status":"closed","template":"","meta":{"_joinchat":[]},"product_brand":[],"product_cat":[3599],"product_tag":[],"class_list":{"0":"post-3247","1":"product","2":"type-product","3":"status-publish","4":"has-post-thumbnail","6":"product_cat-sin-categoria","7":"tour_category-hoteles-en-santa-cruz","9":"first","10":"instock","11":"taxable","12":"shipping-taxable","13":"product-type-tour"},"yoast_head":"<!-- This site is optimized with the Yoast SEO Premium plugin v25.6 (Yoast SEO v26.1.1) - https:\/\/yoast.com\/wordpress\/plugins\/seo\/ -->\n<title>Hotel Villa Laguna Galapagos | Santa Cruz - Gal\u00e1pagos<\/title>\n<meta name=\"description\" content=\"Hotel Villa Laguna Galapagos se encuentra en la isla de Santa Cruz y es un hermoso lugar para admirar la vida silvestre en las Islas Encantadas. Clic aqu\u00ed!\" \/>\n<meta name=\"robots\" content=\"index, follow, max-snippet:-1, max-image-preview:large, max-video-preview:-1\" \/>\n<link rel=\"canonical\" href=\"https:\/\/naturegalapagos.com\/es\/hoteles-en-galapagos\/santa-cruz-galapagos\/hotel-villa-laguna-galapagos\/\" \/>\n<meta property=\"og:locale\" content=\"es_ES\" \/>\n<meta property=\"og:type\" content=\"article\" \/>\n<meta property=\"og:title\" content=\"Hotel Villa Laguna Galapagos | Santa Cruz - Gal\u00e1pagos\" \/>\n<meta property=\"og:description\" content=\"Hotel Villa Laguna Galapagos se encuentra en la isla de Santa Cruz y es un hermoso lugar para admirar la vida silvestre en las Islas Encantadas. Clic aqu\u00ed!\" \/>\n<meta property=\"og:url\" content=\"https:\/\/naturegalapagos.com\/es\/hoteles-en-galapagos\/santa-cruz-galapagos\/hotel-villa-laguna-galapagos\/\" \/>\n<meta property=\"og:site_name\" content=\"Espa\u00f1ol - Nature Galapagos &amp; Ecuador\" \/>\n<meta property=\"article:publisher\" content=\"https:\/\/www.facebook.com\/naturegalapagosecuador\/\" \/>\n<meta property=\"article:modified_time\" content=\"2024-12-05T19:03:55+00:00\" \/>\n<meta property=\"og:image\" content=\"https:\/\/naturegalapagos.com\/es\/wp-content\/uploads\/sites\/3\/2016\/10\/hotel-villa-laguna-galapagos.jpg\" \/>\n\t<meta property=\"og:image:width\" content=\"1024\" \/>\n\t<meta property=\"og:image:height\" content=\"512\" \/>\n\t<meta property=\"og:image:type\" content=\"image\/jpeg\" \/>\n<meta name=\"twitter:card\" content=\"summary_large_image\" \/>\n<meta name=\"twitter:title\" content=\"Hotel Villa Laguna Galapagos | Santa Cruz - Gal\u00e1pagos\" \/>\n<meta name=\"twitter:description\" content=\"Hotel Villa Laguna Galapagos se encuentra en la isla de Santa Cruz y es un hermoso lugar para admirar la vida silvestre en las Islas Encantadas. Clic aqu\u00ed!\" \/>\n<meta name=\"twitter:site\" content=\"@naturegalapagos\" \/>\n<meta name=\"twitter:label1\" content=\"Tiempo de lectura\" \/>\n\t<meta name=\"twitter:data1\" content=\"3 minutos\" \/>\n<!-- \/ Yoast SEO Premium plugin. -->","yoast_head_json":{"title":"Hotel Villa Laguna Galapagos | Santa Cruz - Gal\u00e1pagos","description":"Hotel Villa Laguna Galapagos se encuentra en la isla de Santa Cruz y es un hermoso lugar para admirar la vida silvestre en las Islas Encantadas. Clic aqu\u00ed!","robots":{"index":"index","follow":"follow","max-snippet":"max-snippet:-1","max-image-preview":"max-image-preview:large","max-video-preview":"max-video-preview:-1"},"canonical":"https:\/\/naturegalapagos.com\/es\/hoteles-en-galapagos\/santa-cruz-galapagos\/hotel-villa-laguna-galapagos\/","og_locale":"es_ES","og_type":"article","og_title":"Hotel Villa Laguna Galapagos | Santa Cruz - Gal\u00e1pagos","og_description":"Hotel Villa Laguna Galapagos se encuentra en la isla de Santa Cruz y es un hermoso lugar para admirar la vida silvestre en las Islas Encantadas. Clic aqu\u00ed!","og_url":"https:\/\/naturegalapagos.com\/es\/hoteles-en-galapagos\/santa-cruz-galapagos\/hotel-villa-laguna-galapagos\/","og_site_name":"Espa\u00f1ol - Nature Galapagos &amp; Ecuador","article_publisher":"https:\/\/www.facebook.com\/naturegalapagosecuador\/","article_modified_time":"2024-12-05T19:03:55+00:00","og_image":[{"width":1024,"height":512,"url":"https:\/\/naturegalapagos.com\/es\/wp-content\/uploads\/sites\/3\/2016\/10\/hotel-villa-laguna-galapagos.jpg","type":"image\/jpeg"}],"twitter_card":"summary_large_image","twitter_title":"Hotel Villa Laguna Galapagos | Santa Cruz - Gal\u00e1pagos","twitter_description":"Hotel Villa Laguna Galapagos se encuentra en la isla de Santa Cruz y es un hermoso lugar para admirar la vida silvestre en las Islas Encantadas. Clic aqu\u00ed!","twitter_site":"@naturegalapagos","twitter_misc":{"Tiempo de lectura":"3 minutos"},"schema":{"@context":"https:\/\/schema.org","@graph":[{"@type":"WebPage","@id":"https:\/\/naturegalapagos.com\/es\/hoteles-en-galapagos\/santa-cruz-galapagos\/hotel-villa-laguna-galapagos\/","url":"https:\/\/naturegalapagos.com\/es\/hoteles-en-galapagos\/santa-cruz-galapagos\/hotel-villa-laguna-galapagos\/","name":"Hotel Villa Laguna Galapagos | Santa Cruz - Gal\u00e1pagos","isPartOf":{"@id":"https:\/\/naturegalapagos.com\/es\/#website"},"primaryImageOfPage":{"@id":"https:\/\/naturegalapagos.com\/es\/hoteles-en-galapagos\/santa-cruz-galapagos\/hotel-villa-laguna-galapagos\/#primaryimage"},"image":{"@id":"https:\/\/naturegalapagos.com\/es\/hoteles-en-galapagos\/santa-cruz-galapagos\/hotel-villa-laguna-galapagos\/#primaryimage"},"thumbnailUrl":"https:\/\/naturegalapagos.com\/es\/wp-content\/uploads\/sites\/3\/2024\/12\/Vista-panoramica-del-Hotel-Villa-Laguna.webp","datePublished":"2024-12-05T18:59:00+00:00","dateModified":"2024-12-05T19:03:55+00:00","description":"Hotel Villa Laguna Galapagos se encuentra en la isla de Santa Cruz y es un hermoso lugar para admirar la vida silvestre en las Islas Encantadas. Clic aqu\u00ed!","breadcrumb":{"@id":"https:\/\/naturegalapagos.com\/es\/hoteles-en-galapagos\/santa-cruz-galapagos\/hotel-villa-laguna-galapagos\/#breadcrumb"},"inLanguage":"es","potentialAction":[{"@type":"ReadAction","target":["https:\/\/naturegalapagos.com\/es\/hoteles-en-galapagos\/santa-cruz-galapagos\/hotel-villa-laguna-galapagos\/"]}]},{"@type":"ImageObject","inLanguage":"es","@id":"https:\/\/naturegalapagos.com\/es\/hoteles-en-galapagos\/santa-cruz-galapagos\/hotel-villa-laguna-galapagos\/#primaryimage","url":"https:\/\/naturegalapagos.com\/es\/wp-content\/uploads\/sites\/3\/2024\/12\/Vista-panoramica-del-Hotel-Villa-Laguna.webp","contentUrl":"https:\/\/naturegalapagos.com\/es\/wp-content\/uploads\/sites\/3\/2024\/12\/Vista-panoramica-del-Hotel-Villa-Laguna.webp","width":1500,"height":1000,"caption":"Vista panor\u00e1mica del Hotel Villa Laguna"},{"@type":"BreadcrumbList","@id":"https:\/\/naturegalapagos.com\/es\/hoteles-en-galapagos\/santa-cruz-galapagos\/hotel-villa-laguna-galapagos\/#breadcrumb","itemListElement":[{"@type":"ListItem","position":1,"name":"Home","item":"https:\/\/naturegalapagos.com\/es\/"},{"@type":"ListItem","position":2,"name":"Tienda","item":"https:\/\/naturegalapagos.com\/es\/tienda\/"},{"@type":"ListItem","position":3,"name":"Hotel Villa Laguna Galapagos"}]},{"@type":"WebSite","@id":"https:\/\/naturegalapagos.com\/es\/#website","url":"https:\/\/naturegalapagos.com\/es\/","name":"Espa\u00f1ol - Nature Galapagos & Ecuador","description":"","publisher":{"@id":"https:\/\/naturegalapagos.com\/es\/#organization"},"potentialAction":[{"@type":"SearchAction","target":{"@type":"EntryPoint","urlTemplate":"https:\/\/naturegalapagos.com\/es\/?s={search_term_string}"},"query-input":{"@type":"PropertyValueSpecification","valueRequired":true,"valueName":"search_term_string"}}],"inLanguage":"es"},{"@type":"Organization","@id":"https:\/\/naturegalapagos.com\/es\/#organization","name":"Espa\u00f1ol - Nature Galapagos & Ecuador","url":"https:\/\/naturegalapagos.com\/es\/","logo":{"@type":"ImageObject","inLanguage":"es","@id":"https:\/\/naturegalapagos.com\/es\/#\/schema\/logo\/image\/","url":"https:\/\/naturegalapagos.com\/es\/wp-content\/uploads\/sites\/3\/2016\/10\/Nature-Galapagos-Logo-COM-300x300.jpg","contentUrl":"https:\/\/naturegalapagos.com\/es\/wp-content\/uploads\/sites\/3\/2016\/10\/Nature-Galapagos-Logo-COM-300x300.jpg","width":300,"height":300,"caption":"Espa\u00f1ol - Nature Galapagos & Ecuador"},"image":{"@id":"https:\/\/naturegalapagos.com\/es\/#\/schema\/logo\/image\/"},"sameAs":["https:\/\/www.facebook.com\/naturegalapagosecuador\/","https:\/\/x.com\/naturegalapagos","https:\/\/www.instagram.com\/naturegalapagos\/","https:\/\/www.pinterest.com\/Naturegalapagos\/","https:\/\/www.youtube.com\/user\/NatureGalapagosTours"]}]}},"_links":{"self":[{"href":"https:\/\/naturegalapagos.com\/es\/wp-json\/wp\/v2\/product\/3247","targetHints":{"allow":["GET"]}}],"collection":[{"href":"https:\/\/naturegalapagos.com\/es\/wp-json\/wp\/v2\/product"}],"about":[{"href":"https:\/\/naturegalapagos.com\/es\/wp-json\/wp\/v2\/types\/product"}],"replies":[{"embeddable":true,"href":"https:\/\/naturegalapagos.com\/es\/wp-json\/wp\/v2\/comments?post=3247"}],"wp:featuredmedia":[{"embeddable":true,"href":"https:\/\/naturegalapagos.com\/es\/wp-json\/wp\/v2\/media\/7079"}],"wp:attachment":[{"href":"https:\/\/naturegalapagos.com\/es\/wp-json\/wp\/v2\/media?parent=3247"}],"wp:term":[{"taxonomy":"product_brand","embeddable":true,"href":"https:\/\/naturegalapagos.com\/es\/wp-json\/wp\/v2\/product_brand?post=3247"},{"taxonomy":"product_cat","embeddable":true,"href":"https:\/\/naturegalapagos.com\/es\/wp-json\/wp\/v2\/product_cat?post=3247"},{"taxonomy":"product_tag","embeddable":true,"href":"https:\/\/naturegalapagos.com\/es\/wp-json\/wp\/v2\/product_tag?post=3247"}],"curies":[{"name":"wp","href":"https:\/\/api.w.org\/{rel}","templated":true}]}}