{"id":3838,"date":"2017-02-03T10:27:16","date_gmt":"2017-02-03T15:27:16","guid":{"rendered":"https:\/\/naturegalapagos.com\/es\/cruceros-galapagos\/crucero-alia-galapagos\/"},"modified":"2024-08-29T15:57:37","modified_gmt":"2024-08-29T19:57:37","slug":"mc-crucero-alia-galapagos","status":"publish","type":"product","link":"https:\/\/naturegalapagos.com\/es\/cruceros-galapagos\/crucero-alya-galapagos\/","title":{"rendered":"M\/C Crucero Alya Gal\u00e1pagos"},"content":{"rendered":"<div class=\"wpb-content-wrapper\"><p>[vc_row][vc_column][vc_column_text]<\/p>\n<div style=\"display: flex; justify-content: end; margin-bottom: 10px;\"><span style=\"font-family: arial, helvetica, sans-serif;\"><a href=\"https:\/\/naturegalapagos.com\/es\/ofertas-de-viajes\/\" target=\"_blank\" rel=\"noopener\"><img decoding=\"async\" src=\"https:\/\/naturegalapagos.com\/es\/wp-content\/uploads\/sites\/3\/2019\/11\/las-minute-deals-gif_Final_espa\u00f1ol.gif\" alt=\"Oferta de cruceros en Gal\u00e1pagos\" width=\"227.5\" height=\"77.25\" \/><\/a><\/span><\/div>\n<h2><span style=\"font-family: arial, helvetica, sans-serif; font-size: 24px;\"><strong>Descripci\u00f3n del M\/C Crucero Alya Gal\u00e1pagos:<\/strong><\/span><\/h2>\n<p><span style=\"font-family: arial, helvetica, sans-serif;\">Este <strong>nuevo catamar\u00e1n<\/strong> cuenta con 9 c\u00f3modas cabinas con balc\u00f3n privado. Todas las caba\u00f1as cuentan con ba\u00f1o privado, agua fr\u00eda\/caliente, aire acondicionado, secadora de cabello, tel\u00e9fono para comunicaci\u00f3n interna a bordo, caja de seguridad y todas las camas pueden ser dobles o twin.<\/span><\/p>\n<p><span style=\"font-family: arial, helvetica, sans-serif;\">Emb\u00e1rquese en un viaje extraordinario a trav\u00e9s de las &#8220;Islas Encantadas&#8221; a bordo del <strong>crucero de lujo M\/C Alya<\/strong>, cari\u00f1osamente conocido como &#8220;<strong>La Joya de Gal\u00e1pagos<\/strong>&#8220;. Del\u00e9itese con la perfecci\u00f3n de su dise\u00f1o, que refleja la belleza incomparable de este para\u00edso \u00fanico. Experimente un viaje dorado marcado por una deliciosa gastronom\u00eda y un servicio personalizado en un ambiente c\u00f3modo y exclusivo, equipado con tecnolog\u00eda de navegaci\u00f3n de \u00faltima generaci\u00f3n para mostrar lo mejor de las Islas Gal\u00e1pagos. Cuidado al detalle, nuestro barco ofrece un ambiente de lujo en la parte trasera, con vistas al mar, televisi\u00f3n, DVD, peque\u00f1a biblioteca y ludoteca.<\/span><\/p>\n<p><span style=\"font-family: arial, helvetica, sans-serif;\">Del\u00e9itese con un men\u00fa diverso para 16 personas, que incluye opciones vegetarianas, veganas y sin gluten, complementado con una estaci\u00f3n de caf\u00e9 las 24 horas y un bar con bebidas nacionales e internacionales. Completo con tumbonas, tumbonas y jacuzzi, nuestro barco define el lujo mientras explora las <strong>maravillas de las Islas Gal\u00e1pagos<\/strong>. El M\/C Alya cuenta con <strong>\u00e1reas sociales<\/strong> como Biblioteca, Comedor, Bar y Asoleadero.<\/span><\/p>\n<p><span style=\"font-family: arial, helvetica, sans-serif;\"><!--more--><\/span><\/p>\n<h3><span style=\"font-family: arial, helvetica, sans-serif; font-size: 20px;\"><strong>Principales caracter\u00edsticas<\/strong><\/span><\/h3>\n<ul>\n<li style=\"text-align: justify;\"><span style=\"font-family: arial, helvetica, sans-serif;\">El M\/C\u00a0Alya is uno de los <strong>mejores catamaranes de lujo en Gal\u00e1pagos<\/strong>.<\/span><\/li>\n<li style=\"text-align: justify;\"><span style=\"font-family: arial, helvetica, sans-serif;\">Comodidad, gran estabilidad y espaciosas cabinas a bordo del Alya.<\/span><\/li>\n<li style=\"text-align: justify;\"><span style=\"font-family: arial, helvetica, sans-serif;\">9 confortables cabinas, 8 de ellas con balc\u00f3n privado.<\/span><\/li>\n<li style=\"text-align: justify;\"><span style=\"font-family: arial, helvetica, sans-serif;\">Las excursiones son lideradas por Gu\u00edas Naturalistas nivel III.<\/span><\/li>\n<li style=\"text-align: justify;\"><span style=\"font-family: arial, helvetica, sans-serif;\">Variados itinerarios que permiten explorar las Islas Gal\u00e1pagos en su totalidad.<\/span><\/li>\n<\/ul>\n<table style=\"border-collapse: collapse; width: 100%;\">\n<thead>\n<tr>\n<td style=\"width: 100%; text-align: center;\" colspan=\"2\"><span style=\"font-family: arial, helvetica, sans-serif;\"><strong>Especificaciones Tecnicas<\/strong><\/span><\/td>\n<\/tr>\n<\/thead>\n<tbody>\n<tr style=\"height: 24px;\">\n<td style=\"height: 24px; width: 50%;\"><span style=\"font-family: arial, helvetica, sans-serif;\">A\u00f1o de Construcci\u00f3n:<\/span><\/td>\n<td style=\"height: 24px; width: 50%;\"><span style=\"font-family: arial, helvetica, sans-serif;\">2017<\/span><\/td>\n<\/tr>\n<tr style=\"height: 24px;\">\n<td style=\"height: 24px; width: 50%;\"><span style=\"font-family: arial, helvetica, sans-serif;\">Tipo:<\/span><\/td>\n<td style=\"height: 24px; width: 50%;\"><span style=\"font-family: arial, helvetica, sans-serif;\">Power Motor Catamaran<\/span><\/td>\n<\/tr>\n<tr style=\"height: 24px;\">\n<td style=\"height: 24px; width: 50%;\"><span style=\"font-family: arial, helvetica, sans-serif;\">Clase:<\/span><\/td>\n<td style=\"height: 24px; width: 50%;\"><span style=\"font-family: arial, helvetica, sans-serif;\">Lujo<\/span><\/td>\n<\/tr>\n<tr style=\"height: 24px;\">\n<td style=\"height: 24px; width: 50%;\"><span style=\"font-family: arial, helvetica, sans-serif;\">Capacidad:<\/span><\/td>\n<td style=\"height: 24px; width: 50%;\"><span style=\"font-family: arial, helvetica, sans-serif;\">16 pasajeros<\/span><\/td>\n<\/tr>\n<tr style=\"height: 24px;\">\n<td style=\"height: 24px; width: 50%;\"><span style=\"font-family: arial, helvetica, sans-serif;\">Longitud:<\/span><\/td>\n<td style=\"height: 24px; width: 50%;\"><span style=\"font-family: arial, helvetica, sans-serif;\">105 ft (32 m)<\/span><\/td>\n<\/tr>\n<tr style=\"height: 24.8125px;\">\n<td style=\"height: 24.8125px; width: 50%;\"><span style=\"font-family: arial, helvetica, sans-serif;\">Viga:<\/span><\/td>\n<td style=\"height: 24.8125px; width: 50%;\"><span style=\"font-family: arial, helvetica, sans-serif;\">\u00a043 ft (13 m)<\/span><\/td>\n<\/tr>\n<tr style=\"height: 24px;\">\n<td style=\"height: 24px; width: 50%;\"><span style=\"font-family: arial, helvetica, sans-serif;\">Calado:<\/span><\/td>\n<td style=\"height: 24px; width: 50%;\"><span style=\"font-family: arial, helvetica, sans-serif;\">5.6 ft (1,70 m)<\/span><\/td>\n<\/tr>\n<tr style=\"height: 24px;\">\n<td style=\"height: 24px; width: 50%;\"><span style=\"font-family: arial, helvetica, sans-serif;\">Motores Principales:<\/span><\/td>\n<td style=\"height: 24px; width: 50%;\"><span style=\"font-family: arial, helvetica, sans-serif;\">2 Cummins \u00a0350 HP<\/span><\/td>\n<\/tr>\n<tr style=\"height: 24px;\">\n<td style=\"height: 24px; width: 50%;\"><span style=\"font-family: arial, helvetica, sans-serif;\">Velocidad M\u00e1xima:<\/span><\/td>\n<td style=\"height: 24px; width: 50%;\"><span style=\"font-family: arial, helvetica, sans-serif;\">12\u00a0nudos<\/span><\/td>\n<\/tr>\n<tr style=\"height: 24px;\">\n<td style=\"height: 24px; width: 50%;\"><span style=\"font-family: arial, helvetica, sans-serif;\">Electricidad:<\/span><\/td>\n<td style=\"height: 24px; width: 50%;\"><span style=\"font-family: arial, helvetica, sans-serif;\">\u00a0110V y 220V<\/span><\/td>\n<\/tr>\n<tr style=\"height: 176px;\">\n<td style=\"height: 176px; width: 50%;\"><span style=\"font-family: arial, helvetica, sans-serif;\">\u00a0Seguridad y Navegaci\u00f3n<\/span><\/td>\n<td style=\"height: 176px; width: 50%;\"><span style=\"font-family: arial, helvetica, sans-serif;\">Todo el equipo cumple o excede las normas internacionales de seguridad::<\/span>\n<ul>\n<li><span style=\"font-family: arial, helvetica, sans-serif;\">Salva vidas<\/span><\/li>\n<li><span style=\"font-family: arial, helvetica, sans-serif;\">GPS<\/span><\/li>\n<li><span style=\"font-family: arial, helvetica, sans-serif;\">Sonar<\/span><\/li>\n<li><span style=\"font-family: arial, helvetica, sans-serif;\">Radares Navales<\/span><\/li>\n<li><span style=\"font-family: arial, helvetica, sans-serif;\">Sistemas de detecci\u00f3n y prevenci\u00f3n de incendios.<\/span><\/li>\n<\/ul>\n<\/td>\n<\/tr>\n<\/tbody>\n<\/table>\n<p>&nbsp;<\/p>\n<h3><span style=\"font-size: 20px; font-family: arial, helvetica, sans-serif;\">Planos de cubierta<\/span><\/h3>\n<div id=\"gallery_1\" class=\"gallery\">\n<div class=\"row gallery__items\">\n\t\t\t\t\t<div class=\"col-sm-3 gallery__item-wrap\" data-filterid=\"\">\n\t\t\t<a href=\"https:\/\/naturegalapagos.com\/es\/wp-content\/uploads\/sites\/3\/2024\/01\/alya-galapagos-catamaran-upper-deck-en.jpg\" class=\"swipebox gallery__item\" title=\"Cubierta superior\">\n\t\t\t\t<img decoding=\"async\" width=\"720\" height=\"480\" src=\"https:\/\/naturegalapagos.com\/es\/wp-content\/uploads\/sites\/3\/2024\/01\/alya-galapagos-catamaran-upper-deck-en-720x480.jpg\" class=\"attachment-thumb_gallery size-thumb_gallery\" alt=\"Cubierta superior del crucero Alya\" srcset=\"https:\/\/naturegalapagos.com\/es\/wp-content\/uploads\/sites\/3\/2024\/01\/alya-galapagos-catamaran-upper-deck-en-720x480.jpg 720w, https:\/\/naturegalapagos.com\/es\/wp-content\/uploads\/sites\/3\/2024\/01\/alya-galapagos-catamaran-upper-deck-en-531x354.jpg 531w, https:\/\/naturegalapagos.com\/es\/wp-content\/uploads\/sites\/3\/2024\/01\/alya-galapagos-catamaran-upper-deck-en-180x120.jpg 180w\" sizes=\"(max-width: 720px) 100vw, 720px\" \/>\t\t\t\t<span class=\"gallery__item__info\">\n\t\t\t\t\t<span class=\"gallery__item__info__content\">\n\t\t\t\t\t\t<span class=\"gallery__item__title\">Cubierta superior<\/span>\n\t\t\t\t\t\t\t\t\t\t<\/span>\n\t\t\t\t\t<span class=\"gallery__item__shadow\"><\/span>\n\t\t\t\t<\/span>\n\t\t\t<\/a>\n\t\t<\/div>\n\t\t\t\t\t<div class=\"col-sm-3 gallery__item-wrap\" data-filterid=\"\">\n\t\t\t<a href=\"https:\/\/naturegalapagos.com\/es\/wp-content\/uploads\/sites\/3\/2024\/01\/alya-galapagos-catamaran-sundeck-en.jpg\" class=\"swipebox gallery__item\" title=\"Solarium\">\n\t\t\t\t<img decoding=\"async\" width=\"720\" height=\"480\" src=\"https:\/\/naturegalapagos.com\/es\/wp-content\/uploads\/sites\/3\/2024\/01\/alya-galapagos-catamaran-sundeck-en-720x480.jpg\" class=\"attachment-thumb_gallery size-thumb_gallery\" alt=\"Solarium del crucero Alya\" srcset=\"https:\/\/naturegalapagos.com\/es\/wp-content\/uploads\/sites\/3\/2024\/01\/alya-galapagos-catamaran-sundeck-en-720x480.jpg 720w, https:\/\/naturegalapagos.com\/es\/wp-content\/uploads\/sites\/3\/2024\/01\/alya-galapagos-catamaran-sundeck-en-531x354.jpg 531w, https:\/\/naturegalapagos.com\/es\/wp-content\/uploads\/sites\/3\/2024\/01\/alya-galapagos-catamaran-sundeck-en-180x120.jpg 180w\" sizes=\"(max-width: 720px) 100vw, 720px\" \/>\t\t\t\t<span class=\"gallery__item__info\">\n\t\t\t\t\t<span class=\"gallery__item__info__content\">\n\t\t\t\t\t\t<span class=\"gallery__item__title\">Solarium<\/span>\n\t\t\t\t\t\t\t\t\t\t<\/span>\n\t\t\t\t\t<span class=\"gallery__item__shadow\"><\/span>\n\t\t\t\t<\/span>\n\t\t\t<\/a>\n\t\t<\/div>\n\t\t\t\t\t<div class=\"col-sm-3 gallery__item-wrap\" data-filterid=\"\">\n\t\t\t<a href=\"https:\/\/naturegalapagos.com\/es\/wp-content\/uploads\/sites\/3\/2024\/01\/alya-galapagos-catamaran-main-deck-en.jpg\" class=\"swipebox gallery__item\" title=\"Cubierta principal\">\n\t\t\t\t<img decoding=\"async\" width=\"720\" height=\"480\" src=\"https:\/\/naturegalapagos.com\/es\/wp-content\/uploads\/sites\/3\/2024\/01\/alya-galapagos-catamaran-main-deck-en-720x480.jpg\" class=\"attachment-thumb_gallery size-thumb_gallery\" alt=\"Cubierta principal del crucero Alya\" srcset=\"https:\/\/naturegalapagos.com\/es\/wp-content\/uploads\/sites\/3\/2024\/01\/alya-galapagos-catamaran-main-deck-en-720x480.jpg 720w, https:\/\/naturegalapagos.com\/es\/wp-content\/uploads\/sites\/3\/2024\/01\/alya-galapagos-catamaran-main-deck-en-531x354.jpg 531w, https:\/\/naturegalapagos.com\/es\/wp-content\/uploads\/sites\/3\/2024\/01\/alya-galapagos-catamaran-main-deck-en-180x120.jpg 180w\" sizes=\"(max-width: 720px) 100vw, 720px\" \/>\t\t\t\t<span class=\"gallery__item__info\">\n\t\t\t\t\t<span class=\"gallery__item__info__content\">\n\t\t\t\t\t\t<span class=\"gallery__item__title\">Cubierta principal<\/span>\n\t\t\t\t\t\t\t\t\t\t<\/span>\n\t\t\t\t\t<span class=\"gallery__item__shadow\"><\/span>\n\t\t\t\t<\/span>\n\t\t\t<\/a>\n\t\t<\/div>\n\t\t\t\t\t<div class=\"col-sm-3 gallery__item-wrap\" data-filterid=\"\">\n\t\t\t<a href=\"https:\/\/naturegalapagos.com\/es\/wp-content\/uploads\/sites\/3\/2024\/01\/alya-galapagos-catamaran-lower-deck-en.jpg\" class=\"swipebox gallery__item\" title=\"Cubierta inferior\">\n\t\t\t\t<img decoding=\"async\" width=\"720\" height=\"480\" src=\"https:\/\/naturegalapagos.com\/es\/wp-content\/uploads\/sites\/3\/2024\/01\/alya-galapagos-catamaran-lower-deck-en-720x480.jpg\" class=\"attachment-thumb_gallery size-thumb_gallery\" alt=\"Cubierta inferior del crucero Alya\" srcset=\"https:\/\/naturegalapagos.com\/es\/wp-content\/uploads\/sites\/3\/2024\/01\/alya-galapagos-catamaran-lower-deck-en-720x480.jpg 720w, https:\/\/naturegalapagos.com\/es\/wp-content\/uploads\/sites\/3\/2024\/01\/alya-galapagos-catamaran-lower-deck-en-531x354.jpg 531w, https:\/\/naturegalapagos.com\/es\/wp-content\/uploads\/sites\/3\/2024\/01\/alya-galapagos-catamaran-lower-deck-en-180x120.jpg 180w\" sizes=\"(max-width: 720px) 100vw, 720px\" \/>\t\t\t\t<span class=\"gallery__item__info\">\n\t\t\t\t\t<span class=\"gallery__item__info__content\">\n\t\t\t\t\t\t<span class=\"gallery__item__title\">Cubierta inferior<\/span>\n\t\t\t\t\t\t\t\t\t\t<\/span>\n\t\t\t\t\t<span class=\"gallery__item__shadow\"><\/span>\n\t\t\t\t<\/span>\n\t\t\t<\/a>\n\t\t<\/div>\n\t<\/div>\n<\/div>\n<p>[\/vc_column_text][\/vc_column][\/vc_row][vc_row][vc_column][vc_column_text]\n<div class=\"panel panel-default accordion__item\">\n\t<div class=\"panel-heading accordion__item__title-wrap\">\n\t\t<h4 class=\"panel-title\">\n\t\t\t<a data-toggle=\"collapse\" data-parent=\"#ataccordion0\" href=\"#ataccordion0_1\" class=\"accordion__item__link collapsed\">Solicite m\u00e1s informaci\u00f3n<\/a>\n\t\t<\/h4>\n\t<\/div>\n\t<div id=\"ataccordion0_1\" class=\"panel-collapse collapse\">\n\t\t<div class=\"panel-body accordion__item__content\">\n                <div class=\"ml-embedded\" data-form=\"nLvIjM\"><\/div>\n            \n<\/div>\n\t<\/div>\n<\/div>[\/vc_column_text][\/vc_column][\/vc_row][vc_row][vc_column][\/vc_column][\/vc_row]<\/p>\n<\/div>","protected":false},"excerpt":{"rendered":"<p>[vc_row][vc_column][vc_column_text] Descripci\u00f3n del M\/C Crucero Alya Gal\u00e1pagos: Este nuevo catamar\u00e1n cuenta con 9 c\u00f3modas cabinas con balc\u00f3n privado. Todas las caba\u00f1as cuentan con ba\u00f1o privado, agua fr\u00eda\/caliente, aire acondicionado, secadora de cabello, tel\u00e9fono para comunicaci\u00f3n interna a bordo, caja de seguridad y todas las camas pueden ser dobles o twin. Emb\u00e1rquese en un viaje extraordinario<\/p>\n<div class=\"padding-top text-center\"><a href=\"https:\/\/naturegalapagos.com\/es\/cruceros-galapagos\/crucero-alya-galapagos\/\" class=\"atbtn atbtn--medium atbtn--rounded atbtn--transparent\">Leer m\u00e1s<i class=\"atbtn__icon atbtn__icon--right fa fa-long-arrow-right\"><\/i><\/a><\/div>\n","protected":false},"featured_media":3847,"comment_status":"open","ping_status":"closed","template":"","meta":{"_joinchat":[]},"product_brand":[],"product_cat":[3599],"product_tag":[],"class_list":{"0":"post-3838","1":"product","2":"type-product","3":"status-publish","4":"has-post-thumbnail","6":"product_cat-sin-categoria","7":"tour_category-crucero-de-lujo","9":"first","10":"instock","11":"taxable","12":"shipping-taxable","13":"product-type-tour"},"yoast_head":"<!-- This site is optimized with the Yoast SEO Premium plugin v25.6 (Yoast SEO v26.1.1) - https:\/\/yoast.com\/wordpress\/plugins\/seo\/ -->\n<title>Crucero Alya Gal\u00e1pagos | Catamar\u00e1n de Lujo<\/title>\n<meta name=\"description\" content=\"M\/C Crucero Alya Gal\u00e1pagos incorpora en su dise\u00f1o alta calidad con excelentes precios para tener una experiencia de lujo en Gal\u00e1pagos. Cons\u00faltenos ... NG&amp;E\" \/>\n<meta name=\"robots\" content=\"index, follow, max-snippet:-1, max-image-preview:large, max-video-preview:-1\" \/>\n<link rel=\"canonical\" href=\"https:\/\/naturegalapagos.com\/es\/cruceros-galapagos\/crucero-alya-galapagos\/\" \/>\n<meta property=\"og:locale\" content=\"es_ES\" \/>\n<meta property=\"og:type\" content=\"article\" \/>\n<meta property=\"og:title\" content=\"Crucero Alya Gal\u00e1pagos | Catamar\u00e1n de Lujo\" \/>\n<meta property=\"og:description\" content=\"M\/C Crucero Alya Gal\u00e1pagos incorpora en su dise\u00f1o alta calidad con excelentes precios para tener una experiencia de lujo en Gal\u00e1pagos. Cons\u00faltenos ... NG&amp;E\" \/>\n<meta property=\"og:url\" content=\"https:\/\/naturegalapagos.com\/es\/cruceros-galapagos\/crucero-alya-galapagos\/\" \/>\n<meta property=\"og:site_name\" content=\"Espa\u00f1ol - Nature Galapagos &amp; Ecuador\" \/>\n<meta property=\"article:publisher\" content=\"https:\/\/www.facebook.com\/naturegalapagosecuador\/\" \/>\n<meta property=\"article:modified_time\" content=\"2024-08-29T19:57:37+00:00\" \/>\n<meta property=\"og:image\" content=\"https:\/\/naturegalapagos.com\/es\/wp-content\/uploads\/sites\/3\/2016\/06\/ocean-spray-crucero.jpg\" \/>\n\t<meta property=\"og:image:width\" content=\"1024\" \/>\n\t<meta property=\"og:image:height\" content=\"512\" \/>\n\t<meta property=\"og:image:type\" content=\"image\/jpeg\" \/>\n<meta name=\"twitter:card\" content=\"summary_large_image\" \/>\n<meta name=\"twitter:title\" content=\"Crucero Alya Gal\u00e1pagos | Catamar\u00e1n de Lujo\" \/>\n<meta name=\"twitter:description\" content=\"M\/C Crucero Alya Gal\u00e1pagos incorpora en su dise\u00f1o alta calidad con excelentes precios para tener una experiencia de lujo en Gal\u00e1pagos. Cons\u00faltenos ... NG&amp;E\" \/>\n<meta name=\"twitter:site\" content=\"@naturegalapagos\" \/>\n<meta name=\"twitter:label1\" content=\"Tiempo de lectura\" \/>\n\t<meta name=\"twitter:data1\" content=\"3 minutos\" \/>\n<!-- \/ Yoast SEO Premium plugin. -->","yoast_head_json":{"title":"Crucero Alya Gal\u00e1pagos | Catamar\u00e1n de Lujo","description":"M\/C Crucero Alya Gal\u00e1pagos incorpora en su dise\u00f1o alta calidad con excelentes precios para tener una experiencia de lujo en Gal\u00e1pagos. Cons\u00faltenos ... NG&E","robots":{"index":"index","follow":"follow","max-snippet":"max-snippet:-1","max-image-preview":"max-image-preview:large","max-video-preview":"max-video-preview:-1"},"canonical":"https:\/\/naturegalapagos.com\/es\/cruceros-galapagos\/crucero-alya-galapagos\/","og_locale":"es_ES","og_type":"article","og_title":"Crucero Alya Gal\u00e1pagos | Catamar\u00e1n de Lujo","og_description":"M\/C Crucero Alya Gal\u00e1pagos incorpora en su dise\u00f1o alta calidad con excelentes precios para tener una experiencia de lujo en Gal\u00e1pagos. Cons\u00faltenos ... NG&E","og_url":"https:\/\/naturegalapagos.com\/es\/cruceros-galapagos\/crucero-alya-galapagos\/","og_site_name":"Espa\u00f1ol - Nature Galapagos &amp; Ecuador","article_publisher":"https:\/\/www.facebook.com\/naturegalapagosecuador\/","article_modified_time":"2024-08-29T19:57:37+00:00","og_image":[{"width":1024,"height":512,"url":"https:\/\/naturegalapagos.com\/es\/wp-content\/uploads\/sites\/3\/2016\/06\/ocean-spray-crucero.jpg","type":"image\/jpeg"}],"twitter_card":"summary_large_image","twitter_title":"Crucero Alya Gal\u00e1pagos | Catamar\u00e1n de Lujo","twitter_description":"M\/C Crucero Alya Gal\u00e1pagos incorpora en su dise\u00f1o alta calidad con excelentes precios para tener una experiencia de lujo en Gal\u00e1pagos. Cons\u00faltenos ... NG&E","twitter_site":"@naturegalapagos","twitter_misc":{"Tiempo de lectura":"3 minutos"},"schema":{"@context":"https:\/\/schema.org","@graph":[{"@type":"WebPage","@id":"https:\/\/naturegalapagos.com\/es\/cruceros-galapagos\/crucero-alya-galapagos\/","url":"https:\/\/naturegalapagos.com\/es\/cruceros-galapagos\/crucero-alya-galapagos\/","name":"Crucero Alya Gal\u00e1pagos | Catamar\u00e1n de Lujo","isPartOf":{"@id":"https:\/\/naturegalapagos.com\/es\/#website"},"primaryImageOfPage":{"@id":"https:\/\/naturegalapagos.com\/es\/cruceros-galapagos\/crucero-alya-galapagos\/#primaryimage"},"image":{"@id":"https:\/\/naturegalapagos.com\/es\/cruceros-galapagos\/crucero-alya-galapagos\/#primaryimage"},"thumbnailUrl":"https:\/\/naturegalapagos.com\/es\/wp-content\/uploads\/sites\/3\/2017\/02\/crucero-alia-galapagos.jpg","datePublished":"2017-02-03T15:27:16+00:00","dateModified":"2024-08-29T19:57:37+00:00","description":"M\/C Crucero Alya Gal\u00e1pagos incorpora en su dise\u00f1o alta calidad con excelentes precios para tener una experiencia de lujo en Gal\u00e1pagos. Cons\u00faltenos ... NG&E","breadcrumb":{"@id":"https:\/\/naturegalapagos.com\/es\/cruceros-galapagos\/crucero-alya-galapagos\/#breadcrumb"},"inLanguage":"es","potentialAction":[{"@type":"ReadAction","target":["https:\/\/naturegalapagos.com\/es\/cruceros-galapagos\/crucero-alya-galapagos\/"]}]},{"@type":"ImageObject","inLanguage":"es","@id":"https:\/\/naturegalapagos.com\/es\/cruceros-galapagos\/crucero-alya-galapagos\/#primaryimage","url":"https:\/\/naturegalapagos.com\/es\/wp-content\/uploads\/sites\/3\/2017\/02\/crucero-alia-galapagos.jpg","contentUrl":"https:\/\/naturegalapagos.com\/es\/wp-content\/uploads\/sites\/3\/2017\/02\/crucero-alia-galapagos.jpg","width":1092,"height":512,"caption":"Crucero Alia Gal\u00e1pagos"},{"@type":"BreadcrumbList","@id":"https:\/\/naturegalapagos.com\/es\/cruceros-galapagos\/crucero-alya-galapagos\/#breadcrumb","itemListElement":[{"@type":"ListItem","position":1,"name":"Home","item":"https:\/\/naturegalapagos.com\/es\/"},{"@type":"ListItem","position":2,"name":"Tienda","item":"https:\/\/naturegalapagos.com\/es\/tienda\/"},{"@type":"ListItem","position":3,"name":"M\/C Crucero Alya Gal\u00e1pagos"}]},{"@type":"WebSite","@id":"https:\/\/naturegalapagos.com\/es\/#website","url":"https:\/\/naturegalapagos.com\/es\/","name":"Espa\u00f1ol - Nature Galapagos & Ecuador","description":"","publisher":{"@id":"https:\/\/naturegalapagos.com\/es\/#organization"},"potentialAction":[{"@type":"SearchAction","target":{"@type":"EntryPoint","urlTemplate":"https:\/\/naturegalapagos.com\/es\/?s={search_term_string}"},"query-input":{"@type":"PropertyValueSpecification","valueRequired":true,"valueName":"search_term_string"}}],"inLanguage":"es"},{"@type":"Organization","@id":"https:\/\/naturegalapagos.com\/es\/#organization","name":"Espa\u00f1ol - Nature Galapagos & Ecuador","url":"https:\/\/naturegalapagos.com\/es\/","logo":{"@type":"ImageObject","inLanguage":"es","@id":"https:\/\/naturegalapagos.com\/es\/#\/schema\/logo\/image\/","url":"https:\/\/naturegalapagos.com\/es\/wp-content\/uploads\/sites\/3\/2016\/10\/Nature-Galapagos-Logo-COM-300x300.jpg","contentUrl":"https:\/\/naturegalapagos.com\/es\/wp-content\/uploads\/sites\/3\/2016\/10\/Nature-Galapagos-Logo-COM-300x300.jpg","width":300,"height":300,"caption":"Espa\u00f1ol - Nature Galapagos & Ecuador"},"image":{"@id":"https:\/\/naturegalapagos.com\/es\/#\/schema\/logo\/image\/"},"sameAs":["https:\/\/www.facebook.com\/naturegalapagosecuador\/","https:\/\/x.com\/naturegalapagos","https:\/\/www.instagram.com\/naturegalapagos\/","https:\/\/www.pinterest.com\/Naturegalapagos\/","https:\/\/www.youtube.com\/user\/NatureGalapagosTours"]}]}},"_links":{"self":[{"href":"https:\/\/naturegalapagos.com\/es\/wp-json\/wp\/v2\/product\/3838","targetHints":{"allow":["GET"]}}],"collection":[{"href":"https:\/\/naturegalapagos.com\/es\/wp-json\/wp\/v2\/product"}],"about":[{"href":"https:\/\/naturegalapagos.com\/es\/wp-json\/wp\/v2\/types\/product"}],"replies":[{"embeddable":true,"href":"https:\/\/naturegalapagos.com\/es\/wp-json\/wp\/v2\/comments?post=3838"}],"wp:featuredmedia":[{"embeddable":true,"href":"https:\/\/naturegalapagos.com\/es\/wp-json\/wp\/v2\/media\/3847"}],"wp:attachment":[{"href":"https:\/\/naturegalapagos.com\/es\/wp-json\/wp\/v2\/media?parent=3838"}],"wp:term":[{"taxonomy":"product_brand","embeddable":true,"href":"https:\/\/naturegalapagos.com\/es\/wp-json\/wp\/v2\/product_brand?post=3838"},{"taxonomy":"product_cat","embeddable":true,"href":"https:\/\/naturegalapagos.com\/es\/wp-json\/wp\/v2\/product_cat?post=3838"},{"taxonomy":"product_tag","embeddable":true,"href":"https:\/\/naturegalapagos.com\/es\/wp-json\/wp\/v2\/product_tag?post=3838"}],"curies":[{"name":"wp","href":"https:\/\/api.w.org\/{rel}","templated":true}]}}