{"id":3890,"date":"2024-12-05T15:45:30","date_gmt":"2024-12-05T20:45:30","guid":{"rendered":"https:\/\/naturegalapagos.com\/es\/cruceros-galapagos\/danubio-azul-galapagos\/"},"modified":"2024-12-05T16:02:33","modified_gmt":"2024-12-05T21:02:33","slug":"crucero-danubio-azul-galapagos","status":"publish","type":"product","link":"https:\/\/naturegalapagos.com\/es\/cruceros-galapagos\/danubio-azul-galapagos\/","title":{"rendered":"Crucero Danubio Azul Galapagos"},"content":{"rendered":"<div class=\"wpb-content-wrapper\"><div style=\"display: flex; justify-content: end; margin-bottom: 10px;\"><span style=\"font-family: arial, helvetica, sans-serif;\"><a href=\"https:\/\/naturegalapagos.com\/es\/ofertas-de-viajes\/\" target=\"_blank\" rel=\"noopener\"><img decoding=\"async\" src=\"https:\/\/naturegalapagos.com\/es\/wp-content\/uploads\/sites\/3\/2019\/11\/las-minute-deals-gif_Final_espa\u00f1ol.gif\" alt=\"Oferta de cruceros en Gal\u00e1pagos\" width=\"227.5\" height=\"77.25\" \/><\/a><\/span><\/div>\n<h2><span style=\"font-size: 24px; font-family: arial, helvetica, sans-serif;\"><strong>D<\/strong><strong>escripci\u00f3n del Crucero\u00a0<\/strong><strong>Danubio Azul\u00a0<\/strong><strong>Galapagos<\/strong><strong>:<\/strong><\/span><\/h2>\n<section class=\"entry\"><span style=\"font-family: arial, helvetica, sans-serif;\">El <strong>crucero Danubio Azul Galapagos<\/strong> es un <strong>crucero de Buceo de Clase Turista<\/strong> que empezo a navegar\u00a0en agosto de 2016. Es un barco\u00a0autorizado por el Parque Nacional Gal\u00e1pagos para itinerarios Naturalistas y de Buceo.el Danubio Azul garantiza una experiencia excepcional, segura y \u00fanica en uno de los mejores lugares de buceo en el mundo.<\/span><\/section>\n<p><span style=\"font-family: arial, helvetica, sans-serif;\"><!--more--><\/span><\/p>\n<h3><span style=\"font-family: arial, helvetica, sans-serif;\">Caracter\u00edsticas principales<\/span><\/h3>\n<ul>\n<li><span style=\"font-family: arial, helvetica, sans-serif;\">Categor\u00eda: Clase Turista<\/span><\/li>\n<li><span style=\"font-family: arial, helvetica, sans-serif;\">Capacidad: 14 pasajeros<\/span><\/li>\n<li><span style=\"font-family: arial, helvetica, sans-serif;\">Alojamiento:<\/span>\n<ul>\n<li><span style=\"font-family: arial, helvetica, sans-serif;\">7 Camarotes Dobles:<\/span><\/li>\n<li><span style=\"font-family: arial, helvetica, sans-serif;\">1 camarote matrimonial + 1 camarote twin (ba\u00f1o compartido) (Cubierta Superior)<\/span><\/li>\n<li><span style=\"font-family: arial, helvetica, sans-serif;\">2 camarotes twin (Cubierta Principal)<\/span><\/li>\n<li><span style=\"font-family: arial, helvetica, sans-serif;\">3 camarotes con literas (Cubierta Inferior)<\/span><\/li>\n<\/ul>\n<\/li>\n<li><span style=\"font-family: arial, helvetica, sans-serif;\">Tripulaci\u00f3n: 6 tripulantes profesionales + 1 gu\u00eda experto<\/span><\/li>\n<li><span style=\"font-family: arial, helvetica, sans-serif;\">Equipamiento: Equipo de snorkel y trajes de neopreno incluidos<\/span><\/li>\n<\/ul>\n<h3 class=\"vc_row wpb_row vc_row-fluid\"><span style=\"font-family: arial, helvetica, sans-serif;\">Especificaciones adicionales<\/span><\/h3>\n<ul>\n<li><span style=\"font-family: arial, helvetica, sans-serif;\"><strong>Servicios de la cabina:<\/strong> Disfrute de aire acondicionado, ba\u00f1os privados con duchas de agua fr\u00eda y caliente, por lo que <strong>ofrece<\/strong> un nivel \u00f3ptimo de comodidad durante su estad\u00eda.<\/span><\/li>\n<li><span style=\"font-family: arial, helvetica, sans-serif;\"><strong>Caracter\u00edsticas de buceo:<\/strong> Equipado con adaptadores DIN, una plataforma de buceo completamente equipada y botes auxiliares para viajes de buceo, as\u00ed mismo <strong>facilita<\/strong>\u00a0una experiencia de inmersi\u00f3n sin complicaciones.<\/span><\/li>\n<li><span style=\"font-family: arial, helvetica, sans-serif;\"><strong>Dimensiones:<\/strong> Con un largo de 71 pies y un ancho de 18 pies, por lo que <strong>este dise\u00f1o optimizado<\/strong> garantiza espacio y estabilidad en el agua.<\/span><\/li>\n<li><span style=\"font-family: arial, helvetica, sans-serif;\"><strong>Velocidad:<\/strong> Navegue con una velocidad de crucero de 11 nudos y una velocidad m\u00e1xima de 13 nudos, finalmente <strong>asegurando<\/strong> traslados eficientes entre los puntos de inter\u00e9s.<\/span><\/li>\n<\/ul>\n<div><span style=\"font-family: arial, helvetica, sans-serif;\">Experimente las maravillas de las Gal\u00e1pagos como nunca antes a bordo del Danubio Azul. Ya sea que est\u00e9 explorando vibrantes arrecifes de coral, nadando con juguetones leones marinos o encontr\u00e1ndose con majestuosos tiburones martillo, este yate de buceo es su puerta de entrada a uno de los principales destinos de buceo del mundo.<\/span><\/div>\n<h4><span style=\"font-family: arial, helvetica, sans-serif;\">Especificaciones del crucero<\/span><\/h4>\n<table style=\"width: 100%; border-collapse: collapse; border-style: solid;\" border=\"1\">\n<tbody>\n<tr>\n<td style=\"width: 42.8053%;\" valign=\"middle\" width=\"204\"><span style=\"font-family: arial, helvetica, sans-serif;\"><strong>Categor\u00eda<\/strong><\/span><\/td>\n<td style=\"width: 57.1342%;\" valign=\"middle\" width=\"273\"><span style=\"font-family: arial, helvetica, sans-serif;\">Clase turista<\/span><\/td>\n<\/tr>\n<tr>\n<td style=\"width: 42.8053%;\" valign=\"middle\" width=\"204\"><span style=\"font-family: arial, helvetica, sans-serif;\"><strong>Capacidad<\/strong><\/span><\/td>\n<td style=\"width: 57.1342%;\" valign=\"middle\" width=\"273\"><span style=\"font-family: arial, helvetica, sans-serif;\">10 pasajeros<\/span><\/td>\n<\/tr>\n<tr>\n<td style=\"width: 42.8053%;\" valign=\"middle\" width=\"204\"><span style=\"font-family: arial, helvetica, sans-serif;\"><strong>Alojamiento<\/strong><\/span><\/td>\n<td style=\"width: 57.1342%;\" valign=\"middle\" width=\"273\">\n<ul>\n<li><span style=\"font-family: arial, helvetica, sans-serif;\">5 Cabinas dobles<\/span><\/li>\n<li><span style=\"font-family: arial, helvetica, sans-serif;\">1 Cabina matrimonial de la cama doble (Cubierta superior)<\/span><\/li>\n<li><span style=\"font-family: arial, helvetica, sans-serif;\">1 Cabina doble twin (cubierta principal)<\/span><\/li>\n<li><span style=\"font-family: arial, helvetica, sans-serif;\">3 Cabinas de camas litera (cubierta inferior)<\/span><\/li>\n<\/ul>\n<\/td>\n<\/tr>\n<tr>\n<td style=\"width: 42.8053%;\" valign=\"middle\" width=\"204\"><span style=\"font-family: arial, helvetica, sans-serif;\"><strong>Tripulaci\u00f3n<\/strong><\/span><\/td>\n<td style=\"width: 57.1342%;\" valign=\"middle\" width=\"273\"><span style=\"font-family: arial, helvetica, sans-serif;\">6 tripulantes + gu\u00eda<\/span><\/td>\n<\/tr>\n<tr>\n<td style=\"width: 42.8053%;\" valign=\"middle\" width=\"204\"><span style=\"font-family: arial, helvetica, sans-serif;\"><strong>Engranaje<\/strong><\/span><\/td>\n<td style=\"width: 57.1342%;\" valign=\"middle\" width=\"273\"><span style=\"font-family: arial, helvetica, sans-serif;\">Equipo de snorkeling y trajes de neopreno<\/span><\/td>\n<\/tr>\n<tr>\n<td style=\"width: 42.8053%;\" valign=\"middle\" width=\"204\"><span style=\"font-family: arial, helvetica, sans-serif;\"><strong>M\u00e1s especificaciones<\/strong><\/span><\/td>\n<td style=\"width: 57.1342%;\" valign=\"middle\" width=\"273\"><span style=\"font-family: arial, helvetica, sans-serif;\">Caba\u00f1as con aire acondicionado, ba\u00f1os de privados con duchas de agua caliente y fr\u00eda.<\/span><\/td>\n<\/tr>\n<\/tbody>\n<\/table>\n<p>[vc_row][vc_column el_class=&#8221;accocruise&#8221;][vc_column_text]\n<div class=\"panel panel-default accordion__item\">\n\t<div class=\"panel-heading accordion__item__title-wrap\">\n\t\t<h4 class=\"panel-title\">\n\t\t\t<a data-toggle=\"collapse\" data-parent=\"#ataccordion0\" href=\"#ataccordion0_1\" class=\"accordion__item__link collapsed\">Solicite m\u00e1s informaci\u00f3n<\/a>\n\t\t<\/h4>\n\t<\/div>\n\t<div id=\"ataccordion0_1\" class=\"panel-collapse collapse\">\n\t\t<div class=\"panel-body accordion__item__content\">\n                <div class=\"ml-embedded\" data-form=\"SpsjlA\"><\/div>\n            \n<\/div>\n\t<\/div>\n<\/div>[\/vc_column_text][\/vc_column][\/vc_row]<\/p>\n<\/div>","protected":false},"excerpt":{"rendered":"<p>El Crucero Danubio Galapagos es un hermoso yate equipado para bucear, ideal para familias o grupos peque\u00f1os con actividades bajo el agua en las Gal\u00e1pagos<\/p>\n","protected":false},"featured_media":7101,"comment_status":"open","ping_status":"closed","template":"","meta":{"_joinchat":[]},"product_brand":[],"product_cat":[3599],"product_tag":[],"class_list":{"0":"post-3890","1":"product","2":"type-product","3":"status-publish","4":"has-post-thumbnail","6":"product_cat-sin-categoria","7":"tour_category-crucero-buceo-galapagos","8":"tour_category-cruceros-economicos","10":"first","11":"instock","12":"taxable","13":"shipping-taxable","14":"product-type-tour"},"yoast_head":"<!-- This site is optimized with the Yoast SEO Premium plugin v25.6 (Yoast SEO v26.1.1) - https:\/\/yoast.com\/wordpress\/plugins\/seo\/ -->\n<title>Crucero Danubio Azul Galapagos | Yate de Buceo Clase Turista<\/title>\n<meta name=\"description\" content=\"El Crucero Danubio Azul Galapagos es un hermoso yate equipado para bucear, ideal para familias o grupos peque\u00f1os con actividades bajo el agua\" \/>\n<meta name=\"robots\" content=\"index, follow, max-snippet:-1, max-image-preview:large, max-video-preview:-1\" \/>\n<link rel=\"canonical\" href=\"https:\/\/naturegalapagos.com\/es\/cruceros-galapagos\/danubio-azul-galapagos\/\" \/>\n<meta property=\"og:locale\" content=\"es_ES\" \/>\n<meta property=\"og:type\" content=\"article\" \/>\n<meta property=\"og:title\" content=\"Crucero Danubio Azul Galapagos | Yate de Buceo Clase Turista\" \/>\n<meta property=\"og:description\" content=\"El Crucero Danubio Galapagos es un hermoso yate equipado para bucear, ideal para familias o grupos peque\u00f1os con actividades bajo el agua en las Gal\u00e1pagos\" \/>\n<meta property=\"og:url\" content=\"https:\/\/naturegalapagos.com\/es\/cruceros-galapagos\/danubio-azul-galapagos\/\" \/>\n<meta property=\"og:site_name\" content=\"Espa\u00f1ol - Nature Galapagos &amp; Ecuador\" \/>\n<meta property=\"article:publisher\" content=\"https:\/\/www.facebook.com\/naturegalapagosecuador\/\" \/>\n<meta property=\"article:modified_time\" content=\"2024-12-05T21:02:33+00:00\" \/>\n<meta property=\"og:image\" content=\"https:\/\/naturegalapagos.com\/es\/wp-content\/uploads\/sites\/3\/2017\/02\/crucero-danubio-azul-galapagos.jpg\" \/>\n\t<meta property=\"og:image:width\" content=\"1024\" \/>\n\t<meta property=\"og:image:height\" content=\"512\" \/>\n\t<meta property=\"og:image:type\" content=\"image\/jpeg\" \/>\n<meta name=\"twitter:card\" content=\"summary_large_image\" \/>\n<meta name=\"twitter:title\" content=\"Crucero Danubio Azul Galapagos | Yate de Buceo Clase Turista\" \/>\n<meta name=\"twitter:description\" content=\"El Crucero Danubio Galapagos es un hermoso yate equipado para bucear, ideal para familias o grupos peque\u00f1os con actividades bajo el agua en las Gal\u00e1pagos\" \/>\n<meta name=\"twitter:site\" content=\"@naturegalapagos\" \/>\n<meta name=\"twitter:label1\" content=\"Tiempo de lectura\" \/>\n\t<meta name=\"twitter:data1\" content=\"2 minutos\" \/>\n<!-- \/ Yoast SEO Premium plugin. -->","yoast_head_json":{"title":"Crucero Danubio Azul Galapagos | Yate de Buceo Clase Turista","description":"El Crucero Danubio Azul Galapagos es un hermoso yate equipado para bucear, ideal para familias o grupos peque\u00f1os con actividades bajo el agua","robots":{"index":"index","follow":"follow","max-snippet":"max-snippet:-1","max-image-preview":"max-image-preview:large","max-video-preview":"max-video-preview:-1"},"canonical":"https:\/\/naturegalapagos.com\/es\/cruceros-galapagos\/danubio-azul-galapagos\/","og_locale":"es_ES","og_type":"article","og_title":"Crucero Danubio Azul Galapagos | Yate de Buceo Clase Turista","og_description":"El Crucero Danubio Galapagos es un hermoso yate equipado para bucear, ideal para familias o grupos peque\u00f1os con actividades bajo el agua en las Gal\u00e1pagos","og_url":"https:\/\/naturegalapagos.com\/es\/cruceros-galapagos\/danubio-azul-galapagos\/","og_site_name":"Espa\u00f1ol - Nature Galapagos &amp; Ecuador","article_publisher":"https:\/\/www.facebook.com\/naturegalapagosecuador\/","article_modified_time":"2024-12-05T21:02:33+00:00","og_image":[{"width":1024,"height":512,"url":"https:\/\/naturegalapagos.com\/es\/wp-content\/uploads\/sites\/3\/2017\/02\/crucero-danubio-azul-galapagos.jpg","type":"image\/jpeg"}],"twitter_card":"summary_large_image","twitter_title":"Crucero Danubio Azul Galapagos | Yate de Buceo Clase Turista","twitter_description":"El Crucero Danubio Galapagos es un hermoso yate equipado para bucear, ideal para familias o grupos peque\u00f1os con actividades bajo el agua en las Gal\u00e1pagos","twitter_site":"@naturegalapagos","twitter_misc":{"Tiempo de lectura":"2 minutos"},"schema":{"@context":"https:\/\/schema.org","@graph":[{"@type":"WebPage","@id":"https:\/\/naturegalapagos.com\/es\/cruceros-galapagos\/danubio-azul-galapagos\/","url":"https:\/\/naturegalapagos.com\/es\/cruceros-galapagos\/danubio-azul-galapagos\/","name":"Crucero Danubio Azul Galapagos | Yate de Buceo Clase Turista","isPartOf":{"@id":"https:\/\/naturegalapagos.com\/es\/#website"},"primaryImageOfPage":{"@id":"https:\/\/naturegalapagos.com\/es\/cruceros-galapagos\/danubio-azul-galapagos\/#primaryimage"},"image":{"@id":"https:\/\/naturegalapagos.com\/es\/cruceros-galapagos\/danubio-azul-galapagos\/#primaryimage"},"thumbnailUrl":"https:\/\/naturegalapagos.com\/es\/wp-content\/uploads\/sites\/3\/2024\/12\/Vista-panoramica-en-el-crucero-Danubio-Azul-por-Galapagos.jpg","datePublished":"2024-12-05T20:45:30+00:00","dateModified":"2024-12-05T21:02:33+00:00","description":"El Crucero Danubio Azul Galapagos es un hermoso yate equipado para bucear, ideal para familias o grupos peque\u00f1os con actividades bajo el agua","breadcrumb":{"@id":"https:\/\/naturegalapagos.com\/es\/cruceros-galapagos\/danubio-azul-galapagos\/#breadcrumb"},"inLanguage":"es","potentialAction":[{"@type":"ReadAction","target":["https:\/\/naturegalapagos.com\/es\/cruceros-galapagos\/danubio-azul-galapagos\/"]}]},{"@type":"ImageObject","inLanguage":"es","@id":"https:\/\/naturegalapagos.com\/es\/cruceros-galapagos\/danubio-azul-galapagos\/#primaryimage","url":"https:\/\/naturegalapagos.com\/es\/wp-content\/uploads\/sites\/3\/2024\/12\/Vista-panoramica-en-el-crucero-Danubio-Azul-por-Galapagos.jpg","contentUrl":"https:\/\/naturegalapagos.com\/es\/wp-content\/uploads\/sites\/3\/2024\/12\/Vista-panoramica-en-el-crucero-Danubio-Azul-por-Galapagos.jpg","width":800,"height":533,"caption":"Vista panor\u00e1mica en el crucero Danubio Azul por Gal\u00e1pagos"},{"@type":"BreadcrumbList","@id":"https:\/\/naturegalapagos.com\/es\/cruceros-galapagos\/danubio-azul-galapagos\/#breadcrumb","itemListElement":[{"@type":"ListItem","position":1,"name":"Home","item":"https:\/\/naturegalapagos.com\/es\/"},{"@type":"ListItem","position":2,"name":"Tienda","item":"https:\/\/naturegalapagos.com\/es\/tienda\/"},{"@type":"ListItem","position":3,"name":"Crucero Danubio Azul Galapagos"}]},{"@type":"WebSite","@id":"https:\/\/naturegalapagos.com\/es\/#website","url":"https:\/\/naturegalapagos.com\/es\/","name":"Espa\u00f1ol - Nature Galapagos & Ecuador","description":"","publisher":{"@id":"https:\/\/naturegalapagos.com\/es\/#organization"},"potentialAction":[{"@type":"SearchAction","target":{"@type":"EntryPoint","urlTemplate":"https:\/\/naturegalapagos.com\/es\/?s={search_term_string}"},"query-input":{"@type":"PropertyValueSpecification","valueRequired":true,"valueName":"search_term_string"}}],"inLanguage":"es"},{"@type":"Organization","@id":"https:\/\/naturegalapagos.com\/es\/#organization","name":"Espa\u00f1ol - Nature Galapagos & Ecuador","url":"https:\/\/naturegalapagos.com\/es\/","logo":{"@type":"ImageObject","inLanguage":"es","@id":"https:\/\/naturegalapagos.com\/es\/#\/schema\/logo\/image\/","url":"https:\/\/naturegalapagos.com\/es\/wp-content\/uploads\/sites\/3\/2016\/10\/Nature-Galapagos-Logo-COM-300x300.jpg","contentUrl":"https:\/\/naturegalapagos.com\/es\/wp-content\/uploads\/sites\/3\/2016\/10\/Nature-Galapagos-Logo-COM-300x300.jpg","width":300,"height":300,"caption":"Espa\u00f1ol - Nature Galapagos & Ecuador"},"image":{"@id":"https:\/\/naturegalapagos.com\/es\/#\/schema\/logo\/image\/"},"sameAs":["https:\/\/www.facebook.com\/naturegalapagosecuador\/","https:\/\/x.com\/naturegalapagos","https:\/\/www.instagram.com\/naturegalapagos\/","https:\/\/www.pinterest.com\/Naturegalapagos\/","https:\/\/www.youtube.com\/user\/NatureGalapagosTours"]}]}},"_links":{"self":[{"href":"https:\/\/naturegalapagos.com\/es\/wp-json\/wp\/v2\/product\/3890","targetHints":{"allow":["GET"]}}],"collection":[{"href":"https:\/\/naturegalapagos.com\/es\/wp-json\/wp\/v2\/product"}],"about":[{"href":"https:\/\/naturegalapagos.com\/es\/wp-json\/wp\/v2\/types\/product"}],"replies":[{"embeddable":true,"href":"https:\/\/naturegalapagos.com\/es\/wp-json\/wp\/v2\/comments?post=3890"}],"wp:featuredmedia":[{"embeddable":true,"href":"https:\/\/naturegalapagos.com\/es\/wp-json\/wp\/v2\/media\/7101"}],"wp:attachment":[{"href":"https:\/\/naturegalapagos.com\/es\/wp-json\/wp\/v2\/media?parent=3890"}],"wp:term":[{"taxonomy":"product_brand","embeddable":true,"href":"https:\/\/naturegalapagos.com\/es\/wp-json\/wp\/v2\/product_brand?post=3890"},{"taxonomy":"product_cat","embeddable":true,"href":"https:\/\/naturegalapagos.com\/es\/wp-json\/wp\/v2\/product_cat?post=3890"},{"taxonomy":"product_tag","embeddable":true,"href":"https:\/\/naturegalapagos.com\/es\/wp-json\/wp\/v2\/product_tag?post=3890"}],"curies":[{"name":"wp","href":"https:\/\/api.w.org\/{rel}","templated":true}]}}