{"id":3910,"date":"2024-03-09T16:46:21","date_gmt":"2024-03-09T21:46:21","guid":{"rendered":"https:\/\/naturegalapagos.com\/es\/tours\/tours-en-san-cristobal-6-dias\/"},"modified":"2025-06-06T10:42:51","modified_gmt":"2025-06-06T14:42:51","slug":"tourstours-en-san-cristobal-6-dias","status":"publish","type":"product","link":"https:\/\/naturegalapagos.com\/es\/tours\/tours-en-san-cristobal-6-dias\/","title":{"rendered":"6 d\u00edas | Tours en San Cristobal y Santa Cruz Gal\u00e1pagos"},"content":{"rendered":"<div class=\"wpb-content-wrapper\"><h2><span style=\"font-size: 18pt; font-family: arial, helvetica, sans-serif;\"><strong>Tours en San Cristobal por 6 d\u00edas, 2\u00a0islas diferentes!<\/strong><\/span><\/h2>\n<p>Nuestro 6 d\u00edas\u00a0<i>San Cristobal\u00a0<\/i>es un tour con base en hoteles y que <strong>visita 2 de las principales islas de Gal\u00e1pagos<\/strong>, la Isla San Crist\u00f3bal y la Isla Santa Cruz. Los <strong>tours en san cristobal<\/strong> son una de las experiencias mas entretenidas por la interacci\u00f3n con la fauna y las personas, as\u00ed como los hermosos paisajes.<\/p>\n<p><strong>En el precio esta casi todo incluido<\/strong>*, usted puede elegir la categor\u00eda del hotel que mejor se adapte a su presupuesto y comodidad. Un gu\u00eda naturalista biling\u00fce le acompa\u00f1ar\u00e1 en las actividades diarias.<\/p>\n<p><strong>D\u00edas de Inicio:<\/strong>\u00a0 \u00a0 \u00a0 \u00a0 \u00a0 \u00a0 \u00a0 Todos los d\u00edas.<br \/>\n<strong>Actividades:<\/strong>\u00a0 \u00a0 \u00a0 \u00a0 \u00a0 \u00a0 \u00a0 \u00a0 \u00a0 \u00a0Caminatas cortas, snorkeling, navegaci\u00f3n corta y observaci\u00f3n\u00a0de Flora y Fauna.<br \/>\n<strong>Rango de Edad: \u00a0 \u00a0 \u00a0 \u00a0 \u00a0\u00a0<\/strong>Desde 1 a\u00f1o hasta los 60.<br \/>\n<strong>Tipo de Viaje:<\/strong>\u00a0 \u00a0 \u00a0 \u00a0 \u00a0 \u00a0 \u00a0 \u00a0 Aventura Sencilla.<\/p>\n<p><strong>Naturaleza por ver: \u00a0 \u00a0<\/strong>Lobos Marinos,Iguanas Marinas, Lagartijas de Lava, Fragatas, Pel\u00edcanos, Pinzones de Darwin, Tiburones de Gal\u00e1pagos, y m\u00e1s\u2026<\/p>\n<h3><span style=\"font-size: 18pt; font-family: arial, helvetica, sans-serif;\"><strong>Resumen de Itinerario<\/strong><\/span><\/h3>\n<ul>\n<li><span style=\"font-family: arial, helvetica, sans-serif;\"><strong>D\u00eda\u00a01:<\/strong>\u00a0Am: Arribo a San Cristobal \u00a0 (SCY)\u00a0\u2013 Pm: Centro de Interpretaci\u00f3n , Playa Carola<\/span><\/li>\n<li><span style=\"font-family: arial, helvetica, sans-serif;\"><strong>D\u00eda 2:<\/strong>\u00a0Isla San Cristobal: Kicker Rock.<\/span><\/li>\n<li><span style=\"font-family: arial, helvetica, sans-serif;\"><strong>D\u00eda 3:<\/strong>\u00a0Isla San Cristobal: Am: Parte Alta &#8211; Pm: Loberia<\/span><\/li>\n<li><span style=\"font-family: arial, helvetica, sans-serif;\"><strong>D\u00eda 4:<\/strong> Isla San Cristobal: Am: Tranfer a Santa Cruz ,Estaci\u00f3n Charles Darwin\u00a0&#8211; Pm:\u00a0Parte Alta de Santa Cruz<\/span><\/li>\n<li><span style=\"font-family: arial, helvetica, sans-serif;\"><strong>D\u00eda 5:<\/strong> Isla\u00a0Santa Cruz: D\u00eda Libre.<\/span><\/li>\n<li><span style=\"font-family: arial, helvetica, sans-serif;\"><strong>D\u00eda 6:<\/strong>\u00a0Am: Transfer al aeropuerto de\u00a0Baltra (GPS).<\/span><\/li>\n<\/ul>\n<p><span style=\"font-family: arial, helvetica, sans-serif;\">Para ver el itinerario completo mire la pesta\u00f1a de arriba\u00a0<strong>\u21d1<\/strong>.<\/span><\/p>\n<h4><strong><br \/>\n<span style=\"font-family: arial, helvetica, sans-serif; font-size: 18pt;\">Informaci\u00f3n Esencial del Viaje<\/span><br \/>\n<\/strong><\/h4>\n<ul>\n<li><span style=\"font-family: arial, helvetica, sans-serif;\"><a href=\"https:\/\/naturegalapagos.com\/galapagos-tours\/galapagos-land-tours\/general-information\/\">INFORMACI\u00d3N\u00a0GENERAL\u00a0<\/a><\/span><\/li>\n<\/ul>\n<ul>\n<li><span style=\"font-family: arial, helvetica, sans-serif;\"><a href=\"https:\/\/naturegalapagos.com\/galapagos-tours\/galapagos-land-tours\/trip-tips\/\">TIPS\u00a0DE VIAJE<\/a><\/span><\/li>\n<\/ul>\n<p>&nbsp;<\/p>\n<h5><span style=\"font-family: arial, helvetica, sans-serif; font-size: 18pt;\"><strong>Datos Importantes<\/strong><\/span><\/h5>\n<table class=\"table table-bordered tours-tabs__table\" style=\"height: 233px; width: 858px;\">\n<tbody>\n<tr style=\"height: 24px;\">\n<td style=\"height: 24px; width: 212px;\"><strong>LUGAR DE PARTIDA<\/strong><\/td>\n<td style=\"height: 24px; width: 634px;\">Aeropuerto de la Isla San\u00a0Cristobal. (SCY)<\/td>\n<\/tr>\n<tr style=\"height: 24.8125px;\">\n<td style=\"height: 24.8125px; width: 212px;\"><strong>LUGAR DE REGRESO<\/strong><\/td>\n<td style=\"height: 24.8125px; width: 634px;\">Aeropuerto de Baltra. (GPS)<\/td>\n<\/tr>\n<tr style=\"height: 24px;\">\n<td style=\"height: 24px; width: 212px;\"><strong>HORA DE PARTIDA<\/strong><\/td>\n<td style=\"height: 24px; width: 634px;\">Usted debe llegar antes de las 11:00 AM. * Consultar para m\u00e1s detalles.<\/td>\n<\/tr>\n<tr style=\"height: 24px;\">\n<td style=\"height: 24px; width: 212px;\"><strong>HORA DE REGRESO<\/strong><\/td>\n<td style=\"height: 24px; width: 634px;\">Aproximadamente despu\u00e9s de las 11:00 PM. * Consultar para m\u00e1s detalles.<\/td>\n<\/tr>\n<tr style=\"height: 24px;\">\n<td style=\"height: 24px; width: 212px;\"><strong>QU\u00c9 USAR?<\/strong><\/td>\n<td style=\"height: 24px; width: 634px;\">Ropa c\u00f3moda, zapatos para caminar, sombrero, chaqueta y protector solar.<\/td>\n<\/tr>\n<tr style=\"height: 23px;\">\n<td style=\"height: 23px; width: 212px;\"><strong>INCLUYE<\/strong><\/td>\n<td style=\"height: 23px; width: 634px;\"><i class=\"fa fa-check icon-tick icon-tick--on\"><\/i> Alojamiento en hoteles y habitaciones seleccionadas.<br \/>\n<i class=\"fa fa-check icon-tick icon-tick--on\"><\/i> Desayunos.<br \/>\n<i class=\"fa fa-check icon-tick icon-tick--on\"><\/i> Box Lunch (D\u00eda 2 y 3)<br \/>\n<i class=\"fa fa-check icon-tick icon-tick--on\"><\/i> Transporte terrestre y mar\u00edtimo en Gal\u00e1pagos.<br \/>\n<i class=\"fa fa-check icon-tick icon-tick--on\"><\/i> Gu\u00eda naturalista biling\u00fce, en cada isla visitada o actividad.<br \/>\n<i class=\"fa fa-check icon-tick icon-tick--on\"><\/i> Visitas Programadas.<br \/>\n<i class=\"fa fa-check icon-tick icon-tick--on\"><\/i> Equipo de snorkel (Visor, aletas, tubo).<\/td>\n<\/tr>\n<tr style=\"height: 38px;\">\n<td style=\"height: 38px; width: 212px;\"><b>NO INCLUYE<\/b><\/td>\n<td style=\"height: 38px; width: 634px;\"><i class=\"fa fa-times icon-tick icon-tick--off\"><\/i> Ticket A\u00e9reo desde\/hacia Gal\u00e1pagos.<br \/>\n<i class=\"fa fa-times icon-tick icon-tick--off\"><\/i> No incluye cenas.<br \/>\n<i class=\"fa fa-times icon-tick icon-tick--off\"><\/i> Entrada al Parque Nacional Galapagos USD <strong>200,00 por persona<\/strong>. (Para turistas nacionales y de pa\u00edses del Pacto Andino se aplica otro valor, cons\u00faltenos).<br \/>\n<i class=\"fa fa-times icon-tick icon-tick--off\"><\/i> Tarjeta de Control Migratorio USD 20,00 por persona.<br \/>\n<i class=\"fa fa-times icon-tick icon-tick--off\"><\/i> Bebidas gaseosas y bebidas alcoh\u00f3licas.<br \/>\n<i class=\"fa fa-times icon-tick icon-tick--off\"><\/i> Propinas.<\/td>\n<\/tr>\n<\/tbody>\n<\/table>\n<p><strong><em>NOTA:<\/em><\/strong><em> \u201cEl itinerario siempre esta sujeto a cambio sin previo aviso, debido a los cambios estacionales, condiciones clim\u00e1ticas, ajustes de ultima hora en las pol\u00edticas de visitas del Parque Nacional Gal\u00e1pagos y circunstancias operacionales de \u00faltimo minuto\u201d.<\/em><\/p>\n<p>[vc_row][vc_column el_class=&#8221;accocruise&#8221;][vc_column_text]\n<div class=\"panel panel-default accordion__item\">\n\t<div class=\"panel-heading accordion__item__title-wrap\">\n\t\t<h4 class=\"panel-title\">\n\t\t\t<a data-toggle=\"collapse\" data-parent=\"#ataccordion0\" href=\"#ataccordion0_1\" class=\"accordion__item__link collapsed\">Solicite m\u00e1s informaci\u00f3n<\/a>\n\t\t<\/h4>\n\t<\/div>\n\t<div id=\"ataccordion0_1\" class=\"panel-collapse collapse\">\n\t\t<div class=\"panel-body accordion__item__content\">\n                <div class=\"ml-embedded\" data-form=\"DSD7gy\"><\/div>\n            \n<\/div>\n\t<\/div>\n<\/div>[\/vc_column_text][\/vc_column][\/vc_row][vc_row][vc_column][\/vc_column][\/vc_row]<\/p>\n<div id=\"footable_parent_7479\"\n         class=\" footable_parent ninja_table_wrapper loading_ninja_table wp_table_data_press_parent semantic_ui \">\n                    <h3 class=\"table_title footable_title\">Tarifas de entrada al Parque Nacional Gal\u00e1pagos<\/h3>\n                                <div\n                class=\"table_description footable_description\">Vigentes desde Agosto de 2024<\/div>\n                    <table data-ninja_table_instance=\"ninja_table_instance_0\" data-footable_id=\"7479\" data-filter-delay=\"1000\" aria-label=\"Tarifas de entrada al Parque Nacional Gal\u00e1pagos\"            id=\"footable_7479\"\n           data-unique_identifier=\"ninja_table_unique_id_1363313438_7479\"\n           class=\" foo-table ninja_footable foo_table_7479 ninja_table_unique_id_1363313438_7479 ui table  nt_type_legacy_table vertical_centered  footable-paging-right ninja_table_search_disabled ninja_table_pro\">\n                <colgroup>\n                            <col class=\"ninja_column_0 \"\/>\n                            <col class=\"ninja_column_1 \"\/>\n                    <\/colgroup>\n        <thead>\n<tr class=\"footable-header\">\n                                        <th scope=\"col\"  class=\"ninja_column_0 ninja_clmn_nm_categoria \">Categor\u00eda<\/th><th scope=\"col\"  class=\"ninja_column_1 ninja_clmn_nm_tarifa_usd \">Tarifa (USD)<\/th><\/tr>\n<\/thead>\n<tbody>\n\n        <tr data-row_id=\"2514\" class=\"ninja_table_row_0 nt_row_id_2514\">\n            <td>Turistas extranjeros (mayores de 12 a\u00f1os)<\/td><td>$200<\/td>        <\/tr>\n            <tr data-row_id=\"2515\" class=\"ninja_table_row_1 nt_row_id_2515\">\n            <td>Ni\u00f1os extranjeros (menores de 12 a\u00f1os)<\/td><td>$100<\/td>        <\/tr>\n            <tr data-row_id=\"2516\" class=\"ninja_table_row_2 nt_row_id_2516\">\n            <td>Turistas de pa\u00edses de la Comunidad Andina y MERCOSUR (mayores de 12 a\u00f1os)<\/td><td>$100<\/td>        <\/tr>\n            <tr data-row_id=\"2517\" class=\"ninja_table_row_3 nt_row_id_2517\">\n            <td>Ni\u00f1os de pa\u00edses de la Comunidad Andina y MERCOSUR (menores de 12 a\u00f1os)<\/td><td>$50<\/td>        <\/tr>\n            <tr data-row_id=\"2518\" class=\"ninja_table_row_4 nt_row_id_2518\">\n            <td>Ecuatorianos y residentes en Ecuador (mayores de 12 a\u00f1os)<\/td><td>$30<\/td>        <\/tr>\n            <tr data-row_id=\"2519\" class=\"ninja_table_row_5 nt_row_id_2519\">\n            <td>Ni\u00f1os ecuatorianos y residentes en Ecuador (menores de 12 a\u00f1os)<\/td><td>$15<\/td>        <\/tr>\n            <tr data-row_id=\"2520\" class=\"ninja_table_row_6 nt_row_id_2520\">\n            <td>Adultos mayores (65 a\u00f1os o m\u00e1s, nacionales o residentes)<\/td><td>$15<\/td>        <\/tr>\n            <tr data-row_id=\"2521\" class=\"ninja_table_row_7 nt_row_id_2521\">\n            <td>Personas con discapacidad (certificadas por CONADIS)<\/td><td>$15<\/td>        <\/tr>\n            <tr data-row_id=\"2522\" class=\"ninja_table_row_8 nt_row_id_2522\">\n            <td>Estudiantes extranjeros matriculados en instituciones ecuatorianas<\/td><td>$50<\/td>        <\/tr>\n            <tr data-row_id=\"2523\" class=\"ninja_table_row_9 nt_row_id_2523\">\n            <td>Ni\u00f1os menores de 2 a\u00f1os (nacionales o extranjeros)<\/td><td>Exentos<\/td>        <\/tr>\n    <\/tbody><!--ninja_tobody_rendering_done-->\n    <\/table>\n    \n    \n    \n<\/div>\n\n<p>&nbsp;<\/p>\n<div id=\"footable_parent_7481\"\n         class=\" footable_parent ninja_table_wrapper loading_ninja_table wp_table_data_press_parent semantic_ui \">\n                    <h3 class=\"table_title footable_title\">Informaci\u00f3n Adicional<\/h3>\n                        <table data-ninja_table_instance=\"ninja_table_instance_1\" data-footable_id=\"7481\" data-filter-delay=\"1000\" aria-label=\"Informaci\u00f3n Adicional\"            id=\"footable_7481\"\n           data-unique_identifier=\"ninja_table_unique_id_634005834_7481\"\n           class=\" foo-table ninja_footable foo_table_7481 ninja_table_unique_id_634005834_7481 ui table  nt_type_legacy_table vertical_centered  footable-paging-right ninjatable_hide_header_row ninja_table_search_disabled ninja_table_pro\">\n                <colgroup>\n                            <col class=\"ninja_column_0 \"\/>\n                            <col class=\"ninja_column_1 \"\/>\n                    <\/colgroup>\n        <thead>\n<tr class=\"footable-header\">\n                                        <th scope=\"col\"  class=\"ninja_column_0 ninja_clmn_nm_forma_de_pago \">Columna 1<\/th><th scope=\"col\"  class=\"ninja_column_1 ninja_clmn_nm_tarjeta_de_conrtol_de_transito \">Columna 2<\/th><\/tr>\n<\/thead>\n<tbody>\n\n        <tr data-row_id=\"2524\" class=\"ninja_table_row_0 nt_row_id_2524\">\n            <td>Forma de pago:<\/td><td>La tarifa se abona en efectivo (USD) al llegar a los aeropuertos de Baltra o San Crist\u00f3bal.<\/td>        <\/tr>\n            <tr data-row_id=\"2525\" class=\"ninja_table_row_1 nt_row_id_2525\">\n            <td>Tarjeta de Control de Tr\u00e1nsito (TCT):<\/td><td>Adem\u00e1s, es obligatorio adquirir esta tarjeta por un valor de $20, la cual se obtiene en los aeropuertos de Quito o Guayaquil antes de abordar el vuelo hacia Gal\u00e1pagos.<\/td>        <\/tr>\n            <tr data-row_id=\"2526\" class=\"ninja_table_row_2 nt_row_id_2526\">\n            <td>Documentaci\u00f3n necesaria:<\/td><td>Pasaporte o c\u00e9dula de identidad vigente, y en el caso de estudiantes extranjeros, presentar el comprobante de matr\u00edcula en una instituci\u00f3n educativa ecuatoriana.<\/td>        <\/tr>\n    <\/tbody><!--ninja_tobody_rendering_done-->\n    <\/table>\n    \n    \n    \n<\/div>\n\n<\/div>","protected":false},"excerpt":{"rendered":"<p>Tours en San Cristobal Gal\u00e1pagos por 6 d\u00edas recorriendo los lugares m\u00e1s emblem\u00e1ticos del Archipi\u00e9lago consulte la opci\u00f3n que se ajuste a sus necesidades.<\/p>\n","protected":false},"featured_media":3919,"comment_status":"open","ping_status":"closed","template":"","meta":{"_joinchat":[]},"product_brand":[],"product_cat":[3599],"product_tag":[],"class_list":{"0":"post-3910","1":"product","2":"type-product","3":"status-publish","4":"has-post-thumbnail","6":"product_cat-sin-categoria","7":"tour_category-6-day-tour","8":"tour_category-land-tours","9":"tour_category-tours-en-san-cristobal","11":"first","12":"instock","13":"taxable","14":"shipping-taxable","15":"product-type-tour"},"yoast_head":"<!-- This site is optimized with the Yoast SEO Premium plugin v25.6 (Yoast SEO v26.1.1) - https:\/\/yoast.com\/wordpress\/plugins\/seo\/ -->\n<title>Tours en San Cristobal<\/title>\n<meta name=\"description\" content=\"Tours en San Cristobal Gal\u00e1pagos por 6 d\u00edas recorriendo los lugares m\u00e1s emblem\u00e1ticos del Archipi\u00e9lago consulte la opci\u00f3n que se ajuste a sus necesidades.\" \/>\n<meta name=\"robots\" content=\"index, follow, max-snippet:-1, max-image-preview:large, max-video-preview:-1\" \/>\n<link rel=\"canonical\" href=\"https:\/\/naturegalapagos.com\/es\/tours\/tours-en-san-cristobal-6-dias\/\" \/>\n<meta property=\"og:locale\" content=\"es_ES\" \/>\n<meta property=\"og:type\" content=\"article\" \/>\n<meta property=\"og:title\" content=\"Tours en San Cristobal\" \/>\n<meta property=\"og:description\" content=\"Tours a San Cristobal Gal\u00e1pagos por 6 d\u00edas recorriendo los lugares m\u00e1s emblem\u00e1ticos del Archipi\u00e9lago consulte la opci\u00f3n que se ajuste a sus necesidades.\" \/>\n<meta property=\"og:url\" content=\"https:\/\/naturegalapagos.com\/es\/tours\/tours-en-san-cristobal-6-dias\/\" \/>\n<meta property=\"og:site_name\" content=\"Espa\u00f1ol - Nature Galapagos &amp; Ecuador\" \/>\n<meta property=\"article:publisher\" content=\"https:\/\/www.facebook.com\/naturegalapagosecuador\/\" \/>\n<meta property=\"article:modified_time\" content=\"2025-06-06T14:42:51+00:00\" \/>\n<meta property=\"og:image\" content=\"https:\/\/naturegalapagos.com\/es\/wp-content\/uploads\/sites\/3\/2017\/03\/tours-en-san-cristobal.jpg\" \/>\n\t<meta property=\"og:image:width\" content=\"1024\" \/>\n\t<meta property=\"og:image:height\" content=\"512\" \/>\n\t<meta property=\"og:image:type\" content=\"image\/jpeg\" \/>\n<meta name=\"twitter:card\" content=\"summary_large_image\" \/>\n<meta name=\"twitter:title\" content=\"Tours en San Cristobal\" \/>\n<meta name=\"twitter:description\" content=\"Tours a San Cristobal Gal\u00e1pagos por 6 d\u00edas recorriendo los lugares m\u00e1s emblem\u00e1ticos del Archipi\u00e9lago consulte la opci\u00f3n que se ajuste a sus necesidades.\" \/>\n<meta name=\"twitter:site\" content=\"@naturegalapagos\" \/>\n<meta name=\"twitter:label1\" content=\"Tiempo de lectura\" \/>\n\t<meta name=\"twitter:data1\" content=\"3 minutos\" \/>\n<!-- \/ Yoast SEO Premium plugin. -->","yoast_head_json":{"title":"Tours en San Cristobal","description":"Tours en San Cristobal Gal\u00e1pagos por 6 d\u00edas recorriendo los lugares m\u00e1s emblem\u00e1ticos del Archipi\u00e9lago consulte la opci\u00f3n que se ajuste a sus necesidades.","robots":{"index":"index","follow":"follow","max-snippet":"max-snippet:-1","max-image-preview":"max-image-preview:large","max-video-preview":"max-video-preview:-1"},"canonical":"https:\/\/naturegalapagos.com\/es\/tours\/tours-en-san-cristobal-6-dias\/","og_locale":"es_ES","og_type":"article","og_title":"Tours en San Cristobal","og_description":"Tours a San Cristobal Gal\u00e1pagos por 6 d\u00edas recorriendo los lugares m\u00e1s emblem\u00e1ticos del Archipi\u00e9lago consulte la opci\u00f3n que se ajuste a sus necesidades.","og_url":"https:\/\/naturegalapagos.com\/es\/tours\/tours-en-san-cristobal-6-dias\/","og_site_name":"Espa\u00f1ol - Nature Galapagos &amp; Ecuador","article_publisher":"https:\/\/www.facebook.com\/naturegalapagosecuador\/","article_modified_time":"2025-06-06T14:42:51+00:00","og_image":[{"width":1024,"height":512,"url":"https:\/\/naturegalapagos.com\/es\/wp-content\/uploads\/sites\/3\/2017\/03\/tours-en-san-cristobal.jpg","type":"image\/jpeg"}],"twitter_card":"summary_large_image","twitter_title":"Tours en San Cristobal","twitter_description":"Tours a San Cristobal Gal\u00e1pagos por 6 d\u00edas recorriendo los lugares m\u00e1s emblem\u00e1ticos del Archipi\u00e9lago consulte la opci\u00f3n que se ajuste a sus necesidades.","twitter_site":"@naturegalapagos","twitter_misc":{"Tiempo de lectura":"3 minutos"},"schema":{"@context":"https:\/\/schema.org","@graph":[{"@type":"WebPage","@id":"https:\/\/naturegalapagos.com\/es\/tours\/tours-en-san-cristobal-6-dias\/","url":"https:\/\/naturegalapagos.com\/es\/tours\/tours-en-san-cristobal-6-dias\/","name":"Tours en San Cristobal","isPartOf":{"@id":"https:\/\/naturegalapagos.com\/es\/#website"},"primaryImageOfPage":{"@id":"https:\/\/naturegalapagos.com\/es\/tours\/tours-en-san-cristobal-6-dias\/#primaryimage"},"image":{"@id":"https:\/\/naturegalapagos.com\/es\/tours\/tours-en-san-cristobal-6-dias\/#primaryimage"},"thumbnailUrl":"https:\/\/naturegalapagos.com\/es\/wp-content\/uploads\/sites\/3\/2017\/03\/tours-en-san-cristobal.jpg","datePublished":"2024-03-09T21:46:21+00:00","dateModified":"2025-06-06T14:42:51+00:00","description":"Tours en San Cristobal Gal\u00e1pagos por 6 d\u00edas recorriendo los lugares m\u00e1s emblem\u00e1ticos del Archipi\u00e9lago consulte la opci\u00f3n que se ajuste a sus necesidades.","breadcrumb":{"@id":"https:\/\/naturegalapagos.com\/es\/tours\/tours-en-san-cristobal-6-dias\/#breadcrumb"},"inLanguage":"es","potentialAction":[{"@type":"ReadAction","target":["https:\/\/naturegalapagos.com\/es\/tours\/tours-en-san-cristobal-6-dias\/"]}]},{"@type":"ImageObject","inLanguage":"es","@id":"https:\/\/naturegalapagos.com\/es\/tours\/tours-en-san-cristobal-6-dias\/#primaryimage","url":"https:\/\/naturegalapagos.com\/es\/wp-content\/uploads\/sites\/3\/2017\/03\/tours-en-san-cristobal.jpg","contentUrl":"https:\/\/naturegalapagos.com\/es\/wp-content\/uploads\/sites\/3\/2017\/03\/tours-en-san-cristobal.jpg","width":1024,"height":512,"caption":"Tours en San Cristobal"},{"@type":"BreadcrumbList","@id":"https:\/\/naturegalapagos.com\/es\/tours\/tours-en-san-cristobal-6-dias\/#breadcrumb","itemListElement":[{"@type":"ListItem","position":1,"name":"Home","item":"https:\/\/naturegalapagos.com\/es\/"},{"@type":"ListItem","position":2,"name":"Tienda","item":"https:\/\/naturegalapagos.com\/es\/tienda\/"},{"@type":"ListItem","position":3,"name":"6 d\u00edas | Tours en San Cristobal y Santa Cruz Gal\u00e1pagos"}]},{"@type":"WebSite","@id":"https:\/\/naturegalapagos.com\/es\/#website","url":"https:\/\/naturegalapagos.com\/es\/","name":"Espa\u00f1ol - Nature Galapagos & Ecuador","description":"","publisher":{"@id":"https:\/\/naturegalapagos.com\/es\/#organization"},"potentialAction":[{"@type":"SearchAction","target":{"@type":"EntryPoint","urlTemplate":"https:\/\/naturegalapagos.com\/es\/?s={search_term_string}"},"query-input":{"@type":"PropertyValueSpecification","valueRequired":true,"valueName":"search_term_string"}}],"inLanguage":"es"},{"@type":"Organization","@id":"https:\/\/naturegalapagos.com\/es\/#organization","name":"Espa\u00f1ol - Nature Galapagos & Ecuador","url":"https:\/\/naturegalapagos.com\/es\/","logo":{"@type":"ImageObject","inLanguage":"es","@id":"https:\/\/naturegalapagos.com\/es\/#\/schema\/logo\/image\/","url":"https:\/\/naturegalapagos.com\/es\/wp-content\/uploads\/sites\/3\/2016\/10\/Nature-Galapagos-Logo-COM-300x300.jpg","contentUrl":"https:\/\/naturegalapagos.com\/es\/wp-content\/uploads\/sites\/3\/2016\/10\/Nature-Galapagos-Logo-COM-300x300.jpg","width":300,"height":300,"caption":"Espa\u00f1ol - Nature Galapagos & Ecuador"},"image":{"@id":"https:\/\/naturegalapagos.com\/es\/#\/schema\/logo\/image\/"},"sameAs":["https:\/\/www.facebook.com\/naturegalapagosecuador\/","https:\/\/x.com\/naturegalapagos","https:\/\/www.instagram.com\/naturegalapagos\/","https:\/\/www.pinterest.com\/Naturegalapagos\/","https:\/\/www.youtube.com\/user\/NatureGalapagosTours"]}]}},"_links":{"self":[{"href":"https:\/\/naturegalapagos.com\/es\/wp-json\/wp\/v2\/product\/3910","targetHints":{"allow":["GET"]}}],"collection":[{"href":"https:\/\/naturegalapagos.com\/es\/wp-json\/wp\/v2\/product"}],"about":[{"href":"https:\/\/naturegalapagos.com\/es\/wp-json\/wp\/v2\/types\/product"}],"replies":[{"embeddable":true,"href":"https:\/\/naturegalapagos.com\/es\/wp-json\/wp\/v2\/comments?post=3910"}],"wp:featuredmedia":[{"embeddable":true,"href":"https:\/\/naturegalapagos.com\/es\/wp-json\/wp\/v2\/media\/3919"}],"wp:attachment":[{"href":"https:\/\/naturegalapagos.com\/es\/wp-json\/wp\/v2\/media?parent=3910"}],"wp:term":[{"taxonomy":"product_brand","embeddable":true,"href":"https:\/\/naturegalapagos.com\/es\/wp-json\/wp\/v2\/product_brand?post=3910"},{"taxonomy":"product_cat","embeddable":true,"href":"https:\/\/naturegalapagos.com\/es\/wp-json\/wp\/v2\/product_cat?post=3910"},{"taxonomy":"product_tag","embeddable":true,"href":"https:\/\/naturegalapagos.com\/es\/wp-json\/wp\/v2\/product_tag?post=3910"}],"curies":[{"name":"wp","href":"https:\/\/api.w.org\/{rel}","templated":true}]}}