{"id":4036,"date":"2024-08-30T17:04:02","date_gmt":"2024-08-30T21:04:02","guid":{"rendered":"https:\/\/naturegalapagos.com\/es\/?post_type=product&#038;p=4036"},"modified":"2024-08-30T18:04:30","modified_gmt":"2024-08-30T22:04:30","slug":"tour-cotopaxi-quilotoa","status":"publish","type":"product","link":"https:\/\/naturegalapagos.com\/es\/quito-turismo\/tour-cotopaxi-quilotoa\/","title":{"rendered":"Tour Cotopaxi &#8211; Quilotoa | 2 D\u00edas"},"content":{"rendered":"<div class=\"wpb-content-wrapper\"><h2><span style=\"font-family: arial, helvetica, sans-serif; font-size: 18pt;\"><strong>Tour Cotopaxi Quilotoa | 2 D\u00edas<\/strong><\/span><\/h2>\n<p><span style=\"font-family: arial, helvetica, sans-serif;\">Tome un <strong>viaje de 2 d\u00edas por la Avenida de los Volcanes<\/strong> hacia dos de los m\u00e1s importantes lugares de la Sierra Ecuatoriana: <strong>Tour Cotopaxi Quilotoa<\/strong>. En el primer d\u00eda: visite el Volc\u00e1n Cotopaxi y suba hasta el primer refugio y tome un paseo en bicicleta (opcional). El hospedaje ser\u00e1 en el c\u00f3modo refugio Casa Sakiwa en Machachi donde nos prepararemos para nuestra pr\u00f3xima aventura. En el d\u00eda dos: iremos hsta la laguna del cr\u00e1ter de Quilotoa para una incre\u00edble caminata \u00a0y visitar la ciudad de artesanos de Tigua donde terminaremos la aventura regresando a Quito.<\/span><\/p>\n<h3><span style=\"font-family: arial, helvetica, sans-serif;\"><strong>Lo m\u00e1s destacado<\/strong><\/span><\/h3>\n<ul>\n<li><span style=\"font-family: arial, helvetica, sans-serif;\">Visite los inolvidables pueblos de la Avenida de los Volcanes en su viaje a Quilotoa y Cotopaxi.<\/span><\/li>\n<li><span style=\"font-family: arial, helvetica, sans-serif;\">Disfrute de un impresionante paisaje y aire fresco del Parque Nacional Cotopaxi a un corto trayecto en coche de Quito.<\/span><\/li>\n<li><span style=\"font-family: arial, helvetica, sans-serif;\">Recorre la biodiversidad de Paramo en la laguna de Limpiopungo, sube a los glaciares andinos. (depende de las condiciones clim\u00e1ticas).<\/span><\/li>\n<li><span style=\"font-family: arial, helvetica, sans-serif;\">Disfrute de una aventura de ciclismo en las faldas del volc\u00e1n Cotopaxi (opcional).<\/span><\/li>\n<li><span style=\"font-family: arial, helvetica, sans-serif;\">Caminatas a las hermosas aguas turquesas de la laguna del Quilotoa.<\/span><\/li>\n<\/ul>\n<p><span style=\"font-family: arial, helvetica, sans-serif;\"><!--more--><\/span><\/p>\n<table class=\"table table-bordered tours-tabs__table\" style=\"height: 233px; width: 858px;\">\n<tbody>\n<tr style=\"height: 24px;\">\n<td style=\"height: 24px; width: 221px;\"><span style=\"font-family: arial, helvetica, sans-serif;\"><strong>SALIDA COMPARTIDA:<\/strong><\/span><\/td>\n<td style=\"height: 24px; width: 625px;\"><span style=\"font-family: arial, helvetica, sans-serif;\">Mi\u00e9rcoles &amp;\u00a0S\u00e1bado<\/span><\/td>\n<\/tr>\n<tr style=\"height: 24px;\">\n<td style=\"height: 24px; width: 221px;\"><span style=\"font-family: arial, helvetica, sans-serif;\"><strong>SALIDA PRIVADA:<\/strong><\/span><\/td>\n<td style=\"height: 24px; width: 625px;\"><span style=\"font-family: arial, helvetica, sans-serif;\">Todos los d\u00edas. (costo extra)<\/span><\/td>\n<\/tr>\n<tr style=\"height: 24px;\">\n<td style=\"height: 24px; width: 221px;\"><span style=\"font-family: arial, helvetica, sans-serif;\"><strong>PUNTO DE SALIDA:<\/strong><\/span><\/td>\n<td style=\"height: 24px; width: 625px;\"><span style=\"font-family: arial, helvetica, sans-serif;\">Plaza Foch, en las Calles Mariscal Foch y Juan Leon Mera<\/span><\/td>\n<\/tr>\n<tr style=\"height: 24px;\">\n<td style=\"height: 24px; width: 221px;\"><span style=\"font-family: arial, helvetica, sans-serif;\"><strong>PUNTO DE RETORNO:<\/strong><\/span><\/td>\n<td style=\"height: 24px; width: 625px;\"><span style=\"font-family: arial, helvetica, sans-serif;\">Plaza Foch, en las Calles Mariscal Foch y Juan Leon Mera<\/span><\/td>\n<\/tr>\n<tr style=\"height: 24px;\">\n<td style=\"height: 24px; width: 221px;\"><span style=\"font-family: arial, helvetica, sans-serif;\"><strong>HORA DE SALIDA:<\/strong><\/span><\/td>\n<td style=\"height: 24px; width: 625px;\"><span style=\"font-family: arial, helvetica, sans-serif;\">Around 07.00 am. La hora ser\u00e1 confirmada en el voucher de servicios.<\/span><\/td>\n<\/tr>\n<tr style=\"height: 24px;\">\n<td style=\"height: 24px; width: 221px;\"><span style=\"font-family: arial, helvetica, sans-serif;\"><strong>DURACION:<\/strong><\/span><\/td>\n<td style=\"height: 24px; width: 625px;\"><span style=\"font-family: arial, helvetica, sans-serif;\">8 a 9 horas aproximadamente.<\/span><\/td>\n<\/tr>\n<tr style=\"height: 24px;\">\n<td style=\"height: 24px; width: 221px;\"><span style=\"font-family: arial, helvetica, sans-serif;\"><strong>QUE LLEVAR:<\/strong><\/span><\/td>\n<td style=\"height: 24px; width: 625px;\"><span style=\"font-family: arial, helvetica, sans-serif;\">Ropa comoda, agua,\u00a0zapatos para caminar, gorro, chaqueta, protector solar.<\/span><\/td>\n<\/tr>\n<tr style=\"height: 23px;\">\n<td style=\"height: 23px; width: 221px;\"><span style=\"font-family: arial, helvetica, sans-serif;\"><strong>INCLUYE<\/strong><\/span><\/td>\n<td style=\"height: 23px; width: 625px;\"><span style=\"font-family: arial, helvetica, sans-serif;\"><i class=\"fa fa-check icon-tick icon-tick--on\"><\/i> Guia Biling\u00fce.<\/span><br \/>\n<span style=\"font-family: arial, helvetica, sans-serif;\"> <i class=\"fa fa-check icon-tick icon-tick--on\"><\/i>\u00a0Transporte desde el punto de encuentro.<br \/>\n<i class=\"fa fa-check icon-tick icon-tick--on\"><\/i> Hospedaje en Habitaciones Dobles en Casa Sakiwa en Machachi<\/span><br \/>\n<span style=\"font-family: arial, helvetica, sans-serif;\"> <i class=\"fa fa-check icon-tick icon-tick--on\"><\/i> Desayuno y Almuerzo<\/span><br \/>\n<span style=\"font-family: arial, helvetica, sans-serif;\"><i class=\"fa fa-check icon-tick icon-tick--on\"><\/i> Bicicleta y casco<\/span><\/td>\n<\/tr>\n<tr style=\"height: 38px;\">\n<td style=\"height: 38px; width: 221px;\"><span style=\"font-family: arial, helvetica, sans-serif;\"><b>NO INCLUYE<\/b><\/span><\/td>\n<td style=\"height: 38px; width: 625px;\"><span style=\"font-family: arial, helvetica, sans-serif;\"><i class=\"fa fa-times icon-tick icon-tick--off\"><\/i> Entradas<br \/>\n<i class=\"fa fa-times icon-tick icon-tick--off\"><\/i> Cena en la primera noche<br \/>\n<i class=\"fa fa-times icon-tick icon-tick--off\"><\/i> Desayuno del primer d\u00eda.<\/span><br \/>\n<span style=\"font-family: arial, helvetica, sans-serif;\"> <i class=\"fa fa-times icon-tick icon-tick--off\"><\/i> Costos extras de actividades no indicadas.<\/span><br \/>\n<span style=\"font-family: arial, helvetica, sans-serif;\"> <i class=\"fa fa-times icon-tick icon-tick--off\"><\/i> Hotel en Quito (Podemos ayudarle con la research si desea.)<\/span><br \/>\n<span style=\"font-family: arial, helvetica, sans-serif;\"> <i class=\"fa fa-times icon-tick icon-tick--off\"><\/i> Propinas\u00a0(opcional)<\/span><\/td>\n<\/tr>\n<\/tbody>\n<\/table>\n<p>[vc_row][vc_column el_class=&#8221;accocruise&#8221;][vc_column_text]\n<div class=\"panel panel-default accordion__item\">\n\t<div class=\"panel-heading accordion__item__title-wrap\">\n\t\t<h4 class=\"panel-title\">\n\t\t\t<a data-toggle=\"collapse\" data-parent=\"#ataccordion0\" href=\"#ataccordion0_1\" class=\"accordion__item__link collapsed\">Solicite m\u00e1s informaci\u00f3n<\/a>\n\t\t<\/h4>\n\t<\/div>\n\t<div id=\"ataccordion0_1\" class=\"panel-collapse collapse\">\n\t\t<div class=\"panel-body accordion__item__content\">\n                <div class=\"ml-embedded\" data-form=\"FGvQxt\"><\/div>\n            \n<\/div>\n\t<\/div>\n<\/div>[\/vc_column_text][\/vc_column][\/vc_row]<\/p>\n<\/div>","protected":false},"excerpt":{"rendered":"<p>Tour Cotopaxi Quilotoa | 2 D\u00edas Tome un viaje de 2 d\u00edas por la Avenida de los Volcanes hacia dos de los m\u00e1s importantes lugares de la Sierra Ecuatoriana: Tour Cotopaxi Quilotoa. En el primer d\u00eda: visite el Volc\u00e1n Cotopaxi y suba hasta el primer refugio y tome un paseo en bicicleta (opcional). El hospedaje<\/p>\n<div class=\"padding-top text-center\"><a href=\"https:\/\/naturegalapagos.com\/es\/quito-turismo\/tour-cotopaxi-quilotoa\/\" class=\"atbtn atbtn--medium atbtn--rounded atbtn--transparent\">Leer m\u00e1s<i class=\"atbtn__icon atbtn__icon--right fa fa-long-arrow-right\"><\/i><\/a><\/div>\n","protected":false},"featured_media":1761,"comment_status":"closed","ping_status":"closed","template":"","meta":{"_joinchat":{"message_send":"Mas informaci\u00f3n del tour 2 d\u00edas Cotopaxi y Quilotoa"}},"product_brand":[],"product_cat":[3599],"product_tag":[],"class_list":{"0":"post-4036","1":"product","2":"type-product","3":"status-publish","4":"has-post-thumbnail","6":"product_cat-sin-categoria","7":"tour_category-quito-turismo","9":"first","10":"instock","11":"virtual","12":"taxable","13":"product-type-tour"},"yoast_head":"<!-- This site is optimized with the Yoast SEO Premium plugin v25.6 (Yoast SEO v26.1.1) - https:\/\/yoast.com\/wordpress\/plugins\/seo\/ -->\n<title>Tour Cotopaxi Quilotoa | 2 D\u00edas<\/title>\n<meta name=\"description\" content=\"Tour Cotopaxi Quilotoa de 2 D\u00edas te llevara en un viaje desde Quito hasta la Laguna de Quilotoa pasando por el majestuoso Volc\u00e1n Cotopaxi! Informaci\u00f3n aqu\u00ed\" \/>\n<meta name=\"robots\" content=\"index, follow, max-snippet:-1, max-image-preview:large, max-video-preview:-1\" \/>\n<link rel=\"canonical\" href=\"https:\/\/naturegalapagos.com\/es\/quito-turismo\/tour-cotopaxi-quilotoa\/\" \/>\n<meta property=\"og:locale\" content=\"es_ES\" \/>\n<meta property=\"og:type\" content=\"article\" \/>\n<meta property=\"og:title\" content=\"Tour Cotopaxi Quilotoa | 2 D\u00edas\" \/>\n<meta property=\"og:description\" content=\"Tour Cotopaxi Quilotoa de 2 D\u00edas te llevara en un viaje desde Quito hasta la Laguna de Quilotoa pasando por el majestuoso Volc\u00e1n Cotopaxi! Informaci\u00f3n aqu\u00ed\" \/>\n<meta property=\"og:url\" content=\"https:\/\/naturegalapagos.com\/es\/quito-turismo\/tour-cotopaxi-quilotoa\/\" \/>\n<meta property=\"og:site_name\" content=\"Espa\u00f1ol - Nature Galapagos &amp; Ecuador\" \/>\n<meta property=\"article:publisher\" content=\"https:\/\/www.facebook.com\/naturegalapagosecuador\/\" \/>\n<meta property=\"article:modified_time\" content=\"2024-08-30T22:04:30+00:00\" \/>\n<meta property=\"og:image\" content=\"https:\/\/naturegalapagos.com\/es\/wp-content\/uploads\/sites\/3\/2015\/06\/parque-nacional-cotopaxi.jpg\" \/>\n\t<meta property=\"og:image:width\" content=\"1024\" \/>\n\t<meta property=\"og:image:height\" content=\"512\" \/>\n\t<meta property=\"og:image:type\" content=\"image\/jpeg\" \/>\n<meta name=\"twitter:card\" content=\"summary_large_image\" \/>\n<meta name=\"twitter:title\" content=\"Tour Cotopaxi Quilotoa | 2 D\u00edas\" \/>\n<meta name=\"twitter:description\" content=\"Tour Cotopaxi Quilotoa de 2 D\u00edas te llevara en un viaje desde Quito hasta la Laguna de Quilotoa pasando por el majestuoso Volc\u00e1n Cotopaxi! Informaci\u00f3n aqu\u00ed\" \/>\n<meta name=\"twitter:site\" content=\"@naturegalapagos\" \/>\n<meta name=\"twitter:label1\" content=\"Tiempo de lectura\" \/>\n\t<meta name=\"twitter:data1\" content=\"2 minutos\" \/>\n<!-- \/ Yoast SEO Premium plugin. -->","yoast_head_json":{"title":"Tour Cotopaxi Quilotoa | 2 D\u00edas","description":"Tour Cotopaxi Quilotoa de 2 D\u00edas te llevara en un viaje desde Quito hasta la Laguna de Quilotoa pasando por el majestuoso Volc\u00e1n Cotopaxi! Informaci\u00f3n aqu\u00ed","robots":{"index":"index","follow":"follow","max-snippet":"max-snippet:-1","max-image-preview":"max-image-preview:large","max-video-preview":"max-video-preview:-1"},"canonical":"https:\/\/naturegalapagos.com\/es\/quito-turismo\/tour-cotopaxi-quilotoa\/","og_locale":"es_ES","og_type":"article","og_title":"Tour Cotopaxi Quilotoa | 2 D\u00edas","og_description":"Tour Cotopaxi Quilotoa de 2 D\u00edas te llevara en un viaje desde Quito hasta la Laguna de Quilotoa pasando por el majestuoso Volc\u00e1n Cotopaxi! Informaci\u00f3n aqu\u00ed","og_url":"https:\/\/naturegalapagos.com\/es\/quito-turismo\/tour-cotopaxi-quilotoa\/","og_site_name":"Espa\u00f1ol - Nature Galapagos &amp; Ecuador","article_publisher":"https:\/\/www.facebook.com\/naturegalapagosecuador\/","article_modified_time":"2024-08-30T22:04:30+00:00","og_image":[{"width":1024,"height":512,"url":"https:\/\/naturegalapagos.com\/es\/wp-content\/uploads\/sites\/3\/2015\/06\/parque-nacional-cotopaxi.jpg","type":"image\/jpeg"}],"twitter_card":"summary_large_image","twitter_title":"Tour Cotopaxi Quilotoa | 2 D\u00edas","twitter_description":"Tour Cotopaxi Quilotoa de 2 D\u00edas te llevara en un viaje desde Quito hasta la Laguna de Quilotoa pasando por el majestuoso Volc\u00e1n Cotopaxi! Informaci\u00f3n aqu\u00ed","twitter_site":"@naturegalapagos","twitter_misc":{"Tiempo de lectura":"2 minutos"},"schema":{"@context":"https:\/\/schema.org","@graph":[{"@type":"WebPage","@id":"https:\/\/naturegalapagos.com\/es\/quito-turismo\/tour-cotopaxi-quilotoa\/","url":"https:\/\/naturegalapagos.com\/es\/quito-turismo\/tour-cotopaxi-quilotoa\/","name":"Tour Cotopaxi Quilotoa | 2 D\u00edas","isPartOf":{"@id":"https:\/\/naturegalapagos.com\/es\/#website"},"primaryImageOfPage":{"@id":"https:\/\/naturegalapagos.com\/es\/quito-turismo\/tour-cotopaxi-quilotoa\/#primaryimage"},"image":{"@id":"https:\/\/naturegalapagos.com\/es\/quito-turismo\/tour-cotopaxi-quilotoa\/#primaryimage"},"thumbnailUrl":"https:\/\/naturegalapagos.com\/es\/wp-content\/uploads\/sites\/3\/2015\/06\/parque-nacional-cotopaxi.jpg","datePublished":"2024-08-30T21:04:02+00:00","dateModified":"2024-08-30T22:04:30+00:00","description":"Tour Cotopaxi Quilotoa de 2 D\u00edas te llevara en un viaje desde Quito hasta la Laguna de Quilotoa pasando por el majestuoso Volc\u00e1n Cotopaxi! Informaci\u00f3n aqu\u00ed","breadcrumb":{"@id":"https:\/\/naturegalapagos.com\/es\/quito-turismo\/tour-cotopaxi-quilotoa\/#breadcrumb"},"inLanguage":"es","potentialAction":[{"@type":"ReadAction","target":["https:\/\/naturegalapagos.com\/es\/quito-turismo\/tour-cotopaxi-quilotoa\/"]}]},{"@type":"ImageObject","inLanguage":"es","@id":"https:\/\/naturegalapagos.com\/es\/quito-turismo\/tour-cotopaxi-quilotoa\/#primaryimage","url":"https:\/\/naturegalapagos.com\/es\/wp-content\/uploads\/sites\/3\/2015\/06\/parque-nacional-cotopaxi.jpg","contentUrl":"https:\/\/naturegalapagos.com\/es\/wp-content\/uploads\/sites\/3\/2015\/06\/parque-nacional-cotopaxi.jpg","width":1024,"height":512,"caption":"Parque Nacional Cotopaxi"},{"@type":"BreadcrumbList","@id":"https:\/\/naturegalapagos.com\/es\/quito-turismo\/tour-cotopaxi-quilotoa\/#breadcrumb","itemListElement":[{"@type":"ListItem","position":1,"name":"Home","item":"https:\/\/naturegalapagos.com\/es\/"},{"@type":"ListItem","position":2,"name":"Tienda","item":"https:\/\/naturegalapagos.com\/es\/tienda\/"},{"@type":"ListItem","position":3,"name":"Tour Cotopaxi &#8211; Quilotoa | 2 D\u00edas"}]},{"@type":"WebSite","@id":"https:\/\/naturegalapagos.com\/es\/#website","url":"https:\/\/naturegalapagos.com\/es\/","name":"Espa\u00f1ol - Nature Galapagos & Ecuador","description":"","publisher":{"@id":"https:\/\/naturegalapagos.com\/es\/#organization"},"potentialAction":[{"@type":"SearchAction","target":{"@type":"EntryPoint","urlTemplate":"https:\/\/naturegalapagos.com\/es\/?s={search_term_string}"},"query-input":{"@type":"PropertyValueSpecification","valueRequired":true,"valueName":"search_term_string"}}],"inLanguage":"es"},{"@type":"Organization","@id":"https:\/\/naturegalapagos.com\/es\/#organization","name":"Espa\u00f1ol - Nature Galapagos & Ecuador","url":"https:\/\/naturegalapagos.com\/es\/","logo":{"@type":"ImageObject","inLanguage":"es","@id":"https:\/\/naturegalapagos.com\/es\/#\/schema\/logo\/image\/","url":"https:\/\/naturegalapagos.com\/es\/wp-content\/uploads\/sites\/3\/2016\/10\/Nature-Galapagos-Logo-COM-300x300.jpg","contentUrl":"https:\/\/naturegalapagos.com\/es\/wp-content\/uploads\/sites\/3\/2016\/10\/Nature-Galapagos-Logo-COM-300x300.jpg","width":300,"height":300,"caption":"Espa\u00f1ol - Nature Galapagos & Ecuador"},"image":{"@id":"https:\/\/naturegalapagos.com\/es\/#\/schema\/logo\/image\/"},"sameAs":["https:\/\/www.facebook.com\/naturegalapagosecuador\/","https:\/\/x.com\/naturegalapagos","https:\/\/www.instagram.com\/naturegalapagos\/","https:\/\/www.pinterest.com\/Naturegalapagos\/","https:\/\/www.youtube.com\/user\/NatureGalapagosTours"]}]}},"_links":{"self":[{"href":"https:\/\/naturegalapagos.com\/es\/wp-json\/wp\/v2\/product\/4036","targetHints":{"allow":["GET"]}}],"collection":[{"href":"https:\/\/naturegalapagos.com\/es\/wp-json\/wp\/v2\/product"}],"about":[{"href":"https:\/\/naturegalapagos.com\/es\/wp-json\/wp\/v2\/types\/product"}],"replies":[{"embeddable":true,"href":"https:\/\/naturegalapagos.com\/es\/wp-json\/wp\/v2\/comments?post=4036"}],"wp:featuredmedia":[{"embeddable":true,"href":"https:\/\/naturegalapagos.com\/es\/wp-json\/wp\/v2\/media\/1761"}],"wp:attachment":[{"href":"https:\/\/naturegalapagos.com\/es\/wp-json\/wp\/v2\/media?parent=4036"}],"wp:term":[{"taxonomy":"product_brand","embeddable":true,"href":"https:\/\/naturegalapagos.com\/es\/wp-json\/wp\/v2\/product_brand?post=4036"},{"taxonomy":"product_cat","embeddable":true,"href":"https:\/\/naturegalapagos.com\/es\/wp-json\/wp\/v2\/product_cat?post=4036"},{"taxonomy":"product_tag","embeddable":true,"href":"https:\/\/naturegalapagos.com\/es\/wp-json\/wp\/v2\/product_tag?post=4036"}],"curies":[{"name":"wp","href":"https:\/\/api.w.org\/{rel}","templated":true}]}}