{"id":4063,"date":"2024-08-26T15:25:21","date_gmt":"2024-08-26T19:25:21","guid":{"rendered":"https:\/\/naturegalapagos.com\/es\/?post_type=product&#038;p=4063"},"modified":"2025-06-06T10:51:43","modified_gmt":"2025-06-06T14:51:43","slug":"tours-en-galapagos-2","status":"publish","type":"product","link":"https:\/\/naturegalapagos.com\/es\/tours-en-galapagos\/tour-leon-dormido-galapagos\/","title":{"rendered":"Tour Leon Dormido Galapagos"},"content":{"rendered":"<div class=\"wpb-content-wrapper\"><p>[vc_row][vc_column][vc_column_text]<\/p>\n<div style=\"display: flex; justify-content: end; margin-bottom: 10px;\"><img decoding=\"async\" src=\"https:\/\/naturegalapagos.com\/es\/wp-content\/uploads\/sites\/3\/2017\/05\/reserva.gif\" alt=\"Reservar online\" width=\"400\" height=\"47\" \/><\/div>\n<h2>Tour Leon Dormido Galapagos<\/h2>\n<h3><strong>Lo m\u00e1s importante:<\/strong><\/h3>\n<ul>\n<li>Sum\u00e9rgete en uno de los lugares con mayor biodiversidad en Gal\u00e1pagos<\/li>\n<li>Realiza Snorkel en Kicker Rock junto con tiburones martillo, leones marinos y manta rayas.<\/li>\n<li>Visualiza aves como piqueros de nazca , piqueros de patas azules y fragatas.<\/li>\n<li>Nuestro Tour Leon Dormido Galapagos termina la aventura de snorkel con un relajante paseo en una de las playas deshabitadas cercanas<\/li>\n<li><strong>Nota Importante!<\/strong><\/li>\n<li>Los pasajeros que tengan hospedaje en Airbnb y su tour sea los dias Lunes, Martes, Mi\u00e9rcoles, Viernes y S\u00e1bado deber\u00e1n acercarce directamente a Wreck Bay Store, a la direcci\u00f3n Charles Darwin S\/N y Teodoro Wolf en un horario de llegada a la agencia entre las 17:00 y 18:30.<\/li>\n<\/ul>\n<p><!--more--><\/p>\n<table class=\"table table-bordered tours-tabs__table\" style=\"height: 233px; width: 858px;\">\n<tbody>\n<tr style=\"height: 24px;\">\n<td style=\"height: 24px; width: 212px;\"><strong>SALIDAS COMPARTIDAS<\/strong><\/td>\n<td style=\"height: 24px; width: 634px;\">Lunes, Martes, Mi\u00e9rcoles, Viernes y S\u00e1bado.<\/td>\n<\/tr>\n<tr style=\"height: 24px;\">\n<td style=\"height: 24px; width: 212px;\"><strong>LUGAR DE SALIDA<\/strong><\/td>\n<td style=\"height: 24px; width: 634px;\">Puerto Baquerizo Moreno<\/td>\n<\/tr>\n<tr style=\"height: 24px;\">\n<td style=\"height: 24px; width: 212px;\"><strong>LUGAR DE REGRESO<\/strong><\/td>\n<td style=\"height: 24px; width: 634px;\">Puerto Baquerizo Moreno<\/td>\n<\/tr>\n<tr style=\"height: 24.8125px;\">\n<td style=\"height: 24.8125px; width: 212px; vertical-align: top;\"><b>HORA DE SALIDA<\/b><\/td>\n<td style=\"height: 24.8125px; width: 634px; vertical-align: top;\">7:30 am<\/td>\n<\/tr>\n<tr style=\"height: 24px;\">\n<td style=\"height: 24px; width: 212px;\"><strong>DURACI\u00d3N\u00a0<\/strong><\/td>\n<td style=\"height: 24px; width: 634px;\">8 horas aprox.<\/td>\n<\/tr>\n<tr style=\"height: 24px;\">\n<td style=\"height: 24px; width: 212px; vertical-align: top;\"><strong>QUE USAR<\/strong><\/td>\n<td style=\"height: 24px; width: 634px; vertical-align: top;\">Ropa ligera, sombrero, protector solar, zapatos para caminar, zapatos de agua, traje de ba\u00f1o.<\/td>\n<\/tr>\n<tr style=\"height: 23px;\">\n<td style=\"height: 23px; width: 212px;\"><strong>INCLUYE<\/strong><\/td>\n<td style=\"height: 23px; width: 634px;\"><i class=\"fa fa-check icon-tick icon-tick--on\"><\/i> Gu\u00eda Profesional biling\u00fce.<br \/>\n<i class=\"fa fa-check icon-tick icon-tick--on\"><\/i> Box Lunch.<br \/>\n<i class=\"fa fa-check icon-tick icon-tick--on\"><\/i> Transporte desde y hacia el muelle de Puerto Baquerizo.<br \/>\n<i class=\"fa fa-check icon-tick icon-tick--on\"><\/i> Equipo de Snorkeling (mascara y aletas).<\/td>\n<\/tr>\n<tr style=\"height: 38px;\">\n<td style=\"height: 38px; width: 212px;\"><b>NO INCLUYE<\/b><\/td>\n<td style=\"height: 38px; width: 634px;\"><i class=\"fa fa-times icon-tick icon-tick--off\"><\/i> Toallas.\n<p><i class=\"fa fa-times icon-tick icon-tick--off\"><\/i> Entrada al Parque Nacional Galapagos USD <strong>200,00 por persona<\/strong><\/p>\n<p><i class=\"fa fa-times icon-tick icon-tick--off\"><\/i>\u00a0Wetsuit.<\/p>\n<p><i class=\"fa fa-times icon-tick icon-tick--off\"><\/i> Transporte desde y hacia el hotel<\/p>\n<p><i class=\"fa fa-times icon-tick icon-tick--off\"><\/i> Propinas y Gratuidades (opcional)<\/p><\/td>\n<\/tr>\n<\/tbody>\n<\/table>\n<h3>Descripci\u00f3n del Tour Leon Dormido Galapagos<\/h3>\n<p>El d\u00eda anterior, el gu\u00eda se reunir\u00e1 con el pasajero en el hotel para darle algunas instrucciones e informaci\u00f3n para el el viaje. \u00a0Al d\u00eda siguiente se reunir\u00e1 con el gu\u00eda en el punto de encuentro a las 7:30am donde se embarcaran por 1 1\/2 horas hacia Kicker Rick. El programa cuenta con visita a dos lugares distintos, el primero sera\u00a0las formaciones submarinas de lava en Kicker Rock, uno de los sitios de snorkeling m\u00e1s destacados en las Gal\u00e1pagos.<\/p>\n<p>En la superficie se puede ver algunos de los muchos p\u00e1jaros que habitan las torres emergentes desde el fondo del oc\u00e9ano a mas de 500 pies de altura, donde se podra observar Piqueros de Nazca, Piqueros de Patas Azules y Fragatas. Sin embargo, lo que realmente lo sosprendera son las maravillas que encontrara bajo el agua. Prep\u00e1rese para nadar junto a la fauna m\u00e1s emblem\u00e1tica de Gal\u00e1pagos: Tiburones Martillo, Tortugas Marinas, Tiburones de Gal\u00e1pagos. La vista es tambi\u00e9n para recordar, las paredes est\u00e1n conectadas por debajo de la superficie a travez de un canal de 60 pies de profundidad. En un buen d\u00eda, se puede ver el fondo de arena del canal formado por las dos alt\u00edsimas paredes de Kicker Rock que albergan una rica vida silvestre. Se servir\u00e1 el Box Lunch en el bote, ya que estas partes de las islas est\u00e1n inhabitadas.<\/p>\n<p>Despu\u00e9s de visitar Kicker Rock se realizar\u00e1 un actividad complementaria. Dependiendo del d\u00eda, se visitar\u00e1 la playa de Cerro Tijeretas, donde podr\u00e1 nadar y bucear una vez m\u00e1s, o se visitar\u00e1 un playa desierta (Manglesito o Puerto Grande) para observar la vida silvestre y relajarse en la pr\u00edstina arena. Regresaremos al barco y regresaremos a San Crist\u00f3bal, la hora de regreso est\u00e1 programada alrededor de las 4pm donde terminaremos nuestro Tour Leon Dormido Galapagos.<\/p>\n<ul>\n<li><strong>NOTA:<\/strong> Consultar por las tarifas con alimentaci\u00f3n completa o solo desayunos.<\/li>\n<li><strong>NOTA IMPORTANTE<\/strong>: Para completar este recorrido, debe estar en San Crist\u00f3bal (Puerto Baquerizo) un d\u00eda antes de la salida.<\/li>\n<li><strong>NOTA IMPORTANTE<\/strong>: La actividad complementaria de esta excursi\u00f3n se llevar\u00e1 a cabo antes o despu\u00e9s de la excursi\u00f3n de esn\u00f3rquel en Kicker Rock. El sitio para la actividad adicional depender\u00e1 del d\u00eda de la visita y ser\u00e1 elegido in situ por la gu\u00eda.<\/li>\n<\/ul>\n<h3><span style=\"font-size: 14pt;\"><strong><span style=\"color: #000000;\">Lo que se debe saber sobre Tour Leon Dormido Galapagos:<\/span><\/strong><\/span><\/h3>\n<p><i class=\"fa fa-check icon-tick icon-tick--on\"><\/i><strong>Ubicaci\u00f3n<\/strong>: A dos horas de la costa de San Cristobal.<br \/>\n<i class=\"fa fa-check icon-tick icon-tick--on\"><\/i><strong>Vida Silvestre<\/strong>: Una variedad de tiburones y rayas aguila manchadas, tiburones de arrecife de punta blanca, el tibur\u00f3n de Gal\u00e1pagos y tibur\u00f3n martillo, leones marinos, peces coloridos \u00a0de arrecife como el cirujano de cola amarilla, el pez loro, el pez sargento mayor, el pez globo, el pez aguamiel, as\u00ed como tambi\u00e9n \u00a0Piqueros de Nazca, Piqueros de Patas Azules, y FRagatas.<br \/>\n<i class=\"fa fa-check icon-tick icon-tick--on\"><\/i><strong>Nivel de Dificultad<\/strong>: Moderada.<br \/>\n<i class=\"fa fa-check icon-tick icon-tick--on\"><\/i><strong>Actividades: <\/strong>Snorkeling, nataci\u00f3n, caminata por la playa..[\/vc_column_text][\/vc_column][\/vc_row][vc_row][vc_column el_class=&#8221;accocruise&#8221;][vc_column_text]\n<div class=\"panel panel-default accordion__item\">\n\t<div class=\"panel-heading accordion__item__title-wrap\">\n\t\t<h4 class=\"panel-title\">\n\t\t\t<a data-toggle=\"collapse\" data-parent=\"#ataccordion0\" href=\"#ataccordion0_1\" class=\"accordion__item__link collapsed\">INQUIRE MORE HERE<\/a>\n\t\t<\/h4>\n\t<\/div>\n\t<div id=\"ataccordion0_1\" class=\"panel-collapse collapse\">\n\t\t<div class=\"panel-body accordion__item__content\">\n                <div class=\"ml-embedded\" data-form=\"kmL7hW\"><\/div>\n            \n<\/div>\n\t<\/div>\n<\/div>[\/vc_column_text][\/vc_column][\/vc_row][vc_row][vc_column][\/vc_column][\/vc_row]<\/p>\n<div id=\"footable_parent_7479\"\n         class=\" footable_parent ninja_table_wrapper loading_ninja_table wp_table_data_press_parent semantic_ui \">\n                    <h3 class=\"table_title footable_title\">Tarifas de entrada al Parque Nacional Gal\u00e1pagos<\/h3>\n                                <div\n                class=\"table_description footable_description\">Vigentes desde Agosto de 2024<\/div>\n                    <table data-ninja_table_instance=\"ninja_table_instance_0\" data-footable_id=\"7479\" data-filter-delay=\"1000\" aria-label=\"Tarifas de entrada al Parque Nacional Gal\u00e1pagos\"            id=\"footable_7479\"\n           data-unique_identifier=\"ninja_table_unique_id_88341630_7479\"\n           class=\" foo-table ninja_footable foo_table_7479 ninja_table_unique_id_88341630_7479 ui table  nt_type_legacy_table vertical_centered  footable-paging-right ninja_table_search_disabled ninja_table_pro\">\n                <colgroup>\n                            <col class=\"ninja_column_0 \"\/>\n                            <col class=\"ninja_column_1 \"\/>\n                    <\/colgroup>\n        <thead>\n<tr class=\"footable-header\">\n                                        <th scope=\"col\"  class=\"ninja_column_0 ninja_clmn_nm_categoria \">Categor\u00eda<\/th><th scope=\"col\"  class=\"ninja_column_1 ninja_clmn_nm_tarifa_usd \">Tarifa (USD)<\/th><\/tr>\n<\/thead>\n<tbody>\n\n        <tr data-row_id=\"2514\" class=\"ninja_table_row_0 nt_row_id_2514\">\n            <td>Turistas extranjeros (mayores de 12 a\u00f1os)<\/td><td>$200<\/td>        <\/tr>\n            <tr data-row_id=\"2515\" class=\"ninja_table_row_1 nt_row_id_2515\">\n            <td>Ni\u00f1os extranjeros (menores de 12 a\u00f1os)<\/td><td>$100<\/td>        <\/tr>\n            <tr data-row_id=\"2516\" class=\"ninja_table_row_2 nt_row_id_2516\">\n            <td>Turistas de pa\u00edses de la Comunidad Andina y MERCOSUR (mayores de 12 a\u00f1os)<\/td><td>$100<\/td>        <\/tr>\n            <tr data-row_id=\"2517\" class=\"ninja_table_row_3 nt_row_id_2517\">\n            <td>Ni\u00f1os de pa\u00edses de la Comunidad Andina y MERCOSUR (menores de 12 a\u00f1os)<\/td><td>$50<\/td>        <\/tr>\n            <tr data-row_id=\"2518\" class=\"ninja_table_row_4 nt_row_id_2518\">\n            <td>Ecuatorianos y residentes en Ecuador (mayores de 12 a\u00f1os)<\/td><td>$30<\/td>        <\/tr>\n            <tr data-row_id=\"2519\" class=\"ninja_table_row_5 nt_row_id_2519\">\n            <td>Ni\u00f1os ecuatorianos y residentes en Ecuador (menores de 12 a\u00f1os)<\/td><td>$15<\/td>        <\/tr>\n            <tr data-row_id=\"2520\" class=\"ninja_table_row_6 nt_row_id_2520\">\n            <td>Adultos mayores (65 a\u00f1os o m\u00e1s, nacionales o residentes)<\/td><td>$15<\/td>        <\/tr>\n            <tr data-row_id=\"2521\" class=\"ninja_table_row_7 nt_row_id_2521\">\n            <td>Personas con discapacidad (certificadas por CONADIS)<\/td><td>$15<\/td>        <\/tr>\n            <tr data-row_id=\"2522\" class=\"ninja_table_row_8 nt_row_id_2522\">\n            <td>Estudiantes extranjeros matriculados en instituciones ecuatorianas<\/td><td>$50<\/td>        <\/tr>\n            <tr data-row_id=\"2523\" class=\"ninja_table_row_9 nt_row_id_2523\">\n            <td>Ni\u00f1os menores de 2 a\u00f1os (nacionales o extranjeros)<\/td><td>Exentos<\/td>        <\/tr>\n    <\/tbody><!--ninja_tobody_rendering_done-->\n    <\/table>\n    \n    \n    \n<\/div>\n\n<p>&nbsp;<\/p>\n<div id=\"footable_parent_7481\"\n         class=\" footable_parent ninja_table_wrapper loading_ninja_table wp_table_data_press_parent semantic_ui \">\n                    <h3 class=\"table_title footable_title\">Informaci\u00f3n Adicional<\/h3>\n                        <table data-ninja_table_instance=\"ninja_table_instance_1\" data-footable_id=\"7481\" data-filter-delay=\"1000\" aria-label=\"Informaci\u00f3n Adicional\"            id=\"footable_7481\"\n           data-unique_identifier=\"ninja_table_unique_id_1883354793_7481\"\n           class=\" foo-table ninja_footable foo_table_7481 ninja_table_unique_id_1883354793_7481 ui table  nt_type_legacy_table vertical_centered  footable-paging-right ninjatable_hide_header_row ninja_table_search_disabled ninja_table_pro\">\n                <colgroup>\n                            <col class=\"ninja_column_0 \"\/>\n                            <col class=\"ninja_column_1 \"\/>\n                    <\/colgroup>\n        <thead>\n<tr class=\"footable-header\">\n                                        <th scope=\"col\"  class=\"ninja_column_0 ninja_clmn_nm_forma_de_pago \">Columna 1<\/th><th scope=\"col\"  class=\"ninja_column_1 ninja_clmn_nm_tarjeta_de_conrtol_de_transito \">Columna 2<\/th><\/tr>\n<\/thead>\n<tbody>\n\n        <tr data-row_id=\"2524\" class=\"ninja_table_row_0 nt_row_id_2524\">\n            <td>Forma de pago:<\/td><td>La tarifa se abona en efectivo (USD) al llegar a los aeropuertos de Baltra o San Crist\u00f3bal.<\/td>        <\/tr>\n            <tr data-row_id=\"2525\" class=\"ninja_table_row_1 nt_row_id_2525\">\n            <td>Tarjeta de Control de Tr\u00e1nsito (TCT):<\/td><td>Adem\u00e1s, es obligatorio adquirir esta tarjeta por un valor de $20, la cual se obtiene en los aeropuertos de Quito o Guayaquil antes de abordar el vuelo hacia Gal\u00e1pagos.<\/td>        <\/tr>\n            <tr data-row_id=\"2526\" class=\"ninja_table_row_2 nt_row_id_2526\">\n            <td>Documentaci\u00f3n necesaria:<\/td><td>Pasaporte o c\u00e9dula de identidad vigente, y en el caso de estudiantes extranjeros, presentar el comprobante de matr\u00edcula en una instituci\u00f3n educativa ecuatoriana.<\/td>        <\/tr>\n    <\/tbody><!--ninja_tobody_rendering_done-->\n    <\/table>\n    \n    \n    \n<\/div>\n\n<\/div>","protected":false},"excerpt":{"rendered":"<p>Tour Leon Dormido Galapagos desde San Crist\u00f3bal. Sumergete en uno de los puntos m\u00e1s biodiversos de las islas encantadas.<\/p>\n","protected":false},"featured_media":4074,"comment_status":"closed","ping_status":"closed","template":"","meta":{"_joinchat":[]},"product_brand":[],"product_cat":[3599],"product_tag":[],"class_list":{"0":"post-4063","1":"product","2":"type-product","3":"status-publish","4":"has-post-thumbnail","6":"product_cat-sin-categoria","7":"tour_category-tours-en-galapagos","9":"first","10":"instock","11":"virtual","12":"taxable","13":"purchasable","14":"product-type-tour"},"yoast_head":"<!-- This site is optimized with the Yoast SEO Premium plugin v25.6 (Yoast SEO v26.1.1) - https:\/\/yoast.com\/wordpress\/plugins\/seo\/ -->\n<title>Tour Leon Dormido Galapagos | Tour diario desde San Cristobal<\/title>\n<meta name=\"description\" content=\"Tour Leon Dormido Galapagos desde San Crist\u00f3bal. Sumergete en uno de los puntos m\u00e1s biodiversos de las islas encantadas. M\u00e1s informaci\u00f3n clic aqu\u00ed\" \/>\n<meta name=\"robots\" content=\"index, follow, max-snippet:-1, max-image-preview:large, max-video-preview:-1\" \/>\n<link rel=\"canonical\" href=\"https:\/\/naturegalapagos.com\/es\/tours-en-galapagos\/tour-leon-dormido-galapagos\/\" \/>\n<meta property=\"og:locale\" content=\"es_ES\" \/>\n<meta property=\"og:type\" content=\"article\" \/>\n<meta property=\"og:title\" content=\"Tour Leon Dormido Galapagos | Tour diario desde San Cristobal\" \/>\n<meta property=\"og:description\" content=\"Tour Leon Dormido Galapagos desde San Crist\u00f3bal. Sumergete en uno de los puntos m\u00e1s biodiversos de las islas encantadas. M\u00e1s informaci\u00f3n clic aqu\u00ed\" \/>\n<meta property=\"og:url\" content=\"https:\/\/naturegalapagos.com\/es\/tours-en-galapagos\/tour-leon-dormido-galapagos\/\" \/>\n<meta property=\"og:site_name\" content=\"Espa\u00f1ol - Nature Galapagos &amp; Ecuador\" \/>\n<meta property=\"article:publisher\" content=\"https:\/\/www.facebook.com\/naturegalapagosecuador\/\" \/>\n<meta property=\"article:modified_time\" content=\"2025-06-06T14:51:43+00:00\" \/>\n<meta property=\"og:image\" content=\"https:\/\/naturegalapagos.com\/es\/wp-content\/uploads\/sites\/3\/2017\/08\/Tour-Leon-Dormido-Galapagos.jpg\" \/>\n\t<meta property=\"og:image:width\" content=\"1024\" \/>\n\t<meta property=\"og:image:height\" content=\"512\" \/>\n\t<meta property=\"og:image:type\" content=\"image\/jpeg\" \/>\n<meta name=\"twitter:card\" content=\"summary_large_image\" \/>\n<meta name=\"twitter:title\" content=\"Tour Leon Dormido Galapagos | Tour diario desde San Cristobal\" \/>\n<meta name=\"twitter:description\" content=\"Tour Leon Dormido Galapagos desde San Crist\u00f3bal. Sumergete en uno de los puntos m\u00e1s biodiversos de las islas encantadas. M\u00e1s informaci\u00f3n clic aqu\u00ed\" \/>\n<meta name=\"twitter:site\" content=\"@naturegalapagos\" \/>\n<meta name=\"twitter:label1\" content=\"Tiempo de lectura\" \/>\n\t<meta name=\"twitter:data1\" content=\"4 minutos\" \/>\n<!-- \/ Yoast SEO Premium plugin. -->","yoast_head_json":{"title":"Tour Leon Dormido Galapagos | Tour diario desde San Cristobal","description":"Tour Leon Dormido Galapagos desde San Crist\u00f3bal. Sumergete en uno de los puntos m\u00e1s biodiversos de las islas encantadas. M\u00e1s informaci\u00f3n clic aqu\u00ed","robots":{"index":"index","follow":"follow","max-snippet":"max-snippet:-1","max-image-preview":"max-image-preview:large","max-video-preview":"max-video-preview:-1"},"canonical":"https:\/\/naturegalapagos.com\/es\/tours-en-galapagos\/tour-leon-dormido-galapagos\/","og_locale":"es_ES","og_type":"article","og_title":"Tour Leon Dormido Galapagos | Tour diario desde San Cristobal","og_description":"Tour Leon Dormido Galapagos desde San Crist\u00f3bal. Sumergete en uno de los puntos m\u00e1s biodiversos de las islas encantadas. M\u00e1s informaci\u00f3n clic aqu\u00ed","og_url":"https:\/\/naturegalapagos.com\/es\/tours-en-galapagos\/tour-leon-dormido-galapagos\/","og_site_name":"Espa\u00f1ol - Nature Galapagos &amp; Ecuador","article_publisher":"https:\/\/www.facebook.com\/naturegalapagosecuador\/","article_modified_time":"2025-06-06T14:51:43+00:00","og_image":[{"width":1024,"height":512,"url":"https:\/\/naturegalapagos.com\/es\/wp-content\/uploads\/sites\/3\/2017\/08\/Tour-Leon-Dormido-Galapagos.jpg","type":"image\/jpeg"}],"twitter_card":"summary_large_image","twitter_title":"Tour Leon Dormido Galapagos | Tour diario desde San Cristobal","twitter_description":"Tour Leon Dormido Galapagos desde San Crist\u00f3bal. Sumergete en uno de los puntos m\u00e1s biodiversos de las islas encantadas. M\u00e1s informaci\u00f3n clic aqu\u00ed","twitter_site":"@naturegalapagos","twitter_misc":{"Tiempo de lectura":"4 minutos"},"schema":{"@context":"https:\/\/schema.org","@graph":[{"@type":"WebPage","@id":"https:\/\/naturegalapagos.com\/es\/tours-en-galapagos\/tour-leon-dormido-galapagos\/","url":"https:\/\/naturegalapagos.com\/es\/tours-en-galapagos\/tour-leon-dormido-galapagos\/","name":"Tour Leon Dormido Galapagos | Tour diario desde San Cristobal","isPartOf":{"@id":"https:\/\/naturegalapagos.com\/es\/#website"},"primaryImageOfPage":{"@id":"https:\/\/naturegalapagos.com\/es\/tours-en-galapagos\/tour-leon-dormido-galapagos\/#primaryimage"},"image":{"@id":"https:\/\/naturegalapagos.com\/es\/tours-en-galapagos\/tour-leon-dormido-galapagos\/#primaryimage"},"thumbnailUrl":"https:\/\/naturegalapagos.com\/es\/wp-content\/uploads\/sites\/3\/2017\/08\/Tour-Leon-Dormido-Galapagos.jpg","datePublished":"2024-08-26T19:25:21+00:00","dateModified":"2025-06-06T14:51:43+00:00","description":"Tour Leon Dormido Galapagos desde San Crist\u00f3bal. Sumergete en uno de los puntos m\u00e1s biodiversos de las islas encantadas. M\u00e1s informaci\u00f3n clic aqu\u00ed","breadcrumb":{"@id":"https:\/\/naturegalapagos.com\/es\/tours-en-galapagos\/tour-leon-dormido-galapagos\/#breadcrumb"},"inLanguage":"es","potentialAction":[{"@type":"ReadAction","target":["https:\/\/naturegalapagos.com\/es\/tours-en-galapagos\/tour-leon-dormido-galapagos\/"]}]},{"@type":"ImageObject","inLanguage":"es","@id":"https:\/\/naturegalapagos.com\/es\/tours-en-galapagos\/tour-leon-dormido-galapagos\/#primaryimage","url":"https:\/\/naturegalapagos.com\/es\/wp-content\/uploads\/sites\/3\/2017\/08\/Tour-Leon-Dormido-Galapagos.jpg","contentUrl":"https:\/\/naturegalapagos.com\/es\/wp-content\/uploads\/sites\/3\/2017\/08\/Tour-Leon-Dormido-Galapagos.jpg","width":1024,"height":512,"caption":"our Leon Dormido Galapagos"},{"@type":"BreadcrumbList","@id":"https:\/\/naturegalapagos.com\/es\/tours-en-galapagos\/tour-leon-dormido-galapagos\/#breadcrumb","itemListElement":[{"@type":"ListItem","position":1,"name":"Home","item":"https:\/\/naturegalapagos.com\/es\/"},{"@type":"ListItem","position":2,"name":"Tienda","item":"https:\/\/naturegalapagos.com\/es\/tienda\/"},{"@type":"ListItem","position":3,"name":"Tour Leon Dormido Galapagos"}]},{"@type":"WebSite","@id":"https:\/\/naturegalapagos.com\/es\/#website","url":"https:\/\/naturegalapagos.com\/es\/","name":"Espa\u00f1ol - Nature Galapagos & Ecuador","description":"","publisher":{"@id":"https:\/\/naturegalapagos.com\/es\/#organization"},"potentialAction":[{"@type":"SearchAction","target":{"@type":"EntryPoint","urlTemplate":"https:\/\/naturegalapagos.com\/es\/?s={search_term_string}"},"query-input":{"@type":"PropertyValueSpecification","valueRequired":true,"valueName":"search_term_string"}}],"inLanguage":"es"},{"@type":"Organization","@id":"https:\/\/naturegalapagos.com\/es\/#organization","name":"Espa\u00f1ol - Nature Galapagos & Ecuador","url":"https:\/\/naturegalapagos.com\/es\/","logo":{"@type":"ImageObject","inLanguage":"es","@id":"https:\/\/naturegalapagos.com\/es\/#\/schema\/logo\/image\/","url":"https:\/\/naturegalapagos.com\/es\/wp-content\/uploads\/sites\/3\/2016\/10\/Nature-Galapagos-Logo-COM-300x300.jpg","contentUrl":"https:\/\/naturegalapagos.com\/es\/wp-content\/uploads\/sites\/3\/2016\/10\/Nature-Galapagos-Logo-COM-300x300.jpg","width":300,"height":300,"caption":"Espa\u00f1ol - Nature Galapagos & Ecuador"},"image":{"@id":"https:\/\/naturegalapagos.com\/es\/#\/schema\/logo\/image\/"},"sameAs":["https:\/\/www.facebook.com\/naturegalapagosecuador\/","https:\/\/x.com\/naturegalapagos","https:\/\/www.instagram.com\/naturegalapagos\/","https:\/\/www.pinterest.com\/Naturegalapagos\/","https:\/\/www.youtube.com\/user\/NatureGalapagosTours"]}]}},"_links":{"self":[{"href":"https:\/\/naturegalapagos.com\/es\/wp-json\/wp\/v2\/product\/4063","targetHints":{"allow":["GET"]}}],"collection":[{"href":"https:\/\/naturegalapagos.com\/es\/wp-json\/wp\/v2\/product"}],"about":[{"href":"https:\/\/naturegalapagos.com\/es\/wp-json\/wp\/v2\/types\/product"}],"replies":[{"embeddable":true,"href":"https:\/\/naturegalapagos.com\/es\/wp-json\/wp\/v2\/comments?post=4063"}],"wp:featuredmedia":[{"embeddable":true,"href":"https:\/\/naturegalapagos.com\/es\/wp-json\/wp\/v2\/media\/4074"}],"wp:attachment":[{"href":"https:\/\/naturegalapagos.com\/es\/wp-json\/wp\/v2\/media?parent=4063"}],"wp:term":[{"taxonomy":"product_brand","embeddable":true,"href":"https:\/\/naturegalapagos.com\/es\/wp-json\/wp\/v2\/product_brand?post=4063"},{"taxonomy":"product_cat","embeddable":true,"href":"https:\/\/naturegalapagos.com\/es\/wp-json\/wp\/v2\/product_cat?post=4063"},{"taxonomy":"product_tag","embeddable":true,"href":"https:\/\/naturegalapagos.com\/es\/wp-json\/wp\/v2\/product_tag?post=4063"}],"curies":[{"name":"wp","href":"https:\/\/api.w.org\/{rel}","templated":true}]}}