{"id":4096,"date":"2017-08-10T12:53:45","date_gmt":"2017-08-10T16:53:45","guid":{"rendered":"https:\/\/naturegalapagos.com\/es\/?post_type=product&#038;p=4096"},"modified":"2024-08-09T18:33:57","modified_gmt":"2024-08-09T22:33:57","slug":"tour-rafting-ecuador-tour-al-rio-blanco-toachi","status":"publish","type":"product","link":"https:\/\/naturegalapagos.com\/es\/ecuador-tours\/rafting-ecuador\/tour-rafting-ecuador","title":{"rendered":"Tour Rafting Ecuador | Tour al Rio Blanco y Toachi"},"content":{"rendered":"<div class=\"wpb-content-wrapper\"><p>[vc_row][vc_column][vc_column_text]<\/p>\n<h2><span style=\"font-family: arial, helvetica, sans-serif;\">Tour Rafting Ecuador | Tour al Rio Blanco y Toachi<\/span><\/h2>\n<p><span style=\"font-family: arial, helvetica, sans-serif;\">Nuestro Tour Rafting Ecuador en Los R\u00edos Toachi y Blanco son una fant\u00e1stica introducci\u00f3n a los r\u00edos de Ecuador. Que fluyen del lado costero hacia los Andes, tienen algunas de las secciones navegables m\u00e1s largas de agua blanca en el pa\u00eds. Combine esta actividad con las vistas y los sonidos del ambiente del bosque que pasan a trav\u00e9s y le garantizan un d\u00eda inolvidable.<\/span><\/p>\n<p><!--more--><\/p>\n<h3><span style=\"font-family: arial, helvetica, sans-serif;\">Datos Importantes<\/span><\/h3>\n<table class=\"table table-bordered tours-tabs__table\" style=\"height: 233px; width: 858px;\">\n<tbody>\n<tr style=\"height: 24px;\">\n<td style=\"height: 24px; width: 212.671875px;\"><span style=\"font-family: arial, helvetica, sans-serif;\"><strong>SALIDAS COMPARTIDAS<\/strong><\/span><\/td>\n<td style=\"height: 24px; width: 633.328125px;\"><span style=\"font-family: arial, helvetica, sans-serif;\">Fechas Seleccionadas<\/span><\/td>\n<\/tr>\n<tr style=\"height: 24px;\">\n<td style=\"height: 24px; width: 212.671875px;\"><span style=\"font-family: arial, helvetica, sans-serif;\"><strong>SALIDAS PRIVADAS<\/strong><\/span><\/td>\n<td style=\"height: 24px; width: 633.328125px;\"><span style=\"font-family: arial, helvetica, sans-serif;\">Todos los d\u00edas ( Bajo Pedido )<\/span><\/td>\n<\/tr>\n<tr style=\"height: 24px;\">\n<td style=\"height: 24px; width: 212.671875px;\"><span style=\"font-family: arial, helvetica, sans-serif;\"><strong>LUGAR DE SALIDA<\/strong><\/span><\/td>\n<td style=\"height: 24px; width: 633.328125px;\"><span style=\"font-family: arial, helvetica, sans-serif;\">Magic Bean\u00a0(Foch &amp; Juan Leon Mera)<\/span><\/td>\n<\/tr>\n<tr style=\"height: 24px;\">\n<td style=\"height: 24px; width: 212.671875px;\"><span style=\"font-family: arial, helvetica, sans-serif;\"><strong>LUGAR DE RETORNO<\/strong><\/span><\/td>\n<td style=\"height: 24px; width: 633.328125px;\"><span style=\"font-family: arial, helvetica, sans-serif;\">Magic Bean<\/span><\/td>\n<\/tr>\n<tr style=\"height: 24px;\">\n<td style=\"height: 24px; width: 212.671875px;\"><span style=\"font-family: arial, helvetica, sans-serif;\"><strong>HORA DE SALIDA<\/strong><\/span><\/td>\n<td style=\"height: 24px; width: 633.328125px;\"><span style=\"font-family: arial, helvetica, sans-serif;\">07.00 AM<\/span><\/td>\n<\/tr>\n<tr style=\"height: 24px;\">\n<td style=\"height: 24px; width: 212.671875px;\"><span style=\"font-family: arial, helvetica, sans-serif;\"><strong>DURACION<\/strong><\/span><\/td>\n<td style=\"height: 24px; width: 633.328125px;\"><span style=\"font-family: arial, helvetica, sans-serif;\">11 &#8211; 12 Horas Aproximadamente<\/span><\/td>\n<\/tr>\n<tr style=\"height: 24px;\">\n<td style=\"height: 24px; width: 212.671875px;\"><span style=\"font-family: arial, helvetica, sans-serif;\"><strong>NIVEL DE DIFICULTAD<\/strong><\/span><\/td>\n<td style=\"height: 24px; width: 633.328125px;\"><span style=\"font-family: arial, helvetica, sans-serif;\">III &#8211; IV\u00a0(DEPENDE DE LA TEMPORADA DEL A\u00d1O).<\/span><\/td>\n<\/tr>\n<tr style=\"height: 24px;\">\n<td style=\"height: 24px; width: 212.671875px;\"><span style=\"font-family: arial, helvetica, sans-serif;\"><strong>QUE USAR<\/strong><\/span><\/td>\n<td style=\"height: 24px; width: 633.328125px;\">\n<ul>\n<li><span style=\"font-family: arial, helvetica, sans-serif;\">Traje de ba\u00f1o \/ shorts, camiseta.<\/span><\/li>\n<li><span style=\"font-family: arial, helvetica, sans-serif;\">Zapatos comodos \/ sandalias.<\/span><\/li>\n<li><span style=\"font-family: arial, helvetica, sans-serif;\">Gafas de sol (con correa de retenci\u00f3n), gorra.<\/span><\/li>\n<li><span style=\"font-family: arial, helvetica, sans-serif;\">Protector solar, repelente de insectos.<\/span><\/li>\n<li><span style=\"font-family: arial, helvetica, sans-serif;\">Toalla, ropa seca.<\/span><\/li>\n<\/ul>\n<\/td>\n<\/tr>\n<tr style=\"height: 23px;\">\n<td style=\"height: 23px; width: 212.671875px;\"><span style=\"font-family: arial, helvetica, sans-serif;\"><strong>INCLUYE<\/strong><\/span><\/td>\n<td style=\"height: 23px; width: 633.328125px;\"><span style=\"font-family: arial, helvetica, sans-serif;\"><i class=\"fa fa-check icon-tick icon-tick--on\"><\/i> Bilingual Professional Guide.<\/span><br \/>\n<span style=\"font-family: arial, helvetica, sans-serif;\"><i class=\"fa fa-check icon-tick icon-tick--on\"><\/i> Top of the line rafting equipment.<\/span><br \/>\n<span style=\"font-family: arial, helvetica, sans-serif;\"><i class=\"fa fa-check icon-tick icon-tick--on\"><\/i> Delicious lunch plus snacks and beers.<\/span><br \/>\n<span style=\"font-family: arial, helvetica, sans-serif;\"><i class=\"fa fa-check icon-tick icon-tick--on\"><\/i> Transport ex Quito, and a safe, fun trip.<\/span><\/td>\n<\/tr>\n<tr style=\"height: 38px;\">\n<td style=\"height: 38px; width: 212.671875px;\"><span style=\"font-family: arial, helvetica, sans-serif;\"><b>NO INCLUYE<\/b><\/span><\/td>\n<td style=\"height: 38px; width: 633.328125px;\"><span style=\"font-family: arial, helvetica, sans-serif;\"><i class=\"fa fa-times icon-tick icon-tick--off\"><\/i> Cost of extra activities not listed.<\/span><br \/>\n<span style=\"font-family: arial, helvetica, sans-serif;\"><i class=\"fa fa-times icon-tick icon-tick--off\"><\/i> Tips &amp; Gratuities (optional)<\/span><\/td>\n<\/tr>\n<\/tbody>\n<\/table>\n<h3><span style=\"font-family: arial, helvetica, sans-serif;\">Descripci\u00f3n del Tour Rafting Ecuador a Rio Blanco y Toachi<\/span><\/h3>\n<p><span style=\"font-family: arial, helvetica, sans-serif;\">El d\u00eda empezara en el punto de encuentro a las 6.30 am (Foch y Juan Le\u00f3n Mera)\u00a0donde viajaremos por 3 horas al oeste por el hermoso bosque nublado y r\u00edos.<\/span><\/p>\n<p><span style=\"font-family: arial, helvetica, sans-serif;\">Antes de ponerse en marcha, te pondremos con chalecos salvavidas y cascos, te daremos un briefing de seguridad completo y entrenaremos a cada tripulaci\u00f3n en las t\u00e9cnicas de remo necesarias para navegar por el r\u00edo. Una vez en el r\u00edo se puede esperar tanto la acci\u00f3n de emocionante aguas bravas y la tranquilidad de la deriva en silencio a trav\u00e9s de selvas tropicales. As\u00ed que mientras usted est\u00e1 garantizado para mojarse tambi\u00e9n tendr\u00e1 la oportunidad de ser absorbido por los sonidos del bosque y ver la vida silvestre cerca de nuestra &#8220;plataforma de visualizaci\u00f3n&#8221; m\u00f3vil. Tiempo de Rafting aprox. 3\u00bd hrs. (De marzo a mayo por lo general se ejecuta la parte superior del r\u00edo Blanco &#8211; 43 kilometros, aproximadamente 4 horas y media).<\/span><\/p>\n<p><span style=\"font-family: arial, helvetica, sans-serif;\">Durante el viaje nos detendremos al lado del r\u00edo para un delicioso almuerzo picnic incluyendo frutas tropicales frescas con refrescos, jugo y agua. Al final del d\u00eda de diversi\u00f3n en el r\u00edo con unas cervezas heladas y regresamos a Quito (aprox. 6.30-7.00pm).<\/span>[\/vc_column_text][\/vc_column][\/vc_row][vc_row][vc_column el_class=&#8221;accocruise&#8221;][vc_column_text]\n<div class=\"panel panel-default accordion__item\">\n\t<div class=\"panel-heading accordion__item__title-wrap\">\n\t\t<h4 class=\"panel-title\">\n\t\t\t<a data-toggle=\"collapse\" data-parent=\"#ataccordion0\" href=\"#ataccordion0_1\" class=\"accordion__item__link collapsed\">INQUIRE MORE HERE<\/a>\n\t\t<\/h4>\n\t<\/div>\n\t<div id=\"ataccordion0_1\" class=\"panel-collapse collapse\">\n\t\t<div class=\"panel-body accordion__item__content\">\n                <div class=\"ml-embedded\" data-form=\"Dpm2sV\"><\/div>\n            \n<\/div>\n\t<\/div>\n<\/div>[\/vc_column_text][\/vc_column][\/vc_row][vc_row][vc_column][\/vc_column][\/vc_row]<\/p>\n<\/div>","protected":false},"excerpt":{"rendered":"<p>[vc_row][vc_column][vc_column_text] Tour Rafting Ecuador | Tour al Rio Blanco y Toachi Nuestro Tour Rafting Ecuador en Los R\u00edos Toachi y Blanco son una fant\u00e1stica introducci\u00f3n a los r\u00edos de Ecuador. Que fluyen del lado costero hacia los Andes, tienen algunas de las secciones navegables m\u00e1s largas de agua blanca en el pa\u00eds. Combine esta actividad<\/p>\n<div class=\"padding-top text-center\"><a href=\"https:\/\/naturegalapagos.com\/es\/ecuador-tours\/rafting-ecuador\/tour-rafting-ecuador\" class=\"atbtn atbtn--medium atbtn--rounded atbtn--transparent\">Leer m\u00e1s<i class=\"atbtn__icon atbtn__icon--right fa fa-long-arrow-right\"><\/i><\/a><\/div>\n","protected":false},"featured_media":4100,"comment_status":"closed","ping_status":"closed","template":"","meta":{"_joinchat":[]},"product_brand":[],"product_cat":[3599],"product_tag":[],"class_list":{"0":"post-4096","1":"product","2":"type-product","3":"status-publish","4":"has-post-thumbnail","6":"product_cat-sin-categoria","7":"tour_category-quito-turismo","9":"first","10":"outofstock","11":"taxable","12":"shipping-taxable","13":"product-type-tour"},"yoast_head":"<!-- This site is optimized with the Yoast SEO Premium plugin v25.6 (Yoast SEO v26.1.1) - https:\/\/yoast.com\/wordpress\/plugins\/seo\/ -->\n<title>Tour Rafting Ecuador | Tour al Rio Blanco y Toachi<\/title>\n<meta name=\"description\" content=\"Nuestro Tour Rafting Ecuador en Los R\u00edos Toachi y Blanco es una aventura de un d\u00eda a los r\u00edos de Ecuador. M\u00e1s Informaci\u00f3n Aqu\u00ed!!!\" \/>\n<meta name=\"robots\" content=\"index, follow, max-snippet:-1, max-image-preview:large, max-video-preview:-1\" \/>\n<link rel=\"canonical\" href=\"https:\/\/naturegalapagos.com\/es\/ecuador-tours\/rafting-ecuador\/tour-rafting-ecuador\/\" \/>\n<meta property=\"og:locale\" content=\"es_ES\" \/>\n<meta property=\"og:type\" content=\"article\" \/>\n<meta property=\"og:title\" content=\"Tour Rafting Ecuador | Tour al Rio Blanco y Toachi\" \/>\n<meta property=\"og:description\" content=\"Nuestro Tour Rafting Ecuador en Los R\u00edos Toachi y Blanco es una aventura de un d\u00eda a los r\u00edos de Ecuador. M\u00e1s Informaci\u00f3n Aqu\u00ed!!!\" \/>\n<meta property=\"og:url\" content=\"https:\/\/naturegalapagos.com\/es\/ecuador-tours\/rafting-ecuador\/tour-rafting-ecuador\/\" \/>\n<meta property=\"og:site_name\" content=\"Espa\u00f1ol - Nature Galapagos &amp; Ecuador\" \/>\n<meta property=\"article:publisher\" content=\"https:\/\/www.facebook.com\/naturegalapagosecuador\/\" \/>\n<meta property=\"article:modified_time\" content=\"2024-08-09T22:33:57+00:00\" \/>\n<meta property=\"og:image\" content=\"https:\/\/naturegalapagos.com\/es\/wp-content\/uploads\/sites\/3\/2017\/08\/Tour-Rafting-Ecuador.jpg\" \/>\n\t<meta property=\"og:image:width\" content=\"1024\" \/>\n\t<meta property=\"og:image:height\" content=\"512\" \/>\n\t<meta property=\"og:image:type\" content=\"image\/jpeg\" \/>\n<meta name=\"twitter:card\" content=\"summary_large_image\" \/>\n<meta name=\"twitter:title\" content=\"Tour Rafting Ecuador | Tour al Rio Blanco y Toachi\" \/>\n<meta name=\"twitter:description\" content=\"Nuestro Tour Rafting Ecuador en Los R\u00edos Toachi y Blanco es una aventura de un d\u00eda a los r\u00edos de Ecuador. M\u00e1s Informaci\u00f3n Aqu\u00ed!!!\" \/>\n<meta name=\"twitter:site\" content=\"@naturegalapagos\" \/>\n<meta name=\"twitter:label1\" content=\"Tiempo de lectura\" \/>\n\t<meta name=\"twitter:data1\" content=\"3 minutos\" \/>\n<!-- \/ Yoast SEO Premium plugin. -->","yoast_head_json":{"title":"Tour Rafting Ecuador | Tour al Rio Blanco y Toachi","description":"Nuestro Tour Rafting Ecuador en Los R\u00edos Toachi y Blanco es una aventura de un d\u00eda a los r\u00edos de Ecuador. M\u00e1s Informaci\u00f3n Aqu\u00ed!!!","robots":{"index":"index","follow":"follow","max-snippet":"max-snippet:-1","max-image-preview":"max-image-preview:large","max-video-preview":"max-video-preview:-1"},"canonical":"https:\/\/naturegalapagos.com\/es\/ecuador-tours\/rafting-ecuador\/tour-rafting-ecuador\/","og_locale":"es_ES","og_type":"article","og_title":"Tour Rafting Ecuador | Tour al Rio Blanco y Toachi","og_description":"Nuestro Tour Rafting Ecuador en Los R\u00edos Toachi y Blanco es una aventura de un d\u00eda a los r\u00edos de Ecuador. M\u00e1s Informaci\u00f3n Aqu\u00ed!!!","og_url":"https:\/\/naturegalapagos.com\/es\/ecuador-tours\/rafting-ecuador\/tour-rafting-ecuador\/","og_site_name":"Espa\u00f1ol - Nature Galapagos &amp; Ecuador","article_publisher":"https:\/\/www.facebook.com\/naturegalapagosecuador\/","article_modified_time":"2024-08-09T22:33:57+00:00","og_image":[{"width":1024,"height":512,"url":"https:\/\/naturegalapagos.com\/es\/wp-content\/uploads\/sites\/3\/2017\/08\/Tour-Rafting-Ecuador.jpg","type":"image\/jpeg"}],"twitter_card":"summary_large_image","twitter_title":"Tour Rafting Ecuador | Tour al Rio Blanco y Toachi","twitter_description":"Nuestro Tour Rafting Ecuador en Los R\u00edos Toachi y Blanco es una aventura de un d\u00eda a los r\u00edos de Ecuador. M\u00e1s Informaci\u00f3n Aqu\u00ed!!!","twitter_site":"@naturegalapagos","twitter_misc":{"Tiempo de lectura":"3 minutos"},"schema":{"@context":"https:\/\/schema.org","@graph":[{"@type":"WebPage","@id":"https:\/\/naturegalapagos.com\/es\/ecuador-tours\/rafting-ecuador\/tour-rafting-ecuador\/","url":"https:\/\/naturegalapagos.com\/es\/ecuador-tours\/rafting-ecuador\/tour-rafting-ecuador\/","name":"Tour Rafting Ecuador | Tour al Rio Blanco y Toachi","isPartOf":{"@id":"https:\/\/naturegalapagos.com\/es\/#website"},"primaryImageOfPage":{"@id":"https:\/\/naturegalapagos.com\/es\/ecuador-tours\/rafting-ecuador\/tour-rafting-ecuador\/#primaryimage"},"image":{"@id":"https:\/\/naturegalapagos.com\/es\/ecuador-tours\/rafting-ecuador\/tour-rafting-ecuador\/#primaryimage"},"thumbnailUrl":"https:\/\/naturegalapagos.com\/es\/wp-content\/uploads\/sites\/3\/2017\/08\/Tour-Rafting-Ecuador.jpg","datePublished":"2017-08-10T16:53:45+00:00","dateModified":"2024-08-09T22:33:57+00:00","description":"Nuestro Tour Rafting Ecuador en Los R\u00edos Toachi y Blanco es una aventura de un d\u00eda a los r\u00edos de Ecuador. M\u00e1s Informaci\u00f3n Aqu\u00ed!!!","breadcrumb":{"@id":"https:\/\/naturegalapagos.com\/es\/ecuador-tours\/rafting-ecuador\/tour-rafting-ecuador\/#breadcrumb"},"inLanguage":"es","potentialAction":[{"@type":"ReadAction","target":["https:\/\/naturegalapagos.com\/es\/ecuador-tours\/rafting-ecuador\/tour-rafting-ecuador\/"]}]},{"@type":"ImageObject","inLanguage":"es","@id":"https:\/\/naturegalapagos.com\/es\/ecuador-tours\/rafting-ecuador\/tour-rafting-ecuador\/#primaryimage","url":"https:\/\/naturegalapagos.com\/es\/wp-content\/uploads\/sites\/3\/2017\/08\/Tour-Rafting-Ecuador.jpg","contentUrl":"https:\/\/naturegalapagos.com\/es\/wp-content\/uploads\/sites\/3\/2017\/08\/Tour-Rafting-Ecuador.jpg","width":1024,"height":512,"caption":"Tour Rafting Ecuador"},{"@type":"BreadcrumbList","@id":"https:\/\/naturegalapagos.com\/es\/ecuador-tours\/rafting-ecuador\/tour-rafting-ecuador\/#breadcrumb","itemListElement":[{"@type":"ListItem","position":1,"name":"Home","item":"https:\/\/naturegalapagos.com\/es\/"},{"@type":"ListItem","position":2,"name":"Tienda","item":"https:\/\/naturegalapagos.com\/es\/tienda\/"},{"@type":"ListItem","position":3,"name":"Tour Rafting Ecuador | Tour al Rio Blanco y Toachi"}]},{"@type":"WebSite","@id":"https:\/\/naturegalapagos.com\/es\/#website","url":"https:\/\/naturegalapagos.com\/es\/","name":"Espa\u00f1ol - Nature Galapagos & Ecuador","description":"","publisher":{"@id":"https:\/\/naturegalapagos.com\/es\/#organization"},"potentialAction":[{"@type":"SearchAction","target":{"@type":"EntryPoint","urlTemplate":"https:\/\/naturegalapagos.com\/es\/?s={search_term_string}"},"query-input":{"@type":"PropertyValueSpecification","valueRequired":true,"valueName":"search_term_string"}}],"inLanguage":"es"},{"@type":"Organization","@id":"https:\/\/naturegalapagos.com\/es\/#organization","name":"Espa\u00f1ol - Nature Galapagos & Ecuador","url":"https:\/\/naturegalapagos.com\/es\/","logo":{"@type":"ImageObject","inLanguage":"es","@id":"https:\/\/naturegalapagos.com\/es\/#\/schema\/logo\/image\/","url":"https:\/\/naturegalapagos.com\/es\/wp-content\/uploads\/sites\/3\/2016\/10\/Nature-Galapagos-Logo-COM-300x300.jpg","contentUrl":"https:\/\/naturegalapagos.com\/es\/wp-content\/uploads\/sites\/3\/2016\/10\/Nature-Galapagos-Logo-COM-300x300.jpg","width":300,"height":300,"caption":"Espa\u00f1ol - Nature Galapagos & Ecuador"},"image":{"@id":"https:\/\/naturegalapagos.com\/es\/#\/schema\/logo\/image\/"},"sameAs":["https:\/\/www.facebook.com\/naturegalapagosecuador\/","https:\/\/x.com\/naturegalapagos","https:\/\/www.instagram.com\/naturegalapagos\/","https:\/\/www.pinterest.com\/Naturegalapagos\/","https:\/\/www.youtube.com\/user\/NatureGalapagosTours"]}]}},"_links":{"self":[{"href":"https:\/\/naturegalapagos.com\/es\/wp-json\/wp\/v2\/product\/4096","targetHints":{"allow":["GET"]}}],"collection":[{"href":"https:\/\/naturegalapagos.com\/es\/wp-json\/wp\/v2\/product"}],"about":[{"href":"https:\/\/naturegalapagos.com\/es\/wp-json\/wp\/v2\/types\/product"}],"replies":[{"embeddable":true,"href":"https:\/\/naturegalapagos.com\/es\/wp-json\/wp\/v2\/comments?post=4096"}],"wp:featuredmedia":[{"embeddable":true,"href":"https:\/\/naturegalapagos.com\/es\/wp-json\/wp\/v2\/media\/4100"}],"wp:attachment":[{"href":"https:\/\/naturegalapagos.com\/es\/wp-json\/wp\/v2\/media?parent=4096"}],"wp:term":[{"taxonomy":"product_brand","embeddable":true,"href":"https:\/\/naturegalapagos.com\/es\/wp-json\/wp\/v2\/product_brand?post=4096"},{"taxonomy":"product_cat","embeddable":true,"href":"https:\/\/naturegalapagos.com\/es\/wp-json\/wp\/v2\/product_cat?post=4096"},{"taxonomy":"product_tag","embeddable":true,"href":"https:\/\/naturegalapagos.com\/es\/wp-json\/wp\/v2\/product_tag?post=4096"}],"curies":[{"name":"wp","href":"https:\/\/api.w.org\/{rel}","templated":true}]}}