{"id":4149,"date":"2017-11-06T12:44:35","date_gmt":"2017-11-06T17:44:35","guid":{"rendered":"https:\/\/naturegalapagos.com\/es\/?post_type=product&#038;p=4149"},"modified":"2024-12-16T12:24:46","modified_gmt":"2024-12-16T17:24:46","slug":"samona-lodge-tour-4-dias","status":"publish","type":"product","link":"https:\/\/naturegalapagos.com\/es\/amazonia-ecuatoriana\/samona-lodge-tour-de-4-dias\/","title":{"rendered":"Samona Lodge | Tour de 4 D\u00edas"},"content":{"rendered":"<div class=\"wpb-content-wrapper\"><h2><span style=\"font-family: arial, helvetica, sans-serif;\"><span style=\"font-size: 18pt;\">Cuyabeno Ecuador &#8211; Samona Lodge\u00a0| Tour de 4 D\u00edas<\/span><\/span><\/h2>\n<p><span style=\"font-family: arial, helvetica, sans-serif;\"><strong>Samona Lodge<\/strong>, este destino un favorito entre nuestros clientes, con un <strong>excelente precio y un viaje de aventura<\/strong> integral agradable. Durante el a\u00f1o pasado hemos enviado m\u00e1s de 500 pasajeros a Samona.<\/span><\/p>\n<p><span style=\"font-family: arial, helvetica, sans-serif;\">La elecci\u00f3n perfecta si usted est\u00e1 buscando una aventura incre\u00edble en la selva tropical a un precio muy asequible, y un gran lugar para observar much\u00edsima vida silvestre.<\/span><\/p>\n<ul>\n<li><span style=\"font-family: arial, helvetica, sans-serif;\">Caba\u00f1as econ\u00f3micas<\/span><\/li>\n<li><span style=\"font-family: arial, helvetica, sans-serif;\">Caminatas en la selva con gu\u00edas nativos.<\/span><\/li>\n<li><span style=\"font-family: arial, helvetica, sans-serif;\">Visita a la comunidad Siona.<\/span><\/li>\n<li><span style=\"font-family: arial, helvetica, sans-serif;\">Visita a la laguna de Grande de Cuyabeno Ecuador para observaci\u00f3n Anacondas.<\/span><\/li>\n<\/ul>\n<p><span style=\"font-family: arial, helvetica, sans-serif;\"> <!--more--><\/span><\/p>\n<p><span style=\"font-family: arial, helvetica, sans-serif;\"><strong>Actividades: <\/strong>caminatas cortas , navegaci\u00f3n y observaci\u00f3n de la fauna<\/span><br \/>\n<span style=\"font-family: arial, helvetica, sans-serif;\"> <strong>Edad:<\/strong>\u00a0 1 a\u00f1o &#8211; 60 a\u00f1os<\/span><br \/>\n<span style=\"font-family: arial, helvetica, sans-serif;\"> <strong>Tipo de viaje:<\/strong> Aventura sencilla<\/span><br \/>\n<span style=\"font-family: arial, helvetica, sans-serif;\"> <strong>Tipo de Paquete:<\/strong>\u00a0Todo Incluido <\/span><br \/>\n<span style=\"font-family: arial, helvetica, sans-serif;\"> <strong>D\u00edas de inicio:<\/strong> Inicia todos los d\u00edas<\/span><\/p>\n<h3><span style=\"font-family: arial, helvetica, sans-serif;\">Datos importantes<\/span><\/h3>\n<table class=\"table table-bordered tours-tabs__table\" style=\"height: 233px; width: 858px;\">\n<tbody>\n<tr style=\"height: 24px;\">\n<td style=\"height: 24px; width: 212px;\"><span style=\"font-family: arial, helvetica, sans-serif;\"><strong>LUGAR DE PARTIDA<\/strong><\/span><\/td>\n<td style=\"height: 24px; width: 640px;\"><span style=\"font-family: arial, helvetica, sans-serif;\">Quito<\/span><\/td>\n<\/tr>\n<tr style=\"height: 24px;\">\n<td style=\"height: 24px; width: 212px;\"><span style=\"font-family: arial, helvetica, sans-serif;\"><strong>LUGAR DE REGRESO<\/strong><\/span><\/td>\n<td style=\"height: 24px; width: 640px;\"><span style=\"font-family: arial, helvetica, sans-serif;\">Quito<\/span><\/td>\n<\/tr>\n<tr style=\"height: 24px;\">\n<td style=\"height: 24px; width: 212px;\"><span style=\"font-family: arial, helvetica, sans-serif;\"><strong>HORA DE PARTIDA<\/strong><\/span><\/td>\n<td style=\"height: 24px; width: 640px;\"><span style=\"font-family: arial, helvetica, sans-serif;\">* Consultar para m\u00e1s detalles.<\/span><\/td>\n<\/tr>\n<tr style=\"height: 24px;\">\n<td style=\"height: 24px; width: 212px;\"><span style=\"font-family: arial, helvetica, sans-serif;\"><strong>HORA DE REGRESO<\/strong><\/span><\/td>\n<td style=\"height: 24px; width: 640px;\"><span style=\"font-family: arial, helvetica, sans-serif;\">* Consultar para m\u00e1s detalles.<\/span><\/td>\n<\/tr>\n<tr style=\"height: 24px;\">\n<td style=\"height: 24px; width: 212px;\"><span style=\"font-family: arial, helvetica, sans-serif;\"><strong>QU\u00c9 USAR?<\/strong><\/span><\/td>\n<td style=\"height: 24px; width: 640px;\"><span style=\"font-family: arial, helvetica, sans-serif;\">Ropa c\u00f3moda, zapatos para caminar, sombrero, chaqueta y protector solar.<\/span><\/td>\n<\/tr>\n<tr style=\"height: 83.875px;\">\n<td style=\"height: 83.875px; width: 212px;\"><span style=\"font-family: arial, helvetica, sans-serif;\"><strong>INCLUYE<\/strong><\/span><\/td>\n<td style=\"height: 83.875px; width: 640px;\"><span style=\"font-family: arial, helvetica, sans-serif;\"><i class=\"fa fa-check icon-tick icon-tick--on\"><\/i> Alojamiento en hoteles y habitaciones seleccionadas.<\/span><br \/>\n<span style=\"font-family: arial, helvetica, sans-serif;\"> <i class=\"fa fa-check icon-tick icon-tick--on\"><\/i> Todas las comidas (desayuno-almuerzo y cena) *Men\u00fa del\u00a0d\u00eda.<\/span><br \/>\n<span style=\"font-family: arial, helvetica, sans-serif;\"> <i class=\"fa fa-check icon-tick icon-tick--on\"><\/i> Transporte Coca-Samona Lodge-Coca. (Bus \u00f3 Canoa)<\/span><br \/>\n<span style=\"font-family: arial, helvetica, sans-serif;\"> <i class=\"fa fa-check icon-tick icon-tick--on\"><\/i> Gu\u00eda naturalista biling\u00fce, en cada isla visitada o actividad.<\/span><br \/>\n<span style=\"font-family: arial, helvetica, sans-serif;\"> <i class=\"fa fa-check icon-tick icon-tick--on\"><\/i> Acomodaci\u00f3n en doble\u00a0\/ \u00f3\u00a0habitaci\u00f3n triple con redes de mosquitos y con un ba\u00f1o privado.<\/span><br \/>\n<span style=\"font-family: arial, helvetica, sans-serif;\"> <i class=\"fa fa-check icon-tick icon-tick--on\"><\/i>\u00a0Snacks para todas las excursiones<\/span><br \/>\n<span style=\"font-family: arial, helvetica, sans-serif;\"> <i class=\"fa fa-check icon-tick icon-tick--on\"><\/i>\u00a0Excursiones,<\/span><br \/>\n<span style=\"font-family: arial, helvetica, sans-serif;\"> <i class=\"fa fa-check icon-tick icon-tick--on\"><\/i> Agua Purificada, caf\u00e9 \u00f3 te.<\/span><br \/>\n<span style=\"font-family: arial, helvetica, sans-serif;\"> <i class=\"fa fa-check icon-tick icon-tick--on\"><\/i>\u00a0Botas y ponchos de agua.<\/span><\/td>\n<\/tr>\n<tr style=\"height: 38px;\">\n<td style=\"height: 38px; width: 212px;\"><span style=\"font-family: arial, helvetica, sans-serif;\"><b>NO INCLUYE<\/b><\/span><\/td>\n<td style=\"height: 38px; width: 640px;\"><span style=\"font-family: arial, helvetica, sans-serif;\"><i class=\"fa fa-times icon-tick icon-tick--off\"><\/i>\u00a0Transporte Quito-Lago Agrio- Quito (bus-avi\u00f3n)<\/span><br \/>\n<span style=\"font-family: arial, helvetica, sans-serif;\"> <i class=\"fa fa-times icon-tick icon-tick--off\"><\/i> \u00d3 ticket de bus desde\/hacia<\/span><br \/>\n<span style=\"font-family: arial, helvetica, sans-serif;\"> <i class=\"fa fa-times icon-tick icon-tick--off\"><\/i>Gastos personales, extras.<\/span><br \/>\n<span style=\"font-family: arial, helvetica, sans-serif;\"> <i class=\"fa fa-times icon-tick icon-tick--off\"><\/i>\u00a0Bebidas gaseosas y alcoh\u00f3licas.<\/span><br \/>\n<span style=\"font-family: arial, helvetica, sans-serif;\"> <i class=\"fa fa-times icon-tick icon-tick--off\"><\/i> Tips &amp;\u00a0Extras.<\/span><br \/>\n<span style=\"font-family: arial, helvetica, sans-serif;\"> <i class=\"fa fa-times icon-tick icon-tick--off\"><\/i>Ning\u00fan otro servicio especificado.<\/span><br \/>\n<span style=\"font-family: arial, helvetica, sans-serif;\"> <i class=\"fa fa-times icon-tick icon-tick--off\"><\/i>\u00a0$ 5.00 community \/ $ 5.00 Shaman.<\/span><\/td>\n<\/tr>\n<\/tbody>\n<\/table>\n<p><span style=\"font-family: arial, helvetica, sans-serif;\"><strong><em>NOTA:<\/em><\/strong><em> \u201cEl itinerario siempre esta sujeto a cambio sin previo aviso, debido a los cambios estacionales, condiciones clim\u00e1ticas, ajustes de ultima hora en las pol\u00edticas de visitas del Parque Nacional Gal\u00e1pagos y circunstancias operacionales de \u00faltimo minuto\u201d.<\/em><\/span><\/p>\n<p>[vc_row][vc_column el_class=&#8221;accocruise&#8221;][vc_column_text]\n<div class=\"panel panel-default accordion__item\">\n\t<div class=\"panel-heading accordion__item__title-wrap\">\n\t\t<h4 class=\"panel-title\">\n\t\t\t<a data-toggle=\"collapse\" data-parent=\"#ataccordion0\" href=\"#ataccordion0_1\" class=\"accordion__item__link collapsed\">Solicite m\u00e1s informaci\u00f3n<\/a>\n\t\t<\/h4>\n\t<\/div>\n\t<div id=\"ataccordion0_1\" class=\"panel-collapse collapse\">\n\t\t<div class=\"panel-body accordion__item__content\">\n                <div class=\"ml-embedded\" data-form=\"zPlGDU\"><\/div>\n            \n<\/div>\n\t<\/div>\n<\/div>[\/vc_column_text][\/vc_column][\/vc_row]<\/p>\n<\/div>","protected":false},"excerpt":{"rendered":"<p>Samona lodge &#8211; Cuyabeno Ecuador, ubicado en el Parque Nacional Cuyabeno ofrece tours en la selva amaz\u00f3nica en una excelente ubicaci\u00f3n con precios econ\u00f3micos<\/p>\n","protected":false},"featured_media":1919,"comment_status":"open","ping_status":"closed","template":"","meta":{"_joinchat":[]},"product_brand":[],"product_cat":[3599],"product_tag":[],"class_list":{"0":"post-4149","1":"product","2":"type-product","3":"status-publish","4":"has-post-thumbnail","6":"product_cat-sin-categoria","7":"tour_category-amazonia-ecuatoriana","8":"tour_category-lodges-selva-clase-economica","10":"first","11":"instock","12":"virtual","13":"taxable","14":"product-type-tour"},"yoast_head":"<!-- This site is optimized with the Yoast SEO Premium plugin v25.6 (Yoast SEO v26.1.1) - https:\/\/yoast.com\/wordpress\/plugins\/seo\/ -->\n<title>Samona Lodge | Tour de 4 d\u00edas - Cuyabeno Ecuador<\/title>\n<meta name=\"description\" content=\"Samona lodge - Cuyabeno Ecuador, ubicado en el Parque Nacional Cuyabeno ofrece tours en la selva amaz\u00f3nica en una excelente ubicaci\u00f3n con precios econ\u00f3micos\" \/>\n<meta name=\"robots\" content=\"index, follow, max-snippet:-1, max-image-preview:large, max-video-preview:-1\" \/>\n<link rel=\"canonical\" href=\"https:\/\/naturegalapagos.com\/es\/amazonia-ecuatoriana\/samona-lodge-tour-de-4-dias\/\" \/>\n<meta property=\"og:locale\" content=\"es_ES\" \/>\n<meta property=\"og:type\" content=\"article\" \/>\n<meta property=\"og:title\" content=\"Tour de 3 d\u00edas | Samona Lodge - Cuyabeno Ecuador\" \/>\n<meta property=\"og:description\" content=\"Samona lodge Cuyabeno Ecuador, ubicado en el Parque Nacional Cuyabeno ofrece tours en la selva amaz\u00f3nica en una excelente ubicaci\u00f3n con precios econ\u00f3micos\" \/>\n<meta property=\"og:url\" content=\"https:\/\/naturegalapagos.com\/es\/amazonia-ecuatoriana\/samona-lodge-tour-de-4-dias\/\" \/>\n<meta property=\"og:site_name\" content=\"Espa\u00f1ol - Nature Galapagos &amp; Ecuador\" \/>\n<meta property=\"article:publisher\" content=\"https:\/\/www.facebook.com\/naturegalapagosecuador\/\" \/>\n<meta property=\"article:modified_time\" content=\"2024-12-16T17:24:46+00:00\" \/>\n<meta property=\"og:image\" content=\"https:\/\/naturegalapagos.com\/es\/wp-content\/uploads\/sites\/3\/2016\/06\/cuyabeno-ecuador-tour.jpg\" \/>\n\t<meta property=\"og:image:width\" content=\"1920\" \/>\n\t<meta property=\"og:image:height\" content=\"900\" \/>\n\t<meta property=\"og:image:type\" content=\"image\/jpeg\" \/>\n<meta name=\"twitter:card\" content=\"summary_large_image\" \/>\n<meta name=\"twitter:title\" content=\"Tour de 3 d\u00edas | Samona Lodge - Cuyabeno Ecuador\" \/>\n<meta name=\"twitter:description\" content=\"Samona lodge Cuyabeno Ecuador, ubicado en el Parque Nacional Cuyabeno ofrece tours en la selva amaz\u00f3nica en una excelente ubicaci\u00f3n con precios econ\u00f3micos\" \/>\n<meta name=\"twitter:site\" content=\"@naturegalapagos\" \/>\n<meta name=\"twitter:label1\" content=\"Tiempo de lectura\" \/>\n\t<meta name=\"twitter:data1\" content=\"2 minutos\" \/>\n<!-- \/ Yoast SEO Premium plugin. -->","yoast_head_json":{"title":"Samona Lodge | Tour de 4 d\u00edas - Cuyabeno Ecuador","description":"Samona lodge - Cuyabeno Ecuador, ubicado en el Parque Nacional Cuyabeno ofrece tours en la selva amaz\u00f3nica en una excelente ubicaci\u00f3n con precios econ\u00f3micos","robots":{"index":"index","follow":"follow","max-snippet":"max-snippet:-1","max-image-preview":"max-image-preview:large","max-video-preview":"max-video-preview:-1"},"canonical":"https:\/\/naturegalapagos.com\/es\/amazonia-ecuatoriana\/samona-lodge-tour-de-4-dias\/","og_locale":"es_ES","og_type":"article","og_title":"Tour de 3 d\u00edas | Samona Lodge - Cuyabeno Ecuador","og_description":"Samona lodge Cuyabeno Ecuador, ubicado en el Parque Nacional Cuyabeno ofrece tours en la selva amaz\u00f3nica en una excelente ubicaci\u00f3n con precios econ\u00f3micos","og_url":"https:\/\/naturegalapagos.com\/es\/amazonia-ecuatoriana\/samona-lodge-tour-de-4-dias\/","og_site_name":"Espa\u00f1ol - Nature Galapagos &amp; Ecuador","article_publisher":"https:\/\/www.facebook.com\/naturegalapagosecuador\/","article_modified_time":"2024-12-16T17:24:46+00:00","og_image":[{"width":1920,"height":900,"url":"https:\/\/naturegalapagos.com\/es\/wp-content\/uploads\/sites\/3\/2016\/06\/cuyabeno-ecuador-tour.jpg","type":"image\/jpeg"}],"twitter_card":"summary_large_image","twitter_title":"Tour de 3 d\u00edas | Samona Lodge - Cuyabeno Ecuador","twitter_description":"Samona lodge Cuyabeno Ecuador, ubicado en el Parque Nacional Cuyabeno ofrece tours en la selva amaz\u00f3nica en una excelente ubicaci\u00f3n con precios econ\u00f3micos","twitter_site":"@naturegalapagos","twitter_misc":{"Tiempo de lectura":"2 minutos"},"schema":{"@context":"https:\/\/schema.org","@graph":[{"@type":"WebPage","@id":"https:\/\/naturegalapagos.com\/es\/amazonia-ecuatoriana\/samona-lodge-tour-de-4-dias\/","url":"https:\/\/naturegalapagos.com\/es\/amazonia-ecuatoriana\/samona-lodge-tour-de-4-dias\/","name":"Samona Lodge | Tour de 4 d\u00edas - Cuyabeno Ecuador","isPartOf":{"@id":"https:\/\/naturegalapagos.com\/es\/#website"},"primaryImageOfPage":{"@id":"https:\/\/naturegalapagos.com\/es\/amazonia-ecuatoriana\/samona-lodge-tour-de-4-dias\/#primaryimage"},"image":{"@id":"https:\/\/naturegalapagos.com\/es\/amazonia-ecuatoriana\/samona-lodge-tour-de-4-dias\/#primaryimage"},"thumbnailUrl":"https:\/\/naturegalapagos.com\/es\/wp-content\/uploads\/sites\/3\/2016\/06\/cuyabeno-ecuador-samona.jpg","datePublished":"2017-11-06T17:44:35+00:00","dateModified":"2024-12-16T17:24:46+00:00","description":"Samona lodge - Cuyabeno Ecuador, ubicado en el Parque Nacional Cuyabeno ofrece tours en la selva amaz\u00f3nica en una excelente ubicaci\u00f3n con precios econ\u00f3micos","breadcrumb":{"@id":"https:\/\/naturegalapagos.com\/es\/amazonia-ecuatoriana\/samona-lodge-tour-de-4-dias\/#breadcrumb"},"inLanguage":"es","potentialAction":[{"@type":"ReadAction","target":["https:\/\/naturegalapagos.com\/es\/amazonia-ecuatoriana\/samona-lodge-tour-de-4-dias\/"]}]},{"@type":"ImageObject","inLanguage":"es","@id":"https:\/\/naturegalapagos.com\/es\/amazonia-ecuatoriana\/samona-lodge-tour-de-4-dias\/#primaryimage","url":"https:\/\/naturegalapagos.com\/es\/wp-content\/uploads\/sites\/3\/2016\/06\/cuyabeno-ecuador-samona.jpg","contentUrl":"https:\/\/naturegalapagos.com\/es\/wp-content\/uploads\/sites\/3\/2016\/06\/cuyabeno-ecuador-samona.jpg","width":1024,"height":512,"caption":"Cuyabeno Ecuador Tour"},{"@type":"BreadcrumbList","@id":"https:\/\/naturegalapagos.com\/es\/amazonia-ecuatoriana\/samona-lodge-tour-de-4-dias\/#breadcrumb","itemListElement":[{"@type":"ListItem","position":1,"name":"Home","item":"https:\/\/naturegalapagos.com\/es\/"},{"@type":"ListItem","position":2,"name":"Tienda","item":"https:\/\/naturegalapagos.com\/es\/tienda\/"},{"@type":"ListItem","position":3,"name":"Samona Lodge | Tour de 4 D\u00edas"}]},{"@type":"WebSite","@id":"https:\/\/naturegalapagos.com\/es\/#website","url":"https:\/\/naturegalapagos.com\/es\/","name":"Espa\u00f1ol - Nature Galapagos & Ecuador","description":"","publisher":{"@id":"https:\/\/naturegalapagos.com\/es\/#organization"},"potentialAction":[{"@type":"SearchAction","target":{"@type":"EntryPoint","urlTemplate":"https:\/\/naturegalapagos.com\/es\/?s={search_term_string}"},"query-input":{"@type":"PropertyValueSpecification","valueRequired":true,"valueName":"search_term_string"}}],"inLanguage":"es"},{"@type":"Organization","@id":"https:\/\/naturegalapagos.com\/es\/#organization","name":"Espa\u00f1ol - Nature Galapagos & Ecuador","url":"https:\/\/naturegalapagos.com\/es\/","logo":{"@type":"ImageObject","inLanguage":"es","@id":"https:\/\/naturegalapagos.com\/es\/#\/schema\/logo\/image\/","url":"https:\/\/naturegalapagos.com\/es\/wp-content\/uploads\/sites\/3\/2016\/10\/Nature-Galapagos-Logo-COM-300x300.jpg","contentUrl":"https:\/\/naturegalapagos.com\/es\/wp-content\/uploads\/sites\/3\/2016\/10\/Nature-Galapagos-Logo-COM-300x300.jpg","width":300,"height":300,"caption":"Espa\u00f1ol - Nature Galapagos & Ecuador"},"image":{"@id":"https:\/\/naturegalapagos.com\/es\/#\/schema\/logo\/image\/"},"sameAs":["https:\/\/www.facebook.com\/naturegalapagosecuador\/","https:\/\/x.com\/naturegalapagos","https:\/\/www.instagram.com\/naturegalapagos\/","https:\/\/www.pinterest.com\/Naturegalapagos\/","https:\/\/www.youtube.com\/user\/NatureGalapagosTours"]}]}},"_links":{"self":[{"href":"https:\/\/naturegalapagos.com\/es\/wp-json\/wp\/v2\/product\/4149","targetHints":{"allow":["GET"]}}],"collection":[{"href":"https:\/\/naturegalapagos.com\/es\/wp-json\/wp\/v2\/product"}],"about":[{"href":"https:\/\/naturegalapagos.com\/es\/wp-json\/wp\/v2\/types\/product"}],"replies":[{"embeddable":true,"href":"https:\/\/naturegalapagos.com\/es\/wp-json\/wp\/v2\/comments?post=4149"}],"wp:featuredmedia":[{"embeddable":true,"href":"https:\/\/naturegalapagos.com\/es\/wp-json\/wp\/v2\/media\/1919"}],"wp:attachment":[{"href":"https:\/\/naturegalapagos.com\/es\/wp-json\/wp\/v2\/media?parent=4149"}],"wp:term":[{"taxonomy":"product_brand","embeddable":true,"href":"https:\/\/naturegalapagos.com\/es\/wp-json\/wp\/v2\/product_brand?post=4149"},{"taxonomy":"product_cat","embeddable":true,"href":"https:\/\/naturegalapagos.com\/es\/wp-json\/wp\/v2\/product_cat?post=4149"},{"taxonomy":"product_tag","embeddable":true,"href":"https:\/\/naturegalapagos.com\/es\/wp-json\/wp\/v2\/product_tag?post=4149"}],"curies":[{"name":"wp","href":"https:\/\/api.w.org\/{rel}","templated":true}]}}