{"id":4187,"date":"2018-02-21T17:03:39","date_gmt":"2018-02-21T22:03:39","guid":{"rendered":"https:\/\/naturegalapagos.com\/es\/?post_type=product&#038;p=4187"},"modified":"2025-06-06T10:46:58","modified_gmt":"2025-06-06T14:46:58","slug":"tour-diario-la-isla-santa-fe-copia","status":"publish","type":"product","link":"https:\/\/naturegalapagos.com\/es\/tours-en-galapagos\/isla-santa-fe-galapagos\/","title":{"rendered":"Tour de Snorkeling a la Isla Santa Fe + Playa Escondida"},"content":{"rendered":"<div class=\"wpb-content-wrapper\"><p>[vc_row][vc_column][vc_column_text]<\/p>\n<h2 style=\"text-align: left;\"><span style=\"font-family: arial, helvetica, sans-serif; font-size: 18pt;\"><strong>Tours diario a la Isla Santa Fe Gal\u00e1pagos.<\/strong><\/span><\/h2>\n<h3><span style=\"font-family: arial, helvetica, sans-serif;\"><strong>LO DESTACADO:<\/strong><\/span><\/h3>\n<ul>\n<li>Haga snorkeling en la isla de Santa Fe y playa de Escondida.<\/li>\n<li>Toma un paseo en bote hacia uno de los paisajes m\u00e1s bonitos de Gal\u00e1pagos.<\/li>\n<li>Observe la ic\u00f3nica avifauna de Gal\u00e1pagos desde su bote.<\/li>\n<li>Dese un chapuz\u00f3n en las aguas de la playa de Santa Fe y bucee junto a leones y tortugas marinas.<\/li>\n<\/ul>\n<p><span style=\"font-family: arial, helvetica, sans-serif;\"><!--more--><\/span><\/p>\n<table class=\"table table-bordered tours-tabs__table\" style=\"height: 233px; width: 858px;\">\n<tbody>\n<tr style=\"height: 24px;\">\n<td style=\"height: 24px; width: 212px;\"><span style=\"font-family: arial, helvetica, sans-serif;\"><strong>SALIDAS COMPARTIDAS<\/strong><\/span><\/td>\n<td style=\"height: 24px; width: 634px;\"><span style=\"font-family: arial, helvetica, sans-serif;\">Todos los d\u00edas.<\/span><\/td>\n<\/tr>\n<tr style=\"height: 24.875px;\">\n<td style=\"height: 24px; width: 212px;\"><span style=\"font-family: arial, helvetica, sans-serif;\"><strong>PUNTO DE PARTIDA<\/strong><\/span><\/td>\n<td style=\"height: 24px; width: 634px;\"><span style=\"font-family: arial, helvetica, sans-serif;\">Hotel u Hostal de alojamiento\u00a0(Puerto Ayora)<\/span><\/td>\n<\/tr>\n<tr style=\"height: 24px;\">\n<td style=\"height: 24px; width: 212px;\"><span style=\"font-family: arial, helvetica, sans-serif;\"><strong>PUNTO DE REGRESO<\/strong><\/span><\/td>\n<td style=\"height: 24px; width: 634px;\"><span style=\"font-family: arial, helvetica, sans-serif;\">Hotel u Hostal de alojamiento (Puerto Ayora)<\/span><\/td>\n<\/tr>\n<tr style=\"height: 24px;\">\n<td style=\"height: 24px; width: 212px;\"><span style=\"font-family: arial, helvetica, sans-serif;\"><strong>HORA DE SALIDA<\/strong><\/span><\/td>\n<td style=\"height: 24px; width: 634px;\"><span style=\"font-family: arial, helvetica, sans-serif;\">Alrededor de las 08:00 am<\/span><\/td>\n<\/tr>\n<tr style=\"height: 24px;\">\n<td style=\"height: 24px; width: 212px;\"><span style=\"font-family: arial, helvetica, sans-serif;\"><strong>DURACI\u00d3N<\/strong><\/span><\/td>\n<td style=\"height: 24px; width: 634px;\"><span style=\"font-family: arial, helvetica, sans-serif;\">7 &#8211; 8 horas aproximadamente.<\/span><\/td>\n<\/tr>\n<tr style=\"height: 24px;\">\n<td style=\"height: 24px; width: 212px;\"><span style=\"font-family: arial, helvetica, sans-serif;\"><strong>QUE USAR<\/strong><\/span><\/td>\n<td style=\"height: 24px; width: 634px;\"><span style=\"font-family: arial, helvetica, sans-serif;\">Agua, ropa ligera, chaquetas impermeables, sombrero, protector solar, zapatos para caminar, zapatos de agua, protector solar, traje de neopreno, repelente de mosquitos.<\/span><\/td>\n<\/tr>\n<tr style=\"height: 23px;\">\n<td style=\"height: 23px; width: 212px;\"><span style=\"font-family: arial, helvetica, sans-serif;\"><strong>INCLUYE<\/strong><\/span><\/td>\n<td style=\"height: 23px; width: 634px;\"><span style=\"font-family: arial, helvetica, sans-serif;\"><i class=\"fa fa-check icon-tick icon-tick--on\"><\/i> Gu\u00eda profesional biling\u00fce.<\/span>\n<p><span style=\"font-family: arial, helvetica, sans-serif;\"><i class=\"fa fa-check icon-tick icon-tick--on\"><\/i> Transporte &#8211; recoger \/ dejar en el hotel.<\/span><\/p>\n<p><span style=\"font-family: arial, helvetica, sans-serif;\"><i class=\"fa fa-check icon-tick icon-tick--on\"><\/i> Equipo de snorkel.<\/span><\/p>\n<p><span style=\"font-family: arial, helvetica, sans-serif;\"><i class=\"fa fa-check icon-tick icon-tick--on\"><\/i> Box Lunch.<\/span><\/p><\/td>\n<\/tr>\n<tr style=\"height: 38px;\">\n<td style=\"height: 38px; width: 212px;\"><span style=\"font-family: arial, helvetica, sans-serif;\"><strong>NO INCLUYE<\/strong><\/span><\/td>\n<td style=\"height: 38px; width: 634px;\"><span style=\"font-family: arial, helvetica, sans-serif;\"><i class=\"fa fa-times icon-tick icon-tick--off\"><\/i>\u00a0Wetsuit<\/span>\n<p><i class=\"fa fa-times icon-tick icon-tick--off\"><\/i>\u00a0<span style=\"font-family: arial, helvetica, sans-serif;\">Entrada al Parque Nacional Galapagos USD\u00a0<strong>200,00 por persona<\/strong><\/span><\/p>\n<p><span style=\"font-family: arial, helvetica, sans-serif;\"><i class=\"fa fa-times icon-tick icon-tick--off\"><\/i> Propinas (opcional)<\/span><\/p><\/td>\n<\/tr>\n<\/tbody>\n<\/table>\n<p><strong>NOTA IMPORTANTE:<\/strong> Para cumplir con este tour, <strong>debe estar en la Isla Santa Cruz (Puerto Ayora) un d\u00eda antes de la salida.<\/strong><\/p>\n<p><strong>NOTA:<\/strong> Consultar por las tarifas con alimentaci\u00f3n completa o solo desayunos.<\/p>\n<h3><span style=\"font-family: arial, helvetica, sans-serif; font-size: 18pt;\"><span style=\"color: #000000;\"><b>Descripci\u00f3n<\/b><\/span><strong><span style=\"color: #000000;\">\u00a0del Tour: Isla Santa Fe\u00a0Gal\u00e1pagos.<\/span><\/strong><\/span><\/h3>\n<p>La aventura comienza a las 8:00 a.m. en el muelle de Pueto Ayora despu\u00e9s de que el gu\u00eda lo recoja en su hotel de estad\u00eda en Santa Cruz. Empezara con casi una hora de navegaci\u00f3n hacia el sitio de snorkleing designado en la isla de Santa Fe. Una breve parada de 10 minutos le permitir\u00e1 observar los acantilados y la playa del norte de Santa Fe, y admirar los Piqueros del Patas Azules desde el bote.<\/p>\n<p>Luego, pasar\u00e1 a la primera zona de snorkeling en el lado este de la isla. Este lugar est\u00e1 lleno de peces de colores y leones marinos. Los acantilados rocosos y las aguas cristalinas de Santa Fe son un hermoso lugar con una incre\u00edble vista submarina de la vida silvestre de Gal\u00e1pagos. Rayas, atunes, varias escuelas de peces y tiburones de arrecife tambi\u00e9n son comunes en la zona. Despu\u00e9s de esta inmersi\u00f3n en el agua, volver\u00e1\u00a0 al bote para el Box Lunch.<\/p>\n<p>Despu\u00e9s del almuerzo, volver\u00e1 a la isla de Santa Cruz, pero antes una parada corta en Playa Escondida. Este hermoso lugar aislado solo se puede acceder en barco. Este es el lugar perfecto para observar las iguanas marinas de Gal\u00e1pagos, los piqueros de patas azules, las iguanas marinas y zayapas. En esta zona habitan rayas \u00e1guila moteada, rayas doradas, tortugas marinas e incluso tiburones de punta blanca. Luego tendr\u00e1 tiempo para relajarse o explorar la playa antes de regresar a Puerto Ayora.[\/vc_column_text][\/vc_column][\/vc_row][vc_row][vc_column el_class=&#8221;accocruise&#8221;][vc_column_text]\n<div class=\"panel panel-default accordion__item\">\n\t<div class=\"panel-heading accordion__item__title-wrap\">\n\t\t<h4 class=\"panel-title\">\n\t\t\t<a data-toggle=\"collapse\" data-parent=\"#ataccordion0\" href=\"#ataccordion0_1\" class=\"accordion__item__link collapsed\">Solicite m\u00e1s informaci\u00f3n<\/a>\n\t\t<\/h4>\n\t<\/div>\n\t<div id=\"ataccordion0_1\" class=\"panel-collapse collapse\">\n\t\t<div class=\"panel-body accordion__item__content\">\n<div class=\"ml-embedded\" data-form=\"fvl4u0\"><\/div>\n            <br \/>\n<\/div>\n\t<\/div>\n<\/div>[\/vc_column_text][\/vc_column][\/vc_row]<\/p>\n<div id=\"footable_parent_7479\"\n         class=\" footable_parent ninja_table_wrapper loading_ninja_table wp_table_data_press_parent semantic_ui \">\n                    <h3 class=\"table_title footable_title\">Tarifas de entrada al Parque Nacional Gal\u00e1pagos<\/h3>\n                                <div\n                class=\"table_description footable_description\">Vigentes desde Agosto de 2024<\/div>\n                    <table data-ninja_table_instance=\"ninja_table_instance_0\" data-footable_id=\"7479\" data-filter-delay=\"1000\" aria-label=\"Tarifas de entrada al Parque Nacional Gal\u00e1pagos\"            id=\"footable_7479\"\n           data-unique_identifier=\"ninja_table_unique_id_1399752959_7479\"\n           class=\" foo-table ninja_footable foo_table_7479 ninja_table_unique_id_1399752959_7479 ui table  nt_type_legacy_table vertical_centered  footable-paging-right ninja_table_search_disabled ninja_table_pro\">\n                <colgroup>\n                            <col class=\"ninja_column_0 \"\/>\n                            <col class=\"ninja_column_1 \"\/>\n                    <\/colgroup>\n        <thead>\n<tr class=\"footable-header\">\n                                        <th scope=\"col\"  class=\"ninja_column_0 ninja_clmn_nm_categoria \">Categor\u00eda<\/th><th scope=\"col\"  class=\"ninja_column_1 ninja_clmn_nm_tarifa_usd \">Tarifa (USD)<\/th><\/tr>\n<\/thead>\n<tbody>\n\n        <tr data-row_id=\"2514\" class=\"ninja_table_row_0 nt_row_id_2514\">\n            <td>Turistas extranjeros (mayores de 12 a\u00f1os)<\/td><td>$200<\/td>        <\/tr>\n            <tr data-row_id=\"2515\" class=\"ninja_table_row_1 nt_row_id_2515\">\n            <td>Ni\u00f1os extranjeros (menores de 12 a\u00f1os)<\/td><td>$100<\/td>        <\/tr>\n            <tr data-row_id=\"2516\" class=\"ninja_table_row_2 nt_row_id_2516\">\n            <td>Turistas de pa\u00edses de la Comunidad Andina y MERCOSUR (mayores de 12 a\u00f1os)<\/td><td>$100<\/td>        <\/tr>\n            <tr data-row_id=\"2517\" class=\"ninja_table_row_3 nt_row_id_2517\">\n            <td>Ni\u00f1os de pa\u00edses de la Comunidad Andina y MERCOSUR (menores de 12 a\u00f1os)<\/td><td>$50<\/td>        <\/tr>\n            <tr data-row_id=\"2518\" class=\"ninja_table_row_4 nt_row_id_2518\">\n            <td>Ecuatorianos y residentes en Ecuador (mayores de 12 a\u00f1os)<\/td><td>$30<\/td>        <\/tr>\n            <tr data-row_id=\"2519\" class=\"ninja_table_row_5 nt_row_id_2519\">\n            <td>Ni\u00f1os ecuatorianos y residentes en Ecuador (menores de 12 a\u00f1os)<\/td><td>$15<\/td>        <\/tr>\n            <tr data-row_id=\"2520\" class=\"ninja_table_row_6 nt_row_id_2520\">\n            <td>Adultos mayores (65 a\u00f1os o m\u00e1s, nacionales o residentes)<\/td><td>$15<\/td>        <\/tr>\n            <tr data-row_id=\"2521\" class=\"ninja_table_row_7 nt_row_id_2521\">\n            <td>Personas con discapacidad (certificadas por CONADIS)<\/td><td>$15<\/td>        <\/tr>\n            <tr data-row_id=\"2522\" class=\"ninja_table_row_8 nt_row_id_2522\">\n            <td>Estudiantes extranjeros matriculados en instituciones ecuatorianas<\/td><td>$50<\/td>        <\/tr>\n            <tr data-row_id=\"2523\" class=\"ninja_table_row_9 nt_row_id_2523\">\n            <td>Ni\u00f1os menores de 2 a\u00f1os (nacionales o extranjeros)<\/td><td>Exentos<\/td>        <\/tr>\n    <\/tbody><!--ninja_tobody_rendering_done-->\n    <\/table>\n    \n    \n    \n<\/div>\n\n<p>&nbsp;<\/p>\n<div id=\"footable_parent_7481\"\n         class=\" footable_parent ninja_table_wrapper loading_ninja_table wp_table_data_press_parent semantic_ui \">\n                    <h3 class=\"table_title footable_title\">Informaci\u00f3n Adicional<\/h3>\n                        <table data-ninja_table_instance=\"ninja_table_instance_1\" data-footable_id=\"7481\" data-filter-delay=\"1000\" aria-label=\"Informaci\u00f3n Adicional\"            id=\"footable_7481\"\n           data-unique_identifier=\"ninja_table_unique_id_1077750302_7481\"\n           class=\" foo-table ninja_footable foo_table_7481 ninja_table_unique_id_1077750302_7481 ui table  nt_type_legacy_table vertical_centered  footable-paging-right ninjatable_hide_header_row ninja_table_search_disabled ninja_table_pro\">\n                <colgroup>\n                            <col class=\"ninja_column_0 \"\/>\n                            <col class=\"ninja_column_1 \"\/>\n                    <\/colgroup>\n        <thead>\n<tr class=\"footable-header\">\n                                        <th scope=\"col\"  class=\"ninja_column_0 ninja_clmn_nm_forma_de_pago \">Columna 1<\/th><th scope=\"col\"  class=\"ninja_column_1 ninja_clmn_nm_tarjeta_de_conrtol_de_transito \">Columna 2<\/th><\/tr>\n<\/thead>\n<tbody>\n\n        <tr data-row_id=\"2524\" class=\"ninja_table_row_0 nt_row_id_2524\">\n            <td>Forma de pago:<\/td><td>La tarifa se abona en efectivo (USD) al llegar a los aeropuertos de Baltra o San Crist\u00f3bal.<\/td>        <\/tr>\n            <tr data-row_id=\"2525\" class=\"ninja_table_row_1 nt_row_id_2525\">\n            <td>Tarjeta de Control de Tr\u00e1nsito (TCT):<\/td><td>Adem\u00e1s, es obligatorio adquirir esta tarjeta por un valor de $20, la cual se obtiene en los aeropuertos de Quito o Guayaquil antes de abordar el vuelo hacia Gal\u00e1pagos.<\/td>        <\/tr>\n            <tr data-row_id=\"2526\" class=\"ninja_table_row_2 nt_row_id_2526\">\n            <td>Documentaci\u00f3n necesaria:<\/td><td>Pasaporte o c\u00e9dula de identidad vigente, y en el caso de estudiantes extranjeros, presentar el comprobante de matr\u00edcula en una instituci\u00f3n educativa ecuatoriana.<\/td>        <\/tr>\n    <\/tbody><!--ninja_tobody_rendering_done-->\n    <\/table>\n    \n    \n    \n<\/div>\n\n<\/div>","protected":false},"excerpt":{"rendered":"<p>Nuestro tour a la Isla Santa Fe Gal\u00e1pagos inicia en la Isla Santa Cruz muy especial por la cantidad de fauna marina que se puede observar.<\/p>\n","protected":false},"featured_media":4197,"comment_status":"open","ping_status":"closed","template":"","meta":{"_joinchat":[]},"product_brand":[],"product_cat":[3599],"product_tag":[],"class_list":{"0":"post-4187","1":"product","2":"type-product","3":"status-publish","4":"has-post-thumbnail","6":"product_cat-sin-categoria","7":"tour_category-tours-en-galapagos","9":"first","10":"instock","11":"taxable","12":"shipping-taxable","13":"product-type-tour"},"yoast_head":"<!-- This site is optimized with the Yoast SEO Premium plugin v25.6 (Yoast SEO v26.1.1) - https:\/\/yoast.com\/wordpress\/plugins\/seo\/ -->\n<title>Tour a la isla Santa Fe Gal\u00e1pagos | Tours diarios desde Santa Cruz<\/title>\n<meta name=\"description\" content=\"Nuestro tour a la Isla Santa Fe Gal\u00e1pagos inicia en la Isla Santa Cruz muy especial por la cantidad de fauna marina que se puede observar. Informaci\u00f3n Aqu\u00ed!\" \/>\n<meta name=\"robots\" content=\"index, follow, max-snippet:-1, max-image-preview:large, max-video-preview:-1\" \/>\n<link rel=\"canonical\" href=\"https:\/\/naturegalapagos.com\/es\/tours-en-galapagos\/isla-santa-fe-galapagos\/\" \/>\n<meta property=\"og:locale\" content=\"es_ES\" \/>\n<meta property=\"og:type\" content=\"article\" \/>\n<meta property=\"og:title\" content=\"Tour a la isla Santa Fe Gal\u00e1pagos | Tours diarios desde Santa Cruz\" \/>\n<meta property=\"og:description\" content=\"Nuestro tour a la Isla Santa Fe Gal\u00e1pagos inicia en la Isla Santa Cruz muy especial por la cantidad de fauna marina que se puede observar. Informaci\u00f3n Aqu\u00ed!\" \/>\n<meta property=\"og:url\" content=\"https:\/\/naturegalapagos.com\/es\/tours-en-galapagos\/isla-santa-fe-galapagos\/\" \/>\n<meta property=\"og:site_name\" content=\"Espa\u00f1ol - Nature Galapagos &amp; Ecuador\" \/>\n<meta property=\"article:publisher\" content=\"https:\/\/www.facebook.com\/naturegalapagosecuador\/\" \/>\n<meta property=\"article:modified_time\" content=\"2025-06-06T14:46:58+00:00\" \/>\n<meta property=\"og:image\" content=\"https:\/\/naturegalapagos.com\/es\/wp-content\/uploads\/sites\/3\/2018\/02\/isla-santa-fe-galapagos.jpg\" \/>\n\t<meta property=\"og:image:width\" content=\"1024\" \/>\n\t<meta property=\"og:image:height\" content=\"512\" \/>\n\t<meta property=\"og:image:type\" content=\"image\/jpeg\" \/>\n<meta name=\"twitter:card\" content=\"summary_large_image\" \/>\n<meta name=\"twitter:title\" content=\"Tour a la isla Santa Fe Gal\u00e1pagos | Tours diarios desde Santa Cruz\" \/>\n<meta name=\"twitter:description\" content=\"Nuestro tour a la Isla Santa Fe Gal\u00e1pagos inicia en la Isla Santa Cruz muy especial por la cantidad de fauna marina que se puede observar. Informaci\u00f3n Aqu\u00ed!\" \/>\n<meta name=\"twitter:site\" content=\"@naturegalapagos\" \/>\n<meta name=\"twitter:label1\" content=\"Tiempo de lectura\" \/>\n\t<meta name=\"twitter:data1\" content=\"3 minutos\" \/>\n<!-- \/ Yoast SEO Premium plugin. -->","yoast_head_json":{"title":"Tour a la isla Santa Fe Gal\u00e1pagos | Tours diarios desde Santa Cruz","description":"Nuestro tour a la Isla Santa Fe Gal\u00e1pagos inicia en la Isla Santa Cruz muy especial por la cantidad de fauna marina que se puede observar. Informaci\u00f3n Aqu\u00ed!","robots":{"index":"index","follow":"follow","max-snippet":"max-snippet:-1","max-image-preview":"max-image-preview:large","max-video-preview":"max-video-preview:-1"},"canonical":"https:\/\/naturegalapagos.com\/es\/tours-en-galapagos\/isla-santa-fe-galapagos\/","og_locale":"es_ES","og_type":"article","og_title":"Tour a la isla Santa Fe Gal\u00e1pagos | Tours diarios desde Santa Cruz","og_description":"Nuestro tour a la Isla Santa Fe Gal\u00e1pagos inicia en la Isla Santa Cruz muy especial por la cantidad de fauna marina que se puede observar. Informaci\u00f3n Aqu\u00ed!","og_url":"https:\/\/naturegalapagos.com\/es\/tours-en-galapagos\/isla-santa-fe-galapagos\/","og_site_name":"Espa\u00f1ol - Nature Galapagos &amp; Ecuador","article_publisher":"https:\/\/www.facebook.com\/naturegalapagosecuador\/","article_modified_time":"2025-06-06T14:46:58+00:00","og_image":[{"width":1024,"height":512,"url":"https:\/\/naturegalapagos.com\/es\/wp-content\/uploads\/sites\/3\/2018\/02\/isla-santa-fe-galapagos.jpg","type":"image\/jpeg"}],"twitter_card":"summary_large_image","twitter_title":"Tour a la isla Santa Fe Gal\u00e1pagos | Tours diarios desde Santa Cruz","twitter_description":"Nuestro tour a la Isla Santa Fe Gal\u00e1pagos inicia en la Isla Santa Cruz muy especial por la cantidad de fauna marina que se puede observar. Informaci\u00f3n Aqu\u00ed!","twitter_site":"@naturegalapagos","twitter_misc":{"Tiempo de lectura":"3 minutos"},"schema":{"@context":"https:\/\/schema.org","@graph":[{"@type":"WebPage","@id":"https:\/\/naturegalapagos.com\/es\/tours-en-galapagos\/isla-santa-fe-galapagos\/","url":"https:\/\/naturegalapagos.com\/es\/tours-en-galapagos\/isla-santa-fe-galapagos\/","name":"Tour a la isla Santa Fe Gal\u00e1pagos | Tours diarios desde Santa Cruz","isPartOf":{"@id":"https:\/\/naturegalapagos.com\/es\/#website"},"primaryImageOfPage":{"@id":"https:\/\/naturegalapagos.com\/es\/tours-en-galapagos\/isla-santa-fe-galapagos\/#primaryimage"},"image":{"@id":"https:\/\/naturegalapagos.com\/es\/tours-en-galapagos\/isla-santa-fe-galapagos\/#primaryimage"},"thumbnailUrl":"https:\/\/naturegalapagos.com\/es\/wp-content\/uploads\/sites\/3\/2018\/02\/isla-santa-fe-galapagos.jpg","datePublished":"2018-02-21T22:03:39+00:00","dateModified":"2025-06-06T14:46:58+00:00","description":"Nuestro tour a la Isla Santa Fe Gal\u00e1pagos inicia en la Isla Santa Cruz muy especial por la cantidad de fauna marina que se puede observar. Informaci\u00f3n Aqu\u00ed!","breadcrumb":{"@id":"https:\/\/naturegalapagos.com\/es\/tours-en-galapagos\/isla-santa-fe-galapagos\/#breadcrumb"},"inLanguage":"es","potentialAction":[{"@type":"ReadAction","target":["https:\/\/naturegalapagos.com\/es\/tours-en-galapagos\/isla-santa-fe-galapagos\/"]}]},{"@type":"ImageObject","inLanguage":"es","@id":"https:\/\/naturegalapagos.com\/es\/tours-en-galapagos\/isla-santa-fe-galapagos\/#primaryimage","url":"https:\/\/naturegalapagos.com\/es\/wp-content\/uploads\/sites\/3\/2018\/02\/isla-santa-fe-galapagos.jpg","contentUrl":"https:\/\/naturegalapagos.com\/es\/wp-content\/uploads\/sites\/3\/2018\/02\/isla-santa-fe-galapagos.jpg","width":1024,"height":512,"caption":"Isla Santa Fe Galapagos"},{"@type":"BreadcrumbList","@id":"https:\/\/naturegalapagos.com\/es\/tours-en-galapagos\/isla-santa-fe-galapagos\/#breadcrumb","itemListElement":[{"@type":"ListItem","position":1,"name":"Home","item":"https:\/\/naturegalapagos.com\/es\/"},{"@type":"ListItem","position":2,"name":"Tienda","item":"https:\/\/naturegalapagos.com\/es\/tienda\/"},{"@type":"ListItem","position":3,"name":"Tour de Snorkeling a la Isla Santa Fe + Playa Escondida"}]},{"@type":"WebSite","@id":"https:\/\/naturegalapagos.com\/es\/#website","url":"https:\/\/naturegalapagos.com\/es\/","name":"Espa\u00f1ol - Nature Galapagos & Ecuador","description":"","publisher":{"@id":"https:\/\/naturegalapagos.com\/es\/#organization"},"potentialAction":[{"@type":"SearchAction","target":{"@type":"EntryPoint","urlTemplate":"https:\/\/naturegalapagos.com\/es\/?s={search_term_string}"},"query-input":{"@type":"PropertyValueSpecification","valueRequired":true,"valueName":"search_term_string"}}],"inLanguage":"es"},{"@type":"Organization","@id":"https:\/\/naturegalapagos.com\/es\/#organization","name":"Espa\u00f1ol - Nature Galapagos & Ecuador","url":"https:\/\/naturegalapagos.com\/es\/","logo":{"@type":"ImageObject","inLanguage":"es","@id":"https:\/\/naturegalapagos.com\/es\/#\/schema\/logo\/image\/","url":"https:\/\/naturegalapagos.com\/es\/wp-content\/uploads\/sites\/3\/2016\/10\/Nature-Galapagos-Logo-COM-300x300.jpg","contentUrl":"https:\/\/naturegalapagos.com\/es\/wp-content\/uploads\/sites\/3\/2016\/10\/Nature-Galapagos-Logo-COM-300x300.jpg","width":300,"height":300,"caption":"Espa\u00f1ol - Nature Galapagos & Ecuador"},"image":{"@id":"https:\/\/naturegalapagos.com\/es\/#\/schema\/logo\/image\/"},"sameAs":["https:\/\/www.facebook.com\/naturegalapagosecuador\/","https:\/\/x.com\/naturegalapagos","https:\/\/www.instagram.com\/naturegalapagos\/","https:\/\/www.pinterest.com\/Naturegalapagos\/","https:\/\/www.youtube.com\/user\/NatureGalapagosTours"]}]}},"_links":{"self":[{"href":"https:\/\/naturegalapagos.com\/es\/wp-json\/wp\/v2\/product\/4187","targetHints":{"allow":["GET"]}}],"collection":[{"href":"https:\/\/naturegalapagos.com\/es\/wp-json\/wp\/v2\/product"}],"about":[{"href":"https:\/\/naturegalapagos.com\/es\/wp-json\/wp\/v2\/types\/product"}],"replies":[{"embeddable":true,"href":"https:\/\/naturegalapagos.com\/es\/wp-json\/wp\/v2\/comments?post=4187"}],"wp:featuredmedia":[{"embeddable":true,"href":"https:\/\/naturegalapagos.com\/es\/wp-json\/wp\/v2\/media\/4197"}],"wp:attachment":[{"href":"https:\/\/naturegalapagos.com\/es\/wp-json\/wp\/v2\/media?parent=4187"}],"wp:term":[{"taxonomy":"product_brand","embeddable":true,"href":"https:\/\/naturegalapagos.com\/es\/wp-json\/wp\/v2\/product_brand?post=4187"},{"taxonomy":"product_cat","embeddable":true,"href":"https:\/\/naturegalapagos.com\/es\/wp-json\/wp\/v2\/product_cat?post=4187"},{"taxonomy":"product_tag","embeddable":true,"href":"https:\/\/naturegalapagos.com\/es\/wp-json\/wp\/v2\/product_tag?post=4187"}],"curies":[{"name":"wp","href":"https:\/\/api.w.org\/{rel}","templated":true}]}}