{"id":4296,"date":"2024-12-16T10:02:02","date_gmt":"2024-12-16T15:02:02","guid":{"rendered":"https:\/\/naturegalapagos.com\/es\/?post_type=product&#038;p=4296"},"modified":"2024-12-16T10:08:06","modified_gmt":"2024-12-16T15:08:06","slug":"trekking-altar-laguna-amarilla-tour-de-senderismo","status":"publish","type":"product","link":"https:\/\/naturegalapagos.com\/es\/trek-ecuador\/trekking-altar-laguna-amarilla\/","title":{"rendered":"Trekking Altar &#8211; Laguna Amarilla | Tour de Senderismo"},"content":{"rendered":"<div class=\"wpb-content-wrapper\"><h2><span style=\"font-family: arial, helvetica, sans-serif;\"><strong>Trekking Altar &#8211; Laguna Amarilla | Tour de Senderismo<\/strong><\/span><\/h2>\n<div class=\"flex max-w-full flex-col flex-grow\">\n<div class=\"min-h-8 text-message flex w-full flex-col items-end gap-2 whitespace-normal break-words text-start [.text-message+&amp;]:mt-5\" dir=\"auto\" data-message-author-role=\"assistant\" data-message-id=\"45578eec-3988-4421-959b-2b1679c3bbd1\" data-message-model-slug=\"gpt-4o\">\n<div class=\"flex w-full flex-col gap-1 empty:hidden first:pt-[3px]\">\n<div class=\"markdown prose w-full break-words dark:prose-invert dark\">\n<p><span style=\"font-family: arial, helvetica, sans-serif;\"><strong>Trekking Altar, <\/strong>a\u00a0solo una hora de Riobamba, este incre\u00edble tour de senderismo te lleva a la espectacular Laguna Amarilla, a 4,300 m.s.n.m., en la Cordillera Oriental de los Andes. Disfruta de paisajes irreales, alojamiento en el Refugio del Altar, transporte privado, gu\u00eda biling\u00fce y todo lo necesario para una experiencia inolvidable en el Parque Nacional Sangay. \u00a1Explora la monta\u00f1a como nunca antes.<\/span><\/p>\n<\/div>\n<\/div>\n<\/div>\n<\/div>\n<ul>\n<li><span style=\"font-family: arial, helvetica, sans-serif;\">La aventura inicia a tan solo 1 hora de la hermosa Ciudad de Riobamba<\/span><\/li>\n<li><span style=\"font-family: arial, helvetica, sans-serif;\">Una de las aventuras de monta\u00f1a mas impresionantes por su paisaje irreal.<\/span><\/li>\n<li><span style=\"font-family: arial, helvetica, sans-serif;\">Visita la Cordillera Oriental de los Andes y sus bellos espacios verdes. <\/span><\/li>\n<li><span style=\"font-family: arial, helvetica, sans-serif;\">Deleita tus sentidos con la vista panor\u00e1mica de la Laguna Amarilla a 4300 m.s.n.m.<\/span><\/li>\n<\/ul>\n<p><span style=\"font-family: arial, helvetica, sans-serif;\"> <!--more--><\/span><\/p>\n<p><iframe src=\"https:\/\/www.youtube.com\/embed\/J1Ty3yvZmnA\" width=\"560\" height=\"315\" frameborder=\"0\" allowfullscreen=\"allowfullscreen\"><\/iframe><\/p>\n<table class=\"table table-bordered tours-tabs__table\" style=\"height: 233px; width: 858px;\">\n<tbody>\n<tr style=\"height: 24px;\">\n<td style=\"height: 24px; width: 212px;\"><span style=\"font-family: arial, helvetica, sans-serif;\"><b>Salidas privadas<\/b><\/span><\/td>\n<td style=\"height: 24px; width: 634px;\"><span style=\"font-family: arial, helvetica, sans-serif;\">Todos los d\u00edas<\/span><\/td>\n<\/tr>\n<tr style=\"height: 24px;\">\n<td style=\"height: 24px; width: 212px;\"><span style=\"font-family: arial, helvetica, sans-serif;\"><strong>Lugar de Salida<\/strong><\/span><\/td>\n<td style=\"height: 24px; width: 634px;\"><span style=\"font-family: arial, helvetica, sans-serif;\">Tu Hotel en Riobamba.<\/span><\/td>\n<\/tr>\n<tr style=\"height: 24.8125px;\">\n<td style=\"height: 24px; width: 212px;\"><span style=\"font-family: arial, helvetica, sans-serif;\"><strong>Lugar de Regreso<\/strong><\/span><\/td>\n<td style=\"height: 24px; width: 634px;\"><span style=\"font-family: arial, helvetica, sans-serif;\">Tu\u00a0Hotel en Riobamba.<\/span><\/td>\n<\/tr>\n<tr style=\"height: 24px;\">\n<td style=\"height: 24px; width: 212px;\"><span style=\"font-family: arial, helvetica, sans-serif;\"><strong>Hora de Salida<\/strong><\/span><\/td>\n<td style=\"height: 24px; width: 634px;\"><span style=\"font-family: arial, helvetica, sans-serif;\">09:00<\/span><\/td>\n<\/tr>\n<tr style=\"height: 24px;\">\n<td style=\"height: 24px; width: 212px;\"><span style=\"font-family: arial, helvetica, sans-serif;\"><strong>Duraci\u00f3n<\/strong><\/span><\/td>\n<td style=\"height: 24px; width: 634px;\"><span style=\"font-family: arial, helvetica, sans-serif;\">3 D\u00edas<\/span><\/td>\n<\/tr>\n<tr style=\"height: 24px;\">\n<td style=\"height: 24px; width: 212px;\"><span style=\"font-family: arial, helvetica, sans-serif;\"><strong>Ropa<\/strong><\/span><\/td>\n<td style=\"height: 24px; width: 634px;\"><span style=\"font-family: arial, helvetica, sans-serif;\">Ropa t\u00e9rmica, zapatos para caminar, gorro, abrigo rompe vientos, c\u00e1mara<\/span><\/td>\n<\/tr>\n<tr style=\"height: 23px;\">\n<td style=\"height: 23px; width: 212px;\"><span style=\"font-family: arial, helvetica, sans-serif;\"><strong>Incluye<\/strong><\/span><\/td>\n<td style=\"height: 23px; width: 634px;\"><span style=\"font-family: arial, helvetica, sans-serif;\"><i class=\"fa fa-check icon-tick icon-tick--on\"><\/i> Gu\u00eda biling\u00fce naturalista.<br \/>\n<i class=\"fa fa-check icon-tick icon-tick--on\"><\/i> Transporte Privado desde \/ hacia Riobamba<br \/>\n<i class=\"fa fa-check icon-tick icon-tick--on\"><\/i> Acomodaci\u00f3n en Refugio del Altar.<br \/>\n<i class=\"fa fa-check icon-tick icon-tick--on\"><\/i> Alimentaci\u00f3n, caf\u00e9, t\u00e9 y agua purificada.<br \/>\n<i class=\"fa fa-check icon-tick icon-tick--on\"><\/i> Animales de carga para transportar el equipo.<br \/>\n<i class=\"fa fa-check icon-tick icon-tick--on\"><\/i> Equipo y bolsas impermeables.<br \/>\n<i class=\"fa fa-check icon-tick icon-tick--on\"><\/i> Patente de Ingreso al Parque Nacional Sangay.<br \/>\n<\/span><\/td>\n<\/tr>\n<tr style=\"height: 38px;\">\n<td style=\"height: 38px; width: 212px;\"><span style=\"font-family: arial, helvetica, sans-serif;\"><b>No Incluye<\/b><\/span><\/td>\n<td style=\"height: 38px; width: 634px;\"><span style=\"font-family: arial, helvetica, sans-serif;\"><i class=\"fa fa-times icon-tick icon-tick--off\"><\/i> Actividades no especificadas en el itinerario.<\/span><br \/>\n<span style=\"font-family: arial, helvetica, sans-serif;\"> <i class=\"fa fa-times icon-tick icon-tick--off\"><\/i> Gastos personales.<\/span><br \/>\n<span style=\"font-family: arial, helvetica, sans-serif;\"> <i class=\"fa fa-times icon-tick icon-tick--off\"><\/i>\u00a0Propinas.<\/span><\/td>\n<\/tr>\n<\/tbody>\n<\/table>\n<p>[vc_row][vc_column el_class=&#8221;accocruise&#8221;][vc_column_text]\n<div class=\"panel panel-default accordion__item\">\n\t<div class=\"panel-heading accordion__item__title-wrap\">\n\t\t<h4 class=\"panel-title\">\n\t\t\t<a data-toggle=\"collapse\" data-parent=\"#ataccordion0\" href=\"#ataccordion0_1\" class=\"accordion__item__link collapsed\">Solicite m\u00e1s informaci\u00f3n<\/a>\n\t\t<\/h4>\n\t<\/div>\n\t<div id=\"ataccordion0_1\" class=\"panel-collapse collapse\">\n\t\t<div class=\"panel-body accordion__item__content\"><br \/>\n                <div class=\"ml-embedded\" data-form=\"FnCMs8\"><\/div>\n            <br \/>\n<\/div>\n\t<\/div>\n<\/div>[\/vc_column_text][\/vc_column][\/vc_row]<\/p>\n<\/div>","protected":false},"excerpt":{"rendered":"<p>Trekking Altar &#8211; Laguna Amarilla es un tour de senderismo en Ecuador, con duraci\u00f3n de 3 d\u00edas! Visitando uno de los puntos mas hermosos y altos del pa\u00eds.<\/p>\n","protected":false},"featured_media":4297,"comment_status":"open","ping_status":"closed","template":"","meta":{"_joinchat":[]},"product_brand":[],"product_cat":[3599],"product_tag":[],"class_list":{"0":"post-4296","1":"product","2":"type-product","3":"status-publish","4":"has-post-thumbnail","6":"product_cat-sin-categoria","7":"tour_category-trek-ecuador","9":"first","10":"instock","11":"taxable","12":"shipping-taxable","13":"product-type-tour"},"yoast_head":"<!-- This site is optimized with the Yoast SEO Premium plugin v25.6 (Yoast SEO v26.1.1) - https:\/\/yoast.com\/wordpress\/plugins\/seo\/ -->\n<title>Trekking Altar - Laguna Amarilla | Tour de Senderismo<\/title>\n<meta name=\"description\" content=\"Trekking Altar - Laguna Amarilla es un tour de senderismo en Ecuador, con duraci\u00f3n de 3 d\u00edas! Visitando uno de los puntos mas hermosos y altos del pa\u00eds.\" \/>\n<meta name=\"robots\" content=\"index, follow, max-snippet:-1, max-image-preview:large, max-video-preview:-1\" \/>\n<link rel=\"canonical\" href=\"https:\/\/naturegalapagos.com\/es\/trek-ecuador\/trekking-altar-laguna-amarilla\/\" \/>\n<meta property=\"og:locale\" content=\"es_ES\" \/>\n<meta property=\"og:type\" content=\"article\" \/>\n<meta property=\"og:title\" content=\"Trekking Altar - Laguna Amarilla | Tour de Senderismo\" \/>\n<meta property=\"og:description\" content=\"Trekking Altar - Laguna Amarilla es un tour de senderismo en Ecuador, con duraci\u00f3n de 3 d\u00edas! Visitando uno de los puntos mas hermosos y altos del pa\u00eds.\" \/>\n<meta property=\"og:url\" content=\"https:\/\/naturegalapagos.com\/es\/trek-ecuador\/trekking-altar-laguna-amarilla\/\" \/>\n<meta property=\"og:site_name\" content=\"Espa\u00f1ol - Nature Galapagos &amp; Ecuador\" \/>\n<meta property=\"article:publisher\" content=\"https:\/\/www.facebook.com\/naturegalapagosecuador\/\" \/>\n<meta property=\"article:modified_time\" content=\"2024-12-16T15:08:06+00:00\" \/>\n<meta property=\"og:image\" content=\"https:\/\/naturegalapagos.com\/es\/wp-content\/uploads\/sites\/3\/2018\/06\/Trekking-Altar.jpg\" \/>\n\t<meta property=\"og:image:width\" content=\"1024\" \/>\n\t<meta property=\"og:image:height\" content=\"512\" \/>\n\t<meta property=\"og:image:type\" content=\"image\/jpeg\" \/>\n<meta name=\"twitter:card\" content=\"summary_large_image\" \/>\n<meta name=\"twitter:title\" content=\"Trekking Altar - Laguna Amarilla | Tour de Senderismo\" \/>\n<meta name=\"twitter:description\" content=\"Trekking Altar - Laguna Amarilla es un tour de senderismo en Ecuador, con duraci\u00f3n de 3 d\u00edas! Visitando uno de los puntos mas hermosos y altos del pa\u00eds.\" \/>\n<meta name=\"twitter:site\" content=\"@naturegalapagos\" \/>\n<meta name=\"twitter:label1\" content=\"Tiempo de lectura\" \/>\n\t<meta name=\"twitter:data1\" content=\"2 minutos\" \/>\n<!-- \/ Yoast SEO Premium plugin. -->","yoast_head_json":{"title":"Trekking Altar - Laguna Amarilla | Tour de Senderismo","description":"Trekking Altar - Laguna Amarilla es un tour de senderismo en Ecuador, con duraci\u00f3n de 3 d\u00edas! Visitando uno de los puntos mas hermosos y altos del pa\u00eds.","robots":{"index":"index","follow":"follow","max-snippet":"max-snippet:-1","max-image-preview":"max-image-preview:large","max-video-preview":"max-video-preview:-1"},"canonical":"https:\/\/naturegalapagos.com\/es\/trek-ecuador\/trekking-altar-laguna-amarilla\/","og_locale":"es_ES","og_type":"article","og_title":"Trekking Altar - Laguna Amarilla | Tour de Senderismo","og_description":"Trekking Altar - Laguna Amarilla es un tour de senderismo en Ecuador, con duraci\u00f3n de 3 d\u00edas! Visitando uno de los puntos mas hermosos y altos del pa\u00eds.","og_url":"https:\/\/naturegalapagos.com\/es\/trek-ecuador\/trekking-altar-laguna-amarilla\/","og_site_name":"Espa\u00f1ol - Nature Galapagos &amp; Ecuador","article_publisher":"https:\/\/www.facebook.com\/naturegalapagosecuador\/","article_modified_time":"2024-12-16T15:08:06+00:00","og_image":[{"width":1024,"height":512,"url":"https:\/\/naturegalapagos.com\/es\/wp-content\/uploads\/sites\/3\/2018\/06\/Trekking-Altar.jpg","type":"image\/jpeg"}],"twitter_card":"summary_large_image","twitter_title":"Trekking Altar - Laguna Amarilla | Tour de Senderismo","twitter_description":"Trekking Altar - Laguna Amarilla es un tour de senderismo en Ecuador, con duraci\u00f3n de 3 d\u00edas! Visitando uno de los puntos mas hermosos y altos del pa\u00eds.","twitter_site":"@naturegalapagos","twitter_misc":{"Tiempo de lectura":"2 minutos"},"schema":{"@context":"https:\/\/schema.org","@graph":[{"@type":"WebPage","@id":"https:\/\/naturegalapagos.com\/es\/trek-ecuador\/trekking-altar-laguna-amarilla\/","url":"https:\/\/naturegalapagos.com\/es\/trek-ecuador\/trekking-altar-laguna-amarilla\/","name":"Trekking Altar - Laguna Amarilla | Tour de Senderismo","isPartOf":{"@id":"https:\/\/naturegalapagos.com\/es\/#website"},"primaryImageOfPage":{"@id":"https:\/\/naturegalapagos.com\/es\/trek-ecuador\/trekking-altar-laguna-amarilla\/#primaryimage"},"image":{"@id":"https:\/\/naturegalapagos.com\/es\/trek-ecuador\/trekking-altar-laguna-amarilla\/#primaryimage"},"thumbnailUrl":"https:\/\/naturegalapagos.com\/es\/wp-content\/uploads\/sites\/3\/2018\/06\/Trekking-Altar.jpg","datePublished":"2024-12-16T15:02:02+00:00","dateModified":"2024-12-16T15:08:06+00:00","description":"Trekking Altar - Laguna Amarilla es un tour de senderismo en Ecuador, con duraci\u00f3n de 3 d\u00edas! Visitando uno de los puntos mas hermosos y altos del pa\u00eds.","breadcrumb":{"@id":"https:\/\/naturegalapagos.com\/es\/trek-ecuador\/trekking-altar-laguna-amarilla\/#breadcrumb"},"inLanguage":"es","potentialAction":[{"@type":"ReadAction","target":["https:\/\/naturegalapagos.com\/es\/trek-ecuador\/trekking-altar-laguna-amarilla\/"]}]},{"@type":"ImageObject","inLanguage":"es","@id":"https:\/\/naturegalapagos.com\/es\/trek-ecuador\/trekking-altar-laguna-amarilla\/#primaryimage","url":"https:\/\/naturegalapagos.com\/es\/wp-content\/uploads\/sites\/3\/2018\/06\/Trekking-Altar.jpg","contentUrl":"https:\/\/naturegalapagos.com\/es\/wp-content\/uploads\/sites\/3\/2018\/06\/Trekking-Altar.jpg","width":1024,"height":512,"caption":"Trekking Altar"},{"@type":"BreadcrumbList","@id":"https:\/\/naturegalapagos.com\/es\/trek-ecuador\/trekking-altar-laguna-amarilla\/#breadcrumb","itemListElement":[{"@type":"ListItem","position":1,"name":"Home","item":"https:\/\/naturegalapagos.com\/es\/"},{"@type":"ListItem","position":2,"name":"Tienda","item":"https:\/\/naturegalapagos.com\/es\/tienda\/"},{"@type":"ListItem","position":3,"name":"Trekking Altar &#8211; Laguna Amarilla | Tour de Senderismo"}]},{"@type":"WebSite","@id":"https:\/\/naturegalapagos.com\/es\/#website","url":"https:\/\/naturegalapagos.com\/es\/","name":"Espa\u00f1ol - Nature Galapagos & Ecuador","description":"","publisher":{"@id":"https:\/\/naturegalapagos.com\/es\/#organization"},"potentialAction":[{"@type":"SearchAction","target":{"@type":"EntryPoint","urlTemplate":"https:\/\/naturegalapagos.com\/es\/?s={search_term_string}"},"query-input":{"@type":"PropertyValueSpecification","valueRequired":true,"valueName":"search_term_string"}}],"inLanguage":"es"},{"@type":"Organization","@id":"https:\/\/naturegalapagos.com\/es\/#organization","name":"Espa\u00f1ol - Nature Galapagos & Ecuador","url":"https:\/\/naturegalapagos.com\/es\/","logo":{"@type":"ImageObject","inLanguage":"es","@id":"https:\/\/naturegalapagos.com\/es\/#\/schema\/logo\/image\/","url":"https:\/\/naturegalapagos.com\/es\/wp-content\/uploads\/sites\/3\/2016\/10\/Nature-Galapagos-Logo-COM-300x300.jpg","contentUrl":"https:\/\/naturegalapagos.com\/es\/wp-content\/uploads\/sites\/3\/2016\/10\/Nature-Galapagos-Logo-COM-300x300.jpg","width":300,"height":300,"caption":"Espa\u00f1ol - Nature Galapagos & Ecuador"},"image":{"@id":"https:\/\/naturegalapagos.com\/es\/#\/schema\/logo\/image\/"},"sameAs":["https:\/\/www.facebook.com\/naturegalapagosecuador\/","https:\/\/x.com\/naturegalapagos","https:\/\/www.instagram.com\/naturegalapagos\/","https:\/\/www.pinterest.com\/Naturegalapagos\/","https:\/\/www.youtube.com\/user\/NatureGalapagosTours"]}]}},"_links":{"self":[{"href":"https:\/\/naturegalapagos.com\/es\/wp-json\/wp\/v2\/product\/4296","targetHints":{"allow":["GET"]}}],"collection":[{"href":"https:\/\/naturegalapagos.com\/es\/wp-json\/wp\/v2\/product"}],"about":[{"href":"https:\/\/naturegalapagos.com\/es\/wp-json\/wp\/v2\/types\/product"}],"replies":[{"embeddable":true,"href":"https:\/\/naturegalapagos.com\/es\/wp-json\/wp\/v2\/comments?post=4296"}],"wp:featuredmedia":[{"embeddable":true,"href":"https:\/\/naturegalapagos.com\/es\/wp-json\/wp\/v2\/media\/4297"}],"wp:attachment":[{"href":"https:\/\/naturegalapagos.com\/es\/wp-json\/wp\/v2\/media?parent=4296"}],"wp:term":[{"taxonomy":"product_brand","embeddable":true,"href":"https:\/\/naturegalapagos.com\/es\/wp-json\/wp\/v2\/product_brand?post=4296"},{"taxonomy":"product_cat","embeddable":true,"href":"https:\/\/naturegalapagos.com\/es\/wp-json\/wp\/v2\/product_cat?post=4296"},{"taxonomy":"product_tag","embeddable":true,"href":"https:\/\/naturegalapagos.com\/es\/wp-json\/wp\/v2\/product_tag?post=4296"}],"curies":[{"name":"wp","href":"https:\/\/api.w.org\/{rel}","templated":true}]}}